{"id":669,"date":"2021-11-22T05:46:37","date_gmt":"2021-11-22T05:46:37","guid":{"rendered":"https:\/\/hoasen.edu.vn\/saudaihoc\/?page_id=669"},"modified":"2022-12-14T02:59:51","modified_gmt":"2022-12-14T02:59:51","slug":"about-us-2","status":"publish","type":"page","link":"https:\/\/www.hoasen.edu.vn\/vatel\/vi\/about-us-2\/","title":{"rendered":"Gi\u1edbi thi\u1ec7u"},"content":{"rendered":"\n<p><strong>\u201cVATEL \u2013 International Business School Hotel &amp; Tourism Management \/ VI\u1ec6N VATEL PARIS (Ph\u00e1p) (g\u1ecdi t\u1eaft l\u00e0 Vatel) \u0111\u01b0\u1ee3c th\u00e0nh l\u1eadp n\u0103m 1981 v\u00e0 l\u00e0 tr\u01b0\u1eddng \u0111\u00e0o t\u1ea1o qu\u1ea3n l\u00fd nh\u00e0 h\u00e0ng kh\u00e1ch s\u1ea1n h\u00e0ng \u0111\u1ea7u th\u1ebf gi\u1edbi. S\u1ee9 m\u1ec7nh c\u1ee7a Vatel l\u00e0 \u0111\u00e0o t\u1ea1o ngu\u1ed3n nh\u00e2n l\u1ef1c ch\u1ea5t l\u01b0\u1ee3ng cao cho ng\u00e0nh D\u1ecbch v\u1ee5 v\u00e0 Du l\u1ecbch.<\/strong><\/p>\n\n\n\n<p><\/p>\n\n\n\n<div class=\"wp-block-columns is-layout-flex wp-container-core-columns-is-layout-9d6595d7 wp-block-columns-is-layout-flex\">\n<div class=\"wp-block-column is-layout-flow wp-block-column-is-layout-flow\" style=\"flex-basis:100%\">\n<figure class=\"wp-block-image size-full\"><img loading=\"lazy\" decoding=\"async\" width=\"1522\" height=\"1559\" src=\"https:\/\/www.hoasen.edu.vn\/vatel\/wp-content\/uploads\/sites\/48\/2022\/11\/logo_Ecole.jpg\" alt=\"\" class=\"wp-image-1771\" srcset=\"https:\/\/www.hoasen.edu.vn\/vatel\/wp-content\/uploads\/sites\/48\/2022\/11\/logo_Ecole.jpg 1522w, https:\/\/www.hoasen.edu.vn\/vatel\/wp-content\/uploads\/sites\/48\/2022\/11\/logo_Ecole-182x186.jpg 182w, https:\/\/www.hoasen.edu.vn\/vatel\/wp-content\/uploads\/sites\/48\/2022\/11\/logo_Ecole-268x275.jpg 268w, https:\/\/www.hoasen.edu.vn\/vatel\/wp-content\/uploads\/sites\/48\/2022\/11\/logo_Ecole-258x264.jpg 258w, https:\/\/www.hoasen.edu.vn\/vatel\/wp-content\/uploads\/sites\/48\/2022\/11\/logo_Ecole-241x247.jpg 241w, https:\/\/www.hoasen.edu.vn\/vatel\/wp-content\/uploads\/sites\/48\/2022\/11\/logo_Ecole-272x279.jpg 272w, https:\/\/www.hoasen.edu.vn\/vatel\/wp-content\/uploads\/sites\/48\/2022\/11\/logo_Ecole-276x283.jpg 276w, https:\/\/www.hoasen.edu.vn\/vatel\/wp-content\/uploads\/sites\/48\/2022\/11\/logo_Ecole-201x206.jpg 201w, https:\/\/www.hoasen.edu.vn\/vatel\/wp-content\/uploads\/sites\/48\/2022\/11\/logo_Ecole-384x393.jpg 384w, https:\/\/www.hoasen.edu.vn\/vatel\/wp-content\/uploads\/sites\/48\/2022\/11\/logo_Ecole-424x434.jpg 424w, https:\/\/www.hoasen.edu.vn\/vatel\/wp-content\/uploads\/sites\/48\/2022\/11\/logo_Ecole-227x233.jpg 227w, https:\/\/www.hoasen.edu.vn\/vatel\/wp-content\/uploads\/sites\/48\/2022\/11\/logo_Ecole-260x266.jpg 260w, https:\/\/www.hoasen.edu.vn\/vatel\/wp-content\/uploads\/sites\/48\/2022\/11\/logo_Ecole-309x316.jpg 309w, https:\/\/www.hoasen.edu.vn\/vatel\/wp-content\/uploads\/sites\/48\/2022\/11\/logo_Ecole-304x311.jpg 304w\" sizes=\"auto, (max-width: 1522px) 100vw, 1522px\" \/><\/figure>\n<\/div>\n<\/div>\n\n\n\n<p>Vatel c\u00f3 h\u01a1n 40 n\u0103m kinh nghi\u1ec7m v\u00e0 c\u00f3 h\u01a1n 55 c\u01a1 s\u1edf t\u1ea1i nhi\u1ec1u qu\u1ed1c gia tr\u00ean th\u1ebf gi\u1edbi. Vatel cung c\u1ea5p ch\u01b0\u01a1ng tr\u00ecnh \u0111\u00e0o t\u1ea1o \u0111\u1ed3ng b\u1ed9 theo chu\u1ea9n qu\u1ed1c t\u1ebf cho h\u01a1n 7.000 h\u1ecdc vi\u00ean \u0111ang theo h\u1ecdc Ch\u01b0\u01a1ng tr\u00ecnh \u0111\u00e0o t\u1ea1o c\u1ee7a Vatel lu\u00f4n d\u1ef1a tr\u00ean s\u1ef1 c\u00e2n b\u1eb1ng gi\u1eefa l\u00fd thuy\u1ebft v\u00e0 th\u1ef1c h\u00e0nh, \u0111\u01b0\u1ee3c c\u00e1c chuy\u00ean gia \u0111\u00e1nh gi\u00e1 cao:<\/p>\n\n\n\n<p>Tr\u01b0\u1eddng \u0111\u1ee9ng s\u1ed1 1 t\u1ea1i Ph\u00e1p v\u00e0 th\u1ee9 11 tr\u00ean th\u1ebf gi\u1edbi v\u1ec1 \u0111\u00e0o t\u1ea1o ng\u00e0nh Qu\u1ea3n tr\u1ecb Du l\u1ecbch v\u00e0 Kh\u00e1ch s\u1ea1n \u2013 Nh\u00e0 h\u00e0ng tr\u00ean B\u1ea3ng x\u1ebfp h\u1ea1ng c\u00e1c tr\u01b0\u1eddng \u0111\u1ea1i h\u1ecdc th\u1ebf gi\u1edbi c\u1ee7a QS.<br>Nh\u1eadn \u0111\u01b0\u1ee3c \u201cGi\u1ea3i th\u01b0\u1edfng Kh\u00e1ch s\u1ea1n\u201d t\u1eeb \u0111\u1ea1i di\u1ec7n cao nh\u1ea5t c\u1ee7a Ng\u00e0nh D\u1ecbch v\u1ee5 Qu\u1ed1c t\u1ebf.<br>\u0110\u01b0\u1ee3c c\u00f4ng nh\u1eadn l\u00e0 tr\u01b0\u1eddng s\u1ed1 1 th\u1ebf gi\u1edbi v\u1ec1 \u0111\u00e0o t\u1ea1o ng\u00e0nh D\u1ecbch v\u1ee5 \u2013 Du l\u1ecbch.<br>100% sinh vi\u00ean Vatel t\u00ecm \u0111\u01b0\u1ee3c vi\u1ec7c l\u00e0m \u0111\u00fang chuy\u00ean ng\u00e0nh trong v\u00f2ng 3 th\u00e1ng sau khi t\u1ed1t nghi\u1ec7p.<br>Hi\u1ec7n nay, h\u01a1n 20.000 c\u1ef1u sinh vi\u00ean c\u1ee7a tr\u01b0\u1eddng \u0111ang l\u00e0m vi\u1ec7c t\u1ea1i nh\u1eefng kh\u00e1ch s\u1ea1n n\u1ed5i ti\u1ebfng nh\u1ea5t th\u1ebf gi\u1edbi. Ch\u00ednh nh\u1eefng c\u1ef1u sinh vi\u00ean n\u00e0y \u0111\u00e3 t\u1ea1o th\u00e0nh m\u1ed9t m\u1ea1ng l\u01b0\u1edbi quan tr\u1ecdng \u0111\u1ec3 h\u1ed7 tr\u1ee3 sinh vi\u00ean t\u1ed1t nh\u1ea5t khi th\u1ef1c t\u1eadp ho\u1eb7c t\u00ecm vi\u1ec7c l\u00e0m.<\/p>\n\n\n\n<p>\u0110\u1ea1i h\u1ecdc Hoa Sen x\u00e1c \u0111\u1ecbnh t\u1ea7m nh\u00ecn tr\u1edf th\u00e0nh tr\u01b0\u1eddng \u0111\u1ea1i h\u1ecdc Vi\u1ec7t Nam kh\u1eb3ng \u0111\u1ecbnh v\u1ecb th\u1ebf h\u00e0ng \u0111\u1ea7u t\u1eeb ch\u1ea5t l\u01b0\u1ee3ng gi\u00e1o d\u1ee5c, \u0111\u00e0o t\u1ea1o v\u00e0 nghi\u00ean c\u1ee9u ph\u1ee5c v\u1ee5 c\u1ed9ng \u0111\u1ed3ng \u0111\u01b0\u1ee3c qu\u1ed1c t\u1ebf c\u00f4ng nh\u1eadn. V\u1edbi chi\u1ebfn l\u01b0\u1ee3c qu\u1ed1c t\u1ebf h\u00f3a m\u00f4i tr\u01b0\u1eddng l\u00e0m vi\u1ec7c v\u00e0 h\u1ecdc t\u1eadp, \u0110\u1ea1i h\u1ecdc Hoa Sen \u0111\u00e3 \u0111\u1ea9y m\u1ea1nh c\u00e1c m\u1ed1i quan h\u1ec7 h\u1ee3p t\u00e1c v\u1edbi c\u00e1c t\u1ed5 ch\u1ee9c, \u0111\u1ed1i t\u00e1c trong v\u00e0 ngo\u00e0i n\u01b0\u1edbc nh\u1eb1m t\u1ea1o \u0111i\u1ec1u ki\u1ec7n cho sinh vi\u00ean v\u00e0 gi\u1ea3ng vi\u00ean ng\u00e0y c\u00e0ng c\u00f3 nhi\u1ec1u c\u01a1 h\u1ed9i giao l\u01b0u qu\u1ed1c t\u1ebf. Trong nh\u1eefng n\u0103m g\u1ea7n \u0111\u00e2y, Hoa Sen \u0111\u00e3 h\u1ee3p t\u00e1c ch\u1eb7t ch\u1ebd v\u1edbi c\u00e1c tr\u01b0\u1eddng \u0111\u1ea1i h\u1ecdc tr\u00ean th\u1ebf gi\u1edbi nh\u1eb1m t\u1ea1o c\u01a1 h\u1ed9i tr\u1ea3i nghi\u1ec7m h\u1ecdc t\u1eadp qu\u1ed1c t\u1ebf cho sinh vi\u00ean th\u00f4ng qua vi\u1ec7c x\u00e2y d\u1ef1ng c\u00e1c ch\u01b0\u01a1ng tr\u00ecnh qu\u1ed1c t\u1ebf. V\u00ec v\u1eady, v\u1edbi vi\u1ec7c tri\u1ec3n khai ch\u01b0\u01a1ng tr\u00ecnh h\u1ee3p t\u00e1c \u0111\u00e0o t\u1ea1o n\u00e0y, \u0110\u1ea1i h\u1ecdc Hoa Sen mong mu\u1ed1n \u0111\u01b0\u1ee3c tr\u1ea3i nghi\u1ec7m m\u1ed9t ch\u01b0\u01a1ng tr\u00ecnh \u0111\u00e0o t\u1ea1o chu\u1ea9n qu\u1ed1c t\u1ebf nh\u1eb1m cung \u1ee9ng nh\u00e2n s\u1ef1 trong l\u0129nh v\u1ef1c nh\u00e0 h\u00e0ng kh\u00e1ch s\u1ea1n, kh\u1eb3ng \u0111\u1ecbnh v\u1ecb th\u1ebf ti\u00ean phong v\u00e0 ti\u00ean phong c\u1ee7a m\u00ecnh. T\u1ea7m nh\u00ecn s\u00e2u s\u1eafc c\u1ee7a n\u00f3 trong l\u0129nh v\u1ef1c gi\u00e1o d\u1ee5c, \u0111\u00e0o t\u1ea1o v\u00e0 nghi\u00ean c\u1ee9u ph\u1ee5c v\u1ee5 c\u1ed9ng \u0111\u1ed3ng c\u00f3 ch\u1ea5t l\u01b0\u1ee3ng cao v\u00e0 \u0111\u01b0\u1ee3c qu\u1ed1c t\u1ebf c\u00f4ng nh\u1eadn.<\/p>\n\n\n\n<p>Tr\u01b0\u1eddng \u0110\u1ea1i h\u1ecdc Hoa Sen \u0111\u00e3 tuy\u1ec3n sinh ch\u01b0\u01a1ng tr\u00ecnh Vatel v\u00e0 b\u1eaft \u0111\u1ea7u gi\u1ea3ng d\u1ea1y t\u1eeb th\u00e1ng 8\/2011 v\u1edbi 30 sinh vi\u00ean \u0111ang theo h\u1ecdc. H\u1ecdc vi\u00ean \u0111\u01b0\u1ee3c \u0111\u00e0o t\u1ea1o v\u1edbi 1 tu\u1ea7n l\u00fd thuy\u1ebft v\u00e0 1 tu\u1ea7n th\u1ef1c h\u00e0nh xen k\u1ebd theo ti\u00eau chu\u1ea9n qu\u1ed1c t\u1ebf \u0111\u00e3 \u0111\u01b0\u1ee3c th\u1ec3 hi\u1ec7n ngay t\u1eeb nh\u1eefng gi\u1edd h\u1ecdc \u0111\u1ea7u ti\u00ean. \u0110i\u1ec1u n\u00e0y khi\u1ebfn sinh vi\u00ean b\u1ea5t ng\u1edd v\u00e0 th\u00edch th\u00fa, \u0111\u1ed3ng th\u1eddi c\u0169ng \u0111\u00f2i h\u1ecfi sinh vi\u00ean ph\u1ea3i kh\u00f4ng ng\u1eebng n\u1ed7 l\u1ef1c \u0111\u1ec3 th\u00edch nghi v\u1edbi m\u00f4i tr\u01b0\u1eddng m\u1edbi c\u0169ng nh\u01b0 ph\u01b0\u01a1ng ph\u00e1p h\u1ecdc t\u1eadp m\u1edbi. \u0110\u1eb7c bi\u1ec7t, Vatel H\u1ed3 Ch\u00ed Minh c\u00f2n s\u1edf h\u1eefu Nh\u00e0 h\u00e0ng th\u1ef1c h\u00e0nh ngay trong khu\u00f4n vi\u00ean \u0111\u00e0o t\u1ea1o \u2013 Nh\u00e0 h\u00e0ng Vatel Saigon French Cuisine \u2013 cho ph\u00e9p h\u1ecdc vi\u00ean quan s\u00e1t v\u00e0 tr\u1ea3i nghi\u1ec7m th\u1ef1c t\u1ebf h\u00e0ng ng\u00e0y, t\u1ea1i ch\u1ed7.<br>\u0110\u00e2y l\u00e0 m\u00f4 h\u00ecnh \u0111\u00e0o t\u1ea1o m\u1edbi v\u00e0 \u0111\u1ea7u ti\u00ean t\u1ea1i Vi\u1ec7t Nam. Ch\u01b0\u01a1ng tr\u00ecnh s\u1eed d\u1ee5ng nh\u00e0 h\u00e0ng \u1ee9ng d\u1ee5ng ngay t\u1ea1i TP.HCM theo ti\u00eau chu\u1ea9n c\u1ee7a tr\u01b0\u1eddng qu\u1ed1c t\u1ebf Vatel \u0111\u1ec3 h\u1ecdc sinh th\u1ef1c h\u00e0nh m\u1ed7i ng\u00e0y d\u01b0\u1edbi s\u1ef1 h\u01b0\u1edbng d\u1eabn c\u1ee7a gi\u00e1o vi\u00ean v\u00e0 qu\u1ea3n l\u00fd chuy\u00ean nghi\u1ec7p \u0111\u1ebfn t\u1eeb n\u01b0\u1edbc ngo\u00e0i. Hi\u1ec7n c\u00f3 h\u01a1n 20.000 c\u1ef1u sinh vi\u00ean c\u1ee7a tr\u01b0\u1eddng \u0111ang l\u00e0m vi\u1ec7c t\u1ea1i c\u00e1c kh\u00e1ch s\u1ea1n n\u1ed5i ti\u1ebfng tr\u00ean th\u1ebf gi\u1edbi. Ch\u00ednh nh\u1eefng c\u1ef1u sinh vi\u00ean n\u00e0y \u0111\u00e3 t\u1ea1o th\u00e0nh m\u1ed9t m\u1ea1ng l\u01b0\u1edbi quan tr\u1ecdng \u0111\u1ec3 h\u1ed7 tr\u1ee3 sinh vi\u00ean t\u1ed1t nh\u1ea5t khi th\u1ef1c t\u1eadp ho\u1eb7c t\u00ecm vi\u1ec7c l\u00e0m. Sau 3 n\u0103m h\u1ecdc t\u1eadp, sinh vi\u00ean t\u1ed1t nghi\u1ec7p s\u1ebd \u0111\u01b0\u1ee3c c\u1ea5p b\u1eb1ng C\u1eed nh\u00e2n Qu\u1ea3n l\u00fd Kh\u00e1ch s\u1ea1n Qu\u1ed1c t\u1ebf (Bachelor\u2019s degree in International Hotel Management) c\u1ee7a Tr\u01b0\u1eddng Qu\u1ed1c t\u1ebf Du l\u1ecbch v\u00e0 Kh\u00e1ch s\u1ea1n Vatel \u2013 Ph\u00e1p.\u201d<\/p>\n\n\n\n<p><\/p>\n","protected":false},"excerpt":{"rendered":"<p>\u201cVATEL \u2013 International Business School Hotel &amp; Tourism Management \/ VI\u1ec6N VATEL PARIS (Ph\u00e1p) (g\u1ecdi t\u1eaft l\u00e0 Vatel) \u0111\u01b0\u1ee3c th\u00e0nh l\u1eadp n\u0103m 1981 v\u00e0 l\u00e0 tr\u01b0\u1eddng \u0111\u00e0o t\u1ea1o qu\u1ea3n l\u00fd nh\u00e0 h\u00e0ng kh\u00e1ch s\u1ea1n h\u00e0ng \u0111\u1ea7u th\u1ebf gi\u1edbi. S\u1ee9 m\u1ec7nh c\u1ee7a Vatel l\u00e0 \u0111\u00e0o t\u1ea1o ngu\u1ed3n nh\u00e2n l\u1ef1c ch\u1ea5t l\u01b0\u1ee3ng cao cho ng\u00e0nh D\u1ecbch v\u1ee5 v\u00e0 Du l\u1ecbch. Vatel c\u00f3 h\u01a1n 40 n\u0103m kinh nghi\u1ec7m v\u00e0 c\u00f3 h\u01a1n 55 c\u01a1 s\u1edf t\u1ea1i nhi\u1ec1u qu\u1ed1c gia tr\u00ean th\u1ebf gi\u1edbi. Vatel cung c\u1ea5p ch\u01b0\u01a1ng tr\u00ecnh \u0111\u00e0o t\u1ea1o \u0111\u1ed3ng b\u1ed9 theo chu\u1ea9n qu\u1ed1c t\u1ebf cho h\u01a1n 7.000 h\u1ecdc vi\u00ean \u0111ang theo h\u1ecdc Ch\u01b0\u01a1ng&#8230;<\/p>\n","protected":false},"author":1,"featured_media":1655,"parent":0,"menu_order":0,"comment_status":"closed","ping_status":"closed","template":"","meta":{"footnotes":""},"class_list":["post-669","page","type-page","status-publish","has-post-thumbnail","hentry"],"acf":[],"_links":{"self":[{"href":"https:\/\/www.hoasen.edu.vn\/vatel\/wp-json\/wp\/v2\/pages\/669","targetHints":{"allow":["GET"]}}],"collection":[{"href":"https:\/\/www.hoasen.edu.vn\/vatel\/wp-json\/wp\/v2\/pages"}],"about":[{"href":"https:\/\/www.hoasen.edu.vn\/vatel\/wp-json\/wp\/v2\/types\/page"}],"author":[{"embeddable":true,"href":"https:\/\/www.hoasen.edu.vn\/vatel\/wp-json\/wp\/v2\/users\/1"}],"replies":[{"embeddable":true,"href":"https:\/\/www.hoasen.edu.vn\/vatel\/wp-json\/wp\/v2\/comments?post=669"}],"version-history":[{"count":6,"href":"https:\/\/www.hoasen.edu.vn\/vatel\/wp-json\/wp\/v2\/pages\/669\/revisions"}],"predecessor-version":[{"id":1801,"href":"https:\/\/www.hoasen.edu.vn\/vatel\/wp-json\/wp\/v2\/pages\/669\/revisions\/1801"}],"wp:featuredmedia":[{"embeddable":true,"href":"https:\/\/www.hoasen.edu.vn\/vatel\/wp-json\/wp\/v2\/media\/1655"}],"wp:attachment":[{"href":"https:\/\/www.hoasen.edu.vn\/vatel\/wp-json\/wp\/v2\/media?parent=669"}],"curies":[{"name":"wp","href":"https:\/\/api.w.org\/{rel}","templated":true}]}}