{"id":1593,"date":"2022-08-15T08:29:26","date_gmt":"2022-08-15T08:29:26","guid":{"rendered":"https:\/\/www.hoasen.edu.vn\/vatel\/?page_id=1593"},"modified":"2022-11-29T03:21:57","modified_gmt":"2022-11-29T03:21:57","slug":"vi-trang-chu","status":"publish","type":"page","link":"https:\/\/www.hoasen.edu.vn\/vatel\/vi\/vi-trang-chu\/","title":{"rendered":"Trang ch\u1ee7"},"content":{"rendered":"\t\t<div class=\"vc-banner position-relative\">\n\t\t\t<div class=\"swiper-container\" id=\"jsBanner\">\n\t\t\t\t<div class=\"swiper-wrapper\">\n\t\t\t\t\t\t\t\t\t\t\t<div class=\"swiper-slide\">\n\t\t\t\t\t\t\t<div class=\"vc-banner__item d-block p-relative\">\n\t\t\t\t\t\t\t\t\t\t\t\t\t\t\t\t\t\t\t\t\t\t\t\t<picture class=\"d-block\">\n\t\t\t\t\t\t\t\t\t\t\t\t\t\t\t\t\t\t\t\t\t\t\t\t\t\t\t\t\t\t\t\t\t\t\t\t\t\t\t\t\t\t\t\t\t\t\t\t\t\t\t\t\t\t\t<img loading=\"eager\" fetchpriority=\"high\" decoding=\"sync\" src=\"https:\/\/www.hoasen.edu.vn\/vatel\/wp-content\/uploads\/sites\/48\/2022\/11\/6.png\" alt=\"\" class=\"hsu-banner\">\n\t\t\t\t\t\t\t\t\t\t\t\t\t\t\t\t\t<\/picture>\n\t\t\t\t\t\t\t\t\n\t\t\t\t\t\t\t\t\n\t\t\t\t\t\t\t\t\t\t\t\t\t\t\t\t\n\t\t\t\t\t\t\t\t\t\t\t\t\t\t\t<\/div>\n\t\t\t\t\t\t<\/div>\n\t\t\t\t\t\t\t\t\t\t\t<div class=\"swiper-slide\">\n\t\t\t\t\t\t\t<div class=\"vc-banner__item d-block p-relative\">\n\t\t\t\t\t\t\t\t\t\t\t\t\t\t\t\t\t\t\t\t\t\t\t\t<picture class=\"d-block\">\n\t\t\t\t\t\t\t\t\t\t\t\t\t\t\t\t\t\t\t\t\t\t\t\t\t\t\t\t\t\t\t\t\t\t\t\t\t\t\t\t\t\t\t\t\t\t\t\t\t\t\t\t\t\t\t<img loading=\"eager\" fetchpriority=\"high\" decoding=\"sync\" src=\"https:\/\/www.hoasen.edu.vn\/vatel\/wp-content\/uploads\/sites\/48\/2022\/11\/7.png\" alt=\"\" class=\"hsu-banner\">\n\t\t\t\t\t\t\t\t\t\t\t\t\t\t\t\t\t<\/picture>\n\t\t\t\t\t\t\t\t\n\t\t\t\t\t\t\t\t\n\t\t\t\t\t\t\t\t\t\t\t\t\t\t\t\t\n\t\t\t\t\t\t\t\t\t\t\t\t\t\t\t<\/div>\n\t\t\t\t\t\t<\/div>\n\t\t\t\t\t\t\t\t\t<\/div>\n\t\t\t<\/div>\n\t\t\t<div class=\"swiper-pagination w-100 d-flex align-items-center justify-content-center jsPagination\"><\/div>\n\t\t<\/div>\n\t\n\n\t<div class=\"vc-article--educate\">\r\n\t\t<div class=\"container\">\r\n\t\t\t\t\t\t\t<h2 class=\"vc-headline--primary position-relative\">\r\n\t\t\t\t\tCh\u01b0\u01a1ng tr\u00ecnh qu\u1ea3n l\u00fd Nh\u00e0 h\u00e0ng Kh\u00e1ch s\u1ea1n qu\u1ed1c t\u1ebf Vatel (Ph\u00e1p)\t\t\t\t<\/h2>\r\n\t\t\t\r\n\t\t\t\t\t\t\t<div class=\"vc-article__box position-relative\" style=\"background: url(https:\/\/www.hoasen.edu.vn\/vatel\/wp-content\/uploads\/sites\/48\/2022\/11\/Yellow-coming-soon-Instagram-post-1211-\u00d7-675-px.png) no-repeat center center\/cover;\">\r\n\t\t\t\t\t\t\t\t\t<\/div>\r\n\t\t\t\r\n\t\t\t\t\t\t\t<div class=\"row text-center\">\r\n\t\t\t\t\t\t\t\t\t\t\t<div class=\"col-12 col-md-6 col-lg-6 col-xl-6 col-xxl-6\">\r\n\t\t\t\t\t\t\t<a class=\"vc-link--educate position-relative d-inline-block text-uppercase\" href=\"\">\r\n\t\t\t\t\t\t\t\t<span class=\"position-absolute d-flex align-items-center justify-content-center\">\r\n\t\t\t\t\t\t\t\t\t\t\t\t\t\t\t\t\t\t\t<img decoding=\"async\" src=\"https:\/\/www.hoasen.edu.vn\/vatel\/wp-content\/uploads\/sites\/48\/2022\/11\/Adimissions-e1669260167780.png\" alt=\"image\">\r\n\t\t\t\t\t\t\t\t\t\t\t\t\t\t\t\t\t<\/span>\r\n\t\t\t\t\t\t\t\tTh\u00f4ng tin tuy\u1ec3n sinh\t\t\t\t\t\t\t<\/a>\r\n\t\t\t\t\t\t<\/div>\r\n\t\t\t\t\t\t\t\t\t\t\t<div class=\"col-12 col-md-6 col-lg-6 col-xl-6 col-xxl-6\">\r\n\t\t\t\t\t\t\t<a class=\"vc-link--educate position-relative d-inline-block text-uppercase\" href=\"\">\r\n\t\t\t\t\t\t\t\t<span class=\"position-absolute d-flex align-items-center justify-content-center\">\r\n\t\t\t\t\t\t\t\t\t\t\t\t\t\t\t\t\t\t\t<img decoding=\"async\" src=\"https:\/\/www.hoasen.edu.vn\/vatel\/wp-content\/uploads\/sites\/48\/2022\/11\/Scholarship-e1669260252879.png\" alt=\"image\">\r\n\t\t\t\t\t\t\t\t\t\t\t\t\t\t\t\t\t<\/span>\r\n\t\t\t\t\t\t\t\tH\u1ecdc b\u1ed5ng\t\t\t\t\t\t\t<\/a>\r\n\t\t\t\t\t\t<\/div>\r\n\t\t\t\t\t\t\t\t\t\t\t<div class=\"col-12 col-md-6 col-lg-6 col-xl-6 col-xxl-6\">\r\n\t\t\t\t\t\t\t<a class=\"vc-link--educate position-relative d-inline-block text-uppercase\" href=\"\">\r\n\t\t\t\t\t\t\t\t<span class=\"position-absolute d-flex align-items-center justify-content-center\">\r\n\t\t\t\t\t\t\t\t\t\t\t\t\t\t\t\t\t\t\t<img decoding=\"async\" src=\"https:\/\/www.hoasen.edu.vn\/vatel\/wp-content\/uploads\/sites\/48\/2022\/11\/About-us-e1669260145176.png\" alt=\"image\">\r\n\t\t\t\t\t\t\t\t\t\t\t\t\t\t\t\t\t<\/span>\r\n\t\t\t\t\t\t\t\tV\u1ec1 ch\u00fang t\u00f4i\t\t\t\t\t\t\t<\/a>\r\n\t\t\t\t\t\t<\/div>\r\n\t\t\t\t\t\t\t\t\t\t\t<div class=\"col-12 col-md-6 col-lg-6 col-xl-6 col-xxl-6\">\r\n\t\t\t\t\t\t\t<a class=\"vc-link--educate position-relative d-inline-block text-uppercase\" href=\"\">\r\n\t\t\t\t\t\t\t\t<span class=\"position-absolute d-flex align-items-center justify-content-center\">\r\n\t\t\t\t\t\t\t\t\t\t\t\t\t\t\t\t\t\t\t<img decoding=\"async\" src=\"https:\/\/www.hoasen.edu.vn\/vatel\/wp-content\/uploads\/sites\/48\/2022\/11\/Event-e1669260269903.png\" alt=\"image\">\r\n\t\t\t\t\t\t\t\t\t\t\t\t\t\t\t\t\t<\/span>\r\n\t\t\t\t\t\t\t\tS\u1ef1 ki\u1ec7n\t\t\t\t\t\t\t<\/a>\r\n\t\t\t\t\t\t<\/div>\r\n\t\t\t\t\t\t\t\t\t\t\t<div class=\"col-12 col-md-6 col-lg-6 col-xl-6 col-xxl-6\">\r\n\t\t\t\t\t\t\t<a class=\"vc-link--educate position-relative d-inline-block text-uppercase\" href=\"\">\r\n\t\t\t\t\t\t\t\t<span class=\"position-absolute d-flex align-items-center justify-content-center\">\r\n\t\t\t\t\t\t\t\t\t\t\t\t\t\t\t\t\t\t\t<img decoding=\"async\" src=\"https:\/\/www.hoasen.edu.vn\/vatel\/wp-content\/uploads\/sites\/48\/2022\/11\/Bulletin-e1669260209362.png\" alt=\"image\">\r\n\t\t\t\t\t\t\t\t\t\t\t\t\t\t\t\t\t<\/span>\r\n\t\t\t\t\t\t\t\tB\u1ea3ng tin\t\t\t\t\t\t\t<\/a>\r\n\t\t\t\t\t\t<\/div>\r\n\t\t\t\t\t\t\t\t\t\t\t<div class=\"col-12 col-md-6 col-lg-6 col-xl-6 col-xxl-6\">\r\n\t\t\t\t\t\t\t<a class=\"vc-link--educate position-relative d-inline-block text-uppercase\" href=\"\">\r\n\t\t\t\t\t\t\t\t<span class=\"position-absolute d-flex align-items-center justify-content-center\">\r\n\t\t\t\t\t\t\t\t\t\t\t\t\t\t\t\t\t\t\t<img decoding=\"async\" src=\"https:\/\/www.hoasen.edu.vn\/vatel\/wp-content\/uploads\/sites\/48\/2022\/11\/All-education-e1669260226448.png\" alt=\"image\">\r\n\t\t\t\t\t\t\t\t\t\t\t\t\t\t\t\t\t<\/span>\r\n\t\t\t\t\t\t\t\tCh\u01b0\u01a1ng tr\u00ecnh h\u1ecdc\t\t\t\t\t\t\t<\/a>\r\n\t\t\t\t\t\t<\/div>\r\n\t\t\t\t\t\t\t\t\t<\/div>\r\n\t\t\t\t\t<\/div>\r\n\t<\/div>\r\n\t\n\n\n<figure class=\"wp-block-gallery columns-2 is-cropped wp-block-gallery-1 is-layout-flex wp-block-gallery-is-layout-flex\"><ul class=\"blocks-gallery-grid\"><li class=\"blocks-gallery-item\"><figure><img decoding=\"async\" src=\"blob:https:\/\/www.vatelhochiminh.vn\/87880e43-cc8b-4471-9cdd-c39d583c9dca\" data-id=\"\"\/><\/figure><\/li><li class=\"blocks-gallery-item\"><figure><img decoding=\"async\" src=\"blob:https:\/\/www.vatelhochiminh.vn\/c1997f9a-586b-464e-bc39-5a75d2fbc9a2\" data-id=\"\"\/><\/figure><\/li><\/ul><\/figure>\n\n\n\t\t<!-- ================================================== -->\r\n\t\t<!-- CHANNELS -->\r\n\t\t<!-- ================================================== -->\r\n\t\t<div class=\"vc-card--channel bg-034ea1\">\r\n\t\t\t<div class=\"container position-relative\">\r\n\t\t\t\t\t\t\t\t\t<h2 class=\"vc-headline--white position-relative\">Kh\u00e1m ph\u00e1 ch\u01b0\u01a1ng tr\u00ecnh qu\u1ea3n l\u00fd Nh\u00e0 h\u00e0ng Kh\u00e1ch s\u1ea1n qu\u1ed1c t\u1ebf Vatel (Ph\u00e1p)<\/h2>\r\n\t\t\t\t\t\t\t\t<div class=\"swiper-container mb-5 jsChannel\" id=\"block_5788cf5064feb38757a3dea7de353804\">\r\n\t\t\t\t\t<div class=\"swiper-wrapper\">\r\n\t\t\t\t\t\t\t\t\t\t\t\t\t<div class=\"swiper-slide\">\r\n\t\t\t\t\t\t\t\t<a class=\"vc-card__item position-relative d-block\" href=\"\">\r\n\t\t\t\t\t\t\t\t\t<div class=\"swiper-container jsChannelChild\" id=\"channelChildblock_5788cf5064feb38757a3dea7de3538041\">\r\n\t\t\t\t\t\t\t\t\t\t<div class=\"swiper-wrapper\">\r\n\t\t\t\t\t\t\t\t\t\t\t\t\t\t\t\t\t\t\t\t\t\t\t\t\t\t\t\t\t\t\t\t\t\t\t\t\t\t\t\t\t\t\t\t\t\t\t<div class=\"swiper-slide\">\r\n\t\t\t\t\t\t\t\t\t\t\t\t\t\t<div class=\"vc-card__avatar mb-0 position-relative\">\r\n\t\t\t\t\t\t\t\t\t\t\t\t\t\t\t<img decoding=\"async\" class=\"position-absolute\" src=\"https:\/\/www.hoasen.edu.vn\/vatel\/wp-content\/uploads\/sites\/48\/2022\/11\/123465945_177560703973470_7590576671442717747_o.jpg\" alt=\"\">\r\n\t\t\t\t\t\t\t\t\t\t\t\t\t\t<\/div>\r\n\t\t\t\t\t\t\t\t\t\t\t\t\t<\/div>\r\n\t\t\t\t\t\t\t\t\t\t\t\t\t\t\t\t\t\t\t\t\t\t\t\t\t\t\t\t\t\t\t\t\t<\/div>\r\n\t\t\t\t\t\t\t\t\t<\/div>\r\n\t\t\t\t\t\t\t\t\t<span class=\"vc-card__ttl text-center position-absolute bg-ae2c23\">Global MBA<\/span>\r\n\t\t\t\t\t\t\t\t<\/a>\r\n\t\t\t\t\t\t\t<\/div>\r\n\t\t\t\t\t\t\t\t\t\t\t<\/div>\r\n\t\t\t\t<\/div>\r\n\t\t\t\t<div class=\"swiper-button-next d-none d-lg-inline-flex jsNext\">\r\n\t\t\t\t\t<svg class=\"vc-icon\"><use xlink:href=\"https:\/\/www.hoasen.edu.vn\/vatel\/wp-content\/themes\/ru-hsu\/assets\/img\/icons.svg#i-arrow-right\" \/><\/svg>\r\n\t\t\t\t<\/div>\r\n\t\t\t\t<div class=\"swiper-button-prev d-none d-lg-inline-flex jsPrev\">\r\n\t\t\t\t\t<svg class=\"vc-icon\"><use xlink:href=\"https:\/\/www.hoasen.edu.vn\/vatel\/wp-content\/themes\/ru-hsu\/assets\/img\/icons.svg#i-arrow-left\" \/><\/svg>\r\n\t\t\t\t<\/div>\r\n\t\t\t\t<div class=\"swiper-pagination position-relative w-100 d-flex d-lg-none align-items-center justify-content-center jsPagination\"><\/div>\r\n\t\t\t<\/div>\r\n\t\t<\/div>\r\n\t\t\n\n\t\t\t<div class=\"vc-event\">\r\n\t\t\t\t<div class=\"container\">\r\n\t\t\t\t\t<div class=\"row\">\r\n\t\t\t\t\t\t<div class=\"col-12 col-md-12 col-lg-8 col-xl-8 col-xxl-9\">\r\n\t\t\t\t\t\t\t<div class=\"row\">\r\n\t\t\t\t\t\t\t\t<div class=\"vc-event__col col-12 col-md-6 col-lg-6 col-xl-6 col-xxl-6\">\r\n\t\t\t\t\t\t\t\t\t\t\t\t\t\t\t\t\t\t\t<!-- ================================================== -->\r\n\t\t\t\t\t\t\t\t\t\t<!-- NEWS -->\r\n\t\t\t\t\t\t\t\t\t\t<!-- ================================================== -->\r\n\t\t\t\t\t\t\t\t\t\t<div class=\"vc-event__box\">\r\n\t\t\t\t\t\t\t\t\t\t\t<h2 class=\"vc-headline--primary position-relative\">Tin t\u1ee9c m\u1edbi<\/h2>\t\t\t\t\t\t\t\t\t\t\t\t<a href=\"https:\/\/www.hoasen.edu.vn\/vatel\/global-mba-scholarship-up-to-100\/\" class=\"vc-event__link d-block\">\r\n\t\t\t\t\t\t\t\t\t\t\t\t\t<svg class=\"vc-icon\"><use xlink:href=\"https:\/\/www.hoasen.edu.vn\/vatel\/wp-content\/themes\/ru-hsu\/assets\/img\/icons.svg#i-arrow-right\"><\/use><\/svg>\r\n\t\t\t\t\t\t\t\t\t\t\t\t\tGLOBAL MBA &#8211; SCHOLARSHIP UP TO 100%\t\t\t\t\t\t\t\t\t\t\t\t<\/a>\r\n\t\t\t\t\t\t\t\t\t\t\t\t\t\t\t\t\t\t\t\t\t\t\t<a href=\"https:\/\/www.hoasen.edu.vn\/vatel\/news\/\" class=\"vc-event__link d-block\">\r\n\t\t\t\t\t\t\t\t\t\t\t\t\t<svg class=\"vc-icon\"><use xlink:href=\"https:\/\/www.hoasen.edu.vn\/vatel\/wp-content\/themes\/ru-hsu\/assets\/img\/icons.svg#i-arrow-right\"><\/use><\/svg>\r\n\t\t\t\t\t\t\t\t\t\t\t\t\tNEWS\t\t\t\t\t\t\t\t\t\t\t\t<\/a>\r\n\t\t\t\t\t\t\t\t\t\t\t\t\t\t\t\t\t\t\t\t\t\t\t<a href=\"https:\/\/www.hoasen.edu.vn\/vatel\/meet-with-us\/\" class=\"vc-event__link d-block\">\r\n\t\t\t\t\t\t\t\t\t\t\t\t\t<svg class=\"vc-icon\"><use xlink:href=\"https:\/\/www.hoasen.edu.vn\/vatel\/wp-content\/themes\/ru-hsu\/assets\/img\/icons.svg#i-arrow-right\"><\/use><\/svg>\r\n\t\t\t\t\t\t\t\t\t\t\t\t\tREFER A FRIEND &#038; EARN REWARDS!\t\t\t\t\t\t\t\t\t\t\t\t<\/a>\r\n\t\t\t\t\t\t\t\t\t\t\t\t\t\t\t\t\t\t\t\t\t\t\t<a href=\"https:\/\/www.hoasen.edu.vn\/vatel\/srh-mobile-university-global-mba-admission-requirements\/\" class=\"vc-event__link d-block\">\r\n\t\t\t\t\t\t\t\t\t\t\t\t\t<svg class=\"vc-icon\"><use xlink:href=\"https:\/\/www.hoasen.edu.vn\/vatel\/wp-content\/themes\/ru-hsu\/assets\/img\/icons.svg#i-arrow-right\"><\/use><\/svg>\r\n\t\t\t\t\t\t\t\t\t\t\t\t\tBACHELOR IN INTERNATIONAL HOTEL MANAGEMENT &#8211; VATEL HO CHI MINH\t\t\t\t\t\t\t\t\t\t\t\t<\/a>\r\n\t\t\t\t\t\t\t\t\t\t\t\r\n\t\t\t\t\t\t\t\t\t\t\t\t\t\t\t\t\t\t\t\t\t<\/div>\r\n\t\t\t\t\t\t\t\t\t\t\t\t\t\t\t\t\t<\/div>\r\n\t\t\t\t\t\t\t\t<div class=\"vc-event__col col-12 col-md-6 col-lg-6 col-xl-6 col-xxl-6\">\r\n\t\t\t\t\t\t\t\t\t<!-- ================================================== -->\r\n\t\t\t\t\t\t\t\t\t<!-- EVENTS -->\r\n\t\t\t\t\t\t\t\t\t<!-- ================================================== -->\r\n\t\t\t\t\t\t\t\t\t<div class=\"vc-event__box\">\r\n\t\t\t\t\t\t\t\t\t\t<h2 class=\"vc-headline--primary position-relative\">S\u1ef1 ki\u1ec7n n\u1ed5i b\u1eadt<\/h2>\r\n\t\t\t\t\t\t\t\t\t\t\t\t\t\t\t\t\t\t\t\t\t\t\t\t\t\t\t\t\t\t\t\t\t<a href=\"https:\/\/www.hoasen.edu.vn\/event\/the-future-hr-manager-2026-mo-rong-duong-dua\/\" class=\"vc-event__link d-block\">\r\n\t\t\t\t\t\t\t\t\t\t\t\t\t<svg class=\"vc-icon\"><use xlink:href=\"https:\/\/www.hoasen.edu.vn\/vatel\/wp-content\/themes\/ru-hsu\/assets\/img\/icons.svg#i-arrow-right\"><\/use><\/svg>\r\n\t\t\t\t\t\t\t\t\t\t\t\t\tCu\u1ed9c thi The Future HR Manager 2026 &#8211; M\u1edf r\u1ed9ng \u0111\u01b0\u1eddng \u0111ua\t\t\t\t\t\t\t\t\t\t\t\t<\/a>\r\n\t\t\t\t\t\t\t\t\t\t\t\t\t\t\t\t\t\t\t\t\t\t\t<a href=\"https:\/\/www.hoasen.edu.vn\/event\/workshop-tuong-lai-cua-viec-doc-trong-the-gioi-hien-dai\/\" class=\"vc-event__link d-block\">\r\n\t\t\t\t\t\t\t\t\t\t\t\t\t<svg class=\"vc-icon\"><use xlink:href=\"https:\/\/www.hoasen.edu.vn\/vatel\/wp-content\/themes\/ru-hsu\/assets\/img\/icons.svg#i-arrow-right\"><\/use><\/svg>\r\n\t\t\t\t\t\t\t\t\t\t\t\t\tWorkshop: T\u01b0\u01a1ng lai c\u1ee7a vi\u1ec7c \u0111\u1ecdc s\u00e1ch trong th\u1ebf gi\u1edbi hi\u1ec7n \u0111\u1ea1i\t\t\t\t\t\t\t\t\t\t\t\t<\/a>\r\n\t\t\t\t\t\t\t\t\t\t\t\t\t\t\t\t\t\t\t\t\t\t\t<a href=\"https:\/\/www.hoasen.edu.vn\/event\/ngay-sach-van-hoa-doc-2026-tai-hsu\/\" class=\"vc-event__link d-block\">\r\n\t\t\t\t\t\t\t\t\t\t\t\t\t<svg class=\"vc-icon\"><use xlink:href=\"https:\/\/www.hoasen.edu.vn\/vatel\/wp-content\/themes\/ru-hsu\/assets\/img\/icons.svg#i-arrow-right\"><\/use><\/svg>\r\n\t\t\t\t\t\t\t\t\t\t\t\t\tNg\u00e0y S\u00e1ch &amp; V\u0103n h\u00f3a \u0111\u1ecdc 2026 t\u1ea1i HSU: Kh\u00f4ng gian k\u1ebft n\u1ed1i tri th\u1ee9c v\u00e0 \u0111\u1ed1i tho\u1ea1i v\u0103n ch\u01b0\u01a1ng Vi\u1ec7t \u2013 Trung\t\t\t\t\t\t\t\t\t\t\t\t<\/a>\r\n\t\t\t\t\t\t\t\t\t\t\t\t\t\t\t\t\t\t\t\t\t\t\t<a href=\"https:\/\/www.hoasen.edu.vn\/event\/talkshow-nghe-thuat-an-du-trong-phim-thuong-mai\/\" class=\"vc-event__link d-block\">\r\n\t\t\t\t\t\t\t\t\t\t\t\t\t<svg class=\"vc-icon\"><use xlink:href=\"https:\/\/www.hoasen.edu.vn\/vatel\/wp-content\/themes\/ru-hsu\/assets\/img\/icons.svg#i-arrow-right\"><\/use><\/svg>\r\n\t\t\t\t\t\t\t\t\t\t\t\t\tTalkshow: Ngh\u1ec7 thu\u1eadt \u1ea9n d\u1ee5 trong phim th\u01b0\u01a1ng m\u1ea1i qua \u201cH\u1eb9n em ng\u00e0y nh\u1eadt th\u1ef1c\u201d\t\t\t\t\t\t\t\t\t\t\t\t<\/a>\r\n\t\t\t\t\t\t\t\t\t\t\t\t\t\t\t\t\t\t\t\t\t\t\t<a href=\"https:\/\/www.hoasen.edu.vn\/event\/tvcreate-2026-the-absolute-haven-san-choi-sang-tao\/\" class=\"vc-event__link d-block\">\r\n\t\t\t\t\t\t\t\t\t\t\t\t\t<svg class=\"vc-icon\"><use xlink:href=\"https:\/\/www.hoasen.edu.vn\/vatel\/wp-content\/themes\/ru-hsu\/assets\/img\/icons.svg#i-arrow-right\"><\/use><\/svg>\r\n\t\t\t\t\t\t\t\t\t\t\t\t\t&#8220;TVCreate 2026 \u2013 The Absolute Haven&#8221;: S\u00e2n ch\u01a1i s\u00e1ng t\u1ea1o cho sinh vi\u00ean to\u00e0n qu\u1ed1c\t\t\t\t\t\t\t\t\t\t\t\t<\/a>\r\n\t\t\t\t\t\t\t\t\t\t\t\t\t\t\t\t\t\t\t\t\t\t\t<a href=\"https:\/\/www.hoasen.edu.vn\/event\/chuong-trinh-ngoai-khoa-di-san-cham-tho-cam-my-nghiep\/\" class=\"vc-event__link d-block\">\r\n\t\t\t\t\t\t\t\t\t\t\t\t\t<svg class=\"vc-icon\"><use xlink:href=\"https:\/\/www.hoasen.edu.vn\/vatel\/wp-content\/themes\/ru-hsu\/assets\/img\/icons.svg#i-arrow-right\"><\/use><\/svg>\r\n\t\t\t\t\t\t\t\t\t\t\t\t\tCh\u01b0\u01a1ng tr\u00ecnh ngo\u1ea1i kh\u00f3a Di s\u1ea3n Ch\u0103m &#8211; Th\u1ed5 c\u1ea9m M\u1ef9 Nghi\u1ec7p &#8211; Kh\u01a1i ngu\u1ed3n c\u1ea3m h\u1ee9ng t\u1eeb v\u0103n h\u00f3a v\u00e0 thi\u00ean nhi\u00ean\t\t\t\t\t\t\t\t\t\t\t\t<\/a>\r\n\t\t\t\t\t\t\t\t\t\t\t\r\n\t\t\t\t\t\t\t\t\t\t\t\t\t\t\t\t\t\t\t\t\t\t\t\t\t\t\t\t\t\t<\/div>\r\n\t\t\t\t\t\t\t\t<\/div>\r\n\t\t\t\t\t\t\t<\/div>\r\n\t\t\t\t\t\t<\/div>\r\n\t\t\t\t\t\t<div class=\"col-12 col-md-6 col-lg-4 col-xl-4 col-xxl-3 offset-md-3 offset-lg-0\">\r\n\t\t\t\t\t\t\t<!-- ================================================== -->\r\n\t\t\t\t\t\t\t<!-- CALENDAR -->\r\n\t\t\t\t\t\t\t<!-- ================================================== -->\r\n\t\t\t\t\t\t\t<script type=\"text\/javascript\">\r\n\t\t\t\t\t\t\t\t\t\t\t\t\t\t\t\tsessionStorage.setItem('event_data', JSON.stringify([{\"month\":\"05\\\/2026\",\"data\":[{\"date\":\"03\\\/05\\\/2026\",\"events\":[{\"title\":\"Cu\\u1ed9c thi The Future HR Manager 2026 \\u2013 M\\u1edf r\\u1ed9ng \\u0111\\u01b0\\u1eddng \\u0111ua\",\"url\":\"https:\\\/\\\/www.hoasen.edu.vn\\\/event\\\/the-future-hr-manager-2026-mo-rong-duong-dua\\\/\"}]},{\"date\":\"04\\\/05\\\/2026\",\"events\":[{\"title\":\"Cu\\u1ed9c thi thi\\u1ebft k\\u1ebf Graffiti cho kh\\u00f4ng gian Bar cao c\\u1ea5p BARSON\",\"url\":\"https:\\\/\\\/www.hoasen.edu.vn\\\/event\\\/thiet-ke-graffiti-cho-khong-gian-bar-cao-cap-barson\\\/\"}]}]}]) );\r\n\t\t\t\t\t\t\t<\/script>\r\n\t\t\t\t\t\t\t<div class=\"vc-event__box--calendar\">\r\n\t\t\t\t\t\t\t\t<input class=\"vc-event__calendar\" id=\"jsCalendar\" type=\"text\">\r\n\t\t\t\t\t\t\t<\/div>\r\n\t\t\t\t\t\t<\/div>\r\n\t\t\t\t\t<\/div>\r\n\t\t\t\t<\/div>\r\n\t\t\t<\/div>\r\n\t\t\t\n\n\t\t<!-- ================================================== -->\r\n\t\t<!-- VIDEO -->\r\n\t\t<!-- ================================================== -->\r\n\t\t<div class=\"vc-article--video\">\r\n\t\t\t<div class=\"container\">\r\n\t\t\t\t\t\t\t\t\t<h2 class=\"vc-headline--primary position-relative\">Video<\/h2>\r\n\t\t\t\t\t\t\t\t<div class=\"vc-article__content m-0 p-0\">\r\n\t\t\t\t\t<div class=\"vc-article__video position-relative\">\r\n\t\t\t\t\t\t<iframe class=\"position-absolute\" src=\"https:\/\/www.youtube.com\/embed\/VgNQ23o2Tus\" title=\"YouTube video player\" frameborder=\"0\" allow=\"accelerometer; autoplay; clipboard-write; encrypted-media; gyroscope; picture-in-picture\" allowfullscreen><\/iframe>\r\n\t\t\t\t\t<\/div>\r\n\t\t\t\t<\/div>\r\n\t\t\t<\/div>\r\n\t\t<\/div>\r\n\t","protected":false},"excerpt":{"rendered":"","protected":false},"author":38,"featured_media":0,"parent":0,"menu_order":0,"comment_status":"closed","ping_status":"closed","template":"page-templates\/home.php","meta":{"footnotes":""},"class_list":["post-1593","page","type-page","status-publish","hentry"],"acf":[],"_links":{"self":[{"href":"https:\/\/www.hoasen.edu.vn\/vatel\/wp-json\/wp\/v2\/pages\/1593","targetHints":{"allow":["GET"]}}],"collection":[{"href":"https:\/\/www.hoasen.edu.vn\/vatel\/wp-json\/wp\/v2\/pages"}],"about":[{"href":"https:\/\/www.hoasen.edu.vn\/vatel\/wp-json\/wp\/v2\/types\/page"}],"author":[{"embeddable":true,"href":"https:\/\/www.hoasen.edu.vn\/vatel\/wp-json\/wp\/v2\/users\/38"}],"replies":[{"embeddable":true,"href":"https:\/\/www.hoasen.edu.vn\/vatel\/wp-json\/wp\/v2\/comments?post=1593"}],"version-history":[{"count":23,"href":"https:\/\/www.hoasen.edu.vn\/vatel\/wp-json\/wp\/v2\/pages\/1593\/revisions"}],"predecessor-version":[{"id":1768,"href":"https:\/\/www.hoasen.edu.vn\/vatel\/wp-json\/wp\/v2\/pages\/1593\/revisions\/1768"}],"wp:attachment":[{"href":"https:\/\/www.hoasen.edu.vn\/vatel\/wp-json\/wp\/v2\/media?parent=1593"}],"curies":[{"name":"wp","href":"https:\/\/api.w.org\/{rel}","templated":true}]}}