{"id":2663,"date":"2021-12-01T15:09:29","date_gmt":"2021-12-01T08:09:29","guid":{"rendered":"https:\/\/hoasen.edu.vn\/tuyensinh\/?page_id=2663"},"modified":"2024-07-23T08:47:11","modified_gmt":"2024-07-23T01:47:11","slug":"tai-lieu-thong-tin-tuyen-sinh","status":"publish","type":"page","link":"https:\/\/www.hoasen.edu.vn\/tuyensinh\/tai-lieu-thong-tin-tuyen-sinh\/","title":{"rendered":"T\u00e0i li\u1ec7u th\u00f4ng tin tuy\u1ec3n sinh"},"content":{"rendered":"\n<div class=\"wp-block-file\"><a id=\"wp-block-file--media-e64fb597-b618-49a7-b5fa-846c507decc6\" href=\"https:\/\/www.hoasen.edu.vn\/tuyensinh\/wp-content\/uploads\/sites\/7\/2024\/07\/De-an-Tuyen-sinh-he-chinh-quy-nam-2024-update.pdf\">\u0110\u1ec1 \u00e1n tuy\u1ec3n sinh \u0110\u1ea1i h\u1ecdc Ch\u00ednh quy HSU 2024<\/a><a href=\"https:\/\/www.hoasen.edu.vn\/tuyensinh\/wp-content\/uploads\/sites\/7\/2024\/07\/De-an-Tuyen-sinh-he-chinh-quy-nam-2024-update.pdf\" class=\"wp-block-file__button wp-element-button\" download aria-describedby=\"wp-block-file--media-e64fb597-b618-49a7-b5fa-846c507decc6\">T\u1ea3i xu\u1ed1ng<\/a><\/div>\n\n\n\n<div class=\"wp-block-file\"><a id=\"wp-block-file--media-b951e4b2-fe3b-4fd8-b69a-61208ffa0600\" href=\"https:\/\/www.hoasen.edu.vn\/tuyensinh\/wp-content\/uploads\/sites\/7\/2024\/05\/De-an-tuyen-sinh-nam-2023-Final-Update.pdf\">\u0110\u1ec1 \u00e1n tuy\u1ec3n sinh \u0110\u1ea1i h\u1ecdc Ch\u00ednh quy HSU 2023<\/a><a href=\"https:\/\/www.hoasen.edu.vn\/tuyensinh\/wp-content\/uploads\/sites\/7\/2024\/05\/De-an-tuyen-sinh-nam-2023-Final-Update.pdf\" class=\"wp-block-file__button wp-element-button\" download aria-describedby=\"wp-block-file--media-b951e4b2-fe3b-4fd8-b69a-61208ffa0600\">T\u1ea3i xu\u1ed1ng<\/a><\/div>\n\n\n\n<div class=\"wp-block-file\"><a id=\"wp-block-file--media-eea334f5-d782-4b96-a5cb-69f0b7088149\" href=\"https:\/\/www.hoasen.edu.vn\/tuyensinh\/wp-content\/uploads\/sites\/7\/2023\/02\/THONG-BAO-TUYEN-SINH-DAI-HOC-CHINH-QUY-DOT-1-NAM-17.01.2023.pdf\">Th\u00f4ng b\u00e1o Tuy\u1ec3n sinh \u0110\u1ea1i h\u1ecdc ch\u00ednh quy \u0111\u1ee3t 1 n\u0103m 2023<\/a><a href=\"https:\/\/www.hoasen.edu.vn\/tuyensinh\/wp-content\/uploads\/sites\/7\/2023\/02\/THONG-BAO-TUYEN-SINH-DAI-HOC-CHINH-QUY-DOT-1-NAM-17.01.2023.pdf\" class=\"wp-block-file__button wp-element-button\" download aria-describedby=\"wp-block-file--media-eea334f5-d782-4b96-a5cb-69f0b7088149\">T\u1ea3i xu\u1ed1ng<\/a><\/div>\n\n\n\n<div class=\"wp-block-file\"><a id=\"wp-block-file--media-d0500c1d-9ef9-41ad-9bf1-a3a0904f0128\" href=\"https:\/\/www.hoasen.edu.vn\/tuyensinh\/wp-content\/uploads\/sites\/7\/2024\/05\/Brochure-DTTX-190x265mm-final-10.05.2024.pdf\" target=\"_blank\" rel=\"noreferrer noopener\">Th\u00f4ng tin Ch\u01b0\u01a1ng tr\u00ecnh \u0110\u1ea1i h\u1ecdc T\u1eeb Xa<\/a><a href=\"https:\/\/www.hoasen.edu.vn\/tuyensinh\/wp-content\/uploads\/sites\/7\/2024\/05\/Brochure-DTTX-190x265mm-final-10.05.2024.pdf\" class=\"wp-block-file__button wp-element-button\" download aria-describedby=\"wp-block-file--media-d0500c1d-9ef9-41ad-9bf1-a3a0904f0128\">T\u1ea3i xu\u1ed1ng<\/a><\/div>\n\n\n\n<div class=\"wp-block-file\"><a id=\"wp-block-file--media-b1622434-8b6d-4221-8256-daeb1a2a2fd0\" href=\"https:\/\/www.hoasen.edu.vn\/tuyensinh\/wp-content\/uploads\/sites\/7\/2023\/11\/22.08.23-De-an-tuyen-sinh-DTTT-2023-CN-len-Web.pdf\">\u0110\u1ec1 \u00e1n tuy\u1ec3n sinh tr\u00ecnh \u0111\u1ed9 \u0110\u1ea1i h\u1ecdc ch\u01b0\u01a1ng tr\u00ecnh \u0110\u00e0o T\u1ea1o T\u1eeb Xa 2023<\/a><a href=\"https:\/\/www.hoasen.edu.vn\/tuyensinh\/wp-content\/uploads\/sites\/7\/2023\/11\/22.08.23-De-an-tuyen-sinh-DTTT-2023-CN-len-Web.pdf\" class=\"wp-block-file__button wp-element-button\" download aria-describedby=\"wp-block-file--media-b1622434-8b6d-4221-8256-daeb1a2a2fd0\">T\u1ea3i xu\u1ed1ng<\/a><\/div>\n\n\n\n<div class=\"wp-block-file\"><a id=\"wp-block-file--media-7c770e97-d5f8-4770-94d4-9e30eb897e65\" href=\"https:\/\/www.hoasen.edu.vn\/tuyensinh\/wp-content\/uploads\/sites\/7\/2023\/06\/QUY-CHE-TUYEN-SINH-DAI-HOC-03.01.2023-1.pdf\">Quy ch\u1ebf tuy\u1ec3n sinh \u0110\u1ea1i h\u1ecdc 2023 <br><\/a><a href=\"https:\/\/www.hoasen.edu.vn\/tuyensinh\/wp-content\/uploads\/sites\/7\/2023\/06\/QUY-CHE-TUYEN-SINH-DAI-HOC-03.01.2023-1.pdf\" class=\"wp-block-file__button wp-element-button\" download aria-describedby=\"wp-block-file--media-7c770e97-d5f8-4770-94d4-9e30eb897e65\">T\u1ea3i xu\u1ed1ng<\/a><\/div>\n","protected":false},"excerpt":{"rendered":"","protected":false},"author":1,"featured_media":0,"parent":0,"menu_order":0,"comment_status":"closed","ping_status":"closed","template":"","meta":{"footnotes":""},"class_list":["post-2663","page","type-page","status-publish","hentry"],"acf":[],"_links":{"self":[{"href":"https:\/\/www.hoasen.edu.vn\/tuyensinh\/wp-json\/wp\/v2\/pages\/2663","targetHints":{"allow":["GET"]}}],"collection":[{"href":"https:\/\/www.hoasen.edu.vn\/tuyensinh\/wp-json\/wp\/v2\/pages"}],"about":[{"href":"https:\/\/www.hoasen.edu.vn\/tuyensinh\/wp-json\/wp\/v2\/types\/page"}],"author":[{"embeddable":true,"href":"https:\/\/www.hoasen.edu.vn\/tuyensinh\/wp-json\/wp\/v2\/users\/1"}],"replies":[{"embeddable":true,"href":"https:\/\/www.hoasen.edu.vn\/tuyensinh\/wp-json\/wp\/v2\/comments?post=2663"}],"version-history":[{"count":32,"href":"https:\/\/www.hoasen.edu.vn\/tuyensinh\/wp-json\/wp\/v2\/pages\/2663\/revisions"}],"predecessor-version":[{"id":15847,"href":"https:\/\/www.hoasen.edu.vn\/tuyensinh\/wp-json\/wp\/v2\/pages\/2663\/revisions\/15847"}],"wp:attachment":[{"href":"https:\/\/www.hoasen.edu.vn\/tuyensinh\/wp-json\/wp\/v2\/media?parent=2663"}],"curies":[{"name":"wp","href":"https:\/\/api.w.org\/{rel}","templated":true}]}}