{"id":10506,"date":"2023-06-29T08:44:55","date_gmt":"2023-06-29T01:44:55","guid":{"rendered":"https:\/\/www.hoasen.edu.vn\/tuyensinh\/?page_id=10506"},"modified":"2023-08-29T08:49:42","modified_gmt":"2023-08-29T01:49:42","slug":"san-sang-tro-thanh-sinh-vien-hsu","status":"publish","type":"page","link":"https:\/\/www.hoasen.edu.vn\/tuyensinh\/san-sang-tro-thanh-sinh-vien-hsu\/","title":{"rendered":"S\u1eb5n s\u00e0ng tr\u1edf th\u00e0nh sinh vi\u00ean HSU"},"content":{"rendered":"\n<p>Ch\u00e0o m\u1eebng b\u1ea1n \u0111\u1ebfn v\u1edbi h\u00e0nh tr\u00ecnh tr\u1edf th\u00e0nh phi\u00ean b\u1ea3n t\u1ed1t nh\u1ea5t c\u1ee7a ch\u00ednh m\u00ecnh t\u1ea1i tr\u01b0\u1eddng \u0110\u1ea1i h\u1ecdc Hoa Sen (HSU)!<\/p>\n\n\n\n<p>Ch\u00fac m\u1eebng b\u1ea1n \u0111\u00e3 v\u01b0\u1ee3t qua k\u1ef3 thi t\u1ed1t nghi\u1ec7p THPT th\u00e0nh c\u00f4ng v\u00e0 tr\u00fang tuy\u1ec3n c\u00f3 \u0111i\u1ec1u ki\u1ec7n v\u00e0o ng\u00e0nh x\u00e9t tuy\u1ec3n v\u00e0o tr\u01b0\u1eddng \u0110\u1ea1i h\u1ecdc Hoa Sen. <\/p>\n\n\n\n<p>\u0110\u1ec3 tra c\u1ee9u k\u1ebft qu\u1ea3 tr\u00fang tuy\u1ec3n, b\u1ea1n vui l\u00f2ng truy c\u1eadp v\u00e0o link: <a href=\"https:\/\/ketquaxettuyen.hoasen.edu.vn\/\" target=\"_blank\" rel=\"noopener\">https:\/\/ketquaxettuyen.hoasen.edu.vn\/<\/a>. <\/p>\n\n\n\n<figure class=\"wp-block-image size-full is-style-default\"><img loading=\"lazy\" decoding=\"async\" width=\"3000\" height=\"1116\" src=\"https:\/\/www.hoasen.edu.vn\/tuyensinh\/wp-content\/uploads\/sites\/7\/2023\/08\/BannerWeb_1.png\" alt=\"\" class=\"wp-image-11067\" srcset=\"https:\/\/www.hoasen.edu.vn\/tuyensinh\/wp-content\/uploads\/sites\/7\/2023\/08\/BannerWeb_1.png 3000w, https:\/\/www.hoasen.edu.vn\/tuyensinh\/wp-content\/uploads\/sites\/7\/2023\/08\/BannerWeb_1-300x112.png 300w, https:\/\/www.hoasen.edu.vn\/tuyensinh\/wp-content\/uploads\/sites\/7\/2023\/08\/BannerWeb_1-768x286.png 768w, https:\/\/www.hoasen.edu.vn\/tuyensinh\/wp-content\/uploads\/sites\/7\/2023\/08\/BannerWeb_1-1536x571.png 1536w, https:\/\/www.hoasen.edu.vn\/tuyensinh\/wp-content\/uploads\/sites\/7\/2023\/08\/BannerWeb_1-2048x762.png 2048w\" sizes=\"auto, (max-width: 3000px) 100vw, 3000px\" \/><\/figure>\n\n\n\n<p>Theo qui \u0111\u1ecbnh c\u1ee7a B\u1ed9 GD&amp;\u0110T, sau khi c\u00f3 k\u1ebft qu\u1ea3 tr\u00fang tuy\u1ec3n, c\u00e1c b\u1ea1n th\u00ed sinh tr\u00fang tuy\u1ec3n ho\u00e0n th\u00e0nh x\u00e1c nh\u1eadn nh\u1eadp h\u1ecdc tr\u1ef1c tuy\u1ebfn \u0110\u1ee3t 1 tr\u00ean h\u1ec7 th\u1ed1ng tr\u01b0\u1edbc 17h00 ng\u00e0y 08\/09\/2023 v\u00e0 \u0111\u0103ng k\u00fd l\u00e0m th\u1ee7 t\u1ee5c nh\u1eadp h\u1ecdc t\u1ea1i tr\u01b0\u1eddng m\u00e0 m\u00ecnh tr\u00fang tuy\u1ec3n v\u00e0 mong mu\u1ed1n theo h\u1ecdc.<\/p>\n\n\n\n<p>Th\u00ed sinh tr\u00fang tuy\u1ec3n nh\u1eadn Th\u01b0 m\u1eddi nh\u1eadp h\u1ecdc t\u1ea1i ph\u00f2ng 001 (t\u1ea7ng G), Tr\u01b0\u1eddng \u0110\u1ea1i h\u1ecdc Hoa Sen, s\u1ed1 08 Nguy\u1ec5n V\u0103n Tr\u00e1ng, P.B\u1ebfn Th\u00e0nh, Q.1, TP.HCM.<\/p>\n\n\n\n<p>Th\u00ed sinh tr\u00fang tuy\u1ec3n c\u1ea7n xem tr\u01b0\u1edbc h\u01b0\u1edbng d\u1eabn nh\u1eadp h\u1ecdc \u0111\u1ec3 chu\u1ea9n b\u1ecb h\u1ed3 s\u01a1 v\u00e0 l\u00e0m th\u1ee7 t\u1ee5c nh\u1eadp h\u1ecdc theo \u0111\u00fang quy \u0111\u1ecbnh.<\/p>\n\n\n\n<p>Th\u00ed sinh c\u00f3 t\u00ean trong danh s\u00e1ch tr\u00fang tuy\u1ec3n ph\u1ea3i x\u00e1c nh\u1eadn vi\u1ec7c h\u1ecdc t\u1ea1i Tr\u01b0\u1eddng b\u1eb1ng c\u00e1ch n\u1ed9p cho Tr\u01b0\u1eddng b\u1ea3n ch\u00ednh Gi\u1ea5y ch\u1ee9ng nh\u1eadn k\u1ebft qu\u1ea3 thi THPT n\u0103m 2023.<\/p>\n\n\n\n<p><strong>Th\u1eddi gian n\u1ed9p Gi\u1ea5y ch\u1ee9ng nh\u1eadn k\u1ebft qu\u1ea3 thi: T\u1eeb ng\u00e0y 24\/08\/2023 \u0111\u1ebfn tr\u01b0\u1edbc 17h00 ng\u00e0y 08\/09\/2023.&nbsp;<\/strong>H\u00ecnh th\u1ee9c n\u1ed9p Gi\u1ea5y ch\u1ee9ng nh\u1eadn k\u1ebft qu\u1ea3 thi, th\u00ed sinh n\u1ed9p theo h\u00ecnh th\u1ee9c sau:<\/p>\n\n\n\n<ul class=\"wp-block-list\">\n<li>G\u1edfi b\u01b0u \u0111i\u1ec7n: Th\u00ed sinh ghi r\u00f5 tr\u00ean b\u00eca th\u01b0: \u201cGi\u1ea5y ch\u1ee9ng nh\u1eadn k\u1ebft qu\u1ea3 thi THPT n\u0103m 2023\u201d;<\/li>\n\n\n\n<li>N\u1ed9p tr\u1ef1c ti\u1ebfp t\u1ea1i ph\u00f2ng 001 (t\u1ea7ng G), Tr\u01b0\u1eddng \u0110\u1ea1i h\u1ecdc Hoa Sen, s\u1ed1 08 Nguy\u1ec5n V\u0103n Tr\u00e1ng, P.B\u1ebfn Th\u00e0nh, Q.1, TP.HCM.<\/li>\n<\/ul>\n\n\n\n<p>H\u1ed3 s\u01a1 nh\u1eadp h\u1ecdc c\u1ea7n chu\u1ea9n b\u1ecb:<\/p>\n\n\n\n<p>Th\u00ed sinh l\u00e0m th\u1ee7 t\u1ee5c nh\u1eadp h\u1ecdc c\u1ea7n mang theo \u0111\u1ea7y \u0111\u1ee7 h\u1ed3 s\u01a1 g\u1ed3m:<\/p>\n\n\n\n<p>1.\u00a0 Phi\u1ebfu \u0111\u0103ng k\u00fd nh\u1eadp h\u1ecdc: \u0111i\u1ec1n v\u00e0 in tr\u1ef1c ti\u1ebfp t\u1ea1i Tr\u01b0\u1eddng \u0110\u1ea1i h\u1ecdc Hoa Sen ho\u1eb7c \u0111i\u1ec1n v\u00e0 in tr\u1ef1c ti\u1ebfp t\u1eeb h\u1ec7 th\u1ed1ng: http:\/\/htttsv.hoasen.edu.vn;<\/p>\n\n\n\n<p>2. 02 \u1ea3nh (h\u00ecnh) 3\u00d74 (ch\u1ee5p kh\u00f4ng qu\u00e1 th\u1eddi h\u1ea1n 6 th\u00e1ng);<\/p>\n\n\n\n<p>3.&nbsp; Th\u01b0 m\u1eddi nh\u1eadp h\u1ecdc do Tr\u01b0\u1eddng \u0110\u1ea1i h\u1ecdc Hoa Sen c\u1ea5p;<\/p>\n\n\n\n<p>4. H\u1ecdc b\u1ea1 c\u00e1c l\u1edbp 10, 11, 12 (\u0111\u00e3 \u0111\u1ee7 c\u00e1c c\u1ed9t \u0111i\u1ec3m c\u1ee7a 6 H\u1ecdc k\u1ef3, n\u0103m l\u1edbp 10, 11, 12) (*)<\/p>\n\n\n\n<p>5.&nbsp;B\u1eb1ng t\u1ed1t nghi\u1ec7p THPT t\u1eeb n\u0103m 2022 tr\u1edf v\u1ec1 tr\u01b0\u1edbc ho\u1eb7c Gi\u1ea5y ch\u1ee9ng nh\u1eadn t\u1ed1t nghi\u1ec7p THPT t\u1ea1m th\u1eddi c\u1ea5p n\u0103m 2023;&nbsp;<sup>(*)<\/sup><\/p>\n\n\n\n<p>6.&nbsp; Gi\u1ea5y Khai sinh;&nbsp;<sup>(*)<\/sup><\/p>\n\n\n\n<p>7.&nbsp; 02 b\u1ea3n photo Ch\u1ee9ng minh nh\u00e2n d\u00e2n\/C\u0103n c\u01b0\u1edbc c\u00f4ng d\u00e2n;&nbsp;<sup>(*)<\/sup><\/p>\n\n\n\n<p>8.&nbsp; C\u00e1c gi\u1ea5y t\u1edd x\u00e1c nh\u1eadn \u0111\u1ed1i t\u01b0\u1ee3ng \u01b0u ti\u00ean c\u1ee7a th\u00ed sinh (n\u1ebfu thu\u1ed9c \u0111\u1ed1i t\u01b0\u1ee3ng \u01b0u ti\u00ean tuy\u1ec3n sinh);&nbsp;<sup>(*)<\/sup><\/p>\n\n\n\n<p>9. Gi\u1ea5y t\u1edd ch\u1ee9ng minh h\u01b0\u1edfng ch\u00ednh s\u00e1ch \u01b0u ti\u00ean trong tuy\u1ec3n sinh (n\u1ebfu thu\u1ed9c \u0111\u1ed1i t\u01b0\u1ee3ng \u01b0u ti\u00ean ho\u1eb7c thu\u1ed9c khu v\u1ef1c \u01b0u ti\u00ean 1, 2NT, 2);&nbsp;<sup>(*)<\/sup><\/p>\n\n\n\n<p>10. B\u1ea3n sao ch\u1ee9ng ch\u1ec9 IELTS 5.5, TOEFL iBT 70 tr\u1edf l\u00ean \u0111\u1ec3 x\u00e9t mi\u1ec5n h\u1ecdc ti\u1ebfng Anh (n\u1ebfu c\u00f3);&nbsp;<sup>(*)<\/sup><\/p>\n\n\n\n<p>11. B\u1ea3ng \u0111i\u1ec3m Cao \u0111\u1eb3ng ho\u1eb7c b\u1ea3ng \u0111i\u1ec3m \u0110\u1ea1i h\u1ecdc \u0111ang h\u1ecdc \u0111\u1ec3 x\u00e9t mi\u1ec5n m\u00f4n h\u1ecdc (n\u1ebfu c\u00f3);&nbsp;<sup>(*)<\/sup><\/p>\n\n\n\n<p>12. B\u1ea3n sao gi\u1ea5y ch\u1ee9ng nh\u1eadn \u0111\u0103ng k\u00fd ngh\u0129a v\u1ee5 qu\u00e2n s\u1ef1 (NVQS) v\u00e0 Gi\u1ea5y x\u00e1c nh\u1eadn \u0111\u0103ng k\u00fd v\u1eafng m\u1eb7t do Ban ch\u1ec9 huy qu\u00e2n s\u1ef1 c\u1ea5p (\u0111\u1ed1i v\u1edbi nam)<a>;<\/a>&nbsp;<sup>(*)<\/sup><\/p>\n\n\n\n<p>13.&nbsp; B\u1ea3n sao gi\u1ea5y khai sinh c\u1ee7a anh\/ch\u1ecb\/em ru\u1ed9t \u0111ang h\u1ecdc t\u1ea1i Tr\u01b0\u1eddng \u0111\u1ec3 x\u00e9t mi\u1ec5n gi\u1ea3m h\u1ecdc ph\u00ed (n\u1ebfu c\u00f3);&nbsp;<sup>(*)<\/sup><\/p>\n\n\n\n<p>14. &nbsp;B\u1ea3n photo th\u1ebb B\u1ea3o hi\u1ec3m y t\u1ebf c\u00f3 hi\u1ec7u l\u1ef1c sau ng\u00e0y 01\/10\/2023.<\/p>\n\n\n\n<p>(*)&nbsp;<em>H\u1ed3 s\u01a1 photo \u0111\u00e3 \u0111\u01b0\u1ee3c c\u00f4ng ch\u1ee9ng.<\/em><\/p>\n\n\n\n<p>\u0110\u1eebng qu\u00ean, nh\u00e0 tr\u01b0\u1eddng c\u0169ng tri\u1ec3n khai nhi\u1ec1u ch\u00ednh s\u00e1ch \u0111\u1eb7c bi\u1ec7t d\u00e0nh ri\u00eang cho c\u00e1c b\u1ea1n nh\u01b0:<\/p>\n\n\n\n<ul class=\"wp-block-list\">\n<li>\u00a0\u01afu \u0111\u00e3i\u00a0\u0111\u1eb7c bi\u1ec7t <strong>4 tri\u1ec7u<\/strong> nh\u00e2n k\u1ef7 ni\u1ec7m 32 n\u0103m th\u00e0nh l\u1eadp tr\u01b0\u1eddng, \u00e1p d\u1ee5ng cho th\u00ed sinh nh\u1eadp h\u1ecdc tr\u01b0\u1edbc 19h ng\u00e0y 31\/08\/2023<\/li>\n\n\n\n<li>\u01afu \u0111\u00e3i l\u00ean \u0111\u1ebfn\u00a0<strong>20% H\u1ecdc ph\u00ed<\/strong>\u00a0t\u1eeb n\u0103m th\u1ee9 2v\u00e0 n\u0103m cu\u1ed1i \u00e1p d\u1ee5ng cho 3 ng\u00e0nh Thi\u1ebft k\u1ebf \u0111\u1ed3 h\u1ecda, <\/li>\n\n\n\n<li>H\u1ecdc ph\u00ed h\u1ea5p d\u1eabn\u00a0<strong>60 tri\u1ec7u\/ 1 n\u0103m<\/strong>\u00a0cho 2 ng\u00e0nh ti\u1ec1m n\u0103ng C\u00f4ng ngh\u1ec7 t\u00e0i ch\u00ednh v\u00e0 Kinh t\u1ebf th\u1ec3 thao<\/li>\n\n\n\n<li>Ch\u00ednh s\u00e1ch&nbsp;<strong>\u0111\u00f3ng h\u1ecdc ph\u00ed l\u00e3i su\u1ea5t 0%<\/strong>&nbsp;t\u1ea1i ng\u00e2n h\u00e0ng MSB, nh\u00e0 tr\u01b0\u1eddng h\u1ed7 tr\u1ee3 ph\u00ed chuy\u1ec3n \u0111\u1ed5i.<\/li>\n\n\n\n<li>Sinh vi\u00ean Kh\u00f3a 2023 s\u1ebd \u0111\u01b0\u1ee3c h\u1ecdc t\u1eadp t\u1ea1i c\u00e1c c\u01a1 s\u1edf trung t\u00e2m: Qu\u1eadn 1, Qu\u1eadn 3, Qu\u1eadn 10.<\/li>\n\n\n\n<li>H\u1ecdc ph\u00ed \u0111\u00e3 bao g\u1ed3m Ti\u1ebfng Anh chu\u1ea9n NEAS c\u1ee7a \u00dac, gi\u00e1o tr\u00ecnh g\u1ed1c, t\u00e0i kho\u1ea3n photocopy, in \u1ea5n mi\u1ec5n ph\u00ed t\u1ea1i nh\u00e0 tr\u01b0\u1eddng.<\/li>\n<\/ul>\n\n\n\n<p>C\u00f9ng xem qua nh\u1eefng ho\u1ea1t \u0111\u1ed9ng tr\u1ea3i nghi\u1ec7m s\u1ed1ng \u0111\u1ed9ng khi ch\u00ednh th\u1ee9c tr\u1edf th\u00e0nh sinh vi\u00ean Hoa Sen kh\u00f3a 2023 nh\u00e9<\/p>\n\n\n\n<figure class=\"wp-block-embed is-type-video is-provider-youtube wp-block-embed-youtube wp-embed-aspect-16-9 wp-has-aspect-ratio\"><div class=\"wp-block-embed__wrapper\">\n<div class=\"hsu-iframe\"><iframe loading=\"lazy\" title=\"Kh\u00e1m ph\u00e1 ho\u1ea1t \u0111\u1ed9ng tr\u1ea3i nghi\u1ec7m d\u00e0nh cho sinh vi\u00ean kho\u00e1 23\" width=\"500\" height=\"281\" src=\"https:\/\/www.youtube.com\/embed\/ywpA8yjo73U?feature=oembed\" frameborder=\"0\" allow=\"accelerometer; autoplay; clipboard-write; encrypted-media; gyroscope; picture-in-picture; web-share\" referrerpolicy=\"strict-origin-when-cross-origin\" allowfullscreen><\/iframe><\/div>\n<\/div><\/figure>\n\n\n\n<p>Ch\u00fac c\u00e1c b\u1ea1n s\u1ebd l\u1ef1a ch\u1ecdn nguy\u1ec7n v\u1ecdng th\u00e0nh c\u00f4ng v\u00e0 c\u00f3 nhi\u1ec1u tr\u1ea3i nghi\u1ec7m th\u00fa v\u1ecb t\u1ea1i \u0110\u1ea1i h\u1ecdc Hoa Sen kh\u00f3a 2023!!<\/p>\n\n\n\t\t<!-- ================================================== -->\r\n\t\t<!-- LINK -->\r\n\t\t<!-- ================================================== -->\r\n\t\t<div class=\"vc-admissions\">\r\n\t\t\t<div class=\"container\">\r\n\t\t\t\t<div class=\"row text-center\">\r\n\t\t\t\t\t\t\t\t\t\t\t\t\t\t\t\t\t\t<div class=\"vc-admissions__col col-6 col-md-4 col-lg-4 col-xl-4 col-xxl-4\">\r\n\t\t\t\t\t\t\t\t<a class=\"vc-admissions__item d-inline-block text-uppercase\" href=\"https:\/\/dangky.hoasen.edu.vn\/\" target=\"_blank\" rel=\"noopener\">\r\n\t\t\t\t\t\t\t\t\t\t\t\t\t\t\t\t\t\t\t<span class=\"vc-admissions__icon d-inline-flex align-items-center justify-content-center\">\r\n\t\t\t\t\t\t\t\t\t\t\t<img decoding=\"async\" src=\"https:\/\/www.hoasen.edu.vn\/tuyensinh\/wp-content\/uploads\/sites\/7\/2022\/02\/Tu-van-HSU.png\" alt=\"image\">\r\n\t\t\t\t\t\t\t\t\t\t<\/span>\r\n\t\t\t\t\t\t\t\t\t\t\t\t\t\t\t\t\t\t<span class=\"vc-admissions__ttl d-block fw-bold\">\u0110\u0103ng k\u00fd t\u01b0 v\u1ea5n<\/span>\r\n\t\t\t\t\t\t\t\t<\/a>\r\n\t\t\t\t\t\t\t<\/div>\r\n\t\t\t\t\t\t\t\t\t\t\t\t\t\t\t\t\t\t\t\t\t\t\t\t<div class=\"vc-admissions__col col-6 col-md-4 col-lg-4 col-xl-4 col-xxl-4\">\r\n\t\t\t\t\t\t\t\t<a class=\"vc-admissions__item d-inline-block text-uppercase\" href=\"https:\/\/www.hoasen.edu.vn\/tuyensinh\/dh-hoa-sen-thong-bao-xet-tuyen-dai-hoc-chinh-quy-dot-1-nam-2023\/\">\r\n\t\t\t\t\t\t\t\t\t\t\t\t\t\t\t\t\t\t\t<span class=\"vc-admissions__icon d-inline-flex align-items-center justify-content-center\">\r\n\t\t\t\t\t\t\t\t\t\t\t<img decoding=\"async\" src=\"https:\/\/www.hoasen.edu.vn\/tuyensinh\/wp-content\/uploads\/sites\/7\/2022\/01\/icon-xet-tuyen-dai-hoc-chinh-quy.png\" alt=\"image\">\r\n\t\t\t\t\t\t\t\t\t\t<\/span>\r\n\t\t\t\t\t\t\t\t\t\t\t\t\t\t\t\t\t\t<span class=\"vc-admissions__ttl d-block fw-bold\">Th\u00f4ng tin tuy\u1ec3n sinh<\/span>\r\n\t\t\t\t\t\t\t\t<\/a>\r\n\t\t\t\t\t\t\t<\/div>\r\n\t\t\t\t\t\t\t\t\t\t\t\t\t\t\t\t\t\t\t\t\t\t\t\t<div class=\"vc-admissions__col col-6 col-md-4 col-lg-4 col-xl-4 col-xxl-4\">\r\n\t\t\t\t\t\t\t\t<a class=\"vc-admissions__item d-inline-block text-uppercase\" href=\"http:\/\/xettuyen.hoasen.edu.vn\/\" target=\"_blank\" rel=\"noopener\">\r\n\t\t\t\t\t\t\t\t\t\t\t\t\t\t\t\t\t\t\t<span class=\"vc-admissions__icon d-inline-flex align-items-center justify-content-center\">\r\n\t\t\t\t\t\t\t\t\t\t\t<img decoding=\"async\" src=\"https:\/\/www.hoasen.edu.vn\/tuyensinh\/wp-content\/uploads\/sites\/7\/2022\/11\/viber_image_2022-11-15_12-04-55-275.png\" alt=\"image\">\r\n\t\t\t\t\t\t\t\t\t\t<\/span>\r\n\t\t\t\t\t\t\t\t\t\t\t\t\t\t\t\t\t\t<span class=\"vc-admissions__ttl d-block fw-bold\">X\u00e9t tuy\u1ec3n h\u1ecdc b\u1ea1<\/span>\r\n\t\t\t\t\t\t\t\t<\/a>\r\n\t\t\t\t\t\t\t<\/div>\r\n\t\t\t\t\t\t\t\t\t\t\t\t\t\t\t<\/div>\r\n\t\t\t<\/div>\r\n\t\t<\/div>\r\n\t\n\n\n<p><\/p>\n","protected":false},"excerpt":{"rendered":"<p>Ch\u00e0o m\u1eebng b\u1ea1n \u0111\u1ebfn v\u1edbi h\u00e0nh tr\u00ecnh tr\u1edf th\u00e0nh phi\u00ean b\u1ea3n t\u1ed1t nh\u1ea5t c\u1ee7a ch\u00ednh m\u00ecnh t\u1ea1i tr\u01b0\u1eddng \u0110\u1ea1i h\u1ecdc Hoa Sen (HSU)! Ch\u00fac m\u1eebng b\u1ea1n \u0111\u00e3 v\u01b0\u1ee3t qua k\u1ef3 thi t\u1ed1t nghi\u1ec7p THPT th\u00e0nh c\u00f4ng v\u00e0 tr\u00fang tuy\u1ec3n c\u00f3 \u0111i\u1ec1u ki\u1ec7n v\u00e0o ng\u00e0nh x\u00e9t tuy\u1ec3n v\u00e0o tr\u01b0\u1eddng \u0110\u1ea1i h\u1ecdc Hoa Sen. \u0110\u1ec3 tra c\u1ee9u k\u1ebft qu\u1ea3 tr\u00fang tuy\u1ec3n, b\u1ea1n vui l\u00f2ng truy c\u1eadp v\u00e0o link: https:\/\/ketquaxettuyen.hoasen.edu.vn\/. Theo qui \u0111\u1ecbnh c\u1ee7a B\u1ed9 GD&amp;\u0110T, sau khi c\u00f3 k\u1ebft qu\u1ea3 tr\u00fang tuy\u1ec3n, c\u00e1c b\u1ea1n th\u00ed sinh tr\u00fang tuy\u1ec3n ho\u00e0n th\u00e0nh x\u00e1c nh\u1eadn nh\u1eadp h\u1ecdc tr\u1ef1c tuy\u1ebfn \u0110\u1ee3t 1 tr\u00ean h\u1ec7 th\u1ed1ng tr\u01b0\u1edbc&#8230;<\/p>\n","protected":false},"author":11,"featured_media":11067,"parent":0,"menu_order":0,"comment_status":"closed","ping_status":"closed","template":"","meta":{"footnotes":""},"class_list":["post-10506","page","type-page","status-publish","has-post-thumbnail","hentry"],"acf":[],"_links":{"self":[{"href":"https:\/\/www.hoasen.edu.vn\/tuyensinh\/wp-json\/wp\/v2\/pages\/10506","targetHints":{"allow":["GET"]}}],"collection":[{"href":"https:\/\/www.hoasen.edu.vn\/tuyensinh\/wp-json\/wp\/v2\/pages"}],"about":[{"href":"https:\/\/www.hoasen.edu.vn\/tuyensinh\/wp-json\/wp\/v2\/types\/page"}],"author":[{"embeddable":true,"href":"https:\/\/www.hoasen.edu.vn\/tuyensinh\/wp-json\/wp\/v2\/users\/11"}],"replies":[{"embeddable":true,"href":"https:\/\/www.hoasen.edu.vn\/tuyensinh\/wp-json\/wp\/v2\/comments?post=10506"}],"version-history":[{"count":23,"href":"https:\/\/www.hoasen.edu.vn\/tuyensinh\/wp-json\/wp\/v2\/pages\/10506\/revisions"}],"predecessor-version":[{"id":11237,"href":"https:\/\/www.hoasen.edu.vn\/tuyensinh\/wp-json\/wp\/v2\/pages\/10506\/revisions\/11237"}],"wp:featuredmedia":[{"embeddable":true,"href":"https:\/\/www.hoasen.edu.vn\/tuyensinh\/wp-json\/wp\/v2\/media\/11067"}],"wp:attachment":[{"href":"https:\/\/www.hoasen.edu.vn\/tuyensinh\/wp-json\/wp\/v2\/media?parent=10506"}],"curies":[{"name":"wp","href":"https:\/\/api.w.org\/{rel}","templated":true}]}}