{"id":14,"date":"2022-01-04T07:09:12","date_gmt":"2022-01-04T07:09:12","guid":{"rendered":"https:\/\/hoasen.edu.vn\/tracuutotnghiep\/?page_id=14"},"modified":"2023-10-19T09:46:55","modified_gmt":"2023-10-19T09:46:55","slug":"trang-chu","status":"publish","type":"page","link":"https:\/\/www.hoasen.edu.vn\/tracuutotnghiep\/","title":{"rendered":"Trang ch\u1ee7"},"content":{"rendered":"\n<form id=\"jsScoreFrm\" method=\"GET\" action=\"\" class=\"form-validation\">\n\t<div class=\"vc-form--lookup\">\n\t\t<div class=\"row\">\n\t\t\t<div class=\"col-12\"><span class=\"lookup-note general\">(*): B\u1eaft bu\u1ed9c nh\u1eadp th\u00f4ng tin<\/span><\/div>\n\t\t\t<div class=\"col-12 col-md-6 col-lg-6 col-xl-6 col-xxl-6\">\n\t\t\t\t<label class=\"vc-form__label fw-bold mb-1\">H\u1ecd & t\u00ean l\u00f3t *<\/label>\n\t\t\t\t<div class=\"vc-form__input\">\n\t\t\t\t\t<input type=\"text\" name=\"ho\" required value=\"\" \/>\n\t\t\t\t<\/div>\n\t\t\t<\/div>\n\t\t\t<div class=\"col-12 col-md-6 col-lg-6 col-xl-6 col-xxl-6\">\n\t\t\t\t<label class=\"vc-form__label fw-bold mb-1\">T\u00ean *<\/label>\n\t\t\t\t<div class=\"vc-form__input\">\n\t\t\t\t\t<input type=\"text\" name=\"ten\" required value=\"\" \/><\/div>\n\t\t\t<\/div>\n\t\t\t<div class=\"col-12 col-md-6 col-lg-6 col-xl-6 col-xxl-6\">\n\t\t\t\t<label class=\"vc-form__label fw-bold mb-1\">M\u00e3 s\u1ed1 sinh vi\u00ean<\/label>\n\t\t\t\t<div class=\"vc-form__input mb-5\">\n\t\t\t\t\t<input type=\"text\" name=\"mssv\" value=\"\" \/>\n\t\t\t\t<\/div>\n\t\t\t<\/div>\n\t\t\t<div class=\"col-12 col-md-6 col-lg-6 col-xl-6 col-xxl-6\">\n\t\t\t\t<label class=\"vc-form__label fw-bold mb-1\">S\u1ed1 hi\u1ec7u b\u1eb1ng t\u1ed1t nghi\u1ec7p * <span class=\"lookup-note\">(nh\u1eadp \u0111\u1ea7y \u0111\u1ee7 g\u1ed3m ch\u1eef, k\u00fd hi\u1ec7u v\u00e0 s\u1ed1)<\/span><\/label>\n\t\t\t\t<div class=\"vc-form__input mb-5\">\n\t\t\t\t\t<input type=\"text\" name=\"so_hieu\" required value=\"\" \/>\n\t\t\t\t<\/div>\n\t\t\t<\/div>\n\t\t\t<div class=\"col-12 col-md-6 col-lg-6 col-xl-6 col-xxl-6\">\n\t\t\t\t<label class=\"vc-form__label fw-bold mb-1\">N\u0103m t\u1ed1t nghi\u1ec7p<\/label>\n\t\t\t\t<div class=\"vc-form__input mb-5\">\n\t\t\t\t\t<input type=\"text\" name=\"nam_tn\" value=\"\" \/>\n\t\t\t\t<\/div>\n\t\t\t<\/div>\n\t\t\t<div class=\"col-12 col-md-6 col-lg-6 col-xl-6 col-xxl-6\">\n\t\t\t\t<label class=\"vc-form__label fw-bold mb-1\">L\u1ea7n t\u1ed1t nghi\u1ec7p<\/label>\n\t\t\t\t<div class=\"vc-form__input mb-5\">\n\t\t\t\t\t<input type=\"text\" name=\"lan_tn\" value=\"\" \/>\n\t\t\t\t<\/div>\n\t\t\t<\/div>\n\t\t\t<div class=\"col-12 col-md-6 col-lg-6 col-xl-6 col-xxl-6\">\n\t\t\t\t<label class=\"vc-form__label fw-bold mb-1\">Ng\u00e0nh \u0111\u00e0o t\u1ea1o<\/label>\n\t\t\t\t<div class=\"vc-form__input mb-5\">\n\t\t\t\t\t<input type=\"text\" name=\"nganh_dt\" value=\"\" \/>\n\t\t\t\t<\/div>\n\t\t\t<\/div>\n\t\t\t<div class=\"col-12 col-md-6 col-lg-6 col-xl-6 col-xxl-6\">\n\t\t\t\t<label class=\"vc-form__label fw-bold mb-1\">Quy\u1ebft \u0111\u1ecbnh t\u1ed1t nghi\u1ec7p s\u1ed1<\/label>\n\t\t\t\t<div class=\"vc-form__input mb-5\">\n\t\t\t\t\t<input type=\"text\" name=\"quyetdinh\" value=\"\" \/>\n\t\t\t\t<\/div>\n\t\t\t<\/div>\n\t\t\t<div class=\"col-12 col-md-6 col-lg-6 col-xl-6 col-xxl-6\">\n\t\t\t\t<div class=\"vc-form__capcha\">\n\t\t\t\t\t<label class=\"d-block fw-bold\">Captcha<\/label>\n\t\t\t\t\t<p>This question is for testing whether or not you are a human visitor and to prevent automated spam submissions.<\/p>\n\t\t\t\t\t<span class=\"d-block d-captcha\"><strong>Math question * <\/strong><number><\/number><\/span>\n\t\t\t\t\t<input type=\"number\" id=\"captcha\" name=\"captcha\" required=\"true\" \/>\n\t\t\t\t<\/div>\n\t\t\t<\/div>\n\t\t\t<div class=\"col-6 col-md-6 col-lg-6 col-xl-6\">\n\t\t\t\t<button type=\"submit\" class=\"vc-btn--primary position-relative text-uppercase\">\n\t\t\t\t\tT\u00ecm ki\u1ebfm\t\t\t\t\t<span class=\"position-absolute d-inline-flex align-items-center justify-content-center\">\n\t\t\t\t\t\t<svg class=\"vc-icon\"><use xlink:href=\"https:\/\/www.hoasen.edu.vn\/tracuutotnghiep\/wp-content\/themes\/ru-hsu\/assets\/img\/icons.svg#i-arrow-right\" \/><\/svg>\n\t\t\t\t\t<\/span>\n\t\t\t\t<\/button>\n\t\t\t<\/div>\n\t\t<\/div>\n\t\t<div class=\"vc-article__content\">\n\t\t\t\t\t<\/div>\n\t<\/div>\n<\/form>\n\n<div id=\"jsLookupScore\">\n\t<\/div>\n","protected":false},"excerpt":{"rendered":"","protected":false},"author":1,"featured_media":0,"parent":0,"menu_order":0,"comment_status":"closed","ping_status":"closed","template":"","meta":{"footnotes":""},"class_list":["post-14","page","type-page","status-publish","hentry"],"acf":[],"_links":{"self":[{"href":"https:\/\/www.hoasen.edu.vn\/tracuutotnghiep\/wp-json\/wp\/v2\/pages\/14","targetHints":{"allow":["GET"]}}],"collection":[{"href":"https:\/\/www.hoasen.edu.vn\/tracuutotnghiep\/wp-json\/wp\/v2\/pages"}],"about":[{"href":"https:\/\/www.hoasen.edu.vn\/tracuutotnghiep\/wp-json\/wp\/v2\/types\/page"}],"author":[{"embeddable":true,"href":"https:\/\/www.hoasen.edu.vn\/tracuutotnghiep\/wp-json\/wp\/v2\/users\/1"}],"replies":[{"embeddable":true,"href":"https:\/\/www.hoasen.edu.vn\/tracuutotnghiep\/wp-json\/wp\/v2\/comments?post=14"}],"version-history":[{"count":9,"href":"https:\/\/www.hoasen.edu.vn\/tracuutotnghiep\/wp-json\/wp\/v2\/pages\/14\/revisions"}],"predecessor-version":[{"id":27116,"href":"https:\/\/www.hoasen.edu.vn\/tracuutotnghiep\/wp-json\/wp\/v2\/pages\/14\/revisions\/27116"}],"wp:attachment":[{"href":"https:\/\/www.hoasen.edu.vn\/tracuutotnghiep\/wp-json\/wp\/v2\/media?parent=14"}],"curies":[{"name":"wp","href":"https:\/\/api.w.org\/{rel}","templated":true}]}}