{"id":892,"date":"2023-05-29T06:57:08","date_gmt":"2023-05-29T06:57:08","guid":{"rendered":"https:\/\/www.hoasen.edu.vn\/tnvlsv\/?page_id=892"},"modified":"2023-05-29T06:58:06","modified_gmt":"2023-05-29T06:58:06","slug":"sinh-vien-hoa-sen-nhan-hoc-bong-tu-tap-doan-lotte","status":"publish","type":"page","link":"https:\/\/www.hoasen.edu.vn\/tnvlsv\/sinh-vien-hoa-sen-nhan-hoc-bong-tu-tap-doan-lotte\/","title":{"rendered":"SINH VI\u00caN HOA SEN NH\u1eacN H\u1eccC B\u1ed4NG T\u1eea T\u1eacP \u0110O\u00c0N LOTTE"},"content":{"rendered":"\n<p>Chi\u1ec1u 23\/5\/2023, 4 b\u1ea1n sinh vi\u00ean xu\u1ea5t s\u1eafc c\u1ee7a Tr\u01b0\u1eddng \u0110\u1ea1i h\u1ecdc Hoa Sen \u0111\u00e3 \u0111\u01b0\u1ee3c Kh\u00e1ch s\u1ea1n Lotte S\u00e0i G\u00f2n trao t\u1eb7ng 4 su\u1ea5t h\u1ecdc b\u1ed5ng.<\/p>\n\n\n\n<p>H\u1ecdc b\u1ed5ng Lotte l\u00e0 h\u1ecdc b\u1ed5ng th\u01b0\u1eddng ni\u00ean m\u00e0 T\u1eadp \u0111o\u00e0n Lotte trao t\u1eb7ng sinh vi\u00ean c\u00e1c tr\u01b0\u1eddng \u0111\u1ea1i h\u1ecdc tr\u00ean c\u1ea3 n\u01b0\u1edbc nh\u01b0 m\u1ed9t ngu\u1ed3n \u0111\u1ed9ng vi\u00ean cho c\u00e1c b\u1ea1n. N\u0103m nay, HSU c\u00f3 4 b\u1ea1n sinh vi\u00ean c\u00f3 th\u00e0nh t\u00edch h\u1ecdc t\u1eadp xu\u1ea5t s\u1eafc, t\u00edch c\u1ef1c tham gia c\u00e1c ho\u1ea1t \u0111\u1ed9ng \u0111\u01b0\u1ee3c trao t\u1eb7ng h\u1ecdc b\u1ed5ng, m\u1ed7i su\u1ea5t tr\u1ecb gi\u00e1 400 USD.<\/p>\n\n\n\n<p><\/p>\n\n\n\n<figure class=\"wp-block-gallery has-nested-images columns-default is-cropped wp-block-gallery-1 is-layout-flex wp-block-gallery-is-layout-flex\">\n<figure class=\"wp-block-image size-large\"><img loading=\"lazy\" decoding=\"async\" width=\"2048\" height=\"1446\" data-id=\"894\" src=\"https:\/\/www.hoasen.edu.vn\/tnvlsv\/wp-content\/uploads\/sites\/31\/2023\/05\/348649724_3416277365353812_7810633581865894414_n.jpg\" alt=\"\" class=\"wp-image-894\" srcset=\"https:\/\/www.hoasen.edu.vn\/tnvlsv\/wp-content\/uploads\/sites\/31\/2023\/05\/348649724_3416277365353812_7810633581865894414_n.jpg 2048w, https:\/\/www.hoasen.edu.vn\/tnvlsv\/wp-content\/uploads\/sites\/31\/2023\/05\/348649724_3416277365353812_7810633581865894414_n-300x212.jpg 300w, https:\/\/www.hoasen.edu.vn\/tnvlsv\/wp-content\/uploads\/sites\/31\/2023\/05\/348649724_3416277365353812_7810633581865894414_n-768x542.jpg 768w, https:\/\/www.hoasen.edu.vn\/tnvlsv\/wp-content\/uploads\/sites\/31\/2023\/05\/348649724_3416277365353812_7810633581865894414_n-1536x1085.jpg 1536w\" sizes=\"auto, (max-width: 2048px) 100vw, 2048px\" \/><\/figure>\n\n\n\n<figure class=\"wp-block-image size-large\"><img loading=\"lazy\" decoding=\"async\" width=\"2048\" height=\"1326\" data-id=\"893\" src=\"https:\/\/www.hoasen.edu.vn\/tnvlsv\/wp-content\/uploads\/sites\/31\/2023\/05\/349000014_787216736229341_7615203026349305367_n.jpg\" alt=\"\" class=\"wp-image-893\" srcset=\"https:\/\/www.hoasen.edu.vn\/tnvlsv\/wp-content\/uploads\/sites\/31\/2023\/05\/349000014_787216736229341_7615203026349305367_n.jpg 2048w, https:\/\/www.hoasen.edu.vn\/tnvlsv\/wp-content\/uploads\/sites\/31\/2023\/05\/349000014_787216736229341_7615203026349305367_n-300x194.jpg 300w, https:\/\/www.hoasen.edu.vn\/tnvlsv\/wp-content\/uploads\/sites\/31\/2023\/05\/349000014_787216736229341_7615203026349305367_n-768x497.jpg 768w, https:\/\/www.hoasen.edu.vn\/tnvlsv\/wp-content\/uploads\/sites\/31\/2023\/05\/349000014_787216736229341_7615203026349305367_n-1536x995.jpg 1536w\" sizes=\"auto, (max-width: 2048px) 100vw, 2048px\" \/><\/figure>\n<\/figure>\n\n\n\n<p><\/p>\n\n\n\n<p>Xin ch\u00fac m\u1eebng 4 b\u1ea1n:<\/p>\n\n\n\n<p><img loading=\"lazy\" decoding=\"async\" height=\"16\" width=\"16\" alt=\"\u2705\" src=\"https:\/\/static.xx.fbcdn.net\/images\/emoji.php\/v9\/tba\/1.5\/16\/2705.png\"> L\u00ea Quang Huy \u2013 Sinh vi\u00ean khoa C\u00f4ng ngh\u1ec7 th\u00f4ng tin<\/p>\n\n\n\n<p><img loading=\"lazy\" decoding=\"async\" height=\"16\" width=\"16\" alt=\"\u2705\" src=\"https:\/\/static.xx.fbcdn.net\/images\/emoji.php\/v9\/tba\/1.5\/16\/2705.png\"> L\u00ea Ng\u1ecdc Ph\u01b0\u01a1ng Quy\u00ean \u2013 Sinh vi\u00ean khoa T\u00e0i ch\u00ednh \u2013 Ng\u00e2n h\u00e0ng<\/p>\n\n\n\n<p><img loading=\"lazy\" decoding=\"async\" height=\"16\" width=\"16\" alt=\"\u2705\" src=\"https:\/\/static.xx.fbcdn.net\/images\/emoji.php\/v9\/tba\/1.5\/16\/2705.png\"> Nguy\u1ec5n Th\u1ecb Ki\u1ec1u Lam &#8211; Sinh vi\u00ean khoa Khoa h\u1ecdc X\u00e3 h\u1ed9i \u2013 Lu\u1eadt<\/p>\n\n\n\n<p><img loading=\"lazy\" decoding=\"async\" height=\"16\" width=\"16\" src=\"https:\/\/static.xx.fbcdn.net\/images\/emoji.php\/v9\/tba\/1.5\/16\/2705.png\" alt=\"\u2705\"> Nguy\u1ec5n Th\u00e0nh Trung &#8211; Sinh vi\u00ean khoa Logistics \u2013 Th\u01b0\u01a1ng m\u1ea1i qu\u1ed1c t\u1ebf<\/p>\n\n\n\n<p><\/p>\n\n\n\n<figure class=\"wp-block-gallery has-nested-images columns-default is-cropped wp-block-gallery-2 is-layout-flex wp-block-gallery-is-layout-flex\">\n<figure class=\"wp-block-image size-large\"><img loading=\"lazy\" decoding=\"async\" width=\"2048\" height=\"1564\" data-id=\"895\" src=\"https:\/\/www.hoasen.edu.vn\/tnvlsv\/wp-content\/uploads\/sites\/31\/2023\/05\/348921715_776623520840394_8835964065191668759_n.jpg\" alt=\"\" class=\"wp-image-895\" srcset=\"https:\/\/www.hoasen.edu.vn\/tnvlsv\/wp-content\/uploads\/sites\/31\/2023\/05\/348921715_776623520840394_8835964065191668759_n.jpg 2048w, https:\/\/www.hoasen.edu.vn\/tnvlsv\/wp-content\/uploads\/sites\/31\/2023\/05\/348921715_776623520840394_8835964065191668759_n-300x229.jpg 300w, https:\/\/www.hoasen.edu.vn\/tnvlsv\/wp-content\/uploads\/sites\/31\/2023\/05\/348921715_776623520840394_8835964065191668759_n-768x587.jpg 768w, https:\/\/www.hoasen.edu.vn\/tnvlsv\/wp-content\/uploads\/sites\/31\/2023\/05\/348921715_776623520840394_8835964065191668759_n-1536x1173.jpg 1536w\" sizes=\"auto, (max-width: 2048px) 100vw, 2048px\" \/><\/figure>\n\n\n\n<figure class=\"wp-block-image size-large\"><img loading=\"lazy\" decoding=\"async\" width=\"2048\" height=\"1374\" data-id=\"896\" src=\"https:\/\/www.hoasen.edu.vn\/tnvlsv\/wp-content\/uploads\/sites\/31\/2023\/05\/348974895_598989778669620_5135682609976934329_n.jpg\" alt=\"\" class=\"wp-image-896\" srcset=\"https:\/\/www.hoasen.edu.vn\/tnvlsv\/wp-content\/uploads\/sites\/31\/2023\/05\/348974895_598989778669620_5135682609976934329_n.jpg 2048w, https:\/\/www.hoasen.edu.vn\/tnvlsv\/wp-content\/uploads\/sites\/31\/2023\/05\/348974895_598989778669620_5135682609976934329_n-300x201.jpg 300w, https:\/\/www.hoasen.edu.vn\/tnvlsv\/wp-content\/uploads\/sites\/31\/2023\/05\/348974895_598989778669620_5135682609976934329_n-768x515.jpg 768w, https:\/\/www.hoasen.edu.vn\/tnvlsv\/wp-content\/uploads\/sites\/31\/2023\/05\/348974895_598989778669620_5135682609976934329_n-1536x1031.jpg 1536w\" sizes=\"auto, (max-width: 2048px) 100vw, 2048px\" \/><\/figure>\n<\/figure>\n\n\n\n<p><\/p>\n\n\n\n<p>B\u1ea1n Nguy\u1ec5n Th\u1ecb Ki\u1ec1u Lam, sinh vi\u00ean n\u0103m nh\u1ea5t nh\u1eadn h\u1ecdc b\u1ed5ng chia s\u1ebb: \u201cH\u1ecdc b\u1ed5ng lu\u00f4n l\u00e0 m\u1ee5c ti\u00eau m\u00e0 nhi\u1ec1u b\u1ea1n sinh vi\u00ean h\u01b0\u1edbng \u0111\u1ebfn trong qu\u00e1 tr\u00ecnh h\u1ecdc t\u1eadp. Em th\u1ea5y r\u1ea5t vui v\u00e0 t\u1ef1 h\u00e0o khi \u0111\u01b0\u1ee3c nh\u1eadn h\u1ecdc b\u1ed5ng t\u1eeb Lotte. \u0110\u00e2y l\u00e0 \u0111\u1ed9ng l\u1ef1c l\u1edbn \u0111\u1ec3 em v\u00e0 c\u00e1c b\u1ea1n ti\u1ebfp t\u1ee5c n\u1ed7 l\u1ef1c h\u1ecdc t\u1eadp v\u00e0 tham gia c\u00e1c ho\u1ea1t \u0111\u1ed9ng c\u1ee7a tr\u01b0\u1eddng t\u00edch c\u1ef1c h\u01a1n n\u1eefa. Em xin g\u1eedi l\u1eddi c\u00e1m \u01a1n Tr\u01b0\u1eddng \u0111\u00e3 t\u1ea1o \u0111i\u1ec1u ki\u1ec7n \u0111\u1ec3 t\u1ee5i em \u0111\u01b0\u1ee3c tham gia x\u00e9t tuy\u1ec3n h\u1ecdc b\u1ed5ng\u201d.<\/p>\n\n\n\n<p><\/p>\n\n\n<div class=\"wp-block-image\">\n<figure class=\"aligncenter size-full\"><img loading=\"lazy\" decoding=\"async\" width=\"2048\" height=\"1150\" src=\"https:\/\/www.hoasen.edu.vn\/tnvlsv\/wp-content\/uploads\/sites\/31\/2023\/05\/348558708_942482806874080_845836768559983483_n.jpg\" alt=\"\" class=\"wp-image-897\" srcset=\"https:\/\/www.hoasen.edu.vn\/tnvlsv\/wp-content\/uploads\/sites\/31\/2023\/05\/348558708_942482806874080_845836768559983483_n.jpg 2048w, https:\/\/www.hoasen.edu.vn\/tnvlsv\/wp-content\/uploads\/sites\/31\/2023\/05\/348558708_942482806874080_845836768559983483_n-300x168.jpg 300w, https:\/\/www.hoasen.edu.vn\/tnvlsv\/wp-content\/uploads\/sites\/31\/2023\/05\/348558708_942482806874080_845836768559983483_n-768x431.jpg 768w, https:\/\/www.hoasen.edu.vn\/tnvlsv\/wp-content\/uploads\/sites\/31\/2023\/05\/348558708_942482806874080_845836768559983483_n-1536x863.jpg 1536w\" sizes=\"auto, (max-width: 2048px) 100vw, 2048px\" \/><\/figure>\n<\/div>\n\n\n<p><\/p>\n\n\n\n<p>V\u1edbi s\u1ef1 chu\u1ea9n b\u1ecb chu \u0111\u00e1o t\u1eeb BTC v\u00e0 tham gia \u0111\u00f4ng \u0111\u1ee7 t\u1eeb c\u00e1c b\u1ea1n sinh vi\u00ean, L\u1ec5 trao H\u1ecdc b\u1ed5ng Lotte n\u0103m 2023 \u0111\u00e3 di\u1ec5n ra th\u00e0nh c\u00f4ng t\u1ed1t \u0111\u1eb9p!<\/p>\n","protected":false},"excerpt":{"rendered":"<p>Chi\u1ec1u 23\/5\/2023, 4 b\u1ea1n sinh vi\u00ean xu\u1ea5t s\u1eafc c\u1ee7a Tr\u01b0\u1eddng \u0110\u1ea1i h\u1ecdc Hoa Sen \u0111\u00e3 \u0111\u01b0\u1ee3c Kh\u00e1ch s\u1ea1n Lotte S\u00e0i G\u00f2n trao t\u1eb7ng 4 su\u1ea5t h\u1ecdc b\u1ed5ng. H\u1ecdc b\u1ed5ng Lotte l\u00e0 h\u1ecdc b\u1ed5ng th\u01b0\u1eddng ni\u00ean m\u00e0 T\u1eadp \u0111o\u00e0n Lotte trao t\u1eb7ng sinh vi\u00ean c\u00e1c tr\u01b0\u1eddng \u0111\u1ea1i h\u1ecdc tr\u00ean c\u1ea3 n\u01b0\u1edbc nh\u01b0 m\u1ed9t ngu\u1ed3n \u0111\u1ed9ng vi\u00ean cho c\u00e1c b\u1ea1n. N\u0103m nay, HSU c\u00f3 4 b\u1ea1n sinh vi\u00ean c\u00f3 th\u00e0nh t\u00edch h\u1ecdc t\u1eadp xu\u1ea5t s\u1eafc, t\u00edch c\u1ef1c tham gia c\u00e1c ho\u1ea1t \u0111\u1ed9ng \u0111\u01b0\u1ee3c trao t\u1eb7ng h\u1ecdc b\u1ed5ng, m\u1ed7i su\u1ea5t tr\u1ecb gi\u00e1 400 USD. Xin ch\u00fac m\u1eebng 4 b\u1ea1n: L\u00ea Quang Huy \u2013&#8230;<\/p>\n","protected":false},"author":70,"featured_media":0,"parent":0,"menu_order":0,"comment_status":"closed","ping_status":"closed","template":"","meta":{"footnotes":""},"class_list":["post-892","page","type-page","status-publish","hentry"],"acf":[],"_links":{"self":[{"href":"https:\/\/www.hoasen.edu.vn\/tnvlsv\/wp-json\/wp\/v2\/pages\/892","targetHints":{"allow":["GET"]}}],"collection":[{"href":"https:\/\/www.hoasen.edu.vn\/tnvlsv\/wp-json\/wp\/v2\/pages"}],"about":[{"href":"https:\/\/www.hoasen.edu.vn\/tnvlsv\/wp-json\/wp\/v2\/types\/page"}],"author":[{"embeddable":true,"href":"https:\/\/www.hoasen.edu.vn\/tnvlsv\/wp-json\/wp\/v2\/users\/70"}],"replies":[{"embeddable":true,"href":"https:\/\/www.hoasen.edu.vn\/tnvlsv\/wp-json\/wp\/v2\/comments?post=892"}],"version-history":[{"count":2,"href":"https:\/\/www.hoasen.edu.vn\/tnvlsv\/wp-json\/wp\/v2\/pages\/892\/revisions"}],"predecessor-version":[{"id":899,"href":"https:\/\/www.hoasen.edu.vn\/tnvlsv\/wp-json\/wp\/v2\/pages\/892\/revisions\/899"}],"wp:attachment":[{"href":"https:\/\/www.hoasen.edu.vn\/tnvlsv\/wp-json\/wp\/v2\/media?parent=892"}],"curies":[{"name":"wp","href":"https:\/\/api.w.org\/{rel}","templated":true}]}}