{"id":874,"date":"2023-05-22T04:56:23","date_gmt":"2023-05-22T04:56:23","guid":{"rendered":"https:\/\/www.hoasen.edu.vn\/tnvlsv\/?page_id=874"},"modified":"2023-05-22T04:56:24","modified_gmt":"2023-05-22T04:56:24","slug":"dem-bieu-dien-nghe-thuat-van-hoa-nam-bo-ho-xu-xang-xe-cong","status":"publish","type":"page","link":"https:\/\/www.hoasen.edu.vn\/tnvlsv\/dem-bieu-dien-nghe-thuat-van-hoa-nam-bo-ho-xu-xang-xe-cong\/","title":{"rendered":"\u0110\u00caM BI\u1ec2U DI\u1ec4N NGH\u1ec6 THU\u1eacT V\u0102N HO\u00c1 NAM B\u1ed8 &#8220;H\u00d2 X\u1ef0 XANG X\u00ca C\u1ed0NG&#8221;"},"content":{"rendered":"\n<p>Th\u00e2n g\u1eedi c\u00e1c b\u1ea1n sinh vi\u00ean,<\/p>\n\n\n\n<p>S\u1eafp t\u1edbi \u0111\u00e2y, m\u1ed9t \u0111\u00eam tr\u00ecnh di\u1ec5n s\u1ebd \u0111\u01b0\u1ee3c t\u1ed5 ch\u1ee9c v\u00e0 \u0111\u01b0a c\u00e1c b\u1ea1n qua 4 th\u1ec3 lo\u1ea1i ngh\u1ec7 thu\u1eadt truy\u1ec1n th\u1ed1ng Nam B\u1ed9: Di\u1ec5n x\u01b0\u1edbng D\u00e2n gian Nam B\u1ed9, H\u00e1t B\u1ed9i, \u0110\u1eddn Ca T\u00e0i T\u1eed v\u00e0 C\u1ea3i L\u01b0\u01a1ng.<\/p>\n\n\n\n<p>Nh\u1eefng m\u00e0n tr\u00ecnh di\u1ec5n h\u1ebft s\u1ee9c h\u1ea5p d\u1eabn nh\u01b0:<\/p>\n\n\n\n<ul class=\"wp-block-list\">\n<li>H\u00f2a t\u1ea5u nh\u1ea1c c\u1ee5 d\u00e2n t\u1ed9c: D\u00e2n gian x hi\u1ec7n \u0111\u1ea1i.<\/li>\n\n\n\n<li>S\u1ef1 k\u1ebft h\u1ee3p gi\u1eefa C\u1ea3i L\u01b0\u01a1ng v\u00e0 Rap, gi\u1eefa \u0110\u1eddn Ca T\u00e0i T\u1eed v\u00e0 M\u00faa \u0111\u01b0\u01a1ng \u0111\u1ea1i. V\u1edbi s\u1ef1 g\u00f3p m\u1eb7t c\u1ee7a h\u01a1n 40 g\u01b0\u01a1ng m\u1eb7t s\u00e1ng gi\u00e1 t\u1eeb nhi\u1ec1u lo\u1ea1i h\u00ecnh ngh\u1ec7 thu\u1eadt kh\u00e1c nhau, s\u1ebd quy t\u1ee5 v\u00e0 bi\u1ec3u di\u1ec5n t\u1ea1i \u0111\u00eam nh\u1ea1c &#8220;H\u00f2 X\u1ef1 Xang X\u00ea C\u1ed1ng&#8221; nh\u01b0 NS\u01afT Ng\u1ecdc Khanh, NS\u01afT Hu\u1ef3nh Kh\u1ea3i, NN\u01afT Ng\u1ecdc H\u1eadu, Nh\u1ea1c s\u0129 Nh\u1ee9t D\u0169ng, \u0110\u1ea1o di\u1ec5n Kim Loan,&#8230;<\/li>\n<\/ul>\n\n\n\n<p>Ngo\u00e0i ra, ch\u01b0\u01a1ng tr\u00ecnh c\u00f2n c\u00f3 s\u1ef1 g\u00f3p m\u1eb7t c\u1ee7a nhi\u1ec1u ngh\u1ec7 s\u0129 tr\u1ebb: The Night &#8211; th\u00e0nh vi\u00ean c\u1ee7a nh\u00f3m nh\u1ea1c rap mi\u1ec1n T\u00e2y G5R SQUAD, Qu\u00e1n Qu\u00e2n FPoly&#8217;s Gotalent 2020 v\u00e0 Top 4 Beatbox Tag Team Championship mi\u1ec1n Nam 2019 &#8211; MTBoiz, Top 3 V\u0103n Lang&#8217;s Gotalent 2022 &#8211; TquieT, N\u1eef ca s\u0129 Ch\u00e2u Nhi, C\u00e2u l\u1ea1c b\u1ed9 k\u1ecbch n\u00f3i do sinh vi\u00ean Tr\u01b0\u1eddng \u0110\u1ea1i h\u1ecdc Hoa Sen th\u00e0nh l\u1eadp M-CLOWNs Team c\u00f9ng r\u1ea5t nhi\u1ec1u \u01b0u \u0111\u00e3i ch\u1ec9 d\u00e0nh ri\u00eang cho sinh vi\u00ean HSU:<\/p>\n\n\n\n<ul class=\"wp-block-list\">\n<li>Gi\u1ea3m ngay 5% gi\u00e1 v\u00e9 cho t\u1ea5t c\u1ea3 c\u00e1c b\u1ea1n sinh vi\u00ean khoa Du l\u1ecbch &#8211; Nh\u00e0 h\u00e0ng &#8211; Kh\u00e1ch s\u1ea1n.<\/li>\n\n\n\n<li>Gi\u1ea3m ngay 10% gi\u00e1 v\u00e9 cho t\u1ea5t c\u1ea3 c\u00e1c b\u1ea1n sinh vi\u00ean ng\u00e0nh Qu\u1ea3n tr\u1ecb S\u1ef1 ki\u1ec7n.<\/li>\n\n\n\n<li>H\u00e0ng lo\u1ea1t c\u00e1c qu\u00e0 t\u1eb7ng \u0111i k\u00e8m nh\u01b0: M\u00f3c kho\u00e1, bookmark, postcard d\u00e0nh t\u1eb7ng cho t\u1ea5t c\u1ea3 c\u00e1c b\u1ea1n sinh vi\u00ean HSU.<\/li>\n<\/ul>\n\n\n<div class=\"wp-block-image\">\n<figure class=\"aligncenter size-full\"><img decoding=\"async\" src=\"https:\/\/www.hoasen.edu.vn\/tnvlsv\/wp-content\/uploads\/sites\/31\/2023\/05\/Cover-White.png\" alt=\"\" class=\"wp-image-875\"\/><\/figure>\n<\/div>\n\n\n<p><strong>Th\u00f4ng tin ch\u01b0\u01a1ng tr\u00ecnh:<\/strong><\/p>\n\n\n\n<ul class=\"wp-block-list\">\n<li>Th\u1eddi gian: <strong>18:00 &#8211; 22:00, Th\u1ee9 6, ng\u00e0y 26 th\u00e1ng 5 n\u0103m 2023.<\/strong><\/li>\n\n\n\n<li>\u0110\u1ecba \u0111i\u1ec3m: <strong>S\u00e2n kh\u1ea5u ngh\u1ec7 thu\u1eadt Tr\u01b0\u01a1ng H\u00f9ng Minh &#8211; 22 V\u0129nh Vi\u1ec5n, ph\u01b0\u1eddng 2, qu\u1eadn 10, <\/strong><strong>TP.HCM.<\/strong><\/li>\n<\/ul>\n\n\n\n<p><strong>Th\u00f4ng tin li\u00ean h\u1ec7:<\/strong><\/p>\n\n\n\n<p>P | 0708784595 &#8211; Nguy\u1ec5n Ng\u1ecdc Ng\u00e2n<\/p>\n\n\n\n<p>0937747624 &#8211; Nguy\u1ec5n Ng\u1ecdc Ph\u01b0\u01a1ng Th\u1ea3o<\/p>\n\n\n\n<p>E | <a href=\"mailto:hoxuxangxecong2023@gmail.com\" target=\"_blank\" rel=\"noreferrer noopener\">hoxuxangxecong2023@gmail.com<\/a><\/p>\n\n\n\n<p>F | H\u00f2 X\u1ef1 Xang X\u00ea C\u1ed1ng<\/p>\n\n\n\n<p>H\u00e3y nhanh tay truy c\u1eadp \u0111\u01b0\u1eddng link d\u01b0\u1edbi \u0111\u00e2y \u0111\u1ec3 d\u00e0nh nh\u1eefng \u01b0u \u0111\u00e3i v\u00e0 nh\u1eefng ph\u1ea7n qu\u00e0 h\u1ea5p d\u1eabn nh\u1ea5t nh\u00e9.<\/p>\n\n\n\n<p><strong>Link \u0111\u0103ng k\u00fd: <a href=\"https:\/\/forms.gle\/8cdfmftCff6vfkc38\" target=\"_blank\" rel=\"noreferrer noopener\">https:\/\/forms.gle\/8cdfmftCff6vfkc38<\/a><\/strong><\/p>\n\n\n\n<p>Th\u00e2n m\u1ebfn,<\/p>\n","protected":false},"excerpt":{"rendered":"<p>Th\u00e2n g\u1eedi c\u00e1c b\u1ea1n sinh vi\u00ean, S\u1eafp t\u1edbi \u0111\u00e2y, m\u1ed9t \u0111\u00eam tr\u00ecnh di\u1ec5n s\u1ebd \u0111\u01b0\u1ee3c t\u1ed5 ch\u1ee9c v\u00e0 \u0111\u01b0a c\u00e1c b\u1ea1n qua 4 th\u1ec3 lo\u1ea1i ngh\u1ec7 thu\u1eadt truy\u1ec1n th\u1ed1ng Nam B\u1ed9: Di\u1ec5n x\u01b0\u1edbng D\u00e2n gian Nam B\u1ed9, H\u00e1t B\u1ed9i, \u0110\u1eddn Ca T\u00e0i T\u1eed v\u00e0 C\u1ea3i L\u01b0\u01a1ng. Nh\u1eefng m\u00e0n tr\u00ecnh di\u1ec5n h\u1ebft s\u1ee9c h\u1ea5p d\u1eabn nh\u01b0: Ngo\u00e0i ra, ch\u01b0\u01a1ng tr\u00ecnh c\u00f2n c\u00f3 s\u1ef1 g\u00f3p m\u1eb7t c\u1ee7a nhi\u1ec1u ngh\u1ec7 s\u0129 tr\u1ebb: The Night &#8211; th\u00e0nh vi\u00ean c\u1ee7a nh\u00f3m nh\u1ea1c rap mi\u1ec1n T\u00e2y G5R SQUAD, Qu\u00e1n Qu\u00e2n FPoly&#8217;s Gotalent 2020 v\u00e0 Top 4 Beatbox Tag Team Championship mi\u1ec1n Nam 2019 &#8211; MTBoiz, Top&#8230;<\/p>\n","protected":false},"author":70,"featured_media":0,"parent":0,"menu_order":0,"comment_status":"closed","ping_status":"closed","template":"","meta":{"footnotes":""},"class_list":["post-874","page","type-page","status-publish","hentry"],"acf":[],"_links":{"self":[{"href":"https:\/\/www.hoasen.edu.vn\/tnvlsv\/wp-json\/wp\/v2\/pages\/874","targetHints":{"allow":["GET"]}}],"collection":[{"href":"https:\/\/www.hoasen.edu.vn\/tnvlsv\/wp-json\/wp\/v2\/pages"}],"about":[{"href":"https:\/\/www.hoasen.edu.vn\/tnvlsv\/wp-json\/wp\/v2\/types\/page"}],"author":[{"embeddable":true,"href":"https:\/\/www.hoasen.edu.vn\/tnvlsv\/wp-json\/wp\/v2\/users\/70"}],"replies":[{"embeddable":true,"href":"https:\/\/www.hoasen.edu.vn\/tnvlsv\/wp-json\/wp\/v2\/comments?post=874"}],"version-history":[{"count":1,"href":"https:\/\/www.hoasen.edu.vn\/tnvlsv\/wp-json\/wp\/v2\/pages\/874\/revisions"}],"predecessor-version":[{"id":876,"href":"https:\/\/www.hoasen.edu.vn\/tnvlsv\/wp-json\/wp\/v2\/pages\/874\/revisions\/876"}],"wp:attachment":[{"href":"https:\/\/www.hoasen.edu.vn\/tnvlsv\/wp-json\/wp\/v2\/media?parent=874"}],"curies":[{"name":"wp","href":"https:\/\/api.w.org\/{rel}","templated":true}]}}