{"id":83,"date":"2022-03-28T08:19:10","date_gmt":"2022-03-28T08:19:10","guid":{"rendered":"https:\/\/www.hoasen.edu.vn\/tnvlsv\/?page_id=83"},"modified":"2022-03-28T08:19:11","modified_gmt":"2022-03-28T08:19:11","slug":"en-gioi-thieu-trung-tam","status":"publish","type":"page","link":"https:\/\/www.hoasen.edu.vn\/tnvlsv\/en\/about-us\/en-gioi-thieu-trung-tam\/","title":{"rendered":"[EN] Gi\u1edbi thi\u1ec7u Trung t\u00e2m"},"content":{"rendered":"\n<p>M\u1ed9t trong nh\u1eefng m\u1ee5c ti\u00eau h\u00e0ng \u0111\u1ea7u m\u00e0 HSU lu\u00f4n h\u01b0\u1edbng \u0111\u1ebfn ch\u00ednh l\u00e0 s\u1ef1 tr\u1ea3i nghi\u1ec7m s\u1ed1ng \u0111\u1ed9ng v\u00e0 \u0111\u1eb3ng c\u1ea5p b\u1eadc nh\u1ea5t d\u00e0nh cho sinh vi\u00ean khi h\u1ecdc t\u1eadp t\u1ea1i \u0111\u00e2y. \u1ede HSU, c\u00e1c b\u1ea1n sinh vi\u00ean kh\u00f4ng ch\u1ec9 ti\u1ebfp thu ki\u1ebfn th\u1ee9c h\u1ecdc thu\u1eadt \u0111\u01a1n thu\u1ea7n m\u00e0 c\u00f2n \u0111\u01b0\u1ee3c tr\u1ea3i nghi\u1ec7m th\u1ef1c chi\u1ebfn th\u00f4ng qua c\u00e1c b\u00e0i thi cu\u1ed1i k\u00ec, \u0111\u1ec1 \u00e1n m\u00f4n h\u1ecdc, h\u1ed9i th\u1ea3o, ho\u1ea1t \u0111\u1ed9ng \u0110o\u00e0n &#8211; H\u1ed9i v\u00e0 c\u00e1c c\u00e2u l\u1ea1c b\u1ed9. Sinh vi\u00ean HSU lu\u00f4n b\u1ecf t\u00fai cho m\u00ecnh nh\u1eefng chi\u1ebfc \u201cproject x\u1ecbn x\u00f2\u201d v\u00e0o \u201cportfolio\u201d t\u1eeb ch\u00ednh nh\u1eefng m\u00f4n h\u1ecdc v\u00e0 c\u00e1c ho\u1ea1t \u0111\u1ed9ng tr\u1ea3i nghi\u1ec7m trong su\u1ed1t 4 n\u0103m \u0110\u1ea1i h\u1ecdc.<\/p>\n\n\n\n<p>M\u1ed9t n\u00e9t \u0111\u1eb7c tr\u01b0ng r\u1ea5t Hoa Sen, b\u00ean c\u1ea1nh signature &#8220;t\u00f4n tr\u1ecdng s\u1ef1 kh\u00e1c bi\u1ec7t&#8221; ch\u00ednh l\u00e0 nh\u00e0 tr\u01b0\u1eddng lu\u00f4n t\u1ea1o m\u1ecdi \u0111i\u1ec1u ki\u1ec7n v\u00e0 h\u1ed7 tr\u1ee3 \u0111\u1ec3 c\u00e1c b\u1ea1n sinh vi\u00ean c\u00f3 th\u1ec3 t\u1ef1 do t\u1ed5 ch\u1ee9c c\u00e1c ho\u1ea1t \u0111\u1ed9ng th\u1ef1c h\u00e0nh \u2013 th\u1ef1c h\u1ecdc. C\u00f3 th\u1ec3 th\u1ea5y quang c\u1ea3nh c\u00e1c c\u01a1 s\u1edf, \u0111\u1eb7t bi\u1ec7t l\u00e0 tr\u1ee5 s\u1edf Nguy\u1ec5n V\u0103n Tr\u00e1ng lu\u00f4n t\u1ea5p n\u1eadp, nh\u1ed9n nh\u1ecbp c\u00e1c s\u1ef1 ki\u1ec7n.&nbsp;<\/p>\n\n\n\n<p>M\u1ed7i sinh vi\u00ean Hoa Sen (c\u00f2n g\u1ecdi m\u1ed9t c\u00e1ch th\u00e2n th\u01b0\u01a1ng l\u00e0 \u201cSen-er\u201d) \u0111\u1ec1u tr\u1ea3i qua t\u1eebng ph\u00fat, t\u1eebng gi\u00e2y th\u1ef1c s\u1ef1 \u00fd ngh\u0129. Ch\u00fang t\u00f4i lu\u00f4n t\u00f4n tr\u1ecdng s\u1ef1 kh\u00e1c bi\u1ec7t v\u00e0 t\u1ea1o c\u01a1 h\u1ed9i \u0111\u00e1nh th\u1ee9c ti\u1ec1m n\u0103ng, ph\u00e1 v\u1ee1 gi\u1edbi h\u1ea1n ch\u00ednh m\u00ecnh c\u1ee7a c\u00e1c b\u1ea1n \u0111\u1ec3 kh\u1eb3ng \u0111\u1ecbnh b\u1ea3n th\u00e2n. T\u1ea1i \u0111\u00e2y, c\u00e1c b\u1ea1n s\u1ebd c\u00f3 c\u01a1 h\u1ed9i:&nbsp;&nbsp;<\/p>\n\n\n\n<ul class=\"wp-block-list\"><li>G\u1eb7p g\u1ee1 nh\u1eefng ng\u01b0\u1eddi b\u1ea1n c\u00f9ng s\u1edf th\u00edch v\u00e0 \u0111am m\u00ea t\u1ea1i h\u01a1n 30 C\u00e2u l\u1ea1c b\u1ed9 \u0111a d\u1ea1ng l\u0129nh v\u1ef1c. T\u1eeb h\u1ecdc thu\u1eadt, nghi\u00ean c\u1ee9u cho \u0111\u1ebfn \u1ee9ng d\u1ee5ng, th\u1ef1c h\u00e0nh; ph\u1ee7 \u0111\u1ec1u h\u1ebft t\u1ea5t c\u1ea3 c\u00e1c Khoa \u2013 ng\u00e0nh \u0111\u00e0o t\u1ea1o t\u1ea1i tr\u01b0\u1eddng: kinh t\u1ebf, t\u00e0i ch\u00ednh, truy\u1ec1n th\u00f4ng, qu\u1ea3ng c\u00e1o, nhi\u1ebfp \u1ea3nh, th\u1ec3 thao, gi\u1ea3i tr\u00ed, \u00e2m nh\u1ea1c\u2026<\/li><li>Th\u1ecfa s\u1ee9c kh\u00e1m ph\u00e1 kh\u00f4ng gian h\u1ecdc t\u1eadp hi\u1ec7n \u0111\u1ea1i, v\u1edbi nhi\u1ec1u g\u00f3c selfie th\u1ea7n th\u00e1nh.<\/li><li>Th\u1eed th\u00e1ch b\u1ea3n th\u00e2n, th\u1ecfa \u0111am m\u00ea s\u00e1ng t\u1ea1o qua c\u00e1c ch\u01b0\u01a1ng tr\u00ecnh gi\u1ea3i tr\u00ed s\u00f4i \u0111\u1ed9ng c\u1ee7a c\u1ed9ng \u0111\u1ed3ng Sen-ers, nh\u1eefng Gameshow tri\u1ec7u view \u0111\u00ecnh \u0111\u00e1m, nh\u1eefng \u0111\u1ec1 \u00e1n ho\u00e0nh tr\u00e1ng (Fashion Creation, The Future Chef, \u0110\u01b0\u1eddng ch\u1ea1y s\u1eafc m\u00e0u, I-HOTELIER, GenZ \u2013 Th\u1ebf h\u1ec7 d\u1eabn \u0111\u1ea7u\u2026)<\/li><li>Tr\u1ea3i nghi\u1ec7m c\u00e1c s\u1ef1 ki\u1ec7n v\u00e0 ho\u1ea1t \u0111\u1ed9ng \u0111\u1ea7y s\u1eafc m\u00e0u t\u1eeb ho\u1ea1t \u0111\u1ed9ng \u0110o\u00e0n \u2013 H\u1ed9i.<\/li><li>Mua s\u1eafm c\u00f9ng b\u1ea1n b\u00e8 nh\u1eefng s\u1ea3n ph\u1ea9m \u0111\u1eadm d\u1ea5u \u1ea5n Sen t\u1ea1i Sen Boutique.<\/li><li>T\u1ef1 tin h\u1ed9i nh\u1eadp k\u1ebft n\u1ed1i b\u1ea1n b\u00e8 th\u1ebf gi\u1edbi qua c\u00e1c ch\u01b0\u01a1ng tr\u00ecnh trao \u0111\u1ed5i sinh vi\u00ean qu\u1ed1c t\u1ebf \u2013 c\u01a1 h\u1ed9i du h\u1ecdc ng\u1eafn h\u1ea1n.<\/li><\/ul>\n\n\n\n<p>\u0110\u1ec3 c\u00f3 th\u1ec3 l\u00fd t\u01b0\u1edfng ho\u00e1 nh\u1eefng m\u1ee5c ti\u00eau tr\u00ean, tr\u01b0\u1eddng \u0110\u1ea1i h\u1ecdc Hoa Sen ki\u1ebfn t\u1ea1o n\u00ean m\u1ed9t t\u1ed5 ch\u1ee9c \u0111\u1ec3 ch\u0103m s\u00f3c, \u0111\u00e1p \u1ee9ng d\u1ecbch v\u1ee5 cho c\u00e1c b\u1ea1n sinh vi\u00ean. Trung t\u00e2m Tr\u1ea3i nghi\u1ec7m \u2013 Vi\u1ec7c l\u00e0m Sinh vi\u00ean (Student Center &#8211; SC) ra \u0111\u1eddi v\u1edbi ch\u1ee9c n\u0103ng l\u1eafng nghe c\u00e1c t\u00e2m t\u01b0, nguy\u1ec7n v\u1ecdng, h\u1ed7 tr\u1ee3 v\u00e0 l\u00e0 \u0111\u1ed9ng l\u1ef1c v\u1eadt ch\u1ea5t \u2013 tinh th\u1ea7n v\u1eefng ch\u1eafc cho sinh vi\u00ean. Trung t\u00e2m v\u1edbi c\u00e1c ch\u1ee9c n\u0103ng gi\u1ea3i \u0111\u00e1p th\u1eafc m\u1eafc, y t\u1ebf h\u1ecdc \u0111\u01b0\u1eddng, b\u1ea3o hi\u1ec3m, Tutoring Service, quan h\u1ec7 doanh nghi\u1ec7p v\u00e0 tham v\u1ea5n t\u00e2m l\u00fd. \u0110\u1eb7c bi\u1ec7t, tham v\u1ea5n t\u00e2m l\u00fd \u0111\u01b0\u1ee3c xem l\u00e0 m\u1ed9t \u0111\u1ecba ch\u1ec9 tin c\u1eady \u0111\u01b0\u1ee3c nhi\u1ec1u b\u1ea1n t\u00ecm \u0111\u1ebfn \u0111\u1ec3 ch\u1eefa l\u00e0nh v\u1ebft th\u01b0\u01a1ng trong t\u00e2m h\u1ed3n. SC h\u1ee9a h\u1eb9n v\u00e0 cam k\u1ebft s\u1ebd tr\u1edf th\u00e0nh ng\u01b0\u1eddi b\u1ea1n \u0111\u1ed3ng h\u00e0nh c\u1ee7a Sen-er tr\u00ean m\u1ecdi ch\u1eb7ng \u0111\u01b0\u1eddng h\u1ecdc thu\u1eadt v\u00e0 tr\u1ea3i nghi\u1ec7m t\u1ea1i HSU, g\u00f3p ph\u1ea7n b\u1ed3i \u0111\u1eafp, \u0111i\u1ec3m t\u00f4 th\u00eam m\u00e0u s\u1eafc cho nh\u1eefng n\u0103m th\u00e1ng thanh xu\u00e2n c\u1ee7a c\u00e1c b\u1ea1n r\u1ef1c r\u1ee1 nh\u1ea5t t\u1ea1i m\u00e1i tr\u01b0\u1eddng th\u00e2n th\u01b0\u01a1ng n\u00e0y.&nbsp;<\/p>\n\n\n\n<div class=\"wp-block-group has-cyan-bluish-gray-background-color has-background\"><div class=\"wp-block-group__inner-container is-layout-flow wp-block-group-is-layout-flow\">\n<p>Trung t\u00e2m Tr\u1ea3i nghi\u1ec7m &#8211; Vi\u1ec7c l\u00e0m sinh vi\u00ean<\/p>\n\n\n\n<p>P. 103, s\u1ed1 08 Nguy\u1ec5n V\u0103n Tr\u00e1ng, Q.1, TP.HCM<\/p>\n\n\n\n<p>028 7309 1991 &#8211; Ext: 8<\/p>\n<\/div><\/div>\n","protected":false},"excerpt":{"rendered":"<p>M\u1ed9t trong nh\u1eefng m\u1ee5c ti\u00eau h\u00e0ng \u0111\u1ea7u m\u00e0 HSU lu\u00f4n h\u01b0\u1edbng \u0111\u1ebfn ch\u00ednh l\u00e0 s\u1ef1 tr\u1ea3i nghi\u1ec7m s\u1ed1ng \u0111\u1ed9ng v\u00e0 \u0111\u1eb3ng c\u1ea5p b\u1eadc nh\u1ea5t d\u00e0nh cho sinh vi\u00ean khi h\u1ecdc t\u1eadp t\u1ea1i \u0111\u00e2y. \u1ede HSU, c\u00e1c b\u1ea1n sinh vi\u00ean kh\u00f4ng ch\u1ec9 ti\u1ebfp thu ki\u1ebfn th\u1ee9c h\u1ecdc thu\u1eadt \u0111\u01a1n thu\u1ea7n m\u00e0 c\u00f2n \u0111\u01b0\u1ee3c tr\u1ea3i nghi\u1ec7m th\u1ef1c chi\u1ebfn th\u00f4ng qua c\u00e1c b\u00e0i thi cu\u1ed1i k\u00ec, \u0111\u1ec1 \u00e1n m\u00f4n h\u1ecdc, h\u1ed9i th\u1ea3o, ho\u1ea1t \u0111\u1ed9ng \u0110o\u00e0n &#8211; H\u1ed9i v\u00e0 c\u00e1c c\u00e2u l\u1ea1c b\u1ed9. Sinh vi\u00ean HSU lu\u00f4n b\u1ecf t\u00fai cho m\u00ecnh nh\u1eefng chi\u1ebfc \u201cproject x\u1ecbn x\u00f2\u201d v\u00e0o \u201cportfolio\u201d t\u1eeb ch\u00ednh nh\u1eefng m\u00f4n h\u1ecdc v\u00e0&#8230;<\/p>\n","protected":false},"author":1,"featured_media":0,"parent":81,"menu_order":0,"comment_status":"closed","ping_status":"closed","template":"","meta":{"footnotes":""},"class_list":["post-83","page","type-page","status-publish","hentry"],"acf":[],"_links":{"self":[{"href":"https:\/\/www.hoasen.edu.vn\/tnvlsv\/wp-json\/wp\/v2\/pages\/83","targetHints":{"allow":["GET"]}}],"collection":[{"href":"https:\/\/www.hoasen.edu.vn\/tnvlsv\/wp-json\/wp\/v2\/pages"}],"about":[{"href":"https:\/\/www.hoasen.edu.vn\/tnvlsv\/wp-json\/wp\/v2\/types\/page"}],"author":[{"embeddable":true,"href":"https:\/\/www.hoasen.edu.vn\/tnvlsv\/wp-json\/wp\/v2\/users\/1"}],"replies":[{"embeddable":true,"href":"https:\/\/www.hoasen.edu.vn\/tnvlsv\/wp-json\/wp\/v2\/comments?post=83"}],"version-history":[{"count":1,"href":"https:\/\/www.hoasen.edu.vn\/tnvlsv\/wp-json\/wp\/v2\/pages\/83\/revisions"}],"predecessor-version":[{"id":85,"href":"https:\/\/www.hoasen.edu.vn\/tnvlsv\/wp-json\/wp\/v2\/pages\/83\/revisions\/85"}],"up":[{"embeddable":true,"href":"https:\/\/www.hoasen.edu.vn\/tnvlsv\/wp-json\/wp\/v2\/pages\/81"}],"wp:attachment":[{"href":"https:\/\/www.hoasen.edu.vn\/tnvlsv\/wp-json\/wp\/v2\/media?parent=83"}],"curies":[{"name":"wp","href":"https:\/\/api.w.org\/{rel}","templated":true}]}}