{"id":724,"date":"2023-04-26T04:11:58","date_gmt":"2023-04-26T04:11:58","guid":{"rendered":"https:\/\/www.hoasen.edu.vn\/tnvlsv\/?page_id=724"},"modified":"2023-04-26T05:07:20","modified_gmt":"2023-04-26T05:07:20","slug":"le-tot-nghiep-lan-thu-40-khep-lai-mot-chang-duong-de-bat-dau-mot-hanh-trinh-moi","status":"publish","type":"page","link":"https:\/\/www.hoasen.edu.vn\/tnvlsv\/le-tot-nghiep-lan-thu-40-khep-lai-mot-chang-duong-de-bat-dau-mot-hanh-trinh-moi\/","title":{"rendered":"[L\u1ec4 T\u1ed0T NGHI\u1ec6P L\u1ea6N TH\u1ee8 40] &#8211; KH\u00c9P L\u1ea0I M\u1ed8T CH\u1eb6NG \u0110\u01af\u1edcNG \u0110\u1ec2 B\u1eaeT \u0110\u1ea6U M\u1ed8T H\u00c0NH TR\u00ccNH M\u1edaI"},"content":{"rendered":"<div class=\"wp-block-image\">\n<figure class=\"aligncenter size-full\"><img loading=\"lazy\" decoding=\"async\" width=\"2050\" height=\"780\" src=\"https:\/\/www.hoasen.edu.vn\/tnvlsv\/wp-content\/uploads\/sites\/31\/2023\/04\/CoverFB-KV.png\" alt=\"\" class=\"wp-image-756\" srcset=\"https:\/\/www.hoasen.edu.vn\/tnvlsv\/wp-content\/uploads\/sites\/31\/2023\/04\/CoverFB-KV.png 2050w, https:\/\/www.hoasen.edu.vn\/tnvlsv\/wp-content\/uploads\/sites\/31\/2023\/04\/CoverFB-KV-300x114.png 300w, https:\/\/www.hoasen.edu.vn\/tnvlsv\/wp-content\/uploads\/sites\/31\/2023\/04\/CoverFB-KV-768x292.png 768w, https:\/\/www.hoasen.edu.vn\/tnvlsv\/wp-content\/uploads\/sites\/31\/2023\/04\/CoverFB-KV-1536x584.png 1536w, https:\/\/www.hoasen.edu.vn\/tnvlsv\/wp-content\/uploads\/sites\/31\/2023\/04\/CoverFB-KV-2048x779.png 2048w\" sizes=\"auto, (max-width: 2050px) 100vw, 2050px\" \/><\/figure>\n<\/div>\n\n\n<p><\/p>\n\n\n\n<p><img loading=\"lazy\" decoding=\"async\" height=\"16\" width=\"16\" src=\"https:\/\/static.xx.fbcdn.net\/images\/emoji.php\/v9\/t70\/1.5\/16\/1f49d.png\" alt=\"?\">  Ng\u00e0y 15\/04, t\u1ea1i Nh\u00e0 h\u00e0ng H\u00f2a B\u00ecnh, 1.649 T\u00e2n khoa c\u1ee7a Tr\u01b0\u1eddng \u0110\u1ea1i h\u1ecdc Hoa Sen ch\u00ednh th\u1ee9c t\u1ed1t nghi\u1ec7p!!! Trong \u0111\u00f3, c\u00f3 1 Th\u1ee7 khoa tr\u01b0\u1eddng, 21 Th\u1ee7 khoa ng\u00e0nh, 20 \u00c1 khoa ng\u00e0nh v\u00e0 588 sinh vi\u00ean t\u1ed1t nghi\u1ec7p lo\u1ea1i xu\u1ea5t s\u1eafc v\u00e0 lo\u1ea1i gi\u1ecfi. S\u1ed1 T\u00e2n khoa t\u1ed1t nghi\u1ec7p lo\u1ea1i xu\u1ea5t s\u1eafc v\u00e0 gi\u1ecfi chi\u1ebfm g\u1ea7n 40% t\u1ed5ng sinh vi\u00ean t\u1ed1t nghi\u1ec7p d\u1ecbp n\u00e0y.<\/p>\n\n\n\n<figure class=\"wp-block-gallery has-nested-images columns-default is-cropped wp-block-gallery-1 is-layout-flex wp-block-gallery-is-layout-flex\">\n<figure class=\"wp-block-image size-large\"><img loading=\"lazy\" decoding=\"async\" width=\"2048\" height=\"1154\" data-id=\"725\" src=\"https:\/\/www.hoasen.edu.vn\/tnvlsv\/wp-content\/uploads\/sites\/31\/2023\/04\/340650195_1021536935474590_4914070000634644491_n.jpg\" alt=\"\" class=\"wp-image-725\" srcset=\"https:\/\/www.hoasen.edu.vn\/tnvlsv\/wp-content\/uploads\/sites\/31\/2023\/04\/340650195_1021536935474590_4914070000634644491_n.jpg 2048w, https:\/\/www.hoasen.edu.vn\/tnvlsv\/wp-content\/uploads\/sites\/31\/2023\/04\/340650195_1021536935474590_4914070000634644491_n-300x169.jpg 300w, https:\/\/www.hoasen.edu.vn\/tnvlsv\/wp-content\/uploads\/sites\/31\/2023\/04\/340650195_1021536935474590_4914070000634644491_n-768x433.jpg 768w, https:\/\/www.hoasen.edu.vn\/tnvlsv\/wp-content\/uploads\/sites\/31\/2023\/04\/340650195_1021536935474590_4914070000634644491_n-1536x866.jpg 1536w\" sizes=\"auto, (max-width: 2048px) 100vw, 2048px\" \/><\/figure>\n\n\n\n<figure class=\"wp-block-image size-full\"><img loading=\"lazy\" decoding=\"async\" width=\"2048\" height=\"1365\" data-id=\"728\" src=\"https:\/\/www.hoasen.edu.vn\/tnvlsv\/wp-content\/uploads\/sites\/31\/2023\/04\/342174153_1520398338367594_5335455477872416904_n.png\" alt=\"\" class=\"wp-image-728\" srcset=\"https:\/\/www.hoasen.edu.vn\/tnvlsv\/wp-content\/uploads\/sites\/31\/2023\/04\/342174153_1520398338367594_5335455477872416904_n.png 2048w, https:\/\/www.hoasen.edu.vn\/tnvlsv\/wp-content\/uploads\/sites\/31\/2023\/04\/342174153_1520398338367594_5335455477872416904_n-300x200.png 300w, https:\/\/www.hoasen.edu.vn\/tnvlsv\/wp-content\/uploads\/sites\/31\/2023\/04\/342174153_1520398338367594_5335455477872416904_n-768x512.png 768w, https:\/\/www.hoasen.edu.vn\/tnvlsv\/wp-content\/uploads\/sites\/31\/2023\/04\/342174153_1520398338367594_5335455477872416904_n-1536x1024.png 1536w\" sizes=\"auto, (max-width: 2048px) 100vw, 2048px\" \/><\/figure>\n\n\n\n<figure class=\"wp-block-image size-large\"><img loading=\"lazy\" decoding=\"async\" width=\"2048\" height=\"1154\" data-id=\"727\" src=\"https:\/\/www.hoasen.edu.vn\/tnvlsv\/wp-content\/uploads\/sites\/31\/2023\/04\/341176011_3483724901874815_5054691540124607905_n.jpg\" alt=\"\" class=\"wp-image-727\" srcset=\"https:\/\/www.hoasen.edu.vn\/tnvlsv\/wp-content\/uploads\/sites\/31\/2023\/04\/341176011_3483724901874815_5054691540124607905_n.jpg 2048w, https:\/\/www.hoasen.edu.vn\/tnvlsv\/wp-content\/uploads\/sites\/31\/2023\/04\/341176011_3483724901874815_5054691540124607905_n-300x169.jpg 300w, https:\/\/www.hoasen.edu.vn\/tnvlsv\/wp-content\/uploads\/sites\/31\/2023\/04\/341176011_3483724901874815_5054691540124607905_n-768x433.jpg 768w, https:\/\/www.hoasen.edu.vn\/tnvlsv\/wp-content\/uploads\/sites\/31\/2023\/04\/341176011_3483724901874815_5054691540124607905_n-1536x866.jpg 1536w\" sizes=\"auto, (max-width: 2048px) 100vw, 2048px\" \/><\/figure>\n<\/figure>\n\n\n\n<p><img loading=\"lazy\" decoding=\"async\" height=\"16\" width=\"16\" src=\"https:\/\/static.xx.fbcdn.net\/images\/emoji.php\/v9\/t70\/1.5\/16\/1f49d.png\" alt=\"?\"> \u0110\u1eb7c bi\u1ec7t, l\u1ea7n \u0111\u1ea7u ti\u00ean t\u1ea1i L\u1ec5 t\u1ed1t nghi\u1ec7p c\u1ee7a m\u1ed9t tr\u01b0\u1eddng \u0111\u1ea1i h\u1ecdc, c\u00e1c b\u1ea1n Th\u1ee7 khoa \u0111\u00e3 b\u01b0\u1edbc \u0111i nh\u1eefng b\u01b0\u1edbc \u201cFinal Walk\u201d \u0111\u1ec3 c\u1ea5t l\u00ean \u201cFinal Talk\u201d tr\u00ean ch\u00ednh \u201cs\u00e0n di\u1ec5n\u201d c\u1ee7a cu\u1ed9c \u0111\u1eddi m\u00ecnh. \u0110\u00e2y l\u00e0 kho\u1ea3nh kh\u1eafc \u0111\u01b0\u1ee3c ch\u1edd \u0111\u1ee3i trong cu\u1ed9c \u0111\u1eddi m\u1ed7i ng\u01b0\u1eddi, ch\u1ee9a \u0111\u1ef1ng c\u1ea3 s\u1ef1 ch\u00edn mu\u1ed3i trong c\u1ea3m x\u00fac v\u00e0 suy ngh\u0129 v\u00e0 c\u1ea3 s\u1ef1 b\u1ed3i h\u1ed3i, h\u1ee9ng kh\u1edfi. \u0110\u00f3 c\u0169ng l\u00e0 kho\u1ea3nh kh\u1eafc c\u1ee7a s\u1ef1 chuy\u1ec3n giao &#8211; gi\u1eefa hi\u1ec7n t\u1ea1i v\u00e0 t\u01b0\u01a1ng lai, gi\u1eefa m\u1ed9t c\u00f4, c\u1eadu sinh vi\u00ean \u0111\u1ec3 tr\u1edf th\u00e0nh m\u1ed9t ng\u01b0\u1eddi tr\u01b0\u1edfng th\u00e0nh, m\u1ed9t t\u00e0i n\u0103ng c\u1ee7a x\u00e3 h\u1ed9i.<\/p>\n\n\n\n<p>Nh\u1eefng \u0111i\u1ec1u \u0111\u1eb7c bi\u1ec7t ch\u1ec9 c\u00f3 t\u1ea1i L\u1ec5 t\u1ed1t nghi\u1ec7p l\u1ea7n th\u1ee9 40 c\u1ee7a HSU<\/p>\n\n\n\n<p><img loading=\"lazy\" decoding=\"async\" height=\"16\" width=\"16\" alt=\"\u2705\" src=\"https:\/\/static.xx.fbcdn.net\/images\/emoji.php\/v9\/tba\/1.5\/16\/2705.png\"> 1. L\u1ec5 t\u1ed1t nghi\u1ec7p l\u1edbn nh\u1ea5t trong 32 n\u0103m ho\u1ea1t \u0111\u1ed9ng c\u1ee7a HSU v\u1edbi 1.649 T\u00e2n khoa<\/p>\n\n\n\n<p><img loading=\"lazy\" decoding=\"async\" height=\"16\" width=\"16\" alt=\"\u2705\" src=\"https:\/\/static.xx.fbcdn.net\/images\/emoji.php\/v9\/tba\/1.5\/16\/2705.png\"> 2. <a><\/a>L\u1ea7n \u0111\u1ea7u ti\u00ean t\u1ea1i L\u1ec5 t\u1ed1t nghi\u1ec7p c\u00f3 nghi th\u1ee9c \u201cfinal talk\u201d \u0111\u1ec3 c\u00e1c Th\u1ee7 khoa g\u1eedi g\u1eafm nh\u1eefng th\u00f4ng \u0111i\u1ec7p \u00fd ngh\u0129a<\/p>\n\n\n\n<p><img loading=\"lazy\" decoding=\"async\" height=\"16\" width=\"16\" alt=\"\u2705\" src=\"https:\/\/static.xx.fbcdn.net\/images\/emoji.php\/v9\/tba\/1.5\/16\/2705.png\"> 3. T\u1ec9 l\u1ec7 sinh vi\u00ean c\u00f3 vi\u1ec7c l\u00e0m tr\u01b0\u1edbc khi t\u1ed1t nghi\u1ec7p l\u00e0 94,3%. Th\u00f4ng tin vi\u1ec7c l\u00e0m c\u1ee7a T\u00e2n khoa c\u0169ng \u0111\u01b0\u1ee3c tr\u00ecnh chi\u1ebfu khi T\u00e2n khoa b\u01b0\u1edbc l\u00ean b\u1ee5c danh d\u1ef1 nh\u1eadn b\u1eb1ng t\u1ed1t nghi\u1ec7p.<\/p>\n\n\n\n<p><img loading=\"lazy\" decoding=\"async\" height=\"16\" width=\"16\" alt=\"\u2705\" src=\"https:\/\/static.xx.fbcdn.net\/images\/emoji.php\/v9\/tba\/1.5\/16\/2705.png\"> 4. G\u1ea7n 40% sinh vi\u00ean t\u1ed1t nghi\u1ec7p lo\u1ea1i xu\u1ea5t s\u1eafc v\u00e0 lo\u1ea1i gi\u1ecfi<\/p>\n\n\n\n<p><img loading=\"lazy\" decoding=\"async\" height=\"16\" width=\"16\" alt=\"\u2705\" src=\"https:\/\/static.xx.fbcdn.net\/images\/emoji.php\/v9\/tba\/1.5\/16\/2705.png\"> 5. Ti\u1ebft m\u1ee5c m\u1edf m\u00e0n v\u1edbi s\u1ef1 k\u1ebft h\u1ee3p \u0111\u1eb7c bi\u1ec7t c\u1ee7a Hi\u1ec7u tr\u01b0\u1edfng Nh\u00e0 tr\u01b0\u1eddng v\u00e0 g\u1ea7n 50 sinh vi\u00ean, c\u1ef1u sinh vi\u00ean<\/p>\n\n\n\n<p><img loading=\"lazy\" decoding=\"async\" height=\"16\" width=\"16\" alt=\"\u2705\" src=\"https:\/\/static.xx.fbcdn.net\/images\/emoji.php\/v9\/tba\/1.5\/16\/2705.png\"> 6. L\u1ec5 t\u1ed1t nghi\u1ec7p \u0111\u01b0\u1ee3c d\u1eabn d\u1eaft b\u1edfi MC \u201cx\u1ecbn s\u00f2\u201d: Hoa h\u1eadu \u2013 ThS. L\u00ea \u00c2u Ng\u00e2n Anh v\u00e0 MC Phan T\u00f4 Ny &#8211; BTV \u0111\u00e0i truy\u1ec1n h\u00ecnh HTV<\/p>\n\n\n\n<p><img loading=\"lazy\" decoding=\"async\" height=\"16\" width=\"16\" alt=\"\u2705\" src=\"https:\/\/static.xx.fbcdn.net\/images\/emoji.php\/v9\/tba\/1.5\/16\/2705.png\"> 7. S\u00e2n kh\u1ea5u v\u00e0 c\u00e1c ti\u1ebft m\u1ee5c \u0111\u01b0\u1ee3c \u0111\u1ea7u t\u01b0 d\u00e0n d\u1ef1ng c\u00f4ng phu, ho\u00e0nh tr\u00e1ng nh\u1eb1m mang \u0111\u1ebfn m\u1ed9t bu\u1ed5i l\u1ec5 trang tr\u1ecdng, ch\u1ec9n chu, nhi\u1ec1u c\u1ea3m x\u00fac cho sinh vi\u00ean v\u00e0 ph\u1ee5 huynh.<\/p>\n\n\n\n<p>H\u00e3y c\u00f9ng nh\u00ecn l\u1ea1i m\u1ed9t s\u1ed1 h\u00ecnh \u1ea3nh t\u1ea1i bu\u1ed5i L\u1ec5 t\u1ed1t nghi\u1ec7p l\u1ea7n th\u1ee9 40!<\/p>\n\n\n\n<figure class=\"wp-block-gallery has-nested-images columns-default is-cropped wp-block-gallery-2 is-layout-flex wp-block-gallery-is-layout-flex\">\n<figure class=\"wp-block-image size-large\"><img loading=\"lazy\" decoding=\"async\" width=\"2048\" height=\"1365\" data-id=\"733\" src=\"https:\/\/www.hoasen.edu.vn\/tnvlsv\/wp-content\/uploads\/sites\/31\/2023\/04\/342174153_1520398338367594_5335455477872416904_n-1.png\" alt=\"\" class=\"wp-image-733\" srcset=\"https:\/\/www.hoasen.edu.vn\/tnvlsv\/wp-content\/uploads\/sites\/31\/2023\/04\/342174153_1520398338367594_5335455477872416904_n-1.png 2048w, https:\/\/www.hoasen.edu.vn\/tnvlsv\/wp-content\/uploads\/sites\/31\/2023\/04\/342174153_1520398338367594_5335455477872416904_n-1-300x200.png 300w, https:\/\/www.hoasen.edu.vn\/tnvlsv\/wp-content\/uploads\/sites\/31\/2023\/04\/342174153_1520398338367594_5335455477872416904_n-1-768x512.png 768w, https:\/\/www.hoasen.edu.vn\/tnvlsv\/wp-content\/uploads\/sites\/31\/2023\/04\/342174153_1520398338367594_5335455477872416904_n-1-1536x1024.png 1536w\" sizes=\"auto, (max-width: 2048px) 100vw, 2048px\" \/><\/figure>\n\n\n\n<figure class=\"wp-block-image size-large\"><img loading=\"lazy\" decoding=\"async\" width=\"2048\" height=\"1152\" data-id=\"731\" src=\"https:\/\/www.hoasen.edu.vn\/tnvlsv\/wp-content\/uploads\/sites\/31\/2023\/04\/342030012_9439140632763000_7920761930885028949_n.png\" alt=\"\" class=\"wp-image-731\" srcset=\"https:\/\/www.hoasen.edu.vn\/tnvlsv\/wp-content\/uploads\/sites\/31\/2023\/04\/342030012_9439140632763000_7920761930885028949_n.png 2048w, https:\/\/www.hoasen.edu.vn\/tnvlsv\/wp-content\/uploads\/sites\/31\/2023\/04\/342030012_9439140632763000_7920761930885028949_n-300x169.png 300w, https:\/\/www.hoasen.edu.vn\/tnvlsv\/wp-content\/uploads\/sites\/31\/2023\/04\/342030012_9439140632763000_7920761930885028949_n-768x432.png 768w, https:\/\/www.hoasen.edu.vn\/tnvlsv\/wp-content\/uploads\/sites\/31\/2023\/04\/342030012_9439140632763000_7920761930885028949_n-1536x864.png 1536w\" sizes=\"auto, (max-width: 2048px) 100vw, 2048px\" \/><\/figure>\n\n\n\n<figure class=\"wp-block-image size-large\"><img loading=\"lazy\" decoding=\"async\" width=\"2048\" height=\"1365\" data-id=\"734\" src=\"https:\/\/www.hoasen.edu.vn\/tnvlsv\/wp-content\/uploads\/sites\/31\/2023\/04\/341627162_946787119699213_3405332447953804883_n.png\" alt=\"\" class=\"wp-image-734\" srcset=\"https:\/\/www.hoasen.edu.vn\/tnvlsv\/wp-content\/uploads\/sites\/31\/2023\/04\/341627162_946787119699213_3405332447953804883_n.png 2048w, https:\/\/www.hoasen.edu.vn\/tnvlsv\/wp-content\/uploads\/sites\/31\/2023\/04\/341627162_946787119699213_3405332447953804883_n-300x200.png 300w, https:\/\/www.hoasen.edu.vn\/tnvlsv\/wp-content\/uploads\/sites\/31\/2023\/04\/341627162_946787119699213_3405332447953804883_n-768x512.png 768w, https:\/\/www.hoasen.edu.vn\/tnvlsv\/wp-content\/uploads\/sites\/31\/2023\/04\/341627162_946787119699213_3405332447953804883_n-1536x1024.png 1536w\" sizes=\"auto, (max-width: 2048px) 100vw, 2048px\" \/><\/figure>\n\n\n\n<figure class=\"wp-block-image size-large\"><img loading=\"lazy\" decoding=\"async\" width=\"2048\" height=\"1154\" data-id=\"732\" src=\"https:\/\/www.hoasen.edu.vn\/tnvlsv\/wp-content\/uploads\/sites\/31\/2023\/04\/341677507_587491520019697_7441750819148343733_n.png\" alt=\"\" class=\"wp-image-732\" srcset=\"https:\/\/www.hoasen.edu.vn\/tnvlsv\/wp-content\/uploads\/sites\/31\/2023\/04\/341677507_587491520019697_7441750819148343733_n.png 2048w, https:\/\/www.hoasen.edu.vn\/tnvlsv\/wp-content\/uploads\/sites\/31\/2023\/04\/341677507_587491520019697_7441750819148343733_n-300x169.png 300w, https:\/\/www.hoasen.edu.vn\/tnvlsv\/wp-content\/uploads\/sites\/31\/2023\/04\/341677507_587491520019697_7441750819148343733_n-768x433.png 768w, https:\/\/www.hoasen.edu.vn\/tnvlsv\/wp-content\/uploads\/sites\/31\/2023\/04\/341677507_587491520019697_7441750819148343733_n-1536x866.png 1536w\" sizes=\"auto, (max-width: 2048px) 100vw, 2048px\" \/><\/figure>\n\n\n\n<figure class=\"wp-block-image size-large\"><img loading=\"lazy\" decoding=\"async\" width=\"2048\" height=\"1326\" data-id=\"729\" src=\"https:\/\/www.hoasen.edu.vn\/tnvlsv\/wp-content\/uploads\/sites\/31\/2023\/04\/341771163_1058868305086159_4716512609052279360_n.jpg\" alt=\"\" class=\"wp-image-729\" srcset=\"https:\/\/www.hoasen.edu.vn\/tnvlsv\/wp-content\/uploads\/sites\/31\/2023\/04\/341771163_1058868305086159_4716512609052279360_n.jpg 2048w, https:\/\/www.hoasen.edu.vn\/tnvlsv\/wp-content\/uploads\/sites\/31\/2023\/04\/341771163_1058868305086159_4716512609052279360_n-300x194.jpg 300w, https:\/\/www.hoasen.edu.vn\/tnvlsv\/wp-content\/uploads\/sites\/31\/2023\/04\/341771163_1058868305086159_4716512609052279360_n-768x497.jpg 768w, https:\/\/www.hoasen.edu.vn\/tnvlsv\/wp-content\/uploads\/sites\/31\/2023\/04\/341771163_1058868305086159_4716512609052279360_n-1536x995.jpg 1536w\" sizes=\"auto, (max-width: 2048px) 100vw, 2048px\" \/><\/figure>\n\n\n\n<figure class=\"wp-block-image size-large\"><img loading=\"lazy\" decoding=\"async\" width=\"1000\" height=\"666\" data-id=\"730\" src=\"https:\/\/www.hoasen.edu.vn\/tnvlsv\/wp-content\/uploads\/sites\/31\/2023\/04\/341685226_937300587318666_8322492947688947574_n.png\" alt=\"\" class=\"wp-image-730\" srcset=\"https:\/\/www.hoasen.edu.vn\/tnvlsv\/wp-content\/uploads\/sites\/31\/2023\/04\/341685226_937300587318666_8322492947688947574_n.png 1000w, https:\/\/www.hoasen.edu.vn\/tnvlsv\/wp-content\/uploads\/sites\/31\/2023\/04\/341685226_937300587318666_8322492947688947574_n-300x200.png 300w, https:\/\/www.hoasen.edu.vn\/tnvlsv\/wp-content\/uploads\/sites\/31\/2023\/04\/341685226_937300587318666_8322492947688947574_n-768x511.png 768w\" sizes=\"auto, (max-width: 1000px) 100vw, 1000px\" \/><\/figure>\n<\/figure>\n","protected":false},"excerpt":{"rendered":"<p>Ng\u00e0y 15\/04, t\u1ea1i Nh\u00e0 h\u00e0ng H\u00f2a B\u00ecnh, 1.649 T\u00e2n khoa c\u1ee7a Tr\u01b0\u1eddng \u0110\u1ea1i h\u1ecdc Hoa Sen ch\u00ednh th\u1ee9c t\u1ed1t nghi\u1ec7p!!! Trong \u0111\u00f3, c\u00f3 1 Th\u1ee7 khoa tr\u01b0\u1eddng, 21 Th\u1ee7 khoa ng\u00e0nh, 20 \u00c1 khoa ng\u00e0nh v\u00e0 588 sinh vi\u00ean t\u1ed1t nghi\u1ec7p lo\u1ea1i xu\u1ea5t s\u1eafc v\u00e0 lo\u1ea1i gi\u1ecfi. S\u1ed1 T\u00e2n khoa t\u1ed1t nghi\u1ec7p lo\u1ea1i xu\u1ea5t s\u1eafc v\u00e0 gi\u1ecfi chi\u1ebfm g\u1ea7n 40% t\u1ed5ng sinh vi\u00ean t\u1ed1t nghi\u1ec7p d\u1ecbp n\u00e0y. \u0110\u1eb7c bi\u1ec7t, l\u1ea7n \u0111\u1ea7u ti\u00ean t\u1ea1i L\u1ec5 t\u1ed1t nghi\u1ec7p c\u1ee7a m\u1ed9t tr\u01b0\u1eddng \u0111\u1ea1i h\u1ecdc, c\u00e1c b\u1ea1n Th\u1ee7 khoa \u0111\u00e3 b\u01b0\u1edbc \u0111i nh\u1eefng b\u01b0\u1edbc \u201cFinal Walk\u201d \u0111\u1ec3 c\u1ea5t l\u00ean \u201cFinal Talk\u201d tr\u00ean ch\u00ednh \u201cs\u00e0n&#8230;<\/p>\n","protected":false},"author":70,"featured_media":0,"parent":0,"menu_order":0,"comment_status":"closed","ping_status":"closed","template":"","meta":{"footnotes":""},"class_list":["post-724","page","type-page","status-publish","hentry"],"acf":[],"_links":{"self":[{"href":"https:\/\/www.hoasen.edu.vn\/tnvlsv\/wp-json\/wp\/v2\/pages\/724","targetHints":{"allow":["GET"]}}],"collection":[{"href":"https:\/\/www.hoasen.edu.vn\/tnvlsv\/wp-json\/wp\/v2\/pages"}],"about":[{"href":"https:\/\/www.hoasen.edu.vn\/tnvlsv\/wp-json\/wp\/v2\/types\/page"}],"author":[{"embeddable":true,"href":"https:\/\/www.hoasen.edu.vn\/tnvlsv\/wp-json\/wp\/v2\/users\/70"}],"replies":[{"embeddable":true,"href":"https:\/\/www.hoasen.edu.vn\/tnvlsv\/wp-json\/wp\/v2\/comments?post=724"}],"version-history":[{"count":2,"href":"https:\/\/www.hoasen.edu.vn\/tnvlsv\/wp-json\/wp\/v2\/pages\/724\/revisions"}],"predecessor-version":[{"id":757,"href":"https:\/\/www.hoasen.edu.vn\/tnvlsv\/wp-json\/wp\/v2\/pages\/724\/revisions\/757"}],"wp:attachment":[{"href":"https:\/\/www.hoasen.edu.vn\/tnvlsv\/wp-json\/wp\/v2\/media?parent=724"}],"curies":[{"name":"wp","href":"https:\/\/api.w.org\/{rel}","templated":true}]}}