{"id":642,"date":"2023-03-20T03:04:46","date_gmt":"2023-03-20T03:04:46","guid":{"rendered":"https:\/\/www.hoasen.edu.vn\/tnvlsv\/?page_id=642"},"modified":"2023-03-20T03:04:46","modified_gmt":"2023-03-20T03:04:46","slug":"trai-nghiem-ban-cung-va-danh-golf-tai-hsu","status":"publish","type":"page","link":"https:\/\/www.hoasen.edu.vn\/tnvlsv\/trai-nghiem-ban-cung-va-danh-golf-tai-hsu\/","title":{"rendered":"TR\u1ea2I NGHI\u1ec6M B\u1eaeN CUNG V\u00c0 \u0110\u00c1NH GOLF T\u1ea0I HSU"},"content":{"rendered":"\n<p>V\u1eeba qua, c\u00e1c b\u1ea1n sinh vi\u00ean HSU \u0111\u00e3 c\u00f3 c\u01a1 h\u1ed9i tr\u1ea3i nghi\u1ec7m 2 m\u00f4n th\u1ec3 thao \u0111\u1eb7c s\u1eafc l\u00e0 B\u1eafn cung v\u00e0 \u0111\u00e1nh Golf ngay t\u1ea1i c\u01a1 s\u1edf ch\u00ednh, s\u1ed1 8 Nguy\u1ec5n V\u0103n Tr\u00e1ng, qu\u1eadn 1.<\/p>\n\n\n\n<p>N\u1ebfu nh\u01b0 b\u1ea1n ngh\u0129 r\u1eb1ng golf hay b\u1eafn cung \u0111\u1ec1u l\u00e0 nh\u1eefng m\u00f4n th\u1ec3 thao c\u00f3 \u0111\u1ed9 kh\u00f3 cao, \u0111\u00f2i h\u1ecfi c\u01a1 s\u1edf v\u1eadt ch\u1ea5t \u0111\u1ee7 ti\u00eau chu\u1ea9n th\u00ec kh\u00f4ng h\u1eb3n \u0111\u00e2u nha.<\/p>\n\n\n\n<p>Hi\u1ec7n t\u1ea1i Trung t\u00e2m Th\u1ec3 thao Hoa Sen v\u1eabn \u0111ang tri\u1ec3n khai gi\u1ea3ng d\u1ea1y nhi\u1ec1u m\u00f4n th\u1ec3 thao th\u1eddi th\u01b0\u1ee3ng nh\u01b0 golf, b\u1eafn cung, dance sport&#8230; HSUers n\u00e0o mu\u1ed1n tr\u1ea3i nghi\u1ec7m th\u00ec li\u00ean h\u1ec7 ngay Trung t\u00e2m Th\u1ec3 Thao Tr\u01b0\u1eddng \u0110\u1ea1i h\u1ecdc Hoa Sen nh\u00e9!<\/p>\n\n\n\n<figure class=\"wp-block-gallery has-nested-images columns-default is-cropped wp-block-gallery-1 is-layout-flex wp-block-gallery-is-layout-flex\">\n<figure class=\"wp-block-image size-large\"><img loading=\"lazy\" decoding=\"async\" width=\"2048\" height=\"1152\" data-id=\"643\" src=\"https:\/\/www.hoasen.edu.vn\/tnvlsv\/wp-content\/uploads\/sites\/31\/2023\/03\/336790788_555277563337133_778407677025062264_n.jpg\" alt=\"\" class=\"wp-image-643\" srcset=\"https:\/\/www.hoasen.edu.vn\/tnvlsv\/wp-content\/uploads\/sites\/31\/2023\/03\/336790788_555277563337133_778407677025062264_n.jpg 2048w, https:\/\/www.hoasen.edu.vn\/tnvlsv\/wp-content\/uploads\/sites\/31\/2023\/03\/336790788_555277563337133_778407677025062264_n-300x169.jpg 300w, https:\/\/www.hoasen.edu.vn\/tnvlsv\/wp-content\/uploads\/sites\/31\/2023\/03\/336790788_555277563337133_778407677025062264_n-256x144.jpg 256w, https:\/\/www.hoasen.edu.vn\/tnvlsv\/wp-content\/uploads\/sites\/31\/2023\/03\/336790788_555277563337133_778407677025062264_n-474x267.jpg 474w, https:\/\/www.hoasen.edu.vn\/tnvlsv\/wp-content\/uploads\/sites\/31\/2023\/03\/336790788_555277563337133_778407677025062264_n-396x223.jpg 396w, https:\/\/www.hoasen.edu.vn\/tnvlsv\/wp-content\/uploads\/sites\/31\/2023\/03\/336790788_555277563337133_778407677025062264_n-310x174.jpg 310w, https:\/\/www.hoasen.edu.vn\/tnvlsv\/wp-content\/uploads\/sites\/31\/2023\/03\/336790788_555277563337133_778407677025062264_n-418x235.jpg 418w, https:\/\/www.hoasen.edu.vn\/tnvlsv\/wp-content\/uploads\/sites\/31\/2023\/03\/336790788_555277563337133_778407677025062264_n-425x239.jpg 425w, https:\/\/www.hoasen.edu.vn\/tnvlsv\/wp-content\/uploads\/sites\/31\/2023\/03\/336790788_555277563337133_778407677025062264_n-201x113.jpg 201w, https:\/\/www.hoasen.edu.vn\/tnvlsv\/wp-content\/uploads\/sites\/31\/2023\/03\/336790788_555277563337133_778407677025062264_n-492x277.jpg 492w, https:\/\/www.hoasen.edu.vn\/tnvlsv\/wp-content\/uploads\/sites\/31\/2023\/03\/336790788_555277563337133_778407677025062264_n-645x363.jpg 645w, https:\/\/www.hoasen.edu.vn\/tnvlsv\/wp-content\/uploads\/sites\/31\/2023\/03\/336790788_555277563337133_778407677025062264_n-415x233.jpg 415w, https:\/\/www.hoasen.edu.vn\/tnvlsv\/wp-content\/uploads\/sites\/31\/2023\/03\/336790788_555277563337133_778407677025062264_n-395x222.jpg 395w, https:\/\/www.hoasen.edu.vn\/tnvlsv\/wp-content\/uploads\/sites\/31\/2023\/03\/336790788_555277563337133_778407677025062264_n-535x301.jpg 535w\" sizes=\"auto, (max-width: 2048px) 100vw, 2048px\" \/><\/figure>\n\n\n\n<figure class=\"wp-block-image size-large\"><img loading=\"lazy\" decoding=\"async\" width=\"2048\" height=\"1152\" data-id=\"644\" src=\"https:\/\/www.hoasen.edu.vn\/tnvlsv\/wp-content\/uploads\/sites\/31\/2023\/03\/336751413_926159148526403_2335687787174376078_n.jpg\" alt=\"\" class=\"wp-image-644\" srcset=\"https:\/\/www.hoasen.edu.vn\/tnvlsv\/wp-content\/uploads\/sites\/31\/2023\/03\/336751413_926159148526403_2335687787174376078_n.jpg 2048w, https:\/\/www.hoasen.edu.vn\/tnvlsv\/wp-content\/uploads\/sites\/31\/2023\/03\/336751413_926159148526403_2335687787174376078_n-300x169.jpg 300w, https:\/\/www.hoasen.edu.vn\/tnvlsv\/wp-content\/uploads\/sites\/31\/2023\/03\/336751413_926159148526403_2335687787174376078_n-256x144.jpg 256w, https:\/\/www.hoasen.edu.vn\/tnvlsv\/wp-content\/uploads\/sites\/31\/2023\/03\/336751413_926159148526403_2335687787174376078_n-474x267.jpg 474w, https:\/\/www.hoasen.edu.vn\/tnvlsv\/wp-content\/uploads\/sites\/31\/2023\/03\/336751413_926159148526403_2335687787174376078_n-396x223.jpg 396w, https:\/\/www.hoasen.edu.vn\/tnvlsv\/wp-content\/uploads\/sites\/31\/2023\/03\/336751413_926159148526403_2335687787174376078_n-310x174.jpg 310w, https:\/\/www.hoasen.edu.vn\/tnvlsv\/wp-content\/uploads\/sites\/31\/2023\/03\/336751413_926159148526403_2335687787174376078_n-418x235.jpg 418w, https:\/\/www.hoasen.edu.vn\/tnvlsv\/wp-content\/uploads\/sites\/31\/2023\/03\/336751413_926159148526403_2335687787174376078_n-425x239.jpg 425w, https:\/\/www.hoasen.edu.vn\/tnvlsv\/wp-content\/uploads\/sites\/31\/2023\/03\/336751413_926159148526403_2335687787174376078_n-201x113.jpg 201w, https:\/\/www.hoasen.edu.vn\/tnvlsv\/wp-content\/uploads\/sites\/31\/2023\/03\/336751413_926159148526403_2335687787174376078_n-492x277.jpg 492w, https:\/\/www.hoasen.edu.vn\/tnvlsv\/wp-content\/uploads\/sites\/31\/2023\/03\/336751413_926159148526403_2335687787174376078_n-645x363.jpg 645w, https:\/\/www.hoasen.edu.vn\/tnvlsv\/wp-content\/uploads\/sites\/31\/2023\/03\/336751413_926159148526403_2335687787174376078_n-415x233.jpg 415w, https:\/\/www.hoasen.edu.vn\/tnvlsv\/wp-content\/uploads\/sites\/31\/2023\/03\/336751413_926159148526403_2335687787174376078_n-395x222.jpg 395w, https:\/\/www.hoasen.edu.vn\/tnvlsv\/wp-content\/uploads\/sites\/31\/2023\/03\/336751413_926159148526403_2335687787174376078_n-535x301.jpg 535w\" sizes=\"auto, (max-width: 2048px) 100vw, 2048px\" \/><\/figure>\n\n\n\n<figure class=\"wp-block-image size-large\"><img loading=\"lazy\" decoding=\"async\" width=\"2048\" height=\"1152\" data-id=\"645\" src=\"https:\/\/www.hoasen.edu.vn\/tnvlsv\/wp-content\/uploads\/sites\/31\/2023\/03\/336666790_929560088235522_8469542567251412842_n.jpg\" alt=\"\" class=\"wp-image-645\" srcset=\"https:\/\/www.hoasen.edu.vn\/tnvlsv\/wp-content\/uploads\/sites\/31\/2023\/03\/336666790_929560088235522_8469542567251412842_n.jpg 2048w, https:\/\/www.hoasen.edu.vn\/tnvlsv\/wp-content\/uploads\/sites\/31\/2023\/03\/336666790_929560088235522_8469542567251412842_n-300x169.jpg 300w, https:\/\/www.hoasen.edu.vn\/tnvlsv\/wp-content\/uploads\/sites\/31\/2023\/03\/336666790_929560088235522_8469542567251412842_n-256x144.jpg 256w, https:\/\/www.hoasen.edu.vn\/tnvlsv\/wp-content\/uploads\/sites\/31\/2023\/03\/336666790_929560088235522_8469542567251412842_n-474x267.jpg 474w, https:\/\/www.hoasen.edu.vn\/tnvlsv\/wp-content\/uploads\/sites\/31\/2023\/03\/336666790_929560088235522_8469542567251412842_n-396x223.jpg 396w, https:\/\/www.hoasen.edu.vn\/tnvlsv\/wp-content\/uploads\/sites\/31\/2023\/03\/336666790_929560088235522_8469542567251412842_n-310x174.jpg 310w, https:\/\/www.hoasen.edu.vn\/tnvlsv\/wp-content\/uploads\/sites\/31\/2023\/03\/336666790_929560088235522_8469542567251412842_n-418x235.jpg 418w, https:\/\/www.hoasen.edu.vn\/tnvlsv\/wp-content\/uploads\/sites\/31\/2023\/03\/336666790_929560088235522_8469542567251412842_n-425x239.jpg 425w, https:\/\/www.hoasen.edu.vn\/tnvlsv\/wp-content\/uploads\/sites\/31\/2023\/03\/336666790_929560088235522_8469542567251412842_n-201x113.jpg 201w, https:\/\/www.hoasen.edu.vn\/tnvlsv\/wp-content\/uploads\/sites\/31\/2023\/03\/336666790_929560088235522_8469542567251412842_n-492x277.jpg 492w, https:\/\/www.hoasen.edu.vn\/tnvlsv\/wp-content\/uploads\/sites\/31\/2023\/03\/336666790_929560088235522_8469542567251412842_n-645x363.jpg 645w, https:\/\/www.hoasen.edu.vn\/tnvlsv\/wp-content\/uploads\/sites\/31\/2023\/03\/336666790_929560088235522_8469542567251412842_n-415x233.jpg 415w, https:\/\/www.hoasen.edu.vn\/tnvlsv\/wp-content\/uploads\/sites\/31\/2023\/03\/336666790_929560088235522_8469542567251412842_n-395x222.jpg 395w, https:\/\/www.hoasen.edu.vn\/tnvlsv\/wp-content\/uploads\/sites\/31\/2023\/03\/336666790_929560088235522_8469542567251412842_n-535x301.jpg 535w\" sizes=\"auto, (max-width: 2048px) 100vw, 2048px\" \/><\/figure>\n<\/figure>\n","protected":false},"excerpt":{"rendered":"<p>V\u1eeba qua, c\u00e1c b\u1ea1n sinh vi\u00ean HSU \u0111\u00e3 c\u00f3 c\u01a1 h\u1ed9i tr\u1ea3i nghi\u1ec7m 2 m\u00f4n th\u1ec3 thao \u0111\u1eb7c s\u1eafc l\u00e0 B\u1eafn cung v\u00e0 \u0111\u00e1nh Golf ngay t\u1ea1i c\u01a1 s\u1edf ch\u00ednh, s\u1ed1 8 Nguy\u1ec5n V\u0103n Tr\u00e1ng, qu\u1eadn 1. N\u1ebfu nh\u01b0 b\u1ea1n ngh\u0129 r\u1eb1ng golf hay b\u1eafn cung \u0111\u1ec1u l\u00e0 nh\u1eefng m\u00f4n th\u1ec3 thao c\u00f3 \u0111\u1ed9 kh\u00f3 cao, \u0111\u00f2i h\u1ecfi c\u01a1 s\u1edf v\u1eadt ch\u1ea5t \u0111\u1ee7 ti\u00eau chu\u1ea9n th\u00ec kh\u00f4ng h\u1eb3n \u0111\u00e2u nha. Hi\u1ec7n t\u1ea1i Trung t\u00e2m Th\u1ec3 thao Hoa Sen v\u1eabn \u0111ang tri\u1ec3n khai gi\u1ea3ng d\u1ea1y nhi\u1ec1u m\u00f4n th\u1ec3 thao th\u1eddi th\u01b0\u1ee3ng nh\u01b0 golf, b\u1eafn cung, dance sport&#8230; HSUers n\u00e0o mu\u1ed1n tr\u1ea3i&#8230;<\/p>\n","protected":false},"author":70,"featured_media":0,"parent":0,"menu_order":0,"comment_status":"closed","ping_status":"closed","template":"","meta":{"footnotes":""},"class_list":["post-642","page","type-page","status-publish","hentry"],"acf":[],"_links":{"self":[{"href":"https:\/\/www.hoasen.edu.vn\/tnvlsv\/wp-json\/wp\/v2\/pages\/642","targetHints":{"allow":["GET"]}}],"collection":[{"href":"https:\/\/www.hoasen.edu.vn\/tnvlsv\/wp-json\/wp\/v2\/pages"}],"about":[{"href":"https:\/\/www.hoasen.edu.vn\/tnvlsv\/wp-json\/wp\/v2\/types\/page"}],"author":[{"embeddable":true,"href":"https:\/\/www.hoasen.edu.vn\/tnvlsv\/wp-json\/wp\/v2\/users\/70"}],"replies":[{"embeddable":true,"href":"https:\/\/www.hoasen.edu.vn\/tnvlsv\/wp-json\/wp\/v2\/comments?post=642"}],"version-history":[{"count":1,"href":"https:\/\/www.hoasen.edu.vn\/tnvlsv\/wp-json\/wp\/v2\/pages\/642\/revisions"}],"predecessor-version":[{"id":646,"href":"https:\/\/www.hoasen.edu.vn\/tnvlsv\/wp-json\/wp\/v2\/pages\/642\/revisions\/646"}],"wp:attachment":[{"href":"https:\/\/www.hoasen.edu.vn\/tnvlsv\/wp-json\/wp\/v2\/media?parent=642"}],"curies":[{"name":"wp","href":"https:\/\/api.w.org\/{rel}","templated":true}]}}