{"id":62,"date":"2022-01-04T04:12:48","date_gmt":"2022-01-04T04:12:48","guid":{"rendered":"https:\/\/hoasen.edu.vn\/tnvlsv\/?page_id=62"},"modified":"2022-10-21T08:39:24","modified_gmt":"2022-10-21T08:39:24","slug":"truyen-thong","status":"publish","type":"page","link":"https:\/\/www.hoasen.edu.vn\/tnvlsv\/truyen-thong\/","title":{"rendered":"Truy\u1ec1n th\u00f4ng"},"content":{"rendered":"\n<p>B\u00ean c\u1ea1nh vi\u1ec7c \u0111\u00f3ng vai tr\u00f2 qu\u1ea3n l\u00fd v\u1ec1 m\u1eb7t h\u00ecnh \u1ea3nh, th\u01b0\u01a1ng hi\u1ec7u, th\u1ef1c hi\u1ec7n c\u00e1c chi\u1ebfn d\u1ecbch truy\u1ec1n th\u00f4ng c\u1ee7a HSU. Student Center c\u00f2n l\u00e0 ng\u01b0\u1eddi b\u1ea1n \u0111\u1ed3ng h\u00e0nh, h\u1ed7 tr\u1ee3 t\u1eadn l\u1ef1c cho c\u00e1c b\u1ea1n sinh vi\u00ean th\u1ef1c hi\u1ec7n c\u00e1c d\u1ef1 \u00e1n, h\u1ed9i th\u1ea3o, ho\u1ea1t \u0111\u1ed9ng CLB, \u0111\u1ec1 \u00e1n m\u00f4n h\u1ecdc \u2026\u00a0<\/p>\n\n\n\n<ul class=\"wp-block-list\"><li>C\u00e1c th\u00f4ng tin truy\u1ec1n th\u00f4ng, c\u00e1c v\u1ea5n \u0111\u1ec1 c\u1ea7n h\u1ed7 tr\u1ee3, sinh vi\u00ean li\u00ean h\u1ec7 qua \u0111\u1ecba ch\u1ec9 email: <a href=\"mailto:mediasupport@hoasen.edu.vn\">mediasupport@hoasen.edu.vn<\/a>; cc: <a href=\"mailto:huong.nguyenthituyet@hoasen.edu.vn\">huong.nguyenthituyet@hoasen.edu.vn<\/a>&nbsp;<\/li><li>\u0110\u1ed1i t\u00e1c b\u00e1o ch\u00ed, h\u1ee3p t\u00e1c truy\u1ec1n th\u00f4ng: <a href=\"mailto:huong.nguyenthituyet@hoasen.edu.vn\">huong.nguyenthituyet@hoasen.edu.vn<\/a>; phone: 0915109194<\/li><\/ul>\n","protected":false},"excerpt":{"rendered":"<p>B\u00ean c\u1ea1nh vi\u1ec7c \u0111\u00f3ng vai tr\u00f2 qu\u1ea3n l\u00fd v\u1ec1 m\u1eb7t h\u00ecnh \u1ea3nh, th\u01b0\u01a1ng hi\u1ec7u, th\u1ef1c hi\u1ec7n c\u00e1c chi\u1ebfn d\u1ecbch truy\u1ec1n th\u00f4ng c\u1ee7a HSU. Student Center c\u00f2n l\u00e0 ng\u01b0\u1eddi b\u1ea1n \u0111\u1ed3ng h\u00e0nh, h\u1ed7 tr\u1ee3 t\u1eadn l\u1ef1c cho c\u00e1c b\u1ea1n sinh vi\u00ean th\u1ef1c hi\u1ec7n c\u00e1c d\u1ef1 \u00e1n, h\u1ed9i th\u1ea3o, ho\u1ea1t \u0111\u1ed9ng CLB, \u0111\u1ec1 \u00e1n m\u00f4n h\u1ecdc \u2026\u00a0 C\u00e1c th\u00f4ng tin truy\u1ec1n th\u00f4ng, c\u00e1c v\u1ea5n \u0111\u1ec1 c\u1ea7n h\u1ed7 tr\u1ee3, sinh vi\u00ean li\u00ean h\u1ec7 qua \u0111\u1ecba ch\u1ec9 email: mediasupport@hoasen.edu.vn; cc: huong.nguyenthituyet@hoasen.edu.vn&nbsp; \u0110\u1ed1i t\u00e1c b\u00e1o ch\u00ed, h\u1ee3p t\u00e1c truy\u1ec1n th\u00f4ng: huong.nguyenthituyet@hoasen.edu.vn; phone: 0915109194<\/p>\n","protected":false},"author":1,"featured_media":0,"parent":0,"menu_order":0,"comment_status":"closed","ping_status":"closed","template":"","meta":{"footnotes":""},"class_list":["post-62","page","type-page","status-publish","hentry"],"acf":[],"_links":{"self":[{"href":"https:\/\/www.hoasen.edu.vn\/tnvlsv\/wp-json\/wp\/v2\/pages\/62","targetHints":{"allow":["GET"]}}],"collection":[{"href":"https:\/\/www.hoasen.edu.vn\/tnvlsv\/wp-json\/wp\/v2\/pages"}],"about":[{"href":"https:\/\/www.hoasen.edu.vn\/tnvlsv\/wp-json\/wp\/v2\/types\/page"}],"author":[{"embeddable":true,"href":"https:\/\/www.hoasen.edu.vn\/tnvlsv\/wp-json\/wp\/v2\/users\/1"}],"replies":[{"embeddable":true,"href":"https:\/\/www.hoasen.edu.vn\/tnvlsv\/wp-json\/wp\/v2\/comments?post=62"}],"version-history":[{"count":2,"href":"https:\/\/www.hoasen.edu.vn\/tnvlsv\/wp-json\/wp\/v2\/pages\/62\/revisions"}],"predecessor-version":[{"id":117,"href":"https:\/\/www.hoasen.edu.vn\/tnvlsv\/wp-json\/wp\/v2\/pages\/62\/revisions\/117"}],"wp:attachment":[{"href":"https:\/\/www.hoasen.edu.vn\/tnvlsv\/wp-json\/wp\/v2\/media?parent=62"}],"curies":[{"name":"wp","href":"https:\/\/api.w.org\/{rel}","templated":true}]}}