{"id":56,"date":"2022-01-04T04:11:53","date_gmt":"2022-01-04T04:11:53","guid":{"rendered":"https:\/\/hoasen.edu.vn\/tnvlsv\/?page_id=56"},"modified":"2022-01-04T04:11:54","modified_gmt":"2022-01-04T04:11:54","slug":"doanh-nghiep-va-viec-lam","status":"publish","type":"page","link":"https:\/\/www.hoasen.edu.vn\/tnvlsv\/doanh-nghiep-va-viec-lam\/","title":{"rendered":"Doanh nghi\u1ec7p v\u00e0 Vi\u1ec7c l\u00e0m"},"content":{"rendered":"\n<p>BP. Quan h\u1ec7 Doanh nghi\u1ec7p \u0111\u01b0\u1ee3c h\u00ecnh th\u00e0nh v\u00e0 ph\u00e1t tri\u1ec3n v\u1edbi s\u1ee9 m\u1ec7nh l\u00e0 c\u1ea7u n\u1ed1i g\u1eafn k\u1ebft c\u1ed9ng \u0111\u1ed3ng v\u00e0 mang l\u1ea1i l\u1ee3i \u00edch h\u00e0i h\u00f2a gi\u1eefa nh\u00e0 tr\u01b0\u1eddng &#8211; sinh vi\u00ean &#8211; c\u1ef1u sinh vi\u00ean &#8211; doanh nghi\u1ec7p. L\u00e0 \u0111\u01a1n v\u1ecb t\u1ed5 ch\u1ee9c, t\u01b0 v\u1ea5n gi\u1edbi thi\u1ec7u vi\u1ec7c l\u00e0m, cung \u1ee9ng lao \u0111\u1ed9ng cho c\u00e1c \u0111\u01a1n v\u1ecb c\u00f3 nhu c\u1ea7u; K\u1ebft n\u1ed1i c\u1ed9ng \u0111\u1ed3ng h\u01a1n 16.000++ c\u1ef1u sinh vi\u00ean Hoa Sen qua c\u00e2u l\u1ea1c b\u1ed9 C\u1ef1u sinh vi\u00ean; X\u00e2y d\u1ef1ng quan h\u1ec7 v\u1edbi doanh nghi\u1ec7p v\u00e0 t\u1ed5 ch\u1ee9c, th\u1ef1c hi\u1ec7n c\u00e1c ho\u1ea1t \u0111\u1ed9ng k\u1ebft n\u1ed1i gi\u1eefa nh\u00e0 tr\u01b0\u1eddng v\u00e0 doanh nghi\u1ec7p; T\u1ea1o s\u1ef1 g\u1eafn k\u1ebft gi\u1eefa nh\u00e0 tr\u01b0\u1eddng v\u00e0 doanh nghi\u1ec7p, h\u1ed7 tr\u1ee3 l\u1eabn nhau v\u00e0 h\u1ee3p t\u00e1c \u0111\u00e0o t\u1ea1o\u2026<\/p>\n\n\n\n<p>Th\u00f4ng tin li\u00ean h\u1ec7:&nbsp;<\/p>\n\n\n\n<ul class=\"wp-block-list\"><li>\u0110i\u1ec7n tho\u1ea1i: (028) 7309.1991 &#8211; Ext: 8<\/li><li>Email: <a href=\"mailto:careercenter@hoasen.edu.vn\">careercenter@hoasen.edu.vn<\/a><\/li><li>Website: <a href=\"http:\/\/qhdn-csv.hoasen.edu.vn\/\" target=\"_blank\" rel=\"noopener\">http:\/\/qhdn-csv.hoasen.edu.vn<\/a><\/li><li>\u0110\u1ecba ch\u1ec9: t\u1ea7ng 1, ph\u00f2ng 103, s\u1ed1 08 Nguy\u1ec5n V\u0103n Tr\u00e1ng, P. B\u1ebfn Th\u00e0nh, Q.1, TP.HCM<\/li><\/ul>\n","protected":false},"excerpt":{"rendered":"<p>BP. Quan h\u1ec7 Doanh nghi\u1ec7p \u0111\u01b0\u1ee3c h\u00ecnh th\u00e0nh v\u00e0 ph\u00e1t tri\u1ec3n v\u1edbi s\u1ee9 m\u1ec7nh l\u00e0 c\u1ea7u n\u1ed1i g\u1eafn k\u1ebft c\u1ed9ng \u0111\u1ed3ng v\u00e0 mang l\u1ea1i l\u1ee3i \u00edch h\u00e0i h\u00f2a gi\u1eefa nh\u00e0 tr\u01b0\u1eddng &#8211; sinh vi\u00ean &#8211; c\u1ef1u sinh vi\u00ean &#8211; doanh nghi\u1ec7p. L\u00e0 \u0111\u01a1n v\u1ecb t\u1ed5 ch\u1ee9c, t\u01b0 v\u1ea5n gi\u1edbi thi\u1ec7u vi\u1ec7c l\u00e0m, cung \u1ee9ng lao \u0111\u1ed9ng cho c\u00e1c \u0111\u01a1n v\u1ecb c\u00f3 nhu c\u1ea7u; K\u1ebft n\u1ed1i c\u1ed9ng \u0111\u1ed3ng h\u01a1n 16.000++ c\u1ef1u sinh vi\u00ean Hoa Sen qua c\u00e2u l\u1ea1c b\u1ed9 C\u1ef1u sinh vi\u00ean; X\u00e2y d\u1ef1ng quan h\u1ec7 v\u1edbi doanh nghi\u1ec7p v\u00e0 t\u1ed5 ch\u1ee9c, th\u1ef1c hi\u1ec7n c\u00e1c ho\u1ea1t \u0111\u1ed9ng k\u1ebft n\u1ed1i gi\u1eefa nh\u00e0&#8230;<\/p>\n","protected":false},"author":1,"featured_media":0,"parent":0,"menu_order":0,"comment_status":"closed","ping_status":"closed","template":"","meta":{"footnotes":""},"class_list":["post-56","page","type-page","status-publish","hentry"],"acf":[],"_links":{"self":[{"href":"https:\/\/www.hoasen.edu.vn\/tnvlsv\/wp-json\/wp\/v2\/pages\/56","targetHints":{"allow":["GET"]}}],"collection":[{"href":"https:\/\/www.hoasen.edu.vn\/tnvlsv\/wp-json\/wp\/v2\/pages"}],"about":[{"href":"https:\/\/www.hoasen.edu.vn\/tnvlsv\/wp-json\/wp\/v2\/types\/page"}],"author":[{"embeddable":true,"href":"https:\/\/www.hoasen.edu.vn\/tnvlsv\/wp-json\/wp\/v2\/users\/1"}],"replies":[{"embeddable":true,"href":"https:\/\/www.hoasen.edu.vn\/tnvlsv\/wp-json\/wp\/v2\/comments?post=56"}],"version-history":[{"count":1,"href":"https:\/\/www.hoasen.edu.vn\/tnvlsv\/wp-json\/wp\/v2\/pages\/56\/revisions"}],"predecessor-version":[{"id":57,"href":"https:\/\/www.hoasen.edu.vn\/tnvlsv\/wp-json\/wp\/v2\/pages\/56\/revisions\/57"}],"wp:attachment":[{"href":"https:\/\/www.hoasen.edu.vn\/tnvlsv\/wp-json\/wp\/v2\/media?parent=56"}],"curies":[{"name":"wp","href":"https:\/\/api.w.org\/{rel}","templated":true}]}}