{"id":533,"date":"2023-02-01T03:28:14","date_gmt":"2023-02-01T03:28:14","guid":{"rendered":"https:\/\/www.hoasen.edu.vn\/tnvlsv\/?page_id=533"},"modified":"2025-10-07T09:39:03","modified_gmt":"2025-10-07T09:39:03","slug":"thong-bao-v-v-su-dung-the-bhyt-va-dang-ky-mua-bo-sung-bhyt-nam-2023","status":"publish","type":"page","link":"https:\/\/www.hoasen.edu.vn\/tnvlsv\/thong-bao-v-v-su-dung-the-bhyt-va-dang-ky-mua-bo-sung-bhyt-nam-2023\/","title":{"rendered":"VIDEO H\u01af\u1edaNG D\u1eaaN TRA C\u1ee8U B\u1ea2O HI\u1ec2M Y T\u1ebe"},"content":{"rendered":"\n<p>B\u1ed9 ph\u1eadn Y t\u1ebf g\u1eedi c\u00e1c video <strong>Tra c\u1ee9u M\u00e3 BHXH, Tra c\u1ee9u th\u1eddi h\u1ea1n s\u1eed d\u1ee5ng th\u1ebb BHYT, H\u01b0\u1edbng d\u1eabn \u0111\u0103ng k\u00fd t\u00e0i kho\u1ea3n VssID<\/strong>&nbsp;\u0111\u1ec3 sinh vi\u00ean tham kh\u1ea3o v\u00e0 th\u1ef1c hi\u1ec7n.<\/p>\n\n\n\n<figure class=\"wp-block-video aligncenter\"><video height=\"480\" style=\"aspect-ratio: 854 \/ 480;\" width=\"854\" controls src=\"https:\/\/www.hoasen.edu.vn\/tnvlsv\/wp-content\/uploads\/sites\/31\/2023\/02\/CLIP-TRA-CUU-THOI-HAN-SU-DUNG-THE-BHYT.mp4\"><\/video><figcaption class=\"wp-element-caption\">Video h\u01b0\u1edbng d\u1eabn tra c\u1ee9u th\u1eddi h\u1ea1n s\u1eed d\u1ee5ng BHYT<\/figcaption><\/figure>\n\n\n\n<figure class=\"wp-block-video aligncenter\"><video height=\"480\" style=\"aspect-ratio: 854 \/ 480;\" width=\"854\" controls src=\"https:\/\/www.hoasen.edu.vn\/tnvlsv\/wp-content\/uploads\/sites\/31\/2023\/02\/CLIP-TRA-CUU-MA-BHXH_BHYT.mp4\"><\/video><figcaption class=\"wp-element-caption\">Video h\u01b0\u1edbng d\u1eabn tra c\u1ee9u m\u00e3 BHXH_BHYT<\/figcaption><\/figure>\n\n\n\n<figure class=\"wp-block-video aligncenter\"><video height=\"1080\" style=\"aspect-ratio: 1920 \/ 1080;\" width=\"1920\" controls src=\"https:\/\/www.hoasen.edu.vn\/tnvlsv\/wp-content\/uploads\/sites\/31\/2025\/10\/HUONG-DAN-DANG-KY-TAI-KHOAN-VSSID_2025.mp4\"><\/video><figcaption class=\"wp-element-caption\">Video h\u01b0\u1edbng d\u1eabn \u0111\u0103ng k\u00fd t\u00e0i kho\u1ea3n VssID<\/figcaption><\/figure>\n\n\n\n<p>M\u1ecdi th\u1eafc m\u1eafc, sinh vi\u00ean vui l\u00f2ng li\u00ean h\u1ec7 B\u1ed9 ph\u1eadn Y t\u1ebf:<\/p>\n\n\n\n<ul class=\"wp-block-list\">\n<li>Ph\u00f2ng 001, Tr\u1ee5 s\u1edf Nguy\u1ec5n V\u0103n Tr\u00e1ng<\/li>\n\n\n\n<li>Email:&nbsp;<a href=\"mailto:yte@hoasen.edu.vn\" target=\"_blank\" rel=\"noreferrer noopener\">yte@hoasen.edu.vn<\/a><\/li>\n\n\n\n<li>\u0110i\u1ec7n tho\u1ea1i: 028. 7309 1991 \u2013 ext 4702<\/li>\n<\/ul>\n","protected":false},"excerpt":{"rendered":"<p>B\u1ed9 ph\u1eadn Y t\u1ebf g\u1eedi c\u00e1c video Tra c\u1ee9u M\u00e3 BHXH, Tra c\u1ee9u th\u1eddi h\u1ea1n s\u1eed d\u1ee5ng th\u1ebb BHYT, H\u01b0\u1edbng d\u1eabn \u0111\u0103ng k\u00fd t\u00e0i kho\u1ea3n VssID&nbsp;\u0111\u1ec3 sinh vi\u00ean tham kh\u1ea3o v\u00e0 th\u1ef1c hi\u1ec7n. M\u1ecdi th\u1eafc m\u1eafc, sinh vi\u00ean vui l\u00f2ng li\u00ean h\u1ec7 B\u1ed9 ph\u1eadn Y t\u1ebf:<\/p>\n","protected":false},"author":70,"featured_media":0,"parent":0,"menu_order":0,"comment_status":"closed","ping_status":"closed","template":"","meta":{"footnotes":""},"class_list":["post-533","page","type-page","status-publish","hentry"],"acf":[],"_links":{"self":[{"href":"https:\/\/www.hoasen.edu.vn\/tnvlsv\/wp-json\/wp\/v2\/pages\/533","targetHints":{"allow":["GET"]}}],"collection":[{"href":"https:\/\/www.hoasen.edu.vn\/tnvlsv\/wp-json\/wp\/v2\/pages"}],"about":[{"href":"https:\/\/www.hoasen.edu.vn\/tnvlsv\/wp-json\/wp\/v2\/types\/page"}],"author":[{"embeddable":true,"href":"https:\/\/www.hoasen.edu.vn\/tnvlsv\/wp-json\/wp\/v2\/users\/70"}],"replies":[{"embeddable":true,"href":"https:\/\/www.hoasen.edu.vn\/tnvlsv\/wp-json\/wp\/v2\/comments?post=533"}],"version-history":[{"count":7,"href":"https:\/\/www.hoasen.edu.vn\/tnvlsv\/wp-json\/wp\/v2\/pages\/533\/revisions"}],"predecessor-version":[{"id":1556,"href":"https:\/\/www.hoasen.edu.vn\/tnvlsv\/wp-json\/wp\/v2\/pages\/533\/revisions\/1556"}],"wp:attachment":[{"href":"https:\/\/www.hoasen.edu.vn\/tnvlsv\/wp-json\/wp\/v2\/media?parent=533"}],"curies":[{"name":"wp","href":"https:\/\/api.w.org\/{rel}","templated":true}]}}