{"id":477,"date":"2022-12-26T06:20:46","date_gmt":"2022-12-26T06:20:46","guid":{"rendered":"https:\/\/www.hoasen.edu.vn\/tnvlsv\/?page_id=477"},"modified":"2022-12-26T06:20:47","modified_gmt":"2022-12-26T06:20:47","slug":"talkshow-real-talent","status":"publish","type":"page","link":"https:\/\/www.hoasen.edu.vn\/tnvlsv\/talkshow-real-talent\/","title":{"rendered":"Talkshow &#8220;Real talent&#8221;"},"content":{"rendered":"\n<p><img loading=\"lazy\" decoding=\"async\" height=\"16\" width=\"16\" alt=\"?\" src=\"https:\/\/static.xx.fbcdn.net\/images\/emoji.php\/v9\/t39\/1.5\/16\/1f31f.png\"> SI\u00caU M\u1eaaU MINH T\u00da: H\u00c3Y KI\u00caN TR\u00cc V\u1edaI \u01af\u1edaC M\u01a0 C\u1ee6A M\u00ccNH B\u1edeI TRONG M\u1ed6I CH\u00daNG TA AI C\u0168NG C\u00d3 M\u1ed8T T\u00c0I N\u0102NG RI\u00caNG <img loading=\"lazy\" decoding=\"async\" height=\"16\" width=\"16\" alt=\"?\" src=\"https:\/\/static.xx.fbcdn.net\/images\/emoji.php\/v9\/t39\/1.5\/16\/1f31f.png\"><\/p>\n\n\n\n<p><img loading=\"lazy\" decoding=\"async\" height=\"16\" width=\"16\" src=\"https:\/\/static.xx.fbcdn.net\/images\/emoji.php\/v9\/t42\/1.5\/16\/1f496.png\" alt=\"?\"> Khi \u0111\u01b0\u1ee3c sinh vi\u00ean HSU \u0111\u1eb7t c\u00e2u h\u1ecfi, n\u1ebfu \u0111\u01b0\u1ee3c l\u1ef1a ch\u1ecdn quay tr\u1edf l\u1ea1i, ch\u1ecb ch\u1ecdn n\u1ed5i ti\u1ebfng sau m\u1ed9t \u0111\u00eam hay n\u1ed5i ti\u1ebfng sau 10 n\u0103m n\u1ed7 l\u1ef1c nh\u01b0 hi\u1ec7n t\u1ea1i, ch\u1ecb s\u1ebd ch\u1ecdn g\u00ec? Si\u00eau m\u1eabu Hoa h\u1eadu Minh T\u00fa th\u1eb3ng th\u1eafn chia s\u1ebb: &#8220;T\u00f4i ngh\u0129 c\u00e1c b\u1ea1n sinh vi\u00ean \u1edf \u0111\u00e2y c\u00f3 th\u1ec3 ch\u1ecdn thay t\u00f4i, t\u00f4i l\u00e0 ng\u01b0\u1eddi theo ch\u1ee7 ngh\u0129a b\u1ec1n v\u1eefng, do \u0111\u00f3, t\u00f4i tr\u00e2n tr\u1ecdng v\u00e0 t\u1ef1 h\u00e0o v\u00ec 10 n\u0103m \u0111\u00e3 qua c\u1ee7a m\u00ecnh. N\u1ebfu ch\u1ecdn l\u1ea1i t\u00f4i v\u1eabn s\u1ebd ch\u1ecdn \u0111i t\u1eebng b\u01b0\u1edbc \u0111\u1ec3 ch\u1ea1m \u0111\u1ebfn th\u00e0nh c\u00f4ng&#8221;.<\/p>\n\n\n\n<div class=\"wp-block-columns is-layout-flex wp-container-core-columns-is-layout-9d6595d7 wp-block-columns-is-layout-flex\">\n<div class=\"wp-block-column is-layout-flow wp-block-column-is-layout-flow\">\n<figure class=\"wp-block-image size-full\"><img loading=\"lazy\" decoding=\"async\" width=\"2560\" height=\"1265\" src=\"https:\/\/www.hoasen.edu.vn\/tnvlsv\/wp-content\/uploads\/sites\/31\/2022\/12\/319921457_903112987727074_5949463972403167387_n-scaled.jpg\" alt=\"\" class=\"wp-image-478\" srcset=\"https:\/\/www.hoasen.edu.vn\/tnvlsv\/wp-content\/uploads\/sites\/31\/2022\/12\/319921457_903112987727074_5949463972403167387_n-scaled.jpg 2560w, https:\/\/www.hoasen.edu.vn\/tnvlsv\/wp-content\/uploads\/sites\/31\/2022\/12\/319921457_903112987727074_5949463972403167387_n-256x127.jpg 256w, https:\/\/www.hoasen.edu.vn\/tnvlsv\/wp-content\/uploads\/sites\/31\/2022\/12\/319921457_903112987727074_5949463972403167387_n-474x234.jpg 474w, https:\/\/www.hoasen.edu.vn\/tnvlsv\/wp-content\/uploads\/sites\/31\/2022\/12\/319921457_903112987727074_5949463972403167387_n-396x196.jpg 396w, https:\/\/www.hoasen.edu.vn\/tnvlsv\/wp-content\/uploads\/sites\/31\/2022\/12\/319921457_903112987727074_5949463972403167387_n-310x153.jpg 310w, https:\/\/www.hoasen.edu.vn\/tnvlsv\/wp-content\/uploads\/sites\/31\/2022\/12\/319921457_903112987727074_5949463972403167387_n-418x207.jpg 418w, https:\/\/www.hoasen.edu.vn\/tnvlsv\/wp-content\/uploads\/sites\/31\/2022\/12\/319921457_903112987727074_5949463972403167387_n-425x210.jpg 425w, https:\/\/www.hoasen.edu.vn\/tnvlsv\/wp-content\/uploads\/sites\/31\/2022\/12\/319921457_903112987727074_5949463972403167387_n-201x99.jpg 201w, https:\/\/www.hoasen.edu.vn\/tnvlsv\/wp-content\/uploads\/sites\/31\/2022\/12\/319921457_903112987727074_5949463972403167387_n-492x243.jpg 492w, https:\/\/www.hoasen.edu.vn\/tnvlsv\/wp-content\/uploads\/sites\/31\/2022\/12\/319921457_903112987727074_5949463972403167387_n-645x319.jpg 645w, https:\/\/www.hoasen.edu.vn\/tnvlsv\/wp-content\/uploads\/sites\/31\/2022\/12\/319921457_903112987727074_5949463972403167387_n-415x205.jpg 415w, https:\/\/www.hoasen.edu.vn\/tnvlsv\/wp-content\/uploads\/sites\/31\/2022\/12\/319921457_903112987727074_5949463972403167387_n-395x195.jpg 395w, https:\/\/www.hoasen.edu.vn\/tnvlsv\/wp-content\/uploads\/sites\/31\/2022\/12\/319921457_903112987727074_5949463972403167387_n-535x264.jpg 535w\" sizes=\"auto, (max-width: 2560px) 100vw, 2560px\" \/><\/figure>\n<\/div>\n<\/div>\n\n\n\n<p><img loading=\"lazy\" decoding=\"async\" height=\"16\" width=\"16\" src=\"https:\/\/static.xx.fbcdn.net\/images\/emoji.php\/v9\/t42\/1.5\/16\/1f496.png\" alt=\"?\"> Nh\u1eefng chia s\u1ebb c\u1ee7a Si\u00eau m\u1eabu Minh T\u00fa \u0111\u00e3 truy\u1ec1n c\u1ea3m h\u1ee9ng \u0111\u1ebfn g\u1ea7n 200 sinh vi\u00ean Hoa Sen t\u1ea1i Talkshow &#8220;Real talent&#8221; do CLB L &#8211; Production t\u1ed5 ch\u1ee9c. Kh\u00e1n ph\u00f2ng 204 n\u00f3ng h\u01a1n bao gi\u1edd h\u1ebft nh\u1edd nh\u1eefng chia s\u1ebb h\u00e0i h\u01b0\u1edbc nh\u01b0ng kh\u00f4ng k\u00e9m ph\u1ea7n s\u00e2u s\u1eafc c\u1ee7a Minh T\u00fa. C\u00f4 nh\u1eafn nh\u1ee7 \u0111\u1ebfn c\u00e1c b\u1ea1n sinh vi\u00ean: &#8220;S\u00e2u b\u00ean trong m\u1ed7i ch\u00fang ta, ai c\u0169ng s\u1ebd c\u00f3 m\u1ed9t t\u00e0i n\u0103ng ri\u00eang c\u1ee7a m\u00ecnh, b\u1ea1n bi\u1ebft \u0111\u00e0n, bi\u1ebft h\u00e1t l\u00e0 m\u1ed9t t\u00e0i n\u0103ng, b\u1ea1n m\u1ea1nh d\u1ea1n \u0111\u1ee9ng \u1edf \u0111\u00e2y \u0111\u1eb7t c\u00e2u h\u1ecfi cho T\u00fa c\u0169ng l\u00e0 t\u00e0i n\u0103ng. Do \u0111\u00f3 h\u00e3y bi\u1ebfn c\u00e1i t\u00e0i n\u0103ng c\u1ee7a m\u00ecnh tr\u1edf th\u00e0nh c\u00e1i n\u1ed5i b\u1eadt \u0111\u1ec3 ng\u01b0\u1eddi kh\u00e1c ch\u00fa \u00fd v\u00e0 ki\u00ean tr\u00ec theo \u0111u\u1ed5i \u01b0\u1edbc m\u01a1 \u0111\u1ec3 th\u00e0nh c\u00f4ng&#8221;.<\/p>\n\n\n\n<div class=\"wp-block-columns is-layout-flex wp-container-core-columns-is-layout-9d6595d7 wp-block-columns-is-layout-flex\">\n<div class=\"wp-block-column is-layout-flow wp-block-column-is-layout-flow\">\n<figure class=\"wp-block-image size-full\"><img loading=\"lazy\" decoding=\"async\" width=\"2048\" height=\"1177\" src=\"https:\/\/www.hoasen.edu.vn\/tnvlsv\/wp-content\/uploads\/sites\/31\/2022\/12\/320408823_539859498022428_6797057600148864711_n-1.jpg\" alt=\"\" class=\"wp-image-480\" srcset=\"https:\/\/www.hoasen.edu.vn\/tnvlsv\/wp-content\/uploads\/sites\/31\/2022\/12\/320408823_539859498022428_6797057600148864711_n-1.jpg 2048w, https:\/\/www.hoasen.edu.vn\/tnvlsv\/wp-content\/uploads\/sites\/31\/2022\/12\/320408823_539859498022428_6797057600148864711_n-1-256x147.jpg 256w, https:\/\/www.hoasen.edu.vn\/tnvlsv\/wp-content\/uploads\/sites\/31\/2022\/12\/320408823_539859498022428_6797057600148864711_n-1-474x272.jpg 474w, https:\/\/www.hoasen.edu.vn\/tnvlsv\/wp-content\/uploads\/sites\/31\/2022\/12\/320408823_539859498022428_6797057600148864711_n-1-396x228.jpg 396w, https:\/\/www.hoasen.edu.vn\/tnvlsv\/wp-content\/uploads\/sites\/31\/2022\/12\/320408823_539859498022428_6797057600148864711_n-1-310x178.jpg 310w, https:\/\/www.hoasen.edu.vn\/tnvlsv\/wp-content\/uploads\/sites\/31\/2022\/12\/320408823_539859498022428_6797057600148864711_n-1-418x240.jpg 418w, https:\/\/www.hoasen.edu.vn\/tnvlsv\/wp-content\/uploads\/sites\/31\/2022\/12\/320408823_539859498022428_6797057600148864711_n-1-425x244.jpg 425w, https:\/\/www.hoasen.edu.vn\/tnvlsv\/wp-content\/uploads\/sites\/31\/2022\/12\/320408823_539859498022428_6797057600148864711_n-1-201x116.jpg 201w, https:\/\/www.hoasen.edu.vn\/tnvlsv\/wp-content\/uploads\/sites\/31\/2022\/12\/320408823_539859498022428_6797057600148864711_n-1-492x283.jpg 492w, https:\/\/www.hoasen.edu.vn\/tnvlsv\/wp-content\/uploads\/sites\/31\/2022\/12\/320408823_539859498022428_6797057600148864711_n-1-645x371.jpg 645w, https:\/\/www.hoasen.edu.vn\/tnvlsv\/wp-content\/uploads\/sites\/31\/2022\/12\/320408823_539859498022428_6797057600148864711_n-1-405x233.jpg 405w, https:\/\/www.hoasen.edu.vn\/tnvlsv\/wp-content\/uploads\/sites\/31\/2022\/12\/320408823_539859498022428_6797057600148864711_n-1-395x227.jpg 395w, https:\/\/www.hoasen.edu.vn\/tnvlsv\/wp-content\/uploads\/sites\/31\/2022\/12\/320408823_539859498022428_6797057600148864711_n-1-535x307.jpg 535w\" sizes=\"auto, (max-width: 2048px) 100vw, 2048px\" \/><\/figure>\n<\/div>\n\n\n\n<div class=\"wp-block-column is-layout-flow wp-block-column-is-layout-flow\">\n<figure class=\"wp-block-image size-full\"><img loading=\"lazy\" decoding=\"async\" width=\"2048\" height=\"1154\" src=\"https:\/\/www.hoasen.edu.vn\/tnvlsv\/wp-content\/uploads\/sites\/31\/2022\/12\/320746937_522528026512047_1304730040556194352_n.jpg\" alt=\"\" class=\"wp-image-481\" srcset=\"https:\/\/www.hoasen.edu.vn\/tnvlsv\/wp-content\/uploads\/sites\/31\/2022\/12\/320746937_522528026512047_1304730040556194352_n.jpg 2048w, https:\/\/www.hoasen.edu.vn\/tnvlsv\/wp-content\/uploads\/sites\/31\/2022\/12\/320746937_522528026512047_1304730040556194352_n-256x144.jpg 256w, https:\/\/www.hoasen.edu.vn\/tnvlsv\/wp-content\/uploads\/sites\/31\/2022\/12\/320746937_522528026512047_1304730040556194352_n-474x267.jpg 474w, https:\/\/www.hoasen.edu.vn\/tnvlsv\/wp-content\/uploads\/sites\/31\/2022\/12\/320746937_522528026512047_1304730040556194352_n-396x223.jpg 396w, https:\/\/www.hoasen.edu.vn\/tnvlsv\/wp-content\/uploads\/sites\/31\/2022\/12\/320746937_522528026512047_1304730040556194352_n-310x175.jpg 310w, https:\/\/www.hoasen.edu.vn\/tnvlsv\/wp-content\/uploads\/sites\/31\/2022\/12\/320746937_522528026512047_1304730040556194352_n-418x236.jpg 418w, https:\/\/www.hoasen.edu.vn\/tnvlsv\/wp-content\/uploads\/sites\/31\/2022\/12\/320746937_522528026512047_1304730040556194352_n-425x239.jpg 425w, https:\/\/www.hoasen.edu.vn\/tnvlsv\/wp-content\/uploads\/sites\/31\/2022\/12\/320746937_522528026512047_1304730040556194352_n-201x113.jpg 201w, https:\/\/www.hoasen.edu.vn\/tnvlsv\/wp-content\/uploads\/sites\/31\/2022\/12\/320746937_522528026512047_1304730040556194352_n-492x277.jpg 492w, https:\/\/www.hoasen.edu.vn\/tnvlsv\/wp-content\/uploads\/sites\/31\/2022\/12\/320746937_522528026512047_1304730040556194352_n-645x363.jpg 645w, https:\/\/www.hoasen.edu.vn\/tnvlsv\/wp-content\/uploads\/sites\/31\/2022\/12\/320746937_522528026512047_1304730040556194352_n-415x233.jpg 415w, https:\/\/www.hoasen.edu.vn\/tnvlsv\/wp-content\/uploads\/sites\/31\/2022\/12\/320746937_522528026512047_1304730040556194352_n-395x223.jpg 395w, https:\/\/www.hoasen.edu.vn\/tnvlsv\/wp-content\/uploads\/sites\/31\/2022\/12\/320746937_522528026512047_1304730040556194352_n-535x301.jpg 535w\" sizes=\"auto, (max-width: 2048px) 100vw, 2048px\" \/><\/figure>\n<\/div>\n<\/div>\n\n\n\n<p>Hi v\u1ecdng v\u1edbi nh\u1eefng chia s\u1ebb th\u00fa v\u1ecb t\u1eeb n\u00e0ng Si\u00eau m\u1eabu, c\u00e1c b\u1ea1n sinh vi\u00ean HSU s\u1ebd c\u00f3 th\u00eam \u0111\u1ed9ng l\u1ef1c \u0111\u1ec3 th\u1ef1c hi\u1ec7n \u0111am m\u00ea c\u0169ng nh\u01b0 ph\u00e1t huy nh\u1eefng t\u00e0i n\u0103ng ch\u01b0a \u0111\u01b0\u1ee3c khai m\u1edf c\u1ee7a ch\u00ednh m\u00ecnh. <img loading=\"lazy\" decoding=\"async\" height=\"16\" width=\"16\" src=\"https:\/\/static.xx.fbcdn.net\/images\/emoji.php\/v9\/t5b\/1.5\/16\/1f60d.png\" alt=\"?\"><img loading=\"lazy\" decoding=\"async\" height=\"16\" width=\"16\" src=\"https:\/\/static.xx.fbcdn.net\/images\/emoji.php\/v9\/t5b\/1.5\/16\/1f60d.png\" alt=\"?\"><\/p>\n\n\n\n<div class=\"wp-block-columns is-layout-flex wp-container-core-columns-is-layout-9d6595d7 wp-block-columns-is-layout-flex\">\n<div class=\"wp-block-column is-layout-flow wp-block-column-is-layout-flow\">\n<figure class=\"wp-block-image size-full\"><img loading=\"lazy\" decoding=\"async\" width=\"2048\" height=\"1095\" src=\"https:\/\/www.hoasen.edu.vn\/tnvlsv\/wp-content\/uploads\/sites\/31\/2022\/12\/320756695_708134754067257_2476048071436472542_n.jpg\" alt=\"\" class=\"wp-image-482\" srcset=\"https:\/\/www.hoasen.edu.vn\/tnvlsv\/wp-content\/uploads\/sites\/31\/2022\/12\/320756695_708134754067257_2476048071436472542_n.jpg 2048w, https:\/\/www.hoasen.edu.vn\/tnvlsv\/wp-content\/uploads\/sites\/31\/2022\/12\/320756695_708134754067257_2476048071436472542_n-256x137.jpg 256w, https:\/\/www.hoasen.edu.vn\/tnvlsv\/wp-content\/uploads\/sites\/31\/2022\/12\/320756695_708134754067257_2476048071436472542_n-474x253.jpg 474w, https:\/\/www.hoasen.edu.vn\/tnvlsv\/wp-content\/uploads\/sites\/31\/2022\/12\/320756695_708134754067257_2476048071436472542_n-396x212.jpg 396w, https:\/\/www.hoasen.edu.vn\/tnvlsv\/wp-content\/uploads\/sites\/31\/2022\/12\/320756695_708134754067257_2476048071436472542_n-310x166.jpg 310w, https:\/\/www.hoasen.edu.vn\/tnvlsv\/wp-content\/uploads\/sites\/31\/2022\/12\/320756695_708134754067257_2476048071436472542_n-418x223.jpg 418w, https:\/\/www.hoasen.edu.vn\/tnvlsv\/wp-content\/uploads\/sites\/31\/2022\/12\/320756695_708134754067257_2476048071436472542_n-425x227.jpg 425w, https:\/\/www.hoasen.edu.vn\/tnvlsv\/wp-content\/uploads\/sites\/31\/2022\/12\/320756695_708134754067257_2476048071436472542_n-201x107.jpg 201w, https:\/\/www.hoasen.edu.vn\/tnvlsv\/wp-content\/uploads\/sites\/31\/2022\/12\/320756695_708134754067257_2476048071436472542_n-492x263.jpg 492w, https:\/\/www.hoasen.edu.vn\/tnvlsv\/wp-content\/uploads\/sites\/31\/2022\/12\/320756695_708134754067257_2476048071436472542_n-645x345.jpg 645w, https:\/\/www.hoasen.edu.vn\/tnvlsv\/wp-content\/uploads\/sites\/31\/2022\/12\/320756695_708134754067257_2476048071436472542_n-415x222.jpg 415w, https:\/\/www.hoasen.edu.vn\/tnvlsv\/wp-content\/uploads\/sites\/31\/2022\/12\/320756695_708134754067257_2476048071436472542_n-395x211.jpg 395w, https:\/\/www.hoasen.edu.vn\/tnvlsv\/wp-content\/uploads\/sites\/31\/2022\/12\/320756695_708134754067257_2476048071436472542_n-535x286.jpg 535w\" sizes=\"auto, (max-width: 2048px) 100vw, 2048px\" \/><\/figure>\n<\/div>\n\n\n\n<div class=\"wp-block-column is-layout-flow wp-block-column-is-layout-flow\">\n<figure class=\"wp-block-image size-full\"><img loading=\"lazy\" decoding=\"async\" width=\"2048\" height=\"1095\" src=\"https:\/\/www.hoasen.edu.vn\/tnvlsv\/wp-content\/uploads\/sites\/31\/2022\/12\/321252231_885478905975475_5108040673277977705_n.jpg\" alt=\"\" class=\"wp-image-483\" srcset=\"https:\/\/www.hoasen.edu.vn\/tnvlsv\/wp-content\/uploads\/sites\/31\/2022\/12\/321252231_885478905975475_5108040673277977705_n.jpg 2048w, https:\/\/www.hoasen.edu.vn\/tnvlsv\/wp-content\/uploads\/sites\/31\/2022\/12\/321252231_885478905975475_5108040673277977705_n-256x137.jpg 256w, https:\/\/www.hoasen.edu.vn\/tnvlsv\/wp-content\/uploads\/sites\/31\/2022\/12\/321252231_885478905975475_5108040673277977705_n-474x253.jpg 474w, https:\/\/www.hoasen.edu.vn\/tnvlsv\/wp-content\/uploads\/sites\/31\/2022\/12\/321252231_885478905975475_5108040673277977705_n-396x212.jpg 396w, https:\/\/www.hoasen.edu.vn\/tnvlsv\/wp-content\/uploads\/sites\/31\/2022\/12\/321252231_885478905975475_5108040673277977705_n-310x166.jpg 310w, https:\/\/www.hoasen.edu.vn\/tnvlsv\/wp-content\/uploads\/sites\/31\/2022\/12\/321252231_885478905975475_5108040673277977705_n-418x223.jpg 418w, https:\/\/www.hoasen.edu.vn\/tnvlsv\/wp-content\/uploads\/sites\/31\/2022\/12\/321252231_885478905975475_5108040673277977705_n-425x227.jpg 425w, https:\/\/www.hoasen.edu.vn\/tnvlsv\/wp-content\/uploads\/sites\/31\/2022\/12\/321252231_885478905975475_5108040673277977705_n-201x107.jpg 201w, https:\/\/www.hoasen.edu.vn\/tnvlsv\/wp-content\/uploads\/sites\/31\/2022\/12\/321252231_885478905975475_5108040673277977705_n-492x263.jpg 492w, https:\/\/www.hoasen.edu.vn\/tnvlsv\/wp-content\/uploads\/sites\/31\/2022\/12\/321252231_885478905975475_5108040673277977705_n-645x345.jpg 645w, https:\/\/www.hoasen.edu.vn\/tnvlsv\/wp-content\/uploads\/sites\/31\/2022\/12\/321252231_885478905975475_5108040673277977705_n-415x222.jpg 415w, https:\/\/www.hoasen.edu.vn\/tnvlsv\/wp-content\/uploads\/sites\/31\/2022\/12\/321252231_885478905975475_5108040673277977705_n-395x211.jpg 395w, https:\/\/www.hoasen.edu.vn\/tnvlsv\/wp-content\/uploads\/sites\/31\/2022\/12\/321252231_885478905975475_5108040673277977705_n-535x286.jpg 535w\" sizes=\"auto, (max-width: 2048px) 100vw, 2048px\" \/><\/figure>\n<\/div>\n<\/div>\n","protected":false},"excerpt":{"rendered":"<p>SI\u00caU M\u1eaaU MINH T\u00da: H\u00c3Y KI\u00caN TR\u00cc V\u1edaI \u01af\u1edaC M\u01a0 C\u1ee6A M\u00ccNH B\u1edeI TRONG M\u1ed6I CH\u00daNG TA AI C\u0168NG C\u00d3 M\u1ed8T T\u00c0I N\u0102NG RI\u00caNG Khi \u0111\u01b0\u1ee3c sinh vi\u00ean HSU \u0111\u1eb7t c\u00e2u h\u1ecfi, n\u1ebfu \u0111\u01b0\u1ee3c l\u1ef1a ch\u1ecdn quay tr\u1edf l\u1ea1i, ch\u1ecb ch\u1ecdn n\u1ed5i ti\u1ebfng sau m\u1ed9t \u0111\u00eam hay n\u1ed5i ti\u1ebfng sau 10 n\u0103m n\u1ed7 l\u1ef1c nh\u01b0 hi\u1ec7n t\u1ea1i, ch\u1ecb s\u1ebd ch\u1ecdn g\u00ec? Si\u00eau m\u1eabu Hoa h\u1eadu Minh T\u00fa th\u1eb3ng th\u1eafn chia s\u1ebb: &#8220;T\u00f4i ngh\u0129 c\u00e1c b\u1ea1n sinh vi\u00ean \u1edf \u0111\u00e2y c\u00f3 th\u1ec3 ch\u1ecdn thay t\u00f4i, t\u00f4i l\u00e0 ng\u01b0\u1eddi theo ch\u1ee7 ngh\u0129a b\u1ec1n v\u1eefng, do \u0111\u00f3, t\u00f4i tr\u00e2n tr\u1ecdng v\u00e0 t\u1ef1 h\u00e0o&#8230;<\/p>\n","protected":false},"author":70,"featured_media":0,"parent":0,"menu_order":0,"comment_status":"closed","ping_status":"closed","template":"","meta":{"footnotes":""},"class_list":["post-477","page","type-page","status-publish","hentry"],"acf":[],"_links":{"self":[{"href":"https:\/\/www.hoasen.edu.vn\/tnvlsv\/wp-json\/wp\/v2\/pages\/477","targetHints":{"allow":["GET"]}}],"collection":[{"href":"https:\/\/www.hoasen.edu.vn\/tnvlsv\/wp-json\/wp\/v2\/pages"}],"about":[{"href":"https:\/\/www.hoasen.edu.vn\/tnvlsv\/wp-json\/wp\/v2\/types\/page"}],"author":[{"embeddable":true,"href":"https:\/\/www.hoasen.edu.vn\/tnvlsv\/wp-json\/wp\/v2\/users\/70"}],"replies":[{"embeddable":true,"href":"https:\/\/www.hoasen.edu.vn\/tnvlsv\/wp-json\/wp\/v2\/comments?post=477"}],"version-history":[{"count":1,"href":"https:\/\/www.hoasen.edu.vn\/tnvlsv\/wp-json\/wp\/v2\/pages\/477\/revisions"}],"predecessor-version":[{"id":484,"href":"https:\/\/www.hoasen.edu.vn\/tnvlsv\/wp-json\/wp\/v2\/pages\/477\/revisions\/484"}],"wp:attachment":[{"href":"https:\/\/www.hoasen.edu.vn\/tnvlsv\/wp-json\/wp\/v2\/media?parent=477"}],"curies":[{"name":"wp","href":"https:\/\/api.w.org\/{rel}","templated":true}]}}