{"id":220,"date":"2022-12-11T06:03:30","date_gmt":"2022-12-11T06:03:30","guid":{"rendered":"https:\/\/www.hoasen.edu.vn\/tnvlsv\/?page_id=220"},"modified":"2022-12-11T06:03:31","modified_gmt":"2022-12-11T06:03:31","slug":"thong-bao-v-v-cap-nhat-thong-tin-lien-lac","status":"publish","type":"page","link":"https:\/\/www.hoasen.edu.vn\/tnvlsv\/thong-bao-v-v-cap-nhat-thong-tin-lien-lac\/","title":{"rendered":"TH\u00d4NG B\u00c1O V\/v C\u1eacP NH\u1eacT TH\u00d4NG TIN LI\u00caN L\u1ea0C"},"content":{"rendered":"\n<p>Th\u00e2n g\u1eedi c\u00e1c b\u1ea1n sinh vi\u00ean,<\/p>\n\n\n\n<p>Ch\u1ec9 c\u00f2n&nbsp;<strong>49&nbsp;ng\u00e0y<\/strong>&nbsp;n\u1eefa l\u00e0 \u0111\u1ebfn T\u1ebft Nguy\u00ean \u0110\u00e1n 2023, l\u00e0 d\u1ecbp \u0111\u1ec3 c\u00e1c b\u1ea1n tr\u1edf v\u1ec1 nh\u00e0 sum h\u1ecdp b\u00ean gia \u0111\u00ecnh v\u00e0 nh\u1eefng ng\u01b0\u1eddi m\u00ecnh y\u00eau th\u01b0\u01a1ng sau m\u1ed9t n\u0103m h\u1ecdc t\u1eadp v\u00e0 tr\u1ea3i nghi\u1ec7m t\u1ea1i Tr\u01b0\u1eddng. V\u1edbi mong mu\u1ed1n \u0111\u1ed3ng h\u00e0nh c\u00f9ng c\u00e1c b\u1ea1n sinh vi\u00ean mang \u201cy\u00eau th\u01b0\u01a1ng\u201d v\u1ec1 nh\u00e0, Trung t\u00e2m Tr\u1ea3i nghi\u1ec7m \u2013 Vi\u1ec7c l\u00e0m sinh vi\u00ean th\u00f4ng b\u00e1o v\u1edbi c\u00e1c b\u1ea1n v\u1ec1 vi\u1ec7c t\u1eb7ng qu\u00e0 tri \u00e2n \u0111\u1ebfn Qu\u00fd ph\u1ee5 huynh trong chu\u1ed7i s\u1ef1 ki\u1ec7n&nbsp;<strong><em>\u201cC\u00f9ng HSU \u2013 mang T\u1ebft v\u1ec1 nh\u00e0\u201d&nbsp;<\/em><\/strong>nh\u01b0 sau:<\/p>\n\n\n\n<ul class=\"wp-block-list\"><li>Nh\u00e0 tr\u01b0\u1eddng s\u1ebd g\u1eedi t\u1eb7ng m\u1ed9t ph\u1ea7n qu\u00e0 T\u1ebft tr\u1ef1c ti\u1ebfp \u0111\u1ebfn gia \u0111\u00ecnh c\u1ee7a c\u00e1c b\u1ea1n.<\/li><\/ul>\n\n\n\n<ul class=\"wp-block-list\"><li>\u0110\u1ec3 qu\u00e0 t\u1eb7ng \u0111\u01b0\u1ee3c chu\u1ea9n b\u1ecb chu \u0111\u00e1o v\u00e0 trao \u0111\u1ebfn t\u1eadn tay Qu\u00fd ph\u1ee5 huynh, c\u00e1c b\u1ea1n vui l\u00f2ng c\u1eadp nh\u1eadt \u0111\u1ea7y \u0111\u1ee7 th\u00f4ng tin v\u00e0o form \u0111\u0103ng k\u00fd sau:\u00a0<a href=\"https:\/\/forms.gle\/jy9ThoVezY64SqVQ7\" target=\"_blank\" rel=\"noreferrer noopener\">https:\/\/forms.gle\/jy9ThoVezY64SqVQ7<\/a><\/li><\/ul>\n\n\n\n<ul class=\"wp-block-list\"><li>Th\u1eddi h\u1ea1n c\u1eadp nh\u1eadt th\u00f4ng tin:\u00a0<strong>t\u1eeb nay \u0111\u1ebfn h\u1ebft 17h\u00a0ng\u00e0y\u00a010\/12\/2022<\/strong><\/li><\/ul>\n\n\n\n<p><strong><em>L\u01b0u \u00fd: Sinh vi\u00ean vui l\u00f2ng c\u1eadp nh\u1eadt \u0111\u1ecba ch\u1ec9 v\u00e0 s\u1ed1 \u0111i\u1ec7n tho\u1ea1i ch\u00ednh x\u00e1c \u0111\u1ec3 \u0111\u1ea3m b\u1ea3o qu\u00e0 t\u1eb7ng \u0111\u01b0\u1ee3c trao \u0111\u1ebfn \u0111\u00fang \u0111\u1ecba ch\u1ec9.<\/em><\/strong><\/p>\n\n\n\n<p>Vi\u1ec7c c\u1eadp nh\u1eadt th\u00f4ng tin ch\u00ednh x\u00e1c th\u01b0\u1eddng xuy\u00ean s\u1ebd thu\u1eadn ti\u1ec7n cho c\u00f4ng t\u00e1c ch\u0103m s\u00f3c sinh vi\u00ean hi\u1ec7n h\u1eefu c\u1ee7a Tr\u01b0\u1eddng trong th\u1eddi gian s\u1eafp t\u1edbi, r\u1ea5t mong c\u00e1c b\u1ea1n sinh vi\u00ean th\u1ef1c hi\u1ec7n nghi\u00eam t\u00fac v\u00e0 k\u1ecbp th\u1eddi.<\/p>\n\n\n\n<p>M\u1ecdi th\u1eafc m\u1eafc sinh vi\u00ean vui l\u00f2ng ph\u1ea3n h\u1ed3i v\u1ec1 email&nbsp;<a href=\"mailto:dichvusinhvien@hoasen.edu.vn\" target=\"_blank\" rel=\"noreferrer noopener\">dichvusinhvien@hoasen.edu.vn<\/a>&nbsp;ho\u1eb7c s\u1ed1 \u0111i\u1ec7n tho\u1ea1i:&nbsp;028 7309 1991 ext 4706, 4702<\/p>\n\n\n\n<p><em>Ch\u00fac c\u00e1c b\u1ea1n th\u00e1ng 12 vui kh\u1ecfe v\u1edbi nh\u1eefng tr\u1ea3i nghi\u1ec7m th\u00fa v\u1ecb v\u00e0 \u0111\u1ea1t k\u1ebft qu\u1ea3 cao trong k\u1ef3 thi h\u1ecdc k\u1ef3!<\/em><\/p>\n","protected":false},"excerpt":{"rendered":"<p>Th\u00e2n g\u1eedi c\u00e1c b\u1ea1n sinh vi\u00ean, Ch\u1ec9 c\u00f2n&nbsp;49&nbsp;ng\u00e0y&nbsp;n\u1eefa l\u00e0 \u0111\u1ebfn T\u1ebft Nguy\u00ean \u0110\u00e1n 2023, l\u00e0 d\u1ecbp \u0111\u1ec3 c\u00e1c b\u1ea1n tr\u1edf v\u1ec1 nh\u00e0 sum h\u1ecdp b\u00ean gia \u0111\u00ecnh v\u00e0 nh\u1eefng ng\u01b0\u1eddi m\u00ecnh y\u00eau th\u01b0\u01a1ng sau m\u1ed9t n\u0103m h\u1ecdc t\u1eadp v\u00e0 tr\u1ea3i nghi\u1ec7m t\u1ea1i Tr\u01b0\u1eddng. V\u1edbi mong mu\u1ed1n \u0111\u1ed3ng h\u00e0nh c\u00f9ng c\u00e1c b\u1ea1n sinh vi\u00ean mang \u201cy\u00eau th\u01b0\u01a1ng\u201d v\u1ec1 nh\u00e0, Trung t\u00e2m Tr\u1ea3i nghi\u1ec7m \u2013 Vi\u1ec7c l\u00e0m sinh vi\u00ean th\u00f4ng b\u00e1o v\u1edbi c\u00e1c b\u1ea1n v\u1ec1 vi\u1ec7c t\u1eb7ng qu\u00e0 tri \u00e2n \u0111\u1ebfn Qu\u00fd ph\u1ee5 huynh trong chu\u1ed7i s\u1ef1 ki\u1ec7n&nbsp;\u201cC\u00f9ng HSU \u2013 mang T\u1ebft v\u1ec1 nh\u00e0\u201d&nbsp;nh\u01b0 sau: Nh\u00e0 tr\u01b0\u1eddng s\u1ebd g\u1eedi t\u1eb7ng m\u1ed9t ph\u1ea7n&#8230;<\/p>\n","protected":false},"author":70,"featured_media":0,"parent":0,"menu_order":0,"comment_status":"closed","ping_status":"closed","template":"","meta":{"footnotes":""},"class_list":["post-220","page","type-page","status-publish","hentry"],"acf":[],"_links":{"self":[{"href":"https:\/\/www.hoasen.edu.vn\/tnvlsv\/wp-json\/wp\/v2\/pages\/220","targetHints":{"allow":["GET"]}}],"collection":[{"href":"https:\/\/www.hoasen.edu.vn\/tnvlsv\/wp-json\/wp\/v2\/pages"}],"about":[{"href":"https:\/\/www.hoasen.edu.vn\/tnvlsv\/wp-json\/wp\/v2\/types\/page"}],"author":[{"embeddable":true,"href":"https:\/\/www.hoasen.edu.vn\/tnvlsv\/wp-json\/wp\/v2\/users\/70"}],"replies":[{"embeddable":true,"href":"https:\/\/www.hoasen.edu.vn\/tnvlsv\/wp-json\/wp\/v2\/comments?post=220"}],"version-history":[{"count":1,"href":"https:\/\/www.hoasen.edu.vn\/tnvlsv\/wp-json\/wp\/v2\/pages\/220\/revisions"}],"predecessor-version":[{"id":221,"href":"https:\/\/www.hoasen.edu.vn\/tnvlsv\/wp-json\/wp\/v2\/pages\/220\/revisions\/221"}],"wp:attachment":[{"href":"https:\/\/www.hoasen.edu.vn\/tnvlsv\/wp-json\/wp\/v2\/media?parent=220"}],"curies":[{"name":"wp","href":"https:\/\/api.w.org\/{rel}","templated":true}]}}