{"id":218,"date":"2022-12-11T06:01:59","date_gmt":"2022-12-11T06:01:59","guid":{"rendered":"https:\/\/www.hoasen.edu.vn\/tnvlsv\/?page_id=218"},"modified":"2022-12-11T06:02:00","modified_gmt":"2022-12-11T06:02:00","slug":"huong-dan-lien-he-nha-truong-qua-so-tong-dai","status":"publish","type":"page","link":"https:\/\/www.hoasen.edu.vn\/tnvlsv\/huong-dan-lien-he-nha-truong-qua-so-tong-dai\/","title":{"rendered":"H\u01af\u1edaNG D\u1eaaN LI\u00caN H\u1ec6 NH\u00c0 TR\u01af\u1edcNG QUA S\u1ed0 T\u1ed4NG \u0110\u00c0I"},"content":{"rendered":"\n<p>Th\u00e2n g\u1eedi c\u00e1c b\u1ea1n sinh vi\u00ean,<\/p>\n\n\n\n<p>Trung t\u00e2m Tr\u1ea3i nghi\u1ec7m &#8211; Vi\u1ec7c l\u00e0m Sinh vi\u00ean th\u00f4ng b\u00e1o \u0111\u1ebfn c\u00e1c b\u1ea1n sinh vi\u00ean v\u1ec1 vi\u1ec7c thay \u0111\u1ed5i s\u1ed1 t\u1ed5ng \u0111\u00e0i k\u1ebft n\u1ed1i c\u00e1c \u0111\u01a1n v\u1ecb, ph\u00f2ng ban Nh\u00e0 tr\u01b0\u1eddng, c\u1ee5 th\u1ec3:<\/p>\n\n\n\n<p>S\u1ed1 t\u1ed5ng \u0111\u00e0i:\u00a0<strong>028 7309 1991<\/strong><\/p>\n\n\n\n<ul class=\"wp-block-list\"><li><strong>T\u01b0 v\u1ea5n tuy\u1ec3n sinh \u0110\u1ea1i h\u1ecdc ch\u00ednh quy, \u0110\u1ea1i h\u1ecdc t\u1eeb xa, \u0110\u1ea1i h\u1ecdc s\u1edbm<\/strong>:\u00a0<strong>Ph\u00edm 1<\/strong><\/li><li><strong>T\u01b0 v\u1ea5n tuy\u1ec3n sinh Ch\u01b0\u01a1ng tr\u00ecnh ng\u1eafn h\u1ea1n<\/strong>:\u00a0<strong>Ph\u00edm 2<\/strong><\/li><li><strong>T\u01b0 v\u1ea5n tuy\u1ec3n sinh Ch\u01b0\u01a1ng tr\u00ecnh Cao h\u1ecdc<\/strong>:\u00a0<strong>Ph\u00edm 3<\/strong><\/li><li><strong>Ph\u00f2ng \u0110\u00e0o t\u1ea1o \u0111\u1ea1i h\u1ecdc<\/strong>:\u00a0<strong>Ph\u00edm 4<\/strong><\/li><li><strong>Ph\u00f2ng T\u00e0i ch\u00ednh \u2013 K\u1ebf to\u00e1n<\/strong>:\u00a0<strong>Ph\u00edm 5<\/strong><\/li><li><strong>Trung t\u00e2m Tr\u1ea3i nghi\u1ec7m \u2013 Vi\u1ec7c l\u00e0m sinh vi\u00ean<\/strong>:\u00a0<strong>Ph\u00edm 6<\/strong><\/li><li><strong>Ph\u00f2ng C\u00f4ng ngh\u1ec7 th\u00f4ng tin<\/strong>:\u00a0<strong>Ph\u00edm 7<\/strong><\/li><\/ul>\n\n\n\n<p>Trung t\u00e2m Tr\u1ea3i nghi\u1ec7m \u2013 Vi\u1ec7c l\u00e0m Sinh vi\u00ean th\u00f4ng b\u00e1o \u0111\u1ebfn c\u00e1c b\u1ea1n sinh vi\u00ean n\u1eafm th\u00f4ng tin v\u00e0 li\u00ean h\u1ec7 \u0111\u00fang k\u00eanh \u0111\u1ec3 \u0111\u01b0\u1ee3c ghi nh\u1eadn v\u00e0 h\u1ed7 tr\u1ee3 k\u1ecbp th\u1eddi. Trong tr\u01b0\u1eddng h\u1ee3p kh\u00f4ng th\u1ec3 li\u00ean h\u1ec7 qua t\u1ed5ng \u0111\u00e0i, sinh vi\u00ean c\u00f3 th\u1ec3 li\u00ean h\u1ec7 qua s\u1ed1 hotline&nbsp;<strong>079 478 8181<\/strong>&nbsp;(zalo: HSU Student Center).<\/p>\n\n\n\n<p>M\u1ecdi th\u1eafc m\u1eafc, sinh vi\u00ean vui l\u00f2ng ph\u1ea3n h\u1ed3i v\u1ec1 mail:&nbsp;<a href=\"mailto:dichvusinhvien@hoasen.edu.vn\" target=\"_blank\" rel=\"noreferrer noopener\">dichvusinhvien@hoasen.edu.vn<\/a><\/p>\n\n\n\n<p>Ch\u00fac c\u00e1c b\u1ea1n s\u1ee9c kh\u1ecfe v\u00e0 h\u1ecdc t\u1eadp t\u1ed1t!<\/p>\n\n\n\n<p>Tr\u00e2n tr\u1ecdng,<\/p>\n","protected":false},"excerpt":{"rendered":"<p>Th\u00e2n g\u1eedi c\u00e1c b\u1ea1n sinh vi\u00ean, Trung t\u00e2m Tr\u1ea3i nghi\u1ec7m &#8211; Vi\u1ec7c l\u00e0m Sinh vi\u00ean th\u00f4ng b\u00e1o \u0111\u1ebfn c\u00e1c b\u1ea1n sinh vi\u00ean v\u1ec1 vi\u1ec7c thay \u0111\u1ed5i s\u1ed1 t\u1ed5ng \u0111\u00e0i k\u1ebft n\u1ed1i c\u00e1c \u0111\u01a1n v\u1ecb, ph\u00f2ng ban Nh\u00e0 tr\u01b0\u1eddng, c\u1ee5 th\u1ec3: S\u1ed1 t\u1ed5ng \u0111\u00e0i:\u00a0028 7309 1991 T\u01b0 v\u1ea5n tuy\u1ec3n sinh \u0110\u1ea1i h\u1ecdc ch\u00ednh quy, \u0110\u1ea1i h\u1ecdc t\u1eeb xa, \u0110\u1ea1i h\u1ecdc s\u1edbm:\u00a0Ph\u00edm 1 T\u01b0 v\u1ea5n tuy\u1ec3n sinh Ch\u01b0\u01a1ng tr\u00ecnh ng\u1eafn h\u1ea1n:\u00a0Ph\u00edm 2 T\u01b0 v\u1ea5n tuy\u1ec3n sinh Ch\u01b0\u01a1ng tr\u00ecnh Cao h\u1ecdc:\u00a0Ph\u00edm 3 Ph\u00f2ng \u0110\u00e0o t\u1ea1o \u0111\u1ea1i h\u1ecdc:\u00a0Ph\u00edm 4 Ph\u00f2ng T\u00e0i ch\u00ednh \u2013 K\u1ebf to\u00e1n:\u00a0Ph\u00edm 5 Trung t\u00e2m Tr\u1ea3i nghi\u1ec7m \u2013 Vi\u1ec7c l\u00e0m sinh&#8230;<\/p>\n","protected":false},"author":70,"featured_media":0,"parent":0,"menu_order":0,"comment_status":"closed","ping_status":"closed","template":"","meta":{"footnotes":""},"class_list":["post-218","page","type-page","status-publish","hentry"],"acf":[],"_links":{"self":[{"href":"https:\/\/www.hoasen.edu.vn\/tnvlsv\/wp-json\/wp\/v2\/pages\/218","targetHints":{"allow":["GET"]}}],"collection":[{"href":"https:\/\/www.hoasen.edu.vn\/tnvlsv\/wp-json\/wp\/v2\/pages"}],"about":[{"href":"https:\/\/www.hoasen.edu.vn\/tnvlsv\/wp-json\/wp\/v2\/types\/page"}],"author":[{"embeddable":true,"href":"https:\/\/www.hoasen.edu.vn\/tnvlsv\/wp-json\/wp\/v2\/users\/70"}],"replies":[{"embeddable":true,"href":"https:\/\/www.hoasen.edu.vn\/tnvlsv\/wp-json\/wp\/v2\/comments?post=218"}],"version-history":[{"count":1,"href":"https:\/\/www.hoasen.edu.vn\/tnvlsv\/wp-json\/wp\/v2\/pages\/218\/revisions"}],"predecessor-version":[{"id":219,"href":"https:\/\/www.hoasen.edu.vn\/tnvlsv\/wp-json\/wp\/v2\/pages\/218\/revisions\/219"}],"wp:attachment":[{"href":"https:\/\/www.hoasen.edu.vn\/tnvlsv\/wp-json\/wp\/v2\/media?parent=218"}],"curies":[{"name":"wp","href":"https:\/\/api.w.org\/{rel}","templated":true}]}}