{"id":214,"date":"2022-12-11T05:57:45","date_gmt":"2022-12-11T05:57:45","guid":{"rendered":"https:\/\/www.hoasen.edu.vn\/tnvlsv\/?page_id=214"},"modified":"2022-12-11T05:57:46","modified_gmt":"2022-12-11T05:57:46","slug":"huong-dan-dong-hoc-phi-nam-hoc-2022-2023","status":"publish","type":"page","link":"https:\/\/www.hoasen.edu.vn\/tnvlsv\/huong-dan-dong-hoc-phi-nam-hoc-2022-2023\/","title":{"rendered":"H\u01b0\u1edbng d\u1eabn \u0111\u00f3ng h\u1ecdc ph\u00ed n\u0103m h\u1ecdc 2022 &#8211; 2023"},"content":{"rendered":"\n<p>Th\u00e2n ch\u00e0o c\u00e1c b\u1ea1n sinh vi\u00ean,<\/p>\n\n\n\n<p>Trung t\u00e2m Tr\u1ea3i nghi\u1ec7m \u2013 Vi\u1ec7c l\u00e0m Sinh vi\u00ean th\u00f4ng tin \u0111\u1ebfn c\u00e1c b\u1ea1n v\u1ec1 vi\u1ec7c&nbsp;<strong>h\u01b0\u1edbng d\u1eabn \u0111\u00f3ng h\u1ecdc ph\u00ed n\u0103m h\u1ecdc 2022 \u2013 2023<\/strong>, c\u1ee5 th\u1ec3 nh\u01b0 sau:<\/p>\n\n\n\n<p><strong>1. Th\u00f4ng tin 2 t\u00e0i kho\u1ea3n ng\u00e2n h\u00e0ng c\u1ee7a Tr\u01b0\u1eddng \u0110\u1ea1i h\u1ecdc Hoa Sen:<\/strong><\/p>\n\n\n\n<p><strong><em>Ng\u00e2n h\u00e0ng Th\u01b0\u01a1ng m\u1ea1i C\u1ed5 ph\u1ea7n \u0110\u1ea7u t\u01b0 v\u00e0 Ph\u00e1t tri\u1ec3n Vi\u1ec7t Nam (BIDV)<\/em><\/strong><\/p>\n\n\n\n<p>&#8211; T\u00ean t\u00e0i kho\u1ea3n:&nbsp;<strong>TR\u01af\u1edcNG \u0110\u1ea0I H\u1eccC HOA SEN<\/strong><\/p>\n\n\n\n<p>&#8211; S\u1ed1 t\u00e0i kho\u1ea3n:&nbsp;<strong>1301 000 307 2458<\/strong><\/p>\n\n\n\n<p>&#8211; T\u00ean ng\u00e2n h\u00e0ng:&nbsp;<strong>BIDV Chi nh\u00e1nh S\u1edf Giao d\u1ecbch 2<\/strong><\/p>\n\n\n\n<p><strong><em>Ng\u00e2n h\u00e0ng Th\u01b0\u01a1ng m\u1ea1i C\u1ed5 ph\u1ea7n \u0110\u1ea7u t\u01b0 H\u00e0ng H\u1ea3i \u2013 Maritime Bank (MSB)<\/em><\/strong><\/p>\n\n\n\n<p>&#8211; T\u00ean t\u00e0i kho\u1ea3n:&nbsp;<strong>TR\u01af\u1edcNG \u0110\u1ea0I H\u1eccC HOA SEN<\/strong><\/p>\n\n\n\n<p>&#8211; S\u1ed1 t\u00e0i kho\u1ea3n:&nbsp;<strong>040 0101 009 1963<\/strong><\/p>\n\n\n\n<p>&#8211; T\u00ean Ng\u00e2n h\u00e0ng:&nbsp;<strong>MSB Chi nh\u00e1nh TP. H\u1ed3 Ch\u00ed Minh<\/strong><\/p>\n\n\n\n<p><strong>2. H\u01b0\u1edbng d\u1eabn \u0111\u00f3ng h\u1ecdc ph\u00ed theo t\u1eebng ng\u00e2n h\u00e0ng, c\u00e1c l\u01b0u \u00fd v\u00e0 m\u1ed9t s\u1ed1 n\u1ed9i dung kh\u00e1c:<\/strong>&nbsp;Xem t\u1ea1i file \u0111\u00ednh k\u00e8m<\/p>\n\n\n\n<p>Trong qu\u00e1 tr\u00ecnh \u0111\u00f3ng h\u1ecdc ph\u00ed, sinh vi\u00ean\/ Ph\u1ee5 huynh g\u1eb7p v\u01b0\u1edbng m\u1eafc vui l\u00f2ng th\u00f4ng tin qua c\u00e1c ph\u01b0\u01a1ng th\u1ee9c:<\/p>\n\n\n\n<p>&#8211; Email:&nbsp;<a href=\"mailto:hocphi@hoasen.edu.vn\" target=\"_blank\" rel=\"noreferrer noopener\">hocphi@hoasen.edu.vn<\/a><\/p>\n\n\n\n<p>&#8211; \u0110i\u1ec7n tho\u1ea1i: (028) 73091991 Ext 4635 ho\u1eb7c 4636 trong gi\u1edd h\u00e0nh ch\u00ednh t\u1eeb 8h00 \u0111\u1ebfn 17h00.<\/p>\n\n\n\n<p>&#8211; Tr\u1ef1c ti\u1ebfp: Ph\u00f2ng T\u00e0i ch\u00ednh K\u1ebf to\u00e1n (P.102 &#8211; Tr\u1ee5 s\u1edf ch\u00ednh Nguy\u1ec5n V\u0103n Tr\u00e1ng, s\u1ed1 8 Nguy\u1ec5n V\u0103n Tr\u00e1ng, Qu\u1eadn 1, TP. H\u1ed3 Ch\u00ed Minh).<\/p>\n\n\n\n<p>Ch\u00fac c\u00e1c b\u1ea1n s\u1ee9c kh\u1ecfe v\u00e0 h\u1ecdc t\u1eadp t\u1ed1t!<\/p>\n\n\n\n<p>Th\u00e2n m\u1ebfn,<\/p>\n\n\n\n<p>File h\u01b0\u1edbng d\u1eabn \u0111\u00f3ng h\u1ecdc ph\u00ed: <a href=\"https:\/\/drive.google.com\/file\/d\/1nXSO-Mo4bTsiAGwIj6DNV6rxpLFjPelP\/view?usp=share_link\" target=\"_blank\" rel=\"noopener\">T\u1ea1i \u0111\u00e2y<\/a><\/p>\n","protected":false},"excerpt":{"rendered":"<p>Th\u00e2n ch\u00e0o c\u00e1c b\u1ea1n sinh vi\u00ean, Trung t\u00e2m Tr\u1ea3i nghi\u1ec7m \u2013 Vi\u1ec7c l\u00e0m Sinh vi\u00ean th\u00f4ng tin \u0111\u1ebfn c\u00e1c b\u1ea1n v\u1ec1 vi\u1ec7c&nbsp;h\u01b0\u1edbng d\u1eabn \u0111\u00f3ng h\u1ecdc ph\u00ed n\u0103m h\u1ecdc 2022 \u2013 2023, c\u1ee5 th\u1ec3 nh\u01b0 sau: 1. Th\u00f4ng tin 2 t\u00e0i kho\u1ea3n ng\u00e2n h\u00e0ng c\u1ee7a Tr\u01b0\u1eddng \u0110\u1ea1i h\u1ecdc Hoa Sen: Ng\u00e2n h\u00e0ng Th\u01b0\u01a1ng m\u1ea1i C\u1ed5 ph\u1ea7n \u0110\u1ea7u t\u01b0 v\u00e0 Ph\u00e1t tri\u1ec3n Vi\u1ec7t Nam (BIDV) &#8211; T\u00ean t\u00e0i kho\u1ea3n:&nbsp;TR\u01af\u1edcNG \u0110\u1ea0I H\u1eccC HOA SEN &#8211; S\u1ed1 t\u00e0i kho\u1ea3n:&nbsp;1301 000 307 2458 &#8211; T\u00ean ng\u00e2n h\u00e0ng:&nbsp;BIDV Chi nh\u00e1nh S\u1edf Giao d\u1ecbch 2 Ng\u00e2n h\u00e0ng Th\u01b0\u01a1ng m\u1ea1i C\u1ed5 ph\u1ea7n \u0110\u1ea7u t\u01b0 H\u00e0ng H\u1ea3i \u2013 Maritime&#8230;<\/p>\n","protected":false},"author":70,"featured_media":0,"parent":0,"menu_order":0,"comment_status":"closed","ping_status":"closed","template":"","meta":{"footnotes":""},"class_list":["post-214","page","type-page","status-publish","hentry"],"acf":[],"_links":{"self":[{"href":"https:\/\/www.hoasen.edu.vn\/tnvlsv\/wp-json\/wp\/v2\/pages\/214","targetHints":{"allow":["GET"]}}],"collection":[{"href":"https:\/\/www.hoasen.edu.vn\/tnvlsv\/wp-json\/wp\/v2\/pages"}],"about":[{"href":"https:\/\/www.hoasen.edu.vn\/tnvlsv\/wp-json\/wp\/v2\/types\/page"}],"author":[{"embeddable":true,"href":"https:\/\/www.hoasen.edu.vn\/tnvlsv\/wp-json\/wp\/v2\/users\/70"}],"replies":[{"embeddable":true,"href":"https:\/\/www.hoasen.edu.vn\/tnvlsv\/wp-json\/wp\/v2\/comments?post=214"}],"version-history":[{"count":1,"href":"https:\/\/www.hoasen.edu.vn\/tnvlsv\/wp-json\/wp\/v2\/pages\/214\/revisions"}],"predecessor-version":[{"id":215,"href":"https:\/\/www.hoasen.edu.vn\/tnvlsv\/wp-json\/wp\/v2\/pages\/214\/revisions\/215"}],"wp:attachment":[{"href":"https:\/\/www.hoasen.edu.vn\/tnvlsv\/wp-json\/wp\/v2\/media?parent=214"}],"curies":[{"name":"wp","href":"https:\/\/api.w.org\/{rel}","templated":true}]}}