{"id":1557,"date":"2025-10-07T09:56:15","date_gmt":"2025-10-07T09:56:15","guid":{"rendered":"https:\/\/www.hoasen.edu.vn\/tnvlsv\/?page_id=1557"},"modified":"2025-10-08T01:52:58","modified_gmt":"2025-10-08T01:52:58","slug":"thong-bao-kich-hoat-bao-hiem-y-te-tan-sinh-vien-khoa-2025_dot-1","status":"publish","type":"page","link":"https:\/\/www.hoasen.edu.vn\/tnvlsv\/thong-bao-kich-hoat-bao-hiem-y-te-tan-sinh-vien-khoa-2025_dot-1\/","title":{"rendered":"TH\u00d4NG B\u00c1O K\u00cdCH HO\u1ea0T B\u1ea2O HI\u1ec2M Y T\u1ebe T\u00c2N SINH VI\u00caN KH\u00d3A 2025_\u0110\u1ee2T 1"},"content":{"rendered":"\n<p>Th\u00e2n g\u1eedi c\u00e1c b\u1ea1n sinh vi\u00ean kh\u00f3a 2025, <\/p>\n\n\n\n<p>B\u1ed9 ph\u1eadn Y t\u1ebf g\u1eedi \u0111\u1ebfn c\u00e1c b\u1ea1n danh s\u00e1ch sinh vi\u00ean \u0111\u00e3 \u0111\u01b0\u1ee3c k\u00edch hoat&nbsp;<strong>B\u1ea3o hi\u1ec3m y t\u1ebf&nbsp;2025<\/strong>&nbsp;(BHYT)&nbsp;<strong>\u0111\u1ee3t 1<\/strong>,&nbsp;c\u1ee5 th\u1ec3 nh\u01b0 sau:<\/p>\n\n\n\n<ul class=\"wp-block-list\">\n<li>Hi\u1ec7u l\u1ef1c s\u1eed d\u1ee5ng: 01\/10\/2025 &#8211; 31\/12\/2025<\/li>\n\n\n\n<li>Danh s\u00e1ch sinh vi\u00ean: Sinh vi\u00ean tra c\u1ee9u\u00a0th\u00f4ng\u00a0tin tham gia\u00a0BHYT\u00a0theo danh s\u00e1ch sau: <a href=\"https:\/\/www.hoasen.edu.vn\/tnvlsv\/wp-content\/uploads\/sites\/31\/2025\/10\/Khoa-2025_DSSV-tham-gia-BHYT_Dot-1-1.pdf\">KH\u00d3A 2025_DSSV THAM GIA BHYT_\u0110\u1ee2T 1<\/a>, b\u1ea5m T\u00ecm ki\u1ebfm v\u00e0 nh\u1eadp MSSV<\/li>\n\n\n\n<li>Tr\u01b0\u1eddng h\u1ee3p \u0111\u00e3 \u0111\u0103ng k\u00fd&nbsp;v\u00e0 \u0111\u00f3ng ph\u00ed&nbsp;BHYT&nbsp;nh\u01b0ng kh\u00f4ng c\u00f3 t\u00ean trong danh s\u00e1ch, sinh vi\u00ean vui l\u00f2ng li\u00ean h\u1ec7 tr\u1ef1c ti\u1ebfp b\u1ed9 ph\u1eadn Y t\u1ebf \u0111\u1ec3 \u0111\u01b0\u1ee3c h\u1ed7 tr\u1ee3 ki\u1ec3m tra&nbsp;v\u00e0 ph\u1ea3n h\u1ed3i&nbsp;th\u00f4ng&nbsp;tin.<\/li>\n<\/ul>\n\n\n\n<p><strong><em>L\u01b0u \u00fd:<\/em><\/strong> T\u1eeb ng\u00e0y 01\/6\/2025, B\u1ea3o hi\u1ec3m x\u00e3 h\u1ed9i Vi\u1ec7t Nam&nbsp;<strong>ng\u1eebng c\u1ea5p m\u1edbi th\u1ebb BHYT b\u1ea3n gi\u1ea5y<\/strong>&nbsp;cho ng\u01b0\u1eddi tham gia, thay v\u00e0o \u0111\u00f3 ng\u01b0\u1eddi d\u00e2n s\u1eed d\u1ee5ng th\u1ebb BHYT \u0111i\u1ec7n t\u1eed tr\u00ean \u1ee9ng d\u1ee5ng VssID, VNeID ho\u1eb7c C\u0103n c\u01b0\u1edbc c\u00f4ng d\u00e2n (CCCD) g\u1eafn chip \u0111\u1ec3 \u0111i kh\u00e1m ch\u1eefa b\u1ec7nh.<\/p>\n\n\n\n<p>B\u1ed9 ph\u1eadn Y t\u1ebf g\u1eedi k\u00e8m Clip&nbsp;<strong>H\u01b0\u1edbng d\u1eabn \u0111\u0103ng k\u00fd t\u00e0i kho\u1ea3n VssID<\/strong>&nbsp;\u0111\u1ec3 sinh vi\u00ean tham kh\u1ea3o&nbsp;v\u00e0 th\u1ef1c hi\u1ec7n. V\u00ec t\u00e0i kho\u1ea3n VssID&nbsp;c\u1ea7n ph\u1ea3i \u0111\u01b0\u1ee3c ph\u00ea duy\u1ec7t v\u00e0 c\u1ea5p m\u1eadt kh\u1ea9u, c\u00e1c b\u1ea1n vui l\u00f2ng \u0111\u0103ng k\u00fd ngay \u0111\u1ec3 s\u1eed d\u1ee5ng khi c\u1ea7n.<\/p>\n\n\n\n<figure class=\"wp-block-video\"><video height=\"1080\" style=\"aspect-ratio: 1920 \/ 1080;\" width=\"1920\" controls src=\"https:\/\/www.hoasen.edu.vn\/tnvlsv\/wp-content\/uploads\/sites\/31\/2025\/10\/HUONG-DAN-DANG-KY-TAI-KHOAN-VSSID_2025-1.mp4\"><\/video><\/figure>\n\n\n\n<p><\/p>\n\n\n\n<p>Sinh vi\u00ean s\u1eed d\u1ee5ng \u1ee9ng d\u1ee5ng VneID ph\u1ea3i th\u1ef1c hi\u1ec7n thao t\u00e1c&nbsp;<strong>&#8220;G\u1eedi y\u00eau c\u1ea7u c\u1eadp nh\u1eadt th\u00f4ng tin m\u1edbi&#8221;<\/strong> \u0111\u1ec3 \u0111\u1ed3ng b\u1ed9 d\u1eef li\u1ec7u nh\u01b0 \u1ea3nh minh h\u1ecda nh\u01b0 sau:<\/p>\n\n\n<div class=\"wp-block-image\">\n<figure class=\"aligncenter size-full\"><img loading=\"lazy\" decoding=\"async\" width=\"294\" height=\"606\" src=\"https:\/\/www.hoasen.edu.vn\/tnvlsv\/wp-content\/uploads\/sites\/31\/2025\/10\/VNeID.jpg\" alt=\"\" class=\"wp-image-1560\"\/><\/figure>\n<\/div>\n\n\n<p><\/p>\n\n\n\n<p>M\u1ecdi th\u1eafc m\u1eafc, sinh vi\u00ean vui l\u00f2ng li\u00ean h\u1ec7 b\u1ed9 ph\u1eadn Y t\u1ebf:<\/p>\n\n\n\n<ul class=\"wp-block-list\">\n<li>\u0110\u1ecba \u0111i\u1ec3m: Trung t\u00e2m Tr\u1ea3i nghi\u1ec7m sinh vi\u00ean v\u00e0 Quan h\u1ec7 doanh nghi\u1ec7p (Ph\u00f2ng 001, s\u1ea3nh G &#8211; Tr\u1ee5 s\u1edf Nguy\u1ec5n V\u0103n Tr\u00e1ng, P. B\u1ebfn Th\u00e0nh, TP. H\u1ed3 Ch\u00ed Minh)<\/li>\n\n\n\n<li>Th\u1eddi gian l\u00e0m vi\u1ec7c: Th\u1ee9 Hai &#8211; Th\u1ee9 S\u00e1u (S\u00e1ng: 8h00 &#8211; 12h00, Chi\u1ec1u: 13h00 &#8211; 17h00)<\/li>\n\n\n\n<li>Email:&nbsp;<a href=\"mailto:yte@hoasen.edu.vn\" target=\"_blank\" rel=\"noreferrer noopener\">yte@hoasen.edu.vn<\/a><\/li>\n\n\n\n<li>\u0110i\u1ec7n tho\u1ea1i: 028 7309 1991 &#8211; ext 4702<\/li>\n<\/ul>\n\n\n\n<p>Tr\u00e2n tr\u1ecdng,&nbsp;<\/p>\n","protected":false},"excerpt":{"rendered":"<p>Th\u00e2n g\u1eedi c\u00e1c b\u1ea1n sinh vi\u00ean kh\u00f3a 2025, B\u1ed9 ph\u1eadn Y t\u1ebf g\u1eedi \u0111\u1ebfn c\u00e1c b\u1ea1n danh s\u00e1ch sinh vi\u00ean \u0111\u00e3 \u0111\u01b0\u1ee3c k\u00edch hoat&nbsp;B\u1ea3o hi\u1ec3m y t\u1ebf&nbsp;2025&nbsp;(BHYT)&nbsp;\u0111\u1ee3t 1,&nbsp;c\u1ee5 th\u1ec3 nh\u01b0 sau: L\u01b0u \u00fd: T\u1eeb ng\u00e0y 01\/6\/2025, B\u1ea3o hi\u1ec3m x\u00e3 h\u1ed9i Vi\u1ec7t Nam&nbsp;ng\u1eebng c\u1ea5p m\u1edbi th\u1ebb BHYT b\u1ea3n gi\u1ea5y&nbsp;cho ng\u01b0\u1eddi tham gia, thay v\u00e0o \u0111\u00f3 ng\u01b0\u1eddi d\u00e2n s\u1eed d\u1ee5ng th\u1ebb BHYT \u0111i\u1ec7n t\u1eed tr\u00ean \u1ee9ng d\u1ee5ng VssID, VNeID ho\u1eb7c C\u0103n c\u01b0\u1edbc c\u00f4ng d\u00e2n (CCCD) g\u1eafn chip \u0111\u1ec3 \u0111i kh\u00e1m ch\u1eefa b\u1ec7nh. B\u1ed9 ph\u1eadn Y t\u1ebf g\u1eedi k\u00e8m Clip&nbsp;H\u01b0\u1edbng d\u1eabn \u0111\u0103ng k\u00fd t\u00e0i kho\u1ea3n VssID&nbsp;\u0111\u1ec3 sinh vi\u00ean tham kh\u1ea3o&nbsp;v\u00e0 th\u1ef1c hi\u1ec7n. V\u00ec&#8230;<\/p>\n","protected":false},"author":70,"featured_media":0,"parent":0,"menu_order":0,"comment_status":"closed","ping_status":"closed","template":"","meta":{"footnotes":""},"class_list":["post-1557","page","type-page","status-publish","hentry"],"acf":[],"_links":{"self":[{"href":"https:\/\/www.hoasen.edu.vn\/tnvlsv\/wp-json\/wp\/v2\/pages\/1557","targetHints":{"allow":["GET"]}}],"collection":[{"href":"https:\/\/www.hoasen.edu.vn\/tnvlsv\/wp-json\/wp\/v2\/pages"}],"about":[{"href":"https:\/\/www.hoasen.edu.vn\/tnvlsv\/wp-json\/wp\/v2\/types\/page"}],"author":[{"embeddable":true,"href":"https:\/\/www.hoasen.edu.vn\/tnvlsv\/wp-json\/wp\/v2\/users\/70"}],"replies":[{"embeddable":true,"href":"https:\/\/www.hoasen.edu.vn\/tnvlsv\/wp-json\/wp\/v2\/comments?post=1557"}],"version-history":[{"count":5,"href":"https:\/\/www.hoasen.edu.vn\/tnvlsv\/wp-json\/wp\/v2\/pages\/1557\/revisions"}],"predecessor-version":[{"id":1570,"href":"https:\/\/www.hoasen.edu.vn\/tnvlsv\/wp-json\/wp\/v2\/pages\/1557\/revisions\/1570"}],"wp:attachment":[{"href":"https:\/\/www.hoasen.edu.vn\/tnvlsv\/wp-json\/wp\/v2\/media?parent=1557"}],"curies":[{"name":"wp","href":"https:\/\/api.w.org\/{rel}","templated":true}]}}