{"id":1539,"date":"2025-09-19T10:01:34","date_gmt":"2025-09-19T10:01:34","guid":{"rendered":"https:\/\/www.hoasen.edu.vn\/tnvlsv\/?page_id=1539"},"modified":"2025-09-19T10:01:35","modified_gmt":"2025-09-19T10:01:35","slug":"thong-bao-cap-hoc-bong-cho-sinh-vien-vuot-kho-hoc-gioi-nam-2025","status":"publish","type":"page","link":"https:\/\/www.hoasen.edu.vn\/tnvlsv\/thong-bao-cap-hoc-bong-cho-sinh-vien-vuot-kho-hoc-gioi-nam-2025\/","title":{"rendered":"TH\u00d4NG B\u00c1O C\u1ea4P H\u1eccC B\u1ed4NG CHO SINH VI\u00caN V\u01af\u1ee2T KH\u00d3, H\u1eccC GI\u1eceI N\u0102M 2025"},"content":{"rendered":"\n<p>Trung t\u00e2m Tr\u1ea3i nghi\u1ec7m sinh vi\u00ean v\u00e0 Quan h\u1ec7 doanh nghi\u1ec7p th\u00f4ng b\u00e1o \u0111\u1ebfn c\u00e1c b\u1ea1n v\u1ec1 vi\u1ec7c c\u1ea5p h\u1ecdc b\u1ed5ng cho sinh vi\u00ean v\u01b0\u1ee3t kh\u00f3, h\u1ecdc gi\u1ecfi n\u0103m 2025 c\u1ee7a Qu\u1ef9 h\u1ecdc b\u1ed5ng Quang Trung, c\u1ee5 th\u1ec3 nh\u01b0 sau:<\/p>\n\n\n\n<p><strong>1. M\u1ee5c \u0111\u00edch c\u1ee7a h\u1ecdc b\u1ed5ng<\/strong><\/p>\n\n\n\n<ul class=\"wp-block-list\">\n<li>G\u00f3p ph\u1ea7n kh\u00edch l\u1ec7 tinh th\u1ea7n h\u1ecdc t\u1eadp, nghi\u00ean c\u1ee9u khoa h\u1ecdc c\u1ee7a sinh vi\u00ean.<\/li>\n\n\n\n<li>H\u1ed7 tr\u1ee3 t\u00e0i ch\u00ednh \u0111\u1ec3 sinh vi\u00ean y\u00ean t\u00e2m h\u1ecdc t\u1eadp v\u00e0 r\u00e8n luy\u1ec7n.<\/li>\n\n\n\n<li>T\u1ea1o c\u01a1 h\u1ed9i k\u1ebft n\u1ed1i, giao l\u01b0u, ph\u00e1t tri\u1ec3n k\u1ef9 n\u0103ng m\u1ec1m v\u00e0 \u0111\u1ecbnh h\u01b0\u1edbng ngh\u1ec1 nghi\u1ec7p cho sinh vi\u00ean.<\/li>\n<\/ul>\n\n\n\n<p><strong>2. \u0110\u1ed1i t\u01b0\u1ee3ng<\/strong>: Sinh vi\u00ean h\u1ec7 ch\u00ednh quy c\u1ee7a c\u00e1c tr\u01b0\u1eddng \u0111\u1ea1i h\u1ecdc t\u1ea1i TP. H\u1ed3 Ch\u00ed Minh, c\u00f3 qu\u00ea Gia Lai (sau khi s\u00e1p nh\u1eadp) c\u00f3 k\u1ebft qu\u1ea3 h\u1ecdc t\u1eadp v\u00e0 r\u00e8n luy\u1ec7n t\u1ed1t, t\u00edch c\u1ef1c tham gia c\u00e1c ho\u1ea1t \u0111\u1ed9ng \u0111o\u00e0n th\u1ec3, x\u00e3 h\u1ed9i&#8230;<\/p>\n\n\n\n<p><strong>3. Gi\u00e1 tr\u1ecb m\u1ed7i su\u1ea5t h\u1ecdc b\u1ed5ng tr\u1ecb gi\u00e1<\/strong>:<strong>\u00a05.000.000\u00a0\u0111\u1ed3ng<\/strong><\/p>\n\n\n\n<p><strong>4. Th\u1eddi gian \u0111\u0103ng k\u00fd v\u00e0 n\u1ed9p h\u1ed3 s\u01a1 v\u00f2ng s\u01a1 tuy\u1ec3n:<\/strong> t\u1eeb 20\/09\/2025 \u0111\u1ebfn h\u1ebft ng\u00e0y 05\/11\/2025.&nbsp;<\/p>\n\n\n\n<div data-wp-interactive=\"core\/file\" class=\"wp-block-file\"><object data-wp-bind--hidden=\"!state.hasPdfPreview\" hidden class=\"wp-block-file__embed\" data=\"https:\/\/www.hoasen.edu.vn\/tnvlsv\/wp-content\/uploads\/sites\/31\/2025\/09\/Thong-bao-cap-hoc-bong-sinh-vien-2025.pdf\" type=\"application\/pdf\" style=\"width:100%;height:600px\" aria-label=\"Nh\u00fang file Th\u00f4ng b\u00e1o c\u1ea5p h\u1ecdc b\u1ed5ng sinh vi\u00ean 2025.\"><\/object><a id=\"wp-block-file--media-ac5bde21-0835-43e0-90c9-97899d955b22\" href=\"https:\/\/www.hoasen.edu.vn\/tnvlsv\/wp-content\/uploads\/sites\/31\/2025\/09\/Thong-bao-cap-hoc-bong-sinh-vien-2025.pdf\">Th\u00f4ng b\u00e1o c\u1ea5p h\u1ecdc b\u1ed5ng sinh vi\u00ean 2025<\/a><a href=\"https:\/\/www.hoasen.edu.vn\/tnvlsv\/wp-content\/uploads\/sites\/31\/2025\/09\/Thong-bao-cap-hoc-bong-sinh-vien-2025.pdf\" class=\"wp-block-file__button wp-element-button\" download aria-describedby=\"wp-block-file--media-ac5bde21-0835-43e0-90c9-97899d955b22\">T\u1ea3i xu\u1ed1ng<\/a><\/div>\n","protected":false},"excerpt":{"rendered":"<p>Trung t\u00e2m Tr\u1ea3i nghi\u1ec7m sinh vi\u00ean v\u00e0 Quan h\u1ec7 doanh nghi\u1ec7p th\u00f4ng b\u00e1o \u0111\u1ebfn c\u00e1c b\u1ea1n v\u1ec1 vi\u1ec7c c\u1ea5p h\u1ecdc b\u1ed5ng cho sinh vi\u00ean v\u01b0\u1ee3t kh\u00f3, h\u1ecdc gi\u1ecfi n\u0103m 2025 c\u1ee7a Qu\u1ef9 h\u1ecdc b\u1ed5ng Quang Trung, c\u1ee5 th\u1ec3 nh\u01b0 sau: 1. M\u1ee5c \u0111\u00edch c\u1ee7a h\u1ecdc b\u1ed5ng 2. \u0110\u1ed1i t\u01b0\u1ee3ng: Sinh vi\u00ean h\u1ec7 ch\u00ednh quy c\u1ee7a c\u00e1c tr\u01b0\u1eddng \u0111\u1ea1i h\u1ecdc t\u1ea1i TP. H\u1ed3 Ch\u00ed Minh, c\u00f3 qu\u00ea Gia Lai (sau khi s\u00e1p nh\u1eadp) c\u00f3 k\u1ebft qu\u1ea3 h\u1ecdc t\u1eadp v\u00e0 r\u00e8n luy\u1ec7n t\u1ed1t, t\u00edch c\u1ef1c tham gia c\u00e1c ho\u1ea1t \u0111\u1ed9ng \u0111o\u00e0n th\u1ec3, x\u00e3 h\u1ed9i&#8230; 3. Gi\u00e1 tr\u1ecb m\u1ed7i su\u1ea5t h\u1ecdc b\u1ed5ng tr\u1ecb&#8230;<\/p>\n","protected":false},"author":70,"featured_media":0,"parent":0,"menu_order":0,"comment_status":"closed","ping_status":"closed","template":"","meta":{"footnotes":""},"class_list":["post-1539","page","type-page","status-publish","hentry"],"acf":[],"_links":{"self":[{"href":"https:\/\/www.hoasen.edu.vn\/tnvlsv\/wp-json\/wp\/v2\/pages\/1539","targetHints":{"allow":["GET"]}}],"collection":[{"href":"https:\/\/www.hoasen.edu.vn\/tnvlsv\/wp-json\/wp\/v2\/pages"}],"about":[{"href":"https:\/\/www.hoasen.edu.vn\/tnvlsv\/wp-json\/wp\/v2\/types\/page"}],"author":[{"embeddable":true,"href":"https:\/\/www.hoasen.edu.vn\/tnvlsv\/wp-json\/wp\/v2\/users\/70"}],"replies":[{"embeddable":true,"href":"https:\/\/www.hoasen.edu.vn\/tnvlsv\/wp-json\/wp\/v2\/comments?post=1539"}],"version-history":[{"count":1,"href":"https:\/\/www.hoasen.edu.vn\/tnvlsv\/wp-json\/wp\/v2\/pages\/1539\/revisions"}],"predecessor-version":[{"id":1542,"href":"https:\/\/www.hoasen.edu.vn\/tnvlsv\/wp-json\/wp\/v2\/pages\/1539\/revisions\/1542"}],"wp:attachment":[{"href":"https:\/\/www.hoasen.edu.vn\/tnvlsv\/wp-json\/wp\/v2\/media?parent=1539"}],"curies":[{"name":"wp","href":"https:\/\/api.w.org\/{rel}","templated":true}]}}