{"id":1289,"date":"2024-11-09T10:16:56","date_gmt":"2024-11-09T10:16:56","guid":{"rendered":"https:\/\/www.hoasen.edu.vn\/tnvlsv\/?page_id=1289"},"modified":"2024-11-09T10:18:30","modified_gmt":"2024-11-09T10:18:30","slug":"thong-bao-nhan-the-sinh-vien-khoa-2024-dot-1","status":"publish","type":"page","link":"https:\/\/www.hoasen.edu.vn\/tnvlsv\/thong-bao-nhan-the-sinh-vien-khoa-2024-dot-1\/","title":{"rendered":"TH\u00d4NG B\u00c1O NH\u1eacN\u00a0TH\u1eba\u00a0SINH\u00a0VI\u00caN\u00a0KHO\u00c1 2024 \u0110\u1ee2T 1"},"content":{"rendered":"\n<p>Th\u00e2n ch\u00e0o c\u00e1c b\u1ea1n&nbsp;sinh&nbsp;vi\u00ean&nbsp;Kh\u00f3a 2024,<\/p>\n\n\n\n<p>Trung t\u00e2m Truy\u1ec1n th\u00f4ng v\u00e0 Tr\u1ea3i nghi\u1ec7m &#8211; Vi\u1ec7c l\u00e0m&nbsp;sinh&nbsp;vi\u00ean&nbsp;th\u00f4ng b\u00e1o v\u1ec1 th\u1eddi gian v\u00e0 \u0111\u1ecba \u0111i\u1ec3m nh\u1eadn&nbsp;th\u1ebb&nbsp;sinh&nbsp;vi\u00ean, c\u1ee5 th\u1ec3 nh\u01b0 sau:<\/p>\n\n\n\n<p><strong>\u0110\u1ed1i t\u01b0\u1ee3ng:&nbsp;<\/strong>T\u00e2n&nbsp;sinh&nbsp;vi\u00ean&nbsp;K24&nbsp;<strong>c\u00f3 t\u00ean trong danh s\u00e1ch&nbsp;<\/strong>ph\u00e1t h\u00e0nh&nbsp;th\u1ebb&nbsp;\u0110\u1ee3t 1.<\/p>\n\n\n\n<p><strong>\u0110\u1ecba \u0111i\u1ec3m v\u00e0 th\u1eddi gian nh\u1eadn th\u1ebb:<\/strong><\/p>\n\n\n<div class=\"wp-block-image\">\n<figure class=\"aligncenter size-full\"><img loading=\"lazy\" decoding=\"async\" width=\"2124\" height=\"940\" src=\"https:\/\/www.hoasen.edu.vn\/tnvlsv\/wp-content\/uploads\/sites\/31\/2024\/11\/unnamed.png\" alt=\"\" class=\"wp-image-1290\"\/><\/figure>\n<\/div>\n\n\n<p><\/p>\n\n\n\n<p><strong><span style=\"text-decoration: underline;\">L\u01b0u \u00fd:<\/span><\/strong><\/p>\n\n\n\n<ul class=\"wp-block-list\">\n<li>Khi \u0111\u1ebfn nh\u1eadn&nbsp;th\u1ebb,&nbsp;sinh&nbsp;vi\u00ean&nbsp;<strong>b\u1eaft bu\u1ed9c<\/strong>&nbsp;ph\u1ea3i mang theo&nbsp;<strong>CCCD b\u1ea3n g\u1ed1c<\/strong>.<\/li>\n\n\n\n<li>Sinh&nbsp;vi\u00ean&nbsp;thu\u1ed9c \u0111\u1ed1i t\u01b0\u1ee3ng \u0111\u0103ng k\u00fd b\u1ed5 sung, c\u1eadp nh\u1eadt th\u00f4ng tin l\u00e0m&nbsp;th\u1ebb&nbsp;<strong>(Kh\u00f4ng c\u00f3 t\u00ean trong danh s\u00e1ch) s\u1ebd c\u00f3 th\u00f4ng b\u00e1o nh\u1eadn&nbsp;th\u1ebb&nbsp;trong \u0111\u1ee3t k\u1ebf ti\u1ebfp.<\/strong><\/li>\n\n\n\n<li>Sinh&nbsp;vi\u00ean&nbsp;ch\u01b0a \u0111\u0103ng k\u00fd th\u00f4ng tin l\u00e0m&nbsp;th\u1ebb&nbsp;sinh&nbsp;vi\u00ean&nbsp;<strong>li\u00ean h\u1ec7 Trung t\u00e2m t\u1eeb ng\u00e0y 28\/10\/2024 \u0111\u1ec3 \u0111\u01b0\u1ee3c h\u1ed7 tr\u1ee3 \u0111i\u1ec1n bi\u1ec3u m\u1eabu \u0111\u0103ng k\u00fd b\u1ed5 sung<\/strong>.<\/li>\n<\/ul>\n\n\n\n<p>\u0110\u1ec3 thu\u1eadn ti\u1ec7n cho vi\u1ec7c h\u01b0\u1edbng d\u1eabn k\u00edch ho\u1ea1t t\u00e0i kho\u1ea3n&nbsp;th\u1ebb&nbsp;sinh&nbsp;vi\u00ean, c\u00e1c b\u1ea1n vui l\u00f2ng t\u1ea3i \u1ee9ng d\u1ee5ng BIDV SmartBanking v\u00e0o \u0111i\u1ec7n tho\u1ea1i v\u00e0 l\u00e0m theo File H\u01b0\u1edbng d\u1eabn \u0111\u0103ng nh\u1eadp, c\u00e0i \u0111\u1eb7t&nbsp;sinh&nbsp;tr\u1eafc h\u1ecdc v\u00e0 k\u00edch ho\u1ea1t&nbsp;th\u1ebb&nbsp;sinh&nbsp;vi\u00ean&nbsp;b\u00ean d\u01b0\u1edbi \u0111\u1ec3 thu\u1eadn ti\u1ec7n cho vi\u1ec7c chi ho\u00e0n h\u1ecdc ph\u00ed (n\u1ebfu c\u00f3) trong nh\u1eefng h\u1ecdc k\u1ef3 sau.&nbsp;<\/p>\n\n\n\n<figure class=\"wp-block-gallery has-nested-images columns-default is-cropped wp-block-gallery-1 is-layout-flex wp-block-gallery-is-layout-flex\">\n<figure class=\"wp-block-image size-large\"><img loading=\"lazy\" decoding=\"async\" width=\"905\" height=\"1280\" data-id=\"1292\" src=\"https:\/\/www.hoasen.edu.vn\/tnvlsv\/wp-content\/uploads\/sites\/31\/2024\/11\/unnamed.jpg\" alt=\"\" class=\"wp-image-1292\"\/><\/figure>\n\n\n\n<figure class=\"wp-block-image size-large\"><img loading=\"lazy\" decoding=\"async\" width=\"904\" height=\"1280\" data-id=\"1291\" src=\"https:\/\/www.hoasen.edu.vn\/tnvlsv\/wp-content\/uploads\/sites\/31\/2024\/11\/unnamed-1.jpg\" alt=\"\" class=\"wp-image-1291\"\/><\/figure>\n<\/figure>\n\n\n\n<p>M\u1ecdi th\u1eafc m\u1eafc vui l\u00f2ng li\u00ean h\u1ec7 Trung t\u00e2m Truy\u1ec1n th\u00f4ng v\u00e0 Tr\u1ea3i nghi\u1ec7m \u2013 Vi\u1ec7c l\u00e0m&nbsp;sinh&nbsp;vi\u00ean&nbsp;email&nbsp;<a href=\"mailto:dichvusinhvien@hoasen.edu.vn\" target=\"_blank\" rel=\"noreferrer noopener\">dichvusinhvien@hoasen.edu.vn<\/a>&nbsp;\u0111\u1ec3 \u0111\u01b0\u1ee3c gi\u1ea3i \u0111\u00e1p.<\/p>\n\n\n\n<p>Th\u00e2n m\u1ebfn,<\/p>\n","protected":false},"excerpt":{"rendered":"<p>Th\u00e2n ch\u00e0o c\u00e1c b\u1ea1n&nbsp;sinh&nbsp;vi\u00ean&nbsp;Kh\u00f3a 2024, Trung t\u00e2m Truy\u1ec1n th\u00f4ng v\u00e0 Tr\u1ea3i nghi\u1ec7m &#8211; Vi\u1ec7c l\u00e0m&nbsp;sinh&nbsp;vi\u00ean&nbsp;th\u00f4ng b\u00e1o v\u1ec1 th\u1eddi gian v\u00e0 \u0111\u1ecba \u0111i\u1ec3m nh\u1eadn&nbsp;th\u1ebb&nbsp;sinh&nbsp;vi\u00ean, c\u1ee5 th\u1ec3 nh\u01b0 sau: \u0110\u1ed1i t\u01b0\u1ee3ng:&nbsp;T\u00e2n&nbsp;sinh&nbsp;vi\u00ean&nbsp;K24&nbsp;c\u00f3 t\u00ean trong danh s\u00e1ch&nbsp;ph\u00e1t h\u00e0nh&nbsp;th\u1ebb&nbsp;\u0110\u1ee3t 1. \u0110\u1ecba \u0111i\u1ec3m v\u00e0 th\u1eddi gian nh\u1eadn th\u1ebb: L\u01b0u \u00fd: \u0110\u1ec3 thu\u1eadn ti\u1ec7n cho vi\u1ec7c h\u01b0\u1edbng d\u1eabn k\u00edch ho\u1ea1t t\u00e0i kho\u1ea3n&nbsp;th\u1ebb&nbsp;sinh&nbsp;vi\u00ean, c\u00e1c b\u1ea1n vui l\u00f2ng t\u1ea3i \u1ee9ng d\u1ee5ng BIDV SmartBanking v\u00e0o \u0111i\u1ec7n tho\u1ea1i v\u00e0 l\u00e0m theo File H\u01b0\u1edbng d\u1eabn \u0111\u0103ng nh\u1eadp, c\u00e0i \u0111\u1eb7t&nbsp;sinh&nbsp;tr\u1eafc h\u1ecdc v\u00e0 k\u00edch ho\u1ea1t&nbsp;th\u1ebb&nbsp;sinh&nbsp;vi\u00ean&nbsp;b\u00ean d\u01b0\u1edbi \u0111\u1ec3 thu\u1eadn ti\u1ec7n cho vi\u1ec7c chi ho\u00e0n h\u1ecdc ph\u00ed (n\u1ebfu c\u00f3) trong nh\u1eefng h\u1ecdc k\u1ef3 sau.&nbsp; M\u1ecdi th\u1eafc&#8230;<\/p>\n","protected":false},"author":70,"featured_media":0,"parent":0,"menu_order":0,"comment_status":"closed","ping_status":"closed","template":"","meta":{"footnotes":""},"class_list":["post-1289","page","type-page","status-publish","hentry"],"acf":[],"_links":{"self":[{"href":"https:\/\/www.hoasen.edu.vn\/tnvlsv\/wp-json\/wp\/v2\/pages\/1289","targetHints":{"allow":["GET"]}}],"collection":[{"href":"https:\/\/www.hoasen.edu.vn\/tnvlsv\/wp-json\/wp\/v2\/pages"}],"about":[{"href":"https:\/\/www.hoasen.edu.vn\/tnvlsv\/wp-json\/wp\/v2\/types\/page"}],"author":[{"embeddable":true,"href":"https:\/\/www.hoasen.edu.vn\/tnvlsv\/wp-json\/wp\/v2\/users\/70"}],"replies":[{"embeddable":true,"href":"https:\/\/www.hoasen.edu.vn\/tnvlsv\/wp-json\/wp\/v2\/comments?post=1289"}],"version-history":[{"count":2,"href":"https:\/\/www.hoasen.edu.vn\/tnvlsv\/wp-json\/wp\/v2\/pages\/1289\/revisions"}],"predecessor-version":[{"id":1294,"href":"https:\/\/www.hoasen.edu.vn\/tnvlsv\/wp-json\/wp\/v2\/pages\/1289\/revisions\/1294"}],"wp:attachment":[{"href":"https:\/\/www.hoasen.edu.vn\/tnvlsv\/wp-json\/wp\/v2\/media?parent=1289"}],"curies":[{"name":"wp","href":"https:\/\/api.w.org\/{rel}","templated":true}]}}