{"id":1266,"date":"2024-11-09T10:00:03","date_gmt":"2024-11-09T10:00:03","guid":{"rendered":"https:\/\/www.hoasen.edu.vn\/tnvlsv\/?page_id=1266"},"modified":"2024-11-09T10:05:59","modified_gmt":"2024-11-09T10:05:59","slug":"le-tot-nghiep-lan-thu-42","status":"publish","type":"page","link":"https:\/\/www.hoasen.edu.vn\/tnvlsv\/le-tot-nghiep-lan-thu-42\/","title":{"rendered":"L\u1ec4 T\u1ed0T NGHI\u1ec6P L\u1ea6N TH\u1ee8 42"},"content":{"rendered":"\n<p>Ng\u00e0y 02\/11\/2024 t\u1ea1i nh\u00e0 h\u00e1t H\u00f2a B\u00ecnh, tr\u01b0\u1eddng \u0110\u1ea1i h\u1ecdc Hoa Sen t\u1ed5 ch\u1ee9c L\u1ec5 t\u1ed1t nghi\u1ec7p l\u1ea7n th\u1ee9 42 theo ch\u1ee7 \u0111\u1ec1 \u201cHoa Sen Go Global\u201d cho 1,665 t\u00e2n khoa.<\/p>\n\n\n\n<p>Ch\u01b0\u01a1ng tr\u00ecnh v\u1edbi s\u1ef1 g\u00f3p m\u1eb7t c\u1ee7a \u0111\u1ea1i di\u1ec7n L\u00e3nh s\u1ef1 qu\u00e1n c\u00e1c n\u01b0\u1edbc, qu\u00fd \u0111\u1ed1i t\u00e1c doanh nghi\u1ec7p, Ban gi\u00e1m hi\u1ec7u Nh\u00e0 tr\u01b0\u1eddng, c\u00e1c gi\u1ea3ng vi\u00ean, h\u01a1n 1.600 T\u00e2n khoa c\u00f9ng h\u01a1n 2.000 ng\u01b0\u1eddi th\u00e2n, b\u1ea1n b\u00e8.<\/p>\n\n\n<div class=\"wp-block-image\">\n<figure class=\"aligncenter size-full\"><img loading=\"lazy\" decoding=\"async\" width=\"2048\" height=\"1152\" src=\"https:\/\/www.hoasen.edu.vn\/tnvlsv\/wp-content\/uploads\/sites\/31\/2024\/11\/10.jpg\" alt=\"\" class=\"wp-image-1267\"\/><figcaption class=\"wp-element-caption\"><em>T\u00e2n khoa Nguy\u1ec5n Thanh Thu\u1eadn &#8211; Th\u1ee7 khoa ng\u00e0nh Marketing \u0111\u1ea1i di\u1ec7n h\u01a1n 1600 T\u00e2n khoa ph\u00e1t bi\u1ec3u t\u1ea1i L\u1ec5 T\u1ed1t nghi\u1ec7p<\/em><\/figcaption><\/figure>\n<\/div>\n\n\n<p><\/p>\n\n\n\n<p>Chi\u1ebfc n\u00f3n h\u00ecnh vu\u00f4ng t\u01b0\u1ee3ng tr\u01b0ng cho cu\u1ed1n s\u00e1ch ch\u1ee9a \u0111\u1ef1ng tri th\u1ee9c v\u00e0 tr\u00ed tu\u1ec7. Nh\u1eefng b\u00f4ng hoa \u0111\u01b0\u1ee3c k\u1ebft tinh t\u1ebf b\u00ean c\u1ea1nh logo v\u00e0 t\u00ean ri\u00eang th\u1ec3 hi\u1ec7n ni\u1ec1m t\u1ef1 h\u00e0o c\u1ee7a T\u00e2n khoa HSU. Hy v\u1ecdng r\u1eb1ng \u0111\u00e2y s\u1ebd l\u00e0 k\u1ef7 ni\u1ec7m qu\u00fd gi\u00e1 \u0111\u1ec3 c\u00e1c b\u1ea1n lu\u00f4n nh\u1edb v\u1ec1 m\u1ed7i khi nh\u1eafc \u0111\u1ebfn Tr\u01b0\u1eddng \u0110\u1ea1i h\u1ecdc Hoa Sen.<\/p>\n\n\n\n<p><\/p>\n\n\n\n<figure class=\"wp-block-gallery has-nested-images columns-default is-cropped wp-block-gallery-1 is-layout-flex wp-block-gallery-is-layout-flex\">\n<figure class=\"wp-block-image size-large\"><img loading=\"lazy\" decoding=\"async\" width=\"2048\" height=\"1152\" data-id=\"1268\" src=\"https:\/\/www.hoasen.edu.vn\/tnvlsv\/wp-content\/uploads\/sites\/31\/2024\/11\/11.jpg\" alt=\"\" class=\"wp-image-1268\"\/><\/figure>\n\n\n\n<figure class=\"wp-block-image size-large\"><img loading=\"lazy\" decoding=\"async\" width=\"2048\" height=\"1152\" data-id=\"1269\" src=\"https:\/\/www.hoasen.edu.vn\/tnvlsv\/wp-content\/uploads\/sites\/31\/2024\/11\/12.jpg\" alt=\"\" class=\"wp-image-1269\"\/><\/figure>\n\n\n\n<figure class=\"wp-block-image size-large\"><img loading=\"lazy\" decoding=\"async\" width=\"2048\" height=\"1152\" data-id=\"1270\" src=\"https:\/\/www.hoasen.edu.vn\/tnvlsv\/wp-content\/uploads\/sites\/31\/2024\/11\/13.1.jpg\" alt=\"\" class=\"wp-image-1270\"\/><\/figure>\n<\/figure>\n\n\n\n<p><\/p>\n\n\n\n<p>T\u1ea1i L\u1ec5 T\u1ed1t nghi\u1ec7p l\u1ea7n th\u1ee9 42, sinh vi\u00ean ng\u00e0nh Qu\u1ea3n tr\u1ecb s\u1ef1 ki\u1ec7n kh\u00f3a \u0111\u1ea7u ti\u00ean t\u1ea1i HSU \u0111\u01b0\u1ee3c t\u1ed1t nghi\u1ec7p, trong \u0111\u00f3 100% \u0111\u1ec1u c\u00f3 vi\u1ec7c l\u00e0m trong n\u01b0\u1edbc v\u00e0 qu\u1ed1c t\u1ebf<\/p>\n\n\n\n<p><\/p>\n\n\n\n<figure class=\"wp-block-gallery has-nested-images columns-default is-cropped wp-block-gallery-2 is-layout-flex wp-block-gallery-is-layout-flex\">\n<figure class=\"wp-block-image size-large\"><img loading=\"lazy\" decoding=\"async\" width=\"2048\" height=\"1152\" data-id=\"1272\" src=\"https:\/\/www.hoasen.edu.vn\/tnvlsv\/wp-content\/uploads\/sites\/31\/2024\/11\/14.jpg\" alt=\"\" class=\"wp-image-1272\"\/><\/figure>\n\n\n\n<figure class=\"wp-block-image size-large\"><img loading=\"lazy\" decoding=\"async\" width=\"2048\" height=\"1152\" data-id=\"1273\" src=\"https:\/\/www.hoasen.edu.vn\/tnvlsv\/wp-content\/uploads\/sites\/31\/2024\/11\/15.jpg\" alt=\"\" class=\"wp-image-1273\"\/><\/figure>\n\n\n\n<figure class=\"wp-block-image size-large\"><img loading=\"lazy\" decoding=\"async\" width=\"2048\" height=\"1152\" data-id=\"1271\" src=\"https:\/\/www.hoasen.edu.vn\/tnvlsv\/wp-content\/uploads\/sites\/31\/2024\/11\/16.jpg\" alt=\"\" class=\"wp-image-1271\"\/><\/figure>\n<\/figure>\n\n\n\n<p><\/p>\n\n\n\n<p>Nh\u1eefng kho\u1ea3nh kh\u1eafc x\u00fac \u0111\u1ed9ng v\u1ec1 l\u00f2ng bi\u1ebft \u01a1n v\u00e0 s\u1ef1 t\u1ef1 h\u00e0o \u0111\u00e3 \u0111\u01b0\u1ee3c xu\u1ea5t hi\u1ec7n t\u1ea1i L\u1ec5 t\u1ed1t nghi\u1ec7p l\u1ea7n th\u1ee9 42 n\u00e0y<\/p>\n\n\n\n<p><\/p>\n\n\n\n<figure class=\"wp-block-gallery has-nested-images columns-default is-cropped wp-block-gallery-3 is-layout-flex wp-block-gallery-is-layout-flex\">\n<figure class=\"wp-block-image size-large\"><img loading=\"lazy\" decoding=\"async\" width=\"2048\" height=\"1152\" data-id=\"1276\" src=\"https:\/\/www.hoasen.edu.vn\/tnvlsv\/wp-content\/uploads\/sites\/31\/2024\/11\/17.jpg\" alt=\"\" class=\"wp-image-1276\"\/><\/figure>\n\n\n\n<figure class=\"wp-block-image size-large\"><img loading=\"lazy\" decoding=\"async\" width=\"2048\" height=\"1365\" data-id=\"1274\" src=\"https:\/\/www.hoasen.edu.vn\/tnvlsv\/wp-content\/uploads\/sites\/31\/2024\/11\/18.jpg\" alt=\"\" class=\"wp-image-1274\"\/><\/figure>\n\n\n\n<figure class=\"wp-block-image size-large\"><img loading=\"lazy\" decoding=\"async\" width=\"2048\" height=\"1638\" data-id=\"1275\" src=\"https:\/\/www.hoasen.edu.vn\/tnvlsv\/wp-content\/uploads\/sites\/31\/2024\/11\/19.jpg\" alt=\"\" class=\"wp-image-1275\"\/><\/figure>\n<\/figure>\n\n\n\n<p><\/p>\n\n\n\n<p>Sau h\u00e0nh tr\u00ecnh h\u1ecdc t\u1eadp v\u00e0 tr\u1ea3i nghi\u1ec7m \u0111\u1ea7y m\u00e0u s\u1eafc t\u1ea1i Tr\u01b0\u1eddng \u0110\u1ea1i h\u1ecdc Hoa Sen, h\u01a1n 1.600 T\u00e2n khoa \u0111\u00e3 \u201ckh\u1edfi h\u00e0nh\u201d t\u1eeb \u201cs\u00e2n bay tri th\u1ee9c qu\u1ed1c t\u1ebf\u201d &#8211; Hoa Sen International Airport \u0111\u1ec3 v\u01b0\u01a1n ra th\u1ebf gi\u1edbi.<\/p>\n\n\n\n<p>L\u1ec5 T\u1ed1t nghi\u1ec7p l\u1ea7n th\u1ee9 42 \u0111\u00e3 di\u1ec5n ra th\u00e0nh c\u00f4ng t\u1ed1t \u0111\u1eb9p, mang l\u1ea1i nhi\u1ec1u c\u1ea3m x\u00fac, h\u00ecnh \u1ea3nh \u00fd ngh\u0129a \u0111\u1ebfn Qu\u00fd v\u1ecb \u0111\u1ea1i bi\u1ec3u, t\u00e2n khoa, ph\u1ee5 huynh tham d\u1ef1.<\/p>\n","protected":false},"excerpt":{"rendered":"<p>Ng\u00e0y 02\/11\/2024 t\u1ea1i nh\u00e0 h\u00e1t H\u00f2a B\u00ecnh, tr\u01b0\u1eddng \u0110\u1ea1i h\u1ecdc Hoa Sen t\u1ed5 ch\u1ee9c L\u1ec5 t\u1ed1t nghi\u1ec7p l\u1ea7n th\u1ee9 42 theo ch\u1ee7 \u0111\u1ec1 \u201cHoa Sen Go Global\u201d cho 1,665 t\u00e2n khoa. Ch\u01b0\u01a1ng tr\u00ecnh v\u1edbi s\u1ef1 g\u00f3p m\u1eb7t c\u1ee7a \u0111\u1ea1i di\u1ec7n L\u00e3nh s\u1ef1 qu\u00e1n c\u00e1c n\u01b0\u1edbc, qu\u00fd \u0111\u1ed1i t\u00e1c doanh nghi\u1ec7p, Ban gi\u00e1m hi\u1ec7u Nh\u00e0 tr\u01b0\u1eddng, c\u00e1c gi\u1ea3ng vi\u00ean, h\u01a1n 1.600 T\u00e2n khoa c\u00f9ng h\u01a1n 2.000 ng\u01b0\u1eddi th\u00e2n, b\u1ea1n b\u00e8. Chi\u1ebfc n\u00f3n h\u00ecnh vu\u00f4ng t\u01b0\u1ee3ng tr\u01b0ng cho cu\u1ed1n s\u00e1ch ch\u1ee9a \u0111\u1ef1ng tri th\u1ee9c v\u00e0 tr\u00ed tu\u1ec7. Nh\u1eefng b\u00f4ng hoa \u0111\u01b0\u1ee3c k\u1ebft tinh t\u1ebf b\u00ean c\u1ea1nh logo v\u00e0 t\u00ean ri\u00eang th\u1ec3 hi\u1ec7n&#8230;<\/p>\n","protected":false},"author":70,"featured_media":0,"parent":0,"menu_order":0,"comment_status":"closed","ping_status":"closed","template":"","meta":{"footnotes":""},"class_list":["post-1266","page","type-page","status-publish","hentry"],"acf":[],"_links":{"self":[{"href":"https:\/\/www.hoasen.edu.vn\/tnvlsv\/wp-json\/wp\/v2\/pages\/1266","targetHints":{"allow":["GET"]}}],"collection":[{"href":"https:\/\/www.hoasen.edu.vn\/tnvlsv\/wp-json\/wp\/v2\/pages"}],"about":[{"href":"https:\/\/www.hoasen.edu.vn\/tnvlsv\/wp-json\/wp\/v2\/types\/page"}],"author":[{"embeddable":true,"href":"https:\/\/www.hoasen.edu.vn\/tnvlsv\/wp-json\/wp\/v2\/users\/70"}],"replies":[{"embeddable":true,"href":"https:\/\/www.hoasen.edu.vn\/tnvlsv\/wp-json\/wp\/v2\/comments?post=1266"}],"version-history":[{"count":2,"href":"https:\/\/www.hoasen.edu.vn\/tnvlsv\/wp-json\/wp\/v2\/pages\/1266\/revisions"}],"predecessor-version":[{"id":1279,"href":"https:\/\/www.hoasen.edu.vn\/tnvlsv\/wp-json\/wp\/v2\/pages\/1266\/revisions\/1279"}],"wp:attachment":[{"href":"https:\/\/www.hoasen.edu.vn\/tnvlsv\/wp-json\/wp\/v2\/media?parent=1266"}],"curies":[{"name":"wp","href":"https:\/\/api.w.org\/{rel}","templated":true}]}}