{"id":1250,"date":"2024-11-09T09:44:00","date_gmt":"2024-11-09T09:44:00","guid":{"rendered":"https:\/\/www.hoasen.edu.vn\/tnvlsv\/?page_id=1250"},"modified":"2024-11-09T09:44:35","modified_gmt":"2024-11-09T09:44:35","slug":"le-khai-giang-nam-hoc-2024-2025","status":"publish","type":"page","link":"https:\/\/www.hoasen.edu.vn\/tnvlsv\/le-khai-giang-nam-hoc-2024-2025\/","title":{"rendered":"L\u1ec4 KHAI GI\u1ea2NG N\u0102M H\u1eccC 2024 &#8211; 2025"},"content":{"rendered":"\n<p>Ng\u00e0y 05\/10 v\u1eeba qua, Tr\u01b0\u1eddng \u0110\u1ea1i h\u1ecdc Hoa Sen long tr\u1ecdng t\u1ed5 ch\u1ee9c L\u1ec5 Khai gi\u1ea3ng n\u0103m h\u1ecdc 2024 &#8211; 2025 t\u1ea1i Nh\u00e0 thi \u0111\u1ea5u Nguy\u1ec5n Du.<\/p>\n\n\n\n<p>V\u1edbi ch\u1ee7 \u0111\u1ec1 Hoa Sen Go Global, ng\u00e0y khai tr\u01b0\u1eddng s\u1ebd l\u00e0 c\u1ed9t m\u1ed1c quan tr\u1ecdng m\u1edf ra ch\u1eb7ng h\u00e0nh tr\u00ecnh h\u1ecdc t\u1eadp s\u1ed1ng \u0111\u1ed9ng theo ti\u00eau chu\u1ea9n qu\u1ed1c t\u1ebf. Minh ch\u1ee9ng r\u00f5 n\u00e9t \u0111\u00f3 l\u00e0 tr\u01b0\u1edbc khi b\u01b0\u1edbc v\u00e0o h\u1ecdc k\u1ef3 ch\u00ednh th\u1ee9c, T\u00e2n Sinh vi\u00ean K24 \u0111\u00e3 \u0111\u01b0\u1ee3c tham gia c\u00e1c chuy\u1ebfn &#8220;fieldtrip&#8221; h\u1ecdc t\u1eadp v\u00e0 tr\u1ea3i nghi\u1ec7m n\u01b0\u1edbc ngo\u00e0i, l\u00e0 h\u00e0nh trang qu\u00fd gi\u00e1 \u0111\u1ec3 c\u00e1c b\u1ea1n \u00e1p d\u1ee5ng trong su\u1ed1t 3.5 n\u0103m t\u1ea1i \u0111\u00e2y.<\/p>\n\n\n\n<figure class=\"wp-block-gallery has-nested-images columns-default is-cropped wp-block-gallery-1 is-layout-flex wp-block-gallery-is-layout-flex\">\n<figure class=\"wp-block-image size-large\"><img loading=\"lazy\" decoding=\"async\" width=\"2048\" height=\"1152\" data-id=\"1254\" src=\"https:\/\/www.hoasen.edu.vn\/tnvlsv\/wp-content\/uploads\/sites\/31\/2024\/11\/6.jpg\" alt=\"\" class=\"wp-image-1254\"\/><\/figure>\n\n\n\n<figure class=\"wp-block-image size-large\"><img loading=\"lazy\" decoding=\"async\" width=\"2048\" height=\"1047\" data-id=\"1255\" src=\"https:\/\/www.hoasen.edu.vn\/tnvlsv\/wp-content\/uploads\/sites\/31\/2024\/11\/5.jpg\" alt=\"\" class=\"wp-image-1255\"\/><\/figure>\n\n\n\n<figure class=\"wp-block-image size-large\"><img loading=\"lazy\" decoding=\"async\" width=\"2048\" height=\"1231\" data-id=\"1256\" src=\"https:\/\/www.hoasen.edu.vn\/tnvlsv\/wp-content\/uploads\/sites\/31\/2024\/11\/4.jpg\" alt=\"\" class=\"wp-image-1256\"\/><\/figure>\n<figcaption class=\"blocks-gallery-caption wp-element-caption\"><em>Nghi th\u1ee9c r\u01b0\u1edbc c\u1edd chuy\u1ec3n giao th\u1ebf h\u1ec7 v\u00e0 \u0111\u00e1nh tr\u1ed1ng khai gi\u1ea3ng c\u1ee7a Hi\u1ec7u tr\u01b0\u1edfng<\/em><\/figcaption><\/figure>\n\n\n\n<p><\/p>\n\n\n\n<figure class=\"wp-block-gallery has-nested-images columns-default is-cropped wp-block-gallery-2 is-layout-flex wp-block-gallery-is-layout-flex\">\n<figure class=\"wp-block-image size-large\"><img loading=\"lazy\" decoding=\"async\" width=\"2962\" height=\"1415\" data-id=\"1253\" src=\"https:\/\/www.hoasen.edu.vn\/tnvlsv\/wp-content\/uploads\/sites\/31\/2024\/11\/1.jpg\" alt=\"\" class=\"wp-image-1253\"\/><\/figure>\n\n\n\n<figure class=\"wp-block-image size-large\"><img loading=\"lazy\" decoding=\"async\" width=\"2048\" height=\"1283\" data-id=\"1251\" src=\"https:\/\/www.hoasen.edu.vn\/tnvlsv\/wp-content\/uploads\/sites\/31\/2024\/11\/2.jpg\" alt=\"\" class=\"wp-image-1251\"\/><\/figure>\n\n\n\n<figure class=\"wp-block-image size-large\"><img loading=\"lazy\" decoding=\"async\" width=\"2048\" height=\"1152\" data-id=\"1252\" src=\"https:\/\/www.hoasen.edu.vn\/tnvlsv\/wp-content\/uploads\/sites\/31\/2024\/11\/3.jpg\" alt=\"\" class=\"wp-image-1252\"\/><\/figure>\n<figcaption class=\"blocks-gallery-caption wp-element-caption\"><em>H\u00ecnh \u1ea3nh trao h\u1ecdc b\u1ed5ng cho c\u00e1c b\u1ea1n sinh vi\u00ean \u01b0u t\u00fa<\/em><\/figcaption><\/figure>\n\n\n\n<p><\/p>\n\n\n\n<figure class=\"wp-block-gallery has-nested-images columns-default is-cropped wp-block-gallery-3 is-layout-flex wp-block-gallery-is-layout-flex\">\n<figure class=\"wp-block-image size-large\"><img loading=\"lazy\" decoding=\"async\" width=\"2048\" height=\"1365\" data-id=\"1257\" src=\"https:\/\/www.hoasen.edu.vn\/tnvlsv\/wp-content\/uploads\/sites\/31\/2024\/11\/7.jpg\" alt=\"\" class=\"wp-image-1257\"\/><\/figure>\n\n\n\n<figure class=\"wp-block-image size-large\"><img loading=\"lazy\" decoding=\"async\" width=\"2048\" height=\"1154\" data-id=\"1258\" src=\"https:\/\/www.hoasen.edu.vn\/tnvlsv\/wp-content\/uploads\/sites\/31\/2024\/11\/8.jpg\" alt=\"\" class=\"wp-image-1258\"\/><\/figure>\n\n\n\n<figure class=\"wp-block-image size-large\"><img loading=\"lazy\" decoding=\"async\" width=\"2048\" height=\"1365\" data-id=\"1259\" src=\"https:\/\/www.hoasen.edu.vn\/tnvlsv\/wp-content\/uploads\/sites\/31\/2024\/11\/9.jpg\" alt=\"\" class=\"wp-image-1259\"\/><\/figure>\n<figcaption class=\"blocks-gallery-caption wp-element-caption\">C\u00e1c ti\u1ebft m\u1ee5c v\u0103n ngh\u1ec7 \u0111\u1eb7c s\u1eafc<\/figcaption><\/figure>\n\n\n\n<p><\/p>\n\n\n\n<p>Song song \u0111\u00f3, h\u00e0ng lo\u1ea1t ho\u1ea1t \u0111\u1ed9ng h\u1ea5p d\u1eabn, giao l\u01b0u \u00e2m nh\u1ea1c c\u00f9ng c\u00e1c ngh\u1ec7 s\u0129 kh\u00e1ch m\u1eddi&#8230; \u0111\u00e3 \u0111\u01b0\u1ee3c di\u1ec5n ra:<\/p>\n\n\n\n<p><img loading=\"lazy\" decoding=\"async\" height=\"16\" width=\"16\" alt=\"\ud83d\udd39\" src=\"https:\/\/static.xx.fbcdn.net\/images\/emoji.php\/v9\/tf3\/1\/16\/1f539.png\"> Nghi th\u1ee9c r\u01b0\u1edbc c\u1edd chuy\u1ec3n giao th\u1ebf h\u1ec7 ho\u00e0nh tr\u00e1ng;<\/p>\n\n\n\n<p><img loading=\"lazy\" decoding=\"async\" height=\"16\" width=\"16\" alt=\"\ud83d\udd39\" src=\"https:\/\/static.xx.fbcdn.net\/images\/emoji.php\/v9\/tf3\/1\/16\/1f539.png\"> Ti\u1ebft m\u1ee5c tr\u00ecnh di\u1ec5n M\u00faa tay Finger-Tutting v\u00e0 nh\u1ea1c k\u1ecbch 9 khoa l\u1ea7n \u0111\u1ea7u ti\u00ean t\u1ea1i HSU;<\/p>\n\n\n\n<p><img loading=\"lazy\" decoding=\"async\" height=\"16\" width=\"16\" alt=\"\ud83d\udd39\" src=\"https:\/\/static.xx.fbcdn.net\/images\/emoji.php\/v9\/tf3\/1\/16\/1f539.png\"> Nghi th\u1ee9c trao h\u1ecdc b\u1ed5ng cho c\u00e1c b\u1ea1n sinh vi\u00ean \u01b0u t\u00fa;<\/p>\n\n\n\n<p><img loading=\"lazy\" decoding=\"async\" height=\"16\" width=\"16\" alt=\"\ud83d\udd39\" src=\"https:\/\/static.xx.fbcdn.net\/images\/emoji.php\/v9\/tf3\/1\/16\/1f539.png\"> Nghi th\u1ee9c k\u00fd k\u1ebft h\u1ee3p t\u00e1c doanh nghi\u1ec7p, m\u1edf ra c\u01a1 h\u1ed9i th\u1ef1c t\u1eadp, vi\u1ec7c l\u00e0m cho sinh vi\u00ean;<\/p>\n\n\n\n<p><img loading=\"lazy\" decoding=\"async\" height=\"16\" width=\"16\" alt=\"\ud83d\udd39\" src=\"https:\/\/static.xx.fbcdn.net\/images\/emoji.php\/v9\/tf3\/1\/16\/1f539.png\"> Tr\u1ea3i nghi\u1ec7m lo\u1ea1t ti\u1ebft m\u1ee5c \u00e2m nh\u1ea1c s\u00f4i \u0111\u1ed9ng t\u1ea1i ph\u1ea7n h\u1ed9i Welcome Day;<\/p>\n\n\n\n<p><img loading=\"lazy\" decoding=\"async\" height=\"16\" width=\"16\" alt=\"\ud83d\udd39\" src=\"https:\/\/static.xx.fbcdn.net\/images\/emoji.php\/v9\/tf3\/1\/16\/1f539.png\"> \u0110\u1eb7c bi\u1ec7t, giao l\u01b0u c\u00f9ng NGH\u1ec6 S\u0128 kh\u00e1ch m\u1eddi.<\/p>\n\n\n\n<p><\/p>\n","protected":false},"excerpt":{"rendered":"<p>Ng\u00e0y 05\/10 v\u1eeba qua, Tr\u01b0\u1eddng \u0110\u1ea1i h\u1ecdc Hoa Sen long tr\u1ecdng t\u1ed5 ch\u1ee9c L\u1ec5 Khai gi\u1ea3ng n\u0103m h\u1ecdc 2024 &#8211; 2025 t\u1ea1i Nh\u00e0 thi \u0111\u1ea5u Nguy\u1ec5n Du. V\u1edbi ch\u1ee7 \u0111\u1ec1 Hoa Sen Go Global, ng\u00e0y khai tr\u01b0\u1eddng s\u1ebd l\u00e0 c\u1ed9t m\u1ed1c quan tr\u1ecdng m\u1edf ra ch\u1eb7ng h\u00e0nh tr\u00ecnh h\u1ecdc t\u1eadp s\u1ed1ng \u0111\u1ed9ng theo ti\u00eau chu\u1ea9n qu\u1ed1c t\u1ebf. Minh ch\u1ee9ng r\u00f5 n\u00e9t \u0111\u00f3 l\u00e0 tr\u01b0\u1edbc khi b\u01b0\u1edbc v\u00e0o h\u1ecdc k\u1ef3 ch\u00ednh th\u1ee9c, T\u00e2n Sinh vi\u00ean K24 \u0111\u00e3 \u0111\u01b0\u1ee3c tham gia c\u00e1c chuy\u1ebfn &#8220;fieldtrip&#8221; h\u1ecdc t\u1eadp v\u00e0 tr\u1ea3i nghi\u1ec7m n\u01b0\u1edbc ngo\u00e0i, l\u00e0 h\u00e0nh trang qu\u00fd gi\u00e1 \u0111\u1ec3 c\u00e1c b\u1ea1n \u00e1p d\u1ee5ng trong&#8230;<\/p>\n","protected":false},"author":70,"featured_media":0,"parent":0,"menu_order":0,"comment_status":"closed","ping_status":"closed","template":"","meta":{"footnotes":""},"class_list":["post-1250","page","type-page","status-publish","hentry"],"acf":[],"_links":{"self":[{"href":"https:\/\/www.hoasen.edu.vn\/tnvlsv\/wp-json\/wp\/v2\/pages\/1250","targetHints":{"allow":["GET"]}}],"collection":[{"href":"https:\/\/www.hoasen.edu.vn\/tnvlsv\/wp-json\/wp\/v2\/pages"}],"about":[{"href":"https:\/\/www.hoasen.edu.vn\/tnvlsv\/wp-json\/wp\/v2\/types\/page"}],"author":[{"embeddable":true,"href":"https:\/\/www.hoasen.edu.vn\/tnvlsv\/wp-json\/wp\/v2\/users\/70"}],"replies":[{"embeddable":true,"href":"https:\/\/www.hoasen.edu.vn\/tnvlsv\/wp-json\/wp\/v2\/comments?post=1250"}],"version-history":[{"count":2,"href":"https:\/\/www.hoasen.edu.vn\/tnvlsv\/wp-json\/wp\/v2\/pages\/1250\/revisions"}],"predecessor-version":[{"id":1261,"href":"https:\/\/www.hoasen.edu.vn\/tnvlsv\/wp-json\/wp\/v2\/pages\/1250\/revisions\/1261"}],"wp:attachment":[{"href":"https:\/\/www.hoasen.edu.vn\/tnvlsv\/wp-json\/wp\/v2\/media?parent=1250"}],"curies":[{"name":"wp","href":"https:\/\/api.w.org\/{rel}","templated":true}]}}