{"id":1216,"date":"2024-06-28T02:10:06","date_gmt":"2024-06-28T02:10:06","guid":{"rendered":"https:\/\/www.hoasen.edu.vn\/tnvlsv\/?page_id=1216"},"modified":"2024-06-28T03:22:38","modified_gmt":"2024-06-28T03:22:38","slug":"hsus-career-festival-2024","status":"publish","type":"page","link":"https:\/\/www.hoasen.edu.vn\/tnvlsv\/hsus-career-festival-2024\/","title":{"rendered":"HSU\u2019s CAREER FESTIVAL 2024"},"content":{"rendered":"\n<p><strong>V\u1edbi \u0111\u1ecbnh h\u01b0\u1edbng tr\u1edf th\u00e0nh tr\u01b0\u1eddng \u0111\u1ea1i h\u1ecdc \u0111\u1ea1t chu\u1ea9n qu\u1ed1c t\u1ebf, l\u00e0 b\u1ec7 ph\u00f3ng gi\u00fap sinh vi\u00ean khai ph\u00e1 ti\u1ec1m n\u0103ng, t\u1eebng b\u01b0\u1edbc t\u1ecfa s\u00e1ng v\u00e0 ch\u1ea1m \u0111\u1ebfn \u01b0\u1edbc m\u01a1, Tr\u01b0\u1eddng \u0110\u1ea1i h\u1ecdc Hoa Sen t\u1ed5 ch\u1ee9c Ng\u00e0y h\u1ed9i vi\u1ec7c l\u00e0m HSU\u2019s Career Festival 2024 v\u1edbi ch\u1ee7 \u0111\u1ec1 \u201cNavigating Your Future\u201d l\u00e0 c\u1ea7u n\u1ed1i \u0111\u1ec3 sinh vi\u00ean ti\u1ebfp c\u1eadn v\u1edbi nh\u1eefng doanh nghi\u1ec7p, t\u1eadp \u0111o\u00e0n uy t\u00edn, k\u1ecbp th\u1eddi n\u1eafm b\u1eaft nh\u1eefng v\u1ecb tr\u00ed c\u00f4ng vi\u1ec7c t\u1ed1t nh\u1ea5t.&nbsp;<\/strong><\/p>\n\n\n\n<p>Ng\u00e0y 08\/06\/2024, Tr\u01b0\u1eddng \u0110\u1ea1i h\u1ecdc Hoa Sen t\u1ed5 ch\u1ee9c Ng\u00e0y h\u1ed9i vi\u1ec7c l\u00e0m &#8211; HSU\u2019s Career Festival 2024 thu h\u00fat \u0111\u00f4ng \u0111\u1ea3o c\u00e1c T\u1eadp \u0111o\u00e0n, Doanh nghi\u1ec7p uy t\u00edn v\u00e0 c\u00e1c b\u1ea1n Sinh vi\u00ean Hoa Sen tham gia ph\u1ecfng v\u1ea5n. C\u00e1c doanh nghi\u1ec7p tham gia ng\u00e0y h\u1ed9i g\u1ed3m:<\/p>\n\n\n\n<ol class=\"wp-block-list\">\n<li>Li\u00ean hi\u1ec7p HTX Th\u01b0\u01a1ng M\u1ea1i TP.HCM (Saigon CO-OP) \u2013 Nh\u00e0 t\u00e0i tr\u1ee3 V\u00e0ng<\/li>\n\n\n\n<li>C\u00f4ng ty TNNHH Itechwx \u2013 Nh\u00e0 t\u00e0i tr\u1ee3 B\u1ea1c<\/li>\n\n\n\n<li>C\u00f4ng ty CP D\u1ecbch v\u1ee5 Du l\u1ecbch B\u1ebfn Th\u00e0nh (BenThanh Tourist) \u2013 Nh\u00e0 t\u00e0i tr\u1ee3 \u0110\u1ed3ng<\/li>\n\n\n\n<li><a href=\"https:\/\/careerviet.vn\/\" target=\"_blank\" rel=\"noopener\">C\u00f4ng ty CP Gi\u1ea3i ph\u00e1p CareerViet<\/a> \u2013 Nh\u00e0 t\u00e0i tr\u1ee3 \u0110\u1ed3ng<\/li>\n\n\n\n<li>C\u00f4ng ty TNHH Kinh doanh Th\u01b0\u01a1ng m\u1ea1i v\u00e0 D\u1ecbch v\u1ee5 VinFast \u2013 Nh\u00e0 t\u00e0i tr\u1ee3 \u0110\u1ed3ng<\/li>\n\n\n\n<li>Ng\u00e2n h\u00e0ng TMCP \u0110\u1ea7u t\u01b0 &amp; Ph\u00e1t tri\u1ec3n Vi\u1ec7t Nam &#8211; CN SGD2 \u2013 \u0110\u01a1n v\u1ecb \u0110\u1ed3ng h\u00e0nh<\/li>\n\n\n\n<li>C\u00f4ng ty TNHH VietNam Concentrix Services \u2013 \u0110\u01a1n v\u1ecb \u0110\u1ed3ng h\u00e0nh<\/li>\n\n\n\n<li>C\u00f4ng ty TNHH SEA-A Vi\u1ec7t Nam \u2013 \u0110\u01a1n v\u1ecb \u0110\u1ed3ng h\u00e0nh<\/li>\n\n\n\n<li>C\u00f4ng ty C\u1ed5 ph\u1ea7n ch\u1ee9ng kho\u00e1n SSI<\/li>\n\n\n\n<li>Ng\u00e2n h\u00e0ng TNHH MTV Woori Vi\u1ec7t Nam &#8211; CN S\u00e0i G\u00f2n<\/li>\n\n\n\n<li>Ng\u00e2n h\u00e0ng TMCP Qu\u1ed1c T\u1ebf Vi\u1ec7t Nam &#8211; Cn G\u00f2 V\u1ea5p PGD 3\/2<\/li>\n\n\n\n<li>C\u00f4ng ty C\u1ed5 ph\u1ea7n Misa<\/li>\n\n\n\n<li>Ng\u00e2n h\u00e0ng TMCP MTV Shinhan Vi\u1ec7t Nam<\/li>\n\n\n\n<li>C\u00f4ng ty TNHH Li\u00ean Minh Kinh Doanh Qu\u1ed1c T\u1ebf<\/li>\n\n\n\n<li>C\u00f4ng ty CP Truy\u1ec1n th\u00f4ng V\u00e0ng Ch\u00e2u \u00c1<\/li>\n\n\n\n<li>C\u00f4ng ty Cho thu\u00ea t\u00e0i ch\u00ednh TNHH MTV Qu\u1ed1c t\u1ebf Chailease<\/li>\n\n\n\n<li>C\u00f4ng ty CP Viva Consulting Service<\/li>\n\n\n\n<li>C\u00f4ng ty TNHH Education Solution Vi\u1ec7t Nam<\/li>\n\n\n\n<li>C\u00f4ng ty TNHH TMDV Vi\u1ec5n th\u00f4ng Thi\u00ean T\u00fa<\/li>\n\n\n\n<li>C\u00f4ng ty TNHH PICARE Vi\u1ec7t Nam<\/li>\n\n\n\n<li>C\u00f4ng ty CP Ch\u1ee9ng kho\u00e1n R\u1ed3ng Vi\u1ec7t<\/li>\n\n\n\n<li>C\u00f4ng ty CP X\u00edch Vi\u1ec7t<\/li>\n<\/ol>\n\n\n\n<p><\/p>\n\n\n\n<figure class=\"wp-block-image alignwide size-full\"><img loading=\"lazy\" decoding=\"async\" width=\"975\" height=\"650\" src=\"https:\/\/www.hoasen.edu.vn\/tnvlsv\/wp-content\/uploads\/sites\/31\/2024\/06\/image.png\" alt=\"\" class=\"wp-image-1217\" srcset=\"https:\/\/www.hoasen.edu.vn\/tnvlsv\/wp-content\/uploads\/sites\/31\/2024\/06\/image.png 975w, https:\/\/www.hoasen.edu.vn\/tnvlsv\/wp-content\/uploads\/sites\/31\/2024\/06\/image-300x200.png 300w, https:\/\/www.hoasen.edu.vn\/tnvlsv\/wp-content\/uploads\/sites\/31\/2024\/06\/image-768x512.png 768w\" sizes=\"auto, (max-width: 975px) 100vw, 975px\" \/><figcaption class=\"wp-element-caption\"><em>H\u01a1n 20 Doanh nghi\u1ec7p tham gia \u0111\u1ed3ng h\u00e0nh c\u00f9ng Ng\u00e0y h\u1ed9i vi\u1ec7c l\u00e0m HSU\u2019s Career Festival 2024<\/em><\/figcaption><\/figure>\n\n\n\n<p><\/p>\n\n\n\n<p>Ph\u00e1t bi\u1ec3u khai m\u1ea1c s\u1ef1 ki\u1ec7n, PGS.TS V\u00f5 Th\u1ecb Ng\u1ecdc Th\u00fay &#8211; Hi\u1ec7u tr\u01b0\u1edfng Nh\u00e0 Tr\u01b0\u1eddng chia s\u1ebb: \u201cTrong s\u1ef1 ph\u00e1t tri\u1ec3n c\u1ee7a th\u1ecb tr\u01b0\u1eddng v\u00e0 qu\u1ed1c t\u1ebf h\u00f3a, HSU \u0111\u1eb7t t\u1ea7m nh\u00ecn tr\u1edf th\u00e0nh tr\u01b0\u1eddng \u0111\u1ea1i h\u1ecdc \u0111\u1ea1t chu\u1ea9n qu\u1ed1c t\u1ebf. T\u1eeb n\u0103m nay, sinh vi\u00ean ch\u00fang t\u00f4i s\u1ebd \u0111\u01b0\u1ee3c 2 l\u1ea7n \u0111i h\u1ecdc t\u1eadp t\u1ea1i n\u01b0\u1edbc ngo\u00e0i. 91% ch\u01b0\u01a1ng tr\u00ecnh \u0111\u00e0o t\u1ea1o c\u1ee7a ch\u00fang t\u00f4i \u0111\u00e3 \u0111\u1ea1t ki\u1ec3m \u0111\u1ecbnh qu\u1ed1c t\u1ebf c\u1ee7a M\u1ef9, Th\u1ee5y S\u0129, \u00dac, \u0110\u00f4ng Nam \u00c1 v\u00e0 th\u00e1ng 6 t\u1edbi \u0111\u00e2y l\u00e0 ki\u1ec3m \u0111\u1ecbnh to\u00e0n tr\u01b0\u1eddng theo chu\u1ea9n Ch\u00e2u \u00c2u. T\u1eeb \u0111\u00f3, ch\u00fang t\u00f4i cam \u0111oan v\u1edbi doanh nghi\u1ec7p sinh vi\u00ean HSU khi b\u01b0\u1edbc ra tr\u01b0\u1eddng c\u00e1c em \u0111\u00e3 mang tinh th\u1ea7n qu\u1ed1c t\u1ebf. T\u00f4i ngh\u0129 kh\u00f4ng ch\u1ec9 ri\u00eang Tr\u01b0\u1eddng \u0110\u1ea1i h\u1ecdc Hoa Sen v\u00e0 Doanh nghi\u1ec7p c\u0169ng l\u00e0 m\u1ed9t ph\u1ea7n kh\u00f4ng th\u1ec3 thi\u1ebfu tr\u1ef1c ti\u1ebfp \u0111\u00e0o t\u1ea1o ra nh\u1eefng th\u1ebf h\u1ec7 t\u00e0i n\u0103ng, \u0111\u00f3ng g\u00f3p cho s\u1ef1 ph\u00e1t tri\u1ec3n c\u1ee7a \u0111\u1ea5t n\u01b0\u1edbc. S\u1ef1 th\u00e0nh c\u00f4ng c\u1ee7a c\u00e1c b\u1ea1n C\u1ef1u Sinh vi\u00ean c\u1ee7a ch\u00fang t\u00f4i ch\u00ednh l\u00e0 th\u00e0nh qu\u1ea3 c\u1ee7a qu\u00fd v\u1ecb.\u201d<\/p>\n\n\n\n<figure class=\"wp-block-image alignwide size-full\"><img loading=\"lazy\" decoding=\"async\" width=\"975\" height=\"548\" src=\"https:\/\/www.hoasen.edu.vn\/tnvlsv\/wp-content\/uploads\/sites\/31\/2024\/06\/image-1.png\" alt=\"\" class=\"wp-image-1218\" srcset=\"https:\/\/www.hoasen.edu.vn\/tnvlsv\/wp-content\/uploads\/sites\/31\/2024\/06\/image-1.png 975w, https:\/\/www.hoasen.edu.vn\/tnvlsv\/wp-content\/uploads\/sites\/31\/2024\/06\/image-1-300x169.png 300w, https:\/\/www.hoasen.edu.vn\/tnvlsv\/wp-content\/uploads\/sites\/31\/2024\/06\/image-1-768x432.png 768w\" sizes=\"auto, (max-width: 975px) 100vw, 975px\" \/><figcaption class=\"wp-element-caption\"><em>PGS.TS V\u00f5 Th\u1ecb Ng\u1ecdc Th\u00fay &#8211; Hi\u1ec7u tr\u01b0\u1edfng Tr\u01b0\u1eddng \u0110\u1ea1i h\u1ecdc Hoa Sen ph\u00e1t bi\u1ec3u khai m\u1ea1c t\u1ea1i Ng\u00e0y h\u1ed9i<\/em><\/figcaption><\/figure>\n\n\n\n<p><\/p>\n\n\n\n<p>Song song \u0111\u00f3, L\u1ec5 k\u00fd k\u1ebft th\u1ecfa thu\u1eadn h\u1ee3p t\u00e1c gi\u1eefa Tr\u01b0\u1eddng \u0110\u1ea1i h\u1ecdc Hoa Sen c\u00f9ng h\u01a1n 10 \u0111\u1ed1i t\u00e1c doanh nghi\u1ec7p h\u00e0ng \u0111\u1ea7u di\u1ec5n ra nh\u1eb1m t\u0103ng c\u01b0\u1eddng quan h\u1ec7 h\u1ee3p t\u00e1c gi\u1eefa hai b\u00ean, mong mu\u1ed1n t\u1ea1o \u0111i\u1ec1u ki\u1ec7n cho sinh vi\u00ean c\u00f3 c\u01a1 h\u1ed9i vi\u1ec7c l\u00e0m trong m\u00f4i tr\u01b0\u1eddng chuy\u00ean nghi\u1ec7p kh\u00f4ng ch\u1ec9 trong n\u01b0\u1edbc m\u00e0 c\u00f2n v\u01b0\u01a1n xa ra n\u01b0\u1edbc ngo\u00e0i, h\u1ed9i nh\u1eadp qu\u1ed1c t\u1ebf. T\u1eeb n\u0103m 2024, Tr\u01b0\u1eddng \u0110\u1ea1i h\u1ecdc Hoa Sen tri\u1ec3n khai ch\u01b0\u01a1ng tr\u00ecnh Hoa Sen Go Global v\u00e0 ch\u01b0\u01a1ng tr\u00ecnh Field Trip \u0111em \u0111\u1ebfn cho sinh vi\u00ean nh\u1eefng tr\u1ea3i nghi\u1ec7m th\u1ef1c t\u1ebf khi \u0111\u01b0\u1ee3c h\u1ecdc t\u1eadp t\u1ea1i n\u01b0\u1edbc ngo\u00e0i.<\/p>\n\n\n\n<figure class=\"wp-block-image alignwide size-full\"><img loading=\"lazy\" decoding=\"async\" width=\"975\" height=\"491\" src=\"https:\/\/www.hoasen.edu.vn\/tnvlsv\/wp-content\/uploads\/sites\/31\/2024\/06\/image-2.png\" alt=\"\" class=\"wp-image-1219\" srcset=\"https:\/\/www.hoasen.edu.vn\/tnvlsv\/wp-content\/uploads\/sites\/31\/2024\/06\/image-2.png 975w, https:\/\/www.hoasen.edu.vn\/tnvlsv\/wp-content\/uploads\/sites\/31\/2024\/06\/image-2-300x151.png 300w, https:\/\/www.hoasen.edu.vn\/tnvlsv\/wp-content\/uploads\/sites\/31\/2024\/06\/image-2-768x387.png 768w\" sizes=\"auto, (max-width: 975px) 100vw, 975px\" \/><figcaption class=\"wp-element-caption\"><em>L\u00e3nh \u0111\u1ea1o c\u00e1c doanh nghi\u1ec7p ch\u1ee5p \u1ea3nh l\u01b0u ni\u1ec7m c\u00f9ng c\u00e1c Th\u1ea7y, C\u00f4 Tr\u01b0\u1eddng \u0110\u1ea1i h\u1ecdc Hoa Sen<\/em><\/figcaption><\/figure>\n\n\n\n<p><\/p>\n\n\n\n<p>Nh\u1eb1m \u0111a d\u1ea1ng h\u00f3a c\u00e1c ho\u1ea1t \u0111\u1ed9ng t\u1ea1i ng\u00e0y h\u1ed9i \u0111\u1ec3 c\u00e1c b\u1ea1n sinh vi\u00ean v\u1eeba c\u00f3 vi\u1ec7c l\u00e0m, v\u1eeba t\u00edch l\u0169y th\u00eam kinh nghi\u1ec7m. T\u1ecda \u0111\u00e0m \u201cGen Z \u2013 Kh\u00f4ng ng\u1ea1i ch\u00f4ng gai, v\u01b0\u01a1n m\u00ecnh ra bi\u1ec3n l\u1edbn\u201d \u0111\u01b0\u1ee3c d\u1eabn d\u1eaft b\u1ecfi c\u00e1c chuy\u00ean gia mang \u0111\u1ebfn nh\u1eefng g\u00f3c nh\u00ecn \u0111a chi\u1ec1u v\u1ec1 th\u1ebf h\u1ec7 Gen Z ch\u1ed1n c\u00f4ng s\u1edf n\u00f3i ri\u00eang v\u00e0 \u0111\u1eddi s\u1ed1ng hi\u1ec7n nay n\u00f3i chung. T\u1eeb \u0111\u00f3, trang b\u1ecb nh\u1eefng k\u1ef9 n\u0103ng \u0111\u1ec3 c\u00e1c b\u1ea1n s\u1eb5n s\u00e0ng b\u01b0\u1edbc v\u00e0o h\u00e0nh tr\u00ecnh ch\u1ecdn ng\u00e0nh ngh\u1ec1 ph\u00f9 h\u1ee3p v\u1edbi n\u0103ng l\u1ef1c b\u1ea3n th\u00e2n, h\u1ed9i nh\u1eadp to\u00e0n c\u1ea7u.<\/p>\n\n\n\n<figure class=\"wp-block-image alignwide size-full\"><img loading=\"lazy\" decoding=\"async\" width=\"2048\" height=\"1152\" src=\"https:\/\/www.hoasen.edu.vn\/tnvlsv\/wp-content\/uploads\/sites\/31\/2024\/06\/z5581424786392_050b8dfb62086ad56fda78f7756a7d11.jpg\" alt=\"\" class=\"wp-image-1226\" srcset=\"https:\/\/www.hoasen.edu.vn\/tnvlsv\/wp-content\/uploads\/sites\/31\/2024\/06\/z5581424786392_050b8dfb62086ad56fda78f7756a7d11.jpg 2048w, https:\/\/www.hoasen.edu.vn\/tnvlsv\/wp-content\/uploads\/sites\/31\/2024\/06\/z5581424786392_050b8dfb62086ad56fda78f7756a7d11-300x169.jpg 300w, https:\/\/www.hoasen.edu.vn\/tnvlsv\/wp-content\/uploads\/sites\/31\/2024\/06\/z5581424786392_050b8dfb62086ad56fda78f7756a7d11-768x432.jpg 768w, https:\/\/www.hoasen.edu.vn\/tnvlsv\/wp-content\/uploads\/sites\/31\/2024\/06\/z5581424786392_050b8dfb62086ad56fda78f7756a7d11-1536x864.jpg 1536w\" sizes=\"auto, (max-width: 2048px) 100vw, 2048px\" \/><figcaption class=\"wp-element-caption\"><em>T\u1ecda \u0111\u00e0m \u201cGen Z &#8211; Kh\u00f4ng ng\u1ea1i ch\u00f4ng gai, v\u01b0\u01a1n m\u00ecnh ra bi\u1ec3n l\u1edbn\u201d<\/em><\/figcaption><\/figure>\n\n\n\n<p>Hy v\u1ecdng r\u1eb1ng, th\u00f4ng qua Ng\u00e0y h\u1ed9i vi\u1ec7c l\u00e0m &#8211; HSU\u2019s Career Festival 2024 s\u1ebd gi\u00fap c\u00e1c b\u1ea1n sinh vi\u00ean t\u00ecm \u0111\u01b0\u1ee3c c\u00f4ng vi\u1ec7c ph\u00f9 h\u1ee3p, t\u00edch l\u0169y nhi\u1ec1u kinh nghi\u1ec7m h\u1eefu \u00edch \u0111\u1ec3 h\u01b0\u1edbng \u0111\u1ebfn b\u1ee9c tranh ngh\u1ec1 nghi\u1ec7p to\u00e0n di\u1ec7n m\u00e0 c\u00e1c b\u1ea1n mong \u01b0\u1edbc.<\/p>\n","protected":false},"excerpt":{"rendered":"<p>V\u1edbi \u0111\u1ecbnh h\u01b0\u1edbng tr\u1edf th\u00e0nh tr\u01b0\u1eddng \u0111\u1ea1i h\u1ecdc \u0111\u1ea1t chu\u1ea9n qu\u1ed1c t\u1ebf, l\u00e0 b\u1ec7 ph\u00f3ng gi\u00fap sinh vi\u00ean khai ph\u00e1 ti\u1ec1m n\u0103ng, t\u1eebng b\u01b0\u1edbc t\u1ecfa s\u00e1ng v\u00e0 ch\u1ea1m \u0111\u1ebfn \u01b0\u1edbc m\u01a1, Tr\u01b0\u1eddng \u0110\u1ea1i h\u1ecdc Hoa Sen t\u1ed5 ch\u1ee9c Ng\u00e0y h\u1ed9i vi\u1ec7c l\u00e0m HSU\u2019s Career Festival 2024 v\u1edbi ch\u1ee7 \u0111\u1ec1 \u201cNavigating Your Future\u201d l\u00e0 c\u1ea7u n\u1ed1i \u0111\u1ec3 sinh vi\u00ean ti\u1ebfp c\u1eadn v\u1edbi nh\u1eefng doanh nghi\u1ec7p, t\u1eadp \u0111o\u00e0n uy t\u00edn, k\u1ecbp th\u1eddi n\u1eafm b\u1eaft nh\u1eefng v\u1ecb tr\u00ed c\u00f4ng vi\u1ec7c t\u1ed1t nh\u1ea5t.&nbsp; Ng\u00e0y 08\/06\/2024, Tr\u01b0\u1eddng \u0110\u1ea1i h\u1ecdc Hoa Sen t\u1ed5 ch\u1ee9c Ng\u00e0y h\u1ed9i vi\u1ec7c l\u00e0m &#8211; HSU\u2019s Career Festival 2024 thu h\u00fat \u0111\u00f4ng&#8230;<\/p>\n","protected":false},"author":70,"featured_media":0,"parent":0,"menu_order":0,"comment_status":"closed","ping_status":"closed","template":"","meta":{"footnotes":""},"class_list":["post-1216","page","type-page","status-publish","hentry"],"acf":[],"_links":{"self":[{"href":"https:\/\/www.hoasen.edu.vn\/tnvlsv\/wp-json\/wp\/v2\/pages\/1216","targetHints":{"allow":["GET"]}}],"collection":[{"href":"https:\/\/www.hoasen.edu.vn\/tnvlsv\/wp-json\/wp\/v2\/pages"}],"about":[{"href":"https:\/\/www.hoasen.edu.vn\/tnvlsv\/wp-json\/wp\/v2\/types\/page"}],"author":[{"embeddable":true,"href":"https:\/\/www.hoasen.edu.vn\/tnvlsv\/wp-json\/wp\/v2\/users\/70"}],"replies":[{"embeddable":true,"href":"https:\/\/www.hoasen.edu.vn\/tnvlsv\/wp-json\/wp\/v2\/comments?post=1216"}],"version-history":[{"count":5,"href":"https:\/\/www.hoasen.edu.vn\/tnvlsv\/wp-json\/wp\/v2\/pages\/1216\/revisions"}],"predecessor-version":[{"id":1230,"href":"https:\/\/www.hoasen.edu.vn\/tnvlsv\/wp-json\/wp\/v2\/pages\/1216\/revisions\/1230"}],"wp:attachment":[{"href":"https:\/\/www.hoasen.edu.vn\/tnvlsv\/wp-json\/wp\/v2\/media?parent=1216"}],"curies":[{"name":"wp","href":"https:\/\/api.w.org\/{rel}","templated":true}]}}