{"id":5738,"date":"2022-08-05T14:52:28","date_gmt":"2022-08-05T07:52:28","guid":{"rendered":"https:\/\/www.hoasen.edu.vn\/tknt\/?page_id=5738"},"modified":"2022-08-05T14:52:28","modified_gmt":"2022-08-05T07:52:28","slug":"students-works-of-digital-art","status":"publish","type":"page","link":"https:\/\/www.hoasen.edu.vn\/tknt\/en\/students-works-of-digital-art\/","title":{"rendered":"Students\u2019 Works of Digital Art"},"content":{"rendered":"\n<h2 class=\"wp-block-heading\">N\u0103m 2021<\/h2>\n\n\n\n<h2 class=\"wp-block-heading\">N\u0103m 2020<\/h2>\n\n\n\n<h2 class=\"wp-block-heading\">N\u0103m 2019<\/h2>\n\n\n\n<figure class=\"wp-block-gallery columns-0 is-cropped wp-block-gallery-1 is-layout-flex wp-block-gallery-is-layout-flex\"><ul class=\"blocks-gallery-grid\"><\/ul><\/figure>\n","protected":false},"excerpt":{"rendered":"<p>N\u0103m 2021 N\u0103m 2020 N\u0103m 2019<\/p>\n","protected":false},"author":27,"featured_media":0,"parent":0,"menu_order":0,"comment_status":"closed","ping_status":"closed","template":"","meta":{"footnotes":""},"class_list":["post-5738","page","type-page","status-publish","hentry"],"acf":[],"_links":{"self":[{"href":"https:\/\/www.hoasen.edu.vn\/tknt\/wp-json\/wp\/v2\/pages\/5738","targetHints":{"allow":["GET"]}}],"collection":[{"href":"https:\/\/www.hoasen.edu.vn\/tknt\/wp-json\/wp\/v2\/pages"}],"about":[{"href":"https:\/\/www.hoasen.edu.vn\/tknt\/wp-json\/wp\/v2\/types\/page"}],"author":[{"embeddable":true,"href":"https:\/\/www.hoasen.edu.vn\/tknt\/wp-json\/wp\/v2\/users\/27"}],"replies":[{"embeddable":true,"href":"https:\/\/www.hoasen.edu.vn\/tknt\/wp-json\/wp\/v2\/comments?post=5738"}],"version-history":[{"count":1,"href":"https:\/\/www.hoasen.edu.vn\/tknt\/wp-json\/wp\/v2\/pages\/5738\/revisions"}],"predecessor-version":[{"id":5739,"href":"https:\/\/www.hoasen.edu.vn\/tknt\/wp-json\/wp\/v2\/pages\/5738\/revisions\/5739"}],"wp:attachment":[{"href":"https:\/\/www.hoasen.edu.vn\/tknt\/wp-json\/wp\/v2\/media?parent=5738"}],"curies":[{"name":"wp","href":"https:\/\/api.w.org\/{rel}","templated":true}]}}