{"id":12573,"date":"2025-10-10T16:03:13","date_gmt":"2025-10-10T09:03:13","guid":{"rendered":"https:\/\/www.hoasen.edu.vn\/tknt\/?page_id=12573"},"modified":"2025-10-15T10:27:58","modified_gmt":"2025-10-15T03:27:58","slug":"overview","status":"publish","type":"page","link":"https:\/\/www.hoasen.edu.vn\/tknt\/en\/about-us-2\/overview\/","title":{"rendered":"Overview"},"content":{"rendered":"\n<div class=\"wp-block-group block-facuty\"><div class=\"wp-block-group__inner-container is-layout-constrained wp-block-group-is-layout-constrained\">\n<h2 class=\"wp-block-heading has-text-align-center fy-title-hide fy-custom-title\">Welcome to<\/h2>\n\n\n\n<h2 class=\"wp-block-heading has-text-align-center fy-custom-title\">Faculty of Design &#8211; Arts<\/h2>\n<\/div><\/div>\n\n\n\n<div style=\"height:20px\" aria-hidden=\"true\" class=\"wp-block-spacer\"><\/div>\n\n\n\n<div class=\"wp-block-columns block-facuty is-layout-flex wp-container-core-columns-is-layout-9d6595d7 wp-block-columns-is-layout-flex\">\n<div class=\"wp-block-column is-layout-flow wp-block-column-is-layout-flow\" style=\"flex-basis:70px\"><\/div>\n\n\n\n<div class=\"wp-block-column is-layout-flow wp-block-column-is-layout-flow\">\n<figure class=\"wp-block-image size-full\"><img loading=\"lazy\" decoding=\"async\" width=\"2048\" height=\"1366\" src=\"https:\/\/www.hoasen.edu.vn\/tknt\/wp-content\/uploads\/sites\/6\/2025\/09\/Fashion-Business.jpg\" alt=\"\" class=\"wp-image-12231\"\/><\/figure>\n\n\n\n<div style=\"height:10px\" aria-hidden=\"true\" class=\"wp-block-spacer\"><\/div>\n\n\n\n<p style=\"font-size:18px\">The Faculty of Design &#8211; Arts is positioned as a comprehensive training environment in the field of <strong>Technology<\/strong> and <strong>Creativity<\/strong>, combining a high-quality academic foundation with extensive practical experience. The program offers four majors: <strong>Fashion Design<\/strong>, <strong>Interior Design<\/strong>, <strong>Graphic Design<\/strong>, and <strong>Digital Arts<\/strong>, all designed to equip students with aesthetic thinking, professional skills, and management abilities necessary to succeed in the creative industry.<\/p>\n\n\n\n<div style=\"height:10px\" aria-hidden=\"true\" class=\"wp-block-spacer\"><\/div>\n\n\n\n<figure class=\"wp-block-image size-full\"><img loading=\"lazy\" decoding=\"async\" width=\"1920\" height=\"1089\" src=\"https:\/\/www.hoasen.edu.vn\/tknt\/wp-content\/uploads\/sites\/6\/2025\/09\/Bo\u0323\u0302-nha\u0323\u0302n-die\u0323\u0302n-Metro-TP.HCM-2.jpg\" alt=\"L\u00e3nh \u0111\u1ea1o Ban Qu\u1ea3n l\u00fd \u0110\u01b0\u1eddng s\u1eaft \u0111\u00f4 th\u1ecb v\u00e0 C\u00f4ng ty HURC1 tham d\u1ef1 b\u00e1o c\u00e1o k\u1ebft qu\u1ea3 \u0111\u1ed3 \u00e1n v\u1ec1 b\u1ed9 nh\u1eadn di\u1ec7n Metro TP.HCM\" class=\"wp-image-12031\"\/><\/figure>\n\n\n\n<div style=\"height:10px\" aria-hidden=\"true\" class=\"wp-block-spacer\"><\/div>\n\n\n\n<p style=\"font-size:18px\">The training programs are built on the curriculum from prestigious international universities, mostly in France. Specifically, <strong>Fashion Design, Graphic Design, and&nbsp;Interior Design<\/strong>&nbsp;have earned AUN-QA (Southeast Asian Network for Quality Assurance in Higher Education) quality certification, highlighting Hoa Sen University&#8217;s academic reputation. Additionally, HSU has received a 5-star rating from QS Stars for its excellence in the <strong>Student Jobs<\/strong> and <strong>Culture and Arts<\/strong> categories, confirming its strong presence on the international education scene.<\/p>\n\n\n\n<div style=\"height:10px\" aria-hidden=\"true\" class=\"wp-block-spacer\"><\/div>\n\n\n\n<div class=\"wp-block-columns is-layout-flex wp-container-core-columns-is-layout-9d6595d7 wp-block-columns-is-layout-flex\">\n<div class=\"wp-block-column is-layout-flow wp-block-column-is-layout-flow\">\n<figure class=\"wp-block-image size-full\"><img loading=\"lazy\" decoding=\"async\" width=\"1440\" height=\"960\" src=\"https:\/\/www.hoasen.edu.vn\/tknt\/wp-content\/uploads\/sites\/6\/2025\/09\/Van-Xuan-Awards-2024-1.jpg\" alt=\"\" class=\"wp-image-12289\"\/><\/figure>\n<\/div>\n\n\n\n<div class=\"wp-block-column is-layout-flow wp-block-column-is-layout-flow\">\n<figure class=\"wp-block-image size-full\"><img loading=\"lazy\" decoding=\"async\" width=\"1440\" height=\"960\" src=\"https:\/\/www.hoasen.edu.vn\/tknt\/wp-content\/uploads\/sites\/6\/2025\/09\/Van-Xuan-Awards-2024.jpg\" alt=\"\" class=\"wp-image-12290\"\/><\/figure>\n<\/div>\n<\/div>\n\n\n\n<div style=\"height:10px\" aria-hidden=\"true\" class=\"wp-block-spacer\"><\/div>\n\n\n\n<p style=\"font-size:18px\">Students of the Faculty of Design &#8211; Arts study in a modern environment with international standard facilities, including: iMac Retina 5K, drawing board, 3D printer room, VR lab, &#8230; The program also focuses on practical elements through project-based learning models, creative studios, specialized workshops, and activities with businesses, helping students comprehensively develop professional knowledge, creativity, and career skills.<\/p>\n\n\n\n<div style=\"height:10px\" aria-hidden=\"true\" class=\"wp-block-spacer\"><\/div>\n\n\n\n<figure class=\"wp-block-image size-full\"><img loading=\"lazy\" decoding=\"async\" width=\"1920\" height=\"1063\" src=\"https:\/\/www.hoasen.edu.vn\/tknt\/wp-content\/uploads\/sites\/6\/2025\/09\/Loa-Thanh-2024.jpg\" alt=\"\" class=\"wp-image-12292\"\/><\/figure>\n\n\n\n<div style=\"height:10px\" aria-hidden=\"true\" class=\"wp-block-spacer\"><\/div>\n\n\n\n<p style=\"font-size:18px\">Students are equipped for the competitive creative field through a seasoned team of <strong>industry-leading lecturers<\/strong> and a vast network of professional partnerships. These connections with design companies, media outlets, and global brands help students gain practical experience and stay ahead of market trends.&nbsp;<\/p>\n\n\n\n<p style=\"font-size:18px\">As a testament to this, a June 2025 survey by the Center for Student Employment Experience and Corporate Relations reported that <strong>100% of students from the Faculty of Design &#8211; Arts had secured jobs before graduation<\/strong>, with many even being recruited in their third year.<\/p>\n\n\n\n<div style=\"height:10px\" aria-hidden=\"true\" class=\"wp-block-spacer\"><\/div>\n\n\n\n<div class=\"wp-block-columns is-layout-flex wp-container-core-columns-is-layout-9d6595d7 wp-block-columns-is-layout-flex\">\n<div class=\"wp-block-column is-layout-flow wp-block-column-is-layout-flow\">\n<figure class=\"wp-block-image size-full\"><img loading=\"lazy\" decoding=\"async\" width=\"2048\" height=\"1209\" src=\"https:\/\/www.hoasen.edu.vn\/tknt\/wp-content\/uploads\/sites\/6\/2025\/09\/Thiet-ke-noi-that-1.jpg\" alt=\"\" class=\"wp-image-12239\"\/><\/figure>\n<\/div>\n<\/div>\n\n\n\n<div style=\"height:10px\" aria-hidden=\"true\" class=\"wp-block-spacer\"><\/div>\n\n\n\n<p>Guided by its philosophy of <strong>liberal education<\/strong> and the core value of <strong>respecting diversity<\/strong>, Hoa Sen University encourages students to not only acquire knowledge but also to proactively question, debate, experiment, and shape their own creative personality. This spirit has empowered a new generation of creators to be brave and to innovate, ultimately creating new values for the global creative field.<\/p>\n\n\n\n<div style=\"height:10px\" aria-hidden=\"true\" class=\"wp-block-spacer\"><\/div>\n\n\n\n<div style=\"padding: 16px;font-family: Arial, sans-serif;background: #fff;border: 1px solid #ddd;border-radius: 8px;max-width: 100%\">\n\n  <p style=\"font-weight: bold;font-size: 18px;margin-top: 0;margin-bottom: 12px\">\n    TR\u1ede TH\u00c0NH T\u00c2N SINH VI\u00caN KHOA THI\u1ebeT K\u1ebe &#8211; NGH\u1ec6 THU\u1eacT\n  <\/p>\n\n  <p style=\"margin: 4px 0\">\n    \ud83d\udd17 Fanpage: \n    <a href=\"https:\/\/facebook.com\/HoaSenUni\" target=\"_blank\" style=\"color: #007bff;text-decoration: none\" rel=\"noopener\">\n      facebook.com\/HoaSenUni\n    <\/a>\n  <\/p>\n\n  <p style=\"margin: 4px 0\">\n    \ud83d\udd0e Tuy\u1ec3n sinh: \n    <a href=\"https:\/\/tuyensinh.hoasen.edu.vn\" target=\"_blank\" style=\"color: #007bff;text-decoration: none\" rel=\"noopener\">\n      tuyensinh.hoasen.edu.vn\n    <\/a>\n  <\/p>\n\n <p style=\"margin-top: 16px\">\n    <a href=\"tel:02873007272\" style=\"background-color: #e60023;color: white;padding: 12px 16px;font-size: 18px;font-weight: bold;text-decoration: none;border-radius: 6px\">\n       G\u1eccI HOTLINE: 028 7300 7272\n    <\/a>\n  <\/p>\n<\/div>\n<\/div>\n\n\n\n<div class=\"wp-block-column is-layout-flow wp-block-column-is-layout-flow\" style=\"flex-basis:70px\"><\/div>\n<\/div>\n","protected":false},"excerpt":{"rendered":"<p>Welcome to Faculty of Design &#8211; Arts The Faculty of Design &#8211; Arts is positioned as a comprehensive training environment in the field of Technology and Creativity, combining a high-quality academic foundation with extensive practical experience. The program offers four majors: Fashion Design, Interior Design, Graphic Design, and Digital Arts, all designed to equip students with aesthetic thinking, professional skills, and management abilities necessary to succeed in the creative industry. The training programs are built on the curriculum from prestigious international universities, mostly in France. Specifically, Fashion Design, Graphic Design, and&nbsp;Interior Design&nbsp;have earned AUN-QA (Southeast Asian Network for Quality Assurance&#8230;<\/p>\n","protected":false},"author":67,"featured_media":12289,"parent":12657,"menu_order":1,"comment_status":"closed","ping_status":"closed","template":"","meta":{"footnotes":""},"class_list":["post-12573","page","type-page","status-publish","has-post-thumbnail","hentry"],"acf":[],"_links":{"self":[{"href":"https:\/\/www.hoasen.edu.vn\/tknt\/wp-json\/wp\/v2\/pages\/12573","targetHints":{"allow":["GET"]}}],"collection":[{"href":"https:\/\/www.hoasen.edu.vn\/tknt\/wp-json\/wp\/v2\/pages"}],"about":[{"href":"https:\/\/www.hoasen.edu.vn\/tknt\/wp-json\/wp\/v2\/types\/page"}],"author":[{"embeddable":true,"href":"https:\/\/www.hoasen.edu.vn\/tknt\/wp-json\/wp\/v2\/users\/67"}],"replies":[{"embeddable":true,"href":"https:\/\/www.hoasen.edu.vn\/tknt\/wp-json\/wp\/v2\/comments?post=12573"}],"version-history":[{"count":5,"href":"https:\/\/www.hoasen.edu.vn\/tknt\/wp-json\/wp\/v2\/pages\/12573\/revisions"}],"predecessor-version":[{"id":12656,"href":"https:\/\/www.hoasen.edu.vn\/tknt\/wp-json\/wp\/v2\/pages\/12573\/revisions\/12656"}],"up":[{"embeddable":true,"href":"https:\/\/www.hoasen.edu.vn\/tknt\/wp-json\/wp\/v2\/pages\/12657"}],"wp:featuredmedia":[{"embeddable":true,"href":"https:\/\/www.hoasen.edu.vn\/tknt\/wp-json\/wp\/v2\/media\/12289"}],"wp:attachment":[{"href":"https:\/\/www.hoasen.edu.vn\/tknt\/wp-json\/wp\/v2\/media?parent=12573"}],"curies":[{"name":"wp","href":"https:\/\/api.w.org\/{rel}","templated":true}]}}