{"id":11811,"date":"2025-09-09T10:06:45","date_gmt":"2025-09-09T03:06:45","guid":{"rendered":"https:\/\/www.hoasen.edu.vn\/tknt\/?page_id=11811"},"modified":"2025-09-09T13:36:25","modified_gmt":"2025-09-09T06:36:25","slug":"tong-quan","status":"publish","type":"page","link":"https:\/\/www.hoasen.edu.vn\/tknt\/gioi-thieu\/tong-quan\/","title":{"rendered":"T\u1ed5ng quan"},"content":{"rendered":"\n<div class=\"wp-block-group block-facuty\"><div class=\"wp-block-group__inner-container is-layout-constrained wp-block-group-is-layout-constrained\">\n<h2 class=\"wp-block-heading has-text-align-center fy-title-hide fy-custom-title\"><strong>Ch\u00e0o m\u1eebng b\u1ea1n \u0111\u1ebfn v\u1edbi<\/strong><\/h2>\n\n\n\n<h2 class=\"wp-block-heading has-text-align-center fy-custom-title\"><strong><strong><strong>Khoa Thi\u1ebft k\u1ebf &#8211; Ngh\u1ec7 thu\u1eadt<\/strong><\/strong><\/strong><\/h2>\n<\/div><\/div>\n\n\n\n<div style=\"height:20px\" aria-hidden=\"true\" class=\"wp-block-spacer\"><\/div>\n\n\n\n<div class=\"wp-block-columns block-facuty is-layout-flex wp-container-core-columns-is-layout-9d6595d7 wp-block-columns-is-layout-flex\">\n<div class=\"wp-block-column is-layout-flow wp-block-column-is-layout-flow\" style=\"flex-basis:70px\"><\/div>\n\n\n\n<div class=\"wp-block-column is-layout-flow wp-block-column-is-layout-flow\">\n<figure class=\"wp-block-image size-full\"><img loading=\"lazy\" decoding=\"async\" width=\"2048\" height=\"1366\" src=\"https:\/\/www.hoasen.edu.vn\/tknt\/wp-content\/uploads\/sites\/6\/2025\/09\/Fashion-Business.jpg\" alt=\"\" class=\"wp-image-12231\"\/><\/figure>\n\n\n\n<div style=\"height:10px\" aria-hidden=\"true\" class=\"wp-block-spacer\"><\/div>\n\n\n\n<p style=\"font-size:18px\">Khoa Thi\u1ebft k\u1ebf &#8211; Ngh\u1ec7 thu\u1eadt \u0111\u01b0\u1ee3c \u0111\u1ecbnh v\u1ecb l\u00e0 m\u00f4i tr\u01b0\u1eddng \u0111\u00e0o t\u1ea1o chuy\u00ean s\u00e2u v\u1ec1 l\u0129nh v\u1ef1c <strong>C\u00f4ng ngh\u1ec7<\/strong> v\u00e0 <strong>S\u00e1ng t\u1ea1o<\/strong>, k\u1ebft h\u1ee3p h\u00e0i ho\u00e0 gi\u1eefa n\u1ec1n t\u1ea3ng h\u1ecdc thu\u1eadt chu\u1ea9n qu\u1ed1c t\u1ebf c\u00f9ng tr\u1ea3i nghi\u1ec7m th\u1ef1c ti\u1ec5n phong ph\u00fa. V\u1edbi 4 ng\u00e0nh \u0111\u00e0o t\u1ea1o l\u00e0 <strong>Thi\u1ebft k\u1ebf Th\u1eddi trang<\/strong>, <strong>Thi\u1ebft k\u1ebf N\u1ed9i th\u1ea5t<\/strong>, <strong>Thi\u1ebft k\u1ebf \u0110\u1ed3 ho\u1ea1<\/strong> v\u00e0 <strong>Ngh\u1ec7 thu\u1eadt s\u1ed1<\/strong>, sinh vi\u00ean \u0111\u01b0\u1ee3c nu\u00f4i d\u01b0\u1ee1ng t\u01b0 duy th\u1ea9m m\u1ef9 hi\u1ec7n \u0111\u1ea1i, ph\u00e1t tri\u1ec3n n\u0103ng l\u1ef1c ngh\u1ec1 nghi\u1ec7p v\u00e0 k\u1ef9 n\u0103ng qu\u1ea3n tr\u1ecb &#8211; nh\u1eefng y\u1ebfu t\u1ed1 then ch\u1ed1t \u0111\u1ec3 th\u00e0nh c\u00f4ng trong l\u0129nh v\u1ef1c s\u00e1ng t\u1ea1o \u0111\u1ea7y c\u1ea1nh tranh.<\/p>\n\n\n\n<div style=\"height:10px\" aria-hidden=\"true\" class=\"wp-block-spacer\"><\/div>\n\n\n\n<figure class=\"wp-block-image size-full\"><img loading=\"lazy\" decoding=\"async\" width=\"1920\" height=\"1089\" src=\"https:\/\/www.hoasen.edu.vn\/tknt\/wp-content\/uploads\/sites\/6\/2025\/09\/Bo\u0323\u0302-nha\u0323\u0302n-die\u0323\u0302n-Metro-TP.HCM-2.jpg\" alt=\"L\u00e3nh \u0111\u1ea1o Ban Qu\u1ea3n l\u00fd \u0110\u01b0\u1eddng s\u1eaft \u0111\u00f4 th\u1ecb v\u00e0 C\u00f4ng ty HURC1 tham d\u1ef1 b\u00e1o c\u00e1o k\u1ebft qu\u1ea3 \u0111\u1ed3 \u00e1n v\u1ec1 b\u1ed9 nh\u1eadn di\u1ec7n Metro TP.HCM\" class=\"wp-image-12031\"\/><\/figure>\n\n\n\n<div style=\"height:10px\" aria-hidden=\"true\" class=\"wp-block-spacer\"><\/div>\n\n\n\n<p style=\"font-size:18px\">Ch\u01b0\u01a1ng tr\u00ecnh \u0111\u00e0o t\u1ea1o \u0111\u01b0\u1ee3c x\u00e2y d\u1ef1ng d\u1ef1a tr\u00ean gi\u00e1o tr\u00ecnh t\u1eeb c\u00e1c tr\u01b0\u1eddng \u0111\u1ea1i h\u1ecdc uy t\u00edn qu\u1ed1c t\u1ebf, \u0111i\u1ec3n h\u00ecnh l\u00e0 Ph\u00e1p. \u0110\u1eb7c bi\u1ec7t, 3 ng\u00e0nh <strong>Thi\u1ebft k\u1ebf th\u1eddi trang, Thi\u1ebft k\u1ebf \u0111\u1ed3 h\u1ecda <\/strong>v\u00e0<strong> Thi\u1ebft k\u1ebf n\u1ed9i th\u1ea5t<\/strong> \u0111\u00e3 \u0111\u1ea1t ch\u1ee9ng nh\u1eadn ch\u1ea5t l\u01b0\u1ee3ng AUN-QA (M\u1ea1ng l\u01b0\u1edbi \u0111\u1ea3m b\u1ea3o ch\u1ea5t l\u01b0\u1ee3ng gi\u00e1o d\u1ee5c \u0111\u1ea1i h\u1ecdc \u0110\u00f4ng Nam \u00c1), minh ch\u1ee9ng cho uy t\u00edn h\u1ecdc thu\u1eadt c\u1ee7a Nh\u00e0 tr\u01b0\u1eddng. Ngo\u00e0i ra, ti\u00eau chu\u1ea9n <strong>Vi\u1ec7c l\u00e0m sinh vi\u00ean<\/strong> v\u00e0 <strong>V\u0103n h\u00f3a &#8211; Ngh\u1ec7 thu\u1eadt<\/strong> c\u1ee7a HSU c\u00f2n \u0111\u01b0\u1ee3c T\u1ed5 ch\u1ee9c x\u1ebfp h\u1ea1ng QS Stars x\u1ebfp h\u1ea1ng 5 sao, kh\u1eb3ng \u0111\u1ecbnh v\u1ecb th\u1ebf n\u1ed5i b\u1eadt tr\u00ean b\u1ea3n \u0111\u1ed3 gi\u00e1o d\u1ee5c qu\u1ed1c t\u1ebf.<\/p>\n\n\n\n<div style=\"height:10px\" aria-hidden=\"true\" class=\"wp-block-spacer\"><\/div>\n\n\n\n<div class=\"wp-block-columns is-layout-flex wp-container-core-columns-is-layout-9d6595d7 wp-block-columns-is-layout-flex\">\n<div class=\"wp-block-column is-layout-flow wp-block-column-is-layout-flow\">\n<figure class=\"wp-block-image size-full\"><img loading=\"lazy\" decoding=\"async\" width=\"1440\" height=\"960\" src=\"https:\/\/www.hoasen.edu.vn\/tknt\/wp-content\/uploads\/sites\/6\/2025\/09\/Van-Xuan-Awards-2024-1.jpg\" alt=\"\" class=\"wp-image-12289\"\/><\/figure>\n<\/div>\n\n\n\n<div class=\"wp-block-column is-layout-flow wp-block-column-is-layout-flow\">\n<figure class=\"wp-block-image size-full\"><img loading=\"lazy\" decoding=\"async\" width=\"1440\" height=\"960\" src=\"https:\/\/www.hoasen.edu.vn\/tknt\/wp-content\/uploads\/sites\/6\/2025\/09\/Van-Xuan-Awards-2024.jpg\" alt=\"\" class=\"wp-image-12290\"\/><\/figure>\n<\/div>\n<\/div>\n\n\n\n<div style=\"height:10px\" aria-hidden=\"true\" class=\"wp-block-spacer\"><\/div>\n\n\n\n<p style=\"font-size:18px\">Sinh vi\u00ean Khoa Thi\u1ebft k\u1ebf &#8211; Ngh\u1ec7 thu\u1eadt \u0111\u01b0\u1ee3c h\u1ecdc t\u1eadp trong m\u00f4i tr\u01b0\u1eddng hi\u1ec7n \u0111\u1ea1i v\u1edbi h\u1ec7 th\u1ed1ng c\u01a1 s\u1edf v\u1eadt ch\u1ea5t chu\u1ea9n qu\u1ed1c t\u1ebf g\u1ed3m: m\u00e1y iMac Retina 5K, b\u1ea3ng v\u1ebd \u0111i\u1ec7n t\u1eed ho\u1ea1 th\u1ea5t, ph\u00f2ng m\u00e1y in 3D, ph\u00f2ng th\u1ef1c h\u00e0nh th\u1ef1c t\u1ebf \u1ea3o VR&#8230; Ch\u01b0\u01a1ng tr\u00ecnh c\u0169ng ch\u00fa tr\u1ecdng y\u1ebfu t\u1ed1 th\u1ef1c h\u00e0nh th\u00f4ng qua m\u00f4 h\u00ecnh h\u1ecdc t\u1eadp d\u1ef1 \u00e1n, studio s\u00e1ng t\u1ea1o, workshop chuy\u00ean ng\u00e0nh, ho\u1ea1t \u0111\u1ed9ng c\u00f9ng doanh nghi\u1ec7p, gi\u00fap sinh vi\u00ean ph\u00e1t tri\u1ec3n to\u00e0n di\u1ec7n ki\u1ebfn th\u1ee9c chuy\u00ean m\u00f4n, n\u0103ng l\u1ef1c s\u00e1ng t\u1ea1o v\u00e0 k\u1ef9 n\u0103ng ngh\u1ec1 nghi\u1ec7p.<\/p>\n\n\n\n<div style=\"height:10px\" aria-hidden=\"true\" class=\"wp-block-spacer\"><\/div>\n\n\n\n<figure class=\"wp-block-image size-full\"><img loading=\"lazy\" decoding=\"async\" width=\"1920\" height=\"1063\" src=\"https:\/\/www.hoasen.edu.vn\/tknt\/wp-content\/uploads\/sites\/6\/2025\/09\/Loa-Thanh-2024.jpg\" alt=\"\" class=\"wp-image-12292\"\/><\/figure>\n\n\n\n<div style=\"height:10px\" aria-hidden=\"true\" class=\"wp-block-spacer\"><\/div>\n\n\n\n<p style=\"font-size:18px\">\u0110i\u1ec3m m\u1ea1nh c\u1ee7a Khoa c\u00f2n \u0111\u1ebfn t\u1eeb <strong>\u0111\u1ed9i ng\u0169 gi\u1ea3ng vi\u00ean gi\u00e0u kinh nghi\u1ec7m chuy\u00ean m\u00f4n<\/strong>, g\u1ed3m c\u00e1c nh\u00e0 thi\u1ebft k\u1ebf, gi\u00e1m \u0111\u1ed1c s\u00e1ng t\u1ea1o, gi\u00e1m \u0111\u1ed1c m\u1ef9 thu\u1eadt, ngh\u1ec7 s\u0129 v\u00e0 chuy\u00ean gia trong ng\u00e0nh. C\u00f9ng v\u1edbi \u0111\u00f3, s\u1ef1 g\u1eafn k\u1ebft ch\u1eb7t ch\u1ebd v\u1edbi doanh nghi\u1ec7p, c\u00f4ng ty thi\u1ebft k\u1ebf, t\u00f2a so\u1ea1n, t\u1ea1p ch\u00ed, t\u1eadp \u0111o\u00e0n truy\u1ec1n th\u00f4ng &#8211; gi\u1ea3i tr\u00ed v\u00e0 th\u01b0\u01a1ng hi\u1ec7u qu\u1ed1c t\u1ebf t\u1ea1o n\u00ean c\u1ea7u n\u1ed1i th\u1ef1c ti\u1ec5n, gi\u00fap sinh vi\u00ean c\u1eadp nh\u1eadt li\u00ean t\u1ee5c xu h\u01b0\u1edbng th\u1ecb tr\u01b0\u1eddng, r\u00e8n luy\u1ec7n t\u01b0 duy s\u00e1ng t\u1ea1o v\u00e0 x\u00e2y d\u1ef1ng l\u1ed9 tr\u00ecnh ngh\u1ec1 nghi\u1ec7p r\u00f5 r\u00e0ng.&nbsp;<\/p>\n\n\n\n<p style=\"font-size:18px\">Nh\u1edd v\u1eady, <strong>100% sinh vi\u00ean Khoa Thi\u1ebft k\u1ebf &#8211; Ngh\u1ec7 thu\u1eadt c\u00f3 vi\u1ec7c l\u00e0m tr\u01b0\u1edbc khi t\u1ed1t nghi\u1ec7p<\/strong>, th\u1eadm ch\u00ed nhi\u1ec1u b\u1ea1n \u0111\u01b0\u1ee3c tuy\u1ec3n d\u1ee5ng t\u1eeb n\u0103m th\u1ee9 ba (Theo th\u1ed1ng k\u00ea 06\/2025 c\u1ee7a Trung t\u00e2m Tr\u1ea3i nghi\u1ec7m vi\u1ec7c l\u00e0m sinh vi\u00ean v\u00e0 Quan h\u1ec7 Doanh nghi\u1ec7p).<\/p>\n\n\n\n<div style=\"height:10px\" aria-hidden=\"true\" class=\"wp-block-spacer\"><\/div>\n\n\n\n<div class=\"wp-block-columns is-layout-flex wp-container-core-columns-is-layout-9d6595d7 wp-block-columns-is-layout-flex\">\n<div class=\"wp-block-column is-layout-flow wp-block-column-is-layout-flow\">\n<figure class=\"wp-block-image size-full\"><img loading=\"lazy\" decoding=\"async\" width=\"2048\" height=\"1209\" src=\"https:\/\/www.hoasen.edu.vn\/tknt\/wp-content\/uploads\/sites\/6\/2025\/09\/Thiet-ke-noi-that-1.jpg\" alt=\"\" class=\"wp-image-12239\"\/><\/figure>\n<\/div>\n<\/div>\n\n\n\n<div style=\"height:10px\" aria-hidden=\"true\" class=\"wp-block-spacer\"><\/div>\n\n\n\n<p>V\u1edbi tri\u1ebft l\u00fd <strong>gi\u00e1o d\u1ee5c khai ph\u00f3ng<\/strong> v\u00e0 gi\u00e1 tr\u1ecb <strong>T\u00f4n tr\u1ecdng s\u1ef1 kh\u00e1c bi\u1ec7t<\/strong>, Tr\u01b0\u1eddng \u0110\u1ea1i h\u1ecdc Hoa Sen khuy\u1ebfn kh\u00edch sinh vi\u00ean kh\u00f4ng ch\u1ec9 ti\u1ebfp thu ki\u1ebfn th\u1ee9c m\u00e0 c\u00f2n ch\u1ee7 \u0111\u1ed9ng \u0111\u1eb7t c\u00e2u h\u1ecfi, ph\u1ea3n bi\u1ec7n, th\u1eed nghi\u1ec7m v\u00e0 \u0111\u1ecbnh h\u00ecnh c\u00e1 t\u00ednh s\u00e1ng t\u1ea1o ri\u00eang. Ch\u00ednh tinh th\u1ea7n n\u00e0y \u0111\u00e3 t\u1ea1o n\u00ean nh\u1eefng th\u1ebf h\u1ec7 tr\u1ebb gi\u00e0u b\u1ea3n l\u0129nh, d\u00e1m ngh\u0129 kh\u00e1c &#8211; l\u00e0m kh\u00e1c, g\u00f3p ph\u1ea7n ki\u1ebfn t\u1ea1o nhi\u1ec1u gi\u00e1 tr\u1ecb m\u1edbi cho l\u0129nh v\u1ef1c s\u00e1ng t\u1ea1o to\u00e0n c\u1ea7u.<\/p>\n\n\n\n<div style=\"height:10px\" aria-hidden=\"true\" class=\"wp-block-spacer\"><\/div>\n\n\n\n<div style=\"padding: 16px;font-family: Arial, sans-serif;background: #fff;border: 1px solid #ddd;border-radius: 8px;max-width: 100%\">\n\n  <p style=\"font-weight: bold;font-size: 18px;margin-top: 0;margin-bottom: 12px\">\n    TR\u1ede TH\u00c0NH T\u00c2N SINH VI\u00caN KHOA THI\u1ebeT K\u1ebe &#8211; NGH\u1ec6 THU\u1eacT\n  <\/p>\n\n  <p style=\"margin: 4px 0\">\n    \ud83d\udd17 Fanpage: \n    <a href=\"https:\/\/facebook.com\/HoaSenUni\" target=\"_blank\" style=\"color: #007bff;text-decoration: none\" rel=\"noopener\">\n      facebook.com\/HoaSenUni\n    <\/a>\n  <\/p>\n\n  <p style=\"margin: 4px 0\">\n    \ud83d\udd0e Tuy\u1ec3n sinh: \n    <a href=\"https:\/\/tuyensinh.hoasen.edu.vn\" target=\"_blank\" style=\"color: #007bff;text-decoration: none\" rel=\"noopener\">\n      tuyensinh.hoasen.edu.vn\n    <\/a>\n  <\/p>\n\n <p style=\"margin-top: 16px\">\n    <a href=\"tel:02873007272\" style=\"background-color: #e60023;color: white;padding: 12px 16px;font-size: 18px;font-weight: bold;text-decoration: none;border-radius: 6px\">\n       G\u1eccI HOTLINE: 028 7300 7272\n    <\/a>\n  <\/p>\n<\/div>\n<\/div>\n\n\n\n<div class=\"wp-block-column is-layout-flow wp-block-column-is-layout-flow\" style=\"flex-basis:70px\"><\/div>\n<\/div>\n","protected":false},"excerpt":{"rendered":"<p>Ch\u00e0o m\u1eebng b\u1ea1n \u0111\u1ebfn v\u1edbi Khoa Thi\u1ebft k\u1ebf &#8211; Ngh\u1ec7 thu\u1eadt Khoa Thi\u1ebft k\u1ebf &#8211; Ngh\u1ec7 thu\u1eadt \u0111\u01b0\u1ee3c \u0111\u1ecbnh v\u1ecb l\u00e0 m\u00f4i tr\u01b0\u1eddng \u0111\u00e0o t\u1ea1o chuy\u00ean s\u00e2u v\u1ec1 l\u0129nh v\u1ef1c C\u00f4ng ngh\u1ec7 v\u00e0 S\u00e1ng t\u1ea1o, k\u1ebft h\u1ee3p h\u00e0i ho\u00e0 gi\u1eefa n\u1ec1n t\u1ea3ng h\u1ecdc thu\u1eadt chu\u1ea9n qu\u1ed1c t\u1ebf c\u00f9ng tr\u1ea3i nghi\u1ec7m th\u1ef1c ti\u1ec5n phong ph\u00fa. V\u1edbi 4 ng\u00e0nh \u0111\u00e0o t\u1ea1o l\u00e0 Thi\u1ebft k\u1ebf Th\u1eddi trang, Thi\u1ebft k\u1ebf N\u1ed9i th\u1ea5t, Thi\u1ebft k\u1ebf \u0110\u1ed3 ho\u1ea1 v\u00e0 Ngh\u1ec7 thu\u1eadt s\u1ed1, sinh vi\u00ean \u0111\u01b0\u1ee3c nu\u00f4i d\u01b0\u1ee1ng t\u01b0 duy th\u1ea9m m\u1ef9 hi\u1ec7n \u0111\u1ea1i, ph\u00e1t tri\u1ec3n n\u0103ng l\u1ef1c ngh\u1ec1 nghi\u1ec7p v\u00e0 k\u1ef9 n\u0103ng qu\u1ea3n tr\u1ecb &#8211; nh\u1eefng&#8230;<\/p>\n","protected":false},"author":5427,"featured_media":12289,"parent":11809,"menu_order":1,"comment_status":"closed","ping_status":"closed","template":"","meta":{"footnotes":""},"class_list":["post-11811","page","type-page","status-publish","has-post-thumbnail","hentry"],"acf":[],"_links":{"self":[{"href":"https:\/\/www.hoasen.edu.vn\/tknt\/wp-json\/wp\/v2\/pages\/11811","targetHints":{"allow":["GET"]}}],"collection":[{"href":"https:\/\/www.hoasen.edu.vn\/tknt\/wp-json\/wp\/v2\/pages"}],"about":[{"href":"https:\/\/www.hoasen.edu.vn\/tknt\/wp-json\/wp\/v2\/types\/page"}],"author":[{"embeddable":true,"href":"https:\/\/www.hoasen.edu.vn\/tknt\/wp-json\/wp\/v2\/users\/5427"}],"replies":[{"embeddable":true,"href":"https:\/\/www.hoasen.edu.vn\/tknt\/wp-json\/wp\/v2\/comments?post=11811"}],"version-history":[{"count":4,"href":"https:\/\/www.hoasen.edu.vn\/tknt\/wp-json\/wp\/v2\/pages\/11811\/revisions"}],"predecessor-version":[{"id":12294,"href":"https:\/\/www.hoasen.edu.vn\/tknt\/wp-json\/wp\/v2\/pages\/11811\/revisions\/12294"}],"up":[{"embeddable":true,"href":"https:\/\/www.hoasen.edu.vn\/tknt\/wp-json\/wp\/v2\/pages\/11809"}],"wp:featuredmedia":[{"embeddable":true,"href":"https:\/\/www.hoasen.edu.vn\/tknt\/wp-json\/wp\/v2\/media\/12289"}],"wp:attachment":[{"href":"https:\/\/www.hoasen.edu.vn\/tknt\/wp-json\/wp\/v2\/media?parent=11811"}],"curies":[{"name":"wp","href":"https:\/\/api.w.org\/{rel}","templated":true}]}}