{"id":4411,"date":"2025-07-21T16:31:02","date_gmt":"2025-07-21T09:31:02","guid":{"rendered":"https:\/\/www.hoasen.edu.vn\/tcnh\/?page_id=4411"},"modified":"2025-07-21T16:31:02","modified_gmt":"2025-07-21T09:31:02","slug":"de-an-sinh-vien","status":"publish","type":"page","link":"https:\/\/www.hoasen.edu.vn\/tcnh\/de-an-sinh-vien\/","title":{"rendered":"\u0110\u1ec1 \u00e1n sinh vi\u00ean"},"content":{"rendered":"\n<div class=\"wp-block-columns alignfull is-not-stacked-on-mobile block-faculty inf-center is-layout-flex wp-container-core-columns-is-layout-9d6595d7 wp-block-columns-is-layout-flex\">\n<div class=\"wp-block-column is-vertically-aligned-top fy-inf-bg-left is-layout-flow wp-block-column-is-layout-flow\" style=\"flex-basis:25%\"><div class=\"wp-block-image\">\n<figure class=\"alignleft size-large\"><img decoding=\"async\" src=\"https:\/\/www.hoasen.edu.vn\/wp-content\/themes\/ru-hsu\/assets\/faculty\/img\/Group_1000004021.svg\" alt=\"\"\/><\/figure>\n<\/div><\/div>\n\n\n\n<div class=\"wp-block-column is-vertically-aligned-center fy-inf-cnt is-layout-flow wp-block-column-is-layout-flow\" style=\"flex-basis:50%\">\n<h2 class=\"wp-block-heading has-text-align-center\" style=\"font-size:32px\">\u0110\u1ec1 \u00e1n sinh vi\u00ean<\/h2>\n\n\n\n<div style=\"height:24px\" aria-hidden=\"true\" class=\"wp-block-spacer\"><\/div>\n\n\n\n<p class=\"has-text-align-center has-text-color has-link-color has-medium-font-size wp-elements-067e800da08f488b206b061e69e6c47f\" style=\"color:#4a5567\">T\u1ea1i Khoa T\u00e0i ch\u00ednh \u2013 Ng\u00e2n h\u00e0ng, c\u00e1c m\u00f4n h\u1ecdc \u0111\u1ec1 \u00e1n \u0111\u01b0\u1ee3c thi\u1ebft k\u1ebf d\u01b0\u1edbi d\u1ea1ng<strong> cu\u1ed9c thi h\u1ecdc thu\u1eadt<\/strong> v\u00e0 <strong>m\u00f4 ph\u1ecfng nghi\u1ec7p v\u1ee5 th\u1ef1c ti\u1ec5n<\/strong>, xoay quanh c\u00e1c l\u0129nh v\u1ef1c t\u00e0i ch\u00ednh, ng\u00e2n h\u00e0ng, k\u1ebf to\u00e1n v\u00e0 c\u00f4ng ngh\u1ec7 t\u00e0i ch\u00ednh, d\u01b0\u1edbi s\u1ef1 c\u1ed1 v\u1ea5n c\u1ee7a gi\u1ea3ng vi\u00ean v\u00e0 chuy\u00ean gia doanh nghi\u1ec7p. Sinh vi\u00ean c\u00f3 th\u1ec3 l\u1ef1a ch\u1ecdn tr\u1edf th\u00e0nh Ban t\u1ed5 ch\u1ee9c <strong>tr\u1ef1c ti\u1ebfp \u0111i\u1ec1u h\u00e0nh d\u1ef1 \u00e1n<\/strong> ho\u1eb7c tham gia v\u1edbi vai tr\u00f2 th\u00ed sinh \u0111\u1ec3 th\u1eed s\u1ee9c trong m\u00f4i tr\u01b0\u1eddng c\u1ea1nh tranh h\u1ecdc thu\u1eadt gi\u00e0u t\u00ednh th\u1ef1c ti\u1ec5n.<\/p>\n<\/div>\n\n\n\n<div class=\"wp-block-column is-vertically-aligned-top fy-inf-bg-right is-layout-flow wp-block-column-is-layout-flow\" style=\"flex-basis:25%\"><div class=\"wp-block-image\">\n<figure class=\"alignright size-large\"><img decoding=\"async\" src=\"https:\/\/www.hoasen.edu.vn\/wp-content\/themes\/ru-hsu\/assets\/faculty\/img\/Group_1000004020.svg\" alt=\"\"\/><\/figure>\n<\/div><\/div>\n<\/div>\n\n\n<div class=\"block-faculty projects-student\">\n                        <div class=\"project-s-card\">\n                <div class=\"project-s-content\">\n                                            <h2>Chief Accountant for a Day<\/h2>\n                                                                <div class=\"project-desc\">\n                            <p>Chief Accountant for a Day &#8211; M\u1ed9t ng\u00e0y l\u00e0m k\u1ebf to\u00e1n tr\u01b0\u1edfng l\u00e0 cu\u1ed9c thi h\u1ecdc thu\u1eadt 100% b\u1eb1ng ti\u1ebfng Anh do CLB K\u1ebf to\u00e1n \u2013 Ki\u1ec3m to\u00e1n (AAC) t\u1ed5 ch\u1ee9c th\u01b0\u1eddng ni\u00ean t\u1eeb n\u0103m 2022, quy t\u1ee5 h\u01a1n 500 sinh vi\u00ean t\u1eeb h\u01a1n 30 tr\u01b0\u1eddng \u0111\u1ea1i h\u1ecdc tr\u00ean to\u00e0n qu\u1ed1c. Trong vai tr\u00f2 m\u1ed9t k\u1ebf to\u00e1n tr\u01b0\u1edfng t\u01b0\u01a1ng lai, th\u00ed sinh s\u1ebd v\u1eadn d\u1ee5ng ki\u1ebfn th\u1ee9c v\u1ec1 t\u00e0i ch\u00ednh, k\u1ebf to\u00e1n qu\u1ea3n tr\u1ecb, ki\u1ec3m to\u00e1n, thu\u1ebf\u2026 \u0111\u1ec3 gi\u1ea3i quy\u1ebft t\u00ecnh hu\u1ed1ng th\u1ef1c t\u1ebf, tr\u00ecnh b\u00e0y chi\u1ebfn l\u01b0\u1ee3c t\u00e0i ch\u00ednh v\u00e0 tranh bi\u1ec7n b\u1eb1ng ti\u1ebfng Anh tr\u01b0\u1edbc h\u1ed9i \u0111\u1ed3ng chuy\u00ean gia. \u0110\u1eb7c bi\u1ec7t,ch\u1ea5t l\u01b0\u1ee3ng c\u1ee7a cu\u1ed9c thi c\u00f2n \u0111\u01b0\u1ee3c b\u1ea3o ch\u1ee9ng b\u1edfi s\u1ef1 \u0111\u1ed3ng h\u00e0nh c\u1ee7a Hi\u1ec7p h\u1ed9i K\u1ebf to\u00e1n C\u00f4ng ch\u1ee9ng Anh Qu\u1ed1c (ACCA).<\/p>\n                        <\/div>\n                                    <\/div>\n                <div class=\"project-s-image\">\n                                            <img decoding=\"async\" src=\"https:\/\/www.hoasen.edu.vn\/tcnh\/wp-content\/uploads\/sites\/23\/2025\/07\/Mot-ngay-lam-Ke-toan-truong-2023.jpg\" alt=\"Chief Accountant for a Day\" \/>\n                                    <\/div>\n            <\/div>\n                    <div class=\"project-s-card\">\n                <div class=\"project-s-content\">\n                                            <h2>The Professional Financial Analyst<\/h2>\n                                                                <div class=\"project-desc\">\n                            <p data-start=\"155\" data-end=\"759\">The Professional Financial Analyst l\u00e0 cu\u1ed9c thi h\u1ecdc thu\u1eadt 100% b\u1eb1ng ti\u1ebfng Anh do CLB Hoa Sen Financial Analyst (HFA) t\u1ed5 ch\u1ee9c th\u01b0\u1eddng ni\u00ean t\u1eeb n\u0103m 2013, m\u00f4 ph\u1ecfng theo m\u00f4 h\u00ecnh CFA Research Challenge c\u1ee7a Vi\u1ec7n CFA to\u00e0n c\u1ea7u. Cu\u1ed9c thi quy t\u1ee5 kho\u1ea3ng 400 sinh vi\u00ean \u0111\u1ebfn t\u1eeb h\u01a1n 45 tr\u01b0\u1eddng \u0111\u1ea1i h\u1ecdc v\u00e0 qu\u1ed1c t\u1ebf, tranh t\u00e0i qua ba v\u00f2ng thi: tr\u1eafc nghi\u1ec7m chuy\u00ean ng\u00e0nh, vi\u1ebft b\u00e1o c\u00e1o ph\u00e2n t\u00edch doanh nghi\u1ec7p v\u00e0 thuy\u1ebft tr\u00ecnh \u2013 ph\u1ea3n bi\u1ec7n chi\u1ebfn l\u01b0\u1ee3c \u0111\u1ea7u t\u01b0. Th\u00ed sinh s\u1ebd \u0111\u00f3ng vai chuy\u00ean vi\u00ean ph\u00e2n t\u00edch t\u00e0i ch\u00ednh, thu th\u1eadp d\u1eef li\u1ec7u, \u0111\u00e1nh gi\u00e1 th\u1ecb tr\u01b0\u1eddng v\u00e0 x\u00e1c \u0111\u1ecbnh gi\u00e1 tr\u1ecb n\u1ed9i t\u1ea1i c\u1ee7a doanh nghi\u1ec7p \u0111\u1ec3 \u0111\u01b0a ra khuy\u1ebfn ngh\u1ecb \u0111\u1ea7u t\u01b0.<\/p>\n                        <\/div>\n                                    <\/div>\n                <div class=\"project-s-image\">\n                                            <img decoding=\"async\" src=\"https:\/\/www.hoasen.edu.vn\/tcnh\/wp-content\/uploads\/sites\/23\/2025\/07\/Cuoc-thi-The-Professional-Finance-Analyst-duoc-to-chuc-100-bang-tieng-Anh-boi-sinh-vien-Khoa-Tai-chinh-\u2013-Ngan-hang.png\" alt=\"The Professional Financial Analyst\" \/>\n                                    <\/div>\n            <\/div>\n                    <div class=\"project-s-card\">\n                <div class=\"project-s-content\">\n                                            <h2>Behind the Data<\/h2>\n                                                                <div class=\"project-desc\">\n                            <p>Behind the Data l\u00e0 cu\u1ed9c thi h\u1ecdc thu\u1eadt do sinh vi\u00ean CLB \u0110\u1ea7u t\u01b0 B\u1ea5t \u0111\u1ed9ng s\u1ea3n (RIC) kh\u1edfi x\u01b0\u1edbng t\u1eeb n\u0103m 2022, t\u1ed5 ch\u1ee9c \u0111\u1ecbnh k\u1ef3 m\u1ed7i h\u1ecdc k\u1ef3. Cu\u1ed9c thi t\u1ea1o kh\u00f4ng gian \u0111\u1ec3 sinh vi\u00ean v\u1eadn d\u1ee5ng k\u1ef9 n\u0103ng ph\u00e2n t\u00edch d\u1eef li\u1ec7u v\u00e0o c\u00e1c b\u00e0i to\u00e1n th\u1ef1c ti\u1ec5n thu\u1ed9c l\u0129nh v\u1ef1c b\u1ea5t \u0111\u1ed9ng s\u1ea3n, k\u1ebf to\u00e1n v\u00e0 t\u00e0i ch\u00ednh. V\u01b0\u1ee3t qua v\u00f2ng s\u01a1 lo\u1ea1i v\u1edbi \u0111\u1ec1 b\u00e0i m\u1edf r\u1ed9ng v\u00e0 th\u1ef1c ti\u1ec5n, c\u00e1c \u0111\u1ed9i thi xu\u1ea5t s\u1eafc s\u1ebd b\u01b0\u1edbc v\u00e0o v\u00f2ng Chung k\u1ebft, n\u01a1i h\u1ecd tr\u00ecnh b\u00e0y chi\u1ebfn l\u01b0\u1ee3c ph\u00e2n t\u00edch, d\u1ef1 b\u00e1o v\u00e0 gi\u1ea3i ph\u00e1p x\u1eed l\u00fd d\u1eef li\u1ec7u tr\u01b0\u1edbc h\u1ed9i \u0111\u1ed3ng chuy\u00ean gia d\u00e0y d\u1ea1n kinh nghi\u1ec7m trong ng\u00e0nh.<\/p>\n                        <\/div>\n                                    <\/div>\n                <div class=\"project-s-image\">\n                                            <img decoding=\"async\" src=\"https:\/\/www.hoasen.edu.vn\/tcnh\/wp-content\/uploads\/sites\/23\/2025\/07\/MMM21541.png\" alt=\"Behind the Data\" \/>\n                                    <\/div>\n            <\/div>\n            <\/div>\n\n\n\n\n<div class=\"block-faculty image-gallery-ps\">\n  <h2>H\u00ecnh \u1ea3nh<\/h2>\n\n  <div class=\"gallery-ps row-1\">\n          <div class=\"main-image\">\n        <img decoding=\"async\" src=\"https:\/\/www.hoasen.edu.vn\/tcnh\/wp-content\/uploads\/sites\/23\/2025\/07\/behind-the-data-2.jpg\" alt=\"\" style=\"aspect-ratio: 16 \/ 9;\">\n      <\/div>\n\n              <div class=\"gr-sub-img\">\n                      <div class=\"sub-image\">\n              <img decoding=\"async\" src=\"https:\/\/www.hoasen.edu.vn\/tcnh\/wp-content\/uploads\/sites\/23\/2025\/07\/HFA_01.jpg\" alt=\"\">\n            <\/div>\n                      <div class=\"sub-image\">\n              <img decoding=\"async\" src=\"https:\/\/www.hoasen.edu.vn\/tcnh\/wp-content\/uploads\/sites\/23\/2025\/07\/DSC9344.png\" alt=\"\">\n            <\/div>\n                  <\/div>\n            <\/div>\n\n      <div class=\"gallery-ps row-2\">\n              <div class=\"sub-image\">\n          <img decoding=\"async\" src=\"https:\/\/www.hoasen.edu.vn\/tcnh\/wp-content\/uploads\/sites\/23\/2025\/07\/khoa-tai-chinh-ngan-hang-2.jpg\" alt=\"\">\n        <\/div>\n              <div class=\"sub-image\">\n          <img decoding=\"async\" src=\"https:\/\/www.hoasen.edu.vn\/tcnh\/wp-content\/uploads\/sites\/23\/2025\/07\/549A6171.jpg\" alt=\"\">\n        <\/div>\n              <div class=\"sub-image\">\n          <img decoding=\"async\" src=\"https:\/\/www.hoasen.edu.vn\/tcnh\/wp-content\/uploads\/sites\/23\/2025\/07\/Dai-hoc-2.jpg\" alt=\"\">\n        <\/div>\n              <div class=\"sub-image\">\n          <img decoding=\"async\" src=\"https:\/\/www.hoasen.edu.vn\/tcnh\/wp-content\/uploads\/sites\/23\/2025\/07\/Dai-hoc-1.jpg\" alt=\"\">\n        <\/div>\n              <div class=\"sub-image\">\n          <img decoding=\"async\" src=\"https:\/\/www.hoasen.edu.vn\/tcnh\/wp-content\/uploads\/sites\/23\/2025\/07\/khoa-tai-chinh-ngan-hang-3.jpg\" alt=\"\">\n        <\/div>\n              <div class=\"sub-image\">\n          <img decoding=\"async\" src=\"https:\/\/www.hoasen.edu.vn\/tcnh\/wp-content\/uploads\/sites\/23\/2025\/07\/GENZ-RESEARCH-CLUB.jpg\" alt=\"\">\n        <\/div>\n          <\/div>\n  <\/div>\n\n\n\n\n\n<div class=\"wp-block-columns alignfull are-vertically-aligned-top block-faculty fy-contact width-1200 is-layout-flex wp-container-core-columns-is-layout-9d6595d7 wp-block-columns-is-layout-flex\">\n<div class=\"wp-block-column is-vertically-aligned-top is-layout-flow wp-block-column-is-layout-flow\" style=\"flex-basis:30%\">\n<h2 class=\"wp-block-heading\" style=\"font-size:32px\">Li\u00ean h\u1ec7<\/h2>\n\n\n\n<p>C\u00e1c c\u00e2u l\u1ea1c b\u1ed9 Khoa T\u00e0i ch\u00ednh &#8211; Ng\u00e2n h\u00e0ng<\/p>\n<\/div>\n\n\n\n<div class=\"wp-block-column is-vertically-aligned-top is-layout-flow wp-block-column-is-layout-flow\" style=\"flex-basis:65%\" id=\"faculty-accordion\">\t\t<div id=\"block_85066c76cf766b7f6b5ebb4fc48d5100\" class=\"vc-accor\">\r\n\t\t\t\t\t\t\t<div class=\"vc-accor__item\">\r\n\t\t\t\t\t\t\t\t\t\t<input type=\"checkbox\" id=\"rdblock_85066c76cf766b7f6b5ebb4fc48d5100-1\" name=\"rd\">\r\n\t\t\t\t\t<label class=\"vc-accor__label d-block position-relative\" for=\"rdblock_85066c76cf766b7f6b5ebb4fc48d5100-1\">\r\n\t\t\t\t\t\t<span class=\"p-relative\">Accounting &#038; Auditing Club<\/span>\r\n\t\t\t\t\t\t<svg class=\"vc-icon position-absolute\"><use xlink:href=\"https:\/\/www.hoasen.edu.vn\/tcnh\/wp-content\/themes\/ru-hsu\/assets\/img\/icons.svg#i-arrow-down\" \/><\/svg>\r\n\t\t\t\t\t<\/label>\r\n\t\t\t\t\t<div class=\"vc-accor__content\">\r\n\t\t\t\t\t\t<p><strong>Fanpage:<\/strong> <a href=\"https:\/\/www.facebook.com\/aac.hsu\" target=\"_blank\" rel=\"noopener\">https:\/\/www.facebook.com\/aac.hsu<\/a><\/p>\n<p><strong>Email: <\/strong><a href=\"mailto:accountingandauditingclub@sinhvien.hoasen.edu.vn\">accountingandauditingclub@sinhvien.hoasen.edu.vn<\/a><\/p>\n<p>&nbsp;<\/p>\n\t\t\t\t\t<\/div>\r\n\t\t\t\t<\/div>\r\n\t\t\t\t\t\t\t<div class=\"vc-accor__item\">\r\n\t\t\t\t\t\t\t\t\t\t<input type=\"checkbox\" id=\"rdblock_85066c76cf766b7f6b5ebb4fc48d5100-2\" name=\"rd\">\r\n\t\t\t\t\t<label class=\"vc-accor__label d-block position-relative\" for=\"rdblock_85066c76cf766b7f6b5ebb4fc48d5100-2\">\r\n\t\t\t\t\t\t<span class=\"p-relative\">Real Estate Investment Club <\/span>\r\n\t\t\t\t\t\t<svg class=\"vc-icon position-absolute\"><use xlink:href=\"https:\/\/www.hoasen.edu.vn\/tcnh\/wp-content\/themes\/ru-hsu\/assets\/img\/icons.svg#i-arrow-down\" \/><\/svg>\r\n\t\t\t\t\t<\/label>\r\n\t\t\t\t\t<div class=\"vc-accor__content\">\r\n\t\t\t\t\t\t<p><strong>Fanpage:<\/strong> <a href=\"https:\/\/www.facebook.com\/RICRealEstateInvestmentClub\" target=\"_blank\" rel=\"noopener\">https:\/\/www.facebook.com\/RICRealEstateInvestmentClub<\/a><\/p>\n<p><strong>Email:<\/strong> <a href=\"mailto:realestateinvestment.declub@gmail.com\">realestateinvestment.declub@gmail.com<\/a><\/p>\n<p>&nbsp;<\/p>\n\t\t\t\t\t<\/div>\r\n\t\t\t\t<\/div>\r\n\t\t\t\t\t\t\t<div class=\"vc-accor__item\">\r\n\t\t\t\t\t\t\t\t\t\t<input type=\"checkbox\" id=\"rdblock_85066c76cf766b7f6b5ebb4fc48d5100-3\" name=\"rd\">\r\n\t\t\t\t\t<label class=\"vc-accor__label d-block position-relative\" for=\"rdblock_85066c76cf766b7f6b5ebb4fc48d5100-3\">\r\n\t\t\t\t\t\t<span class=\"p-relative\">Hoa Sen Financial Analyst Club <\/span>\r\n\t\t\t\t\t\t<svg class=\"vc-icon position-absolute\"><use xlink:href=\"https:\/\/www.hoasen.edu.vn\/tcnh\/wp-content\/themes\/ru-hsu\/assets\/img\/icons.svg#i-arrow-down\" \/><\/svg>\r\n\t\t\t\t\t<\/label>\r\n\t\t\t\t\t<div class=\"vc-accor__content\">\r\n\t\t\t\t\t\t<p><strong>Fanpage:<\/strong> <a href=\"https:\/\/www.facebook.com\/HFAface\" target=\"_blank\" rel=\"noopener\">https:\/\/www.facebook.com\/HFAface<\/a><\/p>\n<p><strong>Email:<\/strong> <a href=\"mailto:hfa@sinhvien.hoasen.edu.vn\">hfa@sinhvien.hoasen.edu.vn<\/a><\/p>\n\t\t\t\t\t<\/div>\r\n\t\t\t\t<\/div>\r\n\t\t\t\t\t\t\t<div class=\"vc-accor__item\">\r\n\t\t\t\t\t\t\t\t\t\t<input type=\"checkbox\" id=\"rdblock_85066c76cf766b7f6b5ebb4fc48d5100-4\" name=\"rd\">\r\n\t\t\t\t\t<label class=\"vc-accor__label d-block position-relative\" for=\"rdblock_85066c76cf766b7f6b5ebb4fc48d5100-4\">\r\n\t\t\t\t\t\t<span class=\"p-relative\">GenZ Research Club<\/span>\r\n\t\t\t\t\t\t<svg class=\"vc-icon position-absolute\"><use xlink:href=\"https:\/\/www.hoasen.edu.vn\/tcnh\/wp-content\/themes\/ru-hsu\/assets\/img\/icons.svg#i-arrow-down\" \/><\/svg>\r\n\t\t\t\t\t<\/label>\r\n\t\t\t\t\t<div class=\"vc-accor__content\">\r\n\t\t\t\t\t\t<p><strong>Fanpage:<\/strong> <a href=\"https:\/\/www.facebook.com\/profile.php?id=100083065194147\" target=\"_blank\" rel=\"noopener\">https:\/\/www.facebook.com\/profile.php?id=100083065194147<\/a><\/p>\n<p><strong>Email:<\/strong><\/p>\n<p>&nbsp;<\/p>\n\t\t\t\t\t<\/div>\r\n\t\t\t\t<\/div>\r\n\t\t\t\t\t<\/div>\r\n\t<\/div>\n<\/div>\n\n\n<p><link rel=\"stylesheet\" href=\"https:\/\/www.hoasen.edu.vn\/wp-content\/themes\/ru-hsu\/assets\/faculty\/style.css\">\r\n<script src=\"https:\/\/www.hoasen.edu.vn\/wp-content\/themes\/ru-hsu\/assets\/faculty\/custom.js\" id=\"jquery-js\"><\/script>\r\n<style>\r\n.vc-contact.position-relative {\r\n    display: none;\r\n}\r\n\t.vc-banner {\r\n    display: none;\r\n}\r\n\r\n\r\n<\/style>\r\n  <br \/>\n<style>\r\n.vc-contact.position-relative {\r\n    display: none;\r\n}\r\ndiv#widFbWidget {\r\n    display: none;\r\n}\r\n.vc-footer__col.col-12.col-md-5.col-lg-5.col-xl-2.col-xxl-3 .row {\r\n    display: grid;\r\n    grid-template-columns: 50% 50%;\r\n}\r\n.row.vc-footer__row {\r\n    margin-top: 100px;\r\n}\r\nfooter#jsFooter {\r\n    position: relative;\r\n}\r\na.vc-footer__logo.d-none.d-xl-inline-block.mb-3 {\r\n    position: absolute;\r\n    top: 50px;\r\n}\r\n.row.vc-footer__row {\r\n    margin-top: 100px;\r\n    border-top: 1px solid #2564AC;\r\n    padding-top: 20px;\r\n}\r\n.vc-footer__hotline {\r\n    background: unset;\r\n    color: #fff;\r\n    font-size: 1.3rem;\r\n    margin-bottom: 10px;\r\n    padding: unset;\r\n}\r\n.vc-footer__hotline svg, .vc-footer__info svg {\r\n    display: none;\r\n}\r\n.vc-footer__hotline a {\r\n    font-size: 1.3rem;\r\n    font-weight: 100;\r\n}\r\n.vc-footer__info{\r\n    magrin-bottom: 5px\r\n}\r\n.vc-footer__col.col-12.col-md-5.col-lg-5.col-xl-2.col-xxl-3 {\r\n    width: 35%;\r\n}\r\n.vc-footer__col.col-12.col-md-9.col-lg-9.col-xl-6.col-xxl-6 {\r\n    width: 40%;\r\n}\r\n.vc-footer__col.col-12.col-md-5.col-lg-5.col-xl-2.col-xxl-3 .vc-footer__info {\r\n    width: max-content;\r\n}\r\n#faculty-accordion .vc-accor__item {\r\n    box-shadow: unset;\r\n    border-bottom: 1px solid #EFEEEF;\r\n    border-radius: unset;\r\n}\r\n#faculty-accordion .vc-accor__item input:checked+.vc-accor__label {\r\n    border: unset;\r\n    padding: unset;\r\n}\r\n\t#followHSU img {\r\n    width: 25px;\r\n}\r\n\tdiv#followHSU {\r\n    display: flex !important;\r\n\tflex-direction: column;\r\n    gap: 8px;\r\n}\r\n\tdiv#followHSU a {\r\n    color: white;\r\n    display: flex;\r\n    width: 150px;\r\n    gap: 12px;\r\n}\r\n\tnav.vc-footer__img.d-flex.flex-wrap.justify-content-between.align-items-center {\r\n    align-content: flex-start !important;\r\n}\r\n\t.vc-footer__col.col-12.col-md-7.col-lg-7.col-xl-3 {\r\n    display: flex;\r\n}\r\n\t.footet_faculty {\r\n    display: block !important;\r\n}\r\n<\/style><\/p>\n","protected":false},"excerpt":{"rendered":"<p>\u0110\u1ec1 \u00e1n sinh vi\u00ean T\u1ea1i Khoa T\u00e0i ch\u00ednh \u2013 Ng\u00e2n h\u00e0ng, c\u00e1c m\u00f4n h\u1ecdc \u0111\u1ec1 \u00e1n \u0111\u01b0\u1ee3c thi\u1ebft k\u1ebf d\u01b0\u1edbi d\u1ea1ng cu\u1ed9c thi h\u1ecdc thu\u1eadt v\u00e0 m\u00f4 ph\u1ecfng nghi\u1ec7p v\u1ee5 th\u1ef1c ti\u1ec5n, xoay quanh c\u00e1c l\u0129nh v\u1ef1c t\u00e0i ch\u00ednh, ng\u00e2n h\u00e0ng, k\u1ebf to\u00e1n v\u00e0 c\u00f4ng ngh\u1ec7 t\u00e0i ch\u00ednh, d\u01b0\u1edbi s\u1ef1 c\u1ed1 v\u1ea5n c\u1ee7a gi\u1ea3ng vi\u00ean v\u00e0 chuy\u00ean gia doanh nghi\u1ec7p. Sinh vi\u00ean c\u00f3 th\u1ec3 l\u1ef1a ch\u1ecdn tr\u1edf th\u00e0nh Ban t\u1ed5 ch\u1ee9c tr\u1ef1c ti\u1ebfp \u0111i\u1ec1u h\u00e0nh d\u1ef1 \u00e1n ho\u1eb7c tham gia v\u1edbi vai tr\u00f2 th\u00ed sinh \u0111\u1ec3 th\u1eed s\u1ee9c trong m\u00f4i tr\u01b0\u1eddng c\u1ea1nh tranh h\u1ecdc thu\u1eadt gi\u00e0u t\u00ednh th\u1ef1c ti\u1ec5n. Li\u00ean&#8230;<\/p>\n","protected":false},"author":5427,"featured_media":0,"parent":0,"menu_order":0,"comment_status":"closed","ping_status":"closed","template":"page-templates\/home.php","meta":{"footnotes":""},"class_list":["post-4411","page","type-page","status-publish","hentry"],"acf":[],"_links":{"self":[{"href":"https:\/\/www.hoasen.edu.vn\/tcnh\/wp-json\/wp\/v2\/pages\/4411","targetHints":{"allow":["GET"]}}],"collection":[{"href":"https:\/\/www.hoasen.edu.vn\/tcnh\/wp-json\/wp\/v2\/pages"}],"about":[{"href":"https:\/\/www.hoasen.edu.vn\/tcnh\/wp-json\/wp\/v2\/types\/page"}],"author":[{"embeddable":true,"href":"https:\/\/www.hoasen.edu.vn\/tcnh\/wp-json\/wp\/v2\/users\/5427"}],"replies":[{"embeddable":true,"href":"https:\/\/www.hoasen.edu.vn\/tcnh\/wp-json\/wp\/v2\/comments?post=4411"}],"version-history":[{"count":6,"href":"https:\/\/www.hoasen.edu.vn\/tcnh\/wp-json\/wp\/v2\/pages\/4411\/revisions"}],"predecessor-version":[{"id":5172,"href":"https:\/\/www.hoasen.edu.vn\/tcnh\/wp-json\/wp\/v2\/pages\/4411\/revisions\/5172"}],"wp:attachment":[{"href":"https:\/\/www.hoasen.edu.vn\/tcnh\/wp-json\/wp\/v2\/media?parent=4411"}],"curies":[{"name":"wp","href":"https:\/\/api.w.org\/{rel}","templated":true}]}}