{"id":92,"date":"2022-08-01T02:49:04","date_gmt":"2022-08-01T02:49:04","guid":{"rendered":"https:\/\/www.hoasen.edu.vn\/so-tay-sinh-vien\/?page_id=92"},"modified":"2024-11-09T09:28:13","modified_gmt":"2024-11-09T09:28:13","slug":"hoc-bong","status":"publish","type":"page","link":"https:\/\/www.hoasen.edu.vn\/so-tay-sinh-vien\/hoc-bong\/","title":{"rendered":"H\u1ecdc b\u1ed5ng"},"content":{"rendered":"\n<p>Hi\u1ec7n nay, Tr\u01b0\u1eddng \u0110\u1ea1i h\u1ecdc Hoa Sen x\u00e9t, c\u1ea5p c\u1ea5p c\u00e1c lo\u1ea1i h\u1ecdc b\u1ed5ng sau:<\/p>\n\n\n\n<ul class=\"wp-block-list\">\n<li>H\u1ecdc b\u1ed5ng Sen \u01afu t\u00fa<\/li>\n\n\n\n<li>H\u1ecdc b\u1ed5ng T\u1eadp \u0111o\u00e0n Gi\u00e1o d\u1ee5c Nguy\u1ec5n Ho\u00e0ng<\/li>\n\n\n\n<li>H\u1ecdc b\u1ed5ng Doanh nghi\u1ec7p, \u0111\u1ed1i t\u00e1c<\/li>\n<\/ul>\n\n\n<div class=\"wp-block-image\">\n<figure class=\"aligncenter size-full\"><img loading=\"lazy\" decoding=\"async\" width=\"1973\" height=\"427\" src=\"https:\/\/www.hoasen.edu.vn\/so-tay-sinh-vien\/wp-content\/uploads\/sites\/46\/2023\/09\/Picture2-3.png\" alt=\"\" class=\"wp-image-1969\" srcset=\"https:\/\/www.hoasen.edu.vn\/so-tay-sinh-vien\/wp-content\/uploads\/sites\/46\/2023\/09\/Picture2-3.png 1973w, https:\/\/www.hoasen.edu.vn\/so-tay-sinh-vien\/wp-content\/uploads\/sites\/46\/2023\/09\/Picture2-3-300x65.png 300w, https:\/\/www.hoasen.edu.vn\/so-tay-sinh-vien\/wp-content\/uploads\/sites\/46\/2023\/09\/Picture2-3-768x166.png 768w, https:\/\/www.hoasen.edu.vn\/so-tay-sinh-vien\/wp-content\/uploads\/sites\/46\/2023\/09\/Picture2-3-1536x332.png 1536w\" sizes=\"auto, (max-width: 1973px) 100vw, 1973px\" \/><figcaption class=\"wp-element-caption\"><em>M\u1ed9t s\u1ed1 h\u00ecnh \u1ea3nh trong L\u1ec5 trao h\u1ecdc b\u1ed5ng cho sinh vi\u00ean HSU<\/em><\/figcaption><\/figure>\n<\/div>\n\n\n<p>Trung t\u00e2m Truy\u1ec1n th\u00f4ng v\u00e0 Tr\u1ea3i nghi\u1ec7m &#8211; Vi\u1ec7c l\u00e0m sinh vi\u00ean s\u1ebd c\u00f3 th\u00f4ng b\u00e1o v\u1ec1 th\u1eddi gian v\u00e0 c\u00e1ch th\u1ee9c n\u1ed9p h\u1ed3 s\u01a1 x\u00e9t h\u1ecdc b\u1ed5ng qua email c\u1ee7a sinh vi\u00ean v\u00e0o \u0111\u1ea7u m\u1ed7i n\u0103m h\u1ecdc \u0111\u1ec3 sinh vi\u00ean chu\u1ea9n b\u1ecb.<\/p>\n\n\n\n<figure class=\"wp-block-image size-full\"><img loading=\"lazy\" decoding=\"async\" width=\"1962\" height=\"427\" src=\"https:\/\/www.hoasen.edu.vn\/so-tay-sinh-vien\/wp-content\/uploads\/sites\/46\/2023\/09\/Picture3-2.png\" alt=\"\" class=\"wp-image-1971\" srcset=\"https:\/\/www.hoasen.edu.vn\/so-tay-sinh-vien\/wp-content\/uploads\/sites\/46\/2023\/09\/Picture3-2.png 1962w, https:\/\/www.hoasen.edu.vn\/so-tay-sinh-vien\/wp-content\/uploads\/sites\/46\/2023\/09\/Picture3-2-300x65.png 300w, https:\/\/www.hoasen.edu.vn\/so-tay-sinh-vien\/wp-content\/uploads\/sites\/46\/2023\/09\/Picture3-2-768x167.png 768w, https:\/\/www.hoasen.edu.vn\/so-tay-sinh-vien\/wp-content\/uploads\/sites\/46\/2023\/09\/Picture3-2-1536x334.png 1536w\" sizes=\"auto, (max-width: 1962px) 100vw, 1962px\" \/><\/figure>\n\n\n\n<p><\/p>\n\n\n\n<p>Tin t\u1ee9c h\u1ecdc b\u1ed5ng \u0111\u01b0\u1ee3c c\u1eadp nh\u1eadt li\u00ean t\u1ee5c tr\u00ean website <a href=\"https:\/\/www.hoasen.edu.vn\/tin-tuc-hoc-bong\/\">Tin t\u1ee9c h\u1ecdc b\u1ed5ng &#8211; \u0110\u1ea1i h\u1ecdc Hoa Sen<\/a><\/p>\n","protected":false},"excerpt":{"rendered":"<p>Hi\u1ec7n nay, Tr\u01b0\u1eddng \u0110\u1ea1i h\u1ecdc Hoa Sen x\u00e9t, c\u1ea5p c\u1ea5p c\u00e1c lo\u1ea1i h\u1ecdc b\u1ed5ng sau: Trung t\u00e2m Truy\u1ec1n th\u00f4ng v\u00e0 Tr\u1ea3i nghi\u1ec7m &#8211; Vi\u1ec7c l\u00e0m sinh vi\u00ean s\u1ebd c\u00f3 th\u00f4ng b\u00e1o v\u1ec1 th\u1eddi gian v\u00e0 c\u00e1ch th\u1ee9c n\u1ed9p h\u1ed3 s\u01a1 x\u00e9t h\u1ecdc b\u1ed5ng qua email c\u1ee7a sinh vi\u00ean v\u00e0o \u0111\u1ea7u m\u1ed7i n\u0103m h\u1ecdc \u0111\u1ec3 sinh vi\u00ean chu\u1ea9n b\u1ecb. Tin t\u1ee9c h\u1ecdc b\u1ed5ng \u0111\u01b0\u1ee3c c\u1eadp nh\u1eadt li\u00ean t\u1ee5c tr\u00ean website Tin t\u1ee9c h\u1ecdc b\u1ed5ng &#8211; \u0110\u1ea1i h\u1ecdc Hoa Sen<\/p>\n","protected":false},"author":38,"featured_media":1969,"parent":0,"menu_order":0,"comment_status":"closed","ping_status":"closed","template":"","meta":{"footnotes":""},"class_list":["post-92","page","type-page","status-publish","has-post-thumbnail","hentry"],"acf":[],"_links":{"self":[{"href":"https:\/\/www.hoasen.edu.vn\/so-tay-sinh-vien\/wp-json\/wp\/v2\/pages\/92","targetHints":{"allow":["GET"]}}],"collection":[{"href":"https:\/\/www.hoasen.edu.vn\/so-tay-sinh-vien\/wp-json\/wp\/v2\/pages"}],"about":[{"href":"https:\/\/www.hoasen.edu.vn\/so-tay-sinh-vien\/wp-json\/wp\/v2\/types\/page"}],"author":[{"embeddable":true,"href":"https:\/\/www.hoasen.edu.vn\/so-tay-sinh-vien\/wp-json\/wp\/v2\/users\/38"}],"replies":[{"embeddable":true,"href":"https:\/\/www.hoasen.edu.vn\/so-tay-sinh-vien\/wp-json\/wp\/v2\/comments?post=92"}],"version-history":[{"count":11,"href":"https:\/\/www.hoasen.edu.vn\/so-tay-sinh-vien\/wp-json\/wp\/v2\/pages\/92\/revisions"}],"predecessor-version":[{"id":2676,"href":"https:\/\/www.hoasen.edu.vn\/so-tay-sinh-vien\/wp-json\/wp\/v2\/pages\/92\/revisions\/2676"}],"wp:featuredmedia":[{"embeddable":true,"href":"https:\/\/www.hoasen.edu.vn\/so-tay-sinh-vien\/wp-json\/wp\/v2\/media\/1969"}],"wp:attachment":[{"href":"https:\/\/www.hoasen.edu.vn\/so-tay-sinh-vien\/wp-json\/wp\/v2\/media?parent=92"}],"curies":[{"name":"wp","href":"https:\/\/api.w.org\/{rel}","templated":true}]}}