{"id":7,"date":"2022-08-01T02:13:33","date_gmt":"2022-08-01T02:13:33","guid":{"rendered":"https:\/\/www.hoasen.edu.vn\/so-tay-sinh-vien\/?page_id=7"},"modified":"2025-09-13T05:18:27","modified_gmt":"2025-09-13T05:18:27","slug":"tong-quan-ve-hsu","status":"publish","type":"page","link":"https:\/\/www.hoasen.edu.vn\/so-tay-sinh-vien\/tong-quan-ve-hsu\/","title":{"rendered":"V\u0103n h\u00f3a HSU"},"content":{"rendered":"\n<h2 class=\"wp-block-heading\" style=\"font-size:20px\">C\u00c1C CH\u1ee8NG NH\u1eacN, KI\u1ec2M \u0110\u1ecaNH QU\u1ed0C T\u1ebe T\u1ea0I TR\u01af\u1edcNG \u0110\u1ea0I H\u1eccC HOA SEN<\/h2>\n\n\n\n<div style=\"height:20px\" aria-hidden=\"true\" class=\"wp-block-spacer\"><\/div>\n\n\n\n<p>Tr\u01b0\u1eddng \u0110\u1ea1i h\u1ecdc Hoa Sen kh\u00f4ng ng\u1eebng kh\u1eb3ng \u0111\u1ecbnh v\u1ecb th\u1ebf v\u1edbi h\u00e0ng lo\u1ea1t ch\u1ee9ng nh\u1eadn v\u00e0 ki\u1ec3m \u0111\u1ecbnh qu\u1ed1c t\u1ebf danh gi\u00e1, \u0111\u1ea3m b\u1ea3o ch\u1ea5t l\u01b0\u1ee3ng gi\u1ea3ng d\u1ea1y v\u00e0 \u0111\u00e0o t\u1ea1o theo ti\u00eau chu\u1ea9n to\u00e0n c\u1ea7u:<\/p>\n\n\n\n<ul class=\"wp-block-list\">\n<li><strong>ASIIN (\u0110\u1ee8C)<\/strong>: Tr\u01b0\u1eddng \u0110\u1ea1i h\u1ecdc Hoa Sen l\u00e0 <strong>tr\u01b0\u1eddng \u0111\u1ea1i h\u1ecdc t\u01b0 th\u1ee5c \u0111\u1ea7u ti\u00ean<\/strong> v\u00e0 l\u00e0 t<strong>r\u01b0\u1eddng \u0111\u1ea1i h\u1ecdc th\u1ee9 hai to\u00e0n qu\u1ed1c<\/strong> \u0111\u1ea1t ki\u1ec3m \u0111\u1ecbnh ch\u1ea5t l\u01b0\u1ee3ng c\u1ea5p c\u01a1 s\u1edf gi\u00e1o d\u1ee5c theo ti\u00eau chu\u1ea9n ch\u1ea5t l\u01b0\u1ee3ng c\u1ee7a Ch\u00e2u \u00c2u (T\u1ed5 ch\u1ee9c ki\u1ec3m \u0111\u1ecbnh ch\u1ea5t l\u01b0\u1ee3ng gi\u00e1o d\u1ee5c \u0111\u1ea1i h\u1ecdc uy t\u00edn c\u1ee7a \u0110\u1ee9c v\u00e0 Ch\u00e2u \u00c2u)<\/li>\n\n\n\n<li><strong>NEAS:<\/strong>\u00a0N\u0103m 2025, Tr\u01b0\u1eddng \u0110\u1ea1i h\u1ecdc Hoa Sen l\u00e0 tr\u01b0\u1eddng \u0111\u1ea1i h\u1ecdc <strong>\u0111\u1ea7u ti\u00ean v\u00e0 duy nh\u1ea5t<\/strong> t\u1ea1i Vi\u1ec7t Nam vinh d\u1ef1 <strong>4 n\u0103m li\u00ean ti\u1ebfp<\/strong> \u0111\u1ea1t \u0111\u01b0\u1ee3c ch\u1ee9ng nh\u1eadn NEAS (H\u1ec7 th\u1ed1ng \u0111\u00e1nh gi\u00e1 gi\u00e1o d\u1ee5c Qu\u1ed1c gia c\u1ee7a \u00dac) cho Ch\u01b0\u01a1ng tr\u00ecnh Anh v\u0103n T\u1ed5ng qu\u00e1t.<\/li>\n\n\n\n<li><strong>AUN-QA:\u00a0<\/strong>N\u0103m 2024, Tr\u01b0\u1eddng \u0110\u1ea1i h\u1ecdc Hoa Sen c\u00f3 <strong>12 ch\u01b0\u01a1ng tr\u00ecnh \u0111\u00e0o t\u1ea1o<\/strong> \u0111\u1ea1i h\u1ecdc v\u00e0 cao h\u1ecdc \u0111\u01b0\u1ee3c c\u00f4ng nh\u1eadn \u0111\u1ea1t chu\u1ea9n AUN-QA \u2013 T\u1ed5 ch\u1ee9c \u0111\u1ea3m b\u1ea3o ch\u1ea5t l\u01b0\u1ee3ng c\u1ee7a M\u1ea1ng l\u01b0\u1edbi c\u00e1c tr\u01b0\u1eddng \u0111\u1ea1i h\u1ecdc \u0110\u00f4ng Nam \u00c1.<\/li>\n\n\n\n<li><strong>FIBAA:<\/strong>\u00a0T\u1eeb n\u0103m 2022, HSU c\u00f3 3 ch\u01b0\u01a1ng tr\u00ecnh h\u1ecdc \u0111\u1ea1t ki\u1ec3m \u0111\u1ecbnh FIBAA \u2013 T\u1ed5 ch\u1ee9c phi ch\u00ednh ph\u1ee7 v\u1ec1 \u0111\u1ea3m b\u1ea3o ch\u1ea5t l\u01b0\u1ee3ng gi\u00e1o d\u1ee5c c\u1ee7a Th\u1ee5y S\u1ef9.<\/li>\n\n\n\n<li><strong>ACBSP:<\/strong>\u00a0T\u1eeb n\u0103m 2015, HSU l\u00e0 tr\u01b0\u1eddng \u0111\u1ea1i h\u1ecdc\u00a0<strong>\u0110\u1ea6U TI\u00caN<\/strong>\u00a0\u0111\u01b0\u1ee3c H\u1ed9i \u0111\u1ed3ng Ki\u1ec3m \u0111\u1ecbnh ACBSP c\u1ee7a Hoa K\u1ef3 c\u00f4ng nh\u1eadn 5 ch\u01b0\u01a1ng tr\u00ecnh \u0111\u00e0o t\u1ea1o \u0111\u1ea1t ch\u1ea5t l\u01b0\u1ee3ng gi\u00e1o d\u1ee5c chu\u1ea9n Qu\u1ed1c t\u1ebf.<\/li>\n\n\n\n<li><strong>QS Star:<\/strong>\u00a0QS World University Rankings l\u00e0 h\u1ec7 th\u1ed1ng x\u1ebfp h\u1ea1ng c\u00e1c tr\u01b0\u1eddng \u0111\u1ea1i h\u1ecdc c\u1ee7a Quacquarelli Symonds \u2013 Anh Qu\u1ed1c. T\u1eeb n\u0103m 2021, HSU vinh d\u1ef1 \u0111\u1ea1t ch\u1ee9ng nh\u1eadn qu\u1ed1c t\u1ebf QS \u2013 STARS 4 SAO\u00a0<strong>ngay l\u1ea7n \u0111\u00e1nh gi\u00e1 \u0110\u1ea6U TI\u00caN<\/strong>. Trong \u0111\u00f3,\u00a0<strong>2 ti\u00eau ch\u00ed V\u0103n h\u00f3a ngh\u1ec7 thu\u1eadt v\u00e0 Vi\u1ec7c l\u00e0m sinh vi\u00ean \u0111\u1ea1t 5 SAO<\/strong>.<\/li>\n\n\n\n<li><strong>MOET:<\/strong>\u00a0T\u1eeb n\u0103m 2020, HSU \u0111\u00e3 nh\u1eadn Gi\u1ea5y Ch\u1ee9ng nh\u1eadn ki\u1ec3m \u0111\u1ecbnh ch\u1ea5t l\u01b0\u1ee3ng c\u01a1 s\u1edf gi\u00e1o d\u1ee5c theo ti\u00eau chu\u1ea9n m\u1edbi c\u1ee7a B\u1ed9 GD&amp;\u0110T.<\/li>\n<\/ul>\n\n\n\n<div style=\"height:20px\" aria-hidden=\"true\" class=\"wp-block-spacer\"><\/div>\n\n\n\n<h2 class=\"wp-block-heading\" style=\"font-size:20px\">GI\u00c1 TR\u1eca C\u1ed0T L\u00d5I<\/h2>\n\n\n\n<div style=\"height:20px\" aria-hidden=\"true\" class=\"wp-block-spacer\"><\/div>\n\n\n\n<div class=\"wp-block-columns is-layout-flex wp-container-core-columns-is-layout-9d6595d7 wp-block-columns-is-layout-flex\">\n<div class=\"wp-block-column is-layout-flow wp-block-column-is-layout-flow\" style=\"flex-basis:100%\">\t\t\t\t\t<div class=\"vc-about position-relative\">\r\n\t\t\t\t\t\t<div class=\"vc-about__img position-absolute text-end\">\r\n\t\t\t\t\t\t\t\t\t\t\t\t\t\t\t<img decoding=\"async\" class=\"position-relative\" src=\"https:\/\/www.hoasen.edu.vn\/so-tay-sinh-vien\/wp-content\/uploads\/sites\/46\/2024\/11\/316542610_5908277165862094_5071432331720895642_n.jpg\" alt=\"\">\r\n\t\t\t\t\t\t\t\t\t\t\t\t\t<\/div>\r\n\t\t\t\t\t\t<div class=\"vc-about__row row position-relative\">\r\n\t\t\t\t\t\t\t<div class=\"col-12 col-md-12 col-lg-12 col-xl-8 col-xxl-8\">\r\n\t\t\t\t\t\t\t\t<div class=\"vc-about__box\">\r\n\t\t\t\t\t\t\t\t\t\t\t\t\t\t\t\t\t\t\t<h4 class=\"vc-about__head\">TI\u00caU CHU\u1ea8N QU\u1ed0C T\u1ebe<\/h4>\r\n\t\t\t\t\t\t\t\t\t\t\t\t\t\t\t\t\t\t<div class=\"vc-about__content\">\r\n\t\t\t\t\t\t\t\t\t\t<p>V\u1edbi ha\u0300nh tri\u0300nh 34 na\u0306m x\u00e2y d\u1ef1ng v\u00e0 ph\u00e1t tri\u1ec3n, Tru\u031b\u01a1\u0300ng \u0110a\u0323i ho\u0323c Hoa Sen \u0111\u01b0\u1ee3c c\u00e1c t\u1ed5 ch\u1ee9c \u0111\u00e1nh gi\u00e1 ch\u1ea5t l\u01b0\u1ee3ng gi\u00e1o d\u1ee5c uy t\u00edn tr\u00ean th\u1ebf gi\u1edbi: ASIIN, NEAS, ACBSP, FIBAA, AUN-QA<strong> c\u00f4ng nh\u1eadn \u0111\u1ea1t chu\u1ea9n qu\u1ed1c t\u1ebf<\/strong>. Ch\u01b0\u01a1ng tr\u00ecnh gi\u1ea3ng d\u1ea1y song ng\u1eef, m\u1ed9t s\u1ed1 ng\u00e0nh h\u1ecdc 100% b\u1eb1ng ti\u1ebfng Anh.<\/p>\n\t\t\t\t\t\t\t\t\t<\/div>\r\n\t\t\t\t\t\t\t\t<\/div>\r\n\t\t\t\t\t\t\t<\/div>\r\n\t\t\t\t\t\t<\/div>\r\n\t\t\t\t\t<\/div>\r\n\t\t\t\t\t\t\t\t\t\t<div class=\"vc-about--blue position-relative\">\r\n\t\t\t\t\t\t<div class=\"vc-about__img position-absolute\">\r\n\t\t\t\t\t\t\t\t\t\t\t\t\t\t\t<img decoding=\"async\" class=\"position-relative\" src=\"https:\/\/www.hoasen.edu.vn\/so-tay-sinh-vien\/wp-content\/uploads\/sites\/46\/2022\/08\/279523742_1798652973674198_7686280387332285595_n-1-e1676002939437.jpg\" alt=\"\">\r\n\t\t\t\t\t\t\t\t\t\t\t\t\t<\/div>\r\n\t\t\t\t\t\t<div class=\"vc-about__row row position-relative\">\r\n\t\t\t\t\t\t\t<div class=\"col-12 col-md-12 col-lg-12 col-xl-8 col-xxl-8 offset-xl-4 offset-xxl-4\">\r\n\t\t\t\t\t\t\t\t<div class=\"vc-about__box text-end\">\r\n\t\t\t\t\t\t\t\t\t\t\t\t\t\t\t\t\t\t\t<h4 class=\"vc-about__head\">TINH TH\u1ea6N DOANH CH\u1ee6<\/h4>\r\n\t\t\t\t\t\t\t\t\t\t\t\t\t\t\t\t\t\t<div class=\"vc-about__content\">\r\n\t\t\t\t\t\t\t\t\t\t<p>Sinh vi\u00ean \u0111\u01b0\u1ee3c <strong>l\u00e0m ch\u1ee7<\/strong>, <strong>d\u1eabn d\u1eaft c\u00e1c d\u1ef1 \u00e1n<\/strong> v\u00e0 Nh\u00e0 tr\u01b0\u1eddng \u0111\u00f3ng vai tr\u00f2 l\u00e0 \u201cnh\u00e0 \u0111\u1ea7u t\u01b0\u201d th\u00f4ng qua g\u1ea7n 30 \u0111\u1ec1 \u00e1n, nhi\u1ec1u cu\u1ed9c thi v\u00e0 s\u1ef1 ki\u1ec7n. Trong \u0111\u00f3, \u0111\u1ec1 \u00e1n The Future Chef Contest<strong> x\u00e1c l\u1eadp k\u1ef7 l\u1ee5c Vi\u1ec7t Nam<\/strong>, \u0111\u1ec1 \u00e1n Gen Z \u2013 Th\u1ebf h\u1ec7 d\u1eabn \u0111\u1ea7u \u0111\u00e3 tr\u1edf th\u00e0nh ch\u01b0\u01a1ng tr\u00ecnh truy\u1ec1n h\u00ecnh th\u1ef1c t\u1ebf<strong> \u201ctri\u1ec7u view\u201d<\/strong>, \u0111\u1ec1 \u00e1n Fashion Creation g\u00e2y ti\u1ebfng vang l\u1edbn trong <strong>gi\u1edbi th\u1eddi trang<\/strong>\u2026<\/p>\n\t\t\t\t\t\t\t\t\t<\/div>\r\n\t\t\t\t\t\t\t\t<\/div>\r\n\t\t\t\t\t\t\t<\/div>\r\n\t\t\t\t\t\t<\/div>\r\n\t\t\t\t\t<\/div>\r\n\t\t\t\t\t\t\t\t\t\t<div class=\"vc-about position-relative\">\r\n\t\t\t\t\t\t<div class=\"vc-about__img position-absolute text-end\">\r\n\t\t\t\t\t\t\t\t\t\t\t\t\t\t\t<img decoding=\"async\" class=\"position-relative\" src=\"https:\/\/www.hoasen.edu.vn\/so-tay-sinh-vien\/wp-content\/uploads\/sites\/46\/2024\/11\/323372336_2755402191262487_6630704616315934252_n.jpg\" alt=\"\">\r\n\t\t\t\t\t\t\t\t\t\t\t\t\t<\/div>\r\n\t\t\t\t\t\t<div class=\"vc-about__row row position-relative\">\r\n\t\t\t\t\t\t\t<div class=\"col-12 col-md-12 col-lg-12 col-xl-8 col-xxl-8\">\r\n\t\t\t\t\t\t\t\t<div class=\"vc-about__box\">\r\n\t\t\t\t\t\t\t\t\t\t\t\t\t\t\t\t\t\t\t<h4 class=\"vc-about__head\">TH\u1ef0C H\u1eccC &#8211; TH\u1ef0C L\u00c0M<\/h4>\r\n\t\t\t\t\t\t\t\t\t\t\t\t\t\t\t\t\t\t<div class=\"vc-about__content\">\r\n\t\t\t\t\t\t\t\t\t\t<p>Ch\u01b0\u01a1ng tr\u00ecnh \u0111\u00e0o t\u1ea1o t\u1ea1i HSU \u0111\u01b0\u1ee3c thi\u1ebft k\u1ebf mang t\u00ednh th\u1ef1c ti\u1ec5n, \u1ee9ng d\u1ee5ng cao v\u00e0 c\u1eadp nh\u1eadt theo xu h\u01b0\u1edbng. Sinh vi\u00ean tr\u1ea3i qua <strong>c\u00e1c k\u1ef3 th\u1ef1c t\u1eadp<\/strong>, th\u01b0\u1eddng xuy\u00ean tham gia c\u00e1c chuy\u1ebfn <strong>\u201cfield trip\u201d<\/strong> t\u1ea1i c\u00e1c doanh nghi\u1ec7p h\u00e0ng \u0111\u1ea7u trong v\u00e0 ngo\u00e0i n\u01b0\u1edbc, <strong>th\u1ef1c hi\u1ec7n \u0111\u1ec1 \u00e1n m\u00f4n h\u1ecdc<\/strong>, \u0111\u01b0\u1ee3c t\u1ea1o \u0111i\u1ec1u ki\u1ec7n t\u1ed1i \u0111a cho c\u00e1c s\u1ef1 ki\u1ec7n, ch\u01b0\u01a1ng tr\u00ecnh. <strong>95% sinh vi\u00ean c\u00f3 vi\u1ec7c l\u00e0m ngay khi t\u1ed1t nghi\u1ec7p<\/strong>.<\/p>\n\t\t\t\t\t\t\t\t\t<\/div>\r\n\t\t\t\t\t\t\t\t<\/div>\r\n\t\t\t\t\t\t\t<\/div>\r\n\t\t\t\t\t\t<\/div>\r\n\t\t\t\t\t<\/div>\r\n\t\t\t\t\t\t\t\t\t\t<div class=\"vc-about--blue position-relative\">\r\n\t\t\t\t\t\t<div class=\"vc-about__img position-absolute\">\r\n\t\t\t\t\t\t\t\t\t\t\t\t\t\t\t<img decoding=\"async\" class=\"position-relative\" src=\"https:\/\/www.hoasen.edu.vn\/so-tay-sinh-vien\/wp-content\/uploads\/sites\/46\/2022\/08\/296444288_142404991761759_3910344279219754795_n.jpg\" alt=\"\">\r\n\t\t\t\t\t\t\t\t\t\t\t\t\t<\/div>\r\n\t\t\t\t\t\t<div class=\"vc-about__row row position-relative\">\r\n\t\t\t\t\t\t\t<div class=\"col-12 col-md-12 col-lg-12 col-xl-8 col-xxl-8 offset-xl-4 offset-xxl-4\">\r\n\t\t\t\t\t\t\t\t<div class=\"vc-about__box text-end\">\r\n\t\t\t\t\t\t\t\t\t\t\t\t\t\t\t\t\t\t\t<h4 class=\"vc-about__head\">TR\u1ea2I NGHI\u1ec6M S\u1ed0NG \u0110\u1ed8NG<\/h4>\r\n\t\t\t\t\t\t\t\t\t\t\t\t\t\t\t\t\t\t<div class=\"vc-about__content\">\r\n\t\t\t\t\t\t\t\t\t\t<p>\u1ede HSU, c\u00e1c b\u1ea1n sinh vi\u00ean \u0111\u01b0\u1ee3c tr\u1ea3i nghi\u1ec7m \u201cth\u1ef1c chi\u1ebfn\u201d th\u00f4ng qua <strong>\u0111\u0103ng k\u00fd ch\u1ee7 tr\u00ec<\/strong>, <strong>t\u1ed5 ch\u1ee9c th\u1ef1c hi\u1ec7n<\/strong> c\u00e1c \u0111\u1ec1 \u00e1n m\u00f4n h\u1ecdc, c\u00e1c d\u1ef1 \u00e1n l\u1edbn c\u1ee7a nh\u00e0 tr\u01b0\u1eddng, c\u0169ng nh\u01b0 tham gia v\u00e0o h\u00e0ng tr\u0103m webinar. Ngo\u00e0i ra, <strong>h\u01a1n 30 CLB<\/strong> t\u1eeb h\u1ecdc thu\u1eadt \u0111\u1ebfn th\u1ec3 thao, gi\u1ea3i tr\u00ed, truy\u1ec1n th\u00f4ng\u2026 c\u00f9ng <strong>chu\u1ed7i ho\u1ea1t \u0111\u1ed9ng t\u00ecnh nguy\u1ec7n<\/strong>. Sinh vi\u00ean Hoa Sen l\u00e0 nh\u1eefng con ng\u01b0\u1eddi c\u00e1 t\u00ednh, l\u00e0m ch\u1ee7 b\u1ea3n th\u00e2n, b\u1ee9t ph\u00e1 m\u1ecdi gi\u1edbi h\u1ea1n.<\/p>\n\t\t\t\t\t\t\t\t\t<\/div>\r\n\t\t\t\t\t\t\t\t<\/div>\r\n\t\t\t\t\t\t\t<\/div>\r\n\t\t\t\t\t\t<\/div>\r\n\t\t\t\t\t<\/div>\r\n\t\t\t\t\t\t\t\t\t\t<div class=\"vc-about position-relative\">\r\n\t\t\t\t\t\t<div class=\"vc-about__img position-absolute text-end\">\r\n\t\t\t\t\t\t\t\t\t\t\t\t\t\t\t<img decoding=\"async\" class=\"position-relative\" src=\"https:\/\/www.hoasen.edu.vn\/so-tay-sinh-vien\/wp-content\/uploads\/sites\/46\/2022\/08\/280633839_5349809681708848_1630870063685740323_n-e1676003097678.jpg\" alt=\"\">\r\n\t\t\t\t\t\t\t\t\t\t\t\t\t<\/div>\r\n\t\t\t\t\t\t<div class=\"vc-about__row row position-relative\">\r\n\t\t\t\t\t\t\t<div class=\"col-12 col-md-12 col-lg-12 col-xl-8 col-xxl-8\">\r\n\t\t\t\t\t\t\t\t<div class=\"vc-about__box\">\r\n\t\t\t\t\t\t\t\t\t\t\t\t\t\t\t\t\t\t\t<h4 class=\"vc-about__head\">T\u00d4N TR\u1eccNG KH\u00c1C BI\u1ec6T<\/h4>\r\n\t\t\t\t\t\t\t\t\t\t\t\t\t\t\t\t\t\t<div class=\"vc-about__content\">\r\n\t\t\t\t\t\t\t\t\t\t<p>Duy nh\u00e2\u0301t ta\u0323i Hoa Sen, <strong>mo\u0323i ra\u0300o ca\u0309n \u0111\u00ea\u0300u bi\u0323 pha\u0301 bo\u0309<\/strong>. Sinh vie\u0302n \u0111u\u031b\u01a1\u0323c t\u1ea1o \u0111i\u1ec1u ki\u1ec7n ph\u00e1t huy t\u1ed1i \u0111a n\u0103ng l\u1ef1c c\u1ee7a b\u1ea3n th\u00e2n, t\u1ef1 do th\u1ec3 hi\u1ec7n c\u00e1 t\u00ednh, phong c\u00e1ch v\u00e0 \u00fd ki\u1ebfn ri\u00eang trong m\u1ed9t m\u00f4i tr\u01b0\u1eddng \u0111a v\u0103n h\u00f3a, nhi\u1ec1u m\u00e0u s\u1eafc. D\u00f9 b\u1ea1n l\u00e0 ai, \u1edf \u0111\u1ed9 tu\u1ed5i, gi\u1edbi t\u00ednh n\u00e0o, kh\u00e1c bi\u1ec7t ra sao, b\u1ea1n <strong>\u0111\u1ec1u \u0111\u01b0\u1ee3c t\u00f4n tr\u1ecdng v\u00e0 c\u00f3 c\u01a1 h\u1ed9i t\u1ecfa s\u00e1ng<\/strong> \u0111\u1ec3 tr\u1edf th\u00e0nh phi\u00ean b\u1ea3n t\u1ed1t nh\u1ea5t c\u1ee7a ch\u00ednh m\u00ecnh.<\/p>\n\t\t\t\t\t\t\t\t\t<\/div>\r\n\t\t\t\t\t\t\t\t<\/div>\r\n\t\t\t\t\t\t\t<\/div>\r\n\t\t\t\t\t\t<\/div>\r\n\t\t\t\t\t<\/div>\r\n\t\t\t\t\t\n\n\n<div style=\"height:20px\" aria-hidden=\"true\" class=\"wp-block-spacer\"><\/div>\n\n\n\n<h2 class=\"wp-block-heading\" style=\"font-size:20px\">DANH NG\u00d4N GI\u00c1O D\u1ee4C V\u0102N H\u00d3A \u1ee8NG X\u1eec SINH VI\u00caN<\/h2>\n<\/div>\n<\/div>\n\n\n\n<div class=\"wp-block-columns are-vertically-aligned-top is-layout-flex wp-container-core-columns-is-layout-9d6595d7 wp-block-columns-is-layout-flex\">\n<div class=\"wp-block-column is-layout-flow wp-block-column-is-layout-flow\">\n<blockquote class=\"wp-block-quote is-layout-flow wp-block-quote-is-layout-flow\">\n<p>Y\u00eau m\u1ecdi ng\u01b0\u1eddi, tin v\u00e0i ng\u01b0\u1eddi v\u00e0 \u0111\u1eebng x\u00fac ph\u1ea1m \u0111\u1ebfn ai \u2013 Love all, trust a few, do wrong to none.<\/p>\n<cite><strong>&#8211; Shakespear &#8211;<\/strong><\/cite><\/blockquote>\n\n\n\n<blockquote class=\"wp-block-quote is-layout-flow wp-block-quote-is-layout-flow\">\n<p>\u0110\u1eebng bao gi\u1edd n\u00e9m b\u00f9n v\u00e0o ng\u01b0\u1eddi kh\u00e1c. B\u1ea1n c\u00f3 th\u1ec3 n\u00e9m tr\u1eadt v\u00e0 tay b\u1ea1n ch\u1eafc ch\u1eafn b\u1ecb b\u1ea9n &#8211; Never throw mud. You may miss your mark, but you must have dirty hands<\/p>\n<cite><strong>&#8211; Joseph Parker &#8211;<\/strong><\/cite><\/blockquote>\n\n\n\n<blockquote class=\"wp-block-quote is-layout-flow wp-block-quote-is-layout-flow\">\n<p>N\u1ebfu b\u1ea1n ch\u1ec9 giao ti\u1ebfp, b\u1ea1n c\u00f3 th\u1ec3 t\u1ed3n t\u1ea1i. Nh\u01b0ng n\u1ebfu b\u1ea1n giao ti\u1ebfp kh\u00e9o l\u00e9o, b\u1ea1n c\u00f3 th\u1ec3 t\u1ea1o ra \u0111i\u1ec1u k\u1ef3 di\u1ec7u &#8211; If you just communicate, you can get by. But if you communicate skillfully, you can work miracles.<\/p>\n<cite><strong>&#8211; Jim Rohn &#8211;<\/strong><\/cite><\/blockquote>\n\n\n\n<blockquote class=\"wp-block-quote is-layout-flow wp-block-quote-is-layout-flow\">\n<p>N\u1ebfu b\u1ea1n mu\u1ed1n hi\u1ec3u t\u01b0 duy c\u1ee7a ai \u0111\u00f3, h\u00e3y l\u1eafng nghe l\u1eddi n\u00f3i c\u1ee7a anh ta &#8211; If you wish to know the mind of a man, listen to his words.<\/p>\n<cite><strong>&#8211; Johann Wolfgang von Goethe &#8211;<\/strong><\/cite><\/blockquote>\n\n\n\n<blockquote class=\"wp-block-quote is-layout-flow wp-block-quote-is-layout-flow\">\n<p>Quan tr\u1ecdng l\u00e0 ph\u1ea3i ch\u1eafc ch\u1eafn r\u1eb1ng ch\u00fang ta \u0111ang n\u00f3i chuy\u1ec7n v\u1edbi nhau theo c\u00e1ch h\u00e0n g\u1eafn, ch\u1ee9 kh\u00f4ng ph\u1ea3i theo c\u00e1ch g\u00e2y t\u1ed5n th\u01b0\u01a1ng &#8211; It\u2019s important to make sure that we\u2019re talking with each other in a way that heals, not in a way that wounds.<\/p>\n<cite><strong>&#8211; Barack Obama &#8211;<\/strong><\/cite><\/blockquote>\n<\/div>\n\n\n\n<div class=\"wp-block-column is-layout-flow wp-block-column-is-layout-flow\">\n<blockquote class=\"wp-block-quote is-layout-flow wp-block-quote-is-layout-flow\">\n<p>Khi b\u1ea1n ch\u1ecdn c\u00e1ch \u0111\u1ed1i x\u1eed v\u1edbi ng\u01b0\u1eddi kh\u00e1c d\u1ec5 ch\u1ecbu v\u00e0 t\u00edch c\u1ef1c, trong ph\u1ea7n l\u1edbn tr\u01b0\u1eddng h\u1ee3p b\u1ea1n c\u0169ng \u0111\u00e3 ch\u1ecdn c\u00e1ch \u0111\u1ed1i x\u1eed c\u1ee7a ng\u01b0\u1eddi kh\u00e1c v\u1edbi m\u00ecnh &#8211; When you choose to be pleasant and positive in the way you treat others, you have also chosen, in most cases, how you are going to be treated by others.<\/p>\n<cite><strong>&#8211; Zig Ziglar &#8211;<\/strong><\/cite><\/blockquote>\n\n\n\n<blockquote class=\"wp-block-quote is-layout-flow wp-block-quote-is-layout-flow\">\n<p>M\u1ed7i ph\u00fat b\u1ea1n gi\u1eadn d\u1eef, b\u1ea1n t\u1eeb b\u1ecf s\u00e1u m\u01b0\u01a1i gi\u00e2y thanh th\u1ea3n t\u00e2m h\u1ed3n &#8211; For every minute you remain angry, you give up sixty seconds of peace of mind.<\/p>\n<cite><strong>&#8211; Ralph Waldo Emerson &#8211;<\/strong><\/cite><\/blockquote>\n\n\n\n<blockquote class=\"wp-block-quote is-layout-flow wp-block-quote-is-layout-flow\">\n<p>C\u00e1ch c\u01b0 x\u1eed c\u1ea7n th\u1eddi gian, v\u00e0 kh\u00f4ng g\u00ec th\u00f4 t\u1ee5c h\u01a1n v\u1ed9i v\u00e3 &#8211; Manners require time, and nothing is more vulgar than haste.<\/p>\n<cite><strong>&#8211; Ralph Waldo Emerson &#8211;<\/strong><\/cite><\/blockquote>\n\n\n\n<blockquote class=\"wp-block-quote is-layout-flow wp-block-quote-is-layout-flow\">\n<p>Cho d\u00f9 b\u1ea1n l\u00e0 ai, v\u00e0 b\u1ea1n \u0111ang \u1edf \u0111\u00e2u, b\u1ea1n lu\u00f4n lu\u00f4n l\u00e0 ng\u01b0\u1eddi sai n\u1ebfu b\u1ea1n t\u1ecf ra th\u00f4 l\u1ed7 &#8211; Whoever one is, and wherever one is, one is always in the wrong if one is rude.<\/p>\n<cite><strong>&#8211; Maurice Baring &#8211;<\/strong><\/cite><\/blockquote>\n\n\n\n<blockquote class=\"wp-block-quote is-layout-flow wp-block-quote-is-layout-flow\">\n<p>Y\u00eau ng\u01b0\u1eddi, ng\u01b0\u1eddi y\u00eau l\u1ea1i; k\u00ednh ng\u01b0\u1eddi, ng\u01b0\u1eddi k\u00ednh l\u1ea1i<\/p>\n<cite><strong>&#8211; M\u1ea1nh T\u1eed &#8211;<\/strong><\/cite><\/blockquote>\n<\/div>\n<\/div>\n","protected":false},"excerpt":{"rendered":"<p>C\u00c1C CH\u1ee8NG NH\u1eacN, KI\u1ec2M \u0110\u1ecaNH QU\u1ed0C T\u1ebe T\u1ea0I TR\u01af\u1edcNG \u0110\u1ea0I H\u1eccC HOA SEN Tr\u01b0\u1eddng \u0110\u1ea1i h\u1ecdc Hoa Sen kh\u00f4ng ng\u1eebng kh\u1eb3ng \u0111\u1ecbnh v\u1ecb th\u1ebf v\u1edbi h\u00e0ng lo\u1ea1t ch\u1ee9ng nh\u1eadn v\u00e0 ki\u1ec3m \u0111\u1ecbnh qu\u1ed1c t\u1ebf danh gi\u00e1, \u0111\u1ea3m b\u1ea3o ch\u1ea5t l\u01b0\u1ee3ng gi\u1ea3ng d\u1ea1y v\u00e0 \u0111\u00e0o t\u1ea1o theo ti\u00eau chu\u1ea9n to\u00e0n c\u1ea7u: GI\u00c1 TR\u1eca C\u1ed0T L\u00d5I DANH NG\u00d4N GI\u00c1O D\u1ee4C V\u0102N H\u00d3A \u1ee8NG X\u1eec SINH VI\u00caN Y\u00eau m\u1ecdi ng\u01b0\u1eddi, tin v\u00e0i ng\u01b0\u1eddi v\u00e0 \u0111\u1eebng x\u00fac ph\u1ea1m \u0111\u1ebfn ai \u2013 Love all, trust a few, do wrong to none. \u0110\u1eebng bao gi\u1edd n\u00e9m b\u00f9n v\u00e0o ng\u01b0\u1eddi kh\u00e1c. B\u1ea1n c\u00f3 th\u1ec3 n\u00e9m tr\u1eadt v\u00e0&#8230;<\/p>\n","protected":false},"author":38,"featured_media":0,"parent":0,"menu_order":0,"comment_status":"closed","ping_status":"closed","template":"","meta":{"footnotes":""},"class_list":["post-7","page","type-page","status-publish","hentry"],"acf":[],"_links":{"self":[{"href":"https:\/\/www.hoasen.edu.vn\/so-tay-sinh-vien\/wp-json\/wp\/v2\/pages\/7","targetHints":{"allow":["GET"]}}],"collection":[{"href":"https:\/\/www.hoasen.edu.vn\/so-tay-sinh-vien\/wp-json\/wp\/v2\/pages"}],"about":[{"href":"https:\/\/www.hoasen.edu.vn\/so-tay-sinh-vien\/wp-json\/wp\/v2\/types\/page"}],"author":[{"embeddable":true,"href":"https:\/\/www.hoasen.edu.vn\/so-tay-sinh-vien\/wp-json\/wp\/v2\/users\/38"}],"replies":[{"embeddable":true,"href":"https:\/\/www.hoasen.edu.vn\/so-tay-sinh-vien\/wp-json\/wp\/v2\/comments?post=7"}],"version-history":[{"count":71,"href":"https:\/\/www.hoasen.edu.vn\/so-tay-sinh-vien\/wp-json\/wp\/v2\/pages\/7\/revisions"}],"predecessor-version":[{"id":3073,"href":"https:\/\/www.hoasen.edu.vn\/so-tay-sinh-vien\/wp-json\/wp\/v2\/pages\/7\/revisions\/3073"}],"wp:attachment":[{"href":"https:\/\/www.hoasen.edu.vn\/so-tay-sinh-vien\/wp-json\/wp\/v2\/media?parent=7"}],"curies":[{"name":"wp","href":"https:\/\/api.w.org\/{rel}","templated":true}]}}