{"id":534,"date":"2022-08-04T07:47:48","date_gmt":"2022-08-04T07:47:48","guid":{"rendered":"https:\/\/www.hoasen.edu.vn\/so-tay-sinh-vien\/?page_id=534"},"modified":"2026-01-14T06:59:52","modified_gmt":"2026-01-14T06:59:52","slug":"quy-che-sinh-vien","status":"publish","type":"page","link":"https:\/\/www.hoasen.edu.vn\/so-tay-sinh-vien\/quy-che-sinh-vien\/","title":{"rendered":"QUY CH\u1ebe &#8211; QUY \u0110\u1ecaNH"},"content":{"rendered":"\t\t<div class=\"vc-card--product\">\r\n\t\t\t\t\t\t\t<div class=\"vc-card__item h-auto d-block\">\r\n\t\t\t\t\t<div class=\"row\">\r\n\t\t\t\t\t\t<div class=\"col-12 col-md-6 col-lg-4 col-xl-4 col-xxl-4\">\r\n\t\t\t\t\t\t\t\t\t\t\t\t\t\t\t<div class=\"vc-card__avatar d-inline-block position-relative\">\r\n\t\t\t\t\t\t\t\t\t<img decoding=\"async\" class=\"position-absolute\" src=\"https:\/\/www.hoasen.edu.vn\/so-tay-sinh-vien\/wp-content\/uploads\/sites\/46\/2025\/10\/Slide-CTSV.jpg\" alt=\"\">\r\n\t\t\t\t\t\t\t\t<\/div>\r\n\t\t\t\t\t\t\t\t\t\t\t\t\t<\/div>\r\n\t\t\t\t\t\t<div class=\"col-12 col-md-6 col-lg-8 col-xl-8 col-xxl-8\">\r\n\t\t\t\t\t\t\t<div class=\"vc-card__info\">\r\n\t\t\t\t\t\t\t\t\t\t\t\t\t\t\t\t<nav class=\"vc-card__link\">\r\n\t\t\t\t\t\t\t\t\t<div class=\"row\">\r\n\t\t\t\t\t\t\t\t\t\t\t\t\t\t\t\t\t\t\t\t\t<div class=\"vc-card__col col-12 col-md-12 col-lg-6 col-xl-6 col-xxl-6\">\r\n\t\t\t\t\t\t\t\t\t\t\t\t\t\t\t\t\t\t\t\t\t\t\t\t<a href=\"https:\/\/drive.google.com\/file\/d\/1hDbZzU7R6B84SV2nJHVUy80w66cuiR4V\/view?usp=sharing\" target=\"_self\" rel=\"noopener\">Quy ch\u1ebf ng\u01b0\u1eddi h\u1ecdc<\/a>\r\n\t\t\t\t\t\t\t\t\t\t\t<\/div>\r\n\t\t\t\t\t\t\t\t\t\t\t\t\t\t\t\t\t\t\t\t\t<div class=\"vc-card__col col-12 col-md-12 col-lg-6 col-xl-6 col-xxl-6\">\r\n\t\t\t\t\t\t\t\t\t\t\t\t\t\t\t\t\t\t\t\t\t\t\t\t<a href=\"https:\/\/www.hoasen.edu.vn\/so-tay-sinh-vien\/quyen-va-nghia-vu-cua-sinh-vien-nhung-dieu-sinh-vien-khong-nen-lam\/\" target=\"_self\">Tr\u00e1ch nhi\u1ec7m v\u00e0 quy\u1ec1n l\u1ee3i c\u1ee7a ng\u01b0\u1eddi h\u1ecdc<\/a>\r\n\t\t\t\t\t\t\t\t\t\t\t<\/div>\r\n\t\t\t\t\t\t\t\t\t\t\t\t\t\t\t\t\t\t\t\t\t<div class=\"vc-card__col col-12 col-md-12 col-lg-6 col-xl-6 col-xxl-6\">\r\n\t\t\t\t\t\t\t\t\t\t\t\t\t\t\t\t\t\t\t\t\t\t\t\t<a href=\"https:\/\/www.hoasen.edu.vn\/so-tay-sinh-vien\/khen-thuong-ky-luat\/\" target=\"_self\">Khen th\u01b0\u1edfng &#8211; K\u1ef7 lu\u1eadt<\/a>\r\n\t\t\t\t\t\t\t\t\t\t\t<\/div>\r\n\t\t\t\t\t\t\t\t\t\t\t\t\t\t\t\t\t\t\t\t\t<div class=\"vc-card__col col-12 col-md-12 col-lg-6 col-xl-6 col-xxl-6\">\r\n\t\t\t\t\t\t\t\t\t\t\t\t\t\t\t\t\t\t\t\t\t\t\t\t<a href=\"https:\/\/drive.google.com\/file\/d\/17hcl7_8zKD_J2z0gzC6Ant6i72qDMn5R\/view?usp=sharing\" target=\"_self\" rel=\"noopener\">Quy ch\u1ebf \u0111\u00e1nh gi\u00e1 k\u1ebft qu\u1ea3 r\u00e8n luy\u1ec7n<\/a>\r\n\t\t\t\t\t\t\t\t\t\t\t<\/div>\r\n\t\t\t\t\t\t\t\t\t\t\t\t\t\t\t\t\t\t\t\t\t<div class=\"vc-card__col col-12 col-md-12 col-lg-6 col-xl-6 col-xxl-6\">\r\n\t\t\t\t\t\t\t\t\t\t\t\t\t\t\t\t\t\t\t\t\t\t\t\t<a href=\"https:\/\/drive.google.com\/file\/d\/1pqMvpvq2SQke5o4Z_6QN4zJ5yMlcOG_a\/view?usp=sharing\" target=\"_self\" rel=\"noopener\">Quy ch\u1ebf h\u1ecdc b\u1ed5ng<\/a>\r\n\t\t\t\t\t\t\t\t\t\t\t<\/div>\r\n\t\t\t\t\t\t\t\t\t\t\t\t\t\t\t\t\t\t\t\t\t<div class=\"vc-card__col col-12 col-md-12 col-lg-6 col-xl-6 col-xxl-6\">\r\n\t\t\t\t\t\t\t\t\t\t\t\t\t\t\t\t\t\t\t\t\t\t\t\t<a href=\"https:\/\/drive.google.com\/file\/d\/1_Kb0AvWhSEZBBcWwPD3GdmDZYRASR5K1\/view?usp=sharing\" target=\"_self\" rel=\"noopener\">Quy \u0111\u1ecbnh t\u1ed5 ch\u1ee9c ch\u01b0\u01a1ng tr\u00ecnh Field trip<\/a>\r\n\t\t\t\t\t\t\t\t\t\t\t<\/div>\r\n\t\t\t\t\t\t\t\t\t\t\t\t\t\t\t\t\t\t\t\t\t<div class=\"vc-card__col col-12 col-md-12 col-lg-6 col-xl-6 col-xxl-6\">\r\n\t\t\t\t\t\t\t\t\t\t\t\t\t\t\t\t\t\t\t\t\t\t\t\t<a href=\"https:\/\/drive.google.com\/file\/d\/1LkBlnNnCjYqbLguSpe-vsGG_p5Y9KfUU\/view?usp=sharing\" target=\"_self\" rel=\"noopener\">Quy \u0111\u1ecbnh s\u1eed d\u1ee5ng th\u01b0 vi\u1ec7n<\/a>\r\n\t\t\t\t\t\t\t\t\t\t\t<\/div>\r\n\t\t\t\t\t\t\t\t\t\t\t\t\t\t\t\t\t\t\t\t\t<div class=\"vc-card__col col-12 col-md-12 col-lg-6 col-xl-6 col-xxl-6\">\r\n\t\t\t\t\t\t\t\t\t\t\t\t\t\t\t\t\t\t\t\t\t\t\t\t<a href=\"https:\/\/drive.google.com\/file\/d\/1b6eKydFHZJwTsRDSo-G75O5Qk7YefyrY\/view?usp=sharing\" target=\"_self\" rel=\"noopener\">Quy \u0111\u1ecbnh c\u1ea5p v\u00e0 s\u1eed d\u1ee5ng th\u1ebb sinh vi\u00ean<\/a>\r\n\t\t\t\t\t\t\t\t\t\t\t<\/div>\r\n\t\t\t\t\t\t\t\t\t\t\t\t\t\t\t\t\t\t\t\t\t<div class=\"vc-card__col col-12 col-md-12 col-lg-6 col-xl-6 col-xxl-6\">\r\n\t\t\t\t\t\t\t\t\t\t\t\t\t\t\t\t\t\t\t\t\t\t\t\t<a href=\"https:\/\/drive.google.com\/file\/d\/1_dGPrQ6GsqdBzpPxZVWCQ5E3axiQMQnJ\/view?usp=sharing\" target=\"_self\" rel=\"noopener\">Quy \u0111\u1ecbnh c\u1ea5p gi\u1ea5y x\u00e1c nh\u1eadn cho sinh vi\u00ean<\/a>\r\n\t\t\t\t\t\t\t\t\t\t\t<\/div>\r\n\t\t\t\t\t\t\t\t\t\t\t\t\t\t\t\t\t\t\t\t\t<div class=\"vc-card__col col-12 col-md-12 col-lg-6 col-xl-6 col-xxl-6\">\r\n\t\t\t\t\t\t\t\t\t\t\t\t\t\t\t\t\t\t\t\t\t\t\t\t<a href=\"https:\/\/drive.google.com\/file\/d\/12meiewgkmtmGbcwI14vSdMVkkk4qmJe1\/view?usp=sharing\" target=\"_self\" rel=\"noopener\">Quy tr\u00ecnh h\u1ed7 tr\u1ee3 sinh vi\u00ean tr\u01b0\u1edbc HK th\u1ef1c t\u1eadp<\/a>\r\n\t\t\t\t\t\t\t\t\t\t\t<\/div>\r\n\t\t\t\t\t\t\t\t\t\t\t\t\t\t\t\t\t\t\t<\/div>\r\n\t\t\t\t\t\t\t\t<\/nav>\r\n\t\t\t\t\t\t\t<\/div>\r\n\t\t\t\t\t\t<\/div>\r\n\t\t\t\t\t<\/div>\r\n\t\t\t\t<\/div>\r\n\t\t\t\t\t\t\t<div class=\"vc-card__item h-auto d-block\">\r\n\t\t\t\t\t<div class=\"row\">\r\n\t\t\t\t\t\t<div class=\"col-12 col-md-6 col-lg-4 col-xl-4 col-xxl-4\">\r\n\t\t\t\t\t\t\t\t\t\t\t\t\t\t\t<div class=\"vc-card__avatar d-inline-block position-relative\">\r\n\t\t\t\t\t\t\t\t\t<img decoding=\"async\" class=\"position-absolute\" src=\"https:\/\/www.hoasen.edu.vn\/so-tay-sinh-vien\/wp-content\/uploads\/sites\/46\/2025\/10\/Slide-HV-HP.jpg\" alt=\"\">\r\n\t\t\t\t\t\t\t\t<\/div>\r\n\t\t\t\t\t\t\t\t\t\t\t\t\t<\/div>\r\n\t\t\t\t\t\t<div class=\"col-12 col-md-6 col-lg-8 col-xl-8 col-xxl-8\">\r\n\t\t\t\t\t\t\t<div class=\"vc-card__info\">\r\n\t\t\t\t\t\t\t\t\t\t\t\t\t\t\t\t<nav class=\"vc-card__link\">\r\n\t\t\t\t\t\t\t\t\t<div class=\"row\">\r\n\t\t\t\t\t\t\t\t\t\t\t\t\t\t\t\t\t\t\t\t\t<div class=\"vc-card__col col-12 col-md-12 col-lg-6 col-xl-6 col-xxl-6\">\r\n\t\t\t\t\t\t\t\t\t\t\t\t\t\t\t\t\t\t\t\t\t\t\t\t<a href=\"https:\/\/drive.google.com\/file\/d\/1itH30sl2LwGzGkSgiPovm7HwU0CxttOg\/view\" target=\"_self\" rel=\"noopener\">Quy ch\u1ebf Gi\u1ea3ng vi\u00ean ph\u1ee5 tr\u00e1ch l\u1edbp ng\u00e0nh<\/a>\r\n\t\t\t\t\t\t\t\t\t\t\t<\/div>\r\n\t\t\t\t\t\t\t\t\t\t\t\t\t\t\t\t\t\t\t\t\t<div class=\"vc-card__col col-12 col-md-12 col-lg-6 col-xl-6 col-xxl-6\">\r\n\t\t\t\t\t\t\t\t\t\t\t\t\t\t\t\t\t\t\t\t\t\t\t\t<a href=\"https:\/\/drive.google.com\/file\/d\/1qfrX9oFKwCLYhkSWDwtDme4lX98E0RcI\/view\" target=\"_self\" rel=\"noopener\">Quy ch\u1ebf \u0111\u00e0o t\u1ea1o Kh\u00f3a 2025 tr\u1edf \u0111i <\/a>\r\n\t\t\t\t\t\t\t\t\t\t\t<\/div>\r\n\t\t\t\t\t\t\t\t\t\t\t\t\t\t\t\t\t\t\t\t\t<div class=\"vc-card__col col-12 col-md-12 col-lg-6 col-xl-6 col-xxl-6\">\r\n\t\t\t\t\t\t\t\t\t\t\t\t\t\t\t\t\t\t\t\t\t\t\t\t<a href=\"https:\/\/drive.google.com\/file\/d\/1XMMdYmuSkhgllfQTCnydTwDyJsgHnXdE\/view\" target=\"_self\" rel=\"noopener\">Quy ch\u1ebf \u0111\u00e0o t\u1ea1o Kh\u00f3a 2023 tr\u1edf \u0111i <\/a>\r\n\t\t\t\t\t\t\t\t\t\t\t<\/div>\r\n\t\t\t\t\t\t\t\t\t\t\t\t\t\t\t\t\t\t\t\t\t<div class=\"vc-card__col col-12 col-md-12 col-lg-6 col-xl-6 col-xxl-6\">\r\n\t\t\t\t\t\t\t\t\t\t\t\t\t\t\t\t\t\t\t\t\t\t\t\t<a href=\"https:\/\/www.hoasen.edu.vn\/dtdh\/wp-content\/uploads\/sites\/28\/2022\/04\/QC-02.-Quy-che-dao-tao-trinh-do-dai-hoc-Khoa-2021-tro-di-QD-so-2568-ngay-13.12.2021.pdf\" target=\"_self\">Quy ch\u1ebf \u0111\u00e0o t\u1ea1o Kh\u00f3a 2021 tr\u1edf \u0111i<\/a>\r\n\t\t\t\t\t\t\t\t\t\t\t<\/div>\r\n\t\t\t\t\t\t\t\t\t\t\t\t\t\t\t\t\t\t\t\t\t<div class=\"vc-card__col col-12 col-md-12 col-lg-6 col-xl-6 col-xxl-6\">\r\n\t\t\t\t\t\t\t\t\t\t\t\t\t\t\t\t\t\t\t\t\t\t\t\t<a href=\"https:\/\/drive.google.com\/file\/d\/1tdVjCp4n8joA0EYtoM74cH-ruWQGskC4\/view\" target=\"_self\" rel=\"noopener\">Quy ch\u1ebf t\u1ed5 ch\u1ee9c thi v\u00e0 Qu\u1ea3n l\u00fd \u0111i\u1ec3m<\/a>\r\n\t\t\t\t\t\t\t\t\t\t\t<\/div>\r\n\t\t\t\t\t\t\t\t\t\t\t\t\t\t\t\t\t\t\t\t\t<div class=\"vc-card__col col-12 col-md-12 col-lg-6 col-xl-6 col-xxl-6\">\r\n\t\t\t\t\t\t\t\t\t\t\t\t\t\t\t\t\t\t\t\t\t\t\t\t<a href=\"https:\/\/drive.google.com\/file\/d\/1sQwX-Pox99s3wx6u1Mn1GRyQdI7vGzr5\/view?usp=sharing\" target=\"_self\" rel=\"noopener\">Quy \u0111\u1ecbnh v\u1ec1 li\u00eam ch\u00ednh h\u1ecdc thu\u1eadt<\/a>\r\n\t\t\t\t\t\t\t\t\t\t\t<\/div>\r\n\t\t\t\t\t\t\t\t\t\t\t\t\t\t\t\t\t\t\t\t\t<div class=\"vc-card__col col-12 col-md-12 col-lg-6 col-xl-6 col-xxl-6\">\r\n\t\t\t\t\t\t\t\t\t\t\t\t\t\t\t\t\t\t\t\t\t\t\t\t<a href=\"https:\/\/drive.google.com\/file\/d\/1tdf_rNWFTi82OhKhvoi6Jd1xiMDFt977\/view?usp=sharing\" target=\"_self\" rel=\"noopener\">Quy \u0111\u1ecbnh c\u00f4ng nh\u1eadn ho\u00e0n th\u00e0nh TTNT\/TTNN d\u01b0\u1edbi h\u00ecnh th\u1ee9c t\u00edch l\u0169y<\/a>\r\n\t\t\t\t\t\t\t\t\t\t\t<\/div>\r\n\t\t\t\t\t\t\t\t\t\t\t\t\t\t\t\t\t\t\t\t\t<div class=\"vc-card__col col-12 col-md-12 col-lg-6 col-xl-6 col-xxl-6\">\r\n\t\t\t\t\t\t\t\t\t\t\t\t\t\t\t\t\t\t\t\t\t\t\t\t<a href=\"https:\/\/www.hoasen.edu.vn\/dtdh\/wp-content\/uploads\/sites\/28\/2022\/06\/QD-1032-ngay-24.05.2022-Ban-hanh-Quy-dinh-hoc-Giao-duc-quoc-phong-an-ninh.pdf\" target=\"_self\">Quy \u0111\u1ecbnh h\u1ecdc Gi\u00e1o d\u1ee5c Qu\u1ed1c ph\u00f2ng An ninh<\/a>\r\n\t\t\t\t\t\t\t\t\t\t\t<\/div>\r\n\t\t\t\t\t\t\t\t\t\t\t\t\t\t\t\t\t\t\t\t\t<div class=\"vc-card__col col-12 col-md-12 col-lg-6 col-xl-6 col-xxl-6\">\r\n\t\t\t\t\t\t\t\t\t\t\t\t\t\t\t\t\t\t\t\t\t\t\t\t<a href=\"https:\/\/www.hoasen.edu.vn\/dtdh\/wp-content\/uploads\/sites\/28\/2023\/02\/Quy-dinh-ve-viec-cap-bang-diem-cho-sinh-vien_QD_114_QD-DHHS_17.01.2023.pdf\" target=\"_self\">Quy \u0111\u1ecbnh v\u1ec1 vi\u1ec7c c\u1ea5p b\u1ea3ng \u0111i\u1ec3m cho sinh vi\u00ean<\/a>\r\n\t\t\t\t\t\t\t\t\t\t\t<\/div>\r\n\t\t\t\t\t\t\t\t\t\t\t\t\t\t\t\t\t\t\t\t\t<div class=\"vc-card__col col-12 col-md-12 col-lg-6 col-xl-6 col-xxl-6\">\r\n\t\t\t\t\t\t\t\t\t\t\t\t\t\t\t\t\t\t\t\t\t\t\t\t<a href=\"https:\/\/www.hoasen.edu.vn\/dtdh\/wp-content\/uploads\/sites\/28\/2023\/09\/Quy_dinh_diem_danh_tham_du_lop_hoc.pdf\" target=\"_self\">Quy \u0111\u1ecbnh \u0111i\u1ec3m danh tham d\u1ef1 l\u1edbp h\u1ecdc<\/a>\r\n\t\t\t\t\t\t\t\t\t\t\t<\/div>\r\n\t\t\t\t\t\t\t\t\t\t\t\t\t\t\t\t\t\t\t\t\t<div class=\"vc-card__col col-12 col-md-12 col-lg-6 col-xl-6 col-xxl-6\">\r\n\t\t\t\t\t\t\t\t\t\t\t\t\t\t\t\t\t\t\t\t\t\t\t\t<a href=\"https:\/\/www.hoasen.edu.vn\/dtdh\/wp-content\/uploads\/sites\/28\/2023\/02\/Quy-dinh-khen-thuong-sinh-vien-dat-ket-qua-tot-nghiep-cao_QD-388_24.02.2023.pdf\" target=\"_self\">Quy \u0111\u1ecbnh khen th\u01b0\u1edfng SV \u0111\u1ea1t k\u1ebft qu\u1ea3 t\u1ed1t nghi\u1ec7p cao<\/a>\r\n\t\t\t\t\t\t\t\t\t\t\t<\/div>\r\n\t\t\t\t\t\t\t\t\t\t\t\t\t\t\t\t\t\t\t\t\t<div class=\"vc-card__col col-12 col-md-12 col-lg-6 col-xl-6 col-xxl-6\">\r\n\t\t\t\t\t\t\t\t\t\t\t\t\t\t\t\t\t\t\t\t\t\t\t\t<a href=\"https:\/\/drive.google.com\/file\/d\/1GixBGS2GxY5rffNc0G77N1dwLM9mz5FV\/view?usp=sharing\" target=\"_self\" rel=\"noopener\">Quy \u0111\u1ecbnh v\u1ec1 h\u1ecdc ph\u00ed<\/a>\r\n\t\t\t\t\t\t\t\t\t\t\t<\/div>\r\n\t\t\t\t\t\t\t\t\t\t\t\t\t\t\t\t\t\t\t<\/div>\r\n\t\t\t\t\t\t\t\t<\/nav>\r\n\t\t\t\t\t\t\t<\/div>\r\n\t\t\t\t\t\t<\/div>\r\n\t\t\t\t\t<\/div>\r\n\t\t\t\t<\/div>\r\n\t\t\t\t\t<\/div>\r\n\t\t","protected":false},"excerpt":{"rendered":"","protected":false},"author":38,"featured_media":0,"parent":0,"menu_order":0,"comment_status":"closed","ping_status":"closed","template":"","meta":{"footnotes":""},"class_list":["post-534","page","type-page","status-publish","hentry"],"acf":[],"_links":{"self":[{"href":"https:\/\/www.hoasen.edu.vn\/so-tay-sinh-vien\/wp-json\/wp\/v2\/pages\/534","targetHints":{"allow":["GET"]}}],"collection":[{"href":"https:\/\/www.hoasen.edu.vn\/so-tay-sinh-vien\/wp-json\/wp\/v2\/pages"}],"about":[{"href":"https:\/\/www.hoasen.edu.vn\/so-tay-sinh-vien\/wp-json\/wp\/v2\/types\/page"}],"author":[{"embeddable":true,"href":"https:\/\/www.hoasen.edu.vn\/so-tay-sinh-vien\/wp-json\/wp\/v2\/users\/38"}],"replies":[{"embeddable":true,"href":"https:\/\/www.hoasen.edu.vn\/so-tay-sinh-vien\/wp-json\/wp\/v2\/comments?post=534"}],"version-history":[{"count":112,"href":"https:\/\/www.hoasen.edu.vn\/so-tay-sinh-vien\/wp-json\/wp\/v2\/pages\/534\/revisions"}],"predecessor-version":[{"id":3247,"href":"https:\/\/www.hoasen.edu.vn\/so-tay-sinh-vien\/wp-json\/wp\/v2\/pages\/534\/revisions\/3247"}],"wp:attachment":[{"href":"https:\/\/www.hoasen.edu.vn\/so-tay-sinh-vien\/wp-json\/wp\/v2\/media?parent=534"}],"curies":[{"name":"wp","href":"https:\/\/api.w.org\/{rel}","templated":true}]}}