{"id":532,"date":"2022-08-04T07:47:22","date_gmt":"2022-08-04T07:47:22","guid":{"rendered":"https:\/\/www.hoasen.edu.vn\/so-tay-sinh-vien\/?page_id=532"},"modified":"2025-09-16T10:47:01","modified_gmt":"2025-09-16T10:47:01","slug":"hoc-vu","status":"publish","type":"page","link":"https:\/\/www.hoasen.edu.vn\/so-tay-sinh-vien\/hoc-vu\/","title":{"rendered":"H\u1ecdc v\u1ee5"},"content":{"rendered":"\n<h2 class=\"wp-block-heading\" style=\"font-size:20px\">\u0110i\u1ec3m danh sinh vi\u00ean<\/h2>\n\n\n\n<p>T\u1ea1i Hoa Sen, \u0111i\u1ec3m danh sinh vi\u00ean l\u00e0 m\u1ed9t trong nh\u1eefng c\u00f4ng t\u00e1c quan tr\u1ecdng gi\u00fap gi\u1ea3ng vi\u00ean c\u00f3 th\u1ec3 \u0111\u00e1nh gi\u00e1 t\u00e1c phong v\u00e0 th\u00e1i \u0111\u1ed9 h\u1ecdc t\u1eadp c\u1ee7a sinh vi\u00ean. Tr\u01b0\u1eddng kh\u00f4ng cho ph\u00e9p sinh vi\u00ean v\u1eafng bu\u1ed5i h\u1ecdc, trong tr\u01b0\u1eddng h\u1ee3p b\u1ea5t kh\u1ea3 kh\u00e1ng (\u0111au \u1ed1m, b\u1ec7nh t\u1eadt, ma chay, hi\u1ebfu h\u1ef7), sinh vi\u00ean ch\u1ec9 \u0111\u01b0\u1ee3c ph\u00e9p v\u1eafng h\u1ecdc \u0111\u1ebfn 30%, n\u1ebfu v\u1eafng tr\u00ean 30% sinh vi\u00ean s\u1ebd b\u1ecb c\u1ea5m thi cu\u1ed1i k\u1ef3. C\u00e1c b\u01b0\u1edbc \u0111i\u1ec3m danh sinh vi\u00ean (\u00e1p d\u1ee5ng \u0111\u1ed1i v\u1edbi tr\u01b0\u1eddng h\u1ee3p gi\u1ea3ng vi\u00ean y\u00eau c\u1ea7u sinh vi\u00ean t\u1ef1 \u0111i\u1ec3m danh online):<\/p>\n\n\n\n<p><strong>B\u01b0\u1edbc 1: \u0110\u0103ng nh\u1eadp wifi HSU_Students<\/strong><\/p>\n\n\n\n<ul class=\"wp-block-list\">\n<li>\u0110\u1ec3 \u0111i\u1ec3m danh th\u00e0nh c\u00f4ng tr\u00ean app Hoa Sen, c\u00e1c b\u1ea1n SV ph\u1ea3i \u0111\u0103ng nh\u1eadp v\u00e0o wifi HSU_Students c\u1ee7a Tr\u01b0\u1eddng.<\/li>\n<\/ul>\n\n\n\n<p><strong>B\u01b0\u1edbc 2: Ti\u1ebfn h\u00e0nh \u0111i\u1ec3m danh<\/strong><\/p>\n\n\n\n<ul class=\"wp-block-list\">\n<li>Sau khi \u0111\u0103ng nh\u1eadp v\u00e0o wifi c\u1ee7a Tr\u01b0\u1eddng, sinh vi\u00ean truy c\u1eadp v\u00e0o app Hoa Sen, sau \u0111\u00f3 ch\u1ecdn m\u1ee5c \u0110i\u1ec3m danh v\u00e0 ho\u00e0n t\u1ea5t vi\u1ec7c \u0111i\u1ec3m danh. Nh\u1eefng th\u00f4ng tin nh\u01b0 t\u00ean, m\u00e3 sinh vi\u00ean, h\u1ecdc k\u1ef3, l\u1edbp, ng\u00e0y h\u1ecdc, th\u1eddi gian s\u1ebd \u0111\u01b0\u1ee3c hi\u1ec7n ra sau khi sinh vi\u00ean \u0111i\u1ec3m danh th\u00e0nh c\u00f4ng v\u00e0 t\u00ean c\u1ee7a sinh vi\u00ean s\u1ebd \u0111\u01b0\u1ee3c c\u1eadp nh\u1eadt tr\u00ean h\u1ec7 th\u1ed1ng c\u1ee7a gi\u1ea3ng vi\u00ean.<\/li>\n\n\n\n<li>Sau khi \u0111i\u1ec3m danh, sinh vi\u00ean c\u1ea7n ki\u1ec3m tra l\u1ea1i d\u1eef li\u1ec7u \u0111i\u1ec3m danh, trong tr\u01b0\u1eddng h\u1ee3p App Hoa Sen ch\u01b0a ghi nh\u1eadn, sinh vi\u00ean th\u00f4ng b\u00e1o \u0111\u1ebfn gi\u1ea3ng vi\u00ean ngay t\u1ea1i bu\u1ed5i h\u1ecdc \u0111\u1ec3 c\u1eadp nh\u1eadt \u0111i\u1ec3m danh.<\/li>\n<\/ul>\n\n\n\n<h2 class=\"wp-block-heading\" style=\"font-size:20px\">Chuy\u1ec3n ng\u00e0nh h\u1ecdc<\/h2>\n\n\n\n<p>Sinh vi\u00ean c\u00f3 nguy\u1ec7n v\u1ecdng chuy\u1ec3n ng\u00e0nh h\u1ecdc \u0111\u01b0\u1ee3c xem x\u00e9t chuy\u1ec3n sang ng\u00e0nh kh\u00e1c c\u00f9ng kh\u00f3a h\u1ecdc ph\u1ea3i th\u1ecfa c\u00e1c \u0111i\u1ec1u ki\u1ec7n sau:<\/p>\n\n\n\n<ul class=\"wp-block-list\">\n<li>Kh\u00f4ng thu\u1ed9c di\u1ec7n bu\u1ed9c th\u00f4i h\u1ecdc, c\u00f2n trong th\u1eddi h\u1ea1n h\u1ecdc t\u1eadp t\u1ea1i Tr\u01b0\u1eddng.<\/li>\n\n\n\n<li>\u0110\u01b0\u1ee3c chuy\u1ec3n ng\u00e0nh m\u1ed9t l\u1ea7n trong kh\u00f3a h\u1ecdc khi kh\u00f4ng l\u00e0 sinh vi\u00ean tr\u00ecnh \u0111\u1ed9 n\u0103m th\u1ee9 nh\u1ea5t ho\u1eb7c n\u0103m th\u1ee9 t\u01b0 theo Quy ch\u1ebf \u0111\u00e0o t\u1ea1o.<\/li>\n\n\n\n<li>Sinh vi\u00ean \u0111\u1ea1t \u0111i\u1ec1u ki\u1ec7n tr\u00fang tuy\u1ec3n c\u1ee7a ch\u01b0\u01a1ng tr\u00ecnh, ng\u00e0nh chuy\u1ec3n \u0111\u1ebfn c\u00f9ng kh\u00f3a tuy\u1ec3n sinh.<\/li>\n\n\n\n<li>Vi\u1ec7c chuy\u1ec3n ng\u00e0nh c\u1ee7a sinh vi\u00ean kh\u00f4ng g\u00e2y \u1ea3nh h\u01b0\u1edfng \u0111\u1ebfn vi\u1ec7c t\u1ed5 ch\u1ee9c l\u1edbp ng\u00e0nh\/l\u1edbp chuy\u00ean ng\u00e0nh chuy\u1ec3n \u0111i, chuy\u1ec3n \u0111\u1ebfn.<\/li>\n\n\n\n<li>\u0110\u01b0\u1ee3c s\u1ef1 ch\u1ea5p thu\u1eadn c\u1ee7a l\u00e3nh \u0111\u1ea1o khoa v\u00e0 ch\u01b0\u01a1ng tr\u00ecnh c\u1ee7a ng\u00e0nh h\u1ecdc \u0111\u1ec1 ngh\u1ecb chuy\u1ec3n \u0111i v\u00e0 chuy\u1ec3n \u0111\u1ebfn.<\/li>\n\n\n\n<li>Khi \u0111\u01b0\u1ee3c ch\u1ea5p thu\u1eadn chuy\u1ec3n \u0111\u1ebfn ng\u00e0nh h\u1ecdc m\u1edbi, sinh vi\u00ean \u0111\u01b0\u1ee3c x\u00e9t c\u00f4ng nh\u1eadn \u0111i\u1ec3m c\u00e1c h\u1ecdc ph\u1ea7n \u0111\u00e3 h\u1ecdc c\u00f3 n\u1ed9i dung, kh\u1ed1i l\u01b0\u1ee3ng ki\u1ebfn th\u1ee9c t\u01b0\u01a1ng \u0111\u01b0\u01a1ng. Sinh vi\u00ean ph\u1ea3i l\u1eadp k\u1ebf ho\u1ea1ch h\u1ecdc t\u1eadp c\u00e1 nh\u00e2n cho ng\u00e0nh h\u1ecdc m\u1edbi v\u00e0 ph\u1ea3i ho\u00e0n th\u00e0nh kh\u1ed1i l\u01b0\u1ee3ng ki\u1ebfn th\u1ee9c quy \u0111\u1ecbnh trong ch\u01b0\u01a1ng tr\u00ecnh \u0111\u00e0o t\u1ea1o ng\u00e0nh m\u1edbi chuy\u1ec3n \u0111\u1ebfn.<\/li>\n\n\n\n<li>Th\u1eddi gian t\u1ed1i \u0111a sinh vi\u00ean \u0111\u01b0\u1ee3c ph\u00e9p h\u1ecdc ng\u00e0nh m\u1edbi l\u00e0 th\u1eddi gian t\u1ed1i \u0111a quy \u0111\u1ecbnh cho ng\u00e0nh h\u1ecdc \u0111\u1ea7u ti\u00ean.<\/li>\n<\/ul>\n\n\n\n<h2 class=\"wp-block-heading\" style=\"font-size:20px\">NGH\u1ec8 H\u1eccC T\u1ea0M TH\u1edcI<\/h2>\n\n\n\n<p>Ngh\u1ec9 h\u1ecdc t\u1ea1m th\u1eddi l\u00e0 vi\u1ec7c sinh vi\u00ean ng\u1eebng tham gia c\u00e1c ho\u1ea1t \u0111\u1ed9ng h\u1ecdc t\u1eadp t\u1ea1i Tr\u01b0\u1eddng trong m\u1ed9t kho\u1ea3ng th\u1eddi gian nh\u1ea5t \u0111\u1ecbnh, kh\u00f4ng ph\u1ea3i l\u00e0 ngh\u1ec9 h\u1ecdc v\u0129nh vi\u1ec5n.<\/p>\n\n\n\n<p>Sinh vi\u00ean \u0111\u01b0\u1ee3c ph\u00e9p ngh\u1ec9 h\u1ecdc t\u1ea1m th\u1eddi v\u00e0 b\u1ea3o l\u01b0u k\u1ebft qu\u1ea3 \u0111\u00e3 h\u1ecdc trong c\u00e1c tr\u01b0\u1eddng h\u1ee3p sau \u0111\u00e2y:<\/p>\n\n\n\n<ul class=\"wp-block-list\">\n<li>\u0110\u01b0\u1ee3c \u0111i\u1ec1u \u0111\u1ed9ng v\u00e0o l\u1ef1c l\u01b0\u1ee3ng v\u0169 trang.<\/li>\n\n\n\n<li>\u0110\u01b0\u1ee3c c\u01a1 quan c\u00f3 th\u1ea9m quy\u1ec1n \u0111i\u1ec1u \u0111\u1ed9ng, \u0111\u1ea1i di\u1ec7n qu\u1ed1c gia tham d\u1ef1 c\u00e1c k\u1ef3 thi, gi\u1ea3i \u0111\u1ea5u qu\u1ed1c t\u1ebf.<\/li>\n\n\n\n<li>\u1ed0m \u0111au, thai s\u1ea3n ho\u1eb7c tai n\u1ea1n ph\u1ea3i \u0111i\u1ec1u tr\u1ecb th\u1eddi gian d\u00e0i c\u00f3 ch\u1ee9ng nh\u1eadn c\u1ee7a c\u01a1 s\u1edf kh\u00e1m b\u1ec7nh, ch\u1eefa b\u1ec7nh c\u00f3 th\u1ea9m quy\u1ec1n theo quy \u0111\u1ecbnh c\u1ee7a B\u1ed9 Y t\u1ebf.<\/li>\n\n\n\n<li>V\u00ec nhu c\u1ea7u c\u00e1 nh\u00e2n. Trong tr\u01b0\u1eddng h\u1ee3p n\u00e0y, sinh vi\u00ean ph\u1ea3i h\u1ecdc \u00edt nh\u1ea5t m\u1ed9t h\u1ecdc k\u1ef3 t\u1ea1i Tr\u01b0\u1eddng v\u00e0 kh\u00f4ng thu\u1ed9c di\u1ec7n xem x\u00e9t bu\u1ed9c th\u00f4i h\u1ecdc.<\/li>\n\n\n\n<li>Th\u1eddi gian ngh\u1ec9 h\u1ecdc t\u1ea1m th\u1eddi v\u00ec nhu c\u1ea7u c\u00e1 nh\u00e2n \u0111\u01b0\u1ee3c t\u00ednh v\u00e0o th\u1eddi gian h\u1ecdc ch\u00ednh th\u1ee9c; \u0111\u1ed1i v\u1edbi c\u00e1c tr\u01b0\u1eddng h\u1ee3p c\u00f2n l\u1ea1i, th\u1eddi gian ngh\u1ec9 h\u1ecdc t\u1ea1m th\u1eddi s\u1ebd kh\u00f4ng t\u00ednh v\u00e0o th\u1eddi gian h\u1ecdc ch\u00ednh th\u1ee9c.<\/li>\n\n\n\n<li>Th\u1eddi gian cho m\u1ed9t l\u1ea7n ngh\u1ec9 h\u1ecdc t\u1ea1m th\u1eddi l\u00e0 m\u1ed9t h\u1ecdc k\u1ef3 ch\u00ednh, \u0111\u1ed1i v\u1edbi tr\u01b0\u1eddng h\u1ee3p \u0111\u1eb7c bi\u1ec7t Tr\u01b0\u1edfng P.\u0110T\u0110H xem x\u00e9t cho sinh vi\u00ean ngh\u1ec9 h\u1ecdc t\u1ea1m th\u1eddi \u0111\u1ebfn hai h\u1ecdc k\u1ef3 ch\u00ednh. Sinh vi\u00ean n\u1ed9p \u0111\u01a1n t\u1ea1i P.\u0110T\u0110H \u0111\u1ec3 c\u00f3 quy\u1ebft \u0111\u1ecbnh v\u1ec1 vi\u1ec7c ngh\u1ec9 h\u1ecdc t\u1ea1m th\u1eddi.<\/li>\n\n\n\n<li>Tr\u01b0\u1edbc khi h\u1ebft th\u1eddi h\u1ea1n \u0111\u01b0\u1ee3c ph\u00e9p ngh\u1ec9 h\u1ecdc t\u1ea1m th\u1eddi theo quy \u0111\u1ecbnh c\u1ee7a Tr\u01b0\u1eddng, sinh vi\u00ean c\u00f3 tr\u00e1ch nhi\u1ec7m quay tr\u1edf l\u1ea1i h\u1ecdc t\u1eadp theo th\u1eddi kh\u00f3a bi\u1ec3u v\u00e0 ch\u1ee7 \u0111\u1ed9ng \u0111i\u1ec1u ch\u1ec9nh k\u1ebf ho\u1ea1ch h\u1ecdc t\u1eadp c\u00e1 nh\u00e2n \u0111\u1ec3 \u0111\u0103ng k\u00fd h\u1ecdc l\u1ea1i c\u00e1c h\u1ecdc ph\u1ea7n \u0111\u00e3 b\u1ecf l\u1ee1 trong th\u1eddi gian ngh\u1ec9. Sinh vi\u00ean kh\u00f4ng nh\u1eadp h\u1ecdc l\u1ea1i sau th\u1eddi gian ngh\u1ec9 h\u1ecdc t\u1ea1m th\u1eddi s\u1ebd thu\u1ed9c di\u1ec7n c\u1ea3nh b\u00e1o bu\u1ed9c th\u00f4i h\u1ecdc.<\/li>\n<\/ul>\n\n\n\n<h2 class=\"wp-block-heading\" style=\"font-size:20px\">C\u1ea2NH B\u00c1O THU\u1ed8C DI\u1ec6N BU\u1ed8C TH\u00d4I H\u1eccC<\/h2>\n\n\n\n<p>Sinh vi\u00ean b\u1ecb nh\u1eafc nh\u1edf \u0111\u1ebfn bu\u1ed9c th\u00f4i h\u1ecdc (t\u00f9y m\u1ee9c \u0111\u1ed9 vi ph\u1ea1m) khi c\u00f3 h\u00e0nh vi vi ph\u1ea1m theo Quy ch\u1ebf ng\u01b0\u1eddi h\u1ecdc, Quy ch\u1ebf t\u1ed5 ch\u1ee9c thi v\u00e0 qu\u1ea3n l\u00fd \u0111i\u1ec3m, Quy \u0111\u1ecbnh v\u1ec1 Li\u00eam ch\u00ednh h\u1ecdc thu\u1eadt trong nghi\u00ean c\u1ee9u khoa h\u1ecdc, h\u1ecdc t\u1eadp v\u00e0 \u0111\u00e0o t\u1ea1o v\u00e0 c\u00e1c quy ch\u1ebf, quy \u0111\u1ecbnh kh\u00e1c c\u1ee7a Tr\u01b0\u1eddng.<\/p>\n\n\n\n<p>S\u1eed d\u1ee5ng v\u0103n b\u1eb1ng\/ch\u1ee9ng ch\u1ec9 gi\u1ea3 m\u1ea1o, ng\u1ee5y t\u1ea1o v\u0103n b\u1eb1ng\/ch\u1ee9ng ch\u1ec9\/h\u1ed3 s\u01a1 minh ch\u1ee9ng c\u1ee7a t\u1ed5 ch\u1ee9c\/c\u00e1 nh\u00e2n: \u0111\u00ecnh ch\u1ec9 h\u1ecdc t\u1eadp c\u00f3 th\u1eddi h\u1ea1n \u0111\u1ebfn bu\u1ed9c th\u00f4i h\u1ecdc.<\/p>\n\n\n\n<p>Th\u1ef1c t\u1eadp h\u1ed9 ng\u01b0\u1eddi kh\u00e1c: x\u1eed l\u00fd nh\u01b0 h\u1ecdc h\u1ed9 ng\u01b0\u1eddi kh\u00e1c t\u1ea1i Quy ch\u1ebf ng\u01b0\u1eddi h\u1ecdc.<\/p>\n\n\n\n<p>Sinh vi\u00ean \u0111\u01b0\u1ee3c c\u1ea3nh b\u00e1o thu\u1ed9c di\u1ec7n bu\u1ed9c th\u00f4i h\u1ecdc n\u1ebfu thu\u1ed9c m\u1ed9t trong c\u00e1c tr\u01b0\u1eddng h\u1ee3p sau \u0111\u00e2y:<\/p>\n\n\n\n<ul class=\"wp-block-list\">\n<li>L\u1ea7n \u0111\u1ea7u c\u00f3 \u0111i\u1ec3m trung b\u00ecnh h\u1ecdc k\u1ef3 (thang \u0111i\u1ec3m 4) \u0111\u1ea1t d\u01b0\u1edbi 0,80 \u0111\u1ed1i v\u1edbi h\u1ecdc k\u1ef3 \u0111\u1ea7u c\u1ee7a kh\u00f3a h\u1ecdc ho\u1eb7c \u0111\u1ea1t d\u01b0\u1edbi 1,00 \u0111\u1ed1i v\u1edbi c\u00e1c h\u1ecdc k\u1ef3 ti\u1ebfp theo.<\/li>\n\n\n\n<li>L\u1ea7n \u0111\u1ea7u c\u00f3 \u0111i\u1ec3m trung b\u00ecnh t\u00edch l\u0169y (thang \u0111i\u1ec3m 4) \u0111\u1ea1t d\u01b0\u1edbi 1,20 \u0111\u1ed1i v\u1edbi sinh vi\u00ean h\u1ecdc xong n\u0103m h\u1ecdc th\u1ee9 nh\u1ea5t, ho\u1eb7c d\u01b0\u1edbi 1,40 \u0111\u1ed1i v\u1edbi sinh vi\u00ean h\u1ecdc xong n\u0103m h\u1ecdc th\u1ee9 hai, ho\u1eb7c d\u01b0\u1edbi 1,60 \u0111\u1ed1i v\u1edbi sinh vi\u00ean h\u1ecdc xong n\u0103m h\u1ecdc th\u1ee9 ba, ho\u1eb7c d\u01b0\u1edbi 1,80 \u0111\u1ed1i v\u1edbi sinh vi\u00ean h\u1ecdc xong n\u0103m h\u1ecdc th\u1ee9 t\u01b0.<\/li>\n\n\n\n<li>T\u1ef1 \u00fd b\u1ecf h\u1ecdc t\u1ea1i h\u1ecdc k\u1ef3 c\u00f3 l\u1ed9 tr\u00ecnh ho\u1eb7c t\u1ea1i h\u1ecdc k\u1ef3 ch\u00ednh khi ch\u01b0a t\u00edch l\u0169y \u0111\u1ee7 t\u00edn ch\u1ec9 c\u1ee7a ch\u01b0\u01a1ng tr\u00ecnh \u0111\u00e0o t\u1ea1o.<\/li>\n\n\n\n<li>Kh\u00f4ng nh\u1eadp h\u1ecdc l\u1ea1i sau khi \u0111\u00e3 h\u1ebft h\u1ea1n \u0111\u01b0\u1ee3c ngh\u1ec9 h\u1ecdc t\u1ea1m th\u1eddi.<\/li>\n\n\n\n<li>Khi nh\u1eadn \u0111\u01b0\u1ee3c c\u1ea3nh b\u00e1o, sinh vi\u00ean c\u1ea7n li\u00ean h\u1ec7 v\u1edbi c\u1ed1 v\u1ea5n h\u1ecdc t\u1eadp \u0111\u1ec3 \u0111\u01b0\u1ee3c h\u1ed7 tr\u1ee3.<\/li>\n<\/ul>\n\n\n\n<h2 class=\"wp-block-heading\" style=\"font-size:20px\">BU\u1ed8C TH\u00d4I H\u1eccC<\/h2>\n\n\n\n<p>Sinh vi\u00ean b\u1ecb x\u1eed l\u00fd k\u1ef7 lu\u1eadt theo h\u00ecnh th\u1ee9c bu\u1ed9c th\u00f4i h\u1ecdc.<\/p>\n\n\n\n<p>Sinh vi\u00ean \u0111ang trong th\u1eddi gian b\u1ecb \u0111\u00ecnh ch\u1ec9 h\u1ecdc t\u1eadp v\u00e0 ti\u1ebfp t\u1ee5c c\u00f3 h\u00e0nh vi vi ph\u1ea1m theo quy \u0111\u1ecbnh c\u1ee7a Tr\u01b0\u1eddng.<\/p>\n\n\n\n<p>Sinh vi\u00ean \u0111\u00e3 h\u1ebft th\u1eddi gian \u0111\u00ecnh ch\u1ec9 h\u1ecdc t\u1eadp nh\u01b0ng kh\u00f4ng nh\u1eadp h\u1ecdc l\u1ea1i.<\/p>\n\n\n\n<p>Sinh vi\u00ean \u0111\u00e3 \u0111\u01b0\u1ee3c c\u1ea3nh b\u00e1o thu\u1ed9c di\u1ec7n bu\u1ed9c th\u00f4i h\u1ecdc v\u00e0 thu\u1ed9c m\u1ed9t trong c\u00e1c tr\u01b0\u1eddng h\u1ee3p:<\/p>\n\n\n\n<ul class=\"wp-block-list\">\n<li>T\u1ef1 \u00fd b\u1ecf h\u1ecdc t\u1ea1i h\u1ecdc k\u1ef3 c\u00f3 l\u1ed9 tr\u00ecnh ho\u1eb7c t\u1ea1i h\u1ecdc k\u1ef3 ch\u00ednh khi ch\u01b0a t\u00edch l\u0169y \u0111\u1ee7 t\u00edn ch\u1ec9 c\u1ee7a ch\u01b0\u01a1ng tr\u00ecnh \u0111\u00e0o t\u1ea1o.<\/li>\n\n\n\n<li>\u0110\u00e3 \u0111\u01b0\u1ee3c gia h\u1ea1n h\u1ecdc th\u00eam m\u1ed9t h\u1ecdc k\u1ef3 nh\u01b0ng kh\u00f4ng c\u1ea3i thi\u1ec7n t\u00ecnh tr\u1ea1ng h\u1ecdc t\u1eadp.<\/li>\n\n\n\n<li>H\u1ebft h\u1ea1n \u0111\u01b0\u1ee3c ph\u00e9p ngh\u1ec9 h\u1ecdc t\u1ea1m th\u1eddi nh\u01b0ng sinh vi\u00ean kh\u00f4ng nh\u1eadp h\u1ecdc l\u1ea1i, ho\u1eb7c c\u00f3 \u0111\u01a1n \u0111\u1ec1 ngh\u1ecb gia h\u1ea1n th\u1eddi gian ngh\u1ec9 h\u1ecdc t\u1ea1m th\u1eddi nh\u01b0ng kh\u00f4ng \u0111\u01b0\u1ee3c Tr\u01b0\u1eddng ch\u1ea5p thu\u1eadn.<\/li>\n\n\n\n<li>Sinh vi\u00ean \u0111\u00e3 h\u1ebft th\u1eddi gian t\u1ed1i \u0111a c\u1ee7a kh\u00f3a h\u1ecdc nh\u01b0ng ch\u01b0a t\u1ed1t nghi\u1ec7p.<\/li>\n<\/ul>\n\n\n\n<h2 class=\"wp-block-heading\" style=\"font-size:20px\">N\u1ed8P \u0110\u01a0N H\u1eccC V\u1ee4<\/h2>\n\n\n\n<p>Sinh vi\u00ean n\u1ed9p \u0111\u01a1n h\u1ecdc v\u1ee5 TR\u1ef0C TUY\u1ebeN t\u1ea1i C\u1ed5ng th\u00f4ng tin sinh vi\u00ean (htttsv.hoasen.edu.vn).<\/p>\n\n\n\n<p>Sinh vi\u00ean ch\u1ecdn ch\u1ee9c n\u0103ng \u201cHSU \u2013 H\u1ecdc v\u1ee5 online \u2013 Y\u00eau c\u1ea7u h\u1ecdc v\u1ee5\u201d v\u00e0 ch\u1ecdn lo\u1ea1i \u0111\u01a1n ph\u00f9 h\u1ee3p.<\/p>\n\n\n\n<p>Sinh vi\u00ean xem danh m\u1ee5c c\u00e1c lo\u1ea1i \u0111\u01a1n h\u1ecdc v\u1ee5 tr\u1ef1c tuy\u1ebfn v\u00e0 H\u01b0\u1edbng d\u1eabn n\u1ed9p \u0111\u01a1n h\u1ecdc v\u1ee5 tr\u1ef1c tuy\u1ebfn t\u1ea1i Website Ph\u00f2ng \u0110\u00e0o t\u1ea1o \u0111\u1ea1i h\u1ecdc: <a href=\"https:\/\/www.hoasen.edu.vn\/dtdh\/bieu-mau\/don-hoc-vu\/\">https:\/\/www.hoasen.edu.vn\/dtdh\/bieu-mau\/don-hoc-vu\/<\/a>.<\/p>\n","protected":false},"excerpt":{"rendered":"<p>\u0110i\u1ec3m danh sinh vi\u00ean T\u1ea1i Hoa Sen, \u0111i\u1ec3m danh sinh vi\u00ean l\u00e0 m\u1ed9t trong nh\u1eefng c\u00f4ng t\u00e1c quan tr\u1ecdng gi\u00fap gi\u1ea3ng vi\u00ean c\u00f3 th\u1ec3 \u0111\u00e1nh gi\u00e1 t\u00e1c phong v\u00e0 th\u00e1i \u0111\u1ed9 h\u1ecdc t\u1eadp c\u1ee7a sinh vi\u00ean. Tr\u01b0\u1eddng kh\u00f4ng cho ph\u00e9p sinh vi\u00ean v\u1eafng bu\u1ed5i h\u1ecdc, trong tr\u01b0\u1eddng h\u1ee3p b\u1ea5t kh\u1ea3 kh\u00e1ng (\u0111au \u1ed1m, b\u1ec7nh t\u1eadt, ma chay, hi\u1ebfu h\u1ef7), sinh vi\u00ean ch\u1ec9 \u0111\u01b0\u1ee3c ph\u00e9p v\u1eafng h\u1ecdc \u0111\u1ebfn 30%, n\u1ebfu v\u1eafng tr\u00ean 30% sinh vi\u00ean s\u1ebd b\u1ecb c\u1ea5m thi cu\u1ed1i k\u1ef3. C\u00e1c b\u01b0\u1edbc \u0111i\u1ec3m danh sinh vi\u00ean (\u00e1p d\u1ee5ng \u0111\u1ed1i v\u1edbi tr\u01b0\u1eddng h\u1ee3p gi\u1ea3ng vi\u00ean y\u00eau c\u1ea7u sinh vi\u00ean t\u1ef1 \u0111i\u1ec3m&#8230;<\/p>\n","protected":false},"author":38,"featured_media":0,"parent":0,"menu_order":0,"comment_status":"closed","ping_status":"closed","template":"","meta":{"footnotes":""},"class_list":["post-532","page","type-page","status-publish","hentry"],"acf":[],"_links":{"self":[{"href":"https:\/\/www.hoasen.edu.vn\/so-tay-sinh-vien\/wp-json\/wp\/v2\/pages\/532","targetHints":{"allow":["GET"]}}],"collection":[{"href":"https:\/\/www.hoasen.edu.vn\/so-tay-sinh-vien\/wp-json\/wp\/v2\/pages"}],"about":[{"href":"https:\/\/www.hoasen.edu.vn\/so-tay-sinh-vien\/wp-json\/wp\/v2\/types\/page"}],"author":[{"embeddable":true,"href":"https:\/\/www.hoasen.edu.vn\/so-tay-sinh-vien\/wp-json\/wp\/v2\/users\/38"}],"replies":[{"embeddable":true,"href":"https:\/\/www.hoasen.edu.vn\/so-tay-sinh-vien\/wp-json\/wp\/v2\/comments?post=532"}],"version-history":[{"count":6,"href":"https:\/\/www.hoasen.edu.vn\/so-tay-sinh-vien\/wp-json\/wp\/v2\/pages\/532\/revisions"}],"predecessor-version":[{"id":3160,"href":"https:\/\/www.hoasen.edu.vn\/so-tay-sinh-vien\/wp-json\/wp\/v2\/pages\/532\/revisions\/3160"}],"wp:attachment":[{"href":"https:\/\/www.hoasen.edu.vn\/so-tay-sinh-vien\/wp-json\/wp\/v2\/media?parent=532"}],"curies":[{"name":"wp","href":"https:\/\/api.w.org\/{rel}","templated":true}]}}