{"id":528,"date":"2022-08-04T07:46:36","date_gmt":"2022-08-04T07:46:36","guid":{"rendered":"https:\/\/www.hoasen.edu.vn\/so-tay-sinh-vien\/?page_id=528"},"modified":"2025-09-16T08:59:18","modified_gmt":"2025-09-16T08:59:18","slug":"dang-ky-mon-hoc","status":"publish","type":"page","link":"https:\/\/www.hoasen.edu.vn\/so-tay-sinh-vien\/dang-ky-mon-hoc\/","title":{"rendered":"\u0110\u0103ng k\u00fd h\u1ecdc ph\u1ea7n"},"content":{"rendered":"\n<h2 class=\"wp-block-heading\" style=\"font-size:20px\">\u0110\u1ed1i v\u1edbi Sinh vi\u00ean kh\u00f3a 2022 tr\u1edf v\u1ec1 tr\u01b0\u1edbc<\/h2>\n\n\n\n<p>N\u0103m th\u1ee9 nh\u1ea5t, sinh vi\u00ean \u0111\u01b0\u1ee3c Tr\u01b0\u1eddng s\u1eafp x\u1ebfp l\u1ecbch h\u1ecdc theo l\u1ed9 tr\u00ecnh m\u1eabu v\u00e0 t\u1ef1 ch\u1ecdn m\u1ed9t s\u1ed1 h\u1ecdc ph\u1ea7n chung. T\u1eeb n\u0103m 2, tr\u1eeb m\u1ed9t s\u1ed1 ng\u00e0nh theo y\u00eau c\u1ea7u c\u1ee7a Khoa, sinh vi\u00ean ti\u1ebfp t\u1ee5c \u0111\u01b0\u1ee3c x\u1ebfp h\u1ecdc theo l\u1ed9 tr\u00ecnh m\u1eabu; c\u00e1c sinh vi\u00ean kh\u00e1c, theo h\u01b0\u1edbng d\u1eabn \u0111\u0103ng k\u00fd h\u1ecdc ph\u1ea7n, ph\u1ea3i r\u00e0 so\u00e1t, \u0111i\u1ec1u ch\u1ec9nh k\u1ebf ho\u1ea1ch h\u1ecdc t\u1eadp c\u00e1 nh\u00e2n \u0111\u01b0\u1ee3c c\u1ed1 v\u1ea5n h\u1ecdc t\u1eadp duy\u1ec7t \u0111\u1ec3 t\u1ef1 \u0111\u0103ng k\u00fd h\u1ecdc ph\u1ea7n.<\/p>\n\n\n\n<div style=\"height:10px\" aria-hidden=\"true\" class=\"wp-block-spacer\"><\/div>\n\n\n\n<h2 class=\"wp-block-heading\" style=\"font-size:20px\">\u0110\u1ed1i v\u1edbi Sinh vi\u00ean kh\u00f3a 2023 tr\u1edf v\u1ec1 sau<\/h2>\n\n\n\n<p>C\u0103n c\u1ee9 l\u1ed9 tr\u00ecnh m\u1eabu v\u00e0 k\u1ebf ho\u1ea1ch h\u1ecdc t\u1eadp c\u00e1 nh\u00e2n \u0111\u00e3 \u0111\u01b0\u1ee3c c\u1ed1 v\u1ea5n h\u1ecdc t\u1eadp duy\u1ec7t, Tr\u01b0\u1eddng x\u1ebfp th\u1eddi kh\u00f3a bi\u1ec3u c\u1ed1 \u0111\u1ecbnh \u0111\u1ed1i v\u1edbi c\u00e1c h\u1ecdc ph\u1ea7n b\u1eaft bu\u1ed9c, t\u1ef1 ch\u1ecdn b\u1eaft bu\u1ed9c, gi\u00e1o d\u1ee5c qu\u1ed1c ph\u00f2ng-an ninh cho sinh vi\u00ean t\u1ea1i t\u1eebng h\u1ecdc k\u1ef3; sinh vi\u00ean \u0111\u0103ng k\u00fd h\u1ecdc ph\u1ea7n t\u1ef1 ch\u1ecdn t\u1ef1 do, gi\u00e1o d\u1ee5c th\u1ec3 ch\u1ea5t, h\u1ecdc v\u01b0\u1ee3t\/h\u1ecdc c\u1ea3i thi\u1ec7n\/h\u1ecdc l\u1ea1i.<\/p>\n\n\n\n<p>Sinh vi\u00ean thu\u1ed9c c\u00e1c tr\u01b0\u1eddng h\u1ee3p: nh\u1eadp h\u1ecdc tr\u01b0\u1edbc h\u1ecdc k\u1ef3 \u0111\u1ea7u ti\u00ean c\u1ee7a kh\u00f3a h\u1ecdc, \u0111\u01b0\u1ee3c x\u00e9t mi\u1ec5n m\u1ed9t s\u1ed1 h\u1ecdc ph\u1ea7n, h\u1ecdc v\u01b0\u1ee3t; nh\u1eadp h\u1ecdc l\u1ea1i sau th\u1eddi gian ngh\u1ec9 h\u1ecdc t\u1ea1m th\u1eddi, chuy\u1ec3n ng\u00e0nh\/chuy\u00ean ng\u00e0nh; h\u1ebft th\u1eddi gian h\u1ecdc theo l\u1ed9 tr\u00ecnh m\u1eabu, h\u1ebft th\u1eddi gian h\u1ecdc t\u1ed1i \u0111a nh\u01b0ng ch\u01b0a t\u00edch l\u0169y \u0111\u1ee7 t\u00edn ch\u1ec9 ph\u1ea3i t\u1ef1 \u0111\u0103ng k\u00fd h\u1ecdc ph\u1ea7n.<\/p>\n\n\n\n<p>Tr\u01b0\u1edbc m\u1ed7i h\u1ecdc k\u1ef3, Ph\u00f2ng \u0110\u00e0o t\u1ea1o \u0111\u1ea1i h\u1ecdc (P.\u0110T\u0110H) g\u1eedi \u201cTh\u00f4ng b\u00e1o \u0111\u0103ng k\u00fd h\u1ecdc ph\u1ea7n v\u00e0 \u0111\u00f3ng h\u1ecdc ph\u00ed\u201d v\u1edbi c\u00e1c m\u1ed1c th\u1eddi gian c\u1ee5 th\u1ec3 qua email sinh vi\u00ean v\u00e0 \u0111\u0103ng t\u1ea3i tr\u00ean trang htttsv.hoasen.edu.vn, www.hoasen.edu.vn\/dtdh\/.<\/p>\n\n\n\n<figure class=\"wp-block-video\"><video height=\"728\" style=\"aspect-ratio: 1364 \/ 728;\" width=\"1364\" controls src=\"https:\/\/www.hoasen.edu.vn\/so-tay-sinh-vien\/wp-content\/uploads\/sites\/46\/2022\/08\/DKMH_Them_lop.mp4\"><\/video><figcaption class=\"wp-element-caption\"><em>Video h\u01b0\u1edbng d\u1eabn \u0111\u0103ng k\u00fd h\u1ecdc ph\u1ea7n<\/em><\/figcaption><\/figure>\n\n\n\n<div style=\"height:20px\" aria-hidden=\"true\" class=\"wp-block-spacer\"><\/div>\n\n\n\t\t<div id=\"block_eb758d34950bba8b1efd842e9d2d1508\" class=\"vc-accor\">\r\n\t\t\t\t\t\t\t<div class=\"vc-accor__item\">\r\n\t\t\t\t\t\t\t\t\t\t<input type=\"checkbox\" id=\"rdblock_eb758d34950bba8b1efd842e9d2d1508-1\" name=\"rd\">\r\n\t\t\t\t\t<label class=\"vc-accor__label d-block position-relative\" for=\"rdblock_eb758d34950bba8b1efd842e9d2d1508-1\">\r\n\t\t\t\t\t\t<span class=\"p-relative\">VIDEO H\u01af\u1edaNG D\u1eaaN XEM TH\u1edcI KH\u00d3A BI\u1ec2U<\/span>\r\n\t\t\t\t\t\t<svg class=\"vc-icon position-absolute\"><use xlink:href=\"https:\/\/www.hoasen.edu.vn\/so-tay-sinh-vien\/wp-content\/themes\/ru-hsu\/assets\/img\/icons.svg#i-arrow-down\" \/><\/svg>\r\n\t\t\t\t\t<\/label>\r\n\t\t\t\t\t<div class=\"vc-accor__content\">\r\n\t\t\t\t\t\t<p>C\u00e1ch xem video h\u01b0\u1edbng d\u1eabn c\u00e1ch xem th\u1eddi kh\u00f3a bi\u1ec3u:<\/p>\n<ul>\n<li>Xem t\u1ea1i C\u1ed5ng th\u00f4ng tin sinh vi\u00ean.<\/li>\n<li>Xem t\u1ea1i App Hoa Sen.<\/li>\n<\/ul>\n\t\t\t\t\t<\/div>\r\n\t\t\t\t<\/div>\r\n\t\t\t\t\t<\/div>\r\n\t\n\n\n<h2 class=\"wp-block-heading\" style=\"font-size:20px\">Quy \u0111\u1ecbnh v\u1ec1 s\u1ed1 l\u01b0\u1ee3ng t\u00edn ch\u1ec9 t\u1ed1i thi\u1ec3u, t\u1ed1i \u0111a trong h\u1ecdc t\u1eebng h\u1ecdc k\u1ef3<\/h2>\n\n\n\n<p><strong>\u0110\u1ed1i v\u1edbi h\u1ecdc k\u1ef3 1 v\u00e0 h\u1ecdc k\u1ef3 2:<\/strong> sinh vi\u00ean h\u1ecdc theo l\u1ed9 tr\u00ecnh m\u1eabu v\u00e0 t\u1ed1i \u0111a l\u00e0 24 t\u00edn ch\u1ec9, kh\u00f4ng k\u1ec3 c\u00e1c h\u1ecdc ph\u1ea7n kh\u00f4ng t\u00ednh t\u00edn ch\u1ec9 trong ch\u01b0\u01a1ng tr\u00ecnh \u0111\u00e0o t\u1ea1o.<\/p>\n\n\n\n<p><strong>\u0110\u1ed1i v\u1edbi h\u1ecdc k\u1ef3 T\u1ebft v\u00e0 h\u1ecdc k\u1ef3 H\u00e8: <\/strong>sinh vi\u00ean h\u1ecdc theo l\u1ed9 tr\u00ecnh m\u1eabu v\u00e0 t\u1ed1i \u0111a l\u00e0 12 t\u00edn ch\u1ec9, kh\u00f4ng k\u1ec3 c\u00e1c h\u1ecdc ph\u1ea7n kh\u00f4ng t\u00ednh t\u00edn ch\u1ec9 trong ch\u01b0\u01a1ng tr\u00ecnh \u0111\u00e0o t\u1ea1o.<\/p>\n\n\n\n<p><strong>H\u1ecdc k\u1ef3 cu\u1ed1i c\u00f9ng theo l\u1ed9 tr\u00ecnh m\u1eabu: <\/strong>sinh vi\u00ean th\u1ef1c hi\u1ec7n Kh\u00f3a lu\u1eadn t\u1ed1t nghi\u1ec7p\/\u0110\u1ed3 \u00e1n t\u1ed1t nghi\u1ec7p\/Th\u1ef1c t\u1eadp t\u1ed1t nghi\u1ec7p.<\/p>\n\n\n\n<p><strong>Sinh vi\u00ean \u0111\u00e3 h\u1ebft l\u1ed9 tr\u00ecnh m\u1eabu nh\u01b0ng ch\u01b0a t\u00edch l\u0169y \u0111\u1ee7 t\u00edn ch\u1ec9<\/strong> c\u1ee7a ch\u01b0\u01a1ng tr\u00ecnh \u0111\u00e0o t\u1ea1o ph\u1ea3i s\u1eafp x\u1ebfp c\u00e1c t\u00edn ch\u1ec9 c\u1ee7a HP c\u00f2n l\u1ea1i v\u00e0o c\u00e1c h\u1ecdc k\u1ef3 sau \u0111\u00f3.<\/p>\n\n\n\n<h2 class=\"wp-block-heading\" style=\"font-size:20px\">Chuy\u1ec3n l\u1edbp h\u1ecdc ph\u1ea7n, h\u1ee7y h\u1ecdc ph\u1ea7n<\/h2>\n\n\n\n<h3 class=\"wp-block-heading\" style=\"font-size:18px\">Chuy\u1ec3n l\u1edbp h\u1ecdc ph\u1ea7n<\/h3>\n\n\n\n<ul class=\"wp-block-list\">\n<li>N\u1ebfu c\u00f3 l\u00fd do b\u1ea5t kh\u1ea3 kh\u00e1ng, sinh vi\u00ean c\u00f3 th\u1ec3 n\u1ed9p \u0111\u01a1n \u0111\u1ec1 ngh\u1ecb chuy\u1ec3n l\u1edbp h\u1ecdc ph\u1ea7n t\u1ea1i P.\u0110T\u0110H k\u00e8m minh ch\u1ee9ng c\u1ee5 th\u1ec3 \u0111\u1ec3 \u0111\u01b0\u1ee3c xem x\u00e9t. Vi\u1ec7c chuy\u1ec3n l\u1edbp h\u1ecdc ph\u1ea7n ch\u1ec9 \u0111\u01b0\u1ee3c gi\u1ea3i quy\u1ebft ch\u1eadm nh\u1ea5t l\u00e0 th\u1ee9 5 tu\u1ea7n th\u1ee9 1 c\u1ee7a h\u1ecdc k\u1ef3.<\/li>\n<\/ul>\n\n\n\n<h3 class=\"wp-block-heading\" style=\"font-size:18px\">H\u1ee7y l\u1edbp h\u1ecdc ph\u1ea7n<\/h3>\n\n\n\n<ul class=\"wp-block-list\">\n<li>Sinh vi\u00ean kh\u00f4ng \u0111\u01b0\u1ee3c h\u1ee7y k\u1ebft qu\u1ea3 \u0111\u0103ng k\u00fd h\u1ecdc ph\u1ea7n khi \u0111\u00e3 nh\u1eadn th\u1eddi kh\u00f3a bi\u1ec3u \u0111\u01b0\u1ee3c Tr\u01b0\u1eddng x\u1ebfp s\u1eb5n ho\u1eb7c \u0111\u00e3 ho\u00e0n t\u1ea5t vi\u1ec7c \u0111\u0103ng k\u00fd.<\/li>\n\n\n\n<li>Sinh vi\u00ean c\u00f3 l\u00fd do b\u1ea5t kh\u1ea3 kh\u00e1ng l\u00e0m \u0111\u01a1n \u0111\u1ec3 Tr\u01b0\u1eddng xem x\u00e9t h\u1ee7y m\u1ed9t ho\u1eb7c m\u1ed9t s\u1ed1 h\u1ecdc ph\u1ea7n.<\/li>\n\n\n\n<li>Vi\u1ec7c b\u1ea3o l\u01b0u, chi ho\u00e0n h\u1ecdc ph\u00ed c\u1ee7a h\u1ecdc ph\u1ea7n \u0111\u01b0\u1ee3c h\u1ee7y: \u0111\u01b0\u1ee3c th\u1ef1c hi\u1ec7n theo Quy \u0111\u1ecbnh v\u1ec1 ch\u00ednh s\u00e1ch h\u1ecdc ph\u00ed c\u1ee7a Tr\u01b0\u1eddng.<\/li>\n<\/ul>\n\n\n\n<h2 class=\"wp-block-heading\" style=\"font-size:20px\">\u0110\u0103ng k\u00fd h\u1ecdc l\u1ea1i<\/h2>\n\n\n\n<p>Sinh vi\u00ean c\u00f3 \u0111i\u1ec3m trung b\u00ecnh h\u1ecdc ph\u1ea7n kh\u00f4ng \u0111\u1ea1t b\u1eaft bu\u1ed9c ph\u1ea3i \u0111\u0103ng k\u00fd h\u1ecdc l\u1ea1i:<\/p>\n\n\n\n<ul class=\"wp-block-list\">\n<li>\u0110\u1ed1i v\u1edbi h\u1ecdc ph\u1ea7n b\u1eaft bu\u1ed9c, sinh vi\u00ean b\u1eaft bu\u1ed9c ph\u1ea3i \u0111\u0103ng k\u00fd h\u1ecdc l\u1ea1i ch\u00ednh h\u1ecdc ph\u1ea7n \u0111\u00f3.<\/li>\n\n\n\n<li>\u0110\u1ed1i v\u1edbi h\u1ecdc ph\u1ea7n t\u1ef1 ch\u1ecdn b\u1eaft bu\u1ed9c, sinh vi\u00ean \u0111\u0103ng k\u00fd h\u1ecdc l\u1ea1i ch\u00ednh h\u1ecdc ph\u1ea7n \u0111\u00f3 ho\u1eb7c h\u1ecdc ph\u1ea7n c\u00f9ng nh\u00f3m t\u01b0\u01a1ng \u1ee9ng.<\/li>\n\n\n\n<li>\u0110\u1ed1i v\u1edbi h\u1ecdc ph\u1ea7n t\u1ef1 ch\u1ecdn t\u1ef1 do, sinh vi\u00ean \u0111\u0103ng k\u00fd h\u1ecdc l\u1ea1i ch\u00ednh h\u1ecdc ph\u1ea7n \u0111\u00f3 ho\u1eb7c h\u1ecdc ph\u1ea7n tu\u1ef3 ch\u1ecdn kh\u00e1c.<\/li>\n<\/ul>\n\n\n\n<h2 class=\"wp-block-heading\" style=\"font-size:20px\">\u0110\u0103ng k\u00fd h\u1ecdc c\u1ea3i thi\u1ec7n<\/h2>\n\n\n\n<p>\u0110\u1ed1i v\u1edbi h\u1ecdc ph\u1ea7n b\u1ea5t k\u1ef3 \u0111\u00e3 c\u00f3 k\u1ebft qu\u1ea3 trung b\u00ecnh h\u1ecdc ph\u1ea7n t\u1eeb 4.0 hay \u0111i\u1ec3m D tr\u1edf l\u00ean, sinh vi\u00ean \u0111\u01b0\u1ee3c ph\u00e9p \u0111\u0103ng k\u00fd h\u1ecdc l\u1ea1i h\u1ecdc ph\u1ea7n \u0111\u00f3, khi c\u00f3 m\u1edf l\u1edbp, \u0111\u1ec3 c\u1ea3i thi\u1ec7n \u0111i\u1ec3m. \u0110i\u1ec3m c\u1ee7a c\u00e1c l\u1ea7n h\u1ecdc \u0111\u1ec1u \u0111\u01b0\u1ee3c ghi trong b\u1ea3ng \u0111i\u1ec3m h\u1ecdc k\u1ef3. K\u1ebft qu\u1ea3 cao nh\u1ea5t trong c\u00e1c l\u1ea7n h\u1ecdc s\u1ebd \u0111\u01b0\u1ee3c ch\u1ecdn \u0111\u1ec3 t\u00ednh v\u00e0o \u0111i\u1ec3m trung b\u00ecnh t\u00edch l\u0169y.<\/p>\n\n\n\n<p>Vi\u1ec7c \u0111\u0103ng k\u00fd h\u1ecdc l\u1ea1i ho\u1eb7c \u0111\u0103ng k\u00fd h\u1ecdc c\u1ea3i thi\u1ec7n \u0111i\u1ec3m, sinh vi\u00ean t\u1ef1 \u0111\u0103ng k\u00fd online theo m\u1ed1c th\u1eddi gian theo <strong>\u201cTh\u00f4ng b\u00e1o \u0111\u0103ng k\u00fd h\u1ecdc ph\u1ea7n v\u00e0 \u0111\u00f3ng h\u1ecdc ph\u00ed\u201d <\/strong>t\u1ea1i t\u1eebng h\u1ecdc k\u1ef3 c\u1ee7a P.\u0110T\u0110H.<\/p>\n","protected":false},"excerpt":{"rendered":"<p>\u0110\u1ed1i v\u1edbi Sinh vi\u00ean kh\u00f3a 2022 tr\u1edf v\u1ec1 tr\u01b0\u1edbc N\u0103m th\u1ee9 nh\u1ea5t, sinh vi\u00ean \u0111\u01b0\u1ee3c Tr\u01b0\u1eddng s\u1eafp x\u1ebfp l\u1ecbch h\u1ecdc theo l\u1ed9 tr\u00ecnh m\u1eabu v\u00e0 t\u1ef1 ch\u1ecdn m\u1ed9t s\u1ed1 h\u1ecdc ph\u1ea7n chung. T\u1eeb n\u0103m 2, tr\u1eeb m\u1ed9t s\u1ed1 ng\u00e0nh theo y\u00eau c\u1ea7u c\u1ee7a Khoa, sinh vi\u00ean ti\u1ebfp t\u1ee5c \u0111\u01b0\u1ee3c x\u1ebfp h\u1ecdc theo l\u1ed9 tr\u00ecnh m\u1eabu; c\u00e1c sinh vi\u00ean kh\u00e1c, theo h\u01b0\u1edbng d\u1eabn \u0111\u0103ng k\u00fd h\u1ecdc ph\u1ea7n, ph\u1ea3i r\u00e0 so\u00e1t, \u0111i\u1ec1u ch\u1ec9nh k\u1ebf ho\u1ea1ch h\u1ecdc t\u1eadp c\u00e1 nh\u00e2n \u0111\u01b0\u1ee3c c\u1ed1 v\u1ea5n h\u1ecdc t\u1eadp duy\u1ec7t \u0111\u1ec3 t\u1ef1 \u0111\u0103ng k\u00fd h\u1ecdc ph\u1ea7n. \u0110\u1ed1i v\u1edbi Sinh vi\u00ean kh\u00f3a 2023 tr\u1edf v\u1ec1 sau C\u0103n c\u1ee9&#8230;<\/p>\n","protected":false},"author":38,"featured_media":0,"parent":0,"menu_order":0,"comment_status":"closed","ping_status":"closed","template":"","meta":{"footnotes":""},"class_list":["post-528","page","type-page","status-publish","hentry"],"acf":[],"_links":{"self":[{"href":"https:\/\/www.hoasen.edu.vn\/so-tay-sinh-vien\/wp-json\/wp\/v2\/pages\/528","targetHints":{"allow":["GET"]}}],"collection":[{"href":"https:\/\/www.hoasen.edu.vn\/so-tay-sinh-vien\/wp-json\/wp\/v2\/pages"}],"about":[{"href":"https:\/\/www.hoasen.edu.vn\/so-tay-sinh-vien\/wp-json\/wp\/v2\/types\/page"}],"author":[{"embeddable":true,"href":"https:\/\/www.hoasen.edu.vn\/so-tay-sinh-vien\/wp-json\/wp\/v2\/users\/38"}],"replies":[{"embeddable":true,"href":"https:\/\/www.hoasen.edu.vn\/so-tay-sinh-vien\/wp-json\/wp\/v2\/comments?post=528"}],"version-history":[{"count":17,"href":"https:\/\/www.hoasen.edu.vn\/so-tay-sinh-vien\/wp-json\/wp\/v2\/pages\/528\/revisions"}],"predecessor-version":[{"id":3155,"href":"https:\/\/www.hoasen.edu.vn\/so-tay-sinh-vien\/wp-json\/wp\/v2\/pages\/528\/revisions\/3155"}],"wp:attachment":[{"href":"https:\/\/www.hoasen.edu.vn\/so-tay-sinh-vien\/wp-json\/wp\/v2\/media?parent=528"}],"curies":[{"name":"wp","href":"https:\/\/api.w.org\/{rel}","templated":true}]}}