{"id":51,"date":"2022-08-01T02:29:06","date_gmt":"2022-08-01T02:29:06","guid":{"rendered":"https:\/\/www.hoasen.edu.vn\/so-tay-sinh-vien\/?page_id=51"},"modified":"2024-04-05T02:05:54","modified_gmt":"2024-04-05T02:05:54","slug":"khoi-nghiep-tu-cac-du-an-keu-goi-von-cua-sv","status":"publish","type":"page","link":"https:\/\/www.hoasen.edu.vn\/so-tay-sinh-vien\/khoi-nghiep-tu-cac-du-an-keu-goi-von-cua-sv\/","title":{"rendered":"Kh\u1edfi nghi\u1ec7p t\u1eeb c\u00e1c d\u1ef1 \u00e1n k\u00eau g\u1ecdi v\u1ed1n c\u1ee7a SV"},"content":{"rendered":"\n<p>Ch\u01b0\u01a1ng tr\u00ecnh HSU Fundraising \u2013 Show me your plan l\u00e0 s\u00e2n ch\u01a1i cho c\u00e1c CLB (C\u00e2u l\u1ea1c b\u1ed9) \u0111ang ho\u1ea1t \u0111\u1ed9ng t\u1ea1i \u0110\u1ea1i h\u1ecdc Hoa Sen, n\u01a1i c\u00e1c b\u1ea1n tr\u00ecnh b\u00e0y nh\u1eefng \u00fd t\u01b0\u1edfng c\u1ee7a m\u00ecnh cho h\u1ed9i \u0111\u1ed3ng gi\u00e1m kh\u1ea3o th\u1ea9m \u0111\u1ecbnh v\u00e0 \u0111\u01b0a ra quy\u1ebft \u0111\u1ecbnh h\u1ed7 tr\u1ee3 t\u00e0i ch\u00ednh cho c\u00e1c d\u1ef1 \u00e1n, t\u00f9y theo m\u1ee9c \u0111\u1ed9 ho\u00e0n ch\u1ec9nh v\u00e0 quy m\u00f4 c\u1ee7a c\u00e1c s\u1ef1 ki\u1ec7n. N\u0103m 2022 l\u00e0 l\u1ea7n \u0111\u1ea7u ti\u00ean ch\u01b0\u01a1ng tr\u00ecnh \u0111\u01b0\u1ee3c th\u1ef1c hi\u1ec7n. Ch\u01b0\u01a1ng tr\u00ecnh mang l\u1ea1i m\u1ed9t tr\u1ea3i nghi\u1ec7m ho\u00e0n to\u00e0n m\u1edbi, g\u1eafn k\u1ebft ho\u1ea1t \u0111\u1ed9ng c\u1ee7a c\u00e1c CLB nh\u1eb1m h\u01b0\u1edbng \u0111\u1ebfn m\u00f4i tr\u01b0\u1eddng gi\u00e1o d\u1ee5c \u0111\u1eb3ng c\u1ea5p qu\u1ed1c t\u1ebf.<\/p>\n\n\n<div class=\"wp-block-image\">\n<figure class=\"aligncenter size-full\"><img loading=\"lazy\" decoding=\"async\" width=\"1221\" height=\"649\" src=\"https:\/\/www.hoasen.edu.vn\/so-tay-sinh-vien\/wp-content\/uploads\/sites\/46\/2023\/09\/Picture1-1.png\" alt=\"\" class=\"wp-image-1952\" srcset=\"https:\/\/www.hoasen.edu.vn\/so-tay-sinh-vien\/wp-content\/uploads\/sites\/46\/2023\/09\/Picture1-1.png 1221w, https:\/\/www.hoasen.edu.vn\/so-tay-sinh-vien\/wp-content\/uploads\/sites\/46\/2023\/09\/Picture1-1-300x159.png 300w, https:\/\/www.hoasen.edu.vn\/so-tay-sinh-vien\/wp-content\/uploads\/sites\/46\/2023\/09\/Picture1-1-768x408.png 768w\" sizes=\"auto, (max-width: 1221px) 100vw, 1221px\" \/><\/figure>\n<\/div>\n\n\n<p><\/p>\n\n\n\n<p>C\u00e1c CLB tham gia g\u1ed3m c\u00f3: Miracle English Club; K\u1ebf to\u00e1n \u2013 Ki\u1ec3m to\u00e1n; Hoa Sen Spy-up; T\u00e0i ch\u00ednh; \u0110\u1ecdc s\u00e1ch khai ph\u00f3ng; Tutoring; B\u00f3ng r\u1ed5; B\u00f3ng chuy\u1ec1n; C\u1ea7u l\u00f4ng; Hoa Sen Entertainment; Live Production, \u2026<\/p>\n\n\n\n<p>H\u1ed9i \u0111\u1ed3ng \u0111\u00e1nh gi\u00e1 g\u1ed3m c\u00f3:<\/p>\n\n\n\n<ul class=\"wp-block-list\">\n<li>H\u1ecdc thu\u1eadt: TS. Phan Th\u1ecb Vi\u1ec7t Nam; Th\u1ea7y Nguy\u1ec5n H\u1eefu H\u00e0o; \u0110\u1ea1i di\u1ec7n DN \u0111\u1ed1i t\u00e1c<\/li>\n\n\n\n<li>Ngh\u1ec7 thu\u1eadt truy\u1ec1n th\u00f4ng v\u00e0 Th\u1ec3 thao: PGS.TS. V\u00f5 Th\u1ecb Ng\u1ecdc Th\u00fay; Ch\u1ecb Nguy\u1ec5n Th\u1ecb Tuy\u1ebft H\u01b0\u01a1ng<br><\/li>\n<\/ul>\n\n\n\n<p>Th\u00f4ng tin v\u1ec1 Ch\u01b0\u01a1ng tr\u00ecnh HSU Fundraising \u2013 Show me your plan s\u1ebd \u0111\u01b0\u1ee3c \u0111\u0103ng t\u1ea3i v\u00e0 c\u1eadp nh\u1eadt tr\u00ean Fanpage v\u00e0 Wesite Tr\u01b0\u1eddng \u0110\u1ea1i h\u1ecdc Hoa Sen.<\/p>\n","protected":false},"excerpt":{"rendered":"<p>Ch\u01b0\u01a1ng tr\u00ecnh HSU Fundraising \u2013 Show me your plan l\u00e0 s\u00e2n ch\u01a1i cho c\u00e1c CLB (C\u00e2u l\u1ea1c b\u1ed9) \u0111ang ho\u1ea1t \u0111\u1ed9ng t\u1ea1i \u0110\u1ea1i h\u1ecdc Hoa Sen, n\u01a1i c\u00e1c b\u1ea1n tr\u00ecnh b\u00e0y nh\u1eefng \u00fd t\u01b0\u1edfng c\u1ee7a m\u00ecnh cho h\u1ed9i \u0111\u1ed3ng gi\u00e1m kh\u1ea3o th\u1ea9m \u0111\u1ecbnh v\u00e0 \u0111\u01b0a ra quy\u1ebft \u0111\u1ecbnh h\u1ed7 tr\u1ee3 t\u00e0i ch\u00ednh cho c\u00e1c d\u1ef1 \u00e1n, t\u00f9y theo m\u1ee9c \u0111\u1ed9 ho\u00e0n ch\u1ec9nh v\u00e0 quy m\u00f4 c\u1ee7a c\u00e1c s\u1ef1 ki\u1ec7n. N\u0103m 2022 l\u00e0 l\u1ea7n \u0111\u1ea7u ti\u00ean ch\u01b0\u01a1ng tr\u00ecnh \u0111\u01b0\u1ee3c th\u1ef1c hi\u1ec7n. Ch\u01b0\u01a1ng tr\u00ecnh mang l\u1ea1i m\u1ed9t tr\u1ea3i nghi\u1ec7m ho\u00e0n to\u00e0n m\u1edbi, g\u1eafn k\u1ebft ho\u1ea1t \u0111\u1ed9ng c\u1ee7a c\u00e1c CLB nh\u1eb1m h\u01b0\u1edbng \u0111\u1ebfn&#8230;<\/p>\n","protected":false},"author":38,"featured_media":0,"parent":0,"menu_order":0,"comment_status":"closed","ping_status":"closed","template":"","meta":{"footnotes":""},"class_list":["post-51","page","type-page","status-publish","hentry"],"acf":[],"_links":{"self":[{"href":"https:\/\/www.hoasen.edu.vn\/so-tay-sinh-vien\/wp-json\/wp\/v2\/pages\/51","targetHints":{"allow":["GET"]}}],"collection":[{"href":"https:\/\/www.hoasen.edu.vn\/so-tay-sinh-vien\/wp-json\/wp\/v2\/pages"}],"about":[{"href":"https:\/\/www.hoasen.edu.vn\/so-tay-sinh-vien\/wp-json\/wp\/v2\/types\/page"}],"author":[{"embeddable":true,"href":"https:\/\/www.hoasen.edu.vn\/so-tay-sinh-vien\/wp-json\/wp\/v2\/users\/38"}],"replies":[{"embeddable":true,"href":"https:\/\/www.hoasen.edu.vn\/so-tay-sinh-vien\/wp-json\/wp\/v2\/comments?post=51"}],"version-history":[{"count":14,"href":"https:\/\/www.hoasen.edu.vn\/so-tay-sinh-vien\/wp-json\/wp\/v2\/pages\/51\/revisions"}],"predecessor-version":[{"id":2527,"href":"https:\/\/www.hoasen.edu.vn\/so-tay-sinh-vien\/wp-json\/wp\/v2\/pages\/51\/revisions\/2527"}],"wp:attachment":[{"href":"https:\/\/www.hoasen.edu.vn\/so-tay-sinh-vien\/wp-json\/wp\/v2\/media?parent=51"}],"curies":[{"name":"wp","href":"https:\/\/api.w.org\/{rel}","templated":true}]}}