{"id":49,"date":"2022-08-01T02:28:51","date_gmt":"2022-08-01T02:28:51","guid":{"rendered":"https:\/\/www.hoasen.edu.vn\/so-tay-sinh-vien\/?page_id=49"},"modified":"2025-09-13T09:06:42","modified_gmt":"2025-09-13T09:06:42","slug":"tro-thanh-mentee-ngay-tu-sinh-vien-nam-2","status":"publish","type":"page","link":"https:\/\/www.hoasen.edu.vn\/so-tay-sinh-vien\/tro-thanh-mentee-ngay-tu-sinh-vien-nam-2\/","title":{"rendered":"Tr\u1edf th\u00e0nh Mentee ngay t\u1eeb sinh vi\u00ean n\u0103m 2"},"content":{"rendered":"\n<p><strong>Ch\u01b0\u01a1ng tr\u00ecnh Hoa Sen Mentoring \u0111\u01b0\u1ee3c x\u00e2y d\u1ef1ng nh\u1eb1m t\u1ea1o c\u01a1 h\u1ed9i cho sinh vi\u00ean h\u1ecdc h\u1ecfi tr\u1ef1c ti\u1ebfp t\u1eeb c\u00e1c chuy\u00ean gia, c\u1ef1u sinh vi\u00ean th\u00e0nh c\u00f4ng v\u00e0 \u0111\u1ed9i ng\u0169 gi\u1ea3ng vi\u00ean gi\u00e0u kinh nghi\u1ec7m. V\u1edbi h\u00ecnh th\u1ee9c c\u1ed1 v\u1ea5n 1:1, k\u1ebft h\u1ee3p c\u00f9ng chu\u1ed7i workshop v\u00e0 c\u00e1c ho\u1ea1t \u0111\u1ed9ng th\u1ef1c ti\u1ec5n, ch\u01b0\u01a1ng tr\u00ecnh kh\u00f4ng ch\u1ec9 h\u1ed7 tr\u1ee3 sinh vi\u00ean \u0111\u1ecbnh h\u01b0\u1edbng ngh\u1ec1 nghi\u1ec7p v\u00e0 ph\u00e1t tri\u1ec3n k\u1ef9 n\u0103ng, m\u00e0 c\u00f2n kh\u01a1i d\u1eady s\u1ef1 t\u1ef1 tin \u2013 h\u00e0nh trang quan tr\u1ecdng s\u1eb5n s\u00e0ng h\u1ed9i nh\u1eadp v\u00e0o m\u00f4i tr\u01b0\u1eddng l\u00e0m vi\u1ec7c chuy\u00ean nghi\u1ec7p v\u00e0 to\u00e0n c\u1ea7u.<\/strong><\/p>\n\n\n\n<h2 class=\"wp-block-heading\" style=\"font-size:20px\">H\u00c0NH TR\u00ccNH \u00dd NGH\u0128A C\u1ee6A HOA SEN MENTORING<\/h2>\n\n\n\n<p>Ch\u01b0\u01a1ng tr\u00ecnh Hoa Sen Mentoring \u0111\u01b0\u1ee3c x\u00e2y d\u1ef1ng v\u1edbi m\u1ee5c ti\u00eau cung c\u1ea5p c\u00e1c ho\u1ea1t \u0111\u1ed9ng c\u1ed1 v\u1ea5n c\u00e1 nh\u00e2n h\u00f3a cho sinh vi\u00ean Tr\u01b0\u1eddng \u0110\u1ea1i h\u1ecdc Hoa Sen. \u0110\u00e2y l\u00e0 c\u1ea7u n\u1ed1i \u0111\u1ec3 sinh vi\u00ean \u0111\u1ecbnh h\u01b0\u1edbng ngh\u1ec1 nghi\u1ec7p, t\u00edch l\u0169y kinh nghi\u1ec7m, k\u1ebft n\u1ed1i v\u1edbi chuy\u00ean gia trong ng\u00e0nh v\u00e0 ph\u00e1t tri\u1ec3n b\u1ea3n th\u00e2n, t\u1eebng b\u01b0\u1edbc \u0111\u1ea1t \u0111\u01b0\u1ee3c m\u1ee5c ti\u00eau trong h\u1ecdc t\u1eadp v\u00e0 cu\u1ed9c s\u1ed1ng.<\/p>\n\n\n\n<figure class=\"wp-block-image size-large\"><img loading=\"lazy\" decoding=\"async\" width=\"2048\" height=\"1366\" src=\"https:\/\/www.hoasen.edu.vn\/so-tay-sinh-vien\/wp-content\/uploads\/sites\/46\/2022\/08\/43879760_334540400427431_364180662258761728_n.jpg\" alt=\"\" class=\"wp-image-1246\" srcset=\"https:\/\/www.hoasen.edu.vn\/so-tay-sinh-vien\/wp-content\/uploads\/sites\/46\/2022\/08\/43879760_334540400427431_364180662258761728_n.jpg 2048w, https:\/\/www.hoasen.edu.vn\/so-tay-sinh-vien\/wp-content\/uploads\/sites\/46\/2022\/08\/43879760_334540400427431_364180662258761728_n-256x171.jpg 256w, https:\/\/www.hoasen.edu.vn\/so-tay-sinh-vien\/wp-content\/uploads\/sites\/46\/2022\/08\/43879760_334540400427431_364180662258761728_n-412x275.jpg 412w, https:\/\/www.hoasen.edu.vn\/so-tay-sinh-vien\/wp-content\/uploads\/sites\/46\/2022\/08\/43879760_334540400427431_364180662258761728_n-396x264.jpg 396w, https:\/\/www.hoasen.edu.vn\/so-tay-sinh-vien\/wp-content\/uploads\/sites\/46\/2022\/08\/43879760_334540400427431_364180662258761728_n-310x207.jpg 310w, https:\/\/www.hoasen.edu.vn\/so-tay-sinh-vien\/wp-content\/uploads\/sites\/46\/2022\/08\/43879760_334540400427431_364180662258761728_n-418x279.jpg 418w, https:\/\/www.hoasen.edu.vn\/so-tay-sinh-vien\/wp-content\/uploads\/sites\/46\/2022\/08\/43879760_334540400427431_364180662258761728_n-425x283.jpg 425w, https:\/\/www.hoasen.edu.vn\/so-tay-sinh-vien\/wp-content\/uploads\/sites\/46\/2022\/08\/43879760_334540400427431_364180662258761728_n-201x134.jpg 201w, https:\/\/www.hoasen.edu.vn\/so-tay-sinh-vien\/wp-content\/uploads\/sites\/46\/2022\/08\/43879760_334540400427431_364180662258761728_n-492x328.jpg 492w, https:\/\/www.hoasen.edu.vn\/so-tay-sinh-vien\/wp-content\/uploads\/sites\/46\/2022\/08\/43879760_334540400427431_364180662258761728_n-645x430.jpg 645w, https:\/\/www.hoasen.edu.vn\/so-tay-sinh-vien\/wp-content\/uploads\/sites\/46\/2022\/08\/43879760_334540400427431_364180662258761728_n-349x233.jpg 349w, https:\/\/www.hoasen.edu.vn\/so-tay-sinh-vien\/wp-content\/uploads\/sites\/46\/2022\/08\/43879760_334540400427431_364180662258761728_n-395x263.jpg 395w, https:\/\/www.hoasen.edu.vn\/so-tay-sinh-vien\/wp-content\/uploads\/sites\/46\/2022\/08\/43879760_334540400427431_364180662258761728_n-474x316.jpg 474w, https:\/\/www.hoasen.edu.vn\/so-tay-sinh-vien\/wp-content\/uploads\/sites\/46\/2022\/08\/43879760_334540400427431_364180662258761728_n-466x311.jpg 466w\" sizes=\"auto, (max-width: 2048px) 100vw, 2048px\" \/><\/figure>\n\n\n\n<p>T\u1ea1i Hoa Sen Mentoring, m\u1ed7i sinh vi\u00ean \u0111\u1ec1u c\u00f3 m\u1ed9t c\u1ed1 v\u1ea5n \u0111\u1ed3ng h\u00e0nh tr\u1ef1c ti\u1ebfp theo <strong>h\u00ecnh th\u1ee9c 1:1<\/strong>. S\u1ebd th\u1eadt tuy\u1ec7t v\u1eddi khi b\u1ea1n \u0111\u01b0\u1ee3c tr\u00f2 chuy\u1ec7n v\u1edbi m\u1ed9t ng\u01b0\u1eddi <strong>\u0111\u00e3 t\u1eebng tr\u1ea3i qua nh\u1eefng g\u00ec b\u1ea1n \u0111ang \u0111\u1ed1i di\u1ec7n<\/strong>, v\u00e0 s\u1eb5n s\u00e0ng chia s\u1ebb kinh nghi\u1ec7m c\u00f9ng l\u1eddi khuy\u00ean qu\u00fd b\u00e1u cho \u0111\u1ecbnh h\u01b0\u1edbng ngh\u1ec1 nghi\u1ec7p t\u01b0\u01a1ng lai c\u1ee7a b\u1ea1n. V\u00e0 \u0111i\u1ec1u \u0111\u1eb7c bi\u1ec7t h\u01a1n n\u1eefa, \u0111\u00f3 ch\u00ednh l\u00e0 <strong>c\u00e1c anh ch\u1ecb C\u1ef1u sinh vi\u00ean HSU<\/strong> \u2013 nh\u1eefng ng\u01b0\u1eddi \u0111\u00e3 \u0111\u1ea1t \u0111\u01b0\u1ee3c th\u00e0nh c\u00f4ng trong ch\u00ednh l\u0129nh v\u1ef1c h\u1ecd theo \u0111u\u1ed5i.<\/p>\n\n\n\n<p>V\u1edbi s\u1ef1 ra \u0111\u1eddi c\u1ee7a Hoa Sen Mentoring Program, c\u00f9ng s\u1ef1 \u0111\u1ed3ng h\u00e0nh c\u1ee7a c\u00e1c chuy\u00ean gia trong ng\u00e0nh, c\u00e1c Mentor \u2013 nh\u1eefng ng\u01b0\u1eddi \u0111i tr\u01b0\u1edbc s\u1ebd mang \u0111\u1ebfn cho b\u1ea1n tr\u1ea3i nghi\u1ec7m th\u1ef1c t\u1ebf, b\u00e0i h\u1ecdc \u0111\u1eaft gi\u00e1, ki\u1ebfn th\u1ee9c h\u1eefu \u00edch v\u00e0 \u0111\u1ecbnh h\u01b0\u1edbng ngh\u1ec1 nghi\u1ec7p v\u1eefng ch\u1eafc \u0111\u1ec3 t\u1ef1 tin b\u01b0\u1edbc v\u00e0o t\u01b0\u01a1ng lai.<\/p>\n\n\n\n<p><strong>ThS. Nguy\u1ec5n Th\u1ecb T\u00e2m \u2013 Chuy\u00ean gia T\u00e2m l\u00fd c\u1ee7a Trung t\u00e2m tham v\u1ea5n t\u00e2m l\u00fd H\u1ed3n Vi\u1ec7t<\/strong>, Mentor m\u00f9a 1, \u0111\u00e3 chia s\u1ebb: <em>\u201cT\u00f4i th\u1ef1c s\u1ef1 c\u1ea3m th\u1ea5y h\u1ea1nh ph\u00fac khi tr\u1edf th\u00e0nh Mentor c\u1ee7a m\u00f9a 1 v\u00e0 khi \u0111\u01b0\u1ee3c c\u00e1c b\u1ea1n sinh vi\u00ean b\u00e0y t\u1ecf s\u1ef1 bi\u1ebft \u01a1n. C\u00e1c b\u1ea1n \u0111\u00e3 th\u1ea5y \u0111\u01b0\u1ee3c nh\u1eefng gi\u00e1 tr\u1ecb ch\u01b0\u01a1ng tr\u00ecnh Hoa Sen Mentoring mang l\u1ea1i. T\u00f4i cho r\u1eb1ng, \u0111\u00e2y l\u00e0 m\u1ed9t ch\u01b0\u01a1ng tr\u00ecnh \u00fd ngh\u0129a, \u0111\u1eaft gi\u00e1 v\u00e0 k\u1ecbp th\u1eddi d\u00e0nh cho sinh vi\u00ean trong th\u1eddi \u0111i\u1ec3m hi\u1ec7n nay.\u201d<\/em><\/p>\n\n\n\n<figure class=\"wp-block-video aligncenter\"><video height=\"720\" style=\"aspect-ratio: 1280 \/ 720;\" width=\"1280\" controls src=\"https:\/\/www.hoasen.edu.vn\/so-tay-sinh-vien\/wp-content\/uploads\/sites\/46\/2023\/02\/DDLVID.com-1676020965135.mp4\"><\/video><figcaption class=\"wp-element-caption\"><em>Chia s\u1ebb c\u1ee7a Mentees sau khi tham gia Hoa Sen Mentoring Program m\u00f9a \u0111\u1ea7u ti\u00ean<\/em><\/figcaption><\/figure>\n\n\n\n<h2 class=\"wp-block-heading\" style=\"font-size:20px\">NH\u1eeeNG D\u1ea4U \u1ea4N N\u1ed4I B\u1eacT C\u1ee6A HOA SEN MENTORING<\/h2>\n\n\n\n<p>Tr\u1ea3i qua 3 m\u00f9a t\u1ed5 ch\u1ee9c, Hoa Sen Mentoring \u0111\u00e3 kh\u1eb3ng \u0111\u1ecbnh l\u00e0 m\u1ed9t trong nh\u1eefng ch\u01b0\u01a1ng tr\u00ecnh \u0111\u1ed3ng h\u00e0nh c\u00f9ng sinh vi\u00ean n\u1ed5i b\u1eadt t\u1ea1i Tr\u01b0\u1eddng \u0110\u1ea1i h\u1ecdc Hoa Sen. Ch\u1ec9 ri\u00eang m\u00f9a 1, ch\u01b0\u01a1ng tr\u00ecnh \u0111\u00e3 ghi nh\u1eadn nh\u1eefng con s\u1ed1 \u1ea5n t\u01b0\u1ee3ng: <strong>17.280 ph\u00fat Mentoring quy \u0111\u1ed5i<\/strong>; <strong>204 bu\u1ed5i meeting<\/strong>; <strong>302 b\u00e0i recap t\u1eeb Mentee<\/strong>; <strong>56 Mentee<\/strong>; <strong>26 Mentor<\/strong> l\u00e0 c\u00e1c chuy\u00ean gia, c\u1ef1u sinh vi\u00ean th\u00e0nh c\u00f4ng; <strong>25 ho\u1ea1t \u0111\u1ed9ng \u0111\u01b0\u1ee3c tri\u1ec3n khai<\/strong>.<\/p>\n\n\n\n<figure class=\"wp-block-gallery has-nested-images columns-default is-cropped wp-block-gallery-1 is-layout-flex wp-block-gallery-is-layout-flex\">\n<figure class=\"wp-block-image size-large\"><img loading=\"lazy\" decoding=\"async\" width=\"2048\" height=\"1152\" data-id=\"2024\" src=\"https:\/\/www.hoasen.edu.vn\/so-tay-sinh-vien\/wp-content\/uploads\/sites\/46\/2023\/09\/379530165_276232441841618_3876442233101568544_n.jpg\" alt=\"\" class=\"wp-image-2024\" srcset=\"https:\/\/www.hoasen.edu.vn\/so-tay-sinh-vien\/wp-content\/uploads\/sites\/46\/2023\/09\/379530165_276232441841618_3876442233101568544_n.jpg 2048w, https:\/\/www.hoasen.edu.vn\/so-tay-sinh-vien\/wp-content\/uploads\/sites\/46\/2023\/09\/379530165_276232441841618_3876442233101568544_n-300x169.jpg 300w, https:\/\/www.hoasen.edu.vn\/so-tay-sinh-vien\/wp-content\/uploads\/sites\/46\/2023\/09\/379530165_276232441841618_3876442233101568544_n-768x432.jpg 768w, https:\/\/www.hoasen.edu.vn\/so-tay-sinh-vien\/wp-content\/uploads\/sites\/46\/2023\/09\/379530165_276232441841618_3876442233101568544_n-1536x864.jpg 1536w\" sizes=\"auto, (max-width: 2048px) 100vw, 2048px\" \/><\/figure>\n\n\n\n<figure class=\"wp-block-image size-large\"><img loading=\"lazy\" decoding=\"async\" width=\"2048\" height=\"1152\" data-id=\"2023\" src=\"https:\/\/www.hoasen.edu.vn\/so-tay-sinh-vien\/wp-content\/uploads\/sites\/46\/2023\/09\/379753218_276226748508854_196889750265861996_n.jpg\" alt=\"\" class=\"wp-image-2023\" srcset=\"https:\/\/www.hoasen.edu.vn\/so-tay-sinh-vien\/wp-content\/uploads\/sites\/46\/2023\/09\/379753218_276226748508854_196889750265861996_n.jpg 2048w, https:\/\/www.hoasen.edu.vn\/so-tay-sinh-vien\/wp-content\/uploads\/sites\/46\/2023\/09\/379753218_276226748508854_196889750265861996_n-300x169.jpg 300w, https:\/\/www.hoasen.edu.vn\/so-tay-sinh-vien\/wp-content\/uploads\/sites\/46\/2023\/09\/379753218_276226748508854_196889750265861996_n-768x432.jpg 768w, https:\/\/www.hoasen.edu.vn\/so-tay-sinh-vien\/wp-content\/uploads\/sites\/46\/2023\/09\/379753218_276226748508854_196889750265861996_n-1536x864.jpg 1536w\" sizes=\"auto, (max-width: 2048px) 100vw, 2048px\" \/><\/figure>\n\n\n\n<figure class=\"wp-block-image size-full\"><img loading=\"lazy\" decoding=\"async\" width=\"2048\" height=\"1152\" data-id=\"2025\" src=\"https:\/\/www.hoasen.edu.vn\/so-tay-sinh-vien\/wp-content\/uploads\/sites\/46\/2023\/09\/379240501_276232508508278_1658640883820312082_n.jpg\" alt=\"\" class=\"wp-image-2025\" srcset=\"https:\/\/www.hoasen.edu.vn\/so-tay-sinh-vien\/wp-content\/uploads\/sites\/46\/2023\/09\/379240501_276232508508278_1658640883820312082_n.jpg 2048w, https:\/\/www.hoasen.edu.vn\/so-tay-sinh-vien\/wp-content\/uploads\/sites\/46\/2023\/09\/379240501_276232508508278_1658640883820312082_n-300x169.jpg 300w, https:\/\/www.hoasen.edu.vn\/so-tay-sinh-vien\/wp-content\/uploads\/sites\/46\/2023\/09\/379240501_276232508508278_1658640883820312082_n-768x432.jpg 768w, https:\/\/www.hoasen.edu.vn\/so-tay-sinh-vien\/wp-content\/uploads\/sites\/46\/2023\/09\/379240501_276232508508278_1658640883820312082_n-1536x864.jpg 1536w\" sizes=\"auto, (max-width: 2048px) 100vw, 2048px\" \/><\/figure>\n<\/figure>\n\n\n\n<p>Ti\u1ebfp n\u1ed1i th\u00e0nh c\u00f4ng \u0111\u00f3, \u1edf m\u00f9a 2 v\u00e0 m\u00f9a 3, ch\u01b0\u01a1ng tr\u00ecnh \u0111\u00e3 m\u1edf r\u1ed9ng quy m\u00f4 v\u1edbi s\u1ef1 tham gia c\u1ee7a <strong>h\u01a1n 100 Mentor<\/strong>, bao g\u1ed3m doanh nh\u00e2n, chuy\u00ean gia, l\u00e3nh \u0111\u1ea1o doanh nghi\u1ec7p v\u00e0 c\u1ef1u sinh vi\u00ean th\u00e0nh c\u00f4ng. Th\u00f4ng qua ho\u1ea1t \u0111\u1ed9ng c\u1ed1 v\u1ea5n 1:1, workshop k\u1ef9 n\u0103ng, field trip v\u00e0 k\u1ebft n\u1ed1i doanh nghi\u1ec7p, ch\u01b0\u01a1ng tr\u00ecnh \u0111\u00e3 gi\u00fap <strong>h\u00e0ng tr\u0103m sinh vi\u00ean HSU<\/strong> x\u00e1c \u0111\u1ecbnh r\u00f5 \u0111\u1ecbnh h\u01b0\u1edbng ngh\u1ec1 nghi\u1ec7p, ph\u00e1t tri\u1ec3n k\u1ef9 n\u0103ng l\u00e3nh \u0111\u1ea1o, t\u1ef1 tin h\u01a1n trong giao ti\u1ebfp v\u00e0 s\u1eb5n s\u00e0ng h\u1ed9i nh\u1eadp v\u00e0o m\u00f4i tr\u01b0\u1eddng l\u00e0m vi\u1ec7c chuy\u00ean nghi\u1ec7p.<\/p>\n\n\n\n<h2 class=\"wp-block-heading\" style=\"font-size:20px\">H\u00c0NH TR\u00ccNH HOA SEN MENTORING TI\u1ebeP T\u1ee4C TI\u1ebeP N\u1ed0I<\/h2>\n\n\n\n<p>B\u01b0\u1edbc sang n\u0103m 2025, ch\u01b0\u01a1ng tr\u00ecnh Hoa Sen Mentoring ch\u00ednh th\u1ee9c kh\u1edfi \u0111\u1ed9ng m\u00f9a th\u1ee9 4, h\u1ee9a h\u1eb9n mang \u0111\u1ebfn cho sinh vi\u00ean nhi\u1ec1u c\u01a1 h\u1ed9i h\u1ecdc t\u1eadp v\u00e0 tr\u1ea3i nghi\u1ec7m \u0111a d\u1ea1ng h\u01a1n. \u1ede m\u00f9a n\u00e0y, sinh vi\u00ean HSU s\u1ebd \u0111\u01b0\u1ee3c:<\/p>\n\n\n\n<ul class=\"wp-block-list\">\n<li>Ti\u1ebfp c\u1eadn v\u00e0 h\u1ecdc h\u1ecfi t\u1eeb c\u00e1c Mentor l\u00e0 doanh nh\u00e2n, CEO v\u00e0 l\u00e3nh \u0111\u1ea1o doanh nghi\u1ec7p.<\/li>\n\n\n\n<li>Ph\u00e1t tri\u1ec3n k\u1ef9 n\u0103ng l\u00e3nh \u0111\u1ea1o, t\u01b0 duy ph\u1ea3n bi\u1ec7n, k\u1ef9 n\u0103ng tranh bi\u1ec7n chuy\u00ean nghi\u1ec7p.<\/li>\n\n\n\n<li>X\u00e2y d\u1ef1ng l\u1ed9 tr\u00ecnh ngh\u1ec1 nghi\u1ec7p r\u00f5 r\u00e0ng, m\u1edf r\u1ed9ng c\u01a1 h\u1ed9i vi\u1ec7c l\u00e0m v\u00e0 k\u1ebft n\u1ed1i doanh nghi\u1ec7p.<\/li>\n\n\n\n<li>Tham gia c\u00e1c ch\u01b0\u01a1ng tr\u00ecnh h\u1ecdc b\u1ed5ng, h\u1ed7 tr\u1ee3 t\u00e0i ch\u00ednh v\u00e0 \u0111\u01b0\u1ee3c c\u1ea5p Gi\u1ea5y ch\u1ee9ng nh\u1eadn \u0111\u1ec3 x\u00e9t h\u1ecdc b\u1ed5ng ho\u1eb7c b\u1ed5 sung h\u1ed3 s\u01a1 h\u1ecdc thu\u1eadt.<\/li>\n<\/ul>\n\n\n\n<figure class=\"wp-block-gallery has-nested-images columns-default is-cropped wp-block-gallery-2 is-layout-flex wp-block-gallery-is-layout-flex\">\n<figure class=\"wp-block-image size-large\"><img loading=\"lazy\" decoding=\"async\" width=\"2048\" height=\"1152\" data-id=\"2021\" src=\"https:\/\/www.hoasen.edu.vn\/so-tay-sinh-vien\/wp-content\/uploads\/sites\/46\/2023\/09\/379845412_276233175174878_7611959990764359809_n.jpg\" alt=\"\" class=\"wp-image-2021\" srcset=\"https:\/\/www.hoasen.edu.vn\/so-tay-sinh-vien\/wp-content\/uploads\/sites\/46\/2023\/09\/379845412_276233175174878_7611959990764359809_n.jpg 2048w, https:\/\/www.hoasen.edu.vn\/so-tay-sinh-vien\/wp-content\/uploads\/sites\/46\/2023\/09\/379845412_276233175174878_7611959990764359809_n-300x169.jpg 300w, https:\/\/www.hoasen.edu.vn\/so-tay-sinh-vien\/wp-content\/uploads\/sites\/46\/2023\/09\/379845412_276233175174878_7611959990764359809_n-768x432.jpg 768w, https:\/\/www.hoasen.edu.vn\/so-tay-sinh-vien\/wp-content\/uploads\/sites\/46\/2023\/09\/379845412_276233175174878_7611959990764359809_n-1536x864.jpg 1536w\" sizes=\"auto, (max-width: 2048px) 100vw, 2048px\" \/><\/figure>\n\n\n\n<figure class=\"wp-block-image size-large\"><img loading=\"lazy\" decoding=\"async\" width=\"2048\" height=\"1152\" data-id=\"2019\" src=\"https:\/\/www.hoasen.edu.vn\/so-tay-sinh-vien\/wp-content\/uploads\/sites\/46\/2023\/09\/378067373_276232555174940_7639671559401782430_n.jpg\" alt=\"\" class=\"wp-image-2019\" srcset=\"https:\/\/www.hoasen.edu.vn\/so-tay-sinh-vien\/wp-content\/uploads\/sites\/46\/2023\/09\/378067373_276232555174940_7639671559401782430_n.jpg 2048w, https:\/\/www.hoasen.edu.vn\/so-tay-sinh-vien\/wp-content\/uploads\/sites\/46\/2023\/09\/378067373_276232555174940_7639671559401782430_n-300x169.jpg 300w, https:\/\/www.hoasen.edu.vn\/so-tay-sinh-vien\/wp-content\/uploads\/sites\/46\/2023\/09\/378067373_276232555174940_7639671559401782430_n-768x432.jpg 768w, https:\/\/www.hoasen.edu.vn\/so-tay-sinh-vien\/wp-content\/uploads\/sites\/46\/2023\/09\/378067373_276232555174940_7639671559401782430_n-1536x864.jpg 1536w\" sizes=\"auto, (max-width: 2048px) 100vw, 2048px\" \/><\/figure>\n\n\n\n<figure class=\"wp-block-image size-large\"><img loading=\"lazy\" decoding=\"async\" width=\"2048\" height=\"1152\" data-id=\"2020\" src=\"https:\/\/www.hoasen.edu.vn\/so-tay-sinh-vien\/wp-content\/uploads\/sites\/46\/2023\/09\/378122230_276232798508249_4194792680209925433_n.jpg\" alt=\"\" class=\"wp-image-2020\" srcset=\"https:\/\/www.hoasen.edu.vn\/so-tay-sinh-vien\/wp-content\/uploads\/sites\/46\/2023\/09\/378122230_276232798508249_4194792680209925433_n.jpg 2048w, https:\/\/www.hoasen.edu.vn\/so-tay-sinh-vien\/wp-content\/uploads\/sites\/46\/2023\/09\/378122230_276232798508249_4194792680209925433_n-300x169.jpg 300w, https:\/\/www.hoasen.edu.vn\/so-tay-sinh-vien\/wp-content\/uploads\/sites\/46\/2023\/09\/378122230_276232798508249_4194792680209925433_n-768x432.jpg 768w, https:\/\/www.hoasen.edu.vn\/so-tay-sinh-vien\/wp-content\/uploads\/sites\/46\/2023\/09\/378122230_276232798508249_4194792680209925433_n-1536x864.jpg 1536w\" sizes=\"auto, (max-width: 2048px) 100vw, 2048px\" \/><\/figure>\n<\/figure>\n\n\n\n<p>\u0110\u1eb7c bi\u1ec7t, t\u1eeb th\u00e1ng 6 \u0111\u1ebfn th\u00e1ng 8\/2025, sinh vi\u00ean \u0111\u0103ng k\u00fd l\u00e0m Mentee m\u00f9a 4 s\u1ebd tham gia 7 tu\u1ea7n mentoring &amp; ph\u00e1t tri\u1ec3n k\u1ef9 n\u0103ng c\u00f9ng <strong>21 n\u1eef l\u00e3nh \u0111\u1ea1o \u0111\u1ebfn t\u1eeb JCI Wonder Woman<\/strong>. Ho\u1ea1t \u0111\u1ed9ng s\u1ebd bao g\u1ed3m mentoring 1:1\/nh\u00f3m v\u00e0 chu\u1ed7i workshop chuy\u00ean s\u00e2u, mang \u0111\u1ebfn tr\u1ea3i nghi\u1ec7m h\u1ecdc t\u1eadp th\u1ef1c t\u1ebf, thi\u1ebft th\u1ef1c v\u00e0 truy\u1ec1n c\u1ea3m h\u1ee9ng.<\/p>\n\n\n\n<p>V\u1edbi s\u1ef1 g\u1eafn k\u1ebft ch\u1eb7t ch\u1ebd gi\u1eefa <strong>Mentor \u2013 Mentee \u2013 Nh\u00e0 tr\u01b0\u1eddng<\/strong>, Hoa Sen Mentoring m\u00f9a 4 kh\u00f4ng ch\u1ec9 l\u00e0 m\u1ed9t ch\u01b0\u01a1ng tr\u00ecnh c\u1ed1 v\u1ea5n ngh\u1ec1 nghi\u1ec7p, m\u00e0 c\u00f2n l\u00e0 m\u1ed9t h\u00e0nh tr\u00ecnh truy\u1ec1n c\u1ea3m h\u1ee9ng, k\u1ebft n\u1ed1i tri th\u1ee9c v\u00e0 ki\u1ebfn t\u1ea1o th\u1ebf h\u1ec7 sinh vi\u00ean b\u1ea3n l\u0129nh, t\u1ef1 tin, h\u1ed9i nh\u1eadp qu\u1ed1c t\u1ebf.<\/p>\n\n\n\n<figure class=\"wp-block-image size-full\"><img loading=\"lazy\" decoding=\"async\" width=\"2048\" height=\"1169\" src=\"https:\/\/www.hoasen.edu.vn\/so-tay-sinh-vien\/wp-content\/uploads\/sites\/46\/2025\/09\/mentoring-mu\u0300a-4-workshop-La-ba\u0300n-no\u0323\u0302i-ta\u0302m-2.jpg\" alt=\"\" class=\"wp-image-3023\"\/><\/figure>\n\n\n\n<div class=\"wp-block-columns is-layout-flex wp-container-core-columns-is-layout-9d6595d7 wp-block-columns-is-layout-flex\">\n<div class=\"wp-block-column is-layout-flow wp-block-column-is-layout-flow\">\n<figure class=\"wp-block-image size-full\"><img loading=\"lazy\" decoding=\"async\" width=\"2048\" height=\"1169\" src=\"https:\/\/www.hoasen.edu.vn\/so-tay-sinh-vien\/wp-content\/uploads\/sites\/46\/2025\/09\/mentoring-mu\u0300a-4-workshop-La-ba\u0300n-no\u0323\u0302i-ta\u0302m-3.jpg\" alt=\"\" class=\"wp-image-3026\"\/><\/figure>\n<\/div>\n\n\n\n<div class=\"wp-block-column is-layout-flow wp-block-column-is-layout-flow\">\n<figure class=\"wp-block-image size-full\"><img loading=\"lazy\" decoding=\"async\" width=\"2048\" height=\"1168\" src=\"https:\/\/www.hoasen.edu.vn\/so-tay-sinh-vien\/wp-content\/uploads\/sites\/46\/2025\/09\/mentoring-mu\u0300a-4-workshop-La-ba\u0300n-no\u0323\u0302i-ta\u0302m-11.jpg\" alt=\"\" class=\"wp-image-3024\"\/><\/figure>\n<\/div>\n\n\n\n<div class=\"wp-block-column is-layout-flow wp-block-column-is-layout-flow\">\n<figure class=\"wp-block-image size-full\"><img loading=\"lazy\" decoding=\"async\" width=\"2048\" height=\"1168\" src=\"https:\/\/www.hoasen.edu.vn\/so-tay-sinh-vien\/wp-content\/uploads\/sites\/46\/2025\/09\/mentoring-mu\u0300a-4-workshop-La-ba\u0300n-no\u0323\u0302i-ta\u0302m-5.jpg\" alt=\"\" class=\"wp-image-3025\"\/><\/figure>\n<\/div>\n<\/div>\n\n\n\n<p><\/p>\n\n\n\n<p><\/p>\n\n\n\n<p><\/p>\n\n\n\n<p><\/p>\n\n\n\n<p><\/p>\n","protected":false},"excerpt":{"rendered":"<p>Ch\u01b0\u01a1ng tr\u00ecnh Hoa Sen Mentoring \u0111\u01b0\u1ee3c x\u00e2y d\u1ef1ng nh\u1eb1m t\u1ea1o c\u01a1 h\u1ed9i cho sinh vi\u00ean h\u1ecdc h\u1ecfi tr\u1ef1c ti\u1ebfp t\u1eeb c\u00e1c chuy\u00ean gia, c\u1ef1u sinh vi\u00ean th\u00e0nh c\u00f4ng v\u00e0 \u0111\u1ed9i ng\u0169 gi\u1ea3ng vi\u00ean gi\u00e0u kinh nghi\u1ec7m. V\u1edbi h\u00ecnh th\u1ee9c c\u1ed1 v\u1ea5n 1:1, k\u1ebft h\u1ee3p c\u00f9ng chu\u1ed7i workshop v\u00e0 c\u00e1c ho\u1ea1t \u0111\u1ed9ng th\u1ef1c ti\u1ec5n, ch\u01b0\u01a1ng tr\u00ecnh kh\u00f4ng ch\u1ec9 h\u1ed7 tr\u1ee3 sinh vi\u00ean \u0111\u1ecbnh h\u01b0\u1edbng ngh\u1ec1 nghi\u1ec7p v\u00e0 ph\u00e1t tri\u1ec3n k\u1ef9 n\u0103ng, m\u00e0 c\u00f2n kh\u01a1i d\u1eady s\u1ef1 t\u1ef1 tin \u2013 h\u00e0nh trang quan tr\u1ecdng s\u1eb5n s\u00e0ng h\u1ed9i nh\u1eadp v\u00e0o m\u00f4i tr\u01b0\u1eddng l\u00e0m vi\u1ec7c chuy\u00ean nghi\u1ec7p v\u00e0 to\u00e0n c\u1ea7u. H\u00c0NH TR\u00ccNH \u00dd NGH\u0128A&#8230;<\/p>\n","protected":false},"author":38,"featured_media":0,"parent":0,"menu_order":0,"comment_status":"closed","ping_status":"closed","template":"","meta":{"footnotes":""},"class_list":["post-49","page","type-page","status-publish","hentry"],"acf":[],"_links":{"self":[{"href":"https:\/\/www.hoasen.edu.vn\/so-tay-sinh-vien\/wp-json\/wp\/v2\/pages\/49","targetHints":{"allow":["GET"]}}],"collection":[{"href":"https:\/\/www.hoasen.edu.vn\/so-tay-sinh-vien\/wp-json\/wp\/v2\/pages"}],"about":[{"href":"https:\/\/www.hoasen.edu.vn\/so-tay-sinh-vien\/wp-json\/wp\/v2\/types\/page"}],"author":[{"embeddable":true,"href":"https:\/\/www.hoasen.edu.vn\/so-tay-sinh-vien\/wp-json\/wp\/v2\/users\/38"}],"replies":[{"embeddable":true,"href":"https:\/\/www.hoasen.edu.vn\/so-tay-sinh-vien\/wp-json\/wp\/v2\/comments?post=49"}],"version-history":[{"count":21,"href":"https:\/\/www.hoasen.edu.vn\/so-tay-sinh-vien\/wp-json\/wp\/v2\/pages\/49\/revisions"}],"predecessor-version":[{"id":3087,"href":"https:\/\/www.hoasen.edu.vn\/so-tay-sinh-vien\/wp-json\/wp\/v2\/pages\/49\/revisions\/3087"}],"wp:attachment":[{"href":"https:\/\/www.hoasen.edu.vn\/so-tay-sinh-vien\/wp-json\/wp\/v2\/media?parent=49"}],"curies":[{"name":"wp","href":"https:\/\/api.w.org\/{rel}","templated":true}]}}