{"id":45,"date":"2022-08-01T02:28:16","date_gmt":"2022-08-01T02:28:16","guid":{"rendered":"https:\/\/www.hoasen.edu.vn\/so-tay-sinh-vien\/?page_id=45"},"modified":"2025-09-10T10:26:26","modified_gmt":"2025-09-10T10:26:26","slug":"thuc-tap-nhan-thuc-thuc-tap-tot-nghiep","status":"publish","type":"page","link":"https:\/\/www.hoasen.edu.vn\/so-tay-sinh-vien\/thuc-tap-nhan-thuc-thuc-tap-tot-nghiep\/","title":{"rendered":"Th\u1ef1c t\u1eadp nh\u1eadn th\u1ee9c &#8211; Th\u1ef1c t\u1eadp t\u1ed1t nghi\u1ec7p"},"content":{"rendered":"\n<p>Th\u1ef1c t\u1eadp l\u00e0 m\u1ed9t trong nh\u1eefng h\u00ecnh th\u1ee9c h\u1ecdc t\u1eadp quan tr\u1ecdng, th\u1ec3 hi\u1ec7n r\u00f5 tri\u1ebft l\u00fd gi\u00e1o d\u1ee5c \u201cth\u1ef1c h\u1ecdc-th\u1ef1c l\u00e0m\u201d v\u00e0 \u0111\u1ec1 cao vi\u1ec7c h\u1ecdc \u0111i \u0111\u00f4i v\u1edbi th\u1ef1c h\u00e0nh c\u1ee7a \u0110\u1ea1i h\u1ecdc Hoa Sen. K\u1ec3 t\u1eeb nh\u1eefng ng\u00e0y \u0111\u1ea7u th\u00e0nh l\u1eadp (n\u0103m 1991) t\u1edbi nay, Th\u1ef1c t\u1eadp v\u1eabn lu\u00f4n l\u00e0 ho\u1ea1t \u0111\u1ed9ng \u0111\u00e0o t\u1ea1o \u0111\u01b0\u1ee3c coi tr\u1ecdng h\u00e0ng \u0111\u1ea7u v\u00e0 c\u0169ng th\u1ec3 hi\u1ec7n \u01b0u th\u1ebf \u0111\u00e0o t\u1ea1o c\u1ee7a tr\u01b0\u1eddng.<\/p>\n\n\n\n<p>C\u00e1c Ch\u01b0\u01a1ng tr\u00ecnh Th\u1ef1c t\u1eadp gi\u00fap sinh vi\u00ean t\u00edch l\u0169y tr\u1ea3i nghi\u1ec7m th\u1ef1c ti\u1ec5n, n\u00e2ng cao nh\u1eadn th\u1ee9c, k\u1ef9 n\u0103ng, kinh nghi\u1ec7m l\u00e0m vi\u1ec7c, t\u1eeb \u0111\u00f3 gi\u00fap sinh vi\u00ean t\u1ef1 tin, s\u1eb5n s\u00e0ng tham gia th\u1ecb tr\u01b0\u1eddng lao \u0111\u1ed9ng ngay khi ra tr\u01b0\u1eddng.<\/p>\n\n\n\n<figure class=\"wp-block-gallery has-nested-images columns-default is-cropped wp-block-gallery-1 is-layout-flex wp-block-gallery-is-layout-flex\">\n<figure class=\"wp-block-image size-full\"><img loading=\"lazy\" decoding=\"async\" width=\"2048\" height=\"1277\" data-id=\"1785\" src=\"https:\/\/www.hoasen.edu.vn\/so-tay-sinh-vien\/wp-content\/uploads\/sites\/46\/2023\/06\/291996093_5286612514739497_8416739694900450655_n.jpg\" alt=\"\" class=\"wp-image-1785\" srcset=\"https:\/\/www.hoasen.edu.vn\/so-tay-sinh-vien\/wp-content\/uploads\/sites\/46\/2023\/06\/291996093_5286612514739497_8416739694900450655_n.jpg 2048w, https:\/\/www.hoasen.edu.vn\/so-tay-sinh-vien\/wp-content\/uploads\/sites\/46\/2023\/06\/291996093_5286612514739497_8416739694900450655_n-300x187.jpg 300w, https:\/\/www.hoasen.edu.vn\/so-tay-sinh-vien\/wp-content\/uploads\/sites\/46\/2023\/06\/291996093_5286612514739497_8416739694900450655_n-768x479.jpg 768w, https:\/\/www.hoasen.edu.vn\/so-tay-sinh-vien\/wp-content\/uploads\/sites\/46\/2023\/06\/291996093_5286612514739497_8416739694900450655_n-1536x958.jpg 1536w\" sizes=\"auto, (max-width: 2048px) 100vw, 2048px\" \/><\/figure>\n<\/figure>\n\n\n\n<p>Th\u1ef1c t\u1eadp (internship) l\u00e0 h\u00ecnh th\u1ee9c h\u1ecdc t\u1eadp th\u00f4ng qua vi\u1ec7c sinh vi\u00ean tr\u1ea3i nghi\u1ec7m trong m\u00f4i tr\u01b0\u1eddng l\u00e0m vi\u1ec7c th\u1ef1c t\u1ebf t\u1ea1i c\u00e1c t\u1ed5 ch\u1ee9c-doanh nghi\u1ec7p trong m\u1ed9t kho\u1ea3ng th\u1eddi gian nh\u1ea5t \u0111\u1ecbnh.<\/p>\n\n\n\n<p>C\u00e1c lo\u1ea1i h\u00ecnh th\u1ef1c t\u1eadp:<\/p>\n\n\n\n<ul class=\"wp-block-list\">\n<li>Th\u1ef1c t\u1eadp Nh\u1eadn th\u1ee9c: SV s\u1ebd \u0111i th\u1ef1c t\u1eadp l\u1ea7n \u0111\u1ea7u ti\u00ean v\u00e0o h\u1ecdc k\u1ef3 H\u00e8 n\u0103m 2 trong v\u00f2ng 7 tu\u1ea7n t\u1ea1i doanh nghi\u1ec7p, g\u1ecdi l\u00e0 Th\u1ef1c t\u1eadp nh\u1eadn th\u1ee9c;<\/li>\n\n\n\n<li>Th\u1ef1c t\u1eadp Nh\u1eadn th\u1ee9c d\u01b0\u1edbi h\u00ecnh th\u1ee9c t\u00edch lu\u1ef9: SV \u0111\u01b0\u1ee3c c\u00f4ng nh\u1eadn h\u1ecdc ph\u1ea7n th\u1ef1c t\u1eadp nh\u1eadn th\u1ee9c khi t\u00edch lu\u1ef9 \u0111\u1ee7 280 gi\u1edd l\u00e0m vi\u1ec7c th\u1ef1c t\u1ebf t\u1ea1i c\u01a1 quan, doanh nghi\u1ec7p. Ngo\u00e0i ra, SV c\u0169ng c\u00f3 th\u1ec3 tham gia c\u00e1c d\u1ef1 \u00e1n c\u1ee7a tr\u01b0\u1eddng\/Khoa, c\u00e1c ho\u1ea1t \u0111\u1ed9ng x\u00e3 h\u1ed9i, c\u1ed9ng \u0111\u1ed3ng do tr\u01b0\u1eddng v\u00e0 \u0110o\u00e0n Thanh ni\u00ean\/ H\u1ed9i sinh vi\u00ean t\u1ed5 ch\u1ee9c; Sinh vi\u00ean c\u00f3 th\u1ec3 ch\u1ecdn \u0111i field trip \u0111\u1ec3 \u0111\u01b0\u1ee3c x\u00e9t c\u00f4ng nh\u1eadn ho\u00e0n th\u00e0nh th\u1ef1c t\u1eadp nh\u1eadn th\u1ee9c d\u01b0\u1edbi HTTL;<\/li>\n\n\n\n<li>Th\u1ef1c t\u1eadp t\u1ea1i n\u01b0\u1edbc ngo\u00e0i: sinh vi\u00ean c\u00f3 th\u1ec3 ch\u1ecdn th\u1ef1c t\u1eadp nh\u1eadn th\u1ee9c, th\u1ef1c t\u1eadp t\u1ed1t nghi\u1ec7p t\u1ea1i Nh\u1eadt B\u1ea3n, M\u1ef9, Singapore t\u00f9y v\u00e0o n\u0103ng l\u1ef1c h\u1ecdc t\u1eadp v\u00e0 kh\u1ea3 n\u0103ng t\u00e0i ch\u00ednh c\u0169ng nh\u01b0 c\u00e1c th\u1ee7 t\u1ee5c xu\u1ea5t c\u1ea3nh v\u00e0 c\u00e1c quy \u0111\u1ecbnh kh\u00e1c;<\/li>\n\n\n\n<li>Th\u1ef1c t\u1eadp t\u1ed1t nghi\u1ec7p: sau khi ho\u00e0n th\u00e0nh c\u00e1c m\u00f4n h\u1ecdc, sinh vi\u00ean n\u0103m cu\u1ed1i s\u1ebd tham gia h\u1ecdc k\u1ef3 th\u1ef1c t\u1eadp t\u1ed1t nghi\u1ec7p di\u1ec5n ra trong 15 tu\u1ea7n<\/li>\n<\/ul>\n\n\n\n<figure class=\"wp-block-gallery has-nested-images columns-default is-cropped wp-block-gallery-2 is-layout-flex wp-block-gallery-is-layout-flex\">\n<figure class=\"wp-block-image size-full\"><img loading=\"lazy\" decoding=\"async\" width=\"2048\" height=\"1288\" data-id=\"2724\" src=\"https:\/\/www.hoasen.edu.vn\/so-tay-sinh-vien\/wp-content\/uploads\/sites\/46\/2024\/11\/444479560_960136372478084_5650236617363918224_n-2.jpg\" alt=\"\" class=\"wp-image-2724\"\/><\/figure>\n<\/figure>\n\n\n\n<p>M\u1ed7i n\u0103m tr\u01b0\u1eddng \u0110\u1ea1i h\u1ecdc Hoa Sen t\u1ed5 ch\u1ee9c 4 k\u1ef3 th\u1ef1c t\u1eadp\/ 1 n\u0103m&nbsp; t\u01b0\u01a1ng \u1ee9ng v\u1edbi 4 h\u1ecdc k\u1ef3\/ 1 n\u0103m, theo m\u1ed1c th\u1eddi gian c\u1ee7a Ph\u00f2ng \u0110\u00e0o t\u1ea1o. 2 k\u1ef3 th\u1ef1c t\u1eadp nh\u1eadn th\u1ee9c di\u1ec5n ra v\u00e0o h\u1ecdc k\u1ef3 T\u1ebft v\u00e0 h\u1ecdc k\u1ef3 H\u00e8, sinh vi\u00ean c\u1ea7n tham gia th\u1ef1c t\u1eadp 40h\/ 1 tu\u1ea7n x 7 tu\u1ea7n t\u1ea1i doanh nghi\u1ec7p. 2 k\u1ef3 th\u1ef1c t\u1eadp t\u1ed1t nghi\u1ec7p s\u1ebd di\u1ec5n ra v\u00e0o h\u1ecdc k\u1ef3 ch\u00ednh, sinh vi\u00ean c\u1ea7n tham gia th\u1ef1c t\u1eadp t\u1ea1i doanh nghi\u1ec7p nh\u01b0 1 nh\u00e2n vi\u00ean ch\u00ednh th\u1ee9c v\u1edbi th\u1eddi l\u01b0\u1ee3ng&nbsp; 40h\/ 1 tu\u1ea7n x 15 tu\u1ea7n. <\/p>\n\n\n\n<figure class=\"wp-block-gallery has-nested-images columns-default is-cropped wp-block-gallery-3 is-layout-flex wp-block-gallery-is-layout-flex\">\n<figure class=\"wp-block-image size-full\"><img loading=\"lazy\" decoding=\"async\" width=\"2077\" height=\"1357\" data-id=\"2726\" src=\"https:\/\/www.hoasen.edu.vn\/so-tay-sinh-vien\/wp-content\/uploads\/sites\/46\/2024\/11\/444479560_960136372478084_5650236617363918224_n-3.jpg\" alt=\"\" class=\"wp-image-2726\"\/><\/figure>\n<\/figure>\n\n\n\n<p>Tr\u01b0\u1edbc m\u1ed7i k\u1ef3 th\u1ef1c t\u1eadp t\u1eeb 6-7 tu\u1ea7n, b\u1ed9 ph\u1eadn Quan h\u1ec7 Doanh nghi\u1ec7p s\u1ebd t\u1ed5 ch\u1ee9c c\u00e1c bu\u1ed5i sinh ho\u1ea1t th\u1ef1c t\u1eadp chia s\u1ebb v\u1ec1 c\u00e1c quy \u0111\u1ecbnh, bi\u1ec3u m\u1eabu, c\u00e1c m\u1ed1c th\u1eddi gian c\u1ee5 th\u1ec3, c\u00e1c l\u01b0u \u00fd khi tham gia th\u1ef1c t\u1eadp v\u00e0 c\u00e1c doanh nghi\u1ec7p \u0111\u1ed1i t\u00e1c c\u1ee7a Tr\u01b0\u1eddng sinh vi\u00ean c\u00f3 th\u1ec3 ch\u1ecdn tham gia th\u1ef1c t\u1eadp.<\/p>\n\n\n\n<p><strong>L\u1ee3i \u00edch c\u1ee7a sinh vi\u00ean khi tham gia&nbsp; th\u1ef1c t\u1eadp:&nbsp;<\/strong><\/p>\n\n\n\n<ul class=\"wp-block-list\">\n<li>C\u1ee7ng c\u1ed1 ki\u1ebfn th\u1ee9c (knowledge) chuy\u00ean m\u00f4n &amp; n\u00e2ng cao hi\u1ec3u bi\u1ebft (understanding) v\u1ec1 ngh\u1ec1 nghi\u1ec7p, c\u00f4ng vi\u1ec7c<\/li>\n\n\n\n<li>T\u00edch l\u0169y kinh nghi\u1ec7m (experience), c\u1ecd s\u00e1t &amp; r\u00e8n luy\u1ec7n c\u00e1c k\u1ef9 n\u0103ng m\u1ec1m (transferable skills)<\/li>\n\n\n\n<li>N\u00e2ng cao kh\u1ea3 n\u0103ng v\u00e0 c\u01a1 h\u1ed9i \u0111\u01b0\u1ee3c tuy\u1ec3n d\u1ee5ng (employability) sau khi k\u1ebft th\u00fac th\u1ef1c t\u1eadp v\u00e0 t\u1ed1t nghi\u1ec7p<\/li>\n\n\n\n<li>X\u00e2y d\u1ef1ng nh\u1eefng m\u1ed1i quan h\u1ec7 c\u00f4ng vi\u1ec7c (professional relationships) v\u00e0 quan h\u1ec7 x\u00e3 h\u1ed9i (social relationships)<\/li>\n\n\n\n<li>H\u1ecdc c\u00e1ch h\u00e0nh x\u1eed (behaviour), h\u1ee3p t\u00e1c (collaboration) v\u00e0 kh\u1ea3 n\u0103ng th\u00edch nghi (adaptability) &amp; h\u1ed9i nh\u1eadp (integration) nhanh ch\u00f3ng v\u00e0o m\u00f4i tr\u01b0\u1eddng l\u00e0m vi\u1ec7c \u0111a d\u1ea1ng v\u00e0 chuy\u00ean nghi\u1ec7p.<\/li>\n<\/ul>\n\n\n\n<p><strong>Quy tr\u00ecnh tham gia th\u1ef1c t\u1eadp<\/strong>:<\/p>\n\n\n\n<p><em>Giai \u0111o\u1ea1n 1: Chu\u1ea9n b\u1ecb<\/em><\/p>\n\n\n\n<ul class=\"wp-block-list\">\n<li>B\u01b0\u1edbc 1: Sinh vi\u00ean&nbsp; l\u00ean K\u1ebf ho\u1ea1ch th\u1ef1c t\u1eadp: l\u1eadp k\u1ebf ho\u1ea1ch h\u1ecdc t\u1eadp c\u00e1 nh\u00e2n, \u0111\u0103ng k\u00fd m\u00f4n h\u1ecdc, \u0111\u00f3ng h\u1ecdc ph\u00ed<\/li>\n\n\n\n<li>B\u01b0\u1edbc 2: Sinh vi\u00ean \u0111\u0103ng k\u00fd, chu\u1ea9n b\u1ecb h\u1ed3 s\u01a1, t\u00ecm n\u01a1i th\u1ef1c t\u1eadp &amp; chu\u1ea9n b\u1ecb \u0111i th\u1ef1c t\u1eadp<\/li>\n<\/ul>\n\n\n\n<p><em>Giai \u0111o\u1ea1n 2: Th\u1ef1c t\u1eadp<\/em><\/p>\n\n\n\n<ul class=\"wp-block-list\">\n<li>B\u01b0\u1edbc 3: Sinh vi\u00ean \u0111i th\u1ef1c t\u1eadp theo m\u1ed1c th\u1eddi gian quy \u0111\u1ecbnh<\/li>\n\n\n\n<li>B\u01b0\u1edbc 4: Sinh vi\u00ean l\u00e0m B\u00e1o c\u00e1o th\u1ef1c t\u1eadp &amp; thuy\u1ebft tr\u00ecnh B\u00e1o c\u00e1o<\/li>\n<\/ul>\n\n\n\n<p><em>Giai \u0111o\u1ea1n&nbsp; 3: K\u1ebft th\u00fac<\/em><\/p>\n\n\n\n<ul class=\"wp-block-list\">\n<li>B\u01b0\u1edbc 5: Sinh vi\u00ean ho\u00e0n t\u1ea5t c\u00e1c y\u00eau c\u1ea7u, c\u1ea3m \u01a1n Doanh nghi\u1ec7p<\/li>\n\n\n\n<li>B\u01b0\u1edbc 6: Sinh vi\u00ean ho\u00e0n th\u00e0nh kh\u1ea3o s\u00e1t<\/li>\n<\/ul>\n\n\n\n<p><\/p>\n\n\n<div class=\"wp-block-image\">\n<figure class=\"aligncenter size-full\"><img loading=\"lazy\" decoding=\"async\" width=\"1810\" height=\"2095\" src=\"https:\/\/www.hoasen.edu.vn\/so-tay-sinh-vien\/wp-content\/uploads\/sites\/46\/2025\/09\/chuan-bi-hoc-ky-thuc-tap-scaled-1.jpg\" alt=\"\" class=\"wp-image-2816\"\/><\/figure>\n<\/div>\n\n\n<p><\/p>\n\n\n\n<p><strong>M\u1ed9t s\u1ed1 quy \u0111\u1ecbnh, bi\u1ec3u m\u1eabu<\/strong><\/p>\n\n\n\n<ul class=\"wp-block-list\">\n<li>Bi\u1ec3u \u0111\u1ed3 k\u1ebf ho\u1ea1ch tu\u1ea7n n\u0103m h\u1ecdc 2025 &#8211; 2026:\u00a0<a href=\"https:\/\/www.hoasen.edu.vn\/dtdh\/wp-content\/uploads\/sites\/28\/2025\/05\/Bieu-do-ke-hoach-NH-2025-2026.pdf\">LINK<\/a>\u00a0<\/li>\n\n\n\n<li>C\u00e1c bi\u1ec3u m\u1eabu d\u00f9ng trong th\u1ef1c t\u1eadp: <a href=\"https:\/\/career.hoasen.edu.vn\/bieu-mau-35A52D96\/vi\" target=\"_blank\" rel=\"noopener\">LINK<\/a><\/li>\n\n\n\n<li>H\u01b0\u1edbng d\u1eabn v\u1ec1 ch\u01b0\u01a1ng tr\u00ecnh th\u1ef1c t\u1eadp: <a href=\"https:\/\/career.hoasen.edu.vn\/huong-dan-chuong-trinh-thuc-tap-35A52D93\/vi\" target=\"_blank\" rel=\"noopener\">LINK<\/a><\/li>\n\n\n\n<li>Quy \u0111\u1ecbnh th\u1ef1c t\u1eadp nh\u1eadn th\u1ee9c d\u01b0\u1edbi h\u00ecnh th\u1ee9c t\u00edch l\u0169y: <a href=\"https:\/\/www.hoasen.edu.vn\/dtdh\/van-ban-bieu-mau\/quy-dinh\/\">LINK<\/a><\/li>\n<\/ul>\n","protected":false},"excerpt":{"rendered":"<p>Th\u1ef1c t\u1eadp l\u00e0 m\u1ed9t trong nh\u1eefng h\u00ecnh th\u1ee9c h\u1ecdc t\u1eadp quan tr\u1ecdng, th\u1ec3 hi\u1ec7n r\u00f5 tri\u1ebft l\u00fd gi\u00e1o d\u1ee5c \u201cth\u1ef1c h\u1ecdc-th\u1ef1c l\u00e0m\u201d v\u00e0 \u0111\u1ec1 cao vi\u1ec7c h\u1ecdc \u0111i \u0111\u00f4i v\u1edbi th\u1ef1c h\u00e0nh c\u1ee7a \u0110\u1ea1i h\u1ecdc Hoa Sen. K\u1ec3 t\u1eeb nh\u1eefng ng\u00e0y \u0111\u1ea7u th\u00e0nh l\u1eadp (n\u0103m 1991) t\u1edbi nay, Th\u1ef1c t\u1eadp v\u1eabn lu\u00f4n l\u00e0 ho\u1ea1t \u0111\u1ed9ng \u0111\u00e0o t\u1ea1o \u0111\u01b0\u1ee3c coi tr\u1ecdng h\u00e0ng \u0111\u1ea7u v\u00e0 c\u0169ng th\u1ec3 hi\u1ec7n \u01b0u th\u1ebf \u0111\u00e0o t\u1ea1o c\u1ee7a tr\u01b0\u1eddng. C\u00e1c Ch\u01b0\u01a1ng tr\u00ecnh Th\u1ef1c t\u1eadp gi\u00fap sinh vi\u00ean t\u00edch l\u0169y tr\u1ea3i nghi\u1ec7m th\u1ef1c ti\u1ec5n, n\u00e2ng cao nh\u1eadn th\u1ee9c, k\u1ef9 n\u0103ng, kinh nghi\u1ec7m l\u00e0m vi\u1ec7c, t\u1eeb \u0111\u00f3 gi\u00fap sinh&#8230;<\/p>\n","protected":false},"author":38,"featured_media":0,"parent":0,"menu_order":0,"comment_status":"closed","ping_status":"closed","template":"","meta":{"footnotes":""},"class_list":["post-45","page","type-page","status-publish","hentry"],"acf":[],"_links":{"self":[{"href":"https:\/\/www.hoasen.edu.vn\/so-tay-sinh-vien\/wp-json\/wp\/v2\/pages\/45","targetHints":{"allow":["GET"]}}],"collection":[{"href":"https:\/\/www.hoasen.edu.vn\/so-tay-sinh-vien\/wp-json\/wp\/v2\/pages"}],"about":[{"href":"https:\/\/www.hoasen.edu.vn\/so-tay-sinh-vien\/wp-json\/wp\/v2\/types\/page"}],"author":[{"embeddable":true,"href":"https:\/\/www.hoasen.edu.vn\/so-tay-sinh-vien\/wp-json\/wp\/v2\/users\/38"}],"replies":[{"embeddable":true,"href":"https:\/\/www.hoasen.edu.vn\/so-tay-sinh-vien\/wp-json\/wp\/v2\/comments?post=45"}],"version-history":[{"count":25,"href":"https:\/\/www.hoasen.edu.vn\/so-tay-sinh-vien\/wp-json\/wp\/v2\/pages\/45\/revisions"}],"predecessor-version":[{"id":2818,"href":"https:\/\/www.hoasen.edu.vn\/so-tay-sinh-vien\/wp-json\/wp\/v2\/pages\/45\/revisions\/2818"}],"wp:attachment":[{"href":"https:\/\/www.hoasen.edu.vn\/so-tay-sinh-vien\/wp-json\/wp\/v2\/media?parent=45"}],"curies":[{"name":"wp","href":"https:\/\/api.w.org\/{rel}","templated":true}]}}