{"id":43,"date":"2022-08-01T02:27:57","date_gmt":"2022-08-01T02:27:57","guid":{"rendered":"https:\/\/www.hoasen.edu.vn\/so-tay-sinh-vien\/?page_id=43"},"modified":"2025-09-13T08:39:17","modified_gmt":"2025-09-13T08:39:17","slug":"gioi-thieu-trang-cong-doanh-nghiep-alumni","status":"publish","type":"page","link":"https:\/\/www.hoasen.edu.vn\/so-tay-sinh-vien\/gioi-thieu-trang-cong-doanh-nghiep-alumni\/","title":{"rendered":"Gi\u1edbi thi\u1ec7u vi\u1ec7c l\u00e0m"},"content":{"rendered":"\n<p><a href=\"https:\/\/career.hoasen.edu.vn\/\" target=\"_blank\" rel=\"noopener\">Trang th\u00f4ng tin vi\u1ec7c<\/a> l\u00e0m do Tr\u01b0\u1eddng \u0110\u1ea1i h\u1ecdc Hoa Sen h\u1ee3p t\u00e1c c\u00f9ng c\u00f4ng ty CareerViet ph\u00e1t tri\u1ec3n v\u1edbi s\u1ee9 m\u1ec7nh l\u00e0 c\u1ea7u n\u1ed1i g\u1eafn k\u1ebft c\u1ed9ng \u0111\u1ed3ng v\u00e0 mang l\u1ea1i l\u1ee3i \u00edch h\u00e0i h\u00f2a gi\u1eefa nh\u00e0 tr\u01b0\u1eddng \u2013 sinh vi\u00ean \u2013 doanh nghi\u1ec7p:<\/p>\n\n\n\n<ul class=\"wp-block-list\">\n<li>L\u00e0 n\u01a1i cung c\u1ea5p th\u00f4ng tin vi\u1ec7c l\u00e0m, t\u01b0 v\u1ea5n \u0111\u1ecbnh h\u01b0\u1edbng ngh\u1ec1 nghi\u1ec7p, k\u1ebft n\u1ed1i v\u1edbi c\u00e1c doanh nghi\u1ec7p c\u00f3 nhu c\u1ea7u tuy\u1ec3n d\u1ee5ng lao \u0111\u1ed9ng;&nbsp;<\/li>\n\n\n\n<li>K\u1ebft n\u1ed1i c\u1ed9ng \u0111\u1ed3ng h\u01a1n 16.000++ sinh vi\u00ean Hoa Sen v\u1edbi 1000+ doanh nghi\u1ec7p&nbsp;<\/li>\n\n\n\n<li>Chuy\u00ean m\u1ee5c C\u1ea9m nang ngh\u1ec1 nghi\u1ec7p cung c\u1ea5p cho sinh vi\u00ean c\u00e1c tips chu\u1ea9n b\u1ecb CV, cover letter, vi\u1ebft email \u1ee9ng tuy\u1ec3n<\/li>\n\n\n\n<li>Chuy\u00ean m\u1ee5c CV hay gi\u00fap sinh vi\u00ean so\u1ea1n CV d\u1ec5 d\u00e0ng v\u00e0 hi\u1ec7u qu\u1ea3<\/li>\n\n\n\n<li>Chuy\u00ean m\u1ee5c th\u1ef1c t\u1eadp, h\u01b0\u1edbng d\u1eabn sinh vi\u00ean v\u1ec1 ch\u01b0\u01a1ng tr\u00ecnh th\u1ef1c t\u1eadp<\/li>\n<\/ul>\n\n\n\n<p><\/p>\n","protected":false},"excerpt":{"rendered":"<p>Trang th\u00f4ng tin vi\u1ec7c l\u00e0m do Tr\u01b0\u1eddng \u0110\u1ea1i h\u1ecdc Hoa Sen h\u1ee3p t\u00e1c c\u00f9ng c\u00f4ng ty CareerViet ph\u00e1t tri\u1ec3n v\u1edbi s\u1ee9 m\u1ec7nh l\u00e0 c\u1ea7u n\u1ed1i g\u1eafn k\u1ebft c\u1ed9ng \u0111\u1ed3ng v\u00e0 mang l\u1ea1i l\u1ee3i \u00edch h\u00e0i h\u00f2a gi\u1eefa nh\u00e0 tr\u01b0\u1eddng \u2013 sinh vi\u00ean \u2013 doanh nghi\u1ec7p:<\/p>\n","protected":false},"author":38,"featured_media":0,"parent":0,"menu_order":0,"comment_status":"closed","ping_status":"closed","template":"","meta":{"footnotes":""},"class_list":["post-43","page","type-page","status-publish","hentry"],"acf":[],"_links":{"self":[{"href":"https:\/\/www.hoasen.edu.vn\/so-tay-sinh-vien\/wp-json\/wp\/v2\/pages\/43","targetHints":{"allow":["GET"]}}],"collection":[{"href":"https:\/\/www.hoasen.edu.vn\/so-tay-sinh-vien\/wp-json\/wp\/v2\/pages"}],"about":[{"href":"https:\/\/www.hoasen.edu.vn\/so-tay-sinh-vien\/wp-json\/wp\/v2\/types\/page"}],"author":[{"embeddable":true,"href":"https:\/\/www.hoasen.edu.vn\/so-tay-sinh-vien\/wp-json\/wp\/v2\/users\/38"}],"replies":[{"embeddable":true,"href":"https:\/\/www.hoasen.edu.vn\/so-tay-sinh-vien\/wp-json\/wp\/v2\/comments?post=43"}],"version-history":[{"count":20,"href":"https:\/\/www.hoasen.edu.vn\/so-tay-sinh-vien\/wp-json\/wp\/v2\/pages\/43\/revisions"}],"predecessor-version":[{"id":3015,"href":"https:\/\/www.hoasen.edu.vn\/so-tay-sinh-vien\/wp-json\/wp\/v2\/pages\/43\/revisions\/3015"}],"wp:attachment":[{"href":"https:\/\/www.hoasen.edu.vn\/so-tay-sinh-vien\/wp-json\/wp\/v2\/media?parent=43"}],"curies":[{"name":"wp","href":"https:\/\/api.w.org\/{rel}","templated":true}]}}