{"id":34,"date":"2022-08-01T02:23:08","date_gmt":"2022-08-01T02:23:08","guid":{"rendered":"https:\/\/www.hoasen.edu.vn\/so-tay-sinh-vien\/?page_id=34"},"modified":"2025-09-13T08:31:23","modified_gmt":"2025-09-13T08:31:23","slug":"khong-gian-chia-se-tu-van-tam-ly","status":"publish","type":"page","link":"https:\/\/www.hoasen.edu.vn\/so-tay-sinh-vien\/khong-gian-chia-se-tu-van-tam-ly\/","title":{"rendered":"T\u01b0 v\u1ea5n t\u00e2m l\u00fd"},"content":{"rendered":"\n<p>Trung t\u00e2m Nghi\u00ean c\u1ee9u v\u00e0 Tham v\u1ea5n T\u00e2m l\u00fd tr\u01b0\u1eddng \u0110\u1ea1i h\u1ecdc Hoa Sen \u0111em \u0111\u1ebfn cho th\u00e2n ch\u1ee7 m\u1ed9t kh\u00f4ng gian l\u1eafng nghe, chia s\u1ebb v\u00e0 b\u1ea3o m\u1eadt. Th\u00e2n ch\u1ee7 kh\u00f4ng ch\u1ec9 \u0111\u01b0\u1ee3c cung c\u1ea5p d\u1ecbch v\u1ee5 tham v\u1ea5n c\u00e1 nh\u00e2n m\u00e0 c\u00f2n nh\u1eadn \u0111\u01b0\u1ee3c s\u1ef1 h\u1ed7 tr\u1ee3 \u0111\u1ec3 ph\u00e1t tri\u1ec3n to\u00e0n di\u1ec7n kh\u1ea3 n\u0103ng, h\u1ecdc \u0111\u01b0\u1ee3c nh\u1eefng k\u1ef9 n\u0103ng m\u1edbi th\u00f4ng qua c\u00e1c ch\u01b0\u01a1ng tr\u00ecnh \u0111\u00e0o t\u1ea1o v\u00e0 hi\u1ec3u r\u00f5 b\u1ea3n th\u00e2n h\u01a1n th\u00f4ng qua c\u00e1c c\u00f4ng c\u1ee5 l\u01b0\u1ee3ng gi\u00e1 t\u00e2m l\u00fd.<\/p>\n\n\n\t\t<div id=\"block_2319cafae6c3ae191d77f586d8448994\" class=\"vc-accor\">\r\n\t\t\t\t\t\t\t<div class=\"vc-accor__item\">\r\n\t\t\t\t\t\t\t\t\t\t<input type=\"checkbox\" id=\"rdblock_2319cafae6c3ae191d77f586d8448994-1\" name=\"rd\">\r\n\t\t\t\t\t<label class=\"vc-accor__label d-block position-relative\" for=\"rdblock_2319cafae6c3ae191d77f586d8448994-1\">\r\n\t\t\t\t\t\t<span class=\"p-relative\">QUY\u1ec0N L\u1ee2I C\u1ee6A B\u1ea0N<\/span>\r\n\t\t\t\t\t\t<svg class=\"vc-icon position-absolute\"><use xlink:href=\"https:\/\/www.hoasen.edu.vn\/so-tay-sinh-vien\/wp-content\/themes\/ru-hsu\/assets\/img\/icons.svg#i-arrow-down\" \/><\/svg>\r\n\t\t\t\t\t<\/label>\r\n\t\t\t\t\t<div class=\"vc-accor__content\">\r\n\t\t\t\t\t\t<p>\u27a2 Cung c\u1ea5p c\u00e1c d\u1ecbch v\u1ee5 \u0111\u00e1nh gi\u00e1 s\u1ee9c kh\u1ecfe tinh th\u1ea7n<br \/>\n\u27a2 H\u1ed7 tr\u1ee3 th\u0103ng ti\u1ebfn b\u1ea3n th\u00e2n, nh\u1eadn di\u1ec7n v\u00e0 v\u01b0\u1ee3t qua c\u00e1c kh\u00f3 kh\u0103n t\u00e2m l\u00fd<br \/>\n\u27a2 \u0110\u0103ng k\u00fd c\u00e1c kho\u00e1 h\u1ecdc v\u00e0 s\u1ef1 ki\u1ec7n c\u1ee7a Trung t\u00e2m.<\/p>\n\t\t\t\t\t<\/div>\r\n\t\t\t\t<\/div>\r\n\t\t\t\t\t\t\t<div class=\"vc-accor__item\">\r\n\t\t\t\t\t\t\t\t\t\t<input type=\"checkbox\" id=\"rdblock_2319cafae6c3ae191d77f586d8448994-2\" name=\"rd\">\r\n\t\t\t\t\t<label class=\"vc-accor__label d-block position-relative\" for=\"rdblock_2319cafae6c3ae191d77f586d8448994-2\">\r\n\t\t\t\t\t\t<span class=\"p-relative\">C\u00c1C D\u1ecaCH V\u1ee4<\/span>\r\n\t\t\t\t\t\t<svg class=\"vc-icon position-absolute\"><use xlink:href=\"https:\/\/www.hoasen.edu.vn\/so-tay-sinh-vien\/wp-content\/themes\/ru-hsu\/assets\/img\/icons.svg#i-arrow-down\" \/><\/svg>\r\n\t\t\t\t\t<\/label>\r\n\t\t\t\t\t<div class=\"vc-accor__content\">\r\n\t\t\t\t\t\t<p>\u27a2 Tham v\u1ea5n T\u00e2m l\u00fd, l\u00e0m vi\u1ec7c v\u1edbi c\u00e1c v\u1ea5n \u0111\u1ec1 c\u0103ng th\u1eb3ng, tr\u1ea7m c\u1ea3m, lo \u00e2u, suy gi\u1ea3m ch\u1ea5t l\u01b0\u1ee3ng m\u1ed1i quan h\u1ec7, ch\u1ea5t l\u01b0\u1ee3ng h\u1ecdc t\u1eadp\u2026<br \/>\n\u27a2 \u0110o l\u01b0\u1eddng, \u0111\u00e1nh gi\u00e1 v\u00e0 can thi\u1ec7p b\u1eb1ng tr\u1eafc nghi\u1ec7m chuy\u00ean m\u00f4n<br \/>\n\u27a2 T\u1ed5 ch\u1ee9c c\u00e1c kh\u00f3a h\u1ecdc, ho\u1ea1t \u0111\u1ed9ng, ch\u01b0\u01a1ng tr\u00ecnh v\u1ec1 n\u1ed9i dung t\u00e2m l\u00fd cho sinh vi\u00ean, nh\u00e0 tr\u01b0\u1eddng &amp; c\u1ed9ng \u0111\u1ed3ng<br \/>\n\u27a2 C\u1ed1 v\u1ea5n chuy\u00ean m\u00f4n cho c\u00e1c t\u1ed5 ch\u1ee9c<br \/>\n\u27a2 C\u1ed1 v\u1ea5n chuy\u00ean m\u00f4n v\u00e0 h\u1ed7 tr\u1ee3 ho\u1ea1t \u0111\u1ed9ng cho c\u00e1c Ph\u00f2ng Ban c\u1ee7a Nh\u00e0 tr\u01b0\u1eddng<br \/>\n\u27a2 H\u01b0\u1edbng d\u1eabn v\u00e0 \u0111\u00e0o t\u1ea1o th\u1ef1c h\u00e0nh chuy\u00ean m\u00f4n v\u1ec1 t\u00e2m l\u00fd cho sinh vi\u00ean chuy\u00ean ng\u00e0nh T\u00e2m l\u00fd<\/p>\n\t\t\t\t\t<\/div>\r\n\t\t\t\t<\/div>\r\n\t\t\t\t\t\t\t<div class=\"vc-accor__item\">\r\n\t\t\t\t\t\t\t\t\t\t<input type=\"checkbox\" id=\"rdblock_2319cafae6c3ae191d77f586d8448994-3\" name=\"rd\">\r\n\t\t\t\t\t<label class=\"vc-accor__label d-block position-relative\" for=\"rdblock_2319cafae6c3ae191d77f586d8448994-3\">\r\n\t\t\t\t\t\t<span class=\"p-relative\">LI\u00caN H\u1ec6<\/span>\r\n\t\t\t\t\t\t<svg class=\"vc-icon position-absolute\"><use xlink:href=\"https:\/\/www.hoasen.edu.vn\/so-tay-sinh-vien\/wp-content\/themes\/ru-hsu\/assets\/img\/icons.svg#i-arrow-down\" \/><\/svg>\r\n\t\t\t\t\t<\/label>\r\n\t\t\t\t\t<div class=\"vc-accor__content\">\r\n\t\t\t\t\t\t<p>\u27a2 Gi\u1edd l\u00e0m vi\u1ec7c: Th\u1ee9 Hai &#8211; Th\u1ee9 S\u00e1u (s\u00e1ng: 8h00 &#8211; 12h00; chi\u1ec1u: 13h00 &#8211; 17h00)<br \/>\n\u27a2 \u0110\u1ecba ch\u1ec9: 7\/1 Th\u00e0nh Th\u00e1i, Ph\u01b0\u1eddng Di\u00ean H\u1ed3ng, TP.HCM<br \/>\n\u27a2 Hotline: 028 7309 1991 Ext: 4804<br \/>\n\u27a2 Email: thamvantamly@hoasen.edu.vn<br \/>\n\u27a2 Fanpage: https:\/\/www.facebook.com\/nghiencuuvatuvangiaiphaptamlyHSU<\/p>\n\t\t\t\t\t<\/div>\r\n\t\t\t\t<\/div>\r\n\t\t\t\t\t<\/div>\r\n\t\n\n\t\t<!-- ================================================== -->\r\n\t\t<!-- CHANNELS -->\r\n\t\t<!-- ================================================== -->\r\n\t\t<div class=\"vc-card--channel \">\r\n\t\t\t<div class=\"container position-relative\">\r\n\t\t\t\t\t\t\t\t\t<h2 class=\"vc-headline--primary position-relative\">C\u00e1c ho\u1ea1t \u0111\u1ed9ng g\u1ea7n \u0111\u00e2y<\/h2>\r\n\t\t\t\t\t\t\t\t<div class=\"swiper-container mb-5 jsChannel\" id=\"block_58ce82d76813366a351bd78b80eb513e\">\r\n\t\t\t\t\t<div class=\"swiper-wrapper\">\r\n\t\t\t\t\t\t\t\t\t\t\t\t\t<div class=\"swiper-slide\">\r\n\t\t\t\t\t\t\t\t<a class=\"vc-card__item position-relative d-block\" href=\"https:\/\/www.hoasen.edu.vn\/so-tay-sinh-vien\/toa-dam-cham-doi-mat-hieu-tam-hon\/\">\r\n\t\t\t\t\t\t\t\t\t<div class=\"swiper-container jsChannelChild\" id=\"channelChildblock_58ce82d76813366a351bd78b80eb513e1\">\r\n\t\t\t\t\t\t\t\t\t\t<div class=\"swiper-wrapper\">\r\n\t\t\t\t\t\t\t\t\t\t\t\t\t\t\t\t\t\t\t\t\t\t\t\t\t\t\t\t\t\t\t\t\t\t\t\t\t\t\t\t\t\t\t\t\t\t\t<div class=\"swiper-slide\">\r\n\t\t\t\t\t\t\t\t\t\t\t\t\t\t<div class=\"vc-card__avatar mb-0 position-relative\">\r\n\t\t\t\t\t\t\t\t\t\t\t\t\t\t\t<img decoding=\"async\" class=\"position-absolute\" src=\"https:\/\/www.hoasen.edu.vn\/so-tay-sinh-vien\/wp-content\/uploads\/sites\/46\/2024\/01\/1.jpg\" alt=\"\">\r\n\t\t\t\t\t\t\t\t\t\t\t\t\t\t<\/div>\r\n\t\t\t\t\t\t\t\t\t\t\t\t\t<\/div>\r\n\t\t\t\t\t\t\t\t\t\t\t\t\t\t\t\t\t\t\t\t\t\t\t\t\t\t\t\t\t\t\t\t\t<\/div>\r\n\t\t\t\t\t\t\t\t\t<\/div>\r\n\t\t\t\t\t\t\t\t\t<span class=\"vc-card__ttl text-center position-absolute \">T\u1ecda \u0111\u00e0m &#8220;Ch\u1ea1m \u0111\u00f4i m\u1eaft, hi\u1ec3u t\u00e2m h\u1ed3n&#8221;<\/span>\r\n\t\t\t\t\t\t\t\t<\/a>\r\n\t\t\t\t\t\t\t<\/div>\r\n\t\t\t\t\t\t\t\t\t\t\t\t\t<div class=\"swiper-slide\">\r\n\t\t\t\t\t\t\t\t<a class=\"vc-card__item position-relative d-block\" href=\"https:\/\/www.hoasen.edu.vn\/so-tay-sinh-vien\/workshop-kham-pha-tam-ly-hoc-toi-pham\/\">\r\n\t\t\t\t\t\t\t\t\t<div class=\"swiper-container jsChannelChild\" id=\"channelChildblock_58ce82d76813366a351bd78b80eb513e2\">\r\n\t\t\t\t\t\t\t\t\t\t<div class=\"swiper-wrapper\">\r\n\t\t\t\t\t\t\t\t\t\t\t\t\t\t\t\t\t\t\t\t\t\t\t\t\t\t\t\t\t\t\t\t\t\t\t\t\t\t\t\t\t\t\t\t\t\t\t<div class=\"swiper-slide\">\r\n\t\t\t\t\t\t\t\t\t\t\t\t\t\t<div class=\"vc-card__avatar mb-0 position-relative\">\r\n\t\t\t\t\t\t\t\t\t\t\t\t\t\t\t<img decoding=\"async\" class=\"position-absolute\" src=\"https:\/\/www.hoasen.edu.vn\/so-tay-sinh-vien\/wp-content\/uploads\/sites\/46\/2023\/09\/368393895_746361444167027_2721996909929678224_n.jpg\" alt=\"\">\r\n\t\t\t\t\t\t\t\t\t\t\t\t\t\t<\/div>\r\n\t\t\t\t\t\t\t\t\t\t\t\t\t<\/div>\r\n\t\t\t\t\t\t\t\t\t\t\t\t\t\t\t\t\t\t\t\t\t\t\t\t\t\t\t\t\t\t\t\t\t<\/div>\r\n\t\t\t\t\t\t\t\t\t<\/div>\r\n\t\t\t\t\t\t\t\t\t<span class=\"vc-card__ttl text-center position-absolute \">Workshop Kh\u00e1m ph\u00e1 t\u00e2m l\u00fd h\u1ecdc t\u1ed9i ph\u1ea1m<\/span>\r\n\t\t\t\t\t\t\t\t<\/a>\r\n\t\t\t\t\t\t\t<\/div>\r\n\t\t\t\t\t\t\t\t\t\t\t\t\t<div class=\"swiper-slide\">\r\n\t\t\t\t\t\t\t\t<a class=\"vc-card__item position-relative d-block\" href=\"https:\/\/www.hoasen.edu.vn\/so-tay-sinh-vien\/chuong-trinh-ung-dung-phan-tich-ngu-ngon-va-an-du-trong-tri-lieu-tam-ly-2\/\">\r\n\t\t\t\t\t\t\t\t\t<div class=\"swiper-container jsChannelChild\" id=\"channelChildblock_58ce82d76813366a351bd78b80eb513e3\">\r\n\t\t\t\t\t\t\t\t\t\t<div class=\"swiper-wrapper\">\r\n\t\t\t\t\t\t\t\t\t\t\t\t\t\t\t\t\t\t\t\t\t\t\t\t\t\t\t\t\t\t\t\t\t\t\t\t\t\t\t\t\t\t\t\t\t\t\t<div class=\"swiper-slide\">\r\n\t\t\t\t\t\t\t\t\t\t\t\t\t\t<div class=\"vc-card__avatar mb-0 position-relative\">\r\n\t\t\t\t\t\t\t\t\t\t\t\t\t\t\t<img decoding=\"async\" class=\"position-absolute\" src=\"https:\/\/www.hoasen.edu.vn\/so-tay-sinh-vien\/wp-content\/uploads\/sites\/46\/2023\/09\/358417565_715435410592964_4851746006087333209_n.jpg\" alt=\"\">\r\n\t\t\t\t\t\t\t\t\t\t\t\t\t\t<\/div>\r\n\t\t\t\t\t\t\t\t\t\t\t\t\t<\/div>\r\n\t\t\t\t\t\t\t\t\t\t\t\t\t\t\t\t\t\t\t\t\t\t\t\t\t\t\t\t\t\t\t\t\t<\/div>\r\n\t\t\t\t\t\t\t\t\t<\/div>\r\n\t\t\t\t\t\t\t\t\t<span class=\"vc-card__ttl text-center position-absolute \">\u1ee8ng d\u1ee5ng ph\u00e2n t\u00edch ng\u1ee5 ng\u00f4n v\u00e0 \u1ea9n d\u1ee5 trong TLTL<\/span>\r\n\t\t\t\t\t\t\t\t<\/a>\r\n\t\t\t\t\t\t\t<\/div>\r\n\t\t\t\t\t\t\t\t\t\t\t<\/div>\r\n\t\t\t\t<\/div>\r\n\t\t\t\t<div class=\"swiper-button-next d-none d-lg-inline-flex jsNext\">\r\n\t\t\t\t\t<svg class=\"vc-icon\"><use xlink:href=\"https:\/\/www.hoasen.edu.vn\/so-tay-sinh-vien\/wp-content\/themes\/ru-hsu\/assets\/img\/icons.svg#i-arrow-right\" \/><\/svg>\r\n\t\t\t\t<\/div>\r\n\t\t\t\t<div class=\"swiper-button-prev d-none d-lg-inline-flex jsPrev\">\r\n\t\t\t\t\t<svg class=\"vc-icon\"><use xlink:href=\"https:\/\/www.hoasen.edu.vn\/so-tay-sinh-vien\/wp-content\/themes\/ru-hsu\/assets\/img\/icons.svg#i-arrow-left\" \/><\/svg>\r\n\t\t\t\t<\/div>\r\n\t\t\t\t<div class=\"swiper-pagination position-relative w-100 d-flex d-lg-none align-items-center justify-content-center jsPagination\"><\/div>\r\n\t\t\t<\/div>\r\n\t\t<\/div>\r\n\t\t","protected":false},"excerpt":{"rendered":"<p>Trung t\u00e2m Nghi\u00ean c\u1ee9u v\u00e0 Tham v\u1ea5n T\u00e2m l\u00fd tr\u01b0\u1eddng \u0110\u1ea1i h\u1ecdc Hoa Sen \u0111em \u0111\u1ebfn cho th\u00e2n ch\u1ee7 m\u1ed9t kh\u00f4ng gian l\u1eafng nghe, chia s\u1ebb v\u00e0 b\u1ea3o m\u1eadt. Th\u00e2n ch\u1ee7 kh\u00f4ng ch\u1ec9 \u0111\u01b0\u1ee3c cung c\u1ea5p d\u1ecbch v\u1ee5 tham v\u1ea5n c\u00e1 nh\u00e2n m\u00e0 c\u00f2n nh\u1eadn \u0111\u01b0\u1ee3c s\u1ef1 h\u1ed7 tr\u1ee3 \u0111\u1ec3 ph\u00e1t tri\u1ec3n to\u00e0n di\u1ec7n kh\u1ea3 n\u0103ng, h\u1ecdc \u0111\u01b0\u1ee3c nh\u1eefng k\u1ef9 n\u0103ng m\u1edbi th\u00f4ng qua c\u00e1c ch\u01b0\u01a1ng tr\u00ecnh \u0111\u00e0o t\u1ea1o v\u00e0 hi\u1ec3u r\u00f5 b\u1ea3n th\u00e2n h\u01a1n th\u00f4ng qua c\u00e1c c\u00f4ng c\u1ee5 l\u01b0\u1ee3ng gi\u00e1 t\u00e2m l\u00fd.<\/p>\n","protected":false},"author":38,"featured_media":0,"parent":0,"menu_order":0,"comment_status":"closed","ping_status":"closed","template":"","meta":{"footnotes":""},"class_list":["post-34","page","type-page","status-publish","hentry"],"acf":[],"_links":{"self":[{"href":"https:\/\/www.hoasen.edu.vn\/so-tay-sinh-vien\/wp-json\/wp\/v2\/pages\/34","targetHints":{"allow":["GET"]}}],"collection":[{"href":"https:\/\/www.hoasen.edu.vn\/so-tay-sinh-vien\/wp-json\/wp\/v2\/pages"}],"about":[{"href":"https:\/\/www.hoasen.edu.vn\/so-tay-sinh-vien\/wp-json\/wp\/v2\/types\/page"}],"author":[{"embeddable":true,"href":"https:\/\/www.hoasen.edu.vn\/so-tay-sinh-vien\/wp-json\/wp\/v2\/users\/38"}],"replies":[{"embeddable":true,"href":"https:\/\/www.hoasen.edu.vn\/so-tay-sinh-vien\/wp-json\/wp\/v2\/comments?post=34"}],"version-history":[{"count":59,"href":"https:\/\/www.hoasen.edu.vn\/so-tay-sinh-vien\/wp-json\/wp\/v2\/pages\/34\/revisions"}],"predecessor-version":[{"id":3009,"href":"https:\/\/www.hoasen.edu.vn\/so-tay-sinh-vien\/wp-json\/wp\/v2\/pages\/34\/revisions\/3009"}],"wp:attachment":[{"href":"https:\/\/www.hoasen.edu.vn\/so-tay-sinh-vien\/wp-json\/wp\/v2\/media?parent=34"}],"curies":[{"name":"wp","href":"https:\/\/api.w.org\/{rel}","templated":true}]}}