{"id":32,"date":"2022-08-01T02:22:50","date_gmt":"2022-08-01T02:22:50","guid":{"rendered":"https:\/\/www.hoasen.edu.vn\/so-tay-sinh-vien\/?page_id=32"},"modified":"2024-08-02T04:43:18","modified_gmt":"2024-08-02T04:43:18","slug":"hoi-nhap-quoc-te-du-hoc","status":"publish","type":"page","link":"https:\/\/www.hoasen.edu.vn\/so-tay-sinh-vien\/hoi-nhap-quoc-te-du-hoc\/","title":{"rendered":"H\u1ed9i nh\u1eadp qu\u1ed1c t\u1ebf"},"content":{"rendered":"\n<p><strong>TR\u01af\u1edcNG \u0110H HOA SEN KHAI M\u1ea0C K\u1ef2 \u0110\u00c1NH GI\u00c1 CH\u1ea4T L\u01af\u1ee2NG THEO TI\u00caU CHU\u1ea8N AUN-QA<\/strong> <strong>(\u0110\u00d4NG NAM \u00c1)<\/strong><\/p>\n\n\n\n<p>S\u00e1ng ng\u00e0y 11\/06\/2024, Tr\u01b0\u1eddng \u0110\u1ea1i h\u1ecdc Hoa Sen long tr\u1ecdng khai m\u1ea1c k\u1ef3 \u0111\u00e1nh gi\u00e1 ch\u1ea5t l\u01b0\u1ee3ng theo ti\u00eau chu\u1ea9n AUN-QA &#8211; T\u1ed5 ch\u1ee9c \u0111\u00e1nh gi\u00e1 ngo\u00e0i uy t\u00edn \u0111\u01b0\u1ee3c \u0111i\u1ec1u h\u00e0nh b\u1edfi m\u1ea1ng l\u01b0\u1edbi c\u00e1c tr\u01b0\u1eddng \u0111\u1ea1i h\u1ecdc \u0110\u00f4ng Nam \u00c1. Tr\u01b0\u1edbc \u0111\u00f3, HSU \u0111\u00e3 c\u00f3 8 ch\u01b0\u01a1ng tr\u00ecnh \u0111\u00e0o t\u1ea1o \u0111\u1ea1t ch\u1ea5t l\u01b0\u1ee3ng theo B\u1ed9 ti\u00eau chu\u1ea9n n\u00e0y.<\/p>\n\n\n\n<p>Ph\u00e1t bi\u1ec3u t\u1ea1i bu\u1ed5i l\u1ec5, TS. Phan Th\u1ecb Vi\u1ec7t Nam &#8211; Ph\u00f3 Hi\u1ec7u tr\u01b0\u1edfng Nh\u00e0 tr\u01b0\u1eddng chia s\u1ebb: &#8220;Tr\u01b0\u1eddng \u0110H Hoa Sen l\u00e0 m\u1ed9t trong nh\u1eefng tr\u01b0\u1eddng t\u01b0 th\u1ee5c ti\u00eau chu\u1ea9n qu\u1ed1c t\u1ebf h\u00e0ng \u0111\u1ea7u t\u1ea1i TP.HCM, \u0111\u01b0\u1ee3c c\u00f4ng nh\u1eadn b\u1edfi nhi\u1ec1u t\u1ed5 ch\u1ee9c uy t\u00edn tr\u00ean th\u1ebf gi\u1edbi nh\u01b0 AUN-QA (\u0110\u00f4ng Nam \u00c1), ACBSP (M\u1ef9), FIBAA (Th\u1ee5y S\u0129), NEAS (\u00dac). Vi\u1ec7c c\u00e1c ch\u01b0\u01a1ng tr\u00ecnh \u0111\u00e0o t\u1ea1o c\u1ee7a ch\u00fang t\u00f4i \u0111\u01b0\u1ee3c AUN-QA \u0111\u00e1nh gi\u00e1 l\u1ea7n n\u00e0y s\u1ebd l\u00e0 minh ch\u1ee9ng \u0111\u1ec3 c\u00e1c b\u1ea1n sinh vi\u00ean v\u00e0 \u0111\u1ed1i t\u00e1c ho\u00e0n to\u00e0n \u0111\u1eb7t ni\u1ec1m tin v\u00e0o ch\u1ea5t l\u01b0\u1ee3ng gi\u1ea3ng d\u1ea1y c\u1ee7a HSU.&#8221;<\/p>\n\n\n\n<p>\u0110o\u00e0n \u0111\u00e1nh gi\u00e1 c\u1ee7a t\u1ed5 ch\u1ee9c AUN-QA \u0111\u00e3 c\u00f3 3 ng\u00e0y l\u00e0m vi\u1ec7c tr\u1ef1c ti\u1ebfp t\u1ea1i Tr\u01b0\u1eddng \u0110\u1ea1i h\u1ecdc Hoa Sen cho 4 ch\u01b0\u01a1ng tr\u00ecnh: C\u1eed nh\u00e2n Thi\u1ebft k\u1ebf th\u1eddi trang, C\u1eed nh\u00e2n Qu\u1ea3n tr\u1ecb C\u00f4ng ngh\u1ec7 truy\u1ec1n th\u00f4ng, Th\u1ea1c s\u0129 Qu\u1ea3n tr\u1ecb kinh doanh, Th\u1ea1c s\u0129 Ng\u00f4n ng\u1eef Anh.<\/p>\n\n\n\n<figure class=\"wp-block-gallery has-nested-images columns-default is-cropped wp-block-gallery-1 is-layout-flex wp-block-gallery-is-layout-flex\">\n<figure class=\"wp-block-image size-large\"><img loading=\"lazy\" decoding=\"async\" width=\"2048\" height=\"1152\" data-id=\"2586\" src=\"https:\/\/www.hoasen.edu.vn\/so-tay-sinh-vien\/wp-content\/uploads\/sites\/46\/2024\/08\/448228420_860672122753723_3177766988083540223_n.jpg\" alt=\"\" class=\"wp-image-2586\" srcset=\"https:\/\/www.hoasen.edu.vn\/so-tay-sinh-vien\/wp-content\/uploads\/sites\/46\/2024\/08\/448228420_860672122753723_3177766988083540223_n.jpg 2048w, https:\/\/www.hoasen.edu.vn\/so-tay-sinh-vien\/wp-content\/uploads\/sites\/46\/2024\/08\/448228420_860672122753723_3177766988083540223_n-300x169.jpg 300w, https:\/\/www.hoasen.edu.vn\/so-tay-sinh-vien\/wp-content\/uploads\/sites\/46\/2024\/08\/448228420_860672122753723_3177766988083540223_n-768x432.jpg 768w, https:\/\/www.hoasen.edu.vn\/so-tay-sinh-vien\/wp-content\/uploads\/sites\/46\/2024\/08\/448228420_860672122753723_3177766988083540223_n-1536x864.jpg 1536w\" sizes=\"auto, (max-width: 2048px) 100vw, 2048px\" \/><\/figure>\n\n\n\n<figure class=\"wp-block-image size-large\"><img loading=\"lazy\" decoding=\"async\" width=\"2048\" height=\"1152\" data-id=\"2584\" src=\"https:\/\/www.hoasen.edu.vn\/so-tay-sinh-vien\/wp-content\/uploads\/sites\/46\/2024\/08\/448226624_860671579420444_5326947113462259302_n.jpg\" alt=\"\" class=\"wp-image-2584\" srcset=\"https:\/\/www.hoasen.edu.vn\/so-tay-sinh-vien\/wp-content\/uploads\/sites\/46\/2024\/08\/448226624_860671579420444_5326947113462259302_n.jpg 2048w, https:\/\/www.hoasen.edu.vn\/so-tay-sinh-vien\/wp-content\/uploads\/sites\/46\/2024\/08\/448226624_860671579420444_5326947113462259302_n-300x169.jpg 300w, https:\/\/www.hoasen.edu.vn\/so-tay-sinh-vien\/wp-content\/uploads\/sites\/46\/2024\/08\/448226624_860671579420444_5326947113462259302_n-768x432.jpg 768w, https:\/\/www.hoasen.edu.vn\/so-tay-sinh-vien\/wp-content\/uploads\/sites\/46\/2024\/08\/448226624_860671579420444_5326947113462259302_n-1536x864.jpg 1536w\" sizes=\"auto, (max-width: 2048px) 100vw, 2048px\" \/><\/figure>\n\n\n\n<figure class=\"wp-block-image size-large\"><img loading=\"lazy\" decoding=\"async\" width=\"2560\" height=\"1205\" data-id=\"2585\" src=\"https:\/\/www.hoasen.edu.vn\/so-tay-sinh-vien\/wp-content\/uploads\/sites\/46\/2024\/08\/448149842_860672189420383_3012286503704185825_n-scaled.jpg\" alt=\"\" class=\"wp-image-2585\" srcset=\"https:\/\/www.hoasen.edu.vn\/so-tay-sinh-vien\/wp-content\/uploads\/sites\/46\/2024\/08\/448149842_860672189420383_3012286503704185825_n-scaled.jpg 2560w, https:\/\/www.hoasen.edu.vn\/so-tay-sinh-vien\/wp-content\/uploads\/sites\/46\/2024\/08\/448149842_860672189420383_3012286503704185825_n-300x141.jpg 300w, https:\/\/www.hoasen.edu.vn\/so-tay-sinh-vien\/wp-content\/uploads\/sites\/46\/2024\/08\/448149842_860672189420383_3012286503704185825_n-768x361.jpg 768w, https:\/\/www.hoasen.edu.vn\/so-tay-sinh-vien\/wp-content\/uploads\/sites\/46\/2024\/08\/448149842_860672189420383_3012286503704185825_n-1536x723.jpg 1536w, https:\/\/www.hoasen.edu.vn\/so-tay-sinh-vien\/wp-content\/uploads\/sites\/46\/2024\/08\/448149842_860672189420383_3012286503704185825_n-2048x964.jpg 2048w\" sizes=\"auto, (max-width: 2560px) 100vw, 2560px\" \/><\/figure>\n<figcaption class=\"blocks-gallery-caption wp-element-caption\"><em>M\u1ed9t s\u1ed1 h\u00ecnh \u1ea3nh t\u1ea1i bu\u1ed5i L\u1ec5<\/em><\/figcaption><\/figure>\n\n\n\n<p><strong>T\u1ed4NG L\u00c3NH S\u1ef0 QU\u00c1N MALAYSIA &#8220;X\u00d4NG \u0110\u1ea4T&#8221; HSU B\u00c0N V\u1ec0 TRI\u1ec2N KHAI H\u1ee2P T\u00c1C GI\u00c1O D\u1ee4C<\/strong><\/p>\n\n\n\n<p>\u0110\u1ec3 m\u1edf ra nhi\u1ec1u c\u01a1 h\u1ed9i h\u1ee3p t\u00e1c c\u00f9ng Malaysia trong c\u00e1c ho\u1ea1t \u0111\u1ed9ng gi\u00e1o d\u1ee5c, gia t\u0103ng tr\u1ea3i nghi\u1ec7m qu\u1ed1c t\u1ebf cho sinh vi\u00ean, ng\u00e0y 25\/01\/2024, Tr\u01b0\u1eddng \u0110\u1ea1i h\u1ecdc Hoa Sen \u0111\u00e3 c\u00f3 bu\u1ed5i l\u00e0m vi\u1ec7c c\u00f9ng TS. Azriey Mazlan &#8211; L\u00e3nh s\u1ef1 Gi\u00e1o d\u1ee5c, T\u1ed5ng L\u00e3nh s\u1ef1 qu\u00e1n Malaysia t\u1ea1i TPHCM.<\/p>\n\n\n\n<figure class=\"wp-block-gallery has-nested-images columns-default is-cropped wp-block-gallery-2 is-layout-flex wp-block-gallery-is-layout-flex\">\n<figure class=\"wp-block-image size-large\"><img loading=\"lazy\" decoding=\"async\" width=\"2048\" height=\"1152\" data-id=\"2134\" src=\"https:\/\/www.hoasen.edu.vn\/so-tay-sinh-vien\/wp-content\/uploads\/sites\/46\/2024\/01\/422410300_774218791399057_4381790720807798470_n.jpg\" alt=\"\" class=\"wp-image-2134\" srcset=\"https:\/\/www.hoasen.edu.vn\/so-tay-sinh-vien\/wp-content\/uploads\/sites\/46\/2024\/01\/422410300_774218791399057_4381790720807798470_n.jpg 2048w, https:\/\/www.hoasen.edu.vn\/so-tay-sinh-vien\/wp-content\/uploads\/sites\/46\/2024\/01\/422410300_774218791399057_4381790720807798470_n-300x169.jpg 300w, https:\/\/www.hoasen.edu.vn\/so-tay-sinh-vien\/wp-content\/uploads\/sites\/46\/2024\/01\/422410300_774218791399057_4381790720807798470_n-768x432.jpg 768w, https:\/\/www.hoasen.edu.vn\/so-tay-sinh-vien\/wp-content\/uploads\/sites\/46\/2024\/01\/422410300_774218791399057_4381790720807798470_n-1536x864.jpg 1536w\" sizes=\"auto, (max-width: 2048px) 100vw, 2048px\" \/><\/figure>\n\n\n\n<figure class=\"wp-block-image size-large\"><img loading=\"lazy\" decoding=\"async\" width=\"2048\" height=\"1463\" data-id=\"2133\" src=\"https:\/\/www.hoasen.edu.vn\/so-tay-sinh-vien\/wp-content\/uploads\/sites\/46\/2024\/01\/421765487_774218658065737_2065781076217756406_n.jpg\" alt=\"\" class=\"wp-image-2133\" srcset=\"https:\/\/www.hoasen.edu.vn\/so-tay-sinh-vien\/wp-content\/uploads\/sites\/46\/2024\/01\/421765487_774218658065737_2065781076217756406_n.jpg 2048w, https:\/\/www.hoasen.edu.vn\/so-tay-sinh-vien\/wp-content\/uploads\/sites\/46\/2024\/01\/421765487_774218658065737_2065781076217756406_n-300x214.jpg 300w, https:\/\/www.hoasen.edu.vn\/so-tay-sinh-vien\/wp-content\/uploads\/sites\/46\/2024\/01\/421765487_774218658065737_2065781076217756406_n-768x549.jpg 768w, https:\/\/www.hoasen.edu.vn\/so-tay-sinh-vien\/wp-content\/uploads\/sites\/46\/2024\/01\/421765487_774218658065737_2065781076217756406_n-1536x1097.jpg 1536w\" sizes=\"auto, (max-width: 2048px) 100vw, 2048px\" \/><\/figure>\n<figcaption class=\"blocks-gallery-caption wp-element-caption\"><em>H\u00ecnh \u1ea3nh t\u1ea1i bu\u1ed5i l\u00e0m vi\u1ec7c gi\u1eefa Tr\u01b0\u1eddng \u0110\u1ea1i h\u1ecdc Hoa Sen c\u00f9ng TS. Azriey Mazlan &#8211; L\u00e3nh s\u1ef1 Gi\u00e1o d\u1ee5c, T\u1ed5ng L\u00e3nh s\u1ef1 qu\u00e1n Malaysia t\u1ea1i TP.HCM<\/em><\/figcaption><\/figure>\n\n\n\n<p>T\u1ea1i bu\u1ed5i l\u00e0m vi\u1ec7c, TS. Azriey Mazlan b\u00e0y t\u1ecf s\u1eb5n s\u00e0ng \u0111\u1ed3ng h\u00e0nh c\u00f9ng HSU, t\u1ea1o \u0111i\u1ec1u ki\u1ec7n \u0111\u1ec3 sinh vi\u00ean v\u00e0 gi\u1ea3ng vi\u00ean HSU trao \u0111\u1ed5i h\u1ecdc t\u1eadp t\u1ea1i Malaysia v\u00e0 ng\u01b0\u1ee3c l\u1ea1i, g\u00f3p ph\u1ea7n mang \u0111\u1ebfn nh\u1eefng tr\u1ea3i nghi\u1ec7m qu\u1ed1c t\u1ebf cho sinh vi\u00ean 2 n\u01b0\u1edbc.<\/p>\n\n\n\n<p><strong>CH\u01af\u01a0NG TR\u00ccNH \u0110\u1ea0I H\u1eccC DE MONTFORT (ANH QU\u1ed0C)<\/strong><\/p>\n\n\n\n<p>Ng\u00e0y 21\/11\/2022, Tr\u01b0\u1eddng \u0110\u1ea1i h\u1ecdc Hoa Sen ch\u00ednh th\u1ee9c k\u00fd k\u1ebft h\u1ee3p t\u00e1c v\u1edbi \u0110\u1ea1i h\u1ecdc De Montfort v\u00e0 \u0111\u01b0a ch\u01b0\u01a1ng tr\u00ecnh gi\u1ea3ng d\u1ea1y c\u1ee7a DMU v\u1ec1 Vi\u1ec7t Nam, d\u01b0\u1edbi d\u1ef1 ch\u1ee9ng ki\u1ebfn c\u1ee7a Gi\u00e1o s\u01b0 Hi\u1ec7p s\u0129 Steve Smith \u2013 \u0110\u1ea1i s\u1ee9 Gi\u00e1o d\u1ee5c to\u00e0n c\u1ea7u c\u1ee7a Anh, \u0110o\u00e0n L\u00e3nh \u0111\u1ea1o c\u1ea5p cao c\u1ee7a Anh, \u0110o\u00e0n L\u00e3nh \u0111\u1ea1o c\u1ea5p cao c\u1ee7a DMU, L\u00e3nh \u0111\u1ea1o B\u1ed9 GD&amp;\u0110T, L\u00e3nh \u0111\u1ea1o UBND TP.HCM v\u00e0 t\u1eadp th\u1ec3 Tr\u01b0\u1eddng \u0110\u1ea1i h\u1ecdc Hoa Sen.<\/p>\n\n\n<div class=\"wp-block-image\">\n<figure class=\"aligncenter size-full\"><img loading=\"lazy\" decoding=\"async\" width=\"2048\" height=\"1154\" src=\"https:\/\/www.hoasen.edu.vn\/so-tay-sinh-vien\/wp-content\/uploads\/sites\/46\/2023\/02\/316542610_5908277165862094_5071432331720895642_n.jpg\" alt=\"\" class=\"wp-image-1508\" srcset=\"https:\/\/www.hoasen.edu.vn\/so-tay-sinh-vien\/wp-content\/uploads\/sites\/46\/2023\/02\/316542610_5908277165862094_5071432331720895642_n.jpg 2048w, https:\/\/www.hoasen.edu.vn\/so-tay-sinh-vien\/wp-content\/uploads\/sites\/46\/2023\/02\/316542610_5908277165862094_5071432331720895642_n-300x169.jpg 300w, https:\/\/www.hoasen.edu.vn\/so-tay-sinh-vien\/wp-content\/uploads\/sites\/46\/2023\/02\/316542610_5908277165862094_5071432331720895642_n-256x144.jpg 256w, https:\/\/www.hoasen.edu.vn\/so-tay-sinh-vien\/wp-content\/uploads\/sites\/46\/2023\/02\/316542610_5908277165862094_5071432331720895642_n-474x267.jpg 474w, https:\/\/www.hoasen.edu.vn\/so-tay-sinh-vien\/wp-content\/uploads\/sites\/46\/2023\/02\/316542610_5908277165862094_5071432331720895642_n-396x223.jpg 396w, https:\/\/www.hoasen.edu.vn\/so-tay-sinh-vien\/wp-content\/uploads\/sites\/46\/2023\/02\/316542610_5908277165862094_5071432331720895642_n-310x175.jpg 310w, https:\/\/www.hoasen.edu.vn\/so-tay-sinh-vien\/wp-content\/uploads\/sites\/46\/2023\/02\/316542610_5908277165862094_5071432331720895642_n-418x236.jpg 418w, https:\/\/www.hoasen.edu.vn\/so-tay-sinh-vien\/wp-content\/uploads\/sites\/46\/2023\/02\/316542610_5908277165862094_5071432331720895642_n-425x239.jpg 425w, https:\/\/www.hoasen.edu.vn\/so-tay-sinh-vien\/wp-content\/uploads\/sites\/46\/2023\/02\/316542610_5908277165862094_5071432331720895642_n-201x113.jpg 201w, https:\/\/www.hoasen.edu.vn\/so-tay-sinh-vien\/wp-content\/uploads\/sites\/46\/2023\/02\/316542610_5908277165862094_5071432331720895642_n-492x277.jpg 492w, https:\/\/www.hoasen.edu.vn\/so-tay-sinh-vien\/wp-content\/uploads\/sites\/46\/2023\/02\/316542610_5908277165862094_5071432331720895642_n-645x363.jpg 645w, https:\/\/www.hoasen.edu.vn\/so-tay-sinh-vien\/wp-content\/uploads\/sites\/46\/2023\/02\/316542610_5908277165862094_5071432331720895642_n-415x233.jpg 415w, https:\/\/www.hoasen.edu.vn\/so-tay-sinh-vien\/wp-content\/uploads\/sites\/46\/2023\/02\/316542610_5908277165862094_5071432331720895642_n-395x223.jpg 395w, https:\/\/www.hoasen.edu.vn\/so-tay-sinh-vien\/wp-content\/uploads\/sites\/46\/2023\/02\/316542610_5908277165862094_5071432331720895642_n-535x301.jpg 535w\" sizes=\"auto, (max-width: 2048px) 100vw, 2048px\" \/><figcaption class=\"wp-element-caption\"><em>\u00d4ng Ian Thomas &#8211; Hi\u1ec7u tr\u01b0\u1edfng tr\u01b0\u1eddng Kinh doanh Leicester Castle, DMU c\u00f9ng TS. Phan Th\u1ecb Vi\u1ec7t Nam &#8211; Ph\u00f3 Hi\u1ec7u tr\u01b0\u1edfng HSU k\u00fd k\u1ebft h\u1ee3p t\u00e1c<\/em><\/figcaption><\/figure>\n<\/div>\n\n\n<p>Ch\u01b0\u01a1ng tr\u00ecnh li\u00ean k\u1ebft \u0111\u1ea1o t\u1ea1o c\u1ee7a HSU v\u00e0 DMU b\u1eaft \u0111\u1ea7u t\u1eeb n\u0103m h\u1ecdc 2023-2024 v\u1edbi 04 ch\u01b0\u01a1ng tr\u00ecnh \u0111\u00e0o t\u1ea1o c\u1ea3 b\u1eadc \u0111\u1ea1i h\u1ecdc v\u00e0 sau \u0111\u1ea1i h\u1ecdc, bao g\u1ed3m: C\u1eed nh\u00e2n K\u1ebf to\u00e1n (Accounting BSc), C\u1eed nh\u00e2n Marketing (Marketing BA), C\u1eed nh\u00e2n Kinh doanh Qu\u1ed1c t\u1ebf (International Business BA), Th\u1ea1c s\u0129 Ng\u00f4n ng\u1eef Anh \u2013 h\u01b0\u1edbng ng\u00e0nh gi\u1ea3ng d\u1ea1y (The English Language Teaching MA).<\/p>\n\n\n\n<p><strong>TR\u01af\u1edcNG \u0110\u1ea0I H\u1eccC HOA SEN \u0110\u1ea0T CHU\u1ea8N QU\u1ed0C T\u1ebe<\/strong><\/p>\n\n\n\t\t<!-- ================================================== -->\r\n\t\t<!-- PARTNERS -->\r\n\t\t<!-- ================================================== -->\r\n\t\t<div class=\"vc-partner jsPartner\">\r\n\t\t\t<div class=\"container position-relative\">\r\n\t\t\t\t<div class=\"swiper-container\" id=\"partnerblock_4692ac6a9446c2cb1491b99e36f50139\">\r\n\t\t\t\t\t<div class=\"swiper-wrapper\">\r\n\t\t\t\t\t\t\t\t\t\t\t\t\t<div class=\"swiper-slide\">\r\n\t\t\t\t\t\t\t\t\t\t\t\t\t\t\t\t\t<a href=\"https:\/\/www.facebook.com\/HoaSenUni\/photos\/pcb.5641254739231006\/5640592352630578\" class=\"vc-partner__item d-flex align-items-center justify-content-center\" target=\"_blank\" rel=\"noopener\">\r\n\t\t\t\t\t\t\t\t\t\t<img decoding=\"async\" src=\"https:\/\/www.hoasen.edu.vn\/so-tay-sinh-vien\/wp-content\/uploads\/sites\/46\/2023\/02\/Moet-NguyenBan.png\" alt=\"\">\r\n\t\t\t\t\t\t\t\t\t<\/a>\r\n\t\t\t\t\t\t\t\t\t\t\t\t\t\t\t<\/div>\r\n\t\t\t\t\t\t\t\t\t\t\t\t\t<div class=\"swiper-slide\">\r\n\t\t\t\t\t\t\t\t\t\t\t\t\t\t\t\t\t<a href=\"https:\/\/www.hoasen.edu.vn\/truong-dai-hoc-hoa-sen-dat-chuan-quoc-te-4-sao-qs-stars\/?gidzl=rq0D7-g261VPLWGRv9eP4DrK31tvdX0MorOB7F7E5aFE1WzD_Pr15iLJLKcha4v4brfM73aA-Yqwx8uI7G\" class=\"vc-partner__item d-flex align-items-center justify-content-center\">\r\n\t\t\t\t\t\t\t\t\t\t<img decoding=\"async\" src=\"https:\/\/www.hoasen.edu.vn\/so-tay-sinh-vien\/wp-content\/uploads\/sites\/46\/2023\/02\/QS-NguyenBan-1.png\" alt=\"\">\r\n\t\t\t\t\t\t\t\t\t<\/a>\r\n\t\t\t\t\t\t\t\t\t\t\t\t\t\t\t<\/div>\r\n\t\t\t\t\t\t\t\t\t\t\t\t\t<div class=\"swiper-slide\">\r\n\t\t\t\t\t\t\t\t\t\t\t\t\t\t\t\t\t<a href=\"https:\/\/www.hoasen.edu.vn\/truong-dai-hoc-hoa-sen-dat-chuan-aun-qa-8-chuong-trinh-dao-tao\/?gidzl=zzUj14cZ9dlvmQG0HxidVFt2f09QlYP-wy2Z0rBk82lkaATINhrtVkN5_LO8i7Wijyp-0pc9JBDDJwyiSG\" class=\"vc-partner__item d-flex align-items-center justify-content-center\">\r\n\t\t\t\t\t\t\t\t\t\t<img decoding=\"async\" src=\"https:\/\/www.hoasen.edu.vn\/so-tay-sinh-vien\/wp-content\/uploads\/sites\/46\/2023\/02\/AUN-NguyenBan.png\" alt=\"\">\r\n\t\t\t\t\t\t\t\t\t<\/a>\r\n\t\t\t\t\t\t\t\t\t\t\t\t\t\t\t<\/div>\r\n\t\t\t\t\t\t\t\t\t\t\t\t\t<div class=\"swiper-slide\">\r\n\t\t\t\t\t\t\t\t\t\t\t\t\t\t\t\t\t<a href=\"https:\/\/www.hoasen.edu.vn\/truong-dai-hoc-hoa-sen-dat-chung-nhan-uy-tin-toan-cau-tu-to-chuc-neas-uc\/?gidzl=xBtrDRpPAG7Yg_mnii4e1kQe_pYln2eFyAhuEQUKB5hr-lnegyTx3_wlfcpzodHThAQbEJbdNEG6kjKZ2m\" class=\"vc-partner__item d-flex align-items-center justify-content-center\">\r\n\t\t\t\t\t\t\t\t\t\t<img decoding=\"async\" src=\"https:\/\/www.hoasen.edu.vn\/so-tay-sinh-vien\/wp-content\/uploads\/sites\/46\/2023\/02\/NEAS-LOGO.png\" alt=\"\">\r\n\t\t\t\t\t\t\t\t\t<\/a>\r\n\t\t\t\t\t\t\t\t\t\t\t\t\t\t\t<\/div>\r\n\t\t\t\t\t\t\t\t\t\t\t\t\t<div class=\"swiper-slide\">\r\n\t\t\t\t\t\t\t\t\t\t\t\t\t\t\t\t\t<a href=\"https:\/\/www.hoasen.edu.vn\/5-nganh-thuoc-khoa-kinh-te-va-quan-tri-hsu-dat-chung-nhan-kiem-dinh-acbsp-lan-2\/?gidzl=DIARPm12LNyxD99Z3bfKU3ytbciJNr5mAJMHQXiFLoKiPPKx5rm0S2Smppz1KGyYTJdCQZa2MFOg1avVTG\" class=\"vc-partner__item d-flex align-items-center justify-content-center\">\r\n\t\t\t\t\t\t\t\t\t\t<img decoding=\"async\" src=\"https:\/\/www.hoasen.edu.vn\/so-tay-sinh-vien\/wp-content\/uploads\/sites\/46\/2023\/02\/ACBSP-NguyenBan-1.png\" alt=\"\">\r\n\t\t\t\t\t\t\t\t\t<\/a>\r\n\t\t\t\t\t\t\t\t\t\t\t\t\t\t\t<\/div>\r\n\t\t\t\t\t\t\t\t\t\t\t\t\t<div class=\"swiper-slide\">\r\n\t\t\t\t\t\t\t\t\t\t\t\t\t\t\t\t\t<a href=\"https:\/\/www.hoasen.edu.vn\/truong-dai-hoc-hoa-sen-kiem-dinh-3-chuong-trinh-dao-tao-theo-tieu-chuan-fibaa\/?gidzl=bg1b4VDUupQOjcmL_KRYCPorRX3WG-4qYhTf4UWJvs6Fvsr0v42mD8IoDqIoJRzcrhiq4JbInhuLzLBfF0\" class=\"vc-partner__item d-flex align-items-center justify-content-center\">\r\n\t\t\t\t\t\t\t\t\t\t<img decoding=\"async\" src=\"https:\/\/www.hoasen.edu.vn\/so-tay-sinh-vien\/wp-content\/uploads\/sites\/46\/2023\/02\/1200px-FIBAA_Logo.svg_.png\" alt=\"\">\r\n\t\t\t\t\t\t\t\t\t<\/a>\r\n\t\t\t\t\t\t\t\t\t\t\t\t\t\t\t<\/div>\r\n\t\t\t\t\t\t\t\t\t\t\t<\/div>\r\n\t\t\t\t<\/div>\r\n\t\t\t\t<div class=\"swiper-button-next jsNext\">\r\n\t\t\t\t\t<svg class=\"vc-icon\"><use xlink:href=\"https:\/\/www.hoasen.edu.vn\/so-tay-sinh-vien\/wp-content\/themes\/ru-hsu\/assets\/img\/icons.svg#i-arrow-right\" \/><\/svg>\r\n\t\t\t\t<\/div>\r\n\t\t\t\t<div class=\"swiper-button-prev jsPrev\">\r\n\t\t\t\t\t<svg class=\"vc-icon\"><use xlink:href=\"https:\/\/www.hoasen.edu.vn\/so-tay-sinh-vien\/wp-content\/themes\/ru-hsu\/assets\/img\/icons.svg#i-arrow-left\" \/><\/svg>\r\n\t\t\t\t<\/div>\r\n\t\t\t<\/div>\r\n\t\t<\/div>\r\n\t\t\n\n\n<p><strong>M\u1ed8T S\u1ed0 HO\u1ea0T \u0110\u1ed8NG H\u1ed8I NH\u1eacP QU\u1ed0C T\u1ebe<\/strong><\/p>\n\n\n\n<figure class=\"wp-block-gallery has-nested-images columns-default is-cropped wp-block-gallery-3 is-layout-flex wp-block-gallery-is-layout-flex\">\n<figure class=\"wp-block-image size-full\"><img loading=\"lazy\" decoding=\"async\" width=\"1944\" height=\"695\" data-id=\"2128\" src=\"https:\/\/www.hoasen.edu.vn\/so-tay-sinh-vien\/wp-content\/uploads\/sites\/46\/2024\/01\/Picture1.png\" alt=\"\" class=\"wp-image-2128\" srcset=\"https:\/\/www.hoasen.edu.vn\/so-tay-sinh-vien\/wp-content\/uploads\/sites\/46\/2024\/01\/Picture1.png 1944w, https:\/\/www.hoasen.edu.vn\/so-tay-sinh-vien\/wp-content\/uploads\/sites\/46\/2024\/01\/Picture1-300x107.png 300w, https:\/\/www.hoasen.edu.vn\/so-tay-sinh-vien\/wp-content\/uploads\/sites\/46\/2024\/01\/Picture1-768x275.png 768w, https:\/\/www.hoasen.edu.vn\/so-tay-sinh-vien\/wp-content\/uploads\/sites\/46\/2024\/01\/Picture1-1536x549.png 1536w\" sizes=\"auto, (max-width: 1944px) 100vw, 1944px\" \/><\/figure>\n<figcaption class=\"blocks-gallery-caption wp-element-caption\"><em>Sinh vi\u00ean Tr\u01b0\u1eddng \u0110\u1ea1i h\u1ecdc Hoa Sen tr\u1ea3i nghi\u1ec7m 3 th\u00e1ng h\u1ecdc t\u1eadp v\u00e0 l\u00e0m vi\u1ec7c t\u1ea1i Paris v\u00e0 Rennes (Ph\u00e1p)<\/em><\/figcaption><\/figure>\n\n\n\n<p><\/p>\n\n\n\n<figure class=\"wp-block-gallery has-nested-images columns-default is-cropped wp-block-gallery-4 is-layout-flex wp-block-gallery-is-layout-flex\">\n<figure class=\"wp-block-image size-large\"><img loading=\"lazy\" decoding=\"async\" width=\"2356\" height=\"483\" data-id=\"1895\" src=\"https:\/\/www.hoasen.edu.vn\/so-tay-sinh-vien\/wp-content\/uploads\/sites\/46\/2023\/09\/Picture1.png\" alt=\"\" class=\"wp-image-1895\" srcset=\"https:\/\/www.hoasen.edu.vn\/so-tay-sinh-vien\/wp-content\/uploads\/sites\/46\/2023\/09\/Picture1.png 2356w, https:\/\/www.hoasen.edu.vn\/so-tay-sinh-vien\/wp-content\/uploads\/sites\/46\/2023\/09\/Picture1-300x62.png 300w, https:\/\/www.hoasen.edu.vn\/so-tay-sinh-vien\/wp-content\/uploads\/sites\/46\/2023\/09\/Picture1-768x157.png 768w, https:\/\/www.hoasen.edu.vn\/so-tay-sinh-vien\/wp-content\/uploads\/sites\/46\/2023\/09\/Picture1-1536x315.png 1536w, https:\/\/www.hoasen.edu.vn\/so-tay-sinh-vien\/wp-content\/uploads\/sites\/46\/2023\/09\/Picture1-2048x420.png 2048w\" sizes=\"auto, (max-width: 2356px) 100vw, 2356px\" \/><\/figure>\n<figcaption class=\"blocks-gallery-caption wp-element-caption\"><em>Bu\u1ed5i ch\u00e0o \u0111\u00f3n sinh vi\u00ean qu\u1ed1c t\u1ebf \u0111\u1ebfn h\u1ecdc t\u1eadp t\u1ea1i Tr\u01b0\u1eddng<\/em><\/figcaption><\/figure>\n\n\n\n<p><\/p>\n\n\n\n<figure class=\"wp-block-gallery has-nested-images columns-default is-cropped wp-block-gallery-5 is-layout-flex wp-block-gallery-is-layout-flex\">\n<figure class=\"wp-block-image size-large\"><img loading=\"lazy\" decoding=\"async\" width=\"1763\" height=\"566\" data-id=\"1902\" src=\"https:\/\/www.hoasen.edu.vn\/so-tay-sinh-vien\/wp-content\/uploads\/sites\/46\/2023\/09\/Picture3-1.png\" alt=\"\" class=\"wp-image-1902\" srcset=\"https:\/\/www.hoasen.edu.vn\/so-tay-sinh-vien\/wp-content\/uploads\/sites\/46\/2023\/09\/Picture3-1.png 1763w, https:\/\/www.hoasen.edu.vn\/so-tay-sinh-vien\/wp-content\/uploads\/sites\/46\/2023\/09\/Picture3-1-300x96.png 300w, https:\/\/www.hoasen.edu.vn\/so-tay-sinh-vien\/wp-content\/uploads\/sites\/46\/2023\/09\/Picture3-1-768x247.png 768w, https:\/\/www.hoasen.edu.vn\/so-tay-sinh-vien\/wp-content\/uploads\/sites\/46\/2023\/09\/Picture3-1-1536x493.png 1536w\" sizes=\"auto, (max-width: 1763px) 100vw, 1763px\" \/><\/figure>\n<figcaption class=\"blocks-gallery-caption wp-element-caption\"><em>Trung t\u00e2m Th\u1ec3 thao Hoa Sen vinh d\u1ef1 \u0111\u00f3n ph\u00e1i \u0111o\u00e0n Tr\u01b0\u1eddng \u0110\u1ea1i h\u1ecdc De Montfort (DMU) \u0111\u1ebfn tham quan c\u01a1 s\u1edf h\u1ecdc th\u1ef1c h\u00e0nh c\u00e1c m\u00f4n Th\u1ec3 thao v\u00e0 c\u00e1c CLB t\u1eadp luy\u1ec7n t\u1ea1i c\u01a1 s\u1edf Th\u00e0nh Th\u00e1i<\/em><\/figcaption><\/figure>\n\n\n\n<p><\/p>\n\n\n\n<figure class=\"wp-block-gallery has-nested-images columns-default is-cropped wp-block-gallery-6 is-layout-flex wp-block-gallery-is-layout-flex\">\n<figure class=\"wp-block-image size-large\"><img loading=\"lazy\" decoding=\"async\" width=\"2560\" height=\"1109\" data-id=\"1905\" src=\"https:\/\/www.hoasen.edu.vn\/so-tay-sinh-vien\/wp-content\/uploads\/sites\/46\/2023\/09\/319017603_5959391187417358_4631416395358171559_n-scaled-1-1.jpg\" alt=\"\" class=\"wp-image-1905\" srcset=\"https:\/\/www.hoasen.edu.vn\/so-tay-sinh-vien\/wp-content\/uploads\/sites\/46\/2023\/09\/319017603_5959391187417358_4631416395358171559_n-scaled-1-1.jpg 2560w, https:\/\/www.hoasen.edu.vn\/so-tay-sinh-vien\/wp-content\/uploads\/sites\/46\/2023\/09\/319017603_5959391187417358_4631416395358171559_n-scaled-1-1-300x130.jpg 300w, https:\/\/www.hoasen.edu.vn\/so-tay-sinh-vien\/wp-content\/uploads\/sites\/46\/2023\/09\/319017603_5959391187417358_4631416395358171559_n-scaled-1-1-768x333.jpg 768w, https:\/\/www.hoasen.edu.vn\/so-tay-sinh-vien\/wp-content\/uploads\/sites\/46\/2023\/09\/319017603_5959391187417358_4631416395358171559_n-scaled-1-1-1536x665.jpg 1536w, https:\/\/www.hoasen.edu.vn\/so-tay-sinh-vien\/wp-content\/uploads\/sites\/46\/2023\/09\/319017603_5959391187417358_4631416395358171559_n-scaled-1-1-2048x887.jpg 2048w\" sizes=\"auto, (max-width: 2560px) 100vw, 2560px\" \/><\/figure>\n<figcaption class=\"blocks-gallery-caption wp-element-caption\"><em>B\u00e0 Maayan Ben Tura \u2013 Ph\u00f3 \u0110\u1ea1i s\u1ee9 Israel t\u1ea1i Vi\u1ec7t Nam giao l\u01b0u c\u00f9ng sinh vi\u00ean HSU v\u1ec1 kh\u1edfi nghi\u1ec7p<\/em><\/figcaption><\/figure>\n","protected":false},"excerpt":{"rendered":"<p>TR\u01af\u1edcNG \u0110H HOA SEN KHAI M\u1ea0C K\u1ef2 \u0110\u00c1NH GI\u00c1 CH\u1ea4T L\u01af\u1ee2NG THEO TI\u00caU CHU\u1ea8N AUN-QA (\u0110\u00d4NG NAM \u00c1) S\u00e1ng ng\u00e0y 11\/06\/2024, Tr\u01b0\u1eddng \u0110\u1ea1i h\u1ecdc Hoa Sen long tr\u1ecdng khai m\u1ea1c k\u1ef3 \u0111\u00e1nh gi\u00e1 ch\u1ea5t l\u01b0\u1ee3ng theo ti\u00eau chu\u1ea9n AUN-QA &#8211; T\u1ed5 ch\u1ee9c \u0111\u00e1nh gi\u00e1 ngo\u00e0i uy t\u00edn \u0111\u01b0\u1ee3c \u0111i\u1ec1u h\u00e0nh b\u1edfi m\u1ea1ng l\u01b0\u1edbi c\u00e1c tr\u01b0\u1eddng \u0111\u1ea1i h\u1ecdc \u0110\u00f4ng Nam \u00c1. Tr\u01b0\u1edbc \u0111\u00f3, HSU \u0111\u00e3 c\u00f3 8 ch\u01b0\u01a1ng tr\u00ecnh \u0111\u00e0o t\u1ea1o \u0111\u1ea1t ch\u1ea5t l\u01b0\u1ee3ng theo B\u1ed9 ti\u00eau chu\u1ea9n n\u00e0y. Ph\u00e1t bi\u1ec3u t\u1ea1i bu\u1ed5i l\u1ec5, TS. Phan Th\u1ecb Vi\u1ec7t Nam &#8211; Ph\u00f3 Hi\u1ec7u tr\u01b0\u1edfng Nh\u00e0 tr\u01b0\u1eddng chia s\u1ebb: &#8220;Tr\u01b0\u1eddng \u0110H Hoa Sen&#8230;<\/p>\n","protected":false},"author":38,"featured_media":0,"parent":0,"menu_order":0,"comment_status":"closed","ping_status":"closed","template":"","meta":{"footnotes":""},"class_list":["post-32","page","type-page","status-publish","hentry"],"acf":[],"_links":{"self":[{"href":"https:\/\/www.hoasen.edu.vn\/so-tay-sinh-vien\/wp-json\/wp\/v2\/pages\/32","targetHints":{"allow":["GET"]}}],"collection":[{"href":"https:\/\/www.hoasen.edu.vn\/so-tay-sinh-vien\/wp-json\/wp\/v2\/pages"}],"about":[{"href":"https:\/\/www.hoasen.edu.vn\/so-tay-sinh-vien\/wp-json\/wp\/v2\/types\/page"}],"author":[{"embeddable":true,"href":"https:\/\/www.hoasen.edu.vn\/so-tay-sinh-vien\/wp-json\/wp\/v2\/users\/38"}],"replies":[{"embeddable":true,"href":"https:\/\/www.hoasen.edu.vn\/so-tay-sinh-vien\/wp-json\/wp\/v2\/comments?post=32"}],"version-history":[{"count":49,"href":"https:\/\/www.hoasen.edu.vn\/so-tay-sinh-vien\/wp-json\/wp\/v2\/pages\/32\/revisions"}],"predecessor-version":[{"id":2588,"href":"https:\/\/www.hoasen.edu.vn\/so-tay-sinh-vien\/wp-json\/wp\/v2\/pages\/32\/revisions\/2588"}],"wp:attachment":[{"href":"https:\/\/www.hoasen.edu.vn\/so-tay-sinh-vien\/wp-json\/wp\/v2\/media?parent=32"}],"curies":[{"name":"wp","href":"https:\/\/api.w.org\/{rel}","templated":true}]}}