{"id":3098,"date":"2025-09-16T03:37:38","date_gmt":"2025-09-16T03:37:38","guid":{"rendered":"https:\/\/www.hoasen.edu.vn\/so-tay-sinh-vien\/?page_id=3098"},"modified":"2025-09-16T03:37:39","modified_gmt":"2025-09-16T03:37:39","slug":"movement-activity","status":"publish","type":"page","link":"https:\/\/www.hoasen.edu.vn\/so-tay-sinh-vien\/en\/movement-activity\/","title":{"rendered":"Movement Activity"},"content":{"rendered":"\n<p><strong>At Hoa Sen University, extracurricular activities are an important part of student life, offering a place for meaningful, creative, and inspiring experiences. Each event provides opportunities for students to not only practice skills and express their individuality but also connect with the community and cultivate a sense of humanity and national pride. This journey allows Hoa Sen University&#8217;s young generation to shine, mature, and spread positive values to society.<\/strong><\/p>\n\n\n\n<div style=\"height:10px\" aria-hidden=\"true\" class=\"wp-block-spacer\"><\/div>\n\n\n\n<h2 class=\"wp-block-heading\" style=\"font-size:20px\">HSUNiK &#8220;ALL STAR&#8221; 2025<\/h2>\n\n\n\n<p>On June 7, 2025, t<strong>he HSUNiK \u201cALL STAR\u201d 2025 Final round<\/strong>, organized by the Youth Union and Student Association of Hoa Sen University, concluded in an explosive and emotional atmosphere. From the 34 original semi-finalists, <strong>the top 25 contestants shone<\/strong>, captivating both the judges and the audience with their skills in four categories: <strong>dance<\/strong>, <strong>singing<\/strong>, <strong>rap<\/strong>, and <strong>musical instruments<\/strong>.<\/p>\n\n\n\n<figure class=\"wp-block-image size-full\"><img loading=\"lazy\" decoding=\"async\" width=\"2048\" height=\"1150\" src=\"https:\/\/www.hoasen.edu.vn\/so-tay-sinh-vien\/wp-content\/uploads\/sites\/46\/2025\/09\/506527853_1536477404293639_6661294040855731465_n.jpg\" alt=\"\" class=\"wp-image-2850\"\/><\/figure>\n\n\n\n<p>HSUNiK \u2013 Young Talent Search is more than just an <strong>annual competition<\/strong>. It&#8217;s a dynamic platform where Hoa Sen University students and high school students in Ho Chi Minh City can freely express their passion and creativity through vibrant performances.<\/p>\n\n\n\n<figure class=\"wp-block-gallery has-nested-images columns-default is-cropped wp-block-gallery-1 is-layout-flex wp-block-gallery-is-layout-flex\">\n<figure class=\"wp-block-image size-full\"><img loading=\"lazy\" decoding=\"async\" width=\"2048\" height=\"1365\" data-id=\"2849\" src=\"https:\/\/www.hoasen.edu.vn\/so-tay-sinh-vien\/wp-content\/uploads\/sites\/46\/2025\/09\/506621115_1536475824293797_8666678483130406009_n.jpg\" alt=\"\" class=\"wp-image-2849\"\/><\/figure>\n\n\n\n<figure class=\"wp-block-image size-full\"><img loading=\"lazy\" decoding=\"async\" width=\"2048\" height=\"1365\" data-id=\"2848\" src=\"https:\/\/www.hoasen.edu.vn\/so-tay-sinh-vien\/wp-content\/uploads\/sites\/46\/2025\/09\/506809889_1536476350960411_4401846608543462964_n.jpg\" alt=\"\" class=\"wp-image-2848\"\/><\/figure>\n\n\n\n<figure class=\"wp-block-image size-full\"><img loading=\"lazy\" decoding=\"async\" width=\"2048\" height=\"1367\" data-id=\"2847\" src=\"https:\/\/www.hoasen.edu.vn\/so-tay-sinh-vien\/wp-content\/uploads\/sites\/46\/2025\/09\/506616797_1536477267626986_116299804863965329_n.jpg\" alt=\"\" class=\"wp-image-2847\"\/><\/figure>\n<\/figure>\n\n\n\n<p>For nearly a decade, <strong>HSUNiK<\/strong> has become a prestigious and professional venue, inspiring and motivating hundreds of young talents to boldly step out of their comfort zones, affirm their abilities, and pursue their dreams. Furthermore, HSUNiK provides an opportunity for <strong>Hoa Sen students<\/strong> to develop their skills as <strong>organizers<\/strong>, from planning and coordinating programs to creating a vibrant and inspiring art space for the community.<\/p>\n\n\n\n<div style=\"height:10px\" aria-hidden=\"true\" class=\"wp-block-spacer\"><\/div>\n\n\n\n<h2 class=\"wp-block-heading\" style=\"font-size:20px\">SPRING HOMECOMING 2025<\/h2>\n\n\n\n<p>On March 16, 2025, the Youth Union of Hoa Sen University organized a meaningful trip to <strong>the Cu Chi Tunnels<\/strong>, a famous historical site, as part of Youth Month. The event celebrated <strong>the 94th anniversary of the founding of the Ho Chi Minh Communist Youth Union (March 26, 1931 &#8211; March 26, 2025) <\/strong>and <strong>the 50th anniversary of the Liberation of the South and National Reunification (April 30, 1975 &#8211; April 30, 2025)<\/strong>.<\/p>\n\n\n\n<figure class=\"wp-block-image size-full\"><img loading=\"lazy\" decoding=\"async\" width=\"1440\" height=\"960\" src=\"https:\/\/www.hoasen.edu.vn\/so-tay-sinh-vien\/wp-content\/uploads\/sites\/46\/2025\/09\/484839821_959778682944302_8037403465157773738_n.jpg\" alt=\"\" class=\"wp-image-2858\" style=\"aspect-ratio:16\/9;object-fit:cover\"\/><\/figure>\n\n\n\n<figure class=\"wp-block-gallery has-nested-images columns-default is-cropped wp-block-gallery-2 is-layout-flex wp-block-gallery-is-layout-flex\">\n<figure class=\"wp-block-image size-full\"><img loading=\"lazy\" decoding=\"async\" width=\"1440\" height=\"960\" data-id=\"2859\" src=\"https:\/\/www.hoasen.edu.vn\/so-tay-sinh-vien\/wp-content\/uploads\/sites\/46\/2025\/09\/484801409_959778476277656_5342134273986461300_n.jpg\" alt=\"\" class=\"wp-image-2859\"\/><\/figure>\n\n\n\n<figure class=\"wp-block-image size-full\"><img loading=\"lazy\" decoding=\"async\" width=\"1440\" height=\"960\" data-id=\"2860\" src=\"https:\/\/www.hoasen.edu.vn\/so-tay-sinh-vien\/wp-content\/uploads\/sites\/46\/2025\/09\/484998127_959778656277638_3656993839732704553_n.jpg\" alt=\"\" class=\"wp-image-2860\"\/><\/figure>\n\n\n\n<figure class=\"wp-block-image size-full\"><img loading=\"lazy\" decoding=\"async\" width=\"1440\" height=\"960\" data-id=\"2861\" src=\"https:\/\/www.hoasen.edu.vn\/so-tay-sinh-vien\/wp-content\/uploads\/sites\/46\/2025\/09\/484062255_959778506277653_7931868807159396486_n.jpg\" alt=\"\" class=\"wp-image-2861\"\/><\/figure>\n<\/figure>\n\n\n\n<p>In a solemn ceremony at<strong> Ben Duoc Temple<\/strong>, students offered incense to respectfully commemorate the great contributions of the compatriots and soldiers who fought and sacrificed in <strong>the Saigon &#8211; Cho Lon &#8211; Gia Dinh region<\/strong>. In a moment of deep gratitude, Hoa Sen youth paid tribute to the heroes, vowing to continue their legacy and <strong>contribute to the country&#8217;s prosperity<\/strong>.<\/p>\n\n\n\n<figure class=\"wp-block-image size-full\"><img loading=\"lazy\" decoding=\"async\" width=\"1440\" height=\"960\" src=\"https:\/\/www.hoasen.edu.vn\/so-tay-sinh-vien\/wp-content\/uploads\/sites\/46\/2025\/09\/484091341_959778659610971_5350698698894105554_n.jpg\" alt=\"\" class=\"wp-image-2865\"\/><\/figure>\n\n\n\n<p>The journey through the winding tunnels and bunkers, along with the stories of a difficult but heroic resistance period, left each student with a profound sense of pride. In this historic land, the young people gained a greater awareness of the value of peace and a<strong> renewed commitment to building a better future<\/strong>.<\/p>\n\n\n\n<div style=\"height:10px\" aria-hidden=\"true\" class=\"wp-block-spacer\"><\/div>\n\n\n\n<h2 class=\"wp-block-heading\" style=\"font-size:20px\">TALK SHOW &#8220;H\u1ed2N X\u01afA QU\u1ed0C K\u1ecaCH&#8221;<\/h2>\n\n\n\n<p>On the afternoon of December 18, 2024, the talk show &#8220;H\u1ed3n X\u01b0a Qu\u1ed1c K\u1ecbch&#8221; took place successfully at Hall 204, Nguyen Van Trang campus, bringing the audience a unique and meaningful artistic experience. The event helped Gen Z get closer to the ancient art form of &#8220;Tu\u1ed3ng&#8221;, a precious national heritage, providing them with a unique and meaningful artistic experience.<\/p>\n\n\n\n<figure class=\"wp-block-image size-full\"><img loading=\"lazy\" decoding=\"async\" width=\"5184\" height=\"3456\" src=\"https:\/\/www.hoasen.edu.vn\/so-tay-sinh-vien\/wp-content\/uploads\/sites\/46\/2025\/09\/24.png\" alt=\"\" class=\"wp-image-2879\" style=\"object-fit:cover\"\/><\/figure>\n\n\n\n<p>Led by <strong>speaker Joseph Lam<\/strong> and fellow artists, the program explored the intersection of tradition and modernity. His talk offered students deeper insight into Tu\u1ed3ng, <strong>sparking curiosity and respect <\/strong>for the art form. The audience was also captivated by two special excerpts, Bao C\u00f4ng V\u00f4 L\u00f2 G\u1ea1ch and B\u00e3o T\u00e1p Nguy\u00ean Phong, experiencing the sophistication in each melody, drumbeat, and the vibrant lights and colors of the traditional stage.<\/p>\n\n\n\n<p>The success of \u201cH\u1ed3n X\u01b0a Qu\u1ed1c K\u1ecbch\u201d has a lasting impact,<strong> sparking a renewed<\/strong> <strong>sense of national pride<\/strong> and <strong>affirming the enduring value of Vietnamese cultural heritage<\/strong>. Thanks to the passion of its artists and the community&#8217;s support, the art of Tuong will continue to flourish and be passed down to future generations.<\/p>\n\n\n\n<div class=\"wp-block-columns is-layout-flex wp-container-core-columns-is-layout-9d6595d7 wp-block-columns-is-layout-flex\">\n<div class=\"wp-block-column is-layout-flow wp-block-column-is-layout-flow\">\n<figure class=\"wp-block-image size-full\"><img loading=\"lazy\" decoding=\"async\" width=\"5184\" height=\"3456\" src=\"https:\/\/www.hoasen.edu.vn\/so-tay-sinh-vien\/wp-content\/uploads\/sites\/46\/2025\/09\/30.png\" alt=\"\" class=\"wp-image-2881\"\/><\/figure>\n<\/div>\n\n\n\n<div class=\"wp-block-column is-layout-flow wp-block-column-is-layout-flow\">\n<figure class=\"wp-block-image size-full\"><img loading=\"lazy\" decoding=\"async\" width=\"5184\" height=\"3456\" src=\"https:\/\/www.hoasen.edu.vn\/so-tay-sinh-vien\/wp-content\/uploads\/sites\/46\/2025\/09\/29.png\" alt=\"\" class=\"wp-image-2882\"\/><\/figure>\n<\/div>\n<\/div>\n","protected":false},"excerpt":{"rendered":"<p>At Hoa Sen University, extracurricular activities are an important part of student life, offering a place for meaningful, creative, and inspiring experiences. Each event provides opportunities for students to not only practice skills and express their individuality but also connect with the community and cultivate a sense of humanity and national pride. This journey allows Hoa Sen University&#8217;s young generation to shine, mature, and spread positive values to society. HSUNiK &#8220;ALL STAR&#8221; 2025 On June 7, 2025, the HSUNiK \u201cALL STAR\u201d 2025 Final round, organized by the Youth Union and Student Association of Hoa Sen University, concluded in an explosive&#8230;<\/p>\n","protected":false},"author":67,"featured_media":2850,"parent":0,"menu_order":0,"comment_status":"closed","ping_status":"closed","template":"","meta":{"footnotes":""},"class_list":["post-3098","page","type-page","status-publish","has-post-thumbnail","hentry"],"acf":[],"_links":{"self":[{"href":"https:\/\/www.hoasen.edu.vn\/so-tay-sinh-vien\/wp-json\/wp\/v2\/pages\/3098","targetHints":{"allow":["GET"]}}],"collection":[{"href":"https:\/\/www.hoasen.edu.vn\/so-tay-sinh-vien\/wp-json\/wp\/v2\/pages"}],"about":[{"href":"https:\/\/www.hoasen.edu.vn\/so-tay-sinh-vien\/wp-json\/wp\/v2\/types\/page"}],"author":[{"embeddable":true,"href":"https:\/\/www.hoasen.edu.vn\/so-tay-sinh-vien\/wp-json\/wp\/v2\/users\/67"}],"replies":[{"embeddable":true,"href":"https:\/\/www.hoasen.edu.vn\/so-tay-sinh-vien\/wp-json\/wp\/v2\/comments?post=3098"}],"version-history":[{"count":3,"href":"https:\/\/www.hoasen.edu.vn\/so-tay-sinh-vien\/wp-json\/wp\/v2\/pages\/3098\/revisions"}],"predecessor-version":[{"id":3103,"href":"https:\/\/www.hoasen.edu.vn\/so-tay-sinh-vien\/wp-json\/wp\/v2\/pages\/3098\/revisions\/3103"}],"wp:featuredmedia":[{"embeddable":true,"href":"https:\/\/www.hoasen.edu.vn\/so-tay-sinh-vien\/wp-json\/wp\/v2\/media\/2850"}],"wp:attachment":[{"href":"https:\/\/www.hoasen.edu.vn\/so-tay-sinh-vien\/wp-json\/wp\/v2\/media?parent=3098"}],"curies":[{"name":"wp","href":"https:\/\/api.w.org\/{rel}","templated":true}]}}