{"id":2625,"date":"2024-08-02T07:49:02","date_gmt":"2024-08-02T07:49:02","guid":{"rendered":"https:\/\/www.hoasen.edu.vn\/so-tay-sinh-vien\/?page_id=2625"},"modified":"2025-09-13T07:31:19","modified_gmt":"2025-09-13T07:31:19","slug":"chuong-trinh-hoi-nhap-quoc-te-hoa-sen-go-global","status":"publish","type":"page","link":"https:\/\/www.hoasen.edu.vn\/so-tay-sinh-vien\/chuong-trinh-hoi-nhap-quoc-te-hoa-sen-go-global\/","title":{"rendered":"Ch\u01b0\u01a1ng tr\u00ecnh h\u1ed9i nh\u1eadp qu\u1ed1c t\u1ebf Hoa Sen Go Global"},"content":{"rendered":"\n<p><strong>V\u1edbi tri\u1ebft l\u00fd gi\u00e1o d\u1ee5c khai ph\u00f3ng v\u00e0 m\u1ee5c ti\u00eau \u0111\u00e0o t\u1ea1o c\u00f4ng d\u00e2n to\u00e0n c\u1ea7u, Tr\u01b0\u1eddng \u0110\u1ea1i h\u1ecdc Hoa Sen ch\u00fa tr\u1ecdng t\u1ea1o c\u01a1 h\u1ed9i \u0111\u1ec3 sinh vi\u00ean \u0111\u01b0\u1ee3c tr\u1ea3i nghi\u1ec7m m\u00f4i tr\u01b0\u1eddng h\u1ecdc t\u1eadp qu\u1ed1c t\u1ebf, c\u1ecd x\u00e1t th\u1ef1c ti\u1ec5n v\u00e0 m\u1edf r\u1ed9ng t\u1ea7m nh\u00ecn \u0111a v\u0103n h\u00f3a. Ch\u01b0\u01a1ng tr\u00ecnh Hoa Sen Go Global ch\u00ednh l\u00e0 nh\u1ecbp c\u1ea7u \u0111\u01b0a sinh vi\u00ean \u0111\u1ebfn nhi\u1ec1u qu\u1ed1c gia trong khu v\u1ef1c v\u00e0 tr\u00ean th\u1ebf gi\u1edbi.  M\u1ed7i chuy\u1ebfn \u0111i kh\u00f4ng ch\u1ec9 gi\u00fap sinh vi\u00ean t\u00edch l\u0169y ki\u1ebfn th\u1ee9c chuy\u00ean m\u00f4n, r\u00e8n luy\u1ec7n k\u1ef9 n\u0103ng h\u1ed9i nh\u1eadp, m\u00e0 c\u00f2n nu\u00f4i d\u01b0\u1ee1ng s\u1ef1 t\u1ef1 tin, b\u1ea3n l\u0129nh v\u00e0 kh\u00e1t v\u1ecdng v\u01b0\u01a1n xa.<\/strong><\/p>\n\n\n\n<h2 class=\"wp-block-heading\" style=\"font-size:20px\">GIAO L\u01afU V\u0102N H\u00d3A T\u1ea0I H\u1ea0 M\u00d4N &#8211; TRUNG QU\u1ed0C<\/h2>\n\n\n\n<p>Trong chuy\u1ebfn \u0111i \u0111\u1ebfn \u0110\u1ea1i h\u1ecdc H\u1ea1 M\u00f4n \u2013 ng\u00f4i tr\u01b0\u1eddng h\u01a1n 100 n\u0103m tu\u1ed5i n\u1ed5i b\u1eadt v\u1edbi ki\u1ebfn tr\u00fac tr\u00e1ng l\u1ec7 v\u00e0 b\u1ec1 d\u00e0y h\u1ecdc thu\u1eadt, sinh vi\u00ean Tr\u01b0\u1eddng \u0110\u1ea1i h\u1ecdc Hoa Sen \u0111\u01b0\u1ee3c tham gia giao l\u01b0u h\u1ecdc thu\u1eadt t\u1ea1i H\u1ecdc vi\u1ec7n Ngo\u1ea1i ng\u1eef, t\u00ecm hi\u1ec3u h\u1ec7 th\u1ed1ng gi\u00e1o d\u1ee5c, ch\u01b0\u01a1ng tr\u00ecnh \u0111\u00e0o t\u1ea1o v\u00e0 qu\u00e1 tr\u00ecnh ph\u00e1t tri\u1ec3n c\u1ee7a Tr\u01b0\u1eddng.<\/p>\n\n\n\n<div class=\"wp-block-columns is-layout-flex wp-container-core-columns-is-layout-9d6595d7 wp-block-columns-is-layout-flex\">\n<div class=\"wp-block-column is-layout-flow wp-block-column-is-layout-flow\">\n<figure class=\"wp-block-image size-full\"><img loading=\"lazy\" decoding=\"async\" width=\"1778\" height=\"1186\" src=\"https:\/\/www.hoasen.edu.vn\/so-tay-sinh-vien\/wp-content\/uploads\/sites\/46\/2025\/09\/Ha-Mon-Trung-Quoc-2.jpg\" alt=\"\" class=\"wp-image-2952\"\/><\/figure>\n<\/div>\n\n\n\n<div class=\"wp-block-column is-layout-flow wp-block-column-is-layout-flow\">\n<figure class=\"wp-block-image size-full\"><img loading=\"lazy\" decoding=\"async\" width=\"2048\" height=\"1365\" src=\"https:\/\/www.hoasen.edu.vn\/so-tay-sinh-vien\/wp-content\/uploads\/sites\/46\/2025\/09\/Ha-Mon-Trung-Quoc-1.jpg\" alt=\"\" class=\"wp-image-2951\"\/><\/figure>\n<\/div>\n\n\n\n<div class=\"wp-block-column is-layout-flow wp-block-column-is-layout-flow\">\n<figure class=\"wp-block-image size-full\"><img loading=\"lazy\" decoding=\"async\" width=\"1779\" height=\"1186\" src=\"https:\/\/www.hoasen.edu.vn\/so-tay-sinh-vien\/wp-content\/uploads\/sites\/46\/2025\/09\/Ha-Mon-Trung-Quoc-4.jpg\" alt=\"\" class=\"wp-image-2953\"\/><\/figure>\n<\/div>\n<\/div>\n\n\n\n<figure class=\"wp-block-image size-full\"><img loading=\"lazy\" decoding=\"async\" width=\"1925\" height=\"1149\" src=\"https:\/\/www.hoasen.edu.vn\/so-tay-sinh-vien\/wp-content\/uploads\/sites\/46\/2025\/09\/Ha-Mon-Trung-Quoc.jpg\" alt=\"\" class=\"wp-image-2954\"\/><\/figure>\n\n\n\n<p>Song song v\u1edbi ho\u1ea1t \u0111\u1ed9ng h\u1ecdc thu\u1eadt, c\u00e1c b\u1ea1n c\u0169ng tham quan B\u1ea3o t\u00e0ng H\u1ea1 M\u00f4n, B\u1ea3o t\u00e0ng Khoa h\u1ecdc K\u1ef9 thu\u1eadt v\u00e0 c\u00e1c di t\u00edch l\u1ecbch s\u1eed, c\u0169ng nh\u01b0 tr\u1ea3i nghi\u1ec7m T\u1ebft Trung thu truy\u1ec1n th\u1ed1ng qua tr\u00f2 ch\u01a1i d\u00e2n gian \u201cBo bing\u201d, tr\u00e0 \u0111\u1ea1o v\u00e0 \u1ea9m th\u1ef1c \u0111\u1ecba ph\u01b0\u01a1ng. \u0110\u1eb7c bi\u1ec7t, sinh vi\u00ean ng\u00e0nh Ng\u00f4n ng\u1eef Trung Qu\u1ed1c \u0111\u00e3 c\u00f3 c\u01a1 h\u1ed9i th\u1ef1c h\u00e0nh giao ti\u1ebfp ti\u1ebfng Trung trong \u0111\u1eddi s\u1ed1ng h\u00e0ng ng\u00e0y, t\u1eeb \u0111\u00f3 n\u00e2ng cao s\u1ef1 t\u1ef1 tin v\u00e0 k\u1ef9 n\u0103ng h\u1ed9i nh\u1eadp.<\/p>\n\n\n\n<h2 class=\"wp-block-heading\" style=\"font-size:20px\">G\u1eb6P G\u1ee0 DOANH NGHI\u1ec6P H\u00c0NG \u0110\u1ea6U T\u1ea0I H\u00c0N QU\u1ed0C<\/h2>\n\n\n\n<p>T\u1ea1i H\u00e0n Qu\u1ed1c, sinh vi\u00ean Hoa Sen \u0111\u00e3 c\u00f3 bu\u1ed5i trao \u0111\u1ed5i v\u1edbi \u00f4ng William Jeong \u2013 Ph\u00f3 Ch\u1ee7 t\u1ecbch T\u1eadp \u0111o\u00e0n K-Shipbuilding, m\u1ed9t trong nh\u1eefng c\u00f4ng ty \u0111\u00f3ng t\u00e0u l\u1edbn nh\u1ea5t H\u00e0n Qu\u1ed1c. \u00d4ng \u0111\u00e1nh gi\u00e1 cao<strong> tinh th\u1ea7n c\u1ea7u th\u1ecb<\/strong>, <strong>n\u0103ng \u0111\u1ed9ng <\/strong>c\u1ee7a sinh vi\u00ean v\u00e0 b\u00e0y t\u1ecf <strong>mong mu\u1ed1n h\u1ee3p t\u00e1c tuy\u1ec3n d\u1ee5ng <\/strong>trong t\u01b0\u01a1ng lai.<\/p>\n\n\n\n<div class=\"wp-block-columns is-layout-flex wp-container-core-columns-is-layout-9d6595d7 wp-block-columns-is-layout-flex\">\n<div class=\"wp-block-column is-layout-flow wp-block-column-is-layout-flow\">\n<figure class=\"wp-block-image size-full\"><img loading=\"lazy\" decoding=\"async\" width=\"2437\" height=\"1828\" src=\"https:\/\/www.hoasen.edu.vn\/so-tay-sinh-vien\/wp-content\/uploads\/sites\/46\/2025\/09\/HQ3.jpg\" alt=\"\" class=\"wp-image-2962\"\/><\/figure>\n<\/div>\n\n\n\n<div class=\"wp-block-column is-layout-flow wp-block-column-is-layout-flow\">\n<figure class=\"wp-block-image size-full\"><img loading=\"lazy\" decoding=\"async\" width=\"4032\" height=\"3024\" src=\"https:\/\/www.hoasen.edu.vn\/so-tay-sinh-vien\/wp-content\/uploads\/sites\/46\/2025\/09\/IMG_6318.jpg\" alt=\"\" class=\"wp-image-2966\"\/><\/figure>\n<\/div>\n<\/div>\n\n\n\n<figure class=\"wp-block-image size-full\"><img loading=\"lazy\" decoding=\"async\" width=\"2048\" height=\"1191\" src=\"https:\/\/www.hoasen.edu.vn\/so-tay-sinh-vien\/wp-content\/uploads\/sites\/46\/2025\/09\/KF.jpg\" alt=\"\" class=\"wp-image-2963\"\/><\/figure>\n\n\n\n<p>C\u00e1c b\u1ea1n c\u0169ng tr\u1ea3i nghi\u1ec7m h\u1ecdc t\u1eadp t\u1ea1i<strong> \u0110\u1ea1i h\u1ecdc Gachon<\/strong>, t\u00ecm hi\u1ec3u h\u00e0nh tr\u00ecnh ph\u00e1t tri\u1ec3n c\u00f4ng ngh\u1ec7 mang t\u00ednh to\u00e0n c\u1ea7u t\u1ea1i <strong>B\u1ea3o t\u00e0ng S\u00e1ng t\u1ea1o Samsung<\/strong>. Ngo\u00e0i h\u1ecdc t\u1eadp, sinh vi\u00ean c\u00f2n kh\u00e1m ph\u00e1 nhi\u1ec1u \u0111\u1ecba danh n\u1ed5i ti\u1ebfng: Cung \u0111i\u1ec7n Gyeongbokgung, Th\u01b0 vi\u1ec7n Starfield, Trung t\u00e2m \u0111i\u1ec7n \u1ea3nh Busan Hollywood, L\u00e0ng c\u1ed5 Eunpyeong, B\u00e3i bi\u1ec3n Haeundae\u2026 qua \u0111\u00f3 hi\u1ec3u s\u00e2u h\u01a1n v\u1ec1 v\u0103n h\u00f3a v\u00e0 \u0111\u1eddi s\u1ed1ng H\u00e0n Qu\u1ed1c.<\/p>\n\n\n\n<h2 class=\"wp-block-heading\" style=\"font-size:20px\">KH\u00c1M PH\u00c1 H\u1eccC VI\u1ec6N QU\u1ea2N L\u00dd PANYAIWAT (PIM) <\/h2>\n\n\n\n<p>Trong khu\u00f4n kh\u1ed5 Hoa Sen Go Global, sinh vi\u00ean \u0111\u00e3 c\u00f3 chuy\u1ebfn h\u1ecdc t\u1eadp t\u1ea1i H\u1ecdc vi\u1ec7n Qu\u1ea3n l\u00fd Panyapiwat (PIM) \u2013 Tr\u01b0\u1eddng \u0111\u1ea1i h\u1ecdc \u0111\u1ea7u ti\u00ean v\u00e0 l\u1edbn nh\u1ea5t Th\u00e1i Lan tri\u1ec3n khai m\u00f4 h\u00ecnh <strong>\u0111\u00e0o t\u1ea1o g\u1eafn k\u1ebft ch\u1eb7t ch\u1ebd v\u1edbi doanh nghi\u1ec7p<\/strong>. Sinh vi\u00ean \u0111\u01b0\u1ee3c tham quan c\u00e1c ph\u00f2ng th\u1ef1c h\u00e0nh hi\u1ec7n \u0111\u1ea1i trong l\u0129nh v\u1ef1c kh\u00e1ch s\u1ea1n, h\u00e0ng kh\u00f4ng, th\u00ed nghi\u1ec7m\u2026 \u0111\u1ed3ng th\u1eddi t\u00ecm hi\u1ec3u m\u00f4 h\u00ecnh h\u1ecdc t\u1eadp g\u1eafn li\u1ec1n th\u1ef1c ti\u1ec5n \u2013 th\u1ebf m\u1ea1nh n\u1ed5i b\u1eadt c\u1ee7a PIM.<\/p>\n\n\n\n<figure class=\"wp-block-image size-large\"><img loading=\"lazy\" decoding=\"async\" width=\"2048\" height=\"1090\" src=\"https:\/\/www.hoasen.edu.vn\/so-tay-sinh-vien\/wp-content\/uploads\/sites\/46\/2024\/08\/450650743_880192854134983_7447689298884937407_n.jpg\" alt=\"\" class=\"wp-image-2631\" srcset=\"https:\/\/www.hoasen.edu.vn\/so-tay-sinh-vien\/wp-content\/uploads\/sites\/46\/2024\/08\/450650743_880192854134983_7447689298884937407_n.jpg 2048w, https:\/\/www.hoasen.edu.vn\/so-tay-sinh-vien\/wp-content\/uploads\/sites\/46\/2024\/08\/450650743_880192854134983_7447689298884937407_n-300x160.jpg 300w, https:\/\/www.hoasen.edu.vn\/so-tay-sinh-vien\/wp-content\/uploads\/sites\/46\/2024\/08\/450650743_880192854134983_7447689298884937407_n-768x409.jpg 768w, https:\/\/www.hoasen.edu.vn\/so-tay-sinh-vien\/wp-content\/uploads\/sites\/46\/2024\/08\/450650743_880192854134983_7447689298884937407_n-1536x818.jpg 1536w\" sizes=\"auto, (max-width: 2048px) 100vw, 2048px\" \/><\/figure>\n\n\n\n<figure class=\"wp-block-gallery has-nested-images columns-default is-cropped wp-block-gallery-1 is-layout-flex wp-block-gallery-is-layout-flex\">\n<figure class=\"wp-block-image size-large\"><img loading=\"lazy\" decoding=\"async\" width=\"2048\" height=\"1095\" data-id=\"2630\" src=\"https:\/\/www.hoasen.edu.vn\/so-tay-sinh-vien\/wp-content\/uploads\/sites\/46\/2024\/08\/450875071_880192900801645_7706404266076064296_n.jpg\" alt=\"\" class=\"wp-image-2630\" srcset=\"https:\/\/www.hoasen.edu.vn\/so-tay-sinh-vien\/wp-content\/uploads\/sites\/46\/2024\/08\/450875071_880192900801645_7706404266076064296_n.jpg 2048w, https:\/\/www.hoasen.edu.vn\/so-tay-sinh-vien\/wp-content\/uploads\/sites\/46\/2024\/08\/450875071_880192900801645_7706404266076064296_n-300x160.jpg 300w, https:\/\/www.hoasen.edu.vn\/so-tay-sinh-vien\/wp-content\/uploads\/sites\/46\/2024\/08\/450875071_880192900801645_7706404266076064296_n-768x411.jpg 768w, https:\/\/www.hoasen.edu.vn\/so-tay-sinh-vien\/wp-content\/uploads\/sites\/46\/2024\/08\/450875071_880192900801645_7706404266076064296_n-1536x821.jpg 1536w\" sizes=\"auto, (max-width: 2048px) 100vw, 2048px\" \/><\/figure>\n\n\n\n<figure class=\"wp-block-image size-large\"><img loading=\"lazy\" decoding=\"async\" width=\"2048\" height=\"1153\" data-id=\"2949\" src=\"https:\/\/www.hoasen.edu.vn\/so-tay-sinh-vien\/wp-content\/uploads\/sites\/46\/2025\/09\/Truong-Dai-hoc-Panyapiwat.jpg\" alt=\"\" class=\"wp-image-2949\"\/><\/figure>\n\n\n\n<figure class=\"wp-block-image size-large\"><img loading=\"lazy\" decoding=\"async\" width=\"2048\" height=\"1153\" data-id=\"2629\" src=\"https:\/\/www.hoasen.edu.vn\/so-tay-sinh-vien\/wp-content\/uploads\/sites\/46\/2024\/08\/451022030_880193030801632_5450682737625830393_n.jpg\" alt=\"\" class=\"wp-image-2629\" srcset=\"https:\/\/www.hoasen.edu.vn\/so-tay-sinh-vien\/wp-content\/uploads\/sites\/46\/2024\/08\/451022030_880193030801632_5450682737625830393_n.jpg 2048w, https:\/\/www.hoasen.edu.vn\/so-tay-sinh-vien\/wp-content\/uploads\/sites\/46\/2024\/08\/451022030_880193030801632_5450682737625830393_n-300x169.jpg 300w, https:\/\/www.hoasen.edu.vn\/so-tay-sinh-vien\/wp-content\/uploads\/sites\/46\/2024\/08\/451022030_880193030801632_5450682737625830393_n-768x432.jpg 768w, https:\/\/www.hoasen.edu.vn\/so-tay-sinh-vien\/wp-content\/uploads\/sites\/46\/2024\/08\/451022030_880193030801632_5450682737625830393_n-1536x865.jpg 1536w\" sizes=\"auto, (max-width: 2048px) 100vw, 2048px\" \/><\/figure>\n<\/figure>\n\n\n\n<p>Ph\u00e1t bi\u1ec3u t\u1ea1i bu\u1ed5i g\u1eb7p g\u1ee1, <strong>TS. Usanee Kulintornprasert <\/strong>\u2013 Gi\u00e1m \u0111\u1ed1c Quan h\u1ec7 qu\u1ed1c t\u1ebf PIM <strong>\u0111\u00e1nh gi\u00e1 cao ch\u01b0\u01a1ng tr\u00ecnh Hoa Sen Go Global<\/strong>, cho r\u1eb1ng \u0111\u00e2y l\u00e0 ho\u1ea1t \u0111\u1ed9ng \u00fd ngh\u0129a gi\u00fap sinh vi\u00ean m\u1edf r\u1ed9ng ki\u1ebfn th\u1ee9c, n\u00e2ng cao tr\u1ea3i nghi\u1ec7m th\u1ef1c ti\u1ec5n v\u00e0 h\u1ed9i nh\u1eadp qu\u1ed1c t\u1ebf. B\u00e0 c\u0169ng b\u00e0y t\u1ecf k\u1ef3 v\u1ecdng hai Tr\u01b0\u1eddng s\u1ebd s\u1edbm ti\u1ebfn t\u1edbi <strong>k\u00fd k\u1ebft bi\u00ean b\u1ea3n ghi nh\u1edb h\u1ee3p t\u00e1c<\/strong>, th\u00fac \u0111\u1ea9y h\u01a1n n\u1eefa c\u00e1c ch\u01b0\u01a1ng tr\u00ecnh trao \u0111\u1ed5i sinh vi\u00ean trong th\u1eddi gian t\u1edbi.<\/p>\n\n\n\n<h2 class=\"wp-block-heading\" style=\"font-size:20px\">GI\u1ea2I QUY\u1ebeT V\u1ea4N \u0110\u1ec0 KINH DOANH T\u1ea0I SINGAPORE &#8211; MALAYSIA<\/h2>\n\n\n\n<p>Trong h\u00e0nh tr\u00ecnh h\u1ecdc t\u1eadp t\u1ea1i Singapore v\u00e0 Malaysia, c\u00e1c b\u1ea1n sinh vi\u00ean Tr\u01b0\u1eddng \u0110\u1ea1i h\u1ecdc Hoa Sen \u0111\u00e3 ti\u1ebfp c\u1eadn ph\u01b0\u01a1ng ph\u00e1p h\u1ecdc t\u1eadp hi\u1ec7n \u0111\u1ea1i v\u00e0 kh\u00e1m ph\u00e1 m\u00f4i tr\u01b0\u1eddng gi\u00e1o d\u1ee5c c\u1ee7a nhi\u1ec1u tr\u01b0\u1eddng \u0111\u1ea1i h\u1ecdc danh ti\u1ebfng. <\/p>\n\n\n\n<figure class=\"wp-block-image size-full\"><img loading=\"lazy\" decoding=\"async\" width=\"2048\" height=\"1152\" src=\"https:\/\/www.hoasen.edu.vn\/so-tay-sinh-vien\/wp-content\/uploads\/sites\/46\/2025\/09\/Hoc-vien-Quan-ly-SIM.jpg\" alt=\"\" class=\"wp-image-2972\"\/><\/figure>\n\n\n\n<p>T\u1ea1i <strong>Raffles University Iskandar<\/strong>, sinh vi\u00ean tham d\u1ef1 l\u1edbp h\u1ecdc c\u1ee7a <strong>GS. Melvi<\/strong>n \u0111\u01b0\u1ee3c tr\u1ef1c ti\u1ebfp <strong>gi\u1ea3i quy\u1ebft c\u00e1c t\u00ecnh hu\u1ed1ng kinh doanh th\u1ef1c ti\u1ec5n<\/strong> \u2013 tr\u1ea3i nghi\u1ec7m gi\u00e0u t\u00ednh \u1ee9ng d\u1ee5ng n\u00e0y gi\u00fap r\u00e8n luy\u1ec7n t\u01b0 duy ph\u1ea3n bi\u1ec7n v\u00e0 k\u1ef9 n\u0103ng gi\u1ea3i quy\u1ebft v\u1ea5n \u0111\u1ec1. \u0110o\u00e0n c\u0169ng l\u00e0m vi\u1ec7c c\u00f9ng gi\u1ea3ng vi\u00ean t\u1ea1i <strong>H\u1ecdc vi\u1ec7n Qu\u1ea3n l\u00fd SIM<\/strong>, nh\u1eadn nhi\u1ec1u \u0111\u00e1nh gi\u00e1 t\u00edch c\u1ef1c v\u1ec1 s\u1ef1 n\u0103ng \u0111\u1ed9ng v\u00e0 kh\u1ea3 n\u0103ng ti\u1ebfp thu ki\u1ebfn th\u1ee9c. \u0110\u1eb7c bi\u1ec7t, chuy\u1ebfn tham quan t\u1ea1i <strong>\u0110\u1ea1i h\u1ecdc Birmingham<\/strong> \u2013 Top 100 \u0111\u1ea1i h\u1ecdc h\u00e0ng \u0111\u1ea7u th\u1ebf gi\u1edbi \u0111\u00e3 m\u1edf r\u1ed9ng t\u1ea7m nh\u00ecn qu\u1ed1c t\u1ebf, gi\u00fap sinh vi\u00ean Hoa Sen ti\u1ebfp c\u1eadn chu\u1ea9n m\u1ef1c h\u1ecdc thu\u1eadt to\u00e0n c\u1ea7u.<\/p>\n\n\n\n<figure class=\"wp-block-image size-full\"><img loading=\"lazy\" decoding=\"async\" width=\"2048\" height=\"1152\" src=\"https:\/\/www.hoasen.edu.vn\/so-tay-sinh-vien\/wp-content\/uploads\/sites\/46\/2025\/09\/Raffles-University-Iskandar.jpg\" alt=\"\" class=\"wp-image-2973\"\/><\/figure>\n","protected":false},"excerpt":{"rendered":"<p>V\u1edbi tri\u1ebft l\u00fd gi\u00e1o d\u1ee5c khai ph\u00f3ng v\u00e0 m\u1ee5c ti\u00eau \u0111\u00e0o t\u1ea1o c\u00f4ng d\u00e2n to\u00e0n c\u1ea7u, Tr\u01b0\u1eddng \u0110\u1ea1i h\u1ecdc Hoa Sen ch\u00fa tr\u1ecdng t\u1ea1o c\u01a1 h\u1ed9i \u0111\u1ec3 sinh vi\u00ean \u0111\u01b0\u1ee3c tr\u1ea3i nghi\u1ec7m m\u00f4i tr\u01b0\u1eddng h\u1ecdc t\u1eadp qu\u1ed1c t\u1ebf, c\u1ecd x\u00e1t th\u1ef1c ti\u1ec5n v\u00e0 m\u1edf r\u1ed9ng t\u1ea7m nh\u00ecn \u0111a v\u0103n h\u00f3a. Ch\u01b0\u01a1ng tr\u00ecnh Hoa Sen Go Global ch\u00ednh l\u00e0 nh\u1ecbp c\u1ea7u \u0111\u01b0a sinh vi\u00ean \u0111\u1ebfn nhi\u1ec1u qu\u1ed1c gia trong khu v\u1ef1c v\u00e0 tr\u00ean th\u1ebf gi\u1edbi. M\u1ed7i chuy\u1ebfn \u0111i kh\u00f4ng ch\u1ec9 gi\u00fap sinh vi\u00ean t\u00edch l\u0169y ki\u1ebfn th\u1ee9c chuy\u00ean m\u00f4n, r\u00e8n luy\u1ec7n k\u1ef9 n\u0103ng h\u1ed9i nh\u1eadp, m\u00e0 c\u00f2n nu\u00f4i d\u01b0\u1ee1ng s\u1ef1 t\u1ef1&#8230;<\/p>\n","protected":false},"author":70,"featured_media":0,"parent":0,"menu_order":0,"comment_status":"closed","ping_status":"closed","template":"","meta":{"footnotes":""},"class_list":["post-2625","page","type-page","status-publish","hentry"],"acf":[],"_links":{"self":[{"href":"https:\/\/www.hoasen.edu.vn\/so-tay-sinh-vien\/wp-json\/wp\/v2\/pages\/2625","targetHints":{"allow":["GET"]}}],"collection":[{"href":"https:\/\/www.hoasen.edu.vn\/so-tay-sinh-vien\/wp-json\/wp\/v2\/pages"}],"about":[{"href":"https:\/\/www.hoasen.edu.vn\/so-tay-sinh-vien\/wp-json\/wp\/v2\/types\/page"}],"author":[{"embeddable":true,"href":"https:\/\/www.hoasen.edu.vn\/so-tay-sinh-vien\/wp-json\/wp\/v2\/users\/70"}],"replies":[{"embeddable":true,"href":"https:\/\/www.hoasen.edu.vn\/so-tay-sinh-vien\/wp-json\/wp\/v2\/comments?post=2625"}],"version-history":[{"count":16,"href":"https:\/\/www.hoasen.edu.vn\/so-tay-sinh-vien\/wp-json\/wp\/v2\/pages\/2625\/revisions"}],"predecessor-version":[{"id":3085,"href":"https:\/\/www.hoasen.edu.vn\/so-tay-sinh-vien\/wp-json\/wp\/v2\/pages\/2625\/revisions\/3085"}],"wp:attachment":[{"href":"https:\/\/www.hoasen.edu.vn\/so-tay-sinh-vien\/wp-json\/wp\/v2\/media?parent=2625"}],"curies":[{"name":"wp","href":"https:\/\/api.w.org\/{rel}","templated":true}]}}