{"id":2557,"date":"2024-08-01T03:12:36","date_gmt":"2024-08-01T03:12:36","guid":{"rendered":"https:\/\/www.hoasen.edu.vn\/so-tay-sinh-vien\/?page_id=2557"},"modified":"2024-08-01T03:13:39","modified_gmt":"2024-08-01T03:13:39","slug":"thong-bao-v-v-trien-khai-bao-hiem-y-te-sinh-vien-nam-2024-2025","status":"publish","type":"page","link":"https:\/\/www.hoasen.edu.vn\/so-tay-sinh-vien\/thong-bao-v-v-trien-khai-bao-hiem-y-te-sinh-vien-nam-2024-2025\/","title":{"rendered":"Th\u00f4ng b\u00e1o V\/v Tri\u1ec3n khai \u00adB\u1ea3o hi\u1ec3m Y t\u1ebf sinh vi\u00ean n\u0103m 2024-2025"},"content":{"rendered":"\n<p>Th\u00e2n ch\u00e0o c\u00e1c b\u1ea1n sinh vi\u00ean,<\/p>\n\n\n\n<p>Th\u1ef1c hi\u1ec7n Lu\u1eadt B\u1ea3o hi\u1ec3m Y t\u1ebf v\u00e0 \u0111\u1ec3 \u0111\u1ea3m b\u1ea3o ngh\u0129a v\u1ee5 v\u00e0 quy\u1ec1n l\u1ee3i c\u1ee7a Sinh vi\u00ean, Tr\u01b0\u1eddng \u0110\u1ea1i h\u1ecdc Hoa Sen th\u00f4ng b\u00e1o v\u1ec1 vi\u1ec7c tri\u1ec3n khai B\u1ea3o hi\u1ec3m Y t\u1ebf n\u0103m 2024-2025 (BHYT) nh\u01b0 sau:<\/p>\n\n\n\n<ol class=\"wp-block-list\">\n<li><strong><\/strong><strong>\u0110\u1ed1i t\u01b0\u1ee3ng:<\/strong><strong> <\/strong>Sinh vi\u00ean (SV) h\u1ec7 \u0110\u1ea1i h\u1ecdc ch\u00ednh quy \u0111ang h\u1ecdc t\u1ea1i Tr\u01b0\u1eddng ph\u1ea3i tham gia BHYT (<strong>b\u1eaft bu\u1ed9c<\/strong>);<\/li>\n\n\n\n<li><strong><\/strong><strong>Th\u1eddi h\u1ea1n th\u1ebb BHYT: <\/strong><strong>12 th\u00e1ng<\/strong> (t\u1eeb <strong>01\/01\/2025 \u2013 31\/12\/2025<\/strong>)<\/li>\n\n\n\n<li><strong>M\u1ee9c ph\u00ed: 885.000 \u0111\u1ed3ng\/SV<\/strong> <strong>(<em>T\u00e1m tr\u0103m t\u00e1m m\u01b0\u01a1i l\u0103m ng\u00e0n \u0111\u1ed3ng.)<\/em><\/strong><\/li>\n\n\n\n<li><strong>H\u00ecnh th\u1ee9c v\u00e0 m\u1ed9t s\u1ed1 l\u01b0u \u00fd:<\/strong> Th\u00f4ng tin chi ti\u1ebft <a href=\"https:\/\/drive.google.com\/file\/d\/1KAYAZaCLHmK1rn2yDwh_vs3zUibS8u6t\/view?usp=sharing\" target=\"_blank\" rel=\"noopener\">T\u1ea0I \u0110\u00c2Y.<\/a><\/li>\n<\/ol>\n\n\n\n<p>Sinh vi\u00ean c\u1ea7n gi\u1ea3i \u0111\u00e1p, vui l\u00f2ng li\u00ean h\u1ec7: <strong>Trung t\u00e2m Truy\u1ec1n th\u00f4ng v\u00e0 Tr\u1ea3i nghi\u1ec7m &#8211; Vi\u1ec7c l\u00e0m sinh vi\u00ean<\/strong><\/p>\n\n\n\n<ul class=\"wp-block-list\">\n<li>C\u01a1 s\u1edf Th\u00e0nh Th\u00e1i: Ph\u00f2ng 101 \u2013 Khu A<\/li>\n\n\n\n<li>C\u01a1 s\u1edf Quang Trung 2: Ph\u00f2ng 008<\/li>\n\n\n\n<li>\u0110i\u1ec7n tho\u1ea1i: 028.7309 1991 &#8211; ext: 4712<\/li>\n\n\n\n<li>Email: <a href=\"mailto:yte@hoasen.edu.vn\">yte@hoasen.edu.vn<\/a><\/li>\n<\/ul>\n\n\n\n<p>Tr\u01b0\u1eddng \u0111\u1ec1 ngh\u1ecb sinh vi\u00ean tham gia BHYT v\u00e0 cung c\u1ea5p th\u00f4ng tin \u0111\u0103ng k\u00fd BHXH \u0111\u1ea7y \u0111\u1ee7 theo quy \u0111\u1ecbnh c\u1ee7a Lu\u1eadt B\u1ea3o hi\u1ec3m Y t\u1ebf \u0111\u1ec3 \u0111\u1ea3m b\u1ea3o quy\u1ec1n l\u1ee3i v\u00e0 ngh\u0129a v\u1ee5 c\u1ee7a Sinh vi\u00ean.\/.<\/p>\n","protected":false},"excerpt":{"rendered":"<p>Th\u00e2n ch\u00e0o c\u00e1c b\u1ea1n sinh vi\u00ean, Th\u1ef1c hi\u1ec7n Lu\u1eadt B\u1ea3o hi\u1ec3m Y t\u1ebf v\u00e0 \u0111\u1ec3 \u0111\u1ea3m b\u1ea3o ngh\u0129a v\u1ee5 v\u00e0 quy\u1ec1n l\u1ee3i c\u1ee7a Sinh vi\u00ean, Tr\u01b0\u1eddng \u0110\u1ea1i h\u1ecdc Hoa Sen th\u00f4ng b\u00e1o v\u1ec1 vi\u1ec7c tri\u1ec3n khai B\u1ea3o hi\u1ec3m Y t\u1ebf n\u0103m 2024-2025 (BHYT) nh\u01b0 sau: Sinh vi\u00ean c\u1ea7n gi\u1ea3i \u0111\u00e1p, vui l\u00f2ng li\u00ean h\u1ec7: Trung t\u00e2m Truy\u1ec1n th\u00f4ng v\u00e0 Tr\u1ea3i nghi\u1ec7m &#8211; Vi\u1ec7c l\u00e0m sinh vi\u00ean Tr\u01b0\u1eddng \u0111\u1ec1 ngh\u1ecb sinh vi\u00ean tham gia BHYT v\u00e0 cung c\u1ea5p th\u00f4ng tin \u0111\u0103ng k\u00fd BHXH \u0111\u1ea7y \u0111\u1ee7 theo quy \u0111\u1ecbnh c\u1ee7a Lu\u1eadt B\u1ea3o hi\u1ec3m Y t\u1ebf \u0111\u1ec3 \u0111\u1ea3m b\u1ea3o quy\u1ec1n l\u1ee3i v\u00e0 ngh\u0129a&#8230;<\/p>\n","protected":false},"author":70,"featured_media":0,"parent":0,"menu_order":0,"comment_status":"closed","ping_status":"closed","template":"","meta":{"footnotes":""},"class_list":["post-2557","page","type-page","status-publish","hentry"],"acf":[],"_links":{"self":[{"href":"https:\/\/www.hoasen.edu.vn\/so-tay-sinh-vien\/wp-json\/wp\/v2\/pages\/2557","targetHints":{"allow":["GET"]}}],"collection":[{"href":"https:\/\/www.hoasen.edu.vn\/so-tay-sinh-vien\/wp-json\/wp\/v2\/pages"}],"about":[{"href":"https:\/\/www.hoasen.edu.vn\/so-tay-sinh-vien\/wp-json\/wp\/v2\/types\/page"}],"author":[{"embeddable":true,"href":"https:\/\/www.hoasen.edu.vn\/so-tay-sinh-vien\/wp-json\/wp\/v2\/users\/70"}],"replies":[{"embeddable":true,"href":"https:\/\/www.hoasen.edu.vn\/so-tay-sinh-vien\/wp-json\/wp\/v2\/comments?post=2557"}],"version-history":[{"count":3,"href":"https:\/\/www.hoasen.edu.vn\/so-tay-sinh-vien\/wp-json\/wp\/v2\/pages\/2557\/revisions"}],"predecessor-version":[{"id":2560,"href":"https:\/\/www.hoasen.edu.vn\/so-tay-sinh-vien\/wp-json\/wp\/v2\/pages\/2557\/revisions\/2560"}],"wp:attachment":[{"href":"https:\/\/www.hoasen.edu.vn\/so-tay-sinh-vien\/wp-json\/wp\/v2\/media?parent=2557"}],"curies":[{"name":"wp","href":"https:\/\/api.w.org\/{rel}","templated":true}]}}