{"id":2483,"date":"2024-02-23T07:29:23","date_gmt":"2024-02-23T07:29:23","guid":{"rendered":"https:\/\/www.hoasen.edu.vn\/so-tay-sinh-vien\/?page_id=2483"},"modified":"2024-02-23T07:29:23","modified_gmt":"2024-02-23T07:29:23","slug":"student-experience-framework","status":"publish","type":"page","link":"https:\/\/www.hoasen.edu.vn\/so-tay-sinh-vien\/en\/student-experience-framework\/","title":{"rendered":"STUDENT EXPERIENCE FRAMEWORK"},"content":{"rendered":"\n<p>Student activities at the University aim to enhance corresponding skills for students each academic year. Through these activities, students will graduate with confidence from the University.<\/p>\n\n\n\n<p><em>Explore experiential activities for students in the 23rd cohort:<\/em><\/p>\n\n\n\n<figure class=\"wp-block-embed aligncenter is-type-video is-provider-youtube wp-block-embed-youtube wp-embed-aspect-16-9 wp-has-aspect-ratio\"><div class=\"wp-block-embed__wrapper\">\n<div class=\"hsu-iframe\"><iframe loading=\"lazy\" title=\"Kh\u00e1m ph\u00e1 ho\u1ea1t \u0111\u1ed9ng tr\u1ea3i nghi\u1ec7m d\u00e0nh cho sinh vi\u00ean kho\u00e1 23\" width=\"500\" height=\"281\" src=\"https:\/\/www.youtube.com\/embed\/ywpA8yjo73U?start=32&#038;feature=oembed\" frameborder=\"0\" allow=\"accelerometer; autoplay; clipboard-write; encrypted-media; gyroscope; picture-in-picture; web-share\" referrerpolicy=\"strict-origin-when-cross-origin\" allowfullscreen><\/iframe><\/div>\n<\/div><\/figure>\n","protected":false},"excerpt":{"rendered":"<p>Student activities at the University aim to enhance corresponding skills for students each academic year. Through these activities, students will graduate with confidence from the University. Explore experiential activities for students in the 23rd cohort:<\/p>\n","protected":false},"author":70,"featured_media":0,"parent":0,"menu_order":0,"comment_status":"closed","ping_status":"closed","template":"","meta":{"footnotes":""},"class_list":["post-2483","page","type-page","status-publish","hentry"],"acf":[],"_links":{"self":[{"href":"https:\/\/www.hoasen.edu.vn\/so-tay-sinh-vien\/wp-json\/wp\/v2\/pages\/2483","targetHints":{"allow":["GET"]}}],"collection":[{"href":"https:\/\/www.hoasen.edu.vn\/so-tay-sinh-vien\/wp-json\/wp\/v2\/pages"}],"about":[{"href":"https:\/\/www.hoasen.edu.vn\/so-tay-sinh-vien\/wp-json\/wp\/v2\/types\/page"}],"author":[{"embeddable":true,"href":"https:\/\/www.hoasen.edu.vn\/so-tay-sinh-vien\/wp-json\/wp\/v2\/users\/70"}],"replies":[{"embeddable":true,"href":"https:\/\/www.hoasen.edu.vn\/so-tay-sinh-vien\/wp-json\/wp\/v2\/comments?post=2483"}],"version-history":[{"count":1,"href":"https:\/\/www.hoasen.edu.vn\/so-tay-sinh-vien\/wp-json\/wp\/v2\/pages\/2483\/revisions"}],"predecessor-version":[{"id":2484,"href":"https:\/\/www.hoasen.edu.vn\/so-tay-sinh-vien\/wp-json\/wp\/v2\/pages\/2483\/revisions\/2484"}],"wp:attachment":[{"href":"https:\/\/www.hoasen.edu.vn\/so-tay-sinh-vien\/wp-json\/wp\/v2\/media?parent=2483"}],"curies":[{"name":"wp","href":"https:\/\/api.w.org\/{rel}","templated":true}]}}