{"id":2363,"date":"2024-02-22T04:52:57","date_gmt":"2024-02-22T04:52:57","guid":{"rendered":"https:\/\/www.hoasen.edu.vn\/so-tay-sinh-vien\/?page_id=2363"},"modified":"2024-02-22T07:07:21","modified_gmt":"2024-02-22T07:07:21","slug":"sports-clubs","status":"publish","type":"page","link":"https:\/\/www.hoasen.edu.vn\/so-tay-sinh-vien\/en\/sports-clubs\/","title":{"rendered":"Sports Clubs"},"content":{"rendered":"\n<p>Some activities of sports clubs include:<\/p>\n\n\n\n<p><strong>[CONGRATULATIONS TO HSU MEN&#8217;S BASKETBALL TEAM FOR WINNING THE RMIT BASKETBALL LEAGUE 2023]<\/strong><\/p>\n\n\n\n<p>After many rounds of competition with teams from various universities, the final round of the RMIT Basketball League 2023 took place with the participation of the MLBC men&#8217;s basketball team from Hoa Sen University and the team from Ton Duc Thang University. Ultimately, Hoa Sen University clinched the championship with a score of 62-59 against Ton Duc Thang University.<\/p>\n\n\n\n<figure class=\"wp-block-gallery has-nested-images columns-default is-cropped wp-block-gallery-1 is-layout-flex wp-block-gallery-is-layout-flex\">\n<figure class=\"wp-block-image size-large\"><img loading=\"lazy\" decoding=\"async\" width=\"1440\" height=\"1440\" data-id=\"2364\" src=\"https:\/\/www.hoasen.edu.vn\/so-tay-sinh-vien\/wp-content\/uploads\/sites\/46\/2024\/02\/375671824_693584462795824_1030320745484308621_n.jpg\" alt=\"\" class=\"wp-image-2364\" srcset=\"https:\/\/www.hoasen.edu.vn\/so-tay-sinh-vien\/wp-content\/uploads\/sites\/46\/2024\/02\/375671824_693584462795824_1030320745484308621_n.jpg 1440w, https:\/\/www.hoasen.edu.vn\/so-tay-sinh-vien\/wp-content\/uploads\/sites\/46\/2024\/02\/375671824_693584462795824_1030320745484308621_n-300x300.jpg 300w, https:\/\/www.hoasen.edu.vn\/so-tay-sinh-vien\/wp-content\/uploads\/sites\/46\/2024\/02\/375671824_693584462795824_1030320745484308621_n-768x768.jpg 768w\" sizes=\"auto, (max-width: 1440px) 100vw, 1440px\" \/><\/figure>\n\n\n\n<figure class=\"wp-block-image size-large\"><img loading=\"lazy\" decoding=\"async\" width=\"2048\" height=\"1365\" data-id=\"2366\" src=\"https:\/\/www.hoasen.edu.vn\/so-tay-sinh-vien\/wp-content\/uploads\/sites\/46\/2024\/02\/376255776_693584562795814_458994665543132983_n.jpg\" alt=\"\" class=\"wp-image-2366\" srcset=\"https:\/\/www.hoasen.edu.vn\/so-tay-sinh-vien\/wp-content\/uploads\/sites\/46\/2024\/02\/376255776_693584562795814_458994665543132983_n.jpg 2048w, https:\/\/www.hoasen.edu.vn\/so-tay-sinh-vien\/wp-content\/uploads\/sites\/46\/2024\/02\/376255776_693584562795814_458994665543132983_n-300x200.jpg 300w, https:\/\/www.hoasen.edu.vn\/so-tay-sinh-vien\/wp-content\/uploads\/sites\/46\/2024\/02\/376255776_693584562795814_458994665543132983_n-768x512.jpg 768w, https:\/\/www.hoasen.edu.vn\/so-tay-sinh-vien\/wp-content\/uploads\/sites\/46\/2024\/02\/376255776_693584562795814_458994665543132983_n-1536x1024.jpg 1536w\" sizes=\"auto, (max-width: 2048px) 100vw, 2048px\" \/><\/figure>\n\n\n\n<figure class=\"wp-block-image size-large\"><img loading=\"lazy\" decoding=\"async\" width=\"1440\" height=\"969\" data-id=\"2365\" src=\"https:\/\/www.hoasen.edu.vn\/so-tay-sinh-vien\/wp-content\/uploads\/sites\/46\/2024\/02\/375597187_693584499462487_4887443975219309706_n.jpg\" alt=\"\" class=\"wp-image-2365\" srcset=\"https:\/\/www.hoasen.edu.vn\/so-tay-sinh-vien\/wp-content\/uploads\/sites\/46\/2024\/02\/375597187_693584499462487_4887443975219309706_n.jpg 1440w, https:\/\/www.hoasen.edu.vn\/so-tay-sinh-vien\/wp-content\/uploads\/sites\/46\/2024\/02\/375597187_693584499462487_4887443975219309706_n-300x202.jpg 300w, https:\/\/www.hoasen.edu.vn\/so-tay-sinh-vien\/wp-content\/uploads\/sites\/46\/2024\/02\/375597187_693584499462487_4887443975219309706_n-768x517.jpg 768w\" sizes=\"auto, (max-width: 1440px) 100vw, 1440px\" \/><\/figure>\n<\/figure>\n\n\n\n<p><strong>[FINAL MOST VALUABLE PLAYER RBL 2023]<\/strong> Hoa Sen University student Nguy\u1ec5n Ng\u1ecdc Thi\u1ec7n stood up and demonstrated his importance in a crucial match. His sensational three-point shots and graceful ball handling were vital in Hoa Sen University&#8217;s championship victory.<\/p>\n\n\n\n<figure class=\"wp-block-gallery has-nested-images columns-default is-cropped wp-block-gallery-2 is-layout-flex wp-block-gallery-is-layout-flex\">\n<figure class=\"wp-block-image size-large\"><img loading=\"lazy\" decoding=\"async\" width=\"2048\" height=\"1365\" data-id=\"2367\" src=\"https:\/\/www.hoasen.edu.vn\/so-tay-sinh-vien\/wp-content\/uploads\/sites\/46\/2024\/02\/377282717_289575213823915_328931341246220074_n.jpg\" alt=\"\" class=\"wp-image-2367\" srcset=\"https:\/\/www.hoasen.edu.vn\/so-tay-sinh-vien\/wp-content\/uploads\/sites\/46\/2024\/02\/377282717_289575213823915_328931341246220074_n.jpg 2048w, https:\/\/www.hoasen.edu.vn\/so-tay-sinh-vien\/wp-content\/uploads\/sites\/46\/2024\/02\/377282717_289575213823915_328931341246220074_n-300x200.jpg 300w, https:\/\/www.hoasen.edu.vn\/so-tay-sinh-vien\/wp-content\/uploads\/sites\/46\/2024\/02\/377282717_289575213823915_328931341246220074_n-768x512.jpg 768w, https:\/\/www.hoasen.edu.vn\/so-tay-sinh-vien\/wp-content\/uploads\/sites\/46\/2024\/02\/377282717_289575213823915_328931341246220074_n-1536x1024.jpg 1536w\" sizes=\"auto, (max-width: 2048px) 100vw, 2048px\" \/><\/figure>\n\n\n\n<figure class=\"wp-block-image size-large\"><img loading=\"lazy\" decoding=\"async\" width=\"2048\" height=\"1365\" data-id=\"2369\" src=\"https:\/\/www.hoasen.edu.vn\/so-tay-sinh-vien\/wp-content\/uploads\/sites\/46\/2024\/02\/378015367_289575000490603_5880125063303532556_n.jpg\" alt=\"\" class=\"wp-image-2369\" srcset=\"https:\/\/www.hoasen.edu.vn\/so-tay-sinh-vien\/wp-content\/uploads\/sites\/46\/2024\/02\/378015367_289575000490603_5880125063303532556_n.jpg 2048w, https:\/\/www.hoasen.edu.vn\/so-tay-sinh-vien\/wp-content\/uploads\/sites\/46\/2024\/02\/378015367_289575000490603_5880125063303532556_n-300x200.jpg 300w, https:\/\/www.hoasen.edu.vn\/so-tay-sinh-vien\/wp-content\/uploads\/sites\/46\/2024\/02\/378015367_289575000490603_5880125063303532556_n-768x512.jpg 768w, https:\/\/www.hoasen.edu.vn\/so-tay-sinh-vien\/wp-content\/uploads\/sites\/46\/2024\/02\/378015367_289575000490603_5880125063303532556_n-1536x1024.jpg 1536w\" sizes=\"auto, (max-width: 2048px) 100vw, 2048px\" \/><\/figure>\n\n\n\n<figure class=\"wp-block-image size-large\"><img loading=\"lazy\" decoding=\"async\" width=\"1080\" height=\"1080\" data-id=\"2368\" src=\"https:\/\/www.hoasen.edu.vn\/so-tay-sinh-vien\/wp-content\/uploads\/sites\/46\/2024\/02\/378118783_289574950490608_6509754286701975804_n.jpg\" alt=\"\" class=\"wp-image-2368\" srcset=\"https:\/\/www.hoasen.edu.vn\/so-tay-sinh-vien\/wp-content\/uploads\/sites\/46\/2024\/02\/378118783_289574950490608_6509754286701975804_n.jpg 1080w, https:\/\/www.hoasen.edu.vn\/so-tay-sinh-vien\/wp-content\/uploads\/sites\/46\/2024\/02\/378118783_289574950490608_6509754286701975804_n-300x300.jpg 300w, https:\/\/www.hoasen.edu.vn\/so-tay-sinh-vien\/wp-content\/uploads\/sites\/46\/2024\/02\/378118783_289574950490608_6509754286701975804_n-768x768.jpg 768w\" sizes=\"auto, (max-width: 1080px) 100vw, 1080px\" \/><\/figure>\n<\/figure>\n\n\n\n<p><strong>[MEMBERS OF HSG CLUB REPRESENTING HSU PARTICIPATING IN THE COMPUTER TOURNAMENT SEASON 12]<\/strong><\/p>\n\n\n\n<p>On March 24, 2023, two members of Hoa Sen Gaming, Nguyen Anh Khoa and Tran Nguyen Vinh, participated in the Grand Finals of the TFT Tech-PUS tournament held at Hutech University, Thu Duc. After 5 intense and dramatic matches, Nguyen Anh Khoa excellently achieved the Runner-up title.<\/p>\n\n\n\n<figure class=\"wp-block-gallery has-nested-images columns-default is-cropped wp-block-gallery-3 is-layout-flex wp-block-gallery-is-layout-flex\">\n<figure class=\"wp-block-image size-large\"><img loading=\"lazy\" decoding=\"async\" width=\"2048\" height=\"1150\" data-id=\"2370\" src=\"https:\/\/www.hoasen.edu.vn\/so-tay-sinh-vien\/wp-content\/uploads\/sites\/46\/2024\/02\/337901762_571303341444611_8469309321507495822_n.jpg\" alt=\"\" class=\"wp-image-2370\" srcset=\"https:\/\/www.hoasen.edu.vn\/so-tay-sinh-vien\/wp-content\/uploads\/sites\/46\/2024\/02\/337901762_571303341444611_8469309321507495822_n.jpg 2048w, https:\/\/www.hoasen.edu.vn\/so-tay-sinh-vien\/wp-content\/uploads\/sites\/46\/2024\/02\/337901762_571303341444611_8469309321507495822_n-300x168.jpg 300w, https:\/\/www.hoasen.edu.vn\/so-tay-sinh-vien\/wp-content\/uploads\/sites\/46\/2024\/02\/337901762_571303341444611_8469309321507495822_n-768x431.jpg 768w, https:\/\/www.hoasen.edu.vn\/so-tay-sinh-vien\/wp-content\/uploads\/sites\/46\/2024\/02\/337901762_571303341444611_8469309321507495822_n-1536x863.jpg 1536w\" sizes=\"auto, (max-width: 2048px) 100vw, 2048px\" \/><\/figure>\n\n\n\n<figure class=\"wp-block-image size-large\"><img loading=\"lazy\" decoding=\"async\" width=\"2048\" height=\"1150\" data-id=\"2371\" src=\"https:\/\/www.hoasen.edu.vn\/so-tay-sinh-vien\/wp-content\/uploads\/sites\/46\/2024\/02\/337864677_5732413786868389_8437481387427491538_n.jpg\" alt=\"\" class=\"wp-image-2371\" srcset=\"https:\/\/www.hoasen.edu.vn\/so-tay-sinh-vien\/wp-content\/uploads\/sites\/46\/2024\/02\/337864677_5732413786868389_8437481387427491538_n.jpg 2048w, https:\/\/www.hoasen.edu.vn\/so-tay-sinh-vien\/wp-content\/uploads\/sites\/46\/2024\/02\/337864677_5732413786868389_8437481387427491538_n-300x168.jpg 300w, https:\/\/www.hoasen.edu.vn\/so-tay-sinh-vien\/wp-content\/uploads\/sites\/46\/2024\/02\/337864677_5732413786868389_8437481387427491538_n-768x431.jpg 768w, https:\/\/www.hoasen.edu.vn\/so-tay-sinh-vien\/wp-content\/uploads\/sites\/46\/2024\/02\/337864677_5732413786868389_8437481387427491538_n-1536x863.jpg 1536w\" sizes=\"auto, (max-width: 2048px) 100vw, 2048px\" \/><\/figure>\n\n\n\n<figure class=\"wp-block-image size-large\"><img loading=\"lazy\" decoding=\"async\" width=\"2048\" height=\"1150\" data-id=\"2372\" src=\"https:\/\/www.hoasen.edu.vn\/so-tay-sinh-vien\/wp-content\/uploads\/sites\/46\/2024\/02\/337847014_3094202560881950_8567578323597795929_n.jpg\" alt=\"\" class=\"wp-image-2372\" srcset=\"https:\/\/www.hoasen.edu.vn\/so-tay-sinh-vien\/wp-content\/uploads\/sites\/46\/2024\/02\/337847014_3094202560881950_8567578323597795929_n.jpg 2048w, https:\/\/www.hoasen.edu.vn\/so-tay-sinh-vien\/wp-content\/uploads\/sites\/46\/2024\/02\/337847014_3094202560881950_8567578323597795929_n-300x168.jpg 300w, https:\/\/www.hoasen.edu.vn\/so-tay-sinh-vien\/wp-content\/uploads\/sites\/46\/2024\/02\/337847014_3094202560881950_8567578323597795929_n-768x431.jpg 768w, https:\/\/www.hoasen.edu.vn\/so-tay-sinh-vien\/wp-content\/uploads\/sites\/46\/2024\/02\/337847014_3094202560881950_8567578323597795929_n-1536x863.jpg 1536w\" sizes=\"auto, (max-width: 2048px) 100vw, 2048px\" \/><\/figure>\n<\/figure>\n\n\n\n<p><strong>[TFT TECH-PUS \u2013 ROAD TO COMPUTER ARENA XII]<\/strong><\/p>\n\n\n\n<p>With the desire to bring a healthy Esports playground for students of Hoa Sen University in particular and other universities in general, creating opportunities for interaction and stepping into major tournaments in the Vietnamese Esports arena, Hoa Sen Gaming in collaboration with Intel and VBE will organize a tournament for students of Hoa Sen University who have a strong passion for electronic sports, providing them with the opportunity to step onto the professional gaming stage.<\/p>\n\n\n\n<figure class=\"wp-block-gallery has-nested-images columns-default is-cropped wp-block-gallery-4 is-layout-flex wp-block-gallery-is-layout-flex\">\n<figure class=\"wp-block-image size-large\"><img loading=\"lazy\" decoding=\"async\" width=\"1920\" height=\"1454\" data-id=\"2374\" src=\"https:\/\/www.hoasen.edu.vn\/so-tay-sinh-vien\/wp-content\/uploads\/sites\/46\/2024\/02\/335441889_1266843697235424_2284766176940416446_n.jpg\" alt=\"\" class=\"wp-image-2374\" srcset=\"https:\/\/www.hoasen.edu.vn\/so-tay-sinh-vien\/wp-content\/uploads\/sites\/46\/2024\/02\/335441889_1266843697235424_2284766176940416446_n.jpg 1920w, https:\/\/www.hoasen.edu.vn\/so-tay-sinh-vien\/wp-content\/uploads\/sites\/46\/2024\/02\/335441889_1266843697235424_2284766176940416446_n-300x227.jpg 300w, https:\/\/www.hoasen.edu.vn\/so-tay-sinh-vien\/wp-content\/uploads\/sites\/46\/2024\/02\/335441889_1266843697235424_2284766176940416446_n-768x582.jpg 768w, https:\/\/www.hoasen.edu.vn\/so-tay-sinh-vien\/wp-content\/uploads\/sites\/46\/2024\/02\/335441889_1266843697235424_2284766176940416446_n-1536x1163.jpg 1536w\" sizes=\"auto, (max-width: 1920px) 100vw, 1920px\" \/><\/figure>\n\n\n\n<figure class=\"wp-block-image size-large\"><img loading=\"lazy\" decoding=\"async\" width=\"2048\" height=\"1150\" data-id=\"2375\" src=\"https:\/\/www.hoasen.edu.vn\/so-tay-sinh-vien\/wp-content\/uploads\/sites\/46\/2024\/02\/337354151_577144467699693_7237198364828885240_n.jpg\" alt=\"\" class=\"wp-image-2375\" srcset=\"https:\/\/www.hoasen.edu.vn\/so-tay-sinh-vien\/wp-content\/uploads\/sites\/46\/2024\/02\/337354151_577144467699693_7237198364828885240_n.jpg 2048w, https:\/\/www.hoasen.edu.vn\/so-tay-sinh-vien\/wp-content\/uploads\/sites\/46\/2024\/02\/337354151_577144467699693_7237198364828885240_n-300x168.jpg 300w, https:\/\/www.hoasen.edu.vn\/so-tay-sinh-vien\/wp-content\/uploads\/sites\/46\/2024\/02\/337354151_577144467699693_7237198364828885240_n-768x431.jpg 768w, https:\/\/www.hoasen.edu.vn\/so-tay-sinh-vien\/wp-content\/uploads\/sites\/46\/2024\/02\/337354151_577144467699693_7237198364828885240_n-1536x863.jpg 1536w\" sizes=\"auto, (max-width: 2048px) 100vw, 2048px\" \/><\/figure>\n\n\n\n<figure class=\"wp-block-image size-large\"><img loading=\"lazy\" decoding=\"async\" width=\"2048\" height=\"1150\" data-id=\"2373\" src=\"https:\/\/www.hoasen.edu.vn\/so-tay-sinh-vien\/wp-content\/uploads\/sites\/46\/2024\/02\/337042160_3351172921799891_696976834305804907_n.jpg\" alt=\"\" class=\"wp-image-2373\" srcset=\"https:\/\/www.hoasen.edu.vn\/so-tay-sinh-vien\/wp-content\/uploads\/sites\/46\/2024\/02\/337042160_3351172921799891_696976834305804907_n.jpg 2048w, https:\/\/www.hoasen.edu.vn\/so-tay-sinh-vien\/wp-content\/uploads\/sites\/46\/2024\/02\/337042160_3351172921799891_696976834305804907_n-300x168.jpg 300w, https:\/\/www.hoasen.edu.vn\/so-tay-sinh-vien\/wp-content\/uploads\/sites\/46\/2024\/02\/337042160_3351172921799891_696976834305804907_n-768x431.jpg 768w, https:\/\/www.hoasen.edu.vn\/so-tay-sinh-vien\/wp-content\/uploads\/sites\/46\/2024\/02\/337042160_3351172921799891_696976834305804907_n-1536x863.jpg 1536w\" sizes=\"auto, (max-width: 2048px) 100vw, 2048px\" \/><\/figure>\n<\/figure>\n\n\n\n<p>List of Sports Clubs:<\/p>\n\n\n\n<figure class=\"wp-block-table\"><table><tbody><tr><td class=\"has-text-align-center\" data-align=\"center\"><strong>NO.<\/strong><\/td><td class=\"has-text-align-center\" data-align=\"center\"><strong>Club Name<\/strong><\/td><td class=\"has-text-align-center\" data-align=\"center\"><strong>Head<\/strong><\/td><td class=\"has-text-align-center\" data-align=\"center\"><strong>Phone Number<\/strong><\/td><td class=\"has-text-align-center\" data-align=\"center\"><strong>Email Address<\/strong><\/td><td class=\"has-text-align-center\" data-align=\"center\"><strong>Facebook<\/strong> <strong>Page<\/strong><\/td><\/tr><tr><td class=\"has-text-align-center\" data-align=\"center\">1<\/td><td class=\"has-text-align-center\" data-align=\"center\">Hoa Sen University FC<\/td><td class=\"has-text-align-center\" data-align=\"center\">H\u00e0 V\u0103n C\u00f4ng<\/td><td class=\"has-text-align-center\" data-align=\"center\">0705709705<\/td><td class=\"has-text-align-center\" data-align=\"center\"><a href=\"mailto:hsufcweareone@gmail.com.vn\">hsufcweareone@gmail.com.vn<\/a><\/td><td class=\"has-text-align-center\" data-align=\"center\"><a href=\"https:\/\/www.facebook.com\/HoaSenUniversityFC\/\" target=\"_blank\" rel=\"noreferrer noopener\">https:\/\/www.facebook.com\/HoaSenUniversityFC\/<\/a><\/td><\/tr><tr><td class=\"has-text-align-center\" data-align=\"center\">2<\/td><td class=\"has-text-align-center\" data-align=\"center\">Hoa Sen Volleyball Club<\/td><td class=\"has-text-align-center\" data-align=\"center\">Nguy\u1ec5n Th\u00e0nh \u0110\u1ea1t<\/td><td class=\"has-text-align-center\" data-align=\"center\">0784763582<\/td><td class=\"has-text-align-center\" data-align=\"center\"><a href=\"mailto:Dat.nt2455@sinhvien.hoasen.edu.vn\">Dat.nt2455@sinhvien.hoasen.edu.vn<\/a><\/td><td class=\"has-text-align-center\" data-align=\"center\"><a href=\"https:\/\/www.facebook.com\/HoaSenVolleyballClub\/\" target=\"_blank\" rel=\"noreferrer noopener\">https:\/\/www.facebook.com\/HoaSenVolleyballClub\/<\/a><\/td><\/tr><tr><td class=\"has-text-align-center\" data-align=\"center\">3<\/td><td class=\"has-text-align-center\" data-align=\"center\">CLB C\u1ea7u L\u00f4ng Hoa Sen<\/td><td class=\"has-text-align-center\" data-align=\"center\">D\u01b0\u01a1ng Tr\u00ed Si\u00eau<\/td><td class=\"has-text-align-center\" data-align=\"center\">0921254516<\/td><td class=\"has-text-align-center\" data-align=\"center\"><a href=\"mailto:hsubadminton@sinhvien.hoasen.edu.vn\">hsubadminton@sinhvien.hoasen.edu.vn<\/a><\/td><td class=\"has-text-align-center\" data-align=\"center\"><a href=\"https:\/\/www.facebook.com\/CauLacBoCauLongHoaSen\/\" target=\"_blank\" rel=\"noreferrer noopener\">https:\/\/www.facebook.com\/CauLacBoCauLongHoaSen\/<\/a><\/td><\/tr><tr><td class=\"has-text-align-center\" data-align=\"center\">4<\/td><td class=\"has-text-align-center\" data-align=\"center\">CLB B\u00f3ng R\u1ed5<\/td><td class=\"has-text-align-center\" data-align=\"center\">Nguy\u1ec5n Ng\u1ecdc H\u00e2n<\/td><td class=\"has-text-align-center\" data-align=\"center\">0947455288<\/td><td class=\"has-text-align-center\" data-align=\"center\"><a href=\"mailto:lbcbasketball19@gmail.com\">lbcbasketball19@gmail.com<\/a><\/td><td class=\"has-text-align-center\" data-align=\"center\"><a href=\"https:\/\/www.facebook.com\/lotusbasketballclub\/\" target=\"_blank\" rel=\"noreferrer noopener\">https:\/\/www.facebook.com\/lotusbasketballclub\/<\/a><\/td><\/tr><tr><td class=\"has-text-align-center\" data-align=\"center\">5<\/td><td class=\"has-text-align-center\" data-align=\"center\">CLB Taekwondo HSU<\/td><td class=\"has-text-align-center\" data-align=\"center\">Ph\u1ea1m Anh Khoa<\/td><td class=\"has-text-align-center\" data-align=\"center\">0911618316<\/td><td class=\"has-text-align-center\" data-align=\"center\"><a href=\"mailto:phamanhkhoa.1608@gmail.com\">phamanhkhoa.1608@gmail.com<\/a><\/td><td class=\"has-text-align-center\" data-align=\"center\"><a href=\"https:\/\/www.facebook.com\/CLB-Taekwondo-HSU-111340800727610\" target=\"_blank\" rel=\"noreferrer noopener\">https:\/\/www.facebook.com\/CLB-Taekwondo-HSU-111340800727610<\/a><\/td><\/tr><tr><td class=\"has-text-align-center\" data-align=\"center\">6<\/td><td class=\"has-text-align-center\" data-align=\"center\">Hoa Sen Gaming<\/td><td class=\"has-text-align-center\" data-align=\"center\">H\u1ed3 Nguy\u1ec5n Thi\u00ean \u00c2n<\/td><td class=\"has-text-align-center\" data-align=\"center\">0906817773<\/td><td class=\"has-text-align-center\" data-align=\"center\"><a href=\"mailto:hsu@hoasen.edu.vn\">hsu@hoasen.edu.vn<\/a><\/td><td class=\"has-text-align-center\" data-align=\"center\"><a href=\"https:\/\/www.facebook.com\/HoaSenGaming\/\" target=\"_blank\" rel=\"noreferrer noopener\">https:\/\/www.facebook.com\/HoaSenGaming\/<\/a><\/td><\/tr><\/tbody><\/table><\/figure>\n","protected":false},"excerpt":{"rendered":"<p>Some activities of sports clubs include: [CONGRATULATIONS TO HSU MEN&#8217;S BASKETBALL TEAM FOR WINNING THE RMIT BASKETBALL LEAGUE 2023] After many rounds of competition with teams from various universities, the final round of the RMIT Basketball League 2023 took place with the participation of the MLBC men&#8217;s basketball team from Hoa Sen University and the team from Ton Duc Thang University. Ultimately, Hoa Sen University clinched the championship with a score of 62-59 against Ton Duc Thang University. [FINAL MOST VALUABLE PLAYER RBL 2023] Hoa Sen University student Nguy\u1ec5n Ng\u1ecdc Thi\u1ec7n stood up and demonstrated his importance in a crucial&#8230;<\/p>\n","protected":false},"author":70,"featured_media":0,"parent":0,"menu_order":0,"comment_status":"closed","ping_status":"closed","template":"","meta":{"footnotes":""},"class_list":["post-2363","page","type-page","status-publish","hentry"],"acf":[],"_links":{"self":[{"href":"https:\/\/www.hoasen.edu.vn\/so-tay-sinh-vien\/wp-json\/wp\/v2\/pages\/2363","targetHints":{"allow":["GET"]}}],"collection":[{"href":"https:\/\/www.hoasen.edu.vn\/so-tay-sinh-vien\/wp-json\/wp\/v2\/pages"}],"about":[{"href":"https:\/\/www.hoasen.edu.vn\/so-tay-sinh-vien\/wp-json\/wp\/v2\/types\/page"}],"author":[{"embeddable":true,"href":"https:\/\/www.hoasen.edu.vn\/so-tay-sinh-vien\/wp-json\/wp\/v2\/users\/70"}],"replies":[{"embeddable":true,"href":"https:\/\/www.hoasen.edu.vn\/so-tay-sinh-vien\/wp-json\/wp\/v2\/comments?post=2363"}],"version-history":[{"count":2,"href":"https:\/\/www.hoasen.edu.vn\/so-tay-sinh-vien\/wp-json\/wp\/v2\/pages\/2363\/revisions"}],"predecessor-version":[{"id":2378,"href":"https:\/\/www.hoasen.edu.vn\/so-tay-sinh-vien\/wp-json\/wp\/v2\/pages\/2363\/revisions\/2378"}],"wp:attachment":[{"href":"https:\/\/www.hoasen.edu.vn\/so-tay-sinh-vien\/wp-json\/wp\/v2\/media?parent=2363"}],"curies":[{"name":"wp","href":"https:\/\/api.w.org\/{rel}","templated":true}]}}