{"id":230,"date":"2022-08-02T09:15:19","date_gmt":"2022-08-02T09:15:19","guid":{"rendered":"https:\/\/www.hoasen.edu.vn\/so-tay-sinh-vien\/?page_id=230"},"modified":"2023-09-25T09:30:20","modified_gmt":"2023-09-25T09:30:20","slug":"hoat-dong-doan-hoi","status":"publish","type":"page","link":"https:\/\/www.hoasen.edu.vn\/so-tay-sinh-vien\/hoat-dong-doan-hoi\/","title":{"rendered":"Ho\u1ea1t \u0111\u1ed9ng \u0110o\u00e0n &#8211; H\u1ed9i"},"content":{"rendered":"\n<p>\u0110o\u00e0n Thanh ni\u00ean \u2013 H\u1ed9i Sinh vi\u00ean Tr\u01b0\u1eddng l\u00e0 hai t\u1ed5 ch\u1ee9c \u0111\u1ed3ng h\u00e0nh c\u00f9ng sinh vi\u00ean xuy\u00ean su\u1ed1t qu\u00e1 tr\u00ecnh h\u1ecdc t\u1eadp t\u1ea1i tr\u01b0\u1eddng,  g\u00f3p ph\u1ea7n t\u1ea1o n\u00ean m\u1ed9t m\u00f4i tr\u01b0\u1eddng r\u00e8n luy\u1ec7n \u0111\u1ec3 sinh vi\u00ean ph\u00e1t tri\u1ec3n to\u00e0n di\u1ec7n ph\u1ea9m ch\u1ea5t \u0111\u1ea1o \u0111\u1ee9c, b\u1ea3n l\u0129nh ch\u00ednh tr\u1ecb, k\u1ef9 n\u0103ng th\u1ef1c h\u00e0nh x\u00e3 h\u1ed9i. <\/p>\n\n\n\t\t<!-- ================================================== -->\r\n\t\t<!-- CHANNELS -->\r\n\t\t<!-- ================================================== -->\r\n\t\t<div class=\"vc-card--channel \">\r\n\t\t\t<div class=\"container position-relative\">\r\n\t\t\t\t\t\t\t\t\t<h2 class=\"vc-headline--primary position-relative\">Ho\u1ea1t \u0111\u1ed9ng \u0110o\u00e0n &#8211; H\u1ed9i<\/h2>\r\n\t\t\t\t\t\t\t\t<div class=\"swiper-container mb-5 jsChannel\" id=\"block_3cfc12a9c871e62b3104f3820d764341\">\r\n\t\t\t\t\t<div class=\"swiper-wrapper\">\r\n\t\t\t\t\t\t\t\t\t\t\t\t\t<div class=\"swiper-slide\">\r\n\t\t\t\t\t\t\t\t<a class=\"vc-card__item position-relative d-block\" href=\"https:\/\/www.hoasen.edu.vn\/so-tay-sinh-vien\/hoat-dong-phong-trao\/\">\r\n\t\t\t\t\t\t\t\t\t<div class=\"swiper-container jsChannelChild\" id=\"channelChildblock_3cfc12a9c871e62b3104f3820d7643411\">\r\n\t\t\t\t\t\t\t\t\t\t<div class=\"swiper-wrapper\">\r\n\t\t\t\t\t\t\t\t\t\t\t\t\t\t\t\t\t\t\t\t\t\t\t\t\t\t\t\t\t\t\t\t\t\t\t\t\t\t\t\t\t\t\t\t\t\t\t<div class=\"swiper-slide\">\r\n\t\t\t\t\t\t\t\t\t\t\t\t\t\t<div class=\"vc-card__avatar mb-0 position-relative\">\r\n\t\t\t\t\t\t\t\t\t\t\t\t\t\t\t<img decoding=\"async\" class=\"position-absolute\" src=\"https:\/\/www.hoasen.edu.vn\/so-tay-sinh-vien\/wp-content\/uploads\/sites\/46\/2023\/09\/312837722_5594976130548996_9034210132097315401_n.jpg\" alt=\"\">\r\n\t\t\t\t\t\t\t\t\t\t\t\t\t\t<\/div>\r\n\t\t\t\t\t\t\t\t\t\t\t\t\t<\/div>\r\n\t\t\t\t\t\t\t\t\t\t\t\t\t\t\t\t\t\t\t\t\t\t\t\t\t\t\t\t\t\t\t\t\t<\/div>\r\n\t\t\t\t\t\t\t\t\t<\/div>\r\n\t\t\t\t\t\t\t\t\t<span class=\"vc-card__ttl text-center position-absolute \">Ho\u1ea1t \u0111\u1ed9ng phong tr\u00e0o<\/span>\r\n\t\t\t\t\t\t\t\t<\/a>\r\n\t\t\t\t\t\t\t<\/div>\r\n\t\t\t\t\t\t\t\t\t\t\t\t\t<div class=\"swiper-slide\">\r\n\t\t\t\t\t\t\t\t<a class=\"vc-card__item position-relative d-block\" href=\"https:\/\/www.hoasen.edu.vn\/so-tay-sinh-vien\/hoat-dong-tinh-nguyen\/\">\r\n\t\t\t\t\t\t\t\t\t<div class=\"swiper-container jsChannelChild\" id=\"channelChildblock_3cfc12a9c871e62b3104f3820d7643412\">\r\n\t\t\t\t\t\t\t\t\t\t<div class=\"swiper-wrapper\">\r\n\t\t\t\t\t\t\t\t\t\t\t\t\t\t\t\t\t\t\t\t\t\t\t\t\t\t\t\t\t\t\t\t\t\t\t\t\t\t\t\t\t\t\t\t\t\t\t<div class=\"swiper-slide\">\r\n\t\t\t\t\t\t\t\t\t\t\t\t\t\t<div class=\"vc-card__avatar mb-0 position-relative\">\r\n\t\t\t\t\t\t\t\t\t\t\t\t\t\t\t<img decoding=\"async\" class=\"position-absolute\" src=\"https:\/\/www.hoasen.edu.vn\/so-tay-sinh-vien\/wp-content\/uploads\/sites\/46\/2022\/08\/298092287_2378318755808406_6575099084186439234_n.jpg\" alt=\"\">\r\n\t\t\t\t\t\t\t\t\t\t\t\t\t\t<\/div>\r\n\t\t\t\t\t\t\t\t\t\t\t\t\t<\/div>\r\n\t\t\t\t\t\t\t\t\t\t\t\t\t\t\t\t\t\t\t\t\t\t\t\t\t\t\t\t\t\t\t\t\t<\/div>\r\n\t\t\t\t\t\t\t\t\t<\/div>\r\n\t\t\t\t\t\t\t\t\t<span class=\"vc-card__ttl text-center position-absolute \">Ho\u1ea1t \u0111\u1ed9ng t\u00ecnh nguy\u1ec7n<\/span>\r\n\t\t\t\t\t\t\t\t<\/a>\r\n\t\t\t\t\t\t\t<\/div>\r\n\t\t\t\t\t\t\t\t\t\t\t\t\t<div class=\"swiper-slide\">\r\n\t\t\t\t\t\t\t\t<a class=\"vc-card__item position-relative d-block\" href=\"https:\/\/www.hoasen.edu.vn\/so-tay-sinh-vien\/sinh-vien-5-tot\/\">\r\n\t\t\t\t\t\t\t\t\t<div class=\"swiper-container jsChannelChild\" id=\"channelChildblock_3cfc12a9c871e62b3104f3820d7643413\">\r\n\t\t\t\t\t\t\t\t\t\t<div class=\"swiper-wrapper\">\r\n\t\t\t\t\t\t\t\t\t\t\t\t\t\t\t\t\t\t\t\t\t\t\t\t\t\t\t\t\t\t\t\t\t\t\t\t\t\t\t\t\t\t\t\t\t\t\t<div class=\"swiper-slide\">\r\n\t\t\t\t\t\t\t\t\t\t\t\t\t\t<div class=\"vc-card__avatar mb-0 position-relative\">\r\n\t\t\t\t\t\t\t\t\t\t\t\t\t\t\t<img decoding=\"async\" class=\"position-absolute\" src=\"https:\/\/www.hoasen.edu.vn\/so-tay-sinh-vien\/wp-content\/uploads\/sites\/46\/2022\/08\/a4.png\" alt=\"\">\r\n\t\t\t\t\t\t\t\t\t\t\t\t\t\t<\/div>\r\n\t\t\t\t\t\t\t\t\t\t\t\t\t<\/div>\r\n\t\t\t\t\t\t\t\t\t\t\t\t\t\t\t\t\t\t\t\t\t\t\t\t\t\t\t\t\t\t\t\t\t<\/div>\r\n\t\t\t\t\t\t\t\t\t<\/div>\r\n\t\t\t\t\t\t\t\t\t<span class=\"vc-card__ttl text-center position-absolute \">Sinh vi\u00ean 5 t\u1ed1t<\/span>\r\n\t\t\t\t\t\t\t\t<\/a>\r\n\t\t\t\t\t\t\t<\/div>\r\n\t\t\t\t\t\t\t\t\t\t\t<\/div>\r\n\t\t\t\t<\/div>\r\n\t\t\t\t<div class=\"swiper-button-next d-none d-lg-inline-flex jsNext\">\r\n\t\t\t\t\t<svg class=\"vc-icon\"><use xlink:href=\"https:\/\/www.hoasen.edu.vn\/so-tay-sinh-vien\/wp-content\/themes\/ru-hsu\/assets\/img\/icons.svg#i-arrow-right\" \/><\/svg>\r\n\t\t\t\t<\/div>\r\n\t\t\t\t<div class=\"swiper-button-prev d-none d-lg-inline-flex jsPrev\">\r\n\t\t\t\t\t<svg class=\"vc-icon\"><use xlink:href=\"https:\/\/www.hoasen.edu.vn\/so-tay-sinh-vien\/wp-content\/themes\/ru-hsu\/assets\/img\/icons.svg#i-arrow-left\" \/><\/svg>\r\n\t\t\t\t<\/div>\r\n\t\t\t\t<div class=\"swiper-pagination position-relative w-100 d-flex d-lg-none align-items-center justify-content-center jsPagination\"><\/div>\r\n\t\t\t<\/div>\r\n\t\t<\/div>\r\n\t\t","protected":false},"excerpt":{"rendered":"<p>\u0110o\u00e0n Thanh ni\u00ean \u2013 H\u1ed9i Sinh vi\u00ean Tr\u01b0\u1eddng l\u00e0 hai t\u1ed5 ch\u1ee9c \u0111\u1ed3ng h\u00e0nh c\u00f9ng sinh vi\u00ean xuy\u00ean su\u1ed1t qu\u00e1 tr\u00ecnh h\u1ecdc t\u1eadp t\u1ea1i tr\u01b0\u1eddng, g\u00f3p ph\u1ea7n t\u1ea1o n\u00ean m\u1ed9t m\u00f4i tr\u01b0\u1eddng r\u00e8n luy\u1ec7n \u0111\u1ec3 sinh vi\u00ean ph\u00e1t tri\u1ec3n to\u00e0n di\u1ec7n ph\u1ea9m ch\u1ea5t \u0111\u1ea1o \u0111\u1ee9c, b\u1ea3n l\u0129nh ch\u00ednh tr\u1ecb, k\u1ef9 n\u0103ng th\u1ef1c h\u00e0nh x\u00e3 h\u1ed9i.<\/p>\n","protected":false},"author":38,"featured_media":0,"parent":0,"menu_order":0,"comment_status":"closed","ping_status":"closed","template":"","meta":{"footnotes":""},"class_list":["post-230","page","type-page","status-publish","hentry"],"acf":[],"_links":{"self":[{"href":"https:\/\/www.hoasen.edu.vn\/so-tay-sinh-vien\/wp-json\/wp\/v2\/pages\/230","targetHints":{"allow":["GET"]}}],"collection":[{"href":"https:\/\/www.hoasen.edu.vn\/so-tay-sinh-vien\/wp-json\/wp\/v2\/pages"}],"about":[{"href":"https:\/\/www.hoasen.edu.vn\/so-tay-sinh-vien\/wp-json\/wp\/v2\/types\/page"}],"author":[{"embeddable":true,"href":"https:\/\/www.hoasen.edu.vn\/so-tay-sinh-vien\/wp-json\/wp\/v2\/users\/38"}],"replies":[{"embeddable":true,"href":"https:\/\/www.hoasen.edu.vn\/so-tay-sinh-vien\/wp-json\/wp\/v2\/comments?post=230"}],"version-history":[{"count":10,"href":"https:\/\/www.hoasen.edu.vn\/so-tay-sinh-vien\/wp-json\/wp\/v2\/pages\/230\/revisions"}],"predecessor-version":[{"id":2031,"href":"https:\/\/www.hoasen.edu.vn\/so-tay-sinh-vien\/wp-json\/wp\/v2\/pages\/230\/revisions\/2031"}],"wp:attachment":[{"href":"https:\/\/www.hoasen.edu.vn\/so-tay-sinh-vien\/wp-json\/wp\/v2\/media?parent=230"}],"curies":[{"name":"wp","href":"https:\/\/api.w.org\/{rel}","templated":true}]}}