{"id":228,"date":"2022-08-02T09:15:01","date_gmt":"2022-08-02T09:15:01","guid":{"rendered":"https:\/\/www.hoasen.edu.vn\/so-tay-sinh-vien\/?page_id=228"},"modified":"2025-09-13T10:05:32","modified_gmt":"2025-09-13T10:05:32","slug":"hoat-dong-cac-clb","status":"publish","type":"page","link":"https:\/\/www.hoasen.edu.vn\/so-tay-sinh-vien\/hoat-dong-cac-clb\/","title":{"rendered":"Ho\u1ea1t \u0111\u1ed9ng CLB"},"content":{"rendered":"\n<p>C\u00e2u l\u1ea1c b\u1ed9 Sinh vi\u00ean l\u00e0 \u201c\u0111\u1eb7c s\u1ea3n\u201d kh\u00f4ng th\u1ec3 thi\u1ebfu khi nh\u1eafc \u0111\u1ebfn \u0110\u1ea1i h\u1ecdc Hoa Sen. T\u1ea1i \u0111\u00e2y, sinh vi\u00ean kh\u00f4ng ch\u1ec9 \u0111\u01a1n thu\u1ea7n \u0111\u01b0\u1ee3c b\u1ed5 sung c\u00e1c ki\u1ebfn th\u1ee9c h\u1ecdc thu\u1eadt chuy\u00ean ng\u00e0nh, \u1ee9ng d\u1ee5ng t\u00ednh th\u1ef1c ti\u1ec5n v\u00e0o t\u1eebng gi\u00e1 tr\u1ecb m\u00f4n h\u1ecdc, m\u00e0 c\u00f2n l\u00e0 n\u01a1i \u0111\u1ec3 c\u00e1c b\u1ea1n tr\u1ea3i nghi\u1ec7m, r\u00e8n luy\u1ec7n k\u1ef9 n\u0103ng m\u1ec1m, t\u1eebng b\u01b0\u1edbc x\u00e2y d\u1ef1ng c\u00e1c m\u1ed1i quan h\u1ec7 v\u00e0 ho\u00e0n thi\u1ec7n b\u1ea3n th\u00e2n.<\/p>\n\n\n\n<p>Hi\u1ec7n t\u1ea1i, t\u1ed5ng s\u1ed1 C\u00e2u l\u1ea1c b\u1ed9 Sinh vi\u00ean t\u1ea1i tr\u01b0\u1eddng c\u00f3 h\u01a1n 30 C\u00e2u l\u1ea1c b\u1ed9, c\u00e1c l\u0129nh v\u1ef1c ho\u1ea1t \u0111\u1ed9ng g\u1ed3m c\u00f3: h\u1ecdc thu\u1eadt; ngh\u1ec7 thu\u1eadt; th\u1ec3 thao.<\/p>\n\n\n\t\t<!-- ================================================== -->\r\n\t\t<!-- CHANNELS -->\r\n\t\t<!-- ================================================== -->\r\n\t\t<div class=\"vc-card--channel \">\r\n\t\t\t<div class=\"container position-relative\">\r\n\t\t\t\t\t\t\t\t\t<h2 class=\"vc-headline--primary position-relative\">Ho\u1ea1t \u0111\u1ed9ng c\u00e1c C\u00e2u l\u1ea1c b\u1ed9<\/h2>\r\n\t\t\t\t\t\t\t\t<div class=\"swiper-container mb-5 jsChannel\" id=\"block_4db66912e085fc73569f83f1df97ea6a\">\r\n\t\t\t\t\t<div class=\"swiper-wrapper\">\r\n\t\t\t\t\t\t\t\t\t\t\t\t\t<div class=\"swiper-slide\">\r\n\t\t\t\t\t\t\t\t<a class=\"vc-card__item position-relative d-block\" href=\"https:\/\/www.hoasen.edu.vn\/so-tay-sinh-vien\/clb-hoc-thuat\/\">\r\n\t\t\t\t\t\t\t\t\t<div class=\"swiper-container jsChannelChild\" id=\"channelChildblock_4db66912e085fc73569f83f1df97ea6a1\">\r\n\t\t\t\t\t\t\t\t\t\t<div class=\"swiper-wrapper\">\r\n\t\t\t\t\t\t\t\t\t\t\t\t\t\t\t\t\t\t\t\t\t\t\t\t\t\t\t\t\t\t\t\t\t\t\t\t\t\t\t\t\t\t\t\t\t\t\t<div class=\"swiper-slide\">\r\n\t\t\t\t\t\t\t\t\t\t\t\t\t\t<div class=\"vc-card__avatar mb-0 position-relative\">\r\n\t\t\t\t\t\t\t\t\t\t\t\t\t\t\t<img decoding=\"async\" class=\"position-absolute\" src=\"https:\/\/www.hoasen.edu.vn\/so-tay-sinh-vien\/wp-content\/uploads\/sites\/46\/2022\/08\/286531486_740503587376436_117063109759114832_n.jpg\" alt=\"\">\r\n\t\t\t\t\t\t\t\t\t\t\t\t\t\t<\/div>\r\n\t\t\t\t\t\t\t\t\t\t\t\t\t<\/div>\r\n\t\t\t\t\t\t\t\t\t\t\t\t\t\t\t\t\t\t\t\t\t\t\t\t\t\t\t\t\t\t\t\t\t<\/div>\r\n\t\t\t\t\t\t\t\t\t<\/div>\r\n\t\t\t\t\t\t\t\t\t<span class=\"vc-card__ttl text-center position-absolute \">C\u00e2u l\u1ea1c b\u1ed9 H\u1ecdc thu\u1eadt &#8211; Nghi\u00ean c\u1ee9u<\/span>\r\n\t\t\t\t\t\t\t\t<\/a>\r\n\t\t\t\t\t\t\t<\/div>\r\n\t\t\t\t\t\t\t\t\t\t\t\t\t<div class=\"swiper-slide\">\r\n\t\t\t\t\t\t\t\t<a class=\"vc-card__item position-relative d-block\" href=\"https:\/\/www.hoasen.edu.vn\/so-tay-sinh-vien\/clb-nghe-thuat\/\">\r\n\t\t\t\t\t\t\t\t\t<div class=\"swiper-container jsChannelChild\" id=\"channelChildblock_4db66912e085fc73569f83f1df97ea6a2\">\r\n\t\t\t\t\t\t\t\t\t\t<div class=\"swiper-wrapper\">\r\n\t\t\t\t\t\t\t\t\t\t\t\t\t\t\t\t\t\t\t\t\t\t\t\t\t\t\t\t\t\t\t\t\t\t\t\t\t\t\t\t\t\t\t\t\t\t\t<div class=\"swiper-slide\">\r\n\t\t\t\t\t\t\t\t\t\t\t\t\t\t<div class=\"vc-card__avatar mb-0 position-relative\">\r\n\t\t\t\t\t\t\t\t\t\t\t\t\t\t\t<img decoding=\"async\" class=\"position-absolute\" src=\"https:\/\/www.hoasen.edu.vn\/so-tay-sinh-vien\/wp-content\/uploads\/sites\/46\/2022\/08\/122098719_1532044246993621_4030408920999252159_n.jpg\" alt=\"\">\r\n\t\t\t\t\t\t\t\t\t\t\t\t\t\t<\/div>\r\n\t\t\t\t\t\t\t\t\t\t\t\t\t<\/div>\r\n\t\t\t\t\t\t\t\t\t\t\t\t\t\t\t\t\t\t\t\t\t\t\t\t\t\t\t\t\t\t\t\t\t<\/div>\r\n\t\t\t\t\t\t\t\t\t<\/div>\r\n\t\t\t\t\t\t\t\t\t<span class=\"vc-card__ttl text-center position-absolute \">C\u00e2u l\u1ea1c b\u1ed9 S\u00e1ng t\u1ea1o &#8211; Ngh\u1ec7 thu\u1eadt<\/span>\r\n\t\t\t\t\t\t\t\t<\/a>\r\n\t\t\t\t\t\t\t<\/div>\r\n\t\t\t\t\t\t\t\t\t\t\t\t\t<div class=\"swiper-slide\">\r\n\t\t\t\t\t\t\t\t<a class=\"vc-card__item position-relative d-block\" href=\"https:\/\/www.hoasen.edu.vn\/so-tay-sinh-vien\/clb-the-thao\/\">\r\n\t\t\t\t\t\t\t\t\t<div class=\"swiper-container jsChannelChild\" id=\"channelChildblock_4db66912e085fc73569f83f1df97ea6a3\">\r\n\t\t\t\t\t\t\t\t\t\t<div class=\"swiper-wrapper\">\r\n\t\t\t\t\t\t\t\t\t\t\t\t\t\t\t\t\t\t\t\t\t\t\t\t\t\t\t\t\t\t\t\t\t\t\t\t\t\t\t\t\t\t\t\t\t\t\t<div class=\"swiper-slide\">\r\n\t\t\t\t\t\t\t\t\t\t\t\t\t\t<div class=\"vc-card__avatar mb-0 position-relative\">\r\n\t\t\t\t\t\t\t\t\t\t\t\t\t\t\t<img decoding=\"async\" class=\"position-absolute\" src=\"https:\/\/www.hoasen.edu.vn\/so-tay-sinh-vien\/wp-content\/uploads\/sites\/46\/2022\/08\/77295638_3262292990508528_8860401172394016768_n.jpg\" alt=\"\">\r\n\t\t\t\t\t\t\t\t\t\t\t\t\t\t<\/div>\r\n\t\t\t\t\t\t\t\t\t\t\t\t\t<\/div>\r\n\t\t\t\t\t\t\t\t\t\t\t\t\t\t\t\t\t\t\t\t\t\t\t\t\t\t\t\t\t\t\t\t\t<\/div>\r\n\t\t\t\t\t\t\t\t\t<\/div>\r\n\t\t\t\t\t\t\t\t\t<span class=\"vc-card__ttl text-center position-absolute \">C\u00e2u l\u1ea1c b\u1ed9 Truy\u1ec1n th\u00f4ng &#8211; S\u1ef1 ki\u1ec7n<\/span>\r\n\t\t\t\t\t\t\t\t<\/a>\r\n\t\t\t\t\t\t\t<\/div>\r\n\t\t\t\t\t\t\t\t\t\t\t<\/div>\r\n\t\t\t\t<\/div>\r\n\t\t\t\t<div class=\"swiper-button-next d-none d-lg-inline-flex jsNext\">\r\n\t\t\t\t\t<svg class=\"vc-icon\"><use xlink:href=\"https:\/\/www.hoasen.edu.vn\/so-tay-sinh-vien\/wp-content\/themes\/ru-hsu\/assets\/img\/icons.svg#i-arrow-right\" \/><\/svg>\r\n\t\t\t\t<\/div>\r\n\t\t\t\t<div class=\"swiper-button-prev d-none d-lg-inline-flex jsPrev\">\r\n\t\t\t\t\t<svg class=\"vc-icon\"><use xlink:href=\"https:\/\/www.hoasen.edu.vn\/so-tay-sinh-vien\/wp-content\/themes\/ru-hsu\/assets\/img\/icons.svg#i-arrow-left\" \/><\/svg>\r\n\t\t\t\t<\/div>\r\n\t\t\t\t<div class=\"swiper-pagination position-relative w-100 d-flex d-lg-none align-items-center justify-content-center jsPagination\"><\/div>\r\n\t\t\t<\/div>\r\n\t\t<\/div>\r\n\t\t","protected":false},"excerpt":{"rendered":"<p>C\u00e2u l\u1ea1c b\u1ed9 Sinh vi\u00ean l\u00e0 \u201c\u0111\u1eb7c s\u1ea3n\u201d kh\u00f4ng th\u1ec3 thi\u1ebfu khi nh\u1eafc \u0111\u1ebfn \u0110\u1ea1i h\u1ecdc Hoa Sen. T\u1ea1i \u0111\u00e2y, sinh vi\u00ean kh\u00f4ng ch\u1ec9 \u0111\u01a1n thu\u1ea7n \u0111\u01b0\u1ee3c b\u1ed5 sung c\u00e1c ki\u1ebfn th\u1ee9c h\u1ecdc thu\u1eadt chuy\u00ean ng\u00e0nh, \u1ee9ng d\u1ee5ng t\u00ednh th\u1ef1c ti\u1ec5n v\u00e0o t\u1eebng gi\u00e1 tr\u1ecb m\u00f4n h\u1ecdc, m\u00e0 c\u00f2n l\u00e0 n\u01a1i \u0111\u1ec3 c\u00e1c b\u1ea1n tr\u1ea3i nghi\u1ec7m, r\u00e8n luy\u1ec7n k\u1ef9 n\u0103ng m\u1ec1m, t\u1eebng b\u01b0\u1edbc x\u00e2y d\u1ef1ng c\u00e1c m\u1ed1i quan h\u1ec7 v\u00e0 ho\u00e0n thi\u1ec7n b\u1ea3n th\u00e2n. Hi\u1ec7n t\u1ea1i, t\u1ed5ng s\u1ed1 C\u00e2u l\u1ea1c b\u1ed9 Sinh vi\u00ean t\u1ea1i tr\u01b0\u1eddng c\u00f3 h\u01a1n 30 C\u00e2u l\u1ea1c b\u1ed9, c\u00e1c l\u0129nh v\u1ef1c ho\u1ea1t \u0111\u1ed9ng g\u1ed3m c\u00f3: h\u1ecdc thu\u1eadt;&#8230;<\/p>\n","protected":false},"author":38,"featured_media":0,"parent":0,"menu_order":0,"comment_status":"closed","ping_status":"closed","template":"","meta":{"footnotes":""},"class_list":["post-228","page","type-page","status-publish","hentry"],"acf":[],"_links":{"self":[{"href":"https:\/\/www.hoasen.edu.vn\/so-tay-sinh-vien\/wp-json\/wp\/v2\/pages\/228","targetHints":{"allow":["GET"]}}],"collection":[{"href":"https:\/\/www.hoasen.edu.vn\/so-tay-sinh-vien\/wp-json\/wp\/v2\/pages"}],"about":[{"href":"https:\/\/www.hoasen.edu.vn\/so-tay-sinh-vien\/wp-json\/wp\/v2\/types\/page"}],"author":[{"embeddable":true,"href":"https:\/\/www.hoasen.edu.vn\/so-tay-sinh-vien\/wp-json\/wp\/v2\/users\/38"}],"replies":[{"embeddable":true,"href":"https:\/\/www.hoasen.edu.vn\/so-tay-sinh-vien\/wp-json\/wp\/v2\/comments?post=228"}],"version-history":[{"count":11,"href":"https:\/\/www.hoasen.edu.vn\/so-tay-sinh-vien\/wp-json\/wp\/v2\/pages\/228\/revisions"}],"predecessor-version":[{"id":3069,"href":"https:\/\/www.hoasen.edu.vn\/so-tay-sinh-vien\/wp-json\/wp\/v2\/pages\/228\/revisions\/3069"}],"wp:attachment":[{"href":"https:\/\/www.hoasen.edu.vn\/so-tay-sinh-vien\/wp-json\/wp\/v2\/media?parent=228"}],"curies":[{"name":"wp","href":"https:\/\/api.w.org\/{rel}","templated":true}]}}