{"id":2108,"date":"2024-01-24T04:49:32","date_gmt":"2024-01-24T04:49:32","guid":{"rendered":"https:\/\/www.hoasen.edu.vn\/so-tay-sinh-vien\/?page_id=2108"},"modified":"2024-01-24T04:53:05","modified_gmt":"2024-01-24T04:53:05","slug":"toa-dam-cham-doi-mat-hieu-tam-hon","status":"publish","type":"page","link":"https:\/\/www.hoasen.edu.vn\/so-tay-sinh-vien\/toa-dam-cham-doi-mat-hieu-tam-hon\/","title":{"rendered":"T\u1eccA \u0110\u00c0M &#8220;CH\u1ea0M \u0110\u00d4I M\u1eaeT, HI\u1ec2U T\u00c2M H\u1ed2N&#8221;"},"content":{"rendered":"\n<p>V\u1edbi m\u1ee5c \u0111\u00edch chia s\u1ebb nh\u1eefng g\u00ec ch\u00e2n th\u1eadt v\u00e0 th\u1ef1c t\u1ebf nh\u1ea5t \u0111\u1ebfn c\u1ed9ng \u0111\u1ed3ng, T\u1ecda \u0111\u00e0m \u0111\u01b0\u1ee3c t\u1ed5 ch\u1ee9c \u0111\u1ec3 chia s\u1ebb Th\u00e1ch th\u1ee9c v\u00e0 C\u01a1 h\u1ed9i cho nh\u00f3m Ph\u1ed5 t\u1ef1 k\u1ef7 t\u1ea1i Vi\u1ec7t Nam v\u00e0 kh\u00f4ng gi\u1edbi h\u1ea1n \u1edf ch\u1ec9 tr\u1ebb m\u00e0 c\u00f2n l\u00e0 ph\u1ee5 huynh, nh\u00e0 chuy\u00ean m\u00f4n, gi\u00e1o vi\u00ean, ng\u01b0\u1eddi th\u1ef1c hi\u1ec7n lu\u1eadt, ch\u00ednh s\u00e1ch, x\u00e3 h\u1ed9i,&#8230; d\u01b0\u1edbi g\u00f3c \u0111\u1ed9 th\u1ef1c ti\u1ec5n.<\/p>\n\n\n\n<p><\/p>\n\n\n\n<figure class=\"wp-block-gallery has-nested-images columns-default is-cropped wp-block-gallery-1 is-layout-flex wp-block-gallery-is-layout-flex\">\n<figure class=\"wp-block-image size-full\"><img loading=\"lazy\" decoding=\"async\" width=\"2048\" height=\"1365\" data-id=\"2112\" src=\"https:\/\/www.hoasen.edu.vn\/so-tay-sinh-vien\/wp-content\/uploads\/sites\/46\/2024\/01\/1.jpg\" alt=\"\" class=\"wp-image-2112\" srcset=\"https:\/\/www.hoasen.edu.vn\/so-tay-sinh-vien\/wp-content\/uploads\/sites\/46\/2024\/01\/1.jpg 2048w, https:\/\/www.hoasen.edu.vn\/so-tay-sinh-vien\/wp-content\/uploads\/sites\/46\/2024\/01\/1-300x200.jpg 300w, https:\/\/www.hoasen.edu.vn\/so-tay-sinh-vien\/wp-content\/uploads\/sites\/46\/2024\/01\/1-768x512.jpg 768w, https:\/\/www.hoasen.edu.vn\/so-tay-sinh-vien\/wp-content\/uploads\/sites\/46\/2024\/01\/1-1536x1024.jpg 1536w\" sizes=\"auto, (max-width: 2048px) 100vw, 2048px\" \/><\/figure>\n\n\n\n<figure class=\"wp-block-image size-large\"><img loading=\"lazy\" decoding=\"async\" width=\"2048\" height=\"1365\" data-id=\"2109\" src=\"https:\/\/www.hoasen.edu.vn\/so-tay-sinh-vien\/wp-content\/uploads\/sites\/46\/2024\/01\/412637378_823554646447706_8168177490138486532_n.jpg\" alt=\"\" class=\"wp-image-2109\" srcset=\"https:\/\/www.hoasen.edu.vn\/so-tay-sinh-vien\/wp-content\/uploads\/sites\/46\/2024\/01\/412637378_823554646447706_8168177490138486532_n.jpg 2048w, https:\/\/www.hoasen.edu.vn\/so-tay-sinh-vien\/wp-content\/uploads\/sites\/46\/2024\/01\/412637378_823554646447706_8168177490138486532_n-300x200.jpg 300w, https:\/\/www.hoasen.edu.vn\/so-tay-sinh-vien\/wp-content\/uploads\/sites\/46\/2024\/01\/412637378_823554646447706_8168177490138486532_n-768x512.jpg 768w, https:\/\/www.hoasen.edu.vn\/so-tay-sinh-vien\/wp-content\/uploads\/sites\/46\/2024\/01\/412637378_823554646447706_8168177490138486532_n-1536x1024.jpg 1536w\" sizes=\"auto, (max-width: 2048px) 100vw, 2048px\" \/><\/figure>\n\n\n\n<figure class=\"wp-block-image size-large\"><img loading=\"lazy\" decoding=\"async\" width=\"2048\" height=\"1365\" data-id=\"2111\" src=\"https:\/\/www.hoasen.edu.vn\/so-tay-sinh-vien\/wp-content\/uploads\/sites\/46\/2024\/01\/412904593_823554746447696_1582308958200713107_n.jpg\" alt=\"\" class=\"wp-image-2111\" srcset=\"https:\/\/www.hoasen.edu.vn\/so-tay-sinh-vien\/wp-content\/uploads\/sites\/46\/2024\/01\/412904593_823554746447696_1582308958200713107_n.jpg 2048w, https:\/\/www.hoasen.edu.vn\/so-tay-sinh-vien\/wp-content\/uploads\/sites\/46\/2024\/01\/412904593_823554746447696_1582308958200713107_n-300x200.jpg 300w, https:\/\/www.hoasen.edu.vn\/so-tay-sinh-vien\/wp-content\/uploads\/sites\/46\/2024\/01\/412904593_823554746447696_1582308958200713107_n-768x512.jpg 768w, https:\/\/www.hoasen.edu.vn\/so-tay-sinh-vien\/wp-content\/uploads\/sites\/46\/2024\/01\/412904593_823554746447696_1582308958200713107_n-1536x1024.jpg 1536w\" sizes=\"auto, (max-width: 2048px) 100vw, 2048px\" \/><\/figure>\n<\/figure>\n\n\n\n<p><\/p>\n\n\n\n<p>C\u00e1c di\u1ec5n gi\u1ea3 \u0111\u00e3 c\u00f9ng v\u1edbi BTC \u0111em \u0111\u1ebfn nh\u1eefng chia s\u1ebb \u201cth\u1eadt\u201d v\u00e0 \u201cch\u1ea1m\u201d \u0111\u1ebfn c\u1ea3m x\u00fac c\u1ee7a ng\u01b0\u1eddi tham gia. L\u1ea7n \u0111\u1ea7u ti\u00ean, s\u1ef1 k\u1ebft h\u1ee3p gi\u1eefa nh\u00e0 chuy\u00ean m\u00f4n, ph\u1ee5 huynh v\u00e0 nh\u00e0 th\u1ef1c thi ch\u00ednh s\u00e1ch, lu\u1eadt ph\u00e1p l\u1ea1i c\u00f3 s\u1ef1 ho\u00e0 h\u1ee3p tuy\u1ec7t v\u1eddi \u0111\u1ebfn nh\u01b0 v\u1eady.<\/p>\n\n\n\n<p><\/p>\n\n\n\n<figure class=\"wp-block-image size-full\"><img loading=\"lazy\" decoding=\"async\" width=\"2048\" height=\"1365\" src=\"https:\/\/www.hoasen.edu.vn\/so-tay-sinh-vien\/wp-content\/uploads\/sites\/46\/2024\/01\/412179044_822125819923922_351228127565860656_n.jpg\" alt=\"\" class=\"wp-image-2115\" srcset=\"https:\/\/www.hoasen.edu.vn\/so-tay-sinh-vien\/wp-content\/uploads\/sites\/46\/2024\/01\/412179044_822125819923922_351228127565860656_n.jpg 2048w, https:\/\/www.hoasen.edu.vn\/so-tay-sinh-vien\/wp-content\/uploads\/sites\/46\/2024\/01\/412179044_822125819923922_351228127565860656_n-300x200.jpg 300w, https:\/\/www.hoasen.edu.vn\/so-tay-sinh-vien\/wp-content\/uploads\/sites\/46\/2024\/01\/412179044_822125819923922_351228127565860656_n-768x512.jpg 768w, https:\/\/www.hoasen.edu.vn\/so-tay-sinh-vien\/wp-content\/uploads\/sites\/46\/2024\/01\/412179044_822125819923922_351228127565860656_n-1536x1024.jpg 1536w\" sizes=\"auto, (max-width: 2048px) 100vw, 2048px\" \/><\/figure>\n\n\n\n<p><\/p>\n\n\n\n<p>M\u1eb7c d\u00f9 \u0111\u00e2y kh\u00f4ng ph\u1ea3i l\u00e0 m\u1ed9t ch\u1ee7 \u0111\u1ec1 qu\u00e1 ph\u1ed5 bi\u1ebfn hay \u0111\u01b0\u1ee3c quan t\u00e2m r\u1ed9ng r\u00e3i nh\u01b0ng v\u1eabn nh\u1eadn \u0111\u01b0\u1ee3c h\u01a1n 130 l\u01b0\u1ee3t \u0111\u0103ng k\u00fd tham gia t\u1eeb c\u00e1c b\u1ea1n sinh vi\u00ean Nh\u00e0 Sen.<\/p>\n","protected":false},"excerpt":{"rendered":"<p>V\u1edbi m\u1ee5c \u0111\u00edch chia s\u1ebb nh\u1eefng g\u00ec ch\u00e2n th\u1eadt v\u00e0 th\u1ef1c t\u1ebf nh\u1ea5t \u0111\u1ebfn c\u1ed9ng \u0111\u1ed3ng, T\u1ecda \u0111\u00e0m \u0111\u01b0\u1ee3c t\u1ed5 ch\u1ee9c \u0111\u1ec3 chia s\u1ebb Th\u00e1ch th\u1ee9c v\u00e0 C\u01a1 h\u1ed9i cho nh\u00f3m Ph\u1ed5 t\u1ef1 k\u1ef7 t\u1ea1i Vi\u1ec7t Nam v\u00e0 kh\u00f4ng gi\u1edbi h\u1ea1n \u1edf ch\u1ec9 tr\u1ebb m\u00e0 c\u00f2n l\u00e0 ph\u1ee5 huynh, nh\u00e0 chuy\u00ean m\u00f4n, gi\u00e1o vi\u00ean, ng\u01b0\u1eddi th\u1ef1c hi\u1ec7n lu\u1eadt, ch\u00ednh s\u00e1ch, x\u00e3 h\u1ed9i,&#8230; d\u01b0\u1edbi g\u00f3c \u0111\u1ed9 th\u1ef1c ti\u1ec5n. C\u00e1c di\u1ec5n gi\u1ea3 \u0111\u00e3 c\u00f9ng v\u1edbi BTC \u0111em \u0111\u1ebfn nh\u1eefng chia s\u1ebb \u201cth\u1eadt\u201d v\u00e0 \u201cch\u1ea1m\u201d \u0111\u1ebfn c\u1ea3m x\u00fac c\u1ee7a ng\u01b0\u1eddi tham gia. L\u1ea7n \u0111\u1ea7u ti\u00ean, s\u1ef1 k\u1ebft h\u1ee3p gi\u1eefa nh\u00e0 chuy\u00ean m\u00f4n, ph\u1ee5&#8230;<\/p>\n","protected":false},"author":70,"featured_media":0,"parent":0,"menu_order":0,"comment_status":"closed","ping_status":"closed","template":"","meta":{"footnotes":""},"class_list":["post-2108","page","type-page","status-publish","hentry"],"acf":[],"_links":{"self":[{"href":"https:\/\/www.hoasen.edu.vn\/so-tay-sinh-vien\/wp-json\/wp\/v2\/pages\/2108","targetHints":{"allow":["GET"]}}],"collection":[{"href":"https:\/\/www.hoasen.edu.vn\/so-tay-sinh-vien\/wp-json\/wp\/v2\/pages"}],"about":[{"href":"https:\/\/www.hoasen.edu.vn\/so-tay-sinh-vien\/wp-json\/wp\/v2\/types\/page"}],"author":[{"embeddable":true,"href":"https:\/\/www.hoasen.edu.vn\/so-tay-sinh-vien\/wp-json\/wp\/v2\/users\/70"}],"replies":[{"embeddable":true,"href":"https:\/\/www.hoasen.edu.vn\/so-tay-sinh-vien\/wp-json\/wp\/v2\/comments?post=2108"}],"version-history":[{"count":3,"href":"https:\/\/www.hoasen.edu.vn\/so-tay-sinh-vien\/wp-json\/wp\/v2\/pages\/2108\/revisions"}],"predecessor-version":[{"id":2117,"href":"https:\/\/www.hoasen.edu.vn\/so-tay-sinh-vien\/wp-json\/wp\/v2\/pages\/2108\/revisions\/2117"}],"wp:attachment":[{"href":"https:\/\/www.hoasen.edu.vn\/so-tay-sinh-vien\/wp-json\/wp\/v2\/media?parent=2108"}],"curies":[{"name":"wp","href":"https:\/\/api.w.org\/{rel}","templated":true}]}}