{"id":1922,"date":"2023-09-16T02:42:31","date_gmt":"2023-09-16T02:42:31","guid":{"rendered":"https:\/\/www.hoasen.edu.vn\/so-tay-sinh-vien\/?page_id=1922"},"modified":"2023-09-16T02:43:13","modified_gmt":"2023-09-16T02:43:13","slug":"workshop-kham-pha-tam-ly-hoc-toi-pham","status":"publish","type":"page","link":"https:\/\/www.hoasen.edu.vn\/so-tay-sinh-vien\/workshop-kham-pha-tam-ly-hoc-toi-pham\/","title":{"rendered":"WORKSHOP: KH\u00c1M PH\u00c1 T\u00c2M L\u00dd H\u1eccC T\u1ed8I PH\u1ea0M"},"content":{"rendered":"\n<p>Tr\u01b0\u1edbc khi ch\u00ednh th\u1ee9c tr\u1edf th\u00e0nh sinh vi\u00ean c\u1ee7a Hoa Sen th\u00ec nh\u1eefng bu\u1ed5i tr\u1ea3i nghi\u1ec7m ho\u1ea1t \u0111\u1ed9ng, l\u1edbp h\u1ecdc ch\u00ednh l\u00e0 c\u01a1 h\u1ed9i tuy\u1ec7t v\u1eddi \u0111\u1ec3 c\u00e1c b\u1ea1n l\u00e0m quen v\u00e0 chu\u1ea9n b\u1ecb tinh th\u1ea7n cho h\u00e0nh tr\u00ecnh 4 n\u0103m \u0111\u1ea1i h\u1ecdc. V\u1edbi chu\u1ed7i talkshow, workshop, c\u00e1c l\u1edbp h\u1ecdc demo&#8230; c\u00e1c b\u1ea1n h\u1ecdc sinh v\u00e0 c\u1ea3 sinh vi\u00ean \u0111\u00e3 c\u00f3 th\u00eam nhi\u1ec1u th\u00f4ng tin, ki\u1ebfn th\u1ee9c th\u00fa v\u1ecb c\u0169ng nh\u01b0 l\u00e0m quen v\u1edbi b\u1ea1n b\u00e8, th\u1ea7y c\u00f4 v\u00e0 m\u00f4i tr\u01b0\u1eddng h\u1ecdc t\u1eadp c\u1edfi m\u1edf t\u1ea1i HSU.<\/p>\n\n\n\n<p>L\u1edbp h\u1ecdc \u201cT\u00e2m l\u00fd h\u1ecdc T\u1ed9i ph\u1ea1m\u201d do TS. Tr\u1ecbnh Duy Thuy\u00ean \u2013 G\u0110CT Lu\u1eadt Kinh t\u1ebf v\u00e0 TS. Nguy\u1ec5n Tr\u01b0\u1eddng Thanh H\u1ea3i \u2013 Gi\u1ea3ng vi\u00ean T\u00e2m l\u00fd h\u1ecdc d\u1eabn d\u1eaft.<\/p>\n\n\n\n<figure class=\"wp-block-gallery has-nested-images columns-default is-cropped wp-block-gallery-1 is-layout-flex wp-block-gallery-is-layout-flex\">\n<figure class=\"wp-block-image size-large\"><img loading=\"lazy\" decoding=\"async\" width=\"2048\" height=\"1154\" data-id=\"1924\" src=\"https:\/\/www.hoasen.edu.vn\/so-tay-sinh-vien\/wp-content\/uploads\/sites\/46\/2023\/09\/368254504_746363414166830_2744908022706824003_n.jpg\" alt=\"\" class=\"wp-image-1924\" srcset=\"https:\/\/www.hoasen.edu.vn\/so-tay-sinh-vien\/wp-content\/uploads\/sites\/46\/2023\/09\/368254504_746363414166830_2744908022706824003_n.jpg 2048w, https:\/\/www.hoasen.edu.vn\/so-tay-sinh-vien\/wp-content\/uploads\/sites\/46\/2023\/09\/368254504_746363414166830_2744908022706824003_n-300x169.jpg 300w, https:\/\/www.hoasen.edu.vn\/so-tay-sinh-vien\/wp-content\/uploads\/sites\/46\/2023\/09\/368254504_746363414166830_2744908022706824003_n-768x433.jpg 768w, https:\/\/www.hoasen.edu.vn\/so-tay-sinh-vien\/wp-content\/uploads\/sites\/46\/2023\/09\/368254504_746363414166830_2744908022706824003_n-1536x866.jpg 1536w\" sizes=\"auto, (max-width: 2048px) 100vw, 2048px\" \/><\/figure>\n\n\n\n<figure class=\"wp-block-image size-large\"><img loading=\"lazy\" decoding=\"async\" width=\"2048\" height=\"1154\" data-id=\"1923\" src=\"https:\/\/www.hoasen.edu.vn\/so-tay-sinh-vien\/wp-content\/uploads\/sites\/46\/2023\/09\/368393895_746361444167027_2721996909929678224_n.jpg\" alt=\"\" class=\"wp-image-1923\" srcset=\"https:\/\/www.hoasen.edu.vn\/so-tay-sinh-vien\/wp-content\/uploads\/sites\/46\/2023\/09\/368393895_746361444167027_2721996909929678224_n.jpg 2048w, https:\/\/www.hoasen.edu.vn\/so-tay-sinh-vien\/wp-content\/uploads\/sites\/46\/2023\/09\/368393895_746361444167027_2721996909929678224_n-300x169.jpg 300w, https:\/\/www.hoasen.edu.vn\/so-tay-sinh-vien\/wp-content\/uploads\/sites\/46\/2023\/09\/368393895_746361444167027_2721996909929678224_n-768x433.jpg 768w, https:\/\/www.hoasen.edu.vn\/so-tay-sinh-vien\/wp-content\/uploads\/sites\/46\/2023\/09\/368393895_746361444167027_2721996909929678224_n-1536x866.jpg 1536w\" sizes=\"auto, (max-width: 2048px) 100vw, 2048px\" \/><\/figure>\n\n\n\n<figure class=\"wp-block-image size-large\"><img loading=\"lazy\" decoding=\"async\" width=\"2048\" height=\"1154\" data-id=\"1925\" src=\"https:\/\/www.hoasen.edu.vn\/so-tay-sinh-vien\/wp-content\/uploads\/sites\/46\/2023\/09\/368245492_746361864166985_1112418162573862456_n.jpg\" alt=\"\" class=\"wp-image-1925\" srcset=\"https:\/\/www.hoasen.edu.vn\/so-tay-sinh-vien\/wp-content\/uploads\/sites\/46\/2023\/09\/368245492_746361864166985_1112418162573862456_n.jpg 2048w, https:\/\/www.hoasen.edu.vn\/so-tay-sinh-vien\/wp-content\/uploads\/sites\/46\/2023\/09\/368245492_746361864166985_1112418162573862456_n-300x169.jpg 300w, https:\/\/www.hoasen.edu.vn\/so-tay-sinh-vien\/wp-content\/uploads\/sites\/46\/2023\/09\/368245492_746361864166985_1112418162573862456_n-768x433.jpg 768w, https:\/\/www.hoasen.edu.vn\/so-tay-sinh-vien\/wp-content\/uploads\/sites\/46\/2023\/09\/368245492_746361864166985_1112418162573862456_n-1536x866.jpg 1536w\" sizes=\"auto, (max-width: 2048px) 100vw, 2048px\" \/><\/figure>\n<\/figure>\n\n\n\n<p>Tham gia l\u1edbp h\u1ecdc, c\u00e1c b\u1ea1n \u0111\u00e3 \u0111\u01b0\u1ee3c \u0111\u00e0o s\u00e2u v\u00e0o t\u00e2m l\u00fd h\u1ecdc, t\u00ecm hi\u1ec3u vai tr\u00f2 c\u1ee7a lu\u1eadt ph\u00e1p v\u1edbi nh\u1eefng h\u00e0nh vi ph\u1ea1m t\u1ed9i. T\u1eeb vi\u1ec7c gi\u1ea3i m\u00e3 nh\u1eefng h\u00e0nh vi \u0111en t\u1ed1i \u0111\u1eb1ng sau m\u1eb7t n\u1ea1 c\u1ee7a t\u00e2m tr\u00ed, cho \u0111\u1ebfn vi\u1ec7c th\u1ea5u hi\u1ec3u nh\u1eefng qu\u00e1 tr\u00ecnh ph\u00e1p l\u00fd ph\u1ee9c t\u1ea1p. C\u00e1c b\u1ea1n c\u0169ng \u0111\u01b0\u1ee3c th\u1ea3o lu\u1eadn v\u00e0 ph\u00e2n t\u00edch nh\u1eefng kh\u00eda c\u1ea1nh \u0111a d\u1ea1ng c\u1ee7a t\u1ed9i ph\u1ea1m.<\/p>\n\n\n\n<figure class=\"wp-block-gallery has-nested-images columns-default is-cropped wp-block-gallery-2 is-layout-flex wp-block-gallery-is-layout-flex\">\n<figure class=\"wp-block-image size-large\"><img loading=\"lazy\" decoding=\"async\" width=\"2048\" height=\"1154\" data-id=\"1928\" src=\"https:\/\/www.hoasen.edu.vn\/so-tay-sinh-vien\/wp-content\/uploads\/sites\/46\/2023\/09\/368988223_746361590833679_6605416599217927549_n.jpg\" alt=\"\" class=\"wp-image-1928\" srcset=\"https:\/\/www.hoasen.edu.vn\/so-tay-sinh-vien\/wp-content\/uploads\/sites\/46\/2023\/09\/368988223_746361590833679_6605416599217927549_n.jpg 2048w, https:\/\/www.hoasen.edu.vn\/so-tay-sinh-vien\/wp-content\/uploads\/sites\/46\/2023\/09\/368988223_746361590833679_6605416599217927549_n-300x169.jpg 300w, https:\/\/www.hoasen.edu.vn\/so-tay-sinh-vien\/wp-content\/uploads\/sites\/46\/2023\/09\/368988223_746361590833679_6605416599217927549_n-768x433.jpg 768w, https:\/\/www.hoasen.edu.vn\/so-tay-sinh-vien\/wp-content\/uploads\/sites\/46\/2023\/09\/368988223_746361590833679_6605416599217927549_n-1536x866.jpg 1536w\" sizes=\"auto, (max-width: 2048px) 100vw, 2048px\" \/><\/figure>\n\n\n\n<figure class=\"wp-block-image size-large\"><img loading=\"lazy\" decoding=\"async\" width=\"2048\" height=\"1154\" data-id=\"1926\" src=\"https:\/\/www.hoasen.edu.vn\/so-tay-sinh-vien\/wp-content\/uploads\/sites\/46\/2023\/09\/368255465_746361524167019_5266038673675594099_n.jpg\" alt=\"\" class=\"wp-image-1926\" srcset=\"https:\/\/www.hoasen.edu.vn\/so-tay-sinh-vien\/wp-content\/uploads\/sites\/46\/2023\/09\/368255465_746361524167019_5266038673675594099_n.jpg 2048w, https:\/\/www.hoasen.edu.vn\/so-tay-sinh-vien\/wp-content\/uploads\/sites\/46\/2023\/09\/368255465_746361524167019_5266038673675594099_n-300x169.jpg 300w, https:\/\/www.hoasen.edu.vn\/so-tay-sinh-vien\/wp-content\/uploads\/sites\/46\/2023\/09\/368255465_746361524167019_5266038673675594099_n-768x433.jpg 768w, https:\/\/www.hoasen.edu.vn\/so-tay-sinh-vien\/wp-content\/uploads\/sites\/46\/2023\/09\/368255465_746361524167019_5266038673675594099_n-1536x866.jpg 1536w\" sizes=\"auto, (max-width: 2048px) 100vw, 2048px\" \/><\/figure>\n\n\n\n<figure class=\"wp-block-image size-large\"><img loading=\"lazy\" decoding=\"async\" width=\"2048\" height=\"1154\" data-id=\"1927\" src=\"https:\/\/www.hoasen.edu.vn\/so-tay-sinh-vien\/wp-content\/uploads\/sites\/46\/2023\/09\/369351343_746361550833683_8822946358753337210_n.jpg\" alt=\"\" class=\"wp-image-1927\" srcset=\"https:\/\/www.hoasen.edu.vn\/so-tay-sinh-vien\/wp-content\/uploads\/sites\/46\/2023\/09\/369351343_746361550833683_8822946358753337210_n.jpg 2048w, https:\/\/www.hoasen.edu.vn\/so-tay-sinh-vien\/wp-content\/uploads\/sites\/46\/2023\/09\/369351343_746361550833683_8822946358753337210_n-300x169.jpg 300w, https:\/\/www.hoasen.edu.vn\/so-tay-sinh-vien\/wp-content\/uploads\/sites\/46\/2023\/09\/369351343_746361550833683_8822946358753337210_n-768x433.jpg 768w, https:\/\/www.hoasen.edu.vn\/so-tay-sinh-vien\/wp-content\/uploads\/sites\/46\/2023\/09\/369351343_746361550833683_8822946358753337210_n-1536x866.jpg 1536w\" sizes=\"auto, (max-width: 2048px) 100vw, 2048px\" \/><\/figure>\n<figcaption class=\"blocks-gallery-caption wp-element-caption\"><em>M\u1ed9t s\u1ed1 h\u00ecnh \u1ea3nh t\u1ea1i workshop<\/em><\/figcaption><\/figure>\n","protected":false},"excerpt":{"rendered":"<p>Tr\u01b0\u1edbc khi ch\u00ednh th\u1ee9c tr\u1edf th\u00e0nh sinh vi\u00ean c\u1ee7a Hoa Sen th\u00ec nh\u1eefng bu\u1ed5i tr\u1ea3i nghi\u1ec7m ho\u1ea1t \u0111\u1ed9ng, l\u1edbp h\u1ecdc ch\u00ednh l\u00e0 c\u01a1 h\u1ed9i tuy\u1ec7t v\u1eddi \u0111\u1ec3 c\u00e1c b\u1ea1n l\u00e0m quen v\u00e0 chu\u1ea9n b\u1ecb tinh th\u1ea7n cho h\u00e0nh tr\u00ecnh 4 n\u0103m \u0111\u1ea1i h\u1ecdc. V\u1edbi chu\u1ed7i talkshow, workshop, c\u00e1c l\u1edbp h\u1ecdc demo&#8230; c\u00e1c b\u1ea1n h\u1ecdc sinh v\u00e0 c\u1ea3 sinh vi\u00ean \u0111\u00e3 c\u00f3 th\u00eam nhi\u1ec1u th\u00f4ng tin, ki\u1ebfn th\u1ee9c th\u00fa v\u1ecb c\u0169ng nh\u01b0 l\u00e0m quen v\u1edbi b\u1ea1n b\u00e8, th\u1ea7y c\u00f4 v\u00e0 m\u00f4i tr\u01b0\u1eddng h\u1ecdc t\u1eadp c\u1edfi m\u1edf t\u1ea1i HSU. L\u1edbp h\u1ecdc \u201cT\u00e2m l\u00fd h\u1ecdc T\u1ed9i ph\u1ea1m\u201d do TS. Tr\u1ecbnh Duy Thuy\u00ean \u2013&#8230;<\/p>\n","protected":false},"author":70,"featured_media":0,"parent":0,"menu_order":0,"comment_status":"closed","ping_status":"closed","template":"","meta":{"footnotes":""},"class_list":["post-1922","page","type-page","status-publish","hentry"],"acf":[],"_links":{"self":[{"href":"https:\/\/www.hoasen.edu.vn\/so-tay-sinh-vien\/wp-json\/wp\/v2\/pages\/1922","targetHints":{"allow":["GET"]}}],"collection":[{"href":"https:\/\/www.hoasen.edu.vn\/so-tay-sinh-vien\/wp-json\/wp\/v2\/pages"}],"about":[{"href":"https:\/\/www.hoasen.edu.vn\/so-tay-sinh-vien\/wp-json\/wp\/v2\/types\/page"}],"author":[{"embeddable":true,"href":"https:\/\/www.hoasen.edu.vn\/so-tay-sinh-vien\/wp-json\/wp\/v2\/users\/70"}],"replies":[{"embeddable":true,"href":"https:\/\/www.hoasen.edu.vn\/so-tay-sinh-vien\/wp-json\/wp\/v2\/comments?post=1922"}],"version-history":[{"count":2,"href":"https:\/\/www.hoasen.edu.vn\/so-tay-sinh-vien\/wp-json\/wp\/v2\/pages\/1922\/revisions"}],"predecessor-version":[{"id":1930,"href":"https:\/\/www.hoasen.edu.vn\/so-tay-sinh-vien\/wp-json\/wp\/v2\/pages\/1922\/revisions\/1930"}],"wp:attachment":[{"href":"https:\/\/www.hoasen.edu.vn\/so-tay-sinh-vien\/wp-json\/wp\/v2\/media?parent=1922"}],"curies":[{"name":"wp","href":"https:\/\/api.w.org\/{rel}","templated":true}]}}