{"id":161,"date":"2022-08-01T03:30:37","date_gmt":"2022-08-01T03:30:37","guid":{"rendered":"https:\/\/www.hoasen.edu.vn\/so-tay-sinh-vien\/?page_id=161"},"modified":"2026-04-03T07:13:26","modified_gmt":"2026-04-03T07:13:26","slug":"trang-chu","status":"publish","type":"page","link":"https:\/\/www.hoasen.edu.vn\/so-tay-sinh-vien\/","title":{"rendered":"Trang ch\u1ee7"},"content":{"rendered":"\t\t<div class=\"vc-banner position-relative\">\n\t\t\t<div class=\"swiper-container\" id=\"jsBanner\">\n\t\t\t\t<div class=\"swiper-wrapper\">\n\t\t\t\t\t\t\t\t\t\t\t<div class=\"swiper-slide\">\n\t\t\t\t\t\t\t<div class=\"vc-banner__item d-block p-relative\">\n\t\t\t\t\t\t\t\t\t\t\t\t\t\t\t\t<a href=\"https:\/\/www.hoasen.edu.vn\/dai-hoc-hoa-sen-cong-bo-triet-ly-giao-duc-va-dinh-vi-chien-luoc-phat-trien\/\">\t\t\t\t\t\t\t\t<picture class=\"d-block\">\n\t\t\t\t\t\t\t\t\t\t\t\t\t\t\t\t\t\t\t<source media=\"(max-width: 767px)\" srcset=\"https:\/\/www.hoasen.edu.vn\/so-tay-sinh-vien\/wp-content\/uploads\/sites\/46\/2026\/04\/triet-ly-giao-duc-3.png\">\n\t\t\t\t\t\t\t\t\t\t\t\t\t\t\t\t\t\t\t\t\t\t\t\t\t\t\t\t\t\t\t\t\t\t\t\t\t\t\t\t\t\t\t\t\t\t\t\t\t\t\t\t\t\t\t<img loading=\"eager\" fetchpriority=\"high\" decoding=\"sync\" src=\"https:\/\/www.hoasen.edu.vn\/so-tay-sinh-vien\/wp-content\/uploads\/sites\/46\/2026\/04\/triet-ly-giao-duc-hsu-2.png\" alt=\"\" class=\"hsu-banner\">\n\t\t\t\t\t\t\t\t\t\t\t\t\t\t\t\t\t<\/picture>\n\t\t\t\t\t\t\t\t<\/a>\n\t\t\t\t\t\t\t\t\n\t\t\t\t\t\t\t\t\t\t\t\t\t\t\t\t\n\t\t\t\t\t\t\t\t\t\t\t\t\t\t\t<\/div>\n\t\t\t\t\t\t<\/div>\n\t\t\t\t\t\t\t\t\t<\/div>\n\t\t\t<\/div>\n\t\t\t<div class=\"swiper-pagination w-100 d-flex align-items-center justify-content-center jsPagination\"><\/div>\n\t\t<\/div>\n\t\n\n\t<div class=\"vc-article--educate\">\r\n\t\t<div class=\"container\">\r\n\t\t\t\t\t\t\t<h2 class=\"vc-headline--primary position-relative\">\r\n\t\t\t\t\tV\u1ec0 CH\u00daNG T\u00d4I\t\t\t\t<\/h2>\r\n\t\t\t\r\n\t\t\t\t\t\t\t<div class=\"vc-article__box position-relative\" style=\"background: url(https:\/\/www.hoasen.edu.vn\/so-tay-sinh-vien\/wp-content\/uploads\/sites\/46\/2022\/08\/slider-trang-con-1.jpeg) no-repeat center center\/cover;\">\r\n\t\t\t\t\t\t\t\t\t<\/div>\r\n\t\t\t\r\n\t\t\t\t\t\t\t<div class=\"row text-center\">\r\n\t\t\t\t\t\t\t\t\t\t\t<div class=\"col-12 col-md-6 col-lg-6 col-xl-6 col-xxl-6\">\r\n\t\t\t\t\t\t\t<a class=\"vc-link--educate position-relative d-inline-block text-uppercase\" href=\"https:\/\/www.hoasen.edu.vn\/so-tay-sinh-vien\/gioi-thieu-so-tay-sinh-vien\/\">\r\n\t\t\t\t\t\t\t\t<span class=\"position-absolute d-flex align-items-center justify-content-center\">\r\n\t\t\t\t\t\t\t\t\t\t\t\t\t\t\t\t\t\t\t<img decoding=\"async\" src=\"https:\/\/www.hoasen.edu.vn\/so-tay-sinh-vien\/wp-content\/uploads\/sites\/46\/2022\/08\/open-book.png\" alt=\"image\">\r\n\t\t\t\t\t\t\t\t\t\t\t\t\t\t\t\t\t<\/span>\r\n\t\t\t\t\t\t\t\tT\u1ed5ng quan\t\t\t\t\t\t\t<\/a>\r\n\t\t\t\t\t\t<\/div>\r\n\t\t\t\t\t\t\t\t\t\t\t<div class=\"col-12 col-md-6 col-lg-6 col-xl-6 col-xxl-6\">\r\n\t\t\t\t\t\t\t<a class=\"vc-link--educate position-relative d-inline-block text-uppercase\" href=\"https:\/\/www.hoasen.edu.vn\/so-tay-sinh-vien\/tong-quan-ve-hsu\/\">\r\n\t\t\t\t\t\t\t\t<span class=\"position-absolute d-flex align-items-center justify-content-center\">\r\n\t\t\t\t\t\t\t\t\t\t\t\t\t\t\t\t\t\t\t<img decoding=\"async\" src=\"https:\/\/www.hoasen.edu.vn\/so-tay-sinh-vien\/wp-content\/uploads\/sites\/46\/2022\/08\/Logohsu.png\" alt=\"image\">\r\n\t\t\t\t\t\t\t\t\t\t\t\t\t\t\t\t\t<\/span>\r\n\t\t\t\t\t\t\t\tV\u0103n h\u00f3a HSU\t\t\t\t\t\t\t<\/a>\r\n\t\t\t\t\t\t<\/div>\r\n\t\t\t\t\t\t\t\t\t\t\t<div class=\"col-12 col-md-6 col-lg-6 col-xl-6 col-xxl-6\">\r\n\t\t\t\t\t\t\t<a class=\"vc-link--educate position-relative d-inline-block text-uppercase\" href=\"https:\/\/www.hoasen.edu.vn\/so-tay-sinh-vien\/faq\/\">\r\n\t\t\t\t\t\t\t\t<span class=\"position-absolute d-flex align-items-center justify-content-center\">\r\n\t\t\t\t\t\t\t\t\t\t\t\t\t\t\t\t\t\t\t<img decoding=\"async\" src=\"https:\/\/www.hoasen.edu.vn\/so-tay-sinh-vien\/wp-content\/uploads\/sites\/46\/2022\/08\/question.png\" alt=\"image\">\r\n\t\t\t\t\t\t\t\t\t\t\t\t\t\t\t\t\t<\/span>\r\n\t\t\t\t\t\t\t\tC\u00e2u h\u1ecfi th\u01b0\u1eddng g\u1eb7p\t\t\t\t\t\t\t<\/a>\r\n\t\t\t\t\t\t<\/div>\r\n\t\t\t\t\t\t\t\t\t\t\t<div class=\"col-12 col-md-6 col-lg-6 col-xl-6 col-xxl-6\">\r\n\t\t\t\t\t\t\t<a class=\"vc-link--educate position-relative d-inline-block text-uppercase\" href=\"https:\/\/www.hoasen.edu.vn\/so-tay-sinh-vien\/lien-he\/\">\r\n\t\t\t\t\t\t\t\t<span class=\"position-absolute d-flex align-items-center justify-content-center\">\r\n\t\t\t\t\t\t\t\t\t\t\t\t\t\t\t\t\t\t\t<img decoding=\"async\" src=\"https:\/\/www.hoasen.edu.vn\/so-tay-sinh-vien\/wp-content\/uploads\/sites\/46\/2022\/08\/contact-mail.png\" alt=\"image\">\r\n\t\t\t\t\t\t\t\t\t\t\t\t\t\t\t\t\t<\/span>\r\n\t\t\t\t\t\t\t\tLi\u00ean h\u1ec7\t\t\t\t\t\t\t<\/a>\r\n\t\t\t\t\t\t<\/div>\r\n\t\t\t\t\t\t\t\t\t<\/div>\r\n\t\t\t\t\t<\/div>\r\n\t<\/div>\r\n\t\n\n\n<div class=\"wp-block-columns is-layout-flex wp-container-core-columns-is-layout-9d6595d7 wp-block-columns-is-layout-flex\">\n<div class=\"wp-block-column is-layout-flow wp-block-column-is-layout-flow\" style=\"flex-basis:100%\"><\/div>\n<\/div>\n\n\n\t<div class=\"vc-article--educate\">\r\n\t\t<div class=\"container\">\r\n\t\t\t\t\t\t\t<h2 class=\"vc-headline--primary position-relative\">\r\n\t\t\t\t\tV\u00cc SAO B\u1ea0N N\u00caN CH\u1eccN HSU?\t\t\t\t<\/h2>\r\n\t\t\t\r\n\t\t\t\t\t\t\t<div class=\"vc-article__box position-relative\" style=\"background: url(https:\/\/www.hoasen.edu.vn\/so-tay-sinh-vien\/wp-content\/uploads\/sites\/46\/2023\/02\/viber_image_2023-02-10_15-42-09-954.jpg) no-repeat center center\/cover;\">\r\n\t\t\t\t\t\t\t\t\t<\/div>\r\n\t\t\t\r\n\t\t\t\t\t\t\t<div class=\"row text-center\">\r\n\t\t\t\t\t\t\t\t\t\t\t<div class=\"col-12 col-md-6 col-lg-6 col-xl-6 col-xxl-6\">\r\n\t\t\t\t\t\t\t<a class=\"vc-link--educate position-relative d-inline-block text-uppercase\" href=\"https:\/\/www.hoasen.edu.vn\/so-tay-sinh-vien\/chuong-trinh-hoi-nhap-quoc-te-hoa-sen-go-global\/\">\r\n\t\t\t\t\t\t\t\t<span class=\"position-absolute d-flex align-items-center justify-content-center\">\r\n\t\t\t\t\t\t\t\t\t\t\t\t\t\t\t\t\t\t\t<img decoding=\"async\" src=\"https:\/\/www.hoasen.edu.vn\/so-tay-sinh-vien\/wp-content\/uploads\/sites\/46\/2024\/08\/internet.png\" alt=\"image\">\r\n\t\t\t\t\t\t\t\t\t\t\t\t\t\t\t\t\t<\/span>\r\n\t\t\t\t\t\t\t\tH\u1ed9i nh\u1eadp qu\u1ed1c t\u1ebf Hoa Sen Go Global\t\t\t\t\t\t\t<\/a>\r\n\t\t\t\t\t\t<\/div>\r\n\t\t\t\t\t\t\t\t\t\t\t<div class=\"col-12 col-md-6 col-lg-6 col-xl-6 col-xxl-6\">\r\n\t\t\t\t\t\t\t<a class=\"vc-link--educate position-relative d-inline-block text-uppercase\" href=\"https:\/\/www.hoasen.edu.vn\/so-tay-sinh-vien\/trai-nghiem-co-so-hoc-tap\/\">\r\n\t\t\t\t\t\t\t\t<span class=\"position-absolute d-flex align-items-center justify-content-center\">\r\n\t\t\t\t\t\t\t\t\t\t\t\t\t\t\t\t\t\t\t<img decoding=\"async\" src=\"https:\/\/www.hoasen.edu.vn\/so-tay-sinh-vien\/wp-content\/uploads\/sites\/46\/2022\/08\/classroom.png\" alt=\"image\">\r\n\t\t\t\t\t\t\t\t\t\t\t\t\t\t\t\t\t<\/span>\r\n\t\t\t\t\t\t\t\tTr\u1ea3i nghi\u1ec7m c\u01a1 s\u1edf h\u1ecdc t\u1eadp\t\t\t\t\t\t\t<\/a>\r\n\t\t\t\t\t\t<\/div>\r\n\t\t\t\t\t\t\t\t\t\t\t<div class=\"col-12 col-md-6 col-lg-6 col-xl-6 col-xxl-6\">\r\n\t\t\t\t\t\t\t<a class=\"vc-link--educate position-relative d-inline-block text-uppercase\" href=\"https:\/\/www.hoasen.edu.vn\/so-tay-sinh-vien\/hoat-dong-doan-hoi\/\">\r\n\t\t\t\t\t\t\t\t<span class=\"position-absolute d-flex align-items-center justify-content-center\">\r\n\t\t\t\t\t\t\t\t\t\t\t\t\t\t\t\t\t\t\t<img decoding=\"async\" src=\"https:\/\/www.hoasen.edu.vn\/so-tay-sinh-vien\/wp-content\/uploads\/sites\/46\/2022\/08\/group.png\" alt=\"image\">\r\n\t\t\t\t\t\t\t\t\t\t\t\t\t\t\t\t\t<\/span>\r\n\t\t\t\t\t\t\t\tHo\u1ea1t \u0111\u1ed9ng \u0110o\u00e0n &#8211; H\u1ed9i\t\t\t\t\t\t\t<\/a>\r\n\t\t\t\t\t\t<\/div>\r\n\t\t\t\t\t\t\t\t\t\t\t<div class=\"col-12 col-md-6 col-lg-6 col-xl-6 col-xxl-6\">\r\n\t\t\t\t\t\t\t<a class=\"vc-link--educate position-relative d-inline-block text-uppercase\" href=\"https:\/\/www.hoasen.edu.vn\/so-tay-sinh-vien\/hoat-dong-cac-clb\/\">\r\n\t\t\t\t\t\t\t\t<span class=\"position-absolute d-flex align-items-center justify-content-center\">\r\n\t\t\t\t\t\t\t\t\t\t\t\t\t\t\t\t\t\t\t<img decoding=\"async\" src=\"https:\/\/www.hoasen.edu.vn\/so-tay-sinh-vien\/wp-content\/uploads\/sites\/46\/2022\/08\/book-club.png\" alt=\"image\">\r\n\t\t\t\t\t\t\t\t\t\t\t\t\t\t\t\t\t<\/span>\r\n\t\t\t\t\t\t\t\tHo\u1ea1t \u0111\u1ed9ng c\u00e1c C\u00e2u L\u1ea1c B\u1ed9\t\t\t\t\t\t\t<\/a>\r\n\t\t\t\t\t\t<\/div>\r\n\t\t\t\t\t\t\t\t\t\t\t<div class=\"col-12 col-md-6 col-lg-6 col-xl-6 col-xxl-6\">\r\n\t\t\t\t\t\t\t<a class=\"vc-link--educate position-relative d-inline-block text-uppercase\" href=\"https:\/\/www.hoasen.edu.vn\/so-tay-sinh-vien\/hoat-dong-giao-duc-the-chat\/\">\r\n\t\t\t\t\t\t\t\t<span class=\"position-absolute d-flex align-items-center justify-content-center\">\r\n\t\t\t\t\t\t\t\t\t\t\t\t\t\t\t\t\t\t\t<img decoding=\"async\" src=\"https:\/\/www.hoasen.edu.vn\/so-tay-sinh-vien\/wp-content\/uploads\/sites\/46\/2023\/02\/sports.png\" alt=\"image\">\r\n\t\t\t\t\t\t\t\t\t\t\t\t\t\t\t\t\t<\/span>\r\n\t\t\t\t\t\t\t\tHo\u1ea1t \u0111\u1ed9ng gi\u00e1o d\u1ee5c th\u1ec3 ch\u1ea5t\t\t\t\t\t\t\t<\/a>\r\n\t\t\t\t\t\t<\/div>\r\n\t\t\t\t\t\t\t\t\t<\/div>\r\n\t\t\t\t\t<\/div>\r\n\t<\/div>\r\n\t\n\n\t<div class=\"vc-article--educate\">\r\n\t\t<div class=\"container\">\r\n\t\t\t\t\t\t\t<h2 class=\"vc-headline--primary position-relative\">\r\n\t\t\t\t\t\u0110\u1ebeN V\u1edaI HSU, B\u1ea0N S\u1ebc \u0110\u01af\u1ee2C S\u1eec D\u1ee4NG NH\u1eeeNG D\u1ecaCH V\u1ee4 KH\u00c1C BI\u1ec6T N\u00c0O?\t\t\t\t<\/h2>\r\n\t\t\t\r\n\t\t\t\t\t\t\t<div class=\"vc-article__box position-relative\" style=\"background: url(https:\/\/www.hoasen.edu.vn\/so-tay-sinh-vien\/wp-content\/uploads\/sites\/46\/2022\/08\/z3523416660013_d9ef5092f6d6e1a2a84db6724915aafb-2.jpg) no-repeat center center\/cover;\">\r\n\t\t\t\t\t\t\t\t\t<\/div>\r\n\t\t\t\r\n\t\t\t\t\t\t\t<div class=\"row text-center\">\r\n\t\t\t\t\t\t\t\t\t\t\t<div class=\"col-12 col-md-6 col-lg-6 col-xl-6 col-xxl-6\">\r\n\t\t\t\t\t\t\t<a class=\"vc-link--educate position-relative d-inline-block text-uppercase\" href=\"https:\/\/www.hoasen.edu.vn\/so-tay-sinh-vien\/ho-tro-dong-hoc-phi\/\">\r\n\t\t\t\t\t\t\t\t<span class=\"position-absolute d-flex align-items-center justify-content-center\">\r\n\t\t\t\t\t\t\t\t\t\t\t\t\t\t\t\t\t\t\t<img decoding=\"async\" src=\"https:\/\/www.hoasen.edu.vn\/so-tay-sinh-vien\/wp-content\/uploads\/sites\/46\/2023\/02\/receipt2.png\" alt=\"image\">\r\n\t\t\t\t\t\t\t\t\t\t\t\t\t\t\t\t\t<\/span>\r\n\t\t\t\t\t\t\t\tH\u1ed7 tr\u1ee3 \u0111\u00f3ng h\u1ecdc ph\u00ed\t\t\t\t\t\t\t<\/a>\r\n\t\t\t\t\t\t<\/div>\r\n\t\t\t\t\t\t\t\t\t\t\t<div class=\"col-12 col-md-6 col-lg-6 col-xl-6 col-xxl-6\">\r\n\t\t\t\t\t\t\t<a class=\"vc-link--educate position-relative d-inline-block text-uppercase\" href=\"https:\/\/www.hoasen.edu.vn\/so-tay-sinh-vien\/hoi-nhap-quoc-te-du-hoc\/\">\r\n\t\t\t\t\t\t\t\t<span class=\"position-absolute d-flex align-items-center justify-content-center\">\r\n\t\t\t\t\t\t\t\t\t\t\t\t\t\t\t\t\t\t\t<img decoding=\"async\" src=\"https:\/\/www.hoasen.edu.vn\/so-tay-sinh-vien\/wp-content\/uploads\/sites\/46\/2022\/09\/global.png\" alt=\"image\">\r\n\t\t\t\t\t\t\t\t\t\t\t\t\t\t\t\t\t<\/span>\r\n\t\t\t\t\t\t\t\tH\u1ed9i nh\u1eadp qu\u1ed1c t\u1ebf\t\t\t\t\t\t\t<\/a>\r\n\t\t\t\t\t\t<\/div>\r\n\t\t\t\t\t\t\t\t\t\t\t<div class=\"col-12 col-md-6 col-lg-6 col-xl-6 col-xxl-6\">\r\n\t\t\t\t\t\t\t<a class=\"vc-link--educate position-relative d-inline-block text-uppercase\" href=\"https:\/\/www.hoasen.edu.vn\/so-tay-sinh-vien\/khong-gian-chia-se-tu-van-tam-ly\/\">\r\n\t\t\t\t\t\t\t\t<span class=\"position-absolute d-flex align-items-center justify-content-center\">\r\n\t\t\t\t\t\t\t\t\t\t\t\t\t\t\t\t\t\t\t<img decoding=\"async\" src=\"https:\/\/www.hoasen.edu.vn\/so-tay-sinh-vien\/wp-content\/uploads\/sites\/46\/2022\/08\/brain.png\" alt=\"image\">\r\n\t\t\t\t\t\t\t\t\t\t\t\t\t\t\t\t\t<\/span>\r\n\t\t\t\t\t\t\t\tKh\u00f4ng gian chia s\u1ebb &#038; t\u01b0 v\u1ea5n t\u00e2m l\u00fd\t\t\t\t\t\t\t<\/a>\r\n\t\t\t\t\t\t<\/div>\r\n\t\t\t\t\t\t\t\t\t\t\t<div class=\"col-12 col-md-6 col-lg-6 col-xl-6 col-xxl-6\">\r\n\t\t\t\t\t\t\t<a class=\"vc-link--educate position-relative d-inline-block text-uppercase\" href=\"https:\/\/www.hoasen.edu.vn\/so-tay-sinh-vien\/he-thong-nha-o-sinh-vien\/\">\r\n\t\t\t\t\t\t\t\t<span class=\"position-absolute d-flex align-items-center justify-content-center\">\r\n\t\t\t\t\t\t\t\t\t\t\t\t\t\t\t\t\t\t\t<img decoding=\"async\" src=\"https:\/\/www.hoasen.edu.vn\/so-tay-sinh-vien\/wp-content\/uploads\/sites\/46\/2022\/08\/home.png\" alt=\"image\">\r\n\t\t\t\t\t\t\t\t\t\t\t\t\t\t\t\t\t<\/span>\r\n\t\t\t\t\t\t\t\tH\u1ec7 th\u1ed1ng nh\u00e0 \u1edf\t\t\t\t\t\t\t<\/a>\r\n\t\t\t\t\t\t<\/div>\r\n\t\t\t\t\t\t\t\t\t\t\t<div class=\"col-12 col-md-6 col-lg-6 col-xl-6 col-xxl-6\">\r\n\t\t\t\t\t\t\t<a class=\"vc-link--educate position-relative d-inline-block text-uppercase\" href=\"https:\/\/www.hoasen.edu.vn\/so-tay-sinh-vien\/y-te-hoc-duong\/\">\r\n\t\t\t\t\t\t\t\t<span class=\"position-absolute d-flex align-items-center justify-content-center\">\r\n\t\t\t\t\t\t\t\t\t\t\t\t\t\t\t\t\t\t\t<img decoding=\"async\" src=\"https:\/\/www.hoasen.edu.vn\/so-tay-sinh-vien\/wp-content\/uploads\/sites\/46\/2022\/08\/stethoscope.png\" alt=\"image\">\r\n\t\t\t\t\t\t\t\t\t\t\t\t\t\t\t\t\t<\/span>\r\n\t\t\t\t\t\t\t\tY t\u1ebf h\u1ecdc \u0111\u01b0\u1eddng\t\t\t\t\t\t\t<\/a>\r\n\t\t\t\t\t\t<\/div>\r\n\t\t\t\t\t\t\t\t\t\t\t<div class=\"col-12 col-md-6 col-lg-6 col-xl-6 col-xxl-6\">\r\n\t\t\t\t\t\t\t<a class=\"vc-link--educate position-relative d-inline-block text-uppercase\" href=\"https:\/\/www.hoasen.edu.vn\/so-tay-sinh-vien\/dong-phuc-the-sinh-vien\/\">\r\n\t\t\t\t\t\t\t\t<span class=\"position-absolute d-flex align-items-center justify-content-center\">\r\n\t\t\t\t\t\t\t\t\t\t\t\t\t\t\t\t\t\t\t<img decoding=\"async\" src=\"https:\/\/www.hoasen.edu.vn\/so-tay-sinh-vien\/wp-content\/uploads\/sites\/46\/2022\/08\/polo-shirt.png\" alt=\"image\">\r\n\t\t\t\t\t\t\t\t\t\t\t\t\t\t\t\t\t<\/span>\r\n\t\t\t\t\t\t\t\t\u0110\u1ed3ng ph\u1ee5c &#038; Th\u1ebb sinh vi\u00ean\t\t\t\t\t\t\t<\/a>\r\n\t\t\t\t\t\t<\/div>\r\n\t\t\t\t\t\t\t\t\t\t\t<div class=\"col-12 col-md-6 col-lg-6 col-xl-6 col-xxl-6\">\r\n\t\t\t\t\t\t\t<a class=\"vc-link--educate position-relative d-inline-block text-uppercase\" href=\"https:\/\/tracuu.hoasen.edu.vn\/tra-cuu-bhyt\" target=\"_blank\" rel=\"noopener\">\r\n\t\t\t\t\t\t\t\t<span class=\"position-absolute d-flex align-items-center justify-content-center\">\r\n\t\t\t\t\t\t\t\t\t\t\t\t\t\t\t\t\t\t\t<img decoding=\"async\" src=\"https:\/\/www.hoasen.edu.vn\/so-tay-sinh-vien\/wp-content\/uploads\/sites\/46\/2022\/08\/inbox.png\" alt=\"image\">\r\n\t\t\t\t\t\t\t\t\t\t\t\t\t\t\t\t\t<\/span>\r\n\t\t\t\t\t\t\t\ttra c\u1ee9u BHYT\t\t\t\t\t\t\t<\/a>\r\n\t\t\t\t\t\t<\/div>\r\n\t\t\t\t\t\t\t\t\t<\/div>\r\n\t\t\t\t\t<\/div>\r\n\t<\/div>\r\n\t\n\n\t<div class=\"vc-article--educate\">\r\n\t\t<div class=\"container\">\r\n\t\t\t\t\t\t\t<h2 class=\"vc-headline--primary position-relative\">\r\n\t\t\t\t\tB\u1ea0N S\u1ebc \u0110\u01af\u1ee2C \u201cTH\u1ef0C H\u1eccC &#8211; TH\u1ef0C L\u00c0M\u201c TH\u1ec2 HI\u1ec6N TINH TH\u1ea6N DOANH CH\u1ee6\t\t\t\t<\/h2>\r\n\t\t\t\r\n\t\t\t\t\t\t\t<div class=\"vc-article__box position-relative\" style=\"background: url(https:\/\/www.hoasen.edu.vn\/so-tay-sinh-vien\/wp-content\/uploads\/sites\/46\/2022\/08\/291996093_5286612514739497_8416739694900450655_n-1-e1660125748918.jpg) no-repeat center center\/cover;\">\r\n\t\t\t\t\t\t\t\t\t<\/div>\r\n\t\t\t\r\n\t\t\t\t\t\t\t<div class=\"row text-center\">\r\n\t\t\t\t\t\t\t\t\t\t\t<div class=\"col-12 col-md-6 col-lg-6 col-xl-6 col-xxl-6\">\r\n\t\t\t\t\t\t\t<a class=\"vc-link--educate position-relative d-inline-block text-uppercase\" href=\"https:\/\/www.hoasen.edu.vn\/so-tay-sinh-vien\/gioi-thieu-trang-cong-doanh-nghiep-alumni\/\">\r\n\t\t\t\t\t\t\t\t<span class=\"position-absolute d-flex align-items-center justify-content-center\">\r\n\t\t\t\t\t\t\t\t\t\t\t\t\t\t\t\t\t\t\t<img decoding=\"async\" src=\"https:\/\/www.hoasen.edu.vn\/so-tay-sinh-vien\/wp-content\/uploads\/sites\/46\/2022\/08\/building.png\" alt=\"image\">\r\n\t\t\t\t\t\t\t\t\t\t\t\t\t\t\t\t\t<\/span>\r\n\t\t\t\t\t\t\t\tGi\u1edbi thi\u1ec7u Vi\u1ec7c l\u00e0m v\u00e0 C\u1ef1u sinh vi\u00ean \t\t\t\t\t\t\t<\/a>\r\n\t\t\t\t\t\t<\/div>\r\n\t\t\t\t\t\t\t\t\t\t\t<div class=\"col-12 col-md-6 col-lg-6 col-xl-6 col-xxl-6\">\r\n\t\t\t\t\t\t\t<a class=\"vc-link--educate position-relative d-inline-block text-uppercase\" href=\"https:\/\/www.hoasen.edu.vn\/so-tay-sinh-vien\/thuc-tap-nhan-thuc-thuc-tap-tot-nghiep\/\">\r\n\t\t\t\t\t\t\t\t<span class=\"position-absolute d-flex align-items-center justify-content-center\">\r\n\t\t\t\t\t\t\t\t\t\t\t\t\t\t\t\t\t\t\t<img decoding=\"async\" src=\"https:\/\/www.hoasen.edu.vn\/so-tay-sinh-vien\/wp-content\/uploads\/sites\/46\/2022\/08\/suitcase.png\" alt=\"image\">\r\n\t\t\t\t\t\t\t\t\t\t\t\t\t\t\t\t\t<\/span>\r\n\t\t\t\t\t\t\t\tTh\u1ef1c t\u1eadp Nh\u1eadn th\u1ee9c &#8211; T\u1ed1t nghi\u1ec7p\t\t\t\t\t\t\t<\/a>\r\n\t\t\t\t\t\t<\/div>\r\n\t\t\t\t\t\t\t\t\t\t\t<div class=\"col-12 col-md-6 col-lg-6 col-xl-6 col-xxl-6\">\r\n\t\t\t\t\t\t\t<a class=\"vc-link--educate position-relative d-inline-block text-uppercase\" href=\"https:\/\/www.hoasen.edu.vn\/so-tay-sinh-vien\/tro-thanh-mentee-ngay-tu-sinh-vien-nam-2\/\">\r\n\t\t\t\t\t\t\t\t<span class=\"position-absolute d-flex align-items-center justify-content-center\">\r\n\t\t\t\t\t\t\t\t\t\t\t\t\t\t\t\t\t\t\t<img decoding=\"async\" src=\"https:\/\/www.hoasen.edu.vn\/so-tay-sinh-vien\/wp-content\/uploads\/sites\/46\/2022\/08\/advise.png\" alt=\"image\">\r\n\t\t\t\t\t\t\t\t\t\t\t\t\t\t\t\t\t<\/span>\r\n\t\t\t\t\t\t\t\tTr\u1edf th\u00e0nh Mentor ngay t\u1eeb sinh vi\u00ean n\u0103m 2\t\t\t\t\t\t\t<\/a>\r\n\t\t\t\t\t\t<\/div>\r\n\t\t\t\t\t\t\t\t\t<\/div>\r\n\t\t\t\t\t<\/div>\r\n\t<\/div>\r\n\t\n\n\t<div class=\"vc-article--educate\">\r\n\t\t<div class=\"container\">\r\n\t\t\t\t\t\t\t<h2 class=\"vc-headline--primary position-relative\">\r\n\t\t\t\t\tNH\u1eeeNG TH\u00d4NG TIN H\u1eccC V\u1ee4 N\u00c0O, SINH VI\u00caN HSU C\u1ea6N BI\u1ebeT?\t\t\t\t<\/h2>\r\n\t\t\t\r\n\t\t\t\t\t\t\t<div class=\"vc-article__box position-relative\" style=\"background: url(https:\/\/www.hoasen.edu.vn\/so-tay-sinh-vien\/wp-content\/uploads\/sites\/46\/2022\/08\/DSC01320-e1659600285416.jpeg) no-repeat center center\/cover;\">\r\n\t\t\t\t\t\t\t\t\t<\/div>\r\n\t\t\t\r\n\t\t\t\t\t\t\t<div class=\"row text-center\">\r\n\t\t\t\t\t\t\t\t\t\t\t<div class=\"col-12 col-md-6 col-lg-6 col-xl-6 col-xxl-6\">\r\n\t\t\t\t\t\t\t<a class=\"vc-link--educate position-relative d-inline-block text-uppercase\" href=\"https:\/\/www.hoasen.edu.vn\/so-tay-sinh-vien\/dang-ky-mon-hoc\/\">\r\n\t\t\t\t\t\t\t\t<span class=\"position-absolute d-flex align-items-center justify-content-center\">\r\n\t\t\t\t\t\t\t\t\t\t\t\t\t\t\t\t\t\t\t<img decoding=\"async\" src=\"https:\/\/www.hoasen.edu.vn\/so-tay-sinh-vien\/wp-content\/uploads\/sites\/46\/2022\/08\/computer.png\" alt=\"image\">\r\n\t\t\t\t\t\t\t\t\t\t\t\t\t\t\t\t\t<\/span>\r\n\t\t\t\t\t\t\t\t\u0110\u0103ng k\u00fd m\u00f4n h\u1ecdc\t\t\t\t\t\t\t<\/a>\r\n\t\t\t\t\t\t<\/div>\r\n\t\t\t\t\t\t\t\t\t\t\t<div class=\"col-12 col-md-6 col-lg-6 col-xl-6 col-xxl-6\">\r\n\t\t\t\t\t\t\t<a class=\"vc-link--educate position-relative d-inline-block text-uppercase\" href=\"https:\/\/www.hoasen.edu.vn\/so-tay-sinh-vien\/diem-mon-hoc\/\">\r\n\t\t\t\t\t\t\t\t<span class=\"position-absolute d-flex align-items-center justify-content-center\">\r\n\t\t\t\t\t\t\t\t\t\t\t\t\t\t\t\t\t\t\t<img decoding=\"async\" src=\"https:\/\/www.hoasen.edu.vn\/so-tay-sinh-vien\/wp-content\/uploads\/sites\/46\/2022\/08\/certificate.png\" alt=\"image\">\r\n\t\t\t\t\t\t\t\t\t\t\t\t\t\t\t\t\t<\/span>\r\n\t\t\t\t\t\t\t\t\u0110i\u1ec3m m\u00f4n h\u1ecdc\t\t\t\t\t\t\t<\/a>\r\n\t\t\t\t\t\t<\/div>\r\n\t\t\t\t\t\t\t\t\t\t\t<div class=\"col-12 col-md-6 col-lg-6 col-xl-6 col-xxl-6\">\r\n\t\t\t\t\t\t\t<a class=\"vc-link--educate position-relative d-inline-block text-uppercase\" href=\"https:\/\/www.hoasen.edu.vn\/so-tay-sinh-vien\/hoc-vu\/\">\r\n\t\t\t\t\t\t\t\t<span class=\"position-absolute d-flex align-items-center justify-content-center\">\r\n\t\t\t\t\t\t\t\t\t\t\t\t\t\t\t\t\t\t\t<img decoding=\"async\" src=\"https:\/\/www.hoasen.edu.vn\/so-tay-sinh-vien\/wp-content\/uploads\/sites\/46\/2022\/08\/inbox.png\" alt=\"image\">\r\n\t\t\t\t\t\t\t\t\t\t\t\t\t\t\t\t\t<\/span>\r\n\t\t\t\t\t\t\t\tH\u1ecdc v\u1ee5\t\t\t\t\t\t\t<\/a>\r\n\t\t\t\t\t\t<\/div>\r\n\t\t\t\t\t\t\t\t\t\t\t<div class=\"col-12 col-md-6 col-lg-6 col-xl-6 col-xxl-6\">\r\n\t\t\t\t\t\t\t<a class=\"vc-link--educate position-relative d-inline-block text-uppercase\" href=\"https:\/\/www.hoasen.edu.vn\/so-tay-sinh-vien\/quy-che-sinh-vien\/\">\r\n\t\t\t\t\t\t\t\t<span class=\"position-absolute d-flex align-items-center justify-content-center\">\r\n\t\t\t\t\t\t\t\t\t\t\t\t\t\t\t\t\t\t\t<img decoding=\"async\" src=\"https:\/\/www.hoasen.edu.vn\/so-tay-sinh-vien\/wp-content\/uploads\/sites\/46\/2022\/09\/book.png\" alt=\"image\">\r\n\t\t\t\t\t\t\t\t\t\t\t\t\t\t\t\t\t<\/span>\r\n\t\t\t\t\t\t\t\tQuy ch\u1ebf sinh vi\u00ean\t\t\t\t\t\t\t<\/a>\r\n\t\t\t\t\t\t<\/div>\r\n\t\t\t\t\t\t\t\t\t<\/div>\r\n\t\t\t\t\t<\/div>\r\n\t<\/div>\r\n\t\n\n\n<div class=\"wp-block-buttons is-layout-flex wp-block-buttons-is-layout-flex\"><\/div>\n","protected":false},"excerpt":{"rendered":"","protected":false},"author":38,"featured_media":0,"parent":0,"menu_order":0,"comment_status":"closed","ping_status":"closed","template":"page-templates\/home.php","meta":{"footnotes":""},"class_list":["post-161","page","type-page","status-publish","hentry"],"acf":[],"_links":{"self":[{"href":"https:\/\/www.hoasen.edu.vn\/so-tay-sinh-vien\/wp-json\/wp\/v2\/pages\/161","targetHints":{"allow":["GET"]}}],"collection":[{"href":"https:\/\/www.hoasen.edu.vn\/so-tay-sinh-vien\/wp-json\/wp\/v2\/pages"}],"about":[{"href":"https:\/\/www.hoasen.edu.vn\/so-tay-sinh-vien\/wp-json\/wp\/v2\/types\/page"}],"author":[{"embeddable":true,"href":"https:\/\/www.hoasen.edu.vn\/so-tay-sinh-vien\/wp-json\/wp\/v2\/users\/38"}],"replies":[{"embeddable":true,"href":"https:\/\/www.hoasen.edu.vn\/so-tay-sinh-vien\/wp-json\/wp\/v2\/comments?post=161"}],"version-history":[{"count":423,"href":"https:\/\/www.hoasen.edu.vn\/so-tay-sinh-vien\/wp-json\/wp\/v2\/pages\/161\/revisions"}],"predecessor-version":[{"id":3274,"href":"https:\/\/www.hoasen.edu.vn\/so-tay-sinh-vien\/wp-json\/wp\/v2\/pages\/161\/revisions\/3274"}],"wp:attachment":[{"href":"https:\/\/www.hoasen.edu.vn\/so-tay-sinh-vien\/wp-json\/wp\/v2\/media?parent=161"}],"curies":[{"name":"wp","href":"https:\/\/api.w.org\/{rel}","templated":true}]}}