{"id":1595,"date":"2023-02-13T02:30:53","date_gmt":"2023-02-13T02:30:53","guid":{"rendered":"https:\/\/www.hoasen.edu.vn\/so-tay-sinh-vien\/?page_id=1595"},"modified":"2025-09-13T08:19:06","modified_gmt":"2025-09-13T08:19:06","slug":"hoat-dong-giao-duc-the-chat","status":"publish","type":"page","link":"https:\/\/www.hoasen.edu.vn\/so-tay-sinh-vien\/hoat-dong-giao-duc-the-chat\/","title":{"rendered":"Ho\u1ea1t \u0111\u1ed9ng gi\u00e1o d\u1ee5c th\u1ec3 ch\u1ea5t"},"content":{"rendered":"\n<p><strong>Trung t\u00e2m Th\u1ec3 thao Tr\u01b0\u1eddng \u0110\u1ea1i h\u1ecdc Hoa Sen \u0111\u1ecbnh h\u01b0\u1edbng x\u00e2y d\u1ef1ng m\u1ed9t m\u00f4i tr\u01b0\u1eddng r\u00e8n luy\u1ec7n chuy\u00ean nghi\u1ec7p \u2013 hi\u1ec7n \u0111\u1ea1i \u2013 nh\u00e2n v\u0103n, n\u01a1i sinh vi\u00ean ph\u00e1t tri\u1ec3n th\u1ec3 l\u1ef1c, b\u1ea3n l\u0129nh v\u00e0 th\u00f3i quen s\u1ed1ng l\u00e0nh m\u1ea1nh. Ch\u01b0\u01a1ng tr\u00ecnh Gi\u00e1o d\u1ee5c th\u1ec3 ch\u1ea5t c\u00f9ng h\u1ec7 th\u1ed1ng c\u00e2u l\u1ea1c b\u1ed9 \u0111a d\u1ea1ng gi\u00fap m\u1ed7i sinh vi\u00ean t\u00ecm \u0111\u01b0\u1ee3c m\u00f4n ph\u00f9 h\u1ee3p, kh\u00e1m ph\u00e1 ti\u1ec1m n\u0103ng v\u00e0 h\u00ecnh th\u00e0nh tinh th\u1ea7n k\u1ef7 lu\u1eadt, h\u1ee3p t\u00e1c.<\/strong><\/p>\n\n\n\n<h2 class=\"wp-block-heading\" style=\"font-size:20px\">TI\u00caN PHONG \u0110\u01afA TH\u1ec2 THAO SEA GAMES V\u00c0O GI\u1ea2NG D\u1ea0Y<\/h2>\n\n\n\n<p>Tr\u01b0\u1eddng \u0110\u1ea1i h\u1ecdc Hoa Sen l\u00e0 m\u1ed9t trong nh\u1eefng c\u01a1 s\u1edf gi\u00e1o d\u1ee5c \u0111\u1ea1i h\u1ecdc \u0111\u1ea7u ti\u00ean t\u1ea1i Vi\u1ec7t Nam m\u1ea1nh d\u1ea1n \u0111\u01b0a c\u00e1c m\u00f4n th\u1ec3 thao SEA Games v\u00e0o ch\u01b0\u01a1ng tr\u00ecnh \u0111\u00e0o t\u1ea1o v\u00e0 ho\u1ea1t \u0111\u1ed9ng ngo\u1ea1i kh\u00f3a, nh\u1eb1m mang \u0111\u1ebfn cho sinh vi\u00ean tr\u1ea3i nghi\u1ec7m r\u00e8n luy\u1ec7n th\u1ec3 ch\u1ea5t to\u00e0n di\u1ec7n, chuy\u00ean nghi\u1ec7p v\u00e0 h\u1ed9i nh\u1eadp qu\u1ed1c t\u1ebf.<\/p>\n\n\n\n<p>Th\u00f4ng qua h\u1ec7 th\u1ed1ng 18 C\u00e2u l\u1ea1c b\u1ed9 Th\u1ec3 thao tr\u1ef1c thu\u1ed9c Trung t\u00e2m Th\u1ec3 thao, sinh vi\u00ean kh\u00f4ng ch\u1ec9 \u0111\u01b0\u1ee3c h\u1ecdc t\u1eadp v\u00e0 r\u00e8n luy\u1ec7n c\u00f9ng \u0111\u1ed9i ng\u0169 hu\u1ea5n luy\u1ec7n vi\u00ean gi\u00e0u kinh nghi\u1ec7m, m\u00e0 c\u00f2n c\u00f3 c\u01a1 h\u1ed9i tham gia c\u00e1c gi\u1ea3i \u0111\u1ea5u, giao l\u01b0u v\u00e0 ph\u00e1t tri\u1ec3n b\u1ea3n th\u00e2n trong m\u00f4i tr\u01b0\u1eddng th\u1ec3 thao hi\u1ec7n \u0111\u1ea1i.<\/p>\n\n\n\n<div class=\"wp-block-columns is-layout-flex wp-container-core-columns-is-layout-9d6595d7 wp-block-columns-is-layout-flex\">\n<div class=\"wp-block-column is-layout-flow wp-block-column-is-layout-flow\">\n<ul class=\"wp-block-list\">\n<li>CLB GOLF &#8211; HLV L\u00ea Ki\u1ec1u Ngoan<\/li>\n\n\n\n<li>CLB B\u00d3NG CH\u00c0Y &#8211; HLV Kwon Dong Hyeok<\/li>\n\n\n\n<li>CLB HOCKEY &#8211; HLV Hu\u1ef3nh \u0110\u1ea1i Ph\u00fac<\/li>\n\n\n\n<li>CLB B\u00d3NG R\u1ed4 &#8211; HLV V\u0169 H\u1eefu Tr\u00ed \u0110\u0103ng<\/li>\n\n\n\n<li>CLB B\u00d3NG \u0110\u00c1 &#8211; HLV Nguy\u1ec5n Thanh Quang<\/li>\n\n\n\n<li>CLB B\u00d3NG CHUY\u1ec0N &#8211; HLV Nguy\u1ec5n Vi\u1ebft Tu\u1ea5n<\/li>\n<\/ul>\n<\/div>\n\n\n\n<div class=\"wp-block-column is-layout-flow wp-block-column-is-layout-flow\">\n<ul class=\"wp-block-list\">\n<li>CLB TAEKWONDO &#8211; HLV Nguy\u1ec5n Ph\u00fa C\u01b0\u1eddng<\/li>\n\n\n\n<li>CLB MUAY &amp; KICK BOXING &#8211; HLV V\u00f5 V\u0103n \u0110\u00e0i<\/li>\n\n\n\n<li>CLB JUDO &#8211; HLV Tr\u1ea7n V\u0169 Hi\u1ebfu H\u1ea1nh<\/li>\n\n\n\n<li>CLB KARATEDO &#8211; HLV Ph\u1ea1m H\u1eefu Th\u00e0nh<\/li>\n\n\n\n<li>CLB VOVINAM &#8211; HLV B\u00f9i B\u1ea3o Trung<\/li>\n\n\n\n<li>CLB KENDO \u2013 HLV V\u00f5 Anh Nh\u00e2n<\/li>\n<\/ul>\n<\/div>\n\n\n\n<div class=\"wp-block-column is-layout-flow wp-block-column-is-layout-flow\">\n<ul class=\"wp-block-list\">\n<li>CLB YOGA &#8211; HLV NG\u00d4 TH\u1eca M\u01af\u1edcI PH\u01af\u01a0NG<\/li>\n\n\n\n<li>CLB DANCE SPORT &#8211; HLV Nguy\u1ec5n Giang Ch\u00e2u<\/li>\n\n\n\n<li>CLB B\u1eaeN CUNG &#8211; HLV \u0110o\u00e0n Th\u1ecb L\u1ec7<\/li>\n\n\n\n<li>CLB C\u1ea6U L\u00d4NG &#8211; HLV Nguy\u1ec5n Thanh Tuy\u00ean<\/li>\n\n\n\n<li>CLB SUP &#8211; HLV H\u1ed2 KA<\/li>\n\n\n\n<li>CLB B\u01a0I L\u1ed8I &#8211; HLV Nguy\u1ec5n Ki\u1ec1u Oanh<\/li>\n<\/ul>\n<\/div>\n<\/div>\n\n\n<div class=\"wp-block-image\">\n<figure class=\"aligncenter size-full\"><img loading=\"lazy\" decoding=\"async\" width=\"1600\" height=\"753\" src=\"https:\/\/www.hoasen.edu.vn\/so-tay-sinh-vien\/wp-content\/uploads\/sites\/46\/2023\/02\/0-02-06-286eec1552737c1ba0e9694cb8e78f62235bcdc28bf21be907de12a363cb2bc3_78cb0f6aedd01401.jpg\" alt=\"\" class=\"wp-image-1612\" srcset=\"https:\/\/www.hoasen.edu.vn\/so-tay-sinh-vien\/wp-content\/uploads\/sites\/46\/2023\/02\/0-02-06-286eec1552737c1ba0e9694cb8e78f62235bcdc28bf21be907de12a363cb2bc3_78cb0f6aedd01401.jpg 1600w, https:\/\/www.hoasen.edu.vn\/so-tay-sinh-vien\/wp-content\/uploads\/sites\/46\/2023\/02\/0-02-06-286eec1552737c1ba0e9694cb8e78f62235bcdc28bf21be907de12a363cb2bc3_78cb0f6aedd01401-300x141.jpg 300w, https:\/\/www.hoasen.edu.vn\/so-tay-sinh-vien\/wp-content\/uploads\/sites\/46\/2023\/02\/0-02-06-286eec1552737c1ba0e9694cb8e78f62235bcdc28bf21be907de12a363cb2bc3_78cb0f6aedd01401-256x120.jpg 256w, https:\/\/www.hoasen.edu.vn\/so-tay-sinh-vien\/wp-content\/uploads\/sites\/46\/2023\/02\/0-02-06-286eec1552737c1ba0e9694cb8e78f62235bcdc28bf21be907de12a363cb2bc3_78cb0f6aedd01401-474x223.jpg 474w, https:\/\/www.hoasen.edu.vn\/so-tay-sinh-vien\/wp-content\/uploads\/sites\/46\/2023\/02\/0-02-06-286eec1552737c1ba0e9694cb8e78f62235bcdc28bf21be907de12a363cb2bc3_78cb0f6aedd01401-396x186.jpg 396w, https:\/\/www.hoasen.edu.vn\/so-tay-sinh-vien\/wp-content\/uploads\/sites\/46\/2023\/02\/0-02-06-286eec1552737c1ba0e9694cb8e78f62235bcdc28bf21be907de12a363cb2bc3_78cb0f6aedd01401-310x146.jpg 310w, https:\/\/www.hoasen.edu.vn\/so-tay-sinh-vien\/wp-content\/uploads\/sites\/46\/2023\/02\/0-02-06-286eec1552737c1ba0e9694cb8e78f62235bcdc28bf21be907de12a363cb2bc3_78cb0f6aedd01401-418x197.jpg 418w, https:\/\/www.hoasen.edu.vn\/so-tay-sinh-vien\/wp-content\/uploads\/sites\/46\/2023\/02\/0-02-06-286eec1552737c1ba0e9694cb8e78f62235bcdc28bf21be907de12a363cb2bc3_78cb0f6aedd01401-425x200.jpg 425w, https:\/\/www.hoasen.edu.vn\/so-tay-sinh-vien\/wp-content\/uploads\/sites\/46\/2023\/02\/0-02-06-286eec1552737c1ba0e9694cb8e78f62235bcdc28bf21be907de12a363cb2bc3_78cb0f6aedd01401-201x95.jpg 201w, https:\/\/www.hoasen.edu.vn\/so-tay-sinh-vien\/wp-content\/uploads\/sites\/46\/2023\/02\/0-02-06-286eec1552737c1ba0e9694cb8e78f62235bcdc28bf21be907de12a363cb2bc3_78cb0f6aedd01401-492x232.jpg 492w, https:\/\/www.hoasen.edu.vn\/so-tay-sinh-vien\/wp-content\/uploads\/sites\/46\/2023\/02\/0-02-06-286eec1552737c1ba0e9694cb8e78f62235bcdc28bf21be907de12a363cb2bc3_78cb0f6aedd01401-645x304.jpg 645w, https:\/\/www.hoasen.edu.vn\/so-tay-sinh-vien\/wp-content\/uploads\/sites\/46\/2023\/02\/0-02-06-286eec1552737c1ba0e9694cb8e78f62235bcdc28bf21be907de12a363cb2bc3_78cb0f6aedd01401-415x195.jpg 415w, https:\/\/www.hoasen.edu.vn\/so-tay-sinh-vien\/wp-content\/uploads\/sites\/46\/2023\/02\/0-02-06-286eec1552737c1ba0e9694cb8e78f62235bcdc28bf21be907de12a363cb2bc3_78cb0f6aedd01401-395x186.jpg 395w, https:\/\/www.hoasen.edu.vn\/so-tay-sinh-vien\/wp-content\/uploads\/sites\/46\/2023\/02\/0-02-06-286eec1552737c1ba0e9694cb8e78f62235bcdc28bf21be907de12a363cb2bc3_78cb0f6aedd01401-535x252.jpg 535w\" sizes=\"auto, (max-width: 1600px) 100vw, 1600px\" \/><\/figure>\n<\/div>\n\n\n<div style=\"height:20px\" aria-hidden=\"true\" class=\"wp-block-spacer\"><\/div>\n\n\n\n<h2 class=\"wp-block-heading\" style=\"font-size:20px\">CH\u01af\u01a0NG TR\u00ccNH GI\u00c1O D\u1ee4C TH\u1ec2 CH\u1ea4T \u0110A D\u1ea0NG<\/h2>\n\n\n\n<p>N\u0103m 2023, Tr\u01b0\u1eddng \u0110\u1ea1i h\u1ecdc Hoa Sen ph\u1ed1i h\u1ee3p c\u00f9ng C\u00e2u l\u1ea1c b\u1ed9 B\u1eafn s\u00fang Th\u1ec3 thao Saigon Sniper \u0111\u1ec3 \u0111\u01b0a m\u00f4n b\u1eafn s\u00fang v\u00e0o ch\u01b0\u01a1ng tr\u00ecnh th\u1ec3 ch\u1ea5t cho sinh vi\u00ean. Trung t\u00e2m Th\u1ec3 thao Hoa Sen lu\u00f4n c\u1eadp nh\u1eadt \u0111a d\u1ea1ng m\u00f4n th\u1ec3 thao nh\u01b0 Pickleball, b\u1eafn cung, b\u00f3ng ch\u00e0y, Kickboxing, Muay Th\u00e1i&#8230; cho sinh vi\u00ean l\u1ef1a ch\u1ecdn.<\/p>\n\n\n\n<figure class=\"wp-block-image alignwide size-full\"><img loading=\"lazy\" decoding=\"async\" width=\"1018\" height=\"572\" src=\"https:\/\/www.hoasen.edu.vn\/so-tay-sinh-vien\/wp-content\/uploads\/sites\/46\/2025\/09\/481281888_627377266710373_3050791900961325885_n.jpg\" alt=\"\" class=\"wp-image-2993\"\/><\/figure>\n\n\n\n<p>Ngo\u00e0i ra, Nh\u00e0 tr\u01b0\u1eddng h\u1ee3p t\u00e1c c\u00f9ng Hi\u1ec7p h\u1ed9i B\u00f3ng ch\u00e0y c\u00e1c tr\u01b0\u1eddng \u0111\u1ea1i h\u1ecdc to\u00e0n Nh\u1eadt B\u1ea3n (JBA) nh\u1eb1m ph\u00e1t tri\u1ec3n m\u00f4n B\u00f3ng ch\u00e0y cho sinh vi\u00ean. Theo \u0111\u00f3, JBA v\u00e0 H\u1ed9i B\u00f3ng ch\u00e0y Th\u00e0nh ph\u1ed1 (HBA) s\u1ebd h\u1ed7 tr\u1ee3 gi\u1ea3ng d\u1ea1y v\u00e0 hu\u1ea5n luy\u1ec7n c\u1ee5 th\u1ec3 h\u00f3a Ch\u01b0\u01a1ng tr\u00ecnh \u0111\u00e0o t\u1ea1o Gi\u00e1o vi\u00ean B\u00f3ng ch\u00e0y cho HSU.<\/p>\n\n\n\n<figure class=\"wp-block-image size-full\"><img loading=\"lazy\" decoding=\"async\" width=\"1794\" height=\"1009\" src=\"https:\/\/www.hoasen.edu.vn\/so-tay-sinh-vien\/wp-content\/uploads\/sites\/46\/2025\/09\/329317315_936679331037976_8393887522399200364_n-1.jpg\" alt=\"\" class=\"wp-image-2992\"\/><\/figure>\n\n\n\n<div style=\"height:10px\" aria-hidden=\"true\" class=\"wp-block-spacer\"><\/div>\n\n\n\n<h2 class=\"wp-block-heading\" style=\"font-size:20px\">C\u01a0 S\u1ede V\u1eacT CH\u1ea4T R\u00c8N LUY\u1ec6N TH\u1ec2 CH\u1ea4T HI\u1ec6N \u0110\u1ea0I<\/h2>\n\n\n\n<p>K\u1ec3 t\u1eeb ng\u00e0y 08\/05\/2023, sinh vi\u00ean h\u1ecdc GDTC m\u00f4n Gym \u2013 Fitness s\u1ebd \u0111\u01b0\u1ee3c t\u1eadp luy\u1ec7n \u1edf m\u1ed9t kh\u00f4ng gian \u0111\u1eb3ng c\u1ea5p theo \u0111\u00fang ti\u00eau chu\u1ea9n fitness tr\u00ean th\u1ebf gi\u1edbi. B\u00ean c\u1ea1nh c\u00e1c ti\u1ec7n \u00edch v\u00e0 d\u1ecbch v\u1ee5 \u0111i k\u00e8m, c\u00e1c b\u1ea1n c\u00f2n \u0111\u01b0\u1ee3c t\u1eadp luy\u1ec7n v\u1edbi \u0111\u1ed9i ng\u0169 HLV c\u00f3 chuy\u00ean m\u00f4n cao, \u0111\u1ea1t ch\u1ee9ng ch\u1ec9 qu\u1ed1c t\u1ebf.<\/p>\n\n\n\n<p>S\u00e2n t\u1eadp luy\u1ec7n v\u00e0 trang thi\u1ebft b\u1ecb th\u1ec3 thao t\u1ea1i Tr\u01b0\u1eddng \u0110\u1ea1i h\u1ecdc Hoa Sen \u0111\u01b0\u1ee3c \u0111\u1ea7u t\u01b0 theo \u0111\u00fang ti\u00eau chu\u1ea9n c\u1ee7a t\u1eebng m\u00f4n h\u1ecdc, \u0111\u00e1p \u1ee9ng \u0111\u1ea7y \u0111\u1ee7 y\u00eau c\u1ea7u gi\u1ea3ng d\u1ea1y v\u00e0 luy\u1ec7n t\u1eadp. T\u1ea5t c\u1ea3 \u0111\u1ec1u \u0111\u01b0\u1ee3c b\u1ed1 tr\u00ed h\u1ee3p l\u00fd, \u0111\u1ea3m b\u1ea3o y\u1ebfu t\u1ed1 an to\u00e0n, v\u1ec7 sinh, \u0111\u1ed3ng th\u1eddi \u0111\u01b0\u1ee3c ki\u1ec3m tra \u2013 b\u1ea3o tr\u00ec \u0111\u1ecbnh k\u1ef3.<\/p>\n\n\n\n<figure class=\"wp-block-gallery has-nested-images columns-default is-cropped wp-block-gallery-1 is-layout-flex wp-block-gallery-is-layout-flex\">\n<figure class=\"wp-block-image size-large\"><img loading=\"lazy\" decoding=\"async\" width=\"2048\" height=\"2048\" data-id=\"1890\" src=\"https:\/\/www.hoasen.edu.vn\/so-tay-sinh-vien\/wp-content\/uploads\/sites\/46\/2023\/09\/343432162_757827849080328_8604965429488171004_n.jpg\" alt=\"\" class=\"wp-image-1890\" srcset=\"https:\/\/www.hoasen.edu.vn\/so-tay-sinh-vien\/wp-content\/uploads\/sites\/46\/2023\/09\/343432162_757827849080328_8604965429488171004_n.jpg 2048w, https:\/\/www.hoasen.edu.vn\/so-tay-sinh-vien\/wp-content\/uploads\/sites\/46\/2023\/09\/343432162_757827849080328_8604965429488171004_n-300x300.jpg 300w, https:\/\/www.hoasen.edu.vn\/so-tay-sinh-vien\/wp-content\/uploads\/sites\/46\/2023\/09\/343432162_757827849080328_8604965429488171004_n-768x768.jpg 768w, https:\/\/www.hoasen.edu.vn\/so-tay-sinh-vien\/wp-content\/uploads\/sites\/46\/2023\/09\/343432162_757827849080328_8604965429488171004_n-1536x1536.jpg 1536w\" sizes=\"auto, (max-width: 2048px) 100vw, 2048px\" \/><\/figure>\n\n\n\n<figure class=\"wp-block-image size-large\"><img loading=\"lazy\" decoding=\"async\" width=\"2048\" height=\"1365\" data-id=\"1889\" src=\"https:\/\/www.hoasen.edu.vn\/so-tay-sinh-vien\/wp-content\/uploads\/sites\/46\/2023\/09\/343442787_1854971741553117_5051765976011679684_n.jpg\" alt=\"\" class=\"wp-image-1889\" srcset=\"https:\/\/www.hoasen.edu.vn\/so-tay-sinh-vien\/wp-content\/uploads\/sites\/46\/2023\/09\/343442787_1854971741553117_5051765976011679684_n.jpg 2048w, https:\/\/www.hoasen.edu.vn\/so-tay-sinh-vien\/wp-content\/uploads\/sites\/46\/2023\/09\/343442787_1854971741553117_5051765976011679684_n-300x200.jpg 300w, https:\/\/www.hoasen.edu.vn\/so-tay-sinh-vien\/wp-content\/uploads\/sites\/46\/2023\/09\/343442787_1854971741553117_5051765976011679684_n-768x512.jpg 768w, https:\/\/www.hoasen.edu.vn\/so-tay-sinh-vien\/wp-content\/uploads\/sites\/46\/2023\/09\/343442787_1854971741553117_5051765976011679684_n-1536x1024.jpg 1536w\" sizes=\"auto, (max-width: 2048px) 100vw, 2048px\" \/><\/figure>\n\n\n\n<figure class=\"wp-block-image size-large\"><img loading=\"lazy\" decoding=\"async\" width=\"2048\" height=\"2048\" data-id=\"1891\" src=\"https:\/\/www.hoasen.edu.vn\/so-tay-sinh-vien\/wp-content\/uploads\/sites\/46\/2023\/09\/343474439_244069448115478_5189179401586422731_n.jpg\" alt=\"\" class=\"wp-image-1891\" srcset=\"https:\/\/www.hoasen.edu.vn\/so-tay-sinh-vien\/wp-content\/uploads\/sites\/46\/2023\/09\/343474439_244069448115478_5189179401586422731_n.jpg 2048w, https:\/\/www.hoasen.edu.vn\/so-tay-sinh-vien\/wp-content\/uploads\/sites\/46\/2023\/09\/343474439_244069448115478_5189179401586422731_n-300x300.jpg 300w, https:\/\/www.hoasen.edu.vn\/so-tay-sinh-vien\/wp-content\/uploads\/sites\/46\/2023\/09\/343474439_244069448115478_5189179401586422731_n-768x768.jpg 768w, https:\/\/www.hoasen.edu.vn\/so-tay-sinh-vien\/wp-content\/uploads\/sites\/46\/2023\/09\/343474439_244069448115478_5189179401586422731_n-1536x1536.jpg 1536w\" sizes=\"auto, (max-width: 2048px) 100vw, 2048px\" \/><\/figure>\n<\/figure>\n\n\n\n<div style=\"height:20px\" aria-hidden=\"true\" class=\"wp-block-spacer\"><\/div>\n\n\n\t\t<div id=\"block_7418d6fcd095b5ad8ea68931e81814c5\" class=\"vc-accor\">\r\n\t\t\t\t\t\t\t<div class=\"vc-accor__item\">\r\n\t\t\t\t\t\t\t\t\t\t<input type=\"checkbox\" id=\"rdblock_7418d6fcd095b5ad8ea68931e81814c5-1\" name=\"rd\">\r\n\t\t\t\t\t<label class=\"vc-accor__label d-block position-relative\" for=\"rdblock_7418d6fcd095b5ad8ea68931e81814c5-1\">\r\n\t\t\t\t\t\t<span class=\"p-relative\">TH\u00d4NG TIN LI\u00caN H\u1ec6<\/span>\r\n\t\t\t\t\t\t<svg class=\"vc-icon position-absolute\"><use xlink:href=\"https:\/\/www.hoasen.edu.vn\/so-tay-sinh-vien\/wp-content\/themes\/ru-hsu\/assets\/img\/icons.svg#i-arrow-down\" \/><\/svg>\r\n\t\t\t\t\t<\/label>\r\n\t\t\t\t\t<div class=\"vc-accor__content\">\r\n\t\t\t\t\t\t<p>\u0110\u1ecba ch\u1ec9: Ph\u00f2ng A.107 (l\u1ea7u 1) \u2013 7\/1 Th\u00e0nh Th\u00e1i, P.14, Q.10<\/p>\n<p>Email: hsusports@hoasen.edu.vn<\/p>\n<p>S\u1ed1 \u0111i\u1ec7n tho\u1ea1i: 028 7309 1991 \u2013 ext: 4894<\/p>\n<p>Hotline: 0906.800.096<\/p>\n\t\t\t\t\t<\/div>\r\n\t\t\t\t<\/div>\r\n\t\t\t\t\t<\/div>\r\n\t\n\n\n<p><\/p>\n\n\n\n<p><\/p>\n\n\n\n<p><\/p>\n\n\n\n<p><\/p>\n\n\n\n<p><\/p>\n\n\n\n<p><\/p>\n","protected":false},"excerpt":{"rendered":"<p>Trung t\u00e2m Th\u1ec3 thao Tr\u01b0\u1eddng \u0110\u1ea1i h\u1ecdc Hoa Sen \u0111\u1ecbnh h\u01b0\u1edbng x\u00e2y d\u1ef1ng m\u1ed9t m\u00f4i tr\u01b0\u1eddng r\u00e8n luy\u1ec7n chuy\u00ean nghi\u1ec7p \u2013 hi\u1ec7n \u0111\u1ea1i \u2013 nh\u00e2n v\u0103n, n\u01a1i sinh vi\u00ean ph\u00e1t tri\u1ec3n th\u1ec3 l\u1ef1c, b\u1ea3n l\u0129nh v\u00e0 th\u00f3i quen s\u1ed1ng l\u00e0nh m\u1ea1nh. Ch\u01b0\u01a1ng tr\u00ecnh Gi\u00e1o d\u1ee5c th\u1ec3 ch\u1ea5t c\u00f9ng h\u1ec7 th\u1ed1ng c\u00e2u l\u1ea1c b\u1ed9 \u0111a d\u1ea1ng gi\u00fap m\u1ed7i sinh vi\u00ean t\u00ecm \u0111\u01b0\u1ee3c m\u00f4n ph\u00f9 h\u1ee3p, kh\u00e1m ph\u00e1 ti\u1ec1m n\u0103ng v\u00e0 h\u00ecnh th\u00e0nh tinh th\u1ea7n k\u1ef7 lu\u1eadt, h\u1ee3p t\u00e1c. TI\u00caN PHONG \u0110\u01afA TH\u1ec2 THAO SEA GAMES V\u00c0O GI\u1ea2NG D\u1ea0Y Tr\u01b0\u1eddng \u0110\u1ea1i h\u1ecdc Hoa Sen l\u00e0 m\u1ed9t trong nh\u1eefng c\u01a1 s\u1edf gi\u00e1o d\u1ee5c&#8230;<\/p>\n","protected":false},"author":70,"featured_media":0,"parent":0,"menu_order":0,"comment_status":"closed","ping_status":"closed","template":"","meta":{"footnotes":""},"class_list":["post-1595","page","type-page","status-publish","hentry"],"acf":[],"_links":{"self":[{"href":"https:\/\/www.hoasen.edu.vn\/so-tay-sinh-vien\/wp-json\/wp\/v2\/pages\/1595","targetHints":{"allow":["GET"]}}],"collection":[{"href":"https:\/\/www.hoasen.edu.vn\/so-tay-sinh-vien\/wp-json\/wp\/v2\/pages"}],"about":[{"href":"https:\/\/www.hoasen.edu.vn\/so-tay-sinh-vien\/wp-json\/wp\/v2\/types\/page"}],"author":[{"embeddable":true,"href":"https:\/\/www.hoasen.edu.vn\/so-tay-sinh-vien\/wp-json\/wp\/v2\/users\/70"}],"replies":[{"embeddable":true,"href":"https:\/\/www.hoasen.edu.vn\/so-tay-sinh-vien\/wp-json\/wp\/v2\/comments?post=1595"}],"version-history":[{"count":33,"href":"https:\/\/www.hoasen.edu.vn\/so-tay-sinh-vien\/wp-json\/wp\/v2\/pages\/1595\/revisions"}],"predecessor-version":[{"id":3092,"href":"https:\/\/www.hoasen.edu.vn\/so-tay-sinh-vien\/wp-json\/wp\/v2\/pages\/1595\/revisions\/3092"}],"wp:attachment":[{"href":"https:\/\/www.hoasen.edu.vn\/so-tay-sinh-vien\/wp-json\/wp\/v2\/media?parent=1595"}],"curies":[{"name":"wp","href":"https:\/\/api.w.org\/{rel}","templated":true}]}}