{"id":153,"date":"2022-08-01T03:17:33","date_gmt":"2022-08-01T03:17:33","guid":{"rendered":"https:\/\/www.hoasen.edu.vn\/so-tay-sinh-vien\/?page_id=153"},"modified":"2025-09-12T04:47:26","modified_gmt":"2025-09-12T04:47:26","slug":"sinh-vien-5-tot","status":"publish","type":"page","link":"https:\/\/www.hoasen.edu.vn\/so-tay-sinh-vien\/sinh-vien-5-tot\/","title":{"rendered":"Sinh vi\u00ean 5 t\u1ed1t"},"content":{"rendered":"\n<p><strong>Phong tr\u00e0o \u201cSinh vi\u00ean 5 T\u1ed1t\u201d do Trung \u01b0\u01a1ng H\u1ed9i Sinh vi\u00ean Vi\u1ec7t Nam ph\u00e1t \u0111\u1ed9ng l\u00e0 h\u00e0nh tr\u00ecnh r\u00e8n luy\u1ec7n to\u00e0n di\u1ec7n, h\u01b0\u1edbng t\u1edbi h\u00ecnh \u1ea3nh ng\u01b0\u1eddi sinh vi\u00ean n\u0103ng \u0111\u1ed9ng, tr\u00e1ch nhi\u1ec7m v\u00e0 h\u1ed9i nh\u1eadp. Danh hi\u1ec7u \u0111\u01b0\u1ee3c x\u00e9t ch\u1ecdn d\u1ef1a tr\u00ean 5 ti\u00eau ch\u00ed: H\u1ecdc t\u1eadp t\u1ed1t \u2013 \u0110\u1ea1o \u0111\u1ee9c t\u1ed1t \u2013 Th\u1ec3 l\u1ef1c t\u1ed1t \u2013 T\u00ecnh nguy\u1ec7n t\u1ed1t \u2013 H\u1ed9i nh\u1eadp t\u1ed1t.<\/strong><\/p>\n\n\n\n<p>\u0110\u1ec3 ch\u1ea1m t\u1edbi danh hi\u1ec7u n\u00e0y, m\u1ed7i sinh vi\u00ean c\u1ea7n kh\u00f4ng ng\u1eebng n\u1ed7 l\u1ef1c h\u1ecdc t\u1eadp, r\u00e8n luy\u1ec7n, t\u1ef1 ho\u00e0n thi\u1ec7n b\u1ea3n th\u00e2n m\u1ed7i ng\u00e0y. V\u1edbi vai tr\u00f2 \u0111\u1ed3ng h\u00e0nh, \u0110o\u00e0n Thanh ni\u00ean v\u00e0 H\u1ed9i Sinh vi\u00ean Tr\u01b0\u1eddng \u0110\u1ea1i h\u1ecdc Hoa Sen \u0111\u00e3 t\u1ed5 ch\u1ee9c nhi\u1ec1u ho\u1ea1t \u0111\u1ed9ng, s\u00e2n ch\u01a1i b\u1ed5 \u00edch gi\u00fap sinh vi\u00ean kh\u00e1m ph\u00e1 n\u0103ng l\u1ef1c, ph\u00e1t huy th\u1ebf m\u1ea1nh v\u00e0 kh\u1eafc ph\u1ee5c h\u1ea1n ch\u1ebf. <\/p>\n\n\n\n<p>Danh hi\u1ec7u \u201cSinh vi\u00ean 5 T\u1ed1t\u201d kh\u00f4ng ch\u1ec9 l\u00e0 s\u1ef1 ghi nh\u1eadn x\u1ee9ng \u0111\u00e1ng cho qu\u00e1 tr\u00ecnh ph\u1ea5n \u0111\u1ea5u trong h\u1ecdc t\u1eadp v\u00e0 h\u1ecfa \u0111\u1ed9ng tr\u1ea3i nghi\u1ec7m, m\u00e0 c\u00f2n l\u00e0 <strong>\u0111i\u1ec3m c\u1ed9ng gi\u00e1 tr\u1ecb trong m\u1eaft c\u00e1c nh\u00e0 tuy\u1ec3n d\u1ee5ng<\/strong>, kh\u1eb3ng \u0111\u1ecbnh b\u1ea3n l\u0129nh v\u00e0 uy t\u00edn c\u1ee7a sinh vi\u00ean Tr\u01b0\u1eddng \u0110\u1ea1i h\u1ecdc Hoa Sen tr\u00ean con \u0111\u01b0\u1eddng h\u1ed9i nh\u1eadp.<\/p>\n\n\n\n<figure class=\"wp-block-image size-full\"><img loading=\"lazy\" decoding=\"async\" width=\"2048\" height=\"1367\" src=\"https:\/\/www.hoasen.edu.vn\/so-tay-sinh-vien\/wp-content\/uploads\/sites\/46\/2025\/09\/SV-BJHJHH.jpg\" alt=\"\" class=\"wp-image-2916\"\/><\/figure>\n\n\n\n<figure class=\"wp-block-gallery has-nested-images columns-default is-cropped wp-block-gallery-1 is-layout-flex wp-block-gallery-is-layout-flex\">\n<figure class=\"wp-block-image size-full\"><img loading=\"lazy\" decoding=\"async\" width=\"2048\" height=\"1367\" data-id=\"2918\" src=\"https:\/\/www.hoasen.edu.vn\/so-tay-sinh-vien\/wp-content\/uploads\/sites\/46\/2025\/09\/sv-2.jpg\" alt=\"\" class=\"wp-image-2918\"\/><\/figure>\n\n\n\n<figure class=\"wp-block-image size-full\"><img loading=\"lazy\" decoding=\"async\" width=\"2048\" height=\"1367\" data-id=\"2917\" src=\"https:\/\/www.hoasen.edu.vn\/so-tay-sinh-vien\/wp-content\/uploads\/sites\/46\/2025\/09\/sv-5.jpg\" alt=\"\" class=\"wp-image-2917\"\/><\/figure>\n<\/figure>\n\n\n\n<p>S\u00e1ng ng\u00e0y 05\/01\/2025, t\u1ea1i H\u1ed9i tr\u01b0\u1eddng 204, Tr\u01b0\u1eddng \u0110\u1ea1i h\u1ecdc Hoa Sen long tr\u1ecdng t\u1ed5 ch\u1ee9c L\u1ec5 tuy\u00ean d\u01b0\u01a1ng Sinh vi\u00ean 5 T\u1ed1t n\u0103m h\u1ecdc 2023 \u2013 2024. N\u0103m nay, Nh\u00e0 tr\u01b0\u1eddng c\u00f3 <strong>15 sinh vi\u00ean \u0111\u1ea1t c\u1ea5p Khoa<\/strong>, <strong>47 sinh vi\u00ean \u0111\u1ea1t c\u1ea5p Tr\u01b0\u1eddng<\/strong>, <strong>3 sinh vi\u00ean duy tr\u00ec th\u00e0nh t\u00edch nhi\u1ec1u n\u0103m li\u1ec1n<\/strong>, c\u00f9ng <strong>1 sinh vi\u00ean xu\u1ea5t s\u1eafc \u0111\u1ea1t danh hi\u1ec7u c\u1ea5p Th\u00e0nh ph\u1ed1 v\u00e0 Trung \u01b0\u01a1ng<\/strong>. \u0110\u00e2y kh\u00f4ng ch\u1ec9 l\u00e0 ni\u1ec1m t\u1ef1 h\u00e0o c\u1ee7a c\u00e1 nh\u00e2n m\u00e0 c\u00f2n l\u00e0 minh ch\u1ee9ng cho tinh th\u1ea7n h\u1ecdc t\u1eadp, c\u1ed1ng hi\u1ebfn v\u00e0 kh\u00e1t v\u1ecdng v\u01b0\u01a1n xa c\u1ee7a tu\u1ed5i tr\u1ebb Hoa Sen.<\/p>\n\n\n\n<div class=\"wp-block-columns is-layout-flex wp-container-core-columns-is-layout-9d6595d7 wp-block-columns-is-layout-flex\">\n<div class=\"wp-block-column is-layout-flow wp-block-column-is-layout-flow\">\n<figure class=\"wp-block-image size-full\"><img loading=\"lazy\" decoding=\"async\" width=\"2048\" height=\"1367\" src=\"https:\/\/www.hoasen.edu.vn\/so-tay-sinh-vien\/wp-content\/uploads\/sites\/46\/2025\/09\/sv-hihigioi.jpg\" alt=\"\" class=\"wp-image-2914\"\/><\/figure>\n<\/div>\n\n\n\n<div class=\"wp-block-column is-layout-flow wp-block-column-is-layout-flow\">\n<figure class=\"wp-block-image size-full\"><img loading=\"lazy\" decoding=\"async\" width=\"2048\" height=\"1367\" src=\"https:\/\/www.hoasen.edu.vn\/so-tay-sinh-vien\/wp-content\/uploads\/sites\/46\/2025\/09\/sv-ghioijo.jpg\" alt=\"\" class=\"wp-image-2912\"\/><\/figure>\n<\/div>\n\n\n\n<div class=\"wp-block-column is-layout-flow wp-block-column-is-layout-flow\">\n<figure class=\"wp-block-image size-full\"><img loading=\"lazy\" decoding=\"async\" width=\"2048\" height=\"1367\" src=\"https:\/\/www.hoasen.edu.vn\/so-tay-sinh-vien\/wp-content\/uploads\/sites\/46\/2025\/09\/sv-hgugihi.jpg\" alt=\"\" class=\"wp-image-2913\"\/><\/figure>\n<\/div>\n\n\n\n<div class=\"wp-block-column is-layout-flow wp-block-column-is-layout-flow\">\n<figure class=\"wp-block-image size-full\"><img loading=\"lazy\" decoding=\"async\" width=\"2048\" height=\"1367\" src=\"https:\/\/www.hoasen.edu.vn\/so-tay-sinh-vien\/wp-content\/uploads\/sites\/46\/2025\/09\/sv-ggugugi.jpg\" alt=\"\" class=\"wp-image-2915\"\/><\/figure>\n<\/div>\n<\/div>\n","protected":false},"excerpt":{"rendered":"<p>Phong tr\u00e0o \u201cSinh vi\u00ean 5 T\u1ed1t\u201d do Trung \u01b0\u01a1ng H\u1ed9i Sinh vi\u00ean Vi\u1ec7t Nam ph\u00e1t \u0111\u1ed9ng l\u00e0 h\u00e0nh tr\u00ecnh r\u00e8n luy\u1ec7n to\u00e0n di\u1ec7n, h\u01b0\u1edbng t\u1edbi h\u00ecnh \u1ea3nh ng\u01b0\u1eddi sinh vi\u00ean n\u0103ng \u0111\u1ed9ng, tr\u00e1ch nhi\u1ec7m v\u00e0 h\u1ed9i nh\u1eadp. Danh hi\u1ec7u \u0111\u01b0\u1ee3c x\u00e9t ch\u1ecdn d\u1ef1a tr\u00ean 5 ti\u00eau ch\u00ed: H\u1ecdc t\u1eadp t\u1ed1t \u2013 \u0110\u1ea1o \u0111\u1ee9c t\u1ed1t \u2013 Th\u1ec3 l\u1ef1c t\u1ed1t \u2013 T\u00ecnh nguy\u1ec7n t\u1ed1t \u2013 H\u1ed9i nh\u1eadp t\u1ed1t. \u0110\u1ec3 ch\u1ea1m t\u1edbi danh hi\u1ec7u n\u00e0y, m\u1ed7i sinh vi\u00ean c\u1ea7n kh\u00f4ng ng\u1eebng n\u1ed7 l\u1ef1c h\u1ecdc t\u1eadp, r\u00e8n luy\u1ec7n, t\u1ef1 ho\u00e0n thi\u1ec7n b\u1ea3n th\u00e2n m\u1ed7i ng\u00e0y. V\u1edbi vai tr\u00f2 \u0111\u1ed3ng h\u00e0nh, \u0110o\u00e0n Thanh ni\u00ean v\u00e0&#8230;<\/p>\n","protected":false},"author":38,"featured_media":0,"parent":0,"menu_order":0,"comment_status":"closed","ping_status":"closed","template":"","meta":{"footnotes":""},"class_list":["post-153","page","type-page","status-publish","hentry"],"acf":[],"_links":{"self":[{"href":"https:\/\/www.hoasen.edu.vn\/so-tay-sinh-vien\/wp-json\/wp\/v2\/pages\/153","targetHints":{"allow":["GET"]}}],"collection":[{"href":"https:\/\/www.hoasen.edu.vn\/so-tay-sinh-vien\/wp-json\/wp\/v2\/pages"}],"about":[{"href":"https:\/\/www.hoasen.edu.vn\/so-tay-sinh-vien\/wp-json\/wp\/v2\/types\/page"}],"author":[{"embeddable":true,"href":"https:\/\/www.hoasen.edu.vn\/so-tay-sinh-vien\/wp-json\/wp\/v2\/users\/38"}],"replies":[{"embeddable":true,"href":"https:\/\/www.hoasen.edu.vn\/so-tay-sinh-vien\/wp-json\/wp\/v2\/comments?post=153"}],"version-history":[{"count":14,"href":"https:\/\/www.hoasen.edu.vn\/so-tay-sinh-vien\/wp-json\/wp\/v2\/pages\/153\/revisions"}],"predecessor-version":[{"id":3110,"href":"https:\/\/www.hoasen.edu.vn\/so-tay-sinh-vien\/wp-json\/wp\/v2\/pages\/153\/revisions\/3110"}],"wp:attachment":[{"href":"https:\/\/www.hoasen.edu.vn\/so-tay-sinh-vien\/wp-json\/wp\/v2\/media?parent=153"}],"curies":[{"name":"wp","href":"https:\/\/api.w.org\/{rel}","templated":true}]}}